{"id":25676,"date":"2020-06-29T16:06:06","date_gmt":"2020-06-29T14:06:06","guid":{"rendered":"https:\/\/www.polypoles.com\/produit\/proteccion-contra-la-lluvia-para-chimeneas\/"},"modified":"2026-02-02T19:11:22","modified_gmt":"2026-02-02T18:11:22","slug":"proteccion-contra-la-lluvia-para-chimeneas","status":"publish","type":"product","link":"https:\/\/www.polypoles.com\/es\/produit\/proteccion-contra-la-lluvia-para-chimeneas\/","title":{"rendered":"Protecci\u00f3n contra la lluvia para chimeneas"},"content":{"rendered":"<p>Tap\u00f3n de acero inoxidable para conductos de 140 a 200 mm de di\u00e1metro Di\u00e1metro: 400 mm Suministrado con collar\u00edn de fijaci\u00f3n<\/p>\n","protected":false},"excerpt":{"rendered":"<p>Tap\u00f3n de acero inoxidable para conductos de 140 a 200 mm de di\u00e1metro Di\u00e1metro: 400 mm Suministrado con collar\u00edn de fijaci\u00f3n<\/p>\n","protected":false},"featured_media":25677,"template":"","meta":{"_acf_changed":false},"product_brand":[],"product_cat":[220],"product_tag":[],"class_list":{"0":"post-25676","1":"product","2":"type-product","3":"status-publish","4":"has-post-thumbnail","6":"product_cat-chimenea-de-acero-inoxidable","8":"first","9":"instock","10":"taxable","11":"shipping-taxable","12":"purchasable","13":"product-type-simple"},"acf":[],"yoast_head":"<!-- This site is optimized with the Yoast SEO plugin v24.9 - https:\/\/yoast.com\/wordpress\/plugins\/seo\/ -->\n<title>Protecci\u00f3n contra la lluvia para chimeneas - Polypoles<\/title>\n<meta name=\"robots\" content=\"index, follow, max-snippet:-1, max-image-preview:large, max-video-preview:-1\" \/>\n<link rel=\"canonical\" href=\"https:\/\/www.polypoles.com\/es\/produit\/proteccion-contra-la-lluvia-para-chimeneas\/\" \/>\n<meta property=\"og:locale\" content=\"es_ES\" \/>\n<meta property=\"og:type\" content=\"article\" \/>\n<meta property=\"og:title\" content=\"Protecci\u00f3n contra la lluvia para chimeneas - Polypoles\" \/>\n<meta property=\"og:description\" content=\"Tap\u00f3n de acero inoxidable para conductos de 140 a 200 mm de di\u00e1metro Di\u00e1metro: 400 mm Suministrado con collar\u00edn de fijaci\u00f3n\" \/>\n<meta property=\"og:url\" content=\"https:\/\/www.polypoles.com\/es\/produit\/proteccion-contra-la-lluvia-para-chimeneas\/\" \/>\n<meta property=\"og:site_name\" content=\"Polypoles\" \/>\n<meta property=\"article:modified_time\" content=\"2026-02-02T18:11:22+00:00\" \/>\n<meta property=\"og:image\" content=\"https:\/\/www.polypoles.com\/wp-content\/uploads\/2020\/06\/Chapeau-cheminee-site.jpg\" \/>\n\t<meta property=\"og:image:width\" content=\"300\" \/>\n\t<meta property=\"og:image:height\" content=\"300\" \/>\n\t<meta property=\"og:image:type\" content=\"image\/jpeg\" \/>\n<meta name=\"twitter:card\" content=\"summary_large_image\" \/>\n<script type=\"application\/ld+json\" class=\"yoast-schema-graph\">{\"@context\":\"https:\/\/schema.org\",\"@graph\":[{\"@type\":\"WebPage\",\"@id\":\"https:\/\/www.polypoles.com\/es\/produit\/proteccion-contra-la-lluvia-para-chimeneas\/\",\"url\":\"https:\/\/www.polypoles.com\/es\/produit\/proteccion-contra-la-lluvia-para-chimeneas\/\",\"name\":\"Protecci\u00f3n contra la lluvia para chimeneas - Polypoles\",\"isPartOf\":{\"@id\":\"https:\/\/www.polypoles.com\/es\/#website\"},\"primaryImageOfPage\":{\"@id\":\"https:\/\/www.polypoles.com\/es\/produit\/proteccion-contra-la-lluvia-para-chimeneas\/#primaryimage\"},\"image\":{\"@id\":\"https:\/\/www.polypoles.com\/es\/produit\/proteccion-contra-la-lluvia-para-chimeneas\/#primaryimage\"},\"thumbnailUrl\":\"https:\/\/www.polypoles.com\/wp-content\/uploads\/2020\/06\/Chapeau-cheminee-site.jpg\",\"datePublished\":\"2020-06-29T14:06:06+00:00\",\"dateModified\":\"2026-02-02T18:11:22+00:00\",\"breadcrumb\":{\"@id\":\"https:\/\/www.polypoles.com\/es\/produit\/proteccion-contra-la-lluvia-para-chimeneas\/#breadcrumb\"},\"inLanguage\":\"es\",\"potentialAction\":[{\"@type\":\"ReadAction\",\"target\":[\"https:\/\/www.polypoles.com\/es\/produit\/proteccion-contra-la-lluvia-para-chimeneas\/\"]}]},{\"@type\":\"ImageObject\",\"inLanguage\":\"es\",\"@id\":\"https:\/\/www.polypoles.com\/es\/produit\/proteccion-contra-la-lluvia-para-chimeneas\/#primaryimage\",\"url\":\"https:\/\/www.polypoles.com\/wp-content\/uploads\/2020\/06\/Chapeau-cheminee-site.jpg\",\"contentUrl\":\"https:\/\/www.polypoles.com\/wp-content\/uploads\/2020\/06\/Chapeau-cheminee-site.jpg\",\"width\":300,\"height\":300},{\"@type\":\"BreadcrumbList\",\"@id\":\"https:\/\/www.polypoles.com\/es\/produit\/proteccion-contra-la-lluvia-para-chimeneas\/#breadcrumb\",\"itemListElement\":[{\"@type\":\"ListItem\",\"position\":1,\"name\":\"Home\",\"item\":\"https:\/\/www.polypoles.com\/es\/\"},{\"@type\":\"ListItem\",\"position\":2,\"name\":\"Shop\",\"item\":\"https:\/\/www.polypoles.com\/es\/shop\/\"},{\"@type\":\"ListItem\",\"position\":3,\"name\":\"Protecci\u00f3n contra la lluvia para chimeneas\"}]},{\"@type\":\"WebSite\",\"@id\":\"https:\/\/www.polypoles.com\/es\/#website\",\"url\":\"https:\/\/www.polypoles.com\/es\/\",\"name\":\"Polypoles\",\"description\":\"Votre partenaire chaud-froid\",\"publisher\":{\"@id\":\"https:\/\/www.polypoles.com\/es\/#organization\"},\"potentialAction\":[{\"@type\":\"SearchAction\",\"target\":{\"@type\":\"EntryPoint\",\"urlTemplate\":\"https:\/\/www.polypoles.com\/es\/?s={search_term_string}\"},\"query-input\":{\"@type\":\"PropertyValueSpecification\",\"valueRequired\":true,\"valueName\":\"search_term_string\"}}],\"inLanguage\":\"es\"},{\"@type\":\"Organization\",\"@id\":\"https:\/\/www.polypoles.com\/es\/#organization\",\"name\":\"Polypoles\",\"url\":\"https:\/\/www.polypoles.com\/es\/\",\"logo\":{\"@type\":\"ImageObject\",\"inLanguage\":\"es\",\"@id\":\"https:\/\/www.polypoles.com\/es\/#\/schema\/logo\/image\/\",\"url\":\"https:\/\/www.polypoles.com\/wp-content\/uploads\/2024\/06\/base-25-cm-300-DPI-scaled.jpg\",\"contentUrl\":\"https:\/\/www.polypoles.com\/wp-content\/uploads\/2024\/06\/base-25-cm-300-DPI-scaled.jpg\",\"width\":2560,\"height\":497,\"caption\":\"Polypoles\"},\"image\":{\"@id\":\"https:\/\/www.polypoles.com\/es\/#\/schema\/logo\/image\/\"}}]}<\/script>\n<!-- \/ Yoast SEO plugin. -->","yoast_head_json":{"title":"Protecci\u00f3n contra la lluvia para chimeneas - Polypoles","robots":{"index":"index","follow":"follow","max-snippet":"max-snippet:-1","max-image-preview":"max-image-preview:large","max-video-preview":"max-video-preview:-1"},"canonical":"https:\/\/www.polypoles.com\/es\/produit\/proteccion-contra-la-lluvia-para-chimeneas\/","og_locale":"es_ES","og_type":"article","og_title":"Protecci\u00f3n contra la lluvia para chimeneas - Polypoles","og_description":"Tap\u00f3n de acero inoxidable para conductos de 140 a 200 mm de di\u00e1metro Di\u00e1metro: 400 mm Suministrado con collar\u00edn de fijaci\u00f3n","og_url":"https:\/\/www.polypoles.com\/es\/produit\/proteccion-contra-la-lluvia-para-chimeneas\/","og_site_name":"Polypoles","article_modified_time":"2026-02-02T18:11:22+00:00","og_image":[{"width":300,"height":300,"url":"https:\/\/www.polypoles.com\/wp-content\/uploads\/2020\/06\/Chapeau-cheminee-site.jpg","type":"image\/jpeg"}],"twitter_card":"summary_large_image","schema":{"@context":"https:\/\/schema.org","@graph":[{"@type":"WebPage","@id":"https:\/\/www.polypoles.com\/es\/produit\/proteccion-contra-la-lluvia-para-chimeneas\/","url":"https:\/\/www.polypoles.com\/es\/produit\/proteccion-contra-la-lluvia-para-chimeneas\/","name":"Protecci\u00f3n contra la lluvia para chimeneas - Polypoles","isPartOf":{"@id":"https:\/\/www.polypoles.com\/es\/#website"},"primaryImageOfPage":{"@id":"https:\/\/www.polypoles.com\/es\/produit\/proteccion-contra-la-lluvia-para-chimeneas\/#primaryimage"},"image":{"@id":"https:\/\/www.polypoles.com\/es\/produit\/proteccion-contra-la-lluvia-para-chimeneas\/#primaryimage"},"thumbnailUrl":"https:\/\/www.polypoles.com\/wp-content\/uploads\/2020\/06\/Chapeau-cheminee-site.jpg","datePublished":"2020-06-29T14:06:06+00:00","dateModified":"2026-02-02T18:11:22+00:00","breadcrumb":{"@id":"https:\/\/www.polypoles.com\/es\/produit\/proteccion-contra-la-lluvia-para-chimeneas\/#breadcrumb"},"inLanguage":"es","potentialAction":[{"@type":"ReadAction","target":["https:\/\/www.polypoles.com\/es\/produit\/proteccion-contra-la-lluvia-para-chimeneas\/"]}]},{"@type":"ImageObject","inLanguage":"es","@id":"https:\/\/www.polypoles.com\/es\/produit\/proteccion-contra-la-lluvia-para-chimeneas\/#primaryimage","url":"https:\/\/www.polypoles.com\/wp-content\/uploads\/2020\/06\/Chapeau-cheminee-site.jpg","contentUrl":"https:\/\/www.polypoles.com\/wp-content\/uploads\/2020\/06\/Chapeau-cheminee-site.jpg","width":300,"height":300},{"@type":"BreadcrumbList","@id":"https:\/\/www.polypoles.com\/es\/produit\/proteccion-contra-la-lluvia-para-chimeneas\/#breadcrumb","itemListElement":[{"@type":"ListItem","position":1,"name":"Home","item":"https:\/\/www.polypoles.com\/es\/"},{"@type":"ListItem","position":2,"name":"Shop","item":"https:\/\/www.polypoles.com\/es\/shop\/"},{"@type":"ListItem","position":3,"name":"Protecci\u00f3n contra la lluvia para chimeneas"}]},{"@type":"WebSite","@id":"https:\/\/www.polypoles.com\/es\/#website","url":"https:\/\/www.polypoles.com\/es\/","name":"Polypoles","description":"Votre partenaire chaud-froid","publisher":{"@id":"https:\/\/www.polypoles.com\/es\/#organization"},"potentialAction":[{"@type":"SearchAction","target":{"@type":"EntryPoint","urlTemplate":"https:\/\/www.polypoles.com\/es\/?s={search_term_string}"},"query-input":{"@type":"PropertyValueSpecification","valueRequired":true,"valueName":"search_term_string"}}],"inLanguage":"es"},{"@type":"Organization","@id":"https:\/\/www.polypoles.com\/es\/#organization","name":"Polypoles","url":"https:\/\/www.polypoles.com\/es\/","logo":{"@type":"ImageObject","inLanguage":"es","@id":"https:\/\/www.polypoles.com\/es\/#\/schema\/logo\/image\/","url":"https:\/\/www.polypoles.com\/wp-content\/uploads\/2024\/06\/base-25-cm-300-DPI-scaled.jpg","contentUrl":"https:\/\/www.polypoles.com\/wp-content\/uploads\/2024\/06\/base-25-cm-300-DPI-scaled.jpg","width":2560,"height":497,"caption":"Polypoles"},"image":{"@id":"https:\/\/www.polypoles.com\/es\/#\/schema\/logo\/image\/"}}]}},"_links":{"self":[{"href":"https:\/\/www.polypoles.com\/es\/wp-json\/wp\/v2\/product\/25676","targetHints":{"allow":["GET"]}}],"collection":[{"href":"https:\/\/www.polypoles.com\/es\/wp-json\/wp\/v2\/product"}],"about":[{"href":"https:\/\/www.polypoles.com\/es\/wp-json\/wp\/v2\/types\/product"}],"wp:featuredmedia":[{"embeddable":true,"href":"https:\/\/www.polypoles.com\/es\/wp-json\/wp\/v2\/media\/25677"}],"wp:attachment":[{"href":"https:\/\/www.polypoles.com\/es\/wp-json\/wp\/v2\/media?parent=25676"}],"wp:term":[{"taxonomy":"product_brand","embeddable":true,"href":"https:\/\/www.polypoles.com\/es\/wp-json\/wp\/v2\/product_brand?post=25676"},{"taxonomy":"product_cat","embeddable":true,"href":"https:\/\/www.polypoles.com\/es\/wp-json\/wp\/v2\/product_cat?post=25676"},{"taxonomy":"product_tag","embeddable":true,"href":"https:\/\/www.polypoles.com\/es\/wp-json\/wp\/v2\/product_tag?post=25676"}],"curies":[{"name":"wp","href":"https:\/\/api.w.org\/{rel}","templated":true}]}}