{"id":25570,"date":"2022-09-01T17:13:07","date_gmt":"2022-09-01T15:13:07","guid":{"rendered":"https:\/\/www.polypoles.com\/produit\/calefaccion-dalessandro\/"},"modified":"2024-11-19T17:17:15","modified_gmt":"2024-11-19T16:17:15","slug":"calefaccion-dalessandro","status":"publish","type":"product","link":"https:\/\/www.polypoles.com\/es\/produit\/calefaccion-dalessandro\/","title":{"rendered":"Calefacci\u00f3n D&#8217;alessandro"},"content":{"rendered":"<div class=\"wpb-content-wrapper\"><p>[vc_row][vc_column width=\u00bb1\/3&#8243;][vc_gallery type=\u00bbflexslider_slide\u00bb interval=\u00bb0&#8243; images=\u00bb15863,15878,16013,16014&#8243; img_size=\u00bblarge\u00bb][\/vc_column][vc_column width=\u00bb2\/3&#8243;][vc_row_inner][vc_column_inner width=\u00bb1\/3&#8243;][vc_column_text]<\/p>\n<ul>\n<li>Disponible para la venta<\/li>\n<\/ul>\n<p>[\/vc_column_text][\/vc_column_inner][vc_column_inner width=\u00bb1\/3&#8243;][vc_btn title=\u00bb0 810 020 851&#8243; color=\u00bbjuicy-pink\u00bb size=\u00bblg\u00bb align=\u00bbleft\u00bb i_icon_fontawesome=\u00bbfa fa-phone\u00bb css_animation=\u00bbfadeIn\u00bb add_icon=\u00bbtrue\u00bb link=\u00bburl:tel%3A%2033810020851|rel:nofollow|\u00bb el_class=\u00bbappel\u00bb][\/vc_column_inner][vc_column_inner width=\u00bb1\/3&#8243;][vc_btn title=\u00bbCita\u00bb color=\u00bbprimary\u00bb size=\u00bblg\u00bb align=\u00bbleft\u00bb i_icon_fontawesome=\u00bbfa fa-envelope-o\u00bb css_animation=\u00bbfadeIn\u00bb add_icon=\u00bbtrue\u00bb link=\u00bburl:%23form-devis|rel:nofollow|\u00bb el_class=\u00bbdevis\u00bb][\/vc_column_inner][\/vc_row_inner][\/vc_column][\/vc_row][vc_row][vc_column][vc_column_text]<\/p>\n<h2><span class=\"sw\">M\u00e1s informaci\u00f3n sobre D&#8217;Alessandro<\/span><\/h2>\n<p><span class=\"sw\">D&#8217;Alessandro Termomeccanica<\/span> es una empresa italiana <span class=\"sw\">fundada<\/span> <span class=\"sw\">en<\/span> <span class=\"sw\">1980<\/span> y especializada en   <span class=\"sw\">en<\/span> <span class=\"sw\">el<\/span> <span class=\"sw\">fabricaci\u00f3n<\/span> <span class=\"sw\">de<\/span>  <span class=\"sw\">calefacci\u00f3n<\/span> <span class=\"sw\">\u00e0<\/span> <span class=\"sw\">biomasa.<\/span> <span class=\"sw\">La<\/span> <span class=\"sw\">marca<\/span> <span class=\"sw\">configurando<\/span> <span class=\"sw\">en<\/span> <span class=\"sw\">el<\/span> <span class=\"sw\">investigaci\u00f3n<\/span> <span class=\"sw\">de<\/span> <span class=\"sw\">dise\u00f1o<\/span> <span class=\"sw\">y<\/span> <span class=\"sw\">de<\/span> <span class=\"sw\">tecnolog\u00eda<\/span> <span class=\"sw\">para<\/span> <span class=\"sw\">sugiere<\/span> <span class=\"sw\">de<\/span> <span class=\"sw\">soluciones<\/span> <span class=\"sw\">de<\/span> <span class=\"sw\">calefacci\u00f3n<\/span> <span class=\"sw\">alternativas.<\/span><\/p>\n<p><span class=\"sw\">D&#8217;Alessandro<\/span> <span class=\"sw\">Termomeccanica<\/span> <span class=\"sw\">propone<\/span> <span class=\"sw\">a<\/span> <span class=\"sw\">gama<\/span> <span class=\"sw\">de<\/span> <span class=\"sw\">soluciones<\/span> <span class=\"sw\">de<\/span> <span class=\"sw\">calefacci\u00f3n<\/span> <span class=\"sw\">para<\/span> <span class=\"sw\">el<\/span> <span class=\"sw\">sectores<\/span> <span class=\"sw\">residencial,<\/span> <span class=\"sw\">agr\u00edcola<\/span> <span class=\"sw\">y<\/span> <span class=\"sw\">de<\/span> <span class=\"sw\">cr\u00eda.<\/span> <span class=\"sw\">Visita<\/span> <span class=\"sw\">2010,<\/span> <span class=\"sw\">la empresa<\/span> <span class=\"sw\">a<\/span> <span class=\"sw\">decidido<\/span> <span class=\"sw\">para entrar<\/span> <span class=\"sw\">en<\/span> <span class=\"sw\">el<\/span> <span class=\"sw\">sector<\/span> <span class=\"sw\">industrial<\/span> <span class=\"sw\">con<\/span> <span class=\"sw\">el<\/span> <span class=\"sw\">producci\u00f3n<\/span> <span class=\"sw\">de<\/span> <span class=\"sw\">calderas<\/span> <span class=\"sw\">\u00e0<\/span> <span class=\"sw\">vapor,<\/span> <span class=\"sw\">de<\/span> <span class=\"sw\">calderas<\/span> <span class=\"sw\">\u00e0<\/span> <span class=\"sw\">agua<\/span> <span class=\"sw\">c\u00e1lido<\/span> <span class=\"sw\">y<\/span> <span class=\"sw\">de<\/span> <span class=\"sw\">calderas<\/span> <span class=\"sw\">\u00e0<\/span> <span class=\"sw\">aceite.<\/span><\/p>\n<p><span class=\"sw\">D&#8217;Alessandro<\/span> <span class=\"sw\">Termomeccanica<\/span> <span class=\"sw\">fabrica<\/span> <span class=\"sw\">generadores de<\/span> aire caliente  <span class=\"sw\">biomasa<\/span> <span class=\"sw\">desde<\/span> <span class=\"sw\">1980,<\/span> <span class=\"sw\">en<\/span> <span class=\"sw\">concediendo<\/span> <span class=\"sw\">a<\/span> <span class=\"sw\">atenci\u00f3n<\/span> <span class=\"sw\">especial<\/span> <span class=\"sw\">\u00e0<\/span> <span class=\"sw\">el<\/span> <span class=\"sw\">dise\u00f1o<\/span> <span class=\"sw\">y<\/span> <span class=\"sw\">\u00e0<\/span> <span class=\"sw\">el<\/span> <span class=\"sw\">investigaci\u00f3n<\/span> <span class=\"sw\">t\u00e9cnica<\/span> <span class=\"sw\">de<\/span> <span class=\"sw\">sistemas<\/span> <span class=\"sw\">de<\/span> <span class=\"sw\">calefacci\u00f3n<\/span> <span class=\"sw\">alternativas.<\/span> <span class=\"sw\">Le<\/span> <span class=\"sw\">top<\/span> <span class=\"sw\">nivel<\/span> <span class=\"sw\">de<\/span> <span class=\"sw\">calidad<\/span> <span class=\"sw\">de<\/span> <span class=\"sw\">su<\/span> <span class=\"sw\">productos<\/span> <span class=\"sw\">y<\/span> <span class=\"sw\">procesa<\/span> <span class=\"sw\">de<\/span> <span class=\"sw\">fabricaci\u00f3n<\/span> <span class=\"sw\">es<\/span> <span class=\"sw\">certificado<\/span> <span class=\"sw\">seg\u00fan<\/span> <span class=\"sw\">el<\/span> <span class=\"sw\">est\u00e1ndar<\/span> <span class=\"sw\">UNI<\/span> <span class=\"sw\">EN<\/span> <span class=\"sw\">ISO<\/span> <span class=\"sw\">9001:2008<\/span> <span class=\"sw\">y<\/span> <span class=\"sw\">el<\/span> <span class=\"sw\">normas<\/span> <span class=\"sw\">Europea<\/span> <span class=\"sw\">EN<\/span> <span class=\"sw\">303-5:2004<\/span> <span class=\"sw\">(Clase<\/span> <span class=\"sw\">3)<\/span> <span class=\"sw\">y<\/span> <span class=\"sw\">EN<\/span> <span class=\"sw\">303-5:2012<\/span> <span class=\"sw\">(Clase<\/span> <span class=\"sw\">5).<\/span><\/p>\n<p><span class=\"sw\">La<\/span> <span class=\"sw\">gama<\/span> <span class=\"sw\">de<\/span> <span class=\"sw\">productos<\/span> <span class=\"sw\">D&#8217;Alessandro<\/span> <span class=\"sw\">es<\/span> <span class=\"sw\">usado<\/span> <span class=\"sw\">en<\/span> <span class=\"sw\">varios<\/span> <span class=\"sw\">zonas<\/span> <span class=\"sw\">como<\/span> <span class=\"sw\">que<\/span> <span class=\"sw\">:<\/span> <span class=\"sw\">el<\/span> <span class=\"sw\">calefacci\u00f3n<\/span> <span class=\"sw\">residencial,<\/span> <span class=\"sw\">agr\u00edcola<\/span> <span class=\"sw\">y<\/span> <span class=\"sw\">cr\u00eda,<\/span> <span class=\"sw\">el<\/span> <span class=\"sw\">sistemas<\/span> <span class=\"sw\">de<\/span> <span class=\"sw\">calefacci\u00f3n<\/span> <span class=\"sw\">fabricantes<\/span> <span class=\"sw\">y<\/span> <span class=\"sw\">urbano.<\/span> <span class=\"sw\">En<\/span> <span class=\"sw\">generadores<\/span> <span class=\"sw\">de<\/span> <span class=\"sw\">calor producido por la marca<\/span> <span class=\"sw\">son<\/span> <span class=\"sw\">dise\u00f1ado<\/span> <span class=\"sw\">para<\/span> <span class=\"sw\">opera<\/span> <span class=\"sw\">con<\/span> <span class=\"sw\">de<\/span> <span class=\"sw\">combustibles<\/span> <span class=\"sw\">s\u00f3lido,<\/span> <span class=\"sw\">en<\/span> <span class=\"sw\">individual<\/span>  d<span class=\"sw\">es<\/span> <span class=\"sw\">gr\u00e1nulos<\/span> <span class=\"sw\">de<\/span> <span class=\"sw\">de<\/span> <span class=\"sw\">tratamiento<\/span> <span class=\"sw\">de<\/span> <span class=\"sw\">residuos<\/span> <span class=\"sw\">agr\u00edcola<\/span> <span class=\"sw\">y<\/span> <span class=\"sw\">forestales,<\/span> <span class=\"sw\">que<\/span> <span class=\"sw\">son<\/span> <span class=\"sw\">excelente<\/span> <span class=\"sw\">recursos<\/span> <span class=\"sw\">para<\/span> <span class=\"sw\">el<\/span> <span class=\"sw\">protecci\u00f3n<\/span> <span class=\"sw\">de<\/span> <span class=\"sw\">el hombre<\/span> <span class=\"sw\">y<\/span> <span class=\"sw\">de<\/span> <span class=\"sw\">el<\/span> <span class=\"sw\">planeta.<\/span>[\/vc_column_text][vc_tta_tabs style=\u00bbflat\u00bb shape=\u00bbsquare\u00bb color=\u00bbwhite\u00bb spacing=\u00bb\u00bb active_section=\u00bb1&#8243; css_animation=\u00bbnone\u00bb css=\u00bb.vc_custom_1592390240450{background-color: #ffffff !important;}\u00bb el_class=\u00bbproduit\u00bb][vc_tta_section title=\u00bbDescripci\u00f3n\u00bb tab_id=\u00bb1592229495260-7cf1f6d6-7221&#8243; el_class=\u00bbdescription\u00bb][vc_column_text css=\u00bb.vc_custom_1657893204835{background-color: #ffffff !important;}\u00bb]<\/p>\n<h2>Especificaciones t\u00e9cnicas<\/h2>\n<p>Sistema de transporte por sinf\u00edn de acero Combustibles de biomasa Dispositivo de seguridad de apertura de puertas Paneles de acero: Pintura epoxi Sensor de nivel de combustible Accesorio de limpieza suministrado: Cepillo de cerdas para limpiar el haz de tubos GSM Accesorios opcionales: Kit CS (Extractor autom\u00e1tico de cenizas, Electrov\u00e1lvula de seguridad contra incendios) Pantalla de control y programaci\u00f3n Opci\u00f3n: Turbuladores de gases de combusti\u00f3n Opci\u00f3n: GTC (gesti\u00f3n t\u00e9cnica centralizada: m\u00f3vil, tableta, ordenador)[\/vc_column_text][\/vc_tta_section][vc_tta_section title=\u00bbDocumentaci\u00f3n\u00bb tab_id=\u00bb1592229495260-4aea70c2-ff26&#8243; el_class=\u00bbdocumentation\u00bb][vc_column_text]<a href=\"https:\/\/www.polypoles.com\/wp-content\/uploads\/2022\/07\/Chaudie%CC%80re-eau-chaude-Mode%CC%80le-CS1300-4100.pdf\">Folleto Caldera de agua caliente &#8211; Modelo CS1300-4100<\/a><\/p>\n<p><a href=\"https:\/\/www.polypoles.com\/wp-content\/uploads\/2022\/07\/Chaudie%CC%80re-eau-chaude-Mode%CC%80le-CS130-950.pdf\">Folleto Caldera de agua caliente &#8211; Modelo CS130-950<\/a><\/p>\n<p><a href=\"https:\/\/www.polypoles.com\/wp-content\/uploads\/2022\/07\/Chaudie%CC%80re-eau-chaude-Mode%CC%80le-CS30-100.pdf\">Documentaci\u00f3n Caldera de agua caliente &#8211; Modelo CS30-100<\/a>[\/vc_column_text][\/vc_tta_section][vc_tta_section title=\u00bbCita\u00bb tab_id=\u00bbform-devis\u00bb el_class=\u00bbdocumentation\u00bb]\n<div class=\"wpcf7 no-js\" id=\"wpcf7-f24311-o1\" lang=\"es-ES\" dir=\"ltr\" data-wpcf7-id=\"24311\">\n<div class=\"screen-reader-response\"><p role=\"status\" aria-live=\"polite\" aria-atomic=\"true\"><\/p> <ul><\/ul><\/div>\n<form action=\"\/es\/wp-json\/wp\/v2\/product\/25570#wpcf7-f24311-o1\" method=\"post\" class=\"wpcf7-form init\" aria-label=\"Formulario de contacto\" novalidate=\"novalidate\" data-status=\"init\">\n<div style=\"display: none;\">\n<input type=\"hidden\" name=\"_wpcf7\" value=\"24311\" \/>\n<input type=\"hidden\" name=\"_wpcf7_version\" value=\"6.0.6\" \/>\n<input type=\"hidden\" name=\"_wpcf7_locale\" value=\"es_ES\" \/>\n<input type=\"hidden\" name=\"_wpcf7_unit_tag\" value=\"wpcf7-f24311-o1\" \/>\n<input type=\"hidden\" name=\"_wpcf7_container_post\" value=\"0\" \/>\n<input type=\"hidden\" name=\"_wpcf7_posted_data_hash\" value=\"\" \/>\n<input type=\"hidden\" name=\"_wpcf7_recaptcha_response\" value=\"\" \/>\n<\/div>\n<p><i>Todos los campos son obligatorios.<\/i>\n<\/p>\n<div class=\"row\">\n\t<div class=\"col-sm-5\">\n\t\t<p><label> Tu nombre<br \/>\n<span class=\"wpcf7-form-control-wrap\" data-name=\"Votrenom\"><input size=\"40\" maxlength=\"400\" class=\"wpcf7-form-control wpcf7-text wpcf7-validates-as-required\" aria-required=\"true\" aria-invalid=\"false\" value=\"\" type=\"text\" name=\"Votrenom\" \/><\/span><\/label>\n\t\t<\/p>\n\t<\/div>\n\t<div class=\"col-sm-5\">\n\t\t<p><label> Tu empresa<br \/>\n<span class=\"wpcf7-form-control-wrap\" data-name=\"societe\"><input size=\"40\" maxlength=\"400\" class=\"wpcf7-form-control wpcf7-text wpcf7-validates-as-required\" aria-required=\"true\" aria-invalid=\"false\" value=\"\" type=\"text\" name=\"societe\" \/><\/span> <\/label>\n\t\t<\/p>\n\t<\/div>\n\t<div class=\"col-sm-5\">\n\t\t<p><label> Tu e-mail<br \/>\n<span class=\"wpcf7-form-control-wrap\" data-name=\"your-email\"><input size=\"40\" maxlength=\"400\" class=\"wpcf7-form-control wpcf7-email wpcf7-validates-as-required wpcf7-text wpcf7-validates-as-email\" aria-required=\"true\" aria-invalid=\"false\" value=\"\" type=\"email\" name=\"your-email\" \/><\/span> <\/label>\n\t\t<\/p>\n\t<\/div>\n\t<div class=\"col-sm-5\">\n\t\t<p><label> Tu n\u00famero de tel\u00e9fono<br \/>\n<span class=\"wpcf7-form-control-wrap\" data-name=\"phone\"><input size=\"40\" maxlength=\"400\" class=\"wpcf7-form-control wpcf7-tel wpcf7-validates-as-required wpcf7-text wpcf7-validates-as-tel\" aria-required=\"true\" aria-invalid=\"false\" value=\"\" type=\"tel\" name=\"phone\" \/><\/span> <\/label>\n\t\t<\/p>\n\t<\/div>\n\t<div class=\"col-sm-5\">\n\t\t<p><label><br \/>\n<span class=\"wpcf7-form-control-wrap\" data-name=\"typologie\"><select class=\"wpcf7-form-control wpcf7-select wpcf7-validates-as-required\" aria-required=\"true\" aria-invalid=\"false\" name=\"typologie\"><option value=\"Tu solicitud se refiere al alquiler o a la venta\">Tu solicitud se refiere al alquiler o a la venta<\/option><\/select><\/span> <\/label>\n\t\t<\/p>\n\t<\/div>\n\t<div class=\"col-sm-5\">\n\t\t<p><label> Tu c\u00f3digo postal<br \/>\n<span class=\"wpcf7-form-control-wrap\" data-name=\"departement\"><input size=\"40\" maxlength=\"400\" class=\"wpcf7-form-control wpcf7-text wpcf7-validates-as-required\" aria-required=\"true\" aria-invalid=\"false\" value=\"\" type=\"text\" name=\"departement\" \/><\/span><\/label>\n\t\t<\/p>\n\t<\/div>\n\t<div class=\"col-sm-12\">\n\t\t<p><label> Tu mensaje<br \/>\n<span class=\"wpcf7-form-control-wrap\" data-name=\"your-message\"><textarea cols=\"40\" rows=\"10\" maxlength=\"2000\" class=\"wpcf7-form-control wpcf7-textarea wpcf7-validates-as-required\" aria-required=\"true\" aria-invalid=\"false\" name=\"your-message\"><\/textarea><\/span> <\/label>\n\t\t<\/p>\n\t<\/div>\n\t<p><span class=\"wpcf7-form-control-wrap\" data-name=\"RGPD\"><span class=\"wpcf7-form-control wpcf7-checkbox wpcf7-validates-as-required\"><span class=\"wpcf7-list-item first last\"><label><input type=\"checkbox\" name=\"RGPD[]\" value=\"Acepto que los datos introducidos en este formulario sean utilizados por Polypoles para tramitar mi solicitud.\" \/><span class=\"wpcf7-list-item-label\">Acepto que los datos introducidos en este formulario sean utilizados por Polypoles para tramitar mi solicitud.<\/span><\/label><\/span><\/span><\/span>\n\t<\/p>\n\t<div class=\"form-button col-sm-12\">\n\t\t<div class=\"form-button col-sm-12\">\n\t\t\t<p class=\"submit-btn\"><input class=\"wpcf7-form-control wpcf7-submit has-spinner\" type=\"submit\" value=\"Confirma\" \/><i class=\"fa flaticon-right-arrow\"><\/i>\n\t\t\t<\/p>\n\t\t<\/div>\n\t<\/div>\n<\/div><input type='hidden' class='wpcf7-pum' value='{\"closepopup\":false,\"closedelay\":0,\"openpopup\":false,\"openpopup_id\":0}' \/><div class=\"wpcf7-response-output\" aria-hidden=\"true\"><\/div>\n<\/form>\n<\/div>\n[\/vc_tta_section][\/vc_tta_tabs][\/vc_column][\/vc_row]<\/p>\n<\/div>","protected":false},"excerpt":{"rendered":"<p>Granulado = CS Chips = CSA<\/p>\n","protected":false},"featured_media":24480,"template":"","meta":{"_acf_changed":false},"product_brand":[],"product_cat":[254,223],"product_tag":[],"class_list":{"0":"post-25570","1":"product","2":"type-product","3":"status-publish","4":"has-post-thumbnail","6":"product_cat-caldera-de-lena","7":"product_cat-calefaccion","9":"first","10":"instock","11":"taxable","12":"shipping-taxable","13":"product-type-simple"},"acf":[],"yoast_head":"<!-- This site is optimized with the Yoast SEO plugin v24.9 - https:\/\/yoast.com\/wordpress\/plugins\/seo\/ -->\n<title>Calefacci\u00f3n D&#039;alessandro - Polypoles<\/title>\n<meta name=\"description\" content=\"La caldera allessandro es econ\u00f3mica y ecol\u00f3gica | Caldera de biomasa de 20 kW a 5000 kW | Presupuesto personalizado gratuito | Contacta con nosotros\" \/>\n<meta name=\"robots\" content=\"index, follow, max-snippet:-1, max-image-preview:large, max-video-preview:-1\" \/>\n<link rel=\"canonical\" href=\"https:\/\/www.polypoles.com\/es\/produit\/calefaccion-dalessandro\/\" \/>\n<meta property=\"og:locale\" content=\"es_ES\" \/>\n<meta property=\"og:type\" content=\"article\" \/>\n<meta property=\"og:title\" content=\"Calefacci\u00f3n D&#039;alessandro - Polypoles\" \/>\n<meta property=\"og:description\" content=\"La caldera allessandro es econ\u00f3mica y ecol\u00f3gica | Caldera de biomasa de 20 kW a 5000 kW | Presupuesto personalizado gratuito | Contacta con nosotros\" \/>\n<meta property=\"og:url\" content=\"https:\/\/www.polypoles.com\/es\/produit\/calefaccion-dalessandro\/\" \/>\n<meta property=\"og:site_name\" content=\"Polypoles\" \/>\n<meta property=\"article:modified_time\" content=\"2024-11-19T16:17:15+00:00\" \/>\n<meta property=\"og:image\" content=\"https:\/\/www.polypoles.com\/wp-content\/uploads\/2022\/07\/CS.jpg\" \/>\n\t<meta property=\"og:image:width\" content=\"499\" \/>\n\t<meta property=\"og:image:height\" content=\"471\" \/>\n\t<meta property=\"og:image:type\" content=\"image\/jpeg\" \/>\n<meta name=\"twitter:card\" content=\"summary_large_image\" \/>\n<meta name=\"twitter:label1\" content=\"Tiempo de lectura\" \/>\n\t<meta name=\"twitter:data1\" content=\"3 minutos\" \/>\n<script type=\"application\/ld+json\" class=\"yoast-schema-graph\">{\"@context\":\"https:\/\/schema.org\",\"@graph\":[{\"@type\":\"WebPage\",\"@id\":\"https:\/\/www.polypoles.com\/es\/produit\/calefaccion-dalessandro\/\",\"url\":\"https:\/\/www.polypoles.com\/es\/produit\/calefaccion-dalessandro\/\",\"name\":\"Calefacci\u00f3n D'alessandro - Polypoles\",\"isPartOf\":{\"@id\":\"https:\/\/www.polypoles.com\/es\/#website\"},\"primaryImageOfPage\":{\"@id\":\"https:\/\/www.polypoles.com\/es\/produit\/calefaccion-dalessandro\/#primaryimage\"},\"image\":{\"@id\":\"https:\/\/www.polypoles.com\/es\/produit\/calefaccion-dalessandro\/#primaryimage\"},\"thumbnailUrl\":\"https:\/\/www.polypoles.com\/wp-content\/uploads\/2022\/07\/CS.jpg\",\"datePublished\":\"2022-09-01T15:13:07+00:00\",\"dateModified\":\"2024-11-19T16:17:15+00:00\",\"description\":\"La caldera allessandro es econ\u00f3mica y ecol\u00f3gica | Caldera de biomasa de 20 kW a 5000 kW | Presupuesto personalizado gratuito | Contacta con nosotros\",\"breadcrumb\":{\"@id\":\"https:\/\/www.polypoles.com\/es\/produit\/calefaccion-dalessandro\/#breadcrumb\"},\"inLanguage\":\"es\",\"potentialAction\":[{\"@type\":\"ReadAction\",\"target\":[\"https:\/\/www.polypoles.com\/es\/produit\/calefaccion-dalessandro\/\"]}]},{\"@type\":\"ImageObject\",\"inLanguage\":\"es\",\"@id\":\"https:\/\/www.polypoles.com\/es\/produit\/calefaccion-dalessandro\/#primaryimage\",\"url\":\"https:\/\/www.polypoles.com\/wp-content\/uploads\/2022\/07\/CS.jpg\",\"contentUrl\":\"https:\/\/www.polypoles.com\/wp-content\/uploads\/2022\/07\/CS.jpg\",\"width\":499,\"height\":471,\"caption\":\"Caldera de agua caliente\"},{\"@type\":\"BreadcrumbList\",\"@id\":\"https:\/\/www.polypoles.com\/es\/produit\/calefaccion-dalessandro\/#breadcrumb\",\"itemListElement\":[{\"@type\":\"ListItem\",\"position\":1,\"name\":\"Home\",\"item\":\"https:\/\/www.polypoles.com\/es\/\"},{\"@type\":\"ListItem\",\"position\":2,\"name\":\"Shop\",\"item\":\"https:\/\/www.polypoles.com\/es\/shop\/\"},{\"@type\":\"ListItem\",\"position\":3,\"name\":\"Calefacci\u00f3n D&#8217;alessandro\"}]},{\"@type\":\"WebSite\",\"@id\":\"https:\/\/www.polypoles.com\/es\/#website\",\"url\":\"https:\/\/www.polypoles.com\/es\/\",\"name\":\"Polypoles\",\"description\":\"Votre partenaire chaud-froid\",\"publisher\":{\"@id\":\"https:\/\/www.polypoles.com\/es\/#organization\"},\"potentialAction\":[{\"@type\":\"SearchAction\",\"target\":{\"@type\":\"EntryPoint\",\"urlTemplate\":\"https:\/\/www.polypoles.com\/es\/?s={search_term_string}\"},\"query-input\":{\"@type\":\"PropertyValueSpecification\",\"valueRequired\":true,\"valueName\":\"search_term_string\"}}],\"inLanguage\":\"es\"},{\"@type\":\"Organization\",\"@id\":\"https:\/\/www.polypoles.com\/es\/#organization\",\"name\":\"Polypoles\",\"url\":\"https:\/\/www.polypoles.com\/es\/\",\"logo\":{\"@type\":\"ImageObject\",\"inLanguage\":\"es\",\"@id\":\"https:\/\/www.polypoles.com\/es\/#\/schema\/logo\/image\/\",\"url\":\"https:\/\/www.polypoles.com\/wp-content\/uploads\/2024\/06\/base-25-cm-300-DPI-scaled.jpg\",\"contentUrl\":\"https:\/\/www.polypoles.com\/wp-content\/uploads\/2024\/06\/base-25-cm-300-DPI-scaled.jpg\",\"width\":2560,\"height\":497,\"caption\":\"Polypoles\"},\"image\":{\"@id\":\"https:\/\/www.polypoles.com\/es\/#\/schema\/logo\/image\/\"}}]}<\/script>\n<!-- \/ Yoast SEO plugin. -->","yoast_head_json":{"title":"Calefacci\u00f3n D'alessandro - Polypoles","description":"La caldera allessandro es econ\u00f3mica y ecol\u00f3gica | Caldera de biomasa de 20 kW a 5000 kW | Presupuesto personalizado gratuito | Contacta con nosotros","robots":{"index":"index","follow":"follow","max-snippet":"max-snippet:-1","max-image-preview":"max-image-preview:large","max-video-preview":"max-video-preview:-1"},"canonical":"https:\/\/www.polypoles.com\/es\/produit\/calefaccion-dalessandro\/","og_locale":"es_ES","og_type":"article","og_title":"Calefacci\u00f3n D'alessandro - Polypoles","og_description":"La caldera allessandro es econ\u00f3mica y ecol\u00f3gica | Caldera de biomasa de 20 kW a 5000 kW | Presupuesto personalizado gratuito | Contacta con nosotros","og_url":"https:\/\/www.polypoles.com\/es\/produit\/calefaccion-dalessandro\/","og_site_name":"Polypoles","article_modified_time":"2024-11-19T16:17:15+00:00","og_image":[{"width":499,"height":471,"url":"https:\/\/www.polypoles.com\/wp-content\/uploads\/2022\/07\/CS.jpg","type":"image\/jpeg"}],"twitter_card":"summary_large_image","twitter_misc":{"Tiempo de lectura":"3 minutos"},"schema":{"@context":"https:\/\/schema.org","@graph":[{"@type":"WebPage","@id":"https:\/\/www.polypoles.com\/es\/produit\/calefaccion-dalessandro\/","url":"https:\/\/www.polypoles.com\/es\/produit\/calefaccion-dalessandro\/","name":"Calefacci\u00f3n D'alessandro - Polypoles","isPartOf":{"@id":"https:\/\/www.polypoles.com\/es\/#website"},"primaryImageOfPage":{"@id":"https:\/\/www.polypoles.com\/es\/produit\/calefaccion-dalessandro\/#primaryimage"},"image":{"@id":"https:\/\/www.polypoles.com\/es\/produit\/calefaccion-dalessandro\/#primaryimage"},"thumbnailUrl":"https:\/\/www.polypoles.com\/wp-content\/uploads\/2022\/07\/CS.jpg","datePublished":"2022-09-01T15:13:07+00:00","dateModified":"2024-11-19T16:17:15+00:00","description":"La caldera allessandro es econ\u00f3mica y ecol\u00f3gica | Caldera de biomasa de 20 kW a 5000 kW | Presupuesto personalizado gratuito | Contacta con nosotros","breadcrumb":{"@id":"https:\/\/www.polypoles.com\/es\/produit\/calefaccion-dalessandro\/#breadcrumb"},"inLanguage":"es","potentialAction":[{"@type":"ReadAction","target":["https:\/\/www.polypoles.com\/es\/produit\/calefaccion-dalessandro\/"]}]},{"@type":"ImageObject","inLanguage":"es","@id":"https:\/\/www.polypoles.com\/es\/produit\/calefaccion-dalessandro\/#primaryimage","url":"https:\/\/www.polypoles.com\/wp-content\/uploads\/2022\/07\/CS.jpg","contentUrl":"https:\/\/www.polypoles.com\/wp-content\/uploads\/2022\/07\/CS.jpg","width":499,"height":471,"caption":"Caldera de agua caliente"},{"@type":"BreadcrumbList","@id":"https:\/\/www.polypoles.com\/es\/produit\/calefaccion-dalessandro\/#breadcrumb","itemListElement":[{"@type":"ListItem","position":1,"name":"Home","item":"https:\/\/www.polypoles.com\/es\/"},{"@type":"ListItem","position":2,"name":"Shop","item":"https:\/\/www.polypoles.com\/es\/shop\/"},{"@type":"ListItem","position":3,"name":"Calefacci\u00f3n D&#8217;alessandro"}]},{"@type":"WebSite","@id":"https:\/\/www.polypoles.com\/es\/#website","url":"https:\/\/www.polypoles.com\/es\/","name":"Polypoles","description":"Votre partenaire chaud-froid","publisher":{"@id":"https:\/\/www.polypoles.com\/es\/#organization"},"potentialAction":[{"@type":"SearchAction","target":{"@type":"EntryPoint","urlTemplate":"https:\/\/www.polypoles.com\/es\/?s={search_term_string}"},"query-input":{"@type":"PropertyValueSpecification","valueRequired":true,"valueName":"search_term_string"}}],"inLanguage":"es"},{"@type":"Organization","@id":"https:\/\/www.polypoles.com\/es\/#organization","name":"Polypoles","url":"https:\/\/www.polypoles.com\/es\/","logo":{"@type":"ImageObject","inLanguage":"es","@id":"https:\/\/www.polypoles.com\/es\/#\/schema\/logo\/image\/","url":"https:\/\/www.polypoles.com\/wp-content\/uploads\/2024\/06\/base-25-cm-300-DPI-scaled.jpg","contentUrl":"https:\/\/www.polypoles.com\/wp-content\/uploads\/2024\/06\/base-25-cm-300-DPI-scaled.jpg","width":2560,"height":497,"caption":"Polypoles"},"image":{"@id":"https:\/\/www.polypoles.com\/es\/#\/schema\/logo\/image\/"}}]}},"_links":{"self":[{"href":"https:\/\/www.polypoles.com\/es\/wp-json\/wp\/v2\/product\/25570","targetHints":{"allow":["GET"]}}],"collection":[{"href":"https:\/\/www.polypoles.com\/es\/wp-json\/wp\/v2\/product"}],"about":[{"href":"https:\/\/www.polypoles.com\/es\/wp-json\/wp\/v2\/types\/product"}],"wp:featuredmedia":[{"embeddable":true,"href":"https:\/\/www.polypoles.com\/es\/wp-json\/wp\/v2\/media\/24480"}],"wp:attachment":[{"href":"https:\/\/www.polypoles.com\/es\/wp-json\/wp\/v2\/media?parent=25570"}],"wp:term":[{"taxonomy":"product_brand","embeddable":true,"href":"https:\/\/www.polypoles.com\/es\/wp-json\/wp\/v2\/product_brand?post=25570"},{"taxonomy":"product_cat","embeddable":true,"href":"https:\/\/www.polypoles.com\/es\/wp-json\/wp\/v2\/product_cat?post=25570"},{"taxonomy":"product_tag","embeddable":true,"href":"https:\/\/www.polypoles.com\/es\/wp-json\/wp\/v2\/product_tag?post=25570"}],"curies":[{"name":"wp","href":"https:\/\/api.w.org\/{rel}","templated":true}]}}