{"id":25421,"date":"2020-06-23T12:21:40","date_gmt":"2020-06-23T10:21:40","guid":{"rendered":"https:\/\/www.polypoles.com\/produit\/termoventilador-electrico-gebn-6-6-kw\/"},"modified":"2025-04-18T16:01:09","modified_gmt":"2025-04-18T14:01:09","slug":"termoventilador-electrico-gebn-6-6-kw","status":"publish","type":"product","link":"https:\/\/www.polypoles.com\/es\/produit\/termoventilador-electrico-gebn-6-6-kw\/","title":{"rendered":"Termoventilador el\u00e9ctrico GEBN 6 (6 kW)"},"content":{"rendered":"<div class=\"wpb-content-wrapper\"><p>[vc_row][vc_column width=\u00bb1\/3&#8243;][vc_gallery type=\u00bbflexslider_slide\u00bb interval=\u00bb3&#8243; images=\u00bb9127&#8243; img_size=\u00bblarge\u00bb][\/vc_column][vc_column width=\u00bb2\/3&#8243;][vc_column_text]<\/p>\n<div id=\"conteneur\">\n<div id=\"content-produit\">\n<div id=\"texte-produit\">\n<p>Los calefactores el\u00e9ctricos de la gama GEBN tienen una gran capacidad calor\u00edfica. Pueden ser port\u00e1tiles o fijarse a un soporte (pared, techo, etc.). Es una soluci\u00f3n de calefacci\u00f3n sencilla y eficaz. El calor es instant\u00e1neo, sin olores ni humos.   <\/p>\n<\/div>\n<\/div>\n<\/div>\n<p>[\/vc_column_text][vc_row_inner][vc_column_inner width=\u00bb1\/3&#8243;][vc_column_text]<\/p>\n<ul>\n<li>Disponible para alquiler<\/li>\n<li>Disponible para la venta<\/li>\n<\/ul>\n<p>[\/vc_column_text][\/vc_column_inner][vc_column_inner width=\u00bb1\/3&#8243;][vc_btn title=\u00bb0 810 020 851&#8243; color=\u00bbjuicy-pink\u00bb size=\u00bblg\u00bb align=\u00bbleft\u00bb i_icon_fontawesome=\u00bbfa fa-phone\u00bb css_animation=\u00bbfadeIn\u00bb add_icon=\u00bbtrue\u00bb link=\u00bburl:tel%3A%2033810020851|rel:nofollow|\u00bb el_class=\u00bbappel\u00bb][\/vc_column_inner][vc_column_inner width=\u00bb1\/3&#8243;][vc_btn title=\u00bbCita\u00bb color=\u00bbprimary\u00bb size=\u00bblg\u00bb align=\u00bbleft\u00bb i_icon_fontawesome=\u00bbfa fa-envelope-o\u00bb css_animation=\u00bbfadeIn\u00bb add_icon=\u00bbtrue\u00bb link=\u00bburl:%23form-devis|rel:nofollow|\u00bb el_class=\u00bbdevis\u00bb][\/vc_column_inner][\/vc_row_inner][\/vc_column][\/vc_row][vc_row][vc_column][vc_tta_tabs style=\u00bbflat\u00bb shape=\u00bbsquare\u00bb color=\u00bbwhite\u00bb spacing=\u00bb\u00bb active_section=\u00bb1&#8243; css_animation=\u00bbnone\u00bb css=\u00bb.vc_custom_1592390240450{background-color: #ffffff !important;}\u00bb el_class=\u00bbproduit\u00bb][vc_tta_section title=\u00bbDescripci\u00f3n\u00bb tab_id=\u00bb1592229495260-7cf1f6d6-7221&#8243; el_class=\u00bbdescription\u00bb][vc_column_text css=\u00bb.vc_custom_1592908070123{background-color: #ffffff !important;}\u00bb]<\/p>\n<h2>Caracter\u00edsticas<\/h2>\n<p>Est\u00e1ndar: Calefactores blindados tubulares de acero inoxidable. Estructura met\u00e1lica lacada. Orientaci\u00f3n regulable mediante manivela. Dispositivo de seguridad contra sobrecalentamiento de rearme manual. Pueden funcionar a 230 V TRI. Opci\u00f3n \u00absin neutro\u00bb disponible bajo pedido.     <\/p>\n<h2>Especificaciones t\u00e9cnicas<\/h2>\n<p>Potencia (kW): 6<br \/>\nCaudal de aire: 690 m\u00b3\/h<br \/>\nTensi\u00f3n: 3 x 400V + T + (N) o 3 x 230V + T<br \/>\nCorriente bajo TRI230: 3 x 15,1A<br \/>\nCorriente bajo TETRA400: 3 x 8,7A<br \/>\nPeso: 11,3 kg<br \/>\nDimensiones (sin marco &#8211; M * P * A, cm) : 30 x 30 x 25<br \/>\nClasificaci\u00f3n IP: IP-40<br \/>\nNivel de ruido: 50 dB(A)[\/vc_column_text][\/vc_tta_section][vc_tta_section title=\u00bbDocumentaci\u00f3n\u00bb tab_id=\u00bb1592229495260-4aea70c2-ff26&#8243; el_class=\u00bbdocumentation\u00bb][vc_column_text]<a href=\"https:\/\/www.polypoles.com\/wp-content\/uploads\/2020\/06\/2a-a%C3%A9rotherme-%C3%A9lectrique-diemo-GEBN.20.pdf\" target=\"_blank\" rel=\"noopener noreferrer\">Documentaci\u00f3n diemo Calentador el\u00e9ctrico GEBN<\/a>[\/vc_column_text][\/vc_tta_section][vc_tta_section title=\u00bbCita\u00bb tab_id=\u00bbform-devis\u00bb el_class=\u00bbdocumentation\u00bb]\n<div class=\"wpcf7 no-js\" id=\"wpcf7-f24311-o1\" lang=\"es-ES\" dir=\"ltr\" data-wpcf7-id=\"24311\">\n<div class=\"screen-reader-response\"><p role=\"status\" aria-live=\"polite\" aria-atomic=\"true\"><\/p> <ul><\/ul><\/div>\n<form action=\"\/es\/wp-json\/wp\/v2\/product\/25421#wpcf7-f24311-o1\" method=\"post\" class=\"wpcf7-form init\" aria-label=\"Formulario de contacto\" novalidate=\"novalidate\" data-status=\"init\">\n<div style=\"display: none;\">\n<input type=\"hidden\" name=\"_wpcf7\" value=\"24311\" \/>\n<input type=\"hidden\" name=\"_wpcf7_version\" value=\"6.0.6\" \/>\n<input type=\"hidden\" name=\"_wpcf7_locale\" value=\"es_ES\" \/>\n<input type=\"hidden\" name=\"_wpcf7_unit_tag\" value=\"wpcf7-f24311-o1\" \/>\n<input type=\"hidden\" name=\"_wpcf7_container_post\" value=\"0\" \/>\n<input type=\"hidden\" name=\"_wpcf7_posted_data_hash\" value=\"\" \/>\n<input type=\"hidden\" name=\"_wpcf7_recaptcha_response\" value=\"\" \/>\n<\/div>\n<p><i>Todos los campos son obligatorios.<\/i>\n<\/p>\n<div class=\"row\">\n\t<div class=\"col-sm-5\">\n\t\t<p><label> Tu nombre<br \/>\n<span class=\"wpcf7-form-control-wrap\" data-name=\"Votrenom\"><input size=\"40\" maxlength=\"400\" class=\"wpcf7-form-control wpcf7-text wpcf7-validates-as-required\" aria-required=\"true\" aria-invalid=\"false\" value=\"\" type=\"text\" name=\"Votrenom\" \/><\/span><\/label>\n\t\t<\/p>\n\t<\/div>\n\t<div class=\"col-sm-5\">\n\t\t<p><label> Tu empresa<br \/>\n<span class=\"wpcf7-form-control-wrap\" data-name=\"societe\"><input size=\"40\" maxlength=\"400\" class=\"wpcf7-form-control wpcf7-text wpcf7-validates-as-required\" aria-required=\"true\" aria-invalid=\"false\" value=\"\" type=\"text\" name=\"societe\" \/><\/span> <\/label>\n\t\t<\/p>\n\t<\/div>\n\t<div class=\"col-sm-5\">\n\t\t<p><label> Tu e-mail<br \/>\n<span class=\"wpcf7-form-control-wrap\" data-name=\"your-email\"><input size=\"40\" maxlength=\"400\" class=\"wpcf7-form-control wpcf7-email wpcf7-validates-as-required wpcf7-text wpcf7-validates-as-email\" aria-required=\"true\" aria-invalid=\"false\" value=\"\" type=\"email\" name=\"your-email\" \/><\/span> <\/label>\n\t\t<\/p>\n\t<\/div>\n\t<div class=\"col-sm-5\">\n\t\t<p><label> Tu n\u00famero de tel\u00e9fono<br \/>\n<span class=\"wpcf7-form-control-wrap\" data-name=\"phone\"><input size=\"40\" maxlength=\"400\" class=\"wpcf7-form-control wpcf7-tel wpcf7-validates-as-required wpcf7-text wpcf7-validates-as-tel\" aria-required=\"true\" aria-invalid=\"false\" value=\"\" type=\"tel\" name=\"phone\" \/><\/span> <\/label>\n\t\t<\/p>\n\t<\/div>\n\t<div class=\"col-sm-5\">\n\t\t<p><label><br \/>\n<span class=\"wpcf7-form-control-wrap\" data-name=\"typologie\"><select class=\"wpcf7-form-control wpcf7-select wpcf7-validates-as-required\" aria-required=\"true\" aria-invalid=\"false\" name=\"typologie\"><option value=\"Tu solicitud se refiere al alquiler o a la venta\">Tu solicitud se refiere al alquiler o a la venta<\/option><\/select><\/span> <\/label>\n\t\t<\/p>\n\t<\/div>\n\t<div class=\"col-sm-5\">\n\t\t<p><label> Tu c\u00f3digo postal<br \/>\n<span class=\"wpcf7-form-control-wrap\" data-name=\"departement\"><input size=\"40\" maxlength=\"400\" class=\"wpcf7-form-control wpcf7-text wpcf7-validates-as-required\" aria-required=\"true\" aria-invalid=\"false\" value=\"\" type=\"text\" name=\"departement\" \/><\/span><\/label>\n\t\t<\/p>\n\t<\/div>\n\t<div class=\"col-sm-12\">\n\t\t<p><label> Tu mensaje<br \/>\n<span class=\"wpcf7-form-control-wrap\" data-name=\"your-message\"><textarea cols=\"40\" rows=\"10\" maxlength=\"2000\" class=\"wpcf7-form-control wpcf7-textarea wpcf7-validates-as-required\" aria-required=\"true\" aria-invalid=\"false\" name=\"your-message\"><\/textarea><\/span> <\/label>\n\t\t<\/p>\n\t<\/div>\n\t<p><span class=\"wpcf7-form-control-wrap\" data-name=\"RGPD\"><span class=\"wpcf7-form-control wpcf7-checkbox wpcf7-validates-as-required\"><span class=\"wpcf7-list-item first last\"><label><input type=\"checkbox\" name=\"RGPD[]\" value=\"Acepto que los datos introducidos en este formulario sean utilizados por Polypoles para tramitar mi solicitud.\" \/><span class=\"wpcf7-list-item-label\">Acepto que los datos introducidos en este formulario sean utilizados por Polypoles para tramitar mi solicitud.<\/span><\/label><\/span><\/span><\/span>\n\t<\/p>\n\t<div class=\"form-button col-sm-12\">\n\t\t<div class=\"form-button col-sm-12\">\n\t\t\t<p class=\"submit-btn\"><input class=\"wpcf7-form-control wpcf7-submit has-spinner\" type=\"submit\" value=\"Confirma\" \/><i class=\"fa flaticon-right-arrow\"><\/i>\n\t\t\t<\/p>\n\t\t<\/div>\n\t<\/div>\n<\/div><input type='hidden' class='wpcf7-pum' value='{\"closepopup\":false,\"closedelay\":0,\"openpopup\":false,\"openpopup_id\":0}' \/><div class=\"wpcf7-response-output\" aria-hidden=\"true\"><\/div>\n<\/form>\n<\/div>\n[\/vc_tta_section][\/vc_tta_tabs][\/vc_column][\/vc_row]<\/p>\n<\/div>","protected":false},"excerpt":{"rendered":"<p>[vc_row][vc_column width=\u00bb1\/3&#8243;][vc_gallery type=\u00bbflexslider_slide\u00bb interval=\u00bb3&#8243; images=\u00bb9127&#8243; img_size=\u00bblarge\u00bb][\/vc_column][vc_column width=\u00bb2\/3&#8243;][vc_column_text] Los calefactores el\u00e9ctricos de la gama GEBN tienen una gran capacidad calor\u00edfica. Pueden ser port\u00e1tiles o fijarse a un soporte (pared, techo, etc.). Es una soluci\u00f3n de calefacci\u00f3n sencilla y eficaz. El calor es instant\u00e1neo, sin olores ni humos. [\/vc_column_text][vc_row_inner][vc_column_inner width=\u00bb1\/3&#8243;][vc_column_text] Disponible para alquiler Disponible para la venta&#8230;<\/p>\n","protected":false},"featured_media":25422,"template":"","meta":{"_acf_changed":false},"product_brand":[],"product_cat":[251],"product_tag":[],"class_list":{"0":"post-25421","1":"product","2":"type-product","3":"status-publish","4":"has-post-thumbnail","6":"product_cat-sin-categoria","8":"first","9":"instock","10":"taxable","11":"shipping-taxable","12":"product-type-simple"},"acf":[],"yoast_head":"<!-- This site is optimized with the Yoast SEO plugin v24.9 - https:\/\/yoast.com\/wordpress\/plugins\/seo\/ -->\n<title>Termoventilador el\u00e9ctrico GEBN 6 (6 kW) - Polypoles<\/title>\n<meta name=\"description\" content=\"Termoventilador el\u00e9ctrico m\u00f3vil o fijo (montaje en pared o techo). Una soluci\u00f3n de calefacci\u00f3n sencilla y eficaz. Calor instant\u00e1neo, sin olor ni humo.\" \/>\n<meta name=\"robots\" content=\"index, follow, max-snippet:-1, max-image-preview:large, max-video-preview:-1\" \/>\n<link rel=\"canonical\" href=\"https:\/\/www.polypoles.com\/es\/produit\/termoventilador-electrico-gebn-6-6-kw\/\" \/>\n<meta property=\"og:locale\" content=\"es_ES\" \/>\n<meta property=\"og:type\" content=\"article\" \/>\n<meta property=\"og:title\" content=\"Termoventilador el\u00e9ctrico GEBN 6 (6 kW) - Polypoles\" \/>\n<meta property=\"og:description\" content=\"Termoventilador el\u00e9ctrico m\u00f3vil o fijo (montaje en pared o techo). Una soluci\u00f3n de calefacci\u00f3n sencilla y eficaz. Calor instant\u00e1neo, sin olor ni humo.\" \/>\n<meta property=\"og:url\" content=\"https:\/\/www.polypoles.com\/es\/produit\/termoventilador-electrico-gebn-6-6-kw\/\" \/>\n<meta property=\"og:site_name\" content=\"Polypoles\" \/>\n<meta property=\"article:modified_time\" content=\"2025-04-18T14:01:09+00:00\" \/>\n<meta property=\"og:image\" content=\"https:\/\/www.polypoles.com\/wp-content\/uploads\/2020\/06\/AEROTHERME-TRIPHASE-GEBN6.jpg\" \/>\n\t<meta property=\"og:image:width\" content=\"600\" \/>\n\t<meta property=\"og:image:height\" content=\"602\" \/>\n\t<meta property=\"og:image:type\" content=\"image\/jpeg\" \/>\n<meta name=\"twitter:card\" content=\"summary_large_image\" \/>\n<meta name=\"twitter:label1\" content=\"Tiempo de lectura\" \/>\n\t<meta name=\"twitter:data1\" content=\"2 minutos\" \/>\n<script type=\"application\/ld+json\" class=\"yoast-schema-graph\">{\"@context\":\"https:\/\/schema.org\",\"@graph\":[{\"@type\":\"WebPage\",\"@id\":\"https:\/\/www.polypoles.com\/es\/produit\/termoventilador-electrico-gebn-6-6-kw\/\",\"url\":\"https:\/\/www.polypoles.com\/es\/produit\/termoventilador-electrico-gebn-6-6-kw\/\",\"name\":\"Termoventilador el\u00e9ctrico GEBN 6 (6 kW) - Polypoles\",\"isPartOf\":{\"@id\":\"https:\/\/www.polypoles.com\/es\/#website\"},\"primaryImageOfPage\":{\"@id\":\"https:\/\/www.polypoles.com\/es\/produit\/termoventilador-electrico-gebn-6-6-kw\/#primaryimage\"},\"image\":{\"@id\":\"https:\/\/www.polypoles.com\/es\/produit\/termoventilador-electrico-gebn-6-6-kw\/#primaryimage\"},\"thumbnailUrl\":\"https:\/\/www.polypoles.com\/wp-content\/uploads\/2020\/06\/AEROTHERME-TRIPHASE-GEBN6.jpg\",\"datePublished\":\"2020-06-23T10:21:40+00:00\",\"dateModified\":\"2025-04-18T14:01:09+00:00\",\"description\":\"Termoventilador el\u00e9ctrico m\u00f3vil o fijo (montaje en pared o techo). Una soluci\u00f3n de calefacci\u00f3n sencilla y eficaz. Calor instant\u00e1neo, sin olor ni humo.\",\"breadcrumb\":{\"@id\":\"https:\/\/www.polypoles.com\/es\/produit\/termoventilador-electrico-gebn-6-6-kw\/#breadcrumb\"},\"inLanguage\":\"es\",\"potentialAction\":[{\"@type\":\"ReadAction\",\"target\":[\"https:\/\/www.polypoles.com\/es\/produit\/termoventilador-electrico-gebn-6-6-kw\/\"]}]},{\"@type\":\"ImageObject\",\"inLanguage\":\"es\",\"@id\":\"https:\/\/www.polypoles.com\/es\/produit\/termoventilador-electrico-gebn-6-6-kw\/#primaryimage\",\"url\":\"https:\/\/www.polypoles.com\/wp-content\/uploads\/2020\/06\/AEROTHERME-TRIPHASE-GEBN6.jpg\",\"contentUrl\":\"https:\/\/www.polypoles.com\/wp-content\/uploads\/2020\/06\/AEROTHERME-TRIPHASE-GEBN6.jpg\",\"width\":600,\"height\":602},{\"@type\":\"BreadcrumbList\",\"@id\":\"https:\/\/www.polypoles.com\/es\/produit\/termoventilador-electrico-gebn-6-6-kw\/#breadcrumb\",\"itemListElement\":[{\"@type\":\"ListItem\",\"position\":1,\"name\":\"Home\",\"item\":\"https:\/\/www.polypoles.com\/es\/\"},{\"@type\":\"ListItem\",\"position\":2,\"name\":\"Shop\",\"item\":\"https:\/\/www.polypoles.com\/es\/shop\/\"},{\"@type\":\"ListItem\",\"position\":3,\"name\":\"Termoventilador el\u00e9ctrico GEBN 6 (6 kW)\"}]},{\"@type\":\"WebSite\",\"@id\":\"https:\/\/www.polypoles.com\/es\/#website\",\"url\":\"https:\/\/www.polypoles.com\/es\/\",\"name\":\"Polypoles\",\"description\":\"Votre partenaire chaud-froid\",\"publisher\":{\"@id\":\"https:\/\/www.polypoles.com\/es\/#organization\"},\"potentialAction\":[{\"@type\":\"SearchAction\",\"target\":{\"@type\":\"EntryPoint\",\"urlTemplate\":\"https:\/\/www.polypoles.com\/es\/?s={search_term_string}\"},\"query-input\":{\"@type\":\"PropertyValueSpecification\",\"valueRequired\":true,\"valueName\":\"search_term_string\"}}],\"inLanguage\":\"es\"},{\"@type\":\"Organization\",\"@id\":\"https:\/\/www.polypoles.com\/es\/#organization\",\"name\":\"Polypoles\",\"url\":\"https:\/\/www.polypoles.com\/es\/\",\"logo\":{\"@type\":\"ImageObject\",\"inLanguage\":\"es\",\"@id\":\"https:\/\/www.polypoles.com\/es\/#\/schema\/logo\/image\/\",\"url\":\"https:\/\/www.polypoles.com\/wp-content\/uploads\/2024\/06\/base-25-cm-300-DPI-scaled.jpg\",\"contentUrl\":\"https:\/\/www.polypoles.com\/wp-content\/uploads\/2024\/06\/base-25-cm-300-DPI-scaled.jpg\",\"width\":2560,\"height\":497,\"caption\":\"Polypoles\"},\"image\":{\"@id\":\"https:\/\/www.polypoles.com\/es\/#\/schema\/logo\/image\/\"}}]}<\/script>\n<!-- \/ Yoast SEO plugin. -->","yoast_head_json":{"title":"Termoventilador el\u00e9ctrico GEBN 6 (6 kW) - Polypoles","description":"Termoventilador el\u00e9ctrico m\u00f3vil o fijo (montaje en pared o techo). Una soluci\u00f3n de calefacci\u00f3n sencilla y eficaz. Calor instant\u00e1neo, sin olor ni humo.","robots":{"index":"index","follow":"follow","max-snippet":"max-snippet:-1","max-image-preview":"max-image-preview:large","max-video-preview":"max-video-preview:-1"},"canonical":"https:\/\/www.polypoles.com\/es\/produit\/termoventilador-electrico-gebn-6-6-kw\/","og_locale":"es_ES","og_type":"article","og_title":"Termoventilador el\u00e9ctrico GEBN 6 (6 kW) - Polypoles","og_description":"Termoventilador el\u00e9ctrico m\u00f3vil o fijo (montaje en pared o techo). Una soluci\u00f3n de calefacci\u00f3n sencilla y eficaz. Calor instant\u00e1neo, sin olor ni humo.","og_url":"https:\/\/www.polypoles.com\/es\/produit\/termoventilador-electrico-gebn-6-6-kw\/","og_site_name":"Polypoles","article_modified_time":"2025-04-18T14:01:09+00:00","og_image":[{"width":600,"height":602,"url":"https:\/\/www.polypoles.com\/wp-content\/uploads\/2020\/06\/AEROTHERME-TRIPHASE-GEBN6.jpg","type":"image\/jpeg"}],"twitter_card":"summary_large_image","twitter_misc":{"Tiempo de lectura":"2 minutos"},"schema":{"@context":"https:\/\/schema.org","@graph":[{"@type":"WebPage","@id":"https:\/\/www.polypoles.com\/es\/produit\/termoventilador-electrico-gebn-6-6-kw\/","url":"https:\/\/www.polypoles.com\/es\/produit\/termoventilador-electrico-gebn-6-6-kw\/","name":"Termoventilador el\u00e9ctrico GEBN 6 (6 kW) - Polypoles","isPartOf":{"@id":"https:\/\/www.polypoles.com\/es\/#website"},"primaryImageOfPage":{"@id":"https:\/\/www.polypoles.com\/es\/produit\/termoventilador-electrico-gebn-6-6-kw\/#primaryimage"},"image":{"@id":"https:\/\/www.polypoles.com\/es\/produit\/termoventilador-electrico-gebn-6-6-kw\/#primaryimage"},"thumbnailUrl":"https:\/\/www.polypoles.com\/wp-content\/uploads\/2020\/06\/AEROTHERME-TRIPHASE-GEBN6.jpg","datePublished":"2020-06-23T10:21:40+00:00","dateModified":"2025-04-18T14:01:09+00:00","description":"Termoventilador el\u00e9ctrico m\u00f3vil o fijo (montaje en pared o techo). Una soluci\u00f3n de calefacci\u00f3n sencilla y eficaz. Calor instant\u00e1neo, sin olor ni humo.","breadcrumb":{"@id":"https:\/\/www.polypoles.com\/es\/produit\/termoventilador-electrico-gebn-6-6-kw\/#breadcrumb"},"inLanguage":"es","potentialAction":[{"@type":"ReadAction","target":["https:\/\/www.polypoles.com\/es\/produit\/termoventilador-electrico-gebn-6-6-kw\/"]}]},{"@type":"ImageObject","inLanguage":"es","@id":"https:\/\/www.polypoles.com\/es\/produit\/termoventilador-electrico-gebn-6-6-kw\/#primaryimage","url":"https:\/\/www.polypoles.com\/wp-content\/uploads\/2020\/06\/AEROTHERME-TRIPHASE-GEBN6.jpg","contentUrl":"https:\/\/www.polypoles.com\/wp-content\/uploads\/2020\/06\/AEROTHERME-TRIPHASE-GEBN6.jpg","width":600,"height":602},{"@type":"BreadcrumbList","@id":"https:\/\/www.polypoles.com\/es\/produit\/termoventilador-electrico-gebn-6-6-kw\/#breadcrumb","itemListElement":[{"@type":"ListItem","position":1,"name":"Home","item":"https:\/\/www.polypoles.com\/es\/"},{"@type":"ListItem","position":2,"name":"Shop","item":"https:\/\/www.polypoles.com\/es\/shop\/"},{"@type":"ListItem","position":3,"name":"Termoventilador el\u00e9ctrico GEBN 6 (6 kW)"}]},{"@type":"WebSite","@id":"https:\/\/www.polypoles.com\/es\/#website","url":"https:\/\/www.polypoles.com\/es\/","name":"Polypoles","description":"Votre partenaire chaud-froid","publisher":{"@id":"https:\/\/www.polypoles.com\/es\/#organization"},"potentialAction":[{"@type":"SearchAction","target":{"@type":"EntryPoint","urlTemplate":"https:\/\/www.polypoles.com\/es\/?s={search_term_string}"},"query-input":{"@type":"PropertyValueSpecification","valueRequired":true,"valueName":"search_term_string"}}],"inLanguage":"es"},{"@type":"Organization","@id":"https:\/\/www.polypoles.com\/es\/#organization","name":"Polypoles","url":"https:\/\/www.polypoles.com\/es\/","logo":{"@type":"ImageObject","inLanguage":"es","@id":"https:\/\/www.polypoles.com\/es\/#\/schema\/logo\/image\/","url":"https:\/\/www.polypoles.com\/wp-content\/uploads\/2024\/06\/base-25-cm-300-DPI-scaled.jpg","contentUrl":"https:\/\/www.polypoles.com\/wp-content\/uploads\/2024\/06\/base-25-cm-300-DPI-scaled.jpg","width":2560,"height":497,"caption":"Polypoles"},"image":{"@id":"https:\/\/www.polypoles.com\/es\/#\/schema\/logo\/image\/"}}]}},"_links":{"self":[{"href":"https:\/\/www.polypoles.com\/es\/wp-json\/wp\/v2\/product\/25421","targetHints":{"allow":["GET"]}}],"collection":[{"href":"https:\/\/www.polypoles.com\/es\/wp-json\/wp\/v2\/product"}],"about":[{"href":"https:\/\/www.polypoles.com\/es\/wp-json\/wp\/v2\/types\/product"}],"wp:featuredmedia":[{"embeddable":true,"href":"https:\/\/www.polypoles.com\/es\/wp-json\/wp\/v2\/media\/25422"}],"wp:attachment":[{"href":"https:\/\/www.polypoles.com\/es\/wp-json\/wp\/v2\/media?parent=25421"}],"wp:term":[{"taxonomy":"product_brand","embeddable":true,"href":"https:\/\/www.polypoles.com\/es\/wp-json\/wp\/v2\/product_brand?post=25421"},{"taxonomy":"product_cat","embeddable":true,"href":"https:\/\/www.polypoles.com\/es\/wp-json\/wp\/v2\/product_cat?post=25421"},{"taxonomy":"product_tag","embeddable":true,"href":"https:\/\/www.polypoles.com\/es\/wp-json\/wp\/v2\/product_tag?post=25421"}],"curies":[{"name":"wp","href":"https:\/\/api.w.org\/{rel}","templated":true}]}}