{"id":25386,"date":"2020-06-23T14:33:13","date_gmt":"2020-06-23T12:33:13","guid":{"rendered":"https:\/\/www.polypoles.com\/produit\/aerotermo-electrico-flowair-leo-el-de-6-a-228-kw\/"},"modified":"2026-02-13T10:26:44","modified_gmt":"2026-02-13T09:26:44","slug":"aerotermo-electrico-flowair-leo-el-de-6-a-228-kw","status":"publish","type":"product","link":"https:\/\/www.polypoles.com\/es\/produit\/aerotermo-electrico-flowair-leo-el-de-6-a-228-kw\/","title":{"rendered":"Aerotermo el\u00e9ctrico Flowair LEO-EL (de 6 a 19,5 kW)"},"content":{"rendered":"<div class=\"wpb-content-wrapper\"><p>[vc_row][vc_column width=\u00bb1\/3&#8243;][vc_gallery type=\u00bbflexslider_slide\u00bb interval=\u00bb3&#8243; images=\u00bb9425,9421,9422,21135,21136,21134,21133,14565&#8243; img_size=\u00bblarge\u00bb css=\u00bb\u00bb][\/vc_column][vc_column width=\u00bb2\/3&#8243;][vc_row_inner][vc_column_inner width=\u00bb1\/6&#8243; offset=\u00bbvc_col-lg-offset-2&#8243;][vc_single_image image=\u00bb28126&#8243; img_size=\u00bb\u00bb css=\u00bb\u00bb][\/vc_column_inner][vc_column_inner width=\u00bb2\/3&#8243;][vc_column_text css=\u00bb\u00bb]<strong>Entrega<\/strong> <strong>urgente<\/strong> en 4 horas[\/vc_column_text][\/vc_column_inner][\/vc_row_inner][vc_row_inner][vc_column_inner width=\u00bb1\/6&#8243; offset=\u00bbvc_col-lg-offset-2&#8243;][vc_single_image image=\u00bb28129&#8243; img_size=\u00bb\u00bb css=\u00bb\u00bb][\/vc_column_inner][vc_column_inner width=\u00bb2\/3&#8243;][vc_column_text css=\u00bb\u00bb]<span class=\"contact-inf\"><strong>Asistencia<\/strong> 24\/7<\/span>[\/vc_column_text][\/vc_column_inner][\/vc_row_inner][vc_row_inner][vc_column_inner width=\u00bb1\/6&#8243; offset=\u00bbvc_col-lg-offset-2&#8243;][vc_single_image image=\u00bb28132&#8243; img_size=\u00bb\u00bb css=\u00bb\u00bb][\/vc_column_inner][vc_column_inner width=\u00bb2\/3&#8243;][vc_column_text css=\u00bb\u00bb]<\/p>\n<div class=\"flex max-w-full flex-col flex-grow\">\n<div class=\"min-h-8 text-message relative flex w-full flex-col items-end gap-2 whitespace-normal break-words text-start [.text-message+&amp;]:mt-5\" dir=\"auto\" data-message-author-role=\"assistant\" data-message-id=\"d473e09e-eebe-4bba-a296-d5fc2347b006\" data-message-model-slug=\"gpt-4o\">\n<div class=\"flex w-full flex-col gap-1 empty:hidden first:pt-[3px]\">\n<div class=\"markdown prose w-full break-words dark:prose-invert light\">\n<p data-start=\"0\" data-end=\"40\" data-is-last-node=\"\" data-is-only-node=\"\"><strong>Soluciones fiables<\/strong>, equipos duraderos<\/p>\n<\/div>\n<\/div>\n<\/div>\n<\/div>\n<p>[\/vc_column_text][\/vc_column_inner][\/vc_row_inner][vc_row_inner][vc_column_inner width=\u00bb1\/6&#8243; offset=\u00bbvc_col-lg-offset-2&#8243;][vc_single_image image=\u00bb28295&#8243; img_size=\u00bb\u00bb css=\u00bb\u00bb][\/vc_column_inner][vc_column_inner width=\u00bb2\/3&#8243;][vc_column_text css=\u00bb\u00bb]<\/p>\n<div class=\"flex max-w-full flex-col flex-grow\">\n<div class=\"min-h-8 text-message relative flex w-full flex-col items-end gap-2 whitespace-normal break-words text-start [.text-message+&amp;]:mt-5\" dir=\"auto\" data-message-author-role=\"assistant\" data-message-id=\"d473e09e-eebe-4bba-a296-d5fc2347b006\" data-message-model-slug=\"gpt-4o\">\n<div class=\"flex w-full flex-col gap-1 empty:hidden first:pt-[3px]\">\n<div class=\"markdown prose w-full break-words dark:prose-invert light\">\n<p data-start=\"0\" data-end=\"40\" data-is-last-node=\"\" data-is-only-node=\"\"><strong>Instalaci\u00f3n<\/strong>, puesta en marcha<\/p>\n<\/div>\n<\/div>\n<\/div>\n<\/div>\n<p>[\/vc_column_text][\/vc_column_inner][\/vc_row_inner][vc_row_inner][vc_column_inner width=\u00bb1\/6&#8243; offset=\u00bbvc_col-lg-offset-2&#8243;][vc_single_image image=\u00bb18182&#8243; img_size=\u00bb\u00bb][\/vc_column_inner][vc_column_inner width=\u00bb2\/3&#8243;][vc_column_text]100% de satisfacci\u00f3n del cliente[\/vc_column_text][\/vc_column_inner][\/vc_row_inner][\/vc_column][\/vc_row][vc_row][vc_column][vc_column_text css=\u00bb\u00bb]Los aerotermos el\u00e9ctricos FLOWAIR de la gama LEO-EL est\u00e1n equipados con bater\u00edas el\u00e9ctricas de alto rendimiento que calientan el aire mediante un ventilador de velocidad variable (3 velocidades). Estas unidades est\u00e1n dise\u00f1adas para uso en interiores y pueden montarse en la pared o en el techo. Ideales para naves industriales, talleres, salas de exposiciones, almacenes, pabellones, instalaciones deportivas, edificios religiosos, etc.  <\/p>\n<p>Los calentadores el\u00e9ctricos FLOWAIR de la gama LEO-EL pueden equiparse con un termostato electr\u00f3nico T-box, capaz de controlar hasta 32 unidades.[\/vc_column_text][vc_row_inner][vc_column_inner width=\u00bb1\/3&#8243;][vc_column_text]<\/p>\n<ul>\n<li>Disponible para alquiler<\/li>\n<li>Disponible para la venta<\/li>\n<\/ul>\n<p>[\/vc_column_text][\/vc_column_inner][vc_column_inner width=\u00bb1\/3&#8243;][vc_raw_html css=\u00bb\u00bb]PGRpdiBjbGFzcz0idmNfYnRuMy1jb250YWluZXIgYXBwZWwgdmNfYnRuMy1jZW50ZXIgdmNfZG9fYnRuIj48YSBjbGFzcz0idmNfZ2VuZXJhbCB2Y19idG4zIHZjX2J0bjMtc2l6ZS1sZyB2Y19idG4zLXNoYXBlLXJvdW5kZWQgdmNfYnRuMy1zdHlsZS1tb2Rlcm4gdmNfYnRuMy1pY29uLWxlZnQgdmNfYnRuMy1jb2xvci1zdWNjZXNzIiBocmVmPSJ0ZWw6KzMzODEwMDIwODUxIiB0aXRsZT0iTGxhbWEgYSBQb2x5cG9sZXMiIHJlbD0ibm9mb2xsb3ciPjxpIGNsYXNzPSJ2Y19idG4zLWljb24gZmEgZmEtc29saWQgZmEtcGhvbmUiPjwvaT4gPGI+Q29udGFjdGEgY29uIG5vc290cm9zPC9iPjxicj4wIDgxMCAwMjAgODUxPC9hPjwvZGl2Pg==[\/vc_raw_html][\/vc_column_inner][vc_column_inner width=\u00bb1\/3&#8243;][vc_raw_html css=\u00bb\u00bb]PGRpdiBjbGFzcz0idmNfYnRuMy1jb250YWluZXIgZGV2aXMgdmNfYnRuMy1pbmxpbmUgdmNfZG9fYnRuIj48YSBjbGFzcz0idmNfZ2VuZXJhbCB2Y19idG4zIHZjX2J0bjMtc2l6ZS1sZyB2Y19idG4zLXNoYXBlLXJvdW5kZWQgdmNfYnRuMy1zdHlsZS1tb2Rlcm4gdmNfYnRuMy1pY29uLWxlZnQgdmNfYnRuMy1jb2xvci1wcmltYXJ5IiBocmVmPSJodHRwczovL3d3dy5wb2x5cG9sZXMuY29tL2VzL3BvbnRlLWVuLWNvbnRhY3RvLWNvbi8iIHRpdGxlPSJQb250ZSBlbiBjb250YWN0byBjb24iPjxpIGNsYXNzPSJ2Y19idG4zLWljb24gZmFyIGZhLWVudmVsb3BlIj48L2k+ICBDb25zaWd1ZSB1bjxiPnByZXN1cHVlc3RvIGdyYXR1aXRvIGVuPC9iPjxicj48Yj48L2I+PC9hPjwvZGl2Pg==[\/vc_raw_html][\/vc_column_inner][\/vc_row_inner][vc_tta_tabs style=\u00bbflat\u00bb shape=\u00bbsquare\u00bb color=\u00bbwhite\u00bb spacing=\u00bb\u00bb active_section=\u00bb1&#8243; css_animation=\u00bbnone\u00bb css=\u00bb.vc_custom_1592390240450{background-color: #ffffff !important;}\u00bb el_class=\u00bbproduit\u00bb][vc_tta_section title=\u00bbDescripci\u00f3n\u00bb tab_id=\u00bb1592229495260-7cf1f6d6-7221&#8243; el_class=\u00bbdescription\u00bb][vc_column_text css=\u00bb.vc_custom_1742899684744{background-color: #ffffff !important;}\u00bb]<\/p>\n<h2>Caracter\u00edsticas<\/h2>\n<p>Est\u00e1ndar: Armaz\u00f3n de metal lacado. Rejilla de soplado con aletas regulables. \u00c1ngulo de apoyo regulable +85\u00b0 \/ -85\u00b0. Protecci\u00f3n contra el sobrecalentamiento. Compatible con el sistema global BMS FLOWAIR.    <\/p>\n<h2>Especificaciones t\u00e9cnicas<\/h2>\n<p>Potencia (kW): 6,8 \/ 8,8 \/ 19,5<br \/>\nCaudal de aire: 2000 m\u00b3\/h<br \/>\nAlcance m\u00e1ximo del aire: 14 m<br \/>\nTensi\u00f3n: 3 x 400V<br \/>\nCorriente bajo TETRA400 (A) : 3 x 15,6<br \/>\nPeso: 19,7 kg<br \/>\nDimensiones (L * An * Al, cm) : 60 x 51 x 52<br \/>\nAltura m\u00e1xima recomendada (A y B) : A m\u00e1x. 3 m \/ B m\u00e1x. 6 m<br \/>\nGrado de protecci\u00f3n IP: CE &#8211; IP20 (armario el\u00e9ctrico IP65)<br \/>\nNivel de ruido a 3 m (alta velocidad): 56 dB[\/vc_column_text][\/vc_tta_section][vc_tta_section title=\u00bbDocumentaci\u00f3n\u00bb tab_id=\u00bb1592229495260-4aea70c2-ff26&#8243; el_class=\u00bbdocumentation\u00bb][vc_column_text css=\u00bb\u00bb]<a href=\"https:\/\/www.polypoles.com\/wp-content\/uploads\/2025\/06\/3b-chauffage-electrique-flowair-LEO-EL-20.pdf\">Documentaci\u00f3n comercial LEO EL<\/a><\/p>\n<p><a href=\"https:\/\/www.polypoles.com\/wp-content\/uploads\/2025\/05\/3a-systeme-flowair-avec-equt.20.pdf\">Documentaci\u00f3n T-Box<\/a>[\/vc_column_text][\/vc_tta_section][vc_tta_section title=\u00bbCita\u00bb tab_id=\u00bbform-devis\u00bb el_class=\u00bbdocumentation\u00bb]\n<div class=\"wpcf7 no-js\" id=\"wpcf7-f24311-o1\" lang=\"es-ES\" dir=\"ltr\" data-wpcf7-id=\"24311\">\n<div class=\"screen-reader-response\"><p role=\"status\" aria-live=\"polite\" aria-atomic=\"true\"><\/p> <ul><\/ul><\/div>\n<form action=\"\/es\/wp-json\/wp\/v2\/product\/25386#wpcf7-f24311-o1\" method=\"post\" class=\"wpcf7-form init\" aria-label=\"Formulario de contacto\" novalidate=\"novalidate\" data-status=\"init\">\n<div style=\"display: none;\">\n<input type=\"hidden\" name=\"_wpcf7\" value=\"24311\" \/>\n<input type=\"hidden\" name=\"_wpcf7_version\" value=\"6.0.6\" \/>\n<input type=\"hidden\" name=\"_wpcf7_locale\" value=\"es_ES\" \/>\n<input type=\"hidden\" name=\"_wpcf7_unit_tag\" value=\"wpcf7-f24311-o1\" \/>\n<input type=\"hidden\" name=\"_wpcf7_container_post\" value=\"0\" \/>\n<input type=\"hidden\" name=\"_wpcf7_posted_data_hash\" value=\"\" \/>\n<input type=\"hidden\" name=\"_wpcf7_recaptcha_response\" value=\"\" \/>\n<\/div>\n<p><i>Todos los campos son obligatorios.<\/i>\n<\/p>\n<div class=\"row\">\n\t<div class=\"col-sm-5\">\n\t\t<p><label> Tu nombre<br \/>\n<span class=\"wpcf7-form-control-wrap\" data-name=\"Votrenom\"><input size=\"40\" maxlength=\"400\" class=\"wpcf7-form-control wpcf7-text wpcf7-validates-as-required\" aria-required=\"true\" aria-invalid=\"false\" value=\"\" type=\"text\" name=\"Votrenom\" \/><\/span><\/label>\n\t\t<\/p>\n\t<\/div>\n\t<div class=\"col-sm-5\">\n\t\t<p><label> Tu empresa<br \/>\n<span class=\"wpcf7-form-control-wrap\" data-name=\"societe\"><input size=\"40\" maxlength=\"400\" class=\"wpcf7-form-control wpcf7-text wpcf7-validates-as-required\" aria-required=\"true\" aria-invalid=\"false\" value=\"\" type=\"text\" name=\"societe\" \/><\/span> <\/label>\n\t\t<\/p>\n\t<\/div>\n\t<div class=\"col-sm-5\">\n\t\t<p><label> Tu e-mail<br \/>\n<span class=\"wpcf7-form-control-wrap\" data-name=\"your-email\"><input size=\"40\" maxlength=\"400\" class=\"wpcf7-form-control wpcf7-email wpcf7-validates-as-required wpcf7-text wpcf7-validates-as-email\" aria-required=\"true\" aria-invalid=\"false\" value=\"\" type=\"email\" name=\"your-email\" \/><\/span> <\/label>\n\t\t<\/p>\n\t<\/div>\n\t<div class=\"col-sm-5\">\n\t\t<p><label> Tu n\u00famero de tel\u00e9fono<br \/>\n<span class=\"wpcf7-form-control-wrap\" data-name=\"phone\"><input size=\"40\" maxlength=\"400\" class=\"wpcf7-form-control wpcf7-tel wpcf7-validates-as-required wpcf7-text wpcf7-validates-as-tel\" aria-required=\"true\" aria-invalid=\"false\" value=\"\" type=\"tel\" name=\"phone\" \/><\/span> <\/label>\n\t\t<\/p>\n\t<\/div>\n\t<div class=\"col-sm-5\">\n\t\t<p><label><br \/>\n<span class=\"wpcf7-form-control-wrap\" data-name=\"typologie\"><select class=\"wpcf7-form-control wpcf7-select wpcf7-validates-as-required\" aria-required=\"true\" aria-invalid=\"false\" name=\"typologie\"><option value=\"Tu solicitud se refiere al alquiler o a la venta\">Tu solicitud se refiere al alquiler o a la venta<\/option><\/select><\/span> <\/label>\n\t\t<\/p>\n\t<\/div>\n\t<div class=\"col-sm-5\">\n\t\t<p><label> Tu c\u00f3digo postal<br \/>\n<span class=\"wpcf7-form-control-wrap\" data-name=\"departement\"><input size=\"40\" maxlength=\"400\" class=\"wpcf7-form-control wpcf7-text wpcf7-validates-as-required\" aria-required=\"true\" aria-invalid=\"false\" value=\"\" type=\"text\" name=\"departement\" \/><\/span><\/label>\n\t\t<\/p>\n\t<\/div>\n\t<div class=\"col-sm-12\">\n\t\t<p><label> Tu mensaje<br \/>\n<span class=\"wpcf7-form-control-wrap\" data-name=\"your-message\"><textarea cols=\"40\" rows=\"10\" maxlength=\"2000\" class=\"wpcf7-form-control wpcf7-textarea wpcf7-validates-as-required\" aria-required=\"true\" aria-invalid=\"false\" name=\"your-message\"><\/textarea><\/span> <\/label>\n\t\t<\/p>\n\t<\/div>\n\t<p><span class=\"wpcf7-form-control-wrap\" data-name=\"RGPD\"><span class=\"wpcf7-form-control wpcf7-checkbox wpcf7-validates-as-required\"><span class=\"wpcf7-list-item first last\"><label><input type=\"checkbox\" name=\"RGPD[]\" value=\"Acepto que los datos introducidos en este formulario sean utilizados por Polypoles para tramitar mi solicitud.\" \/><span class=\"wpcf7-list-item-label\">Acepto que los datos introducidos en este formulario sean utilizados por Polypoles para tramitar mi solicitud.<\/span><\/label><\/span><\/span><\/span>\n\t<\/p>\n\t<div class=\"form-button col-sm-12\">\n\t\t<div class=\"form-button col-sm-12\">\n\t\t\t<p class=\"submit-btn\"><input class=\"wpcf7-form-control wpcf7-submit has-spinner\" type=\"submit\" value=\"Confirma\" \/><i class=\"fa flaticon-right-arrow\"><\/i>\n\t\t\t<\/p>\n\t\t<\/div>\n\t<\/div>\n<\/div><input type='hidden' class='wpcf7-pum' value='{\"closepopup\":false,\"closedelay\":0,\"openpopup\":false,\"openpopup_id\":0}' \/><div class=\"wpcf7-response-output\" aria-hidden=\"true\"><\/div>\n<\/form>\n<\/div>\n[\/vc_tta_section][vc_tta_section title=\u00bbLogros\u00bb tab_id=\u00bb1741017171815-12cd8feb-757a\u00bb][vc_column_text css=\u00bb\u00bb]<a href=\"https:\/\/www.polypoles.com\/wp-content\/uploads\/2020\/06\/CHAUFFAGE-ELECTRIQUE-Flowair.pdf\">Ejemplo 1 Instalaci\u00f3n de un calentador el\u00e9ctrico Flowair con la CAJA T <\/a><\/p>\n<p><a href=\"https:\/\/www.polypoles.com\/wp-content\/uploads\/2020\/06\/CHAUFFAGE-ELECTRIQUE-Flowair-.pdf\">Ejemplo 2 Instalaci\u00f3n de un calentador el\u00e9ctrico Flowair <\/a>[\/vc_column_text][\/vc_tta_section][\/vc_tta_tabs][\/vc_column][\/vc_row]<\/p>\n<\/div>","protected":false},"excerpt":{"rendered":"<p>[vc_row][vc_column width=\u00bb1\/3&#8243;][vc_gallery type=\u00bbflexslider_slide\u00bb interval=\u00bb3&#8243; images=\u00bb9425,9421,9422,21135,21136,21134,21133,14565&#8243; img_size=\u00bblarge\u00bb css=\u00bb\u00bb][\/vc_column][vc_column width=\u00bb2\/3&#8243;][vc_row_inner][vc_column_inner width=\u00bb1\/6&#8243; offset=\u00bbvc_col-lg-offset-2&#8243;][vc_single_image image=\u00bb28126&#8243; img_size=\u00bb\u00bb css=\u00bb\u00bb][\/vc_column_inner][vc_column_inner width=\u00bb2\/3&#8243;][vc_column_text css=\u00bb\u00bb]Entrega urgente en 4 horas[\/vc_column_text][\/vc_column_inner][\/vc_row_inner][vc_row_inner][vc_column_inner width=\u00bb1\/6&#8243; offset=\u00bbvc_col-lg-offset-2&#8243;][vc_single_image image=\u00bb28129&#8243; img_size=\u00bb\u00bb css=\u00bb\u00bb][\/vc_column_inner][vc_column_inner width=\u00bb2\/3&#8243;][vc_column_text css=\u00bb\u00bb]Asistencia 24\/7[\/vc_column_text][\/vc_column_inner][\/vc_row_inner][vc_row_inner][vc_column_inner width=\u00bb1\/6&#8243; offset=\u00bbvc_col-lg-offset-2&#8243;][vc_single_image image=\u00bb28132&#8243; img_size=\u00bb\u00bb css=\u00bb\u00bb][\/vc_column_inner][vc_column_inner width=\u00bb2\/3&#8243;][vc_column_text css=\u00bb\u00bb] Soluciones fiables, equipos duraderos [\/vc_column_text][\/vc_column_inner][\/vc_row_inner][vc_row_inner][vc_column_inner width=\u00bb1\/6&#8243; offset=\u00bbvc_col-lg-offset-2&#8243;][vc_single_image image=\u00bb28295&#8243; img_size=\u00bb\u00bb css=\u00bb\u00bb][\/vc_column_inner][vc_column_inner width=\u00bb2\/3&#8243;][vc_column_text css=\u00bb\u00bb] Instalaci\u00f3n, puesta en marcha [\/vc_column_text][\/vc_column_inner][\/vc_row_inner][vc_row_inner][vc_column_inner width=\u00bb1\/6&#8243; offset=\u00bbvc_col-lg-offset-2&#8243;][vc_single_image image=\u00bb18182&#8243; img_size=\u00bb\u00bb][\/vc_column_inner][vc_column_inner&#8230;<\/p>\n","protected":false},"featured_media":32226,"template":"","meta":{"_acf_changed":false},"product_brand":[],"product_cat":[223,225],"product_tag":[],"class_list":{"0":"post-25386","1":"product","2":"type-product","3":"status-publish","4":"has-post-thumbnail","6":"product_cat-calefaccion","7":"product_cat-termoventilador-electrico","9":"first","10":"instock","11":"taxable","12":"shipping-taxable","13":"product-type-simple"},"acf":[],"yoast_head":"<!-- This site is optimized with the Yoast SEO plugin v24.9 - https:\/\/yoast.com\/wordpress\/plugins\/seo\/ -->\n<title>Aerotermo el\u00e9ctrico LEO-EL - de 6 a 23 kW - hasta 4250 m3\/h<\/title>\n<meta name=\"description\" content=\"Aerotermo el\u00e9ctrico de 6 a 23 kW-4500 m3\/h- Unidad de control remoto. Alto rendimiento - Recomendado para aplicaciones industriales. Contacta con nosotros para m\u00e1s informaci\u00f3n.\" \/>\n<meta name=\"robots\" content=\"index, follow, max-snippet:-1, max-image-preview:large, max-video-preview:-1\" \/>\n<link rel=\"canonical\" href=\"https:\/\/www.polypoles.com\/es\/produit\/aerotermo-electrico-flowair-leo-el-de-6-a-228-kw\/\" \/>\n<meta property=\"og:locale\" content=\"es_ES\" \/>\n<meta property=\"og:type\" content=\"article\" \/>\n<meta property=\"og:title\" content=\"Aerotermo el\u00e9ctrico LEO-EL - de 6 a 23 kW - hasta 4250 m3\/h\" \/>\n<meta property=\"og:description\" content=\"Aerotermo el\u00e9ctrico de 6 a 23 kW-4500 m3\/h- Unidad de control remoto. Alto rendimiento - Recomendado para aplicaciones industriales. Contacta con nosotros para m\u00e1s informaci\u00f3n.\" \/>\n<meta property=\"og:url\" content=\"https:\/\/www.polypoles.com\/es\/produit\/aerotermo-electrico-flowair-leo-el-de-6-a-228-kw\/\" \/>\n<meta property=\"og:site_name\" content=\"Polypoles\" \/>\n<meta property=\"article:modified_time\" content=\"2026-02-13T09:26:44+00:00\" \/>\n<meta property=\"og:image\" content=\"https:\/\/www.polypoles.com\/wp-content\/uploads\/2020\/06\/Aerotherme.jpg\" \/>\n\t<meta property=\"og:image:width\" content=\"500\" \/>\n\t<meta property=\"og:image:height\" content=\"500\" \/>\n\t<meta property=\"og:image:type\" content=\"image\/jpeg\" \/>\n<meta name=\"twitter:card\" content=\"summary_large_image\" \/>\n<meta name=\"twitter:label1\" content=\"Tiempo de lectura\" \/>\n\t<meta name=\"twitter:data1\" content=\"4 minutos\" \/>\n<script type=\"application\/ld+json\" class=\"yoast-schema-graph\">{\"@context\":\"https:\/\/schema.org\",\"@graph\":[{\"@type\":\"WebPage\",\"@id\":\"https:\/\/www.polypoles.com\/es\/produit\/aerotermo-electrico-flowair-leo-el-de-6-a-228-kw\/\",\"url\":\"https:\/\/www.polypoles.com\/es\/produit\/aerotermo-electrico-flowair-leo-el-de-6-a-228-kw\/\",\"name\":\"Aerotermo el\u00e9ctrico LEO-EL - de 6 a 23 kW - hasta 4250 m3\/h\",\"isPartOf\":{\"@id\":\"https:\/\/www.polypoles.com\/es\/#website\"},\"primaryImageOfPage\":{\"@id\":\"https:\/\/www.polypoles.com\/es\/produit\/aerotermo-electrico-flowair-leo-el-de-6-a-228-kw\/#primaryimage\"},\"image\":{\"@id\":\"https:\/\/www.polypoles.com\/es\/produit\/aerotermo-electrico-flowair-leo-el-de-6-a-228-kw\/#primaryimage\"},\"thumbnailUrl\":\"https:\/\/www.polypoles.com\/wp-content\/uploads\/2020\/06\/Aerotherme.jpg\",\"datePublished\":\"2020-06-23T12:33:13+00:00\",\"dateModified\":\"2026-02-13T09:26:44+00:00\",\"description\":\"Aerotermo el\u00e9ctrico de 6 a 23 kW-4500 m3\/h- Unidad de control remoto. Alto rendimiento - Recomendado para aplicaciones industriales. Contacta con nosotros para m\u00e1s informaci\u00f3n.\",\"breadcrumb\":{\"@id\":\"https:\/\/www.polypoles.com\/es\/produit\/aerotermo-electrico-flowair-leo-el-de-6-a-228-kw\/#breadcrumb\"},\"inLanguage\":\"es\",\"potentialAction\":[{\"@type\":\"ReadAction\",\"target\":[\"https:\/\/www.polypoles.com\/es\/produit\/aerotermo-electrico-flowair-leo-el-de-6-a-228-kw\/\"]}]},{\"@type\":\"ImageObject\",\"inLanguage\":\"es\",\"@id\":\"https:\/\/www.polypoles.com\/es\/produit\/aerotermo-electrico-flowair-leo-el-de-6-a-228-kw\/#primaryimage\",\"url\":\"https:\/\/www.polypoles.com\/wp-content\/uploads\/2020\/06\/Aerotherme.jpg\",\"contentUrl\":\"https:\/\/www.polypoles.com\/wp-content\/uploads\/2020\/06\/Aerotherme.jpg\",\"width\":500,\"height\":500},{\"@type\":\"BreadcrumbList\",\"@id\":\"https:\/\/www.polypoles.com\/es\/produit\/aerotermo-electrico-flowair-leo-el-de-6-a-228-kw\/#breadcrumb\",\"itemListElement\":[{\"@type\":\"ListItem\",\"position\":1,\"name\":\"Home\",\"item\":\"https:\/\/www.polypoles.com\/es\/\"},{\"@type\":\"ListItem\",\"position\":2,\"name\":\"Shop\",\"item\":\"https:\/\/www.polypoles.com\/es\/shop\/\"},{\"@type\":\"ListItem\",\"position\":3,\"name\":\"Aerotermo el\u00e9ctrico Flowair LEO-EL (de 6 a 19,5 kW)\"}]},{\"@type\":\"WebSite\",\"@id\":\"https:\/\/www.polypoles.com\/es\/#website\",\"url\":\"https:\/\/www.polypoles.com\/es\/\",\"name\":\"Polypoles\",\"description\":\"Votre partenaire chaud-froid\",\"publisher\":{\"@id\":\"https:\/\/www.polypoles.com\/es\/#organization\"},\"potentialAction\":[{\"@type\":\"SearchAction\",\"target\":{\"@type\":\"EntryPoint\",\"urlTemplate\":\"https:\/\/www.polypoles.com\/es\/?s={search_term_string}\"},\"query-input\":{\"@type\":\"PropertyValueSpecification\",\"valueRequired\":true,\"valueName\":\"search_term_string\"}}],\"inLanguage\":\"es\"},{\"@type\":\"Organization\",\"@id\":\"https:\/\/www.polypoles.com\/es\/#organization\",\"name\":\"Polypoles\",\"url\":\"https:\/\/www.polypoles.com\/es\/\",\"logo\":{\"@type\":\"ImageObject\",\"inLanguage\":\"es\",\"@id\":\"https:\/\/www.polypoles.com\/es\/#\/schema\/logo\/image\/\",\"url\":\"https:\/\/www.polypoles.com\/wp-content\/uploads\/2024\/06\/base-25-cm-300-DPI-scaled.jpg\",\"contentUrl\":\"https:\/\/www.polypoles.com\/wp-content\/uploads\/2024\/06\/base-25-cm-300-DPI-scaled.jpg\",\"width\":2560,\"height\":497,\"caption\":\"Polypoles\"},\"image\":{\"@id\":\"https:\/\/www.polypoles.com\/es\/#\/schema\/logo\/image\/\"}}]}<\/script>\n<!-- \/ Yoast SEO plugin. -->","yoast_head_json":{"title":"Aerotermo el\u00e9ctrico LEO-EL - de 6 a 23 kW - hasta 4250 m3\/h","description":"Aerotermo el\u00e9ctrico de 6 a 23 kW-4500 m3\/h- Unidad de control remoto. Alto rendimiento - Recomendado para aplicaciones industriales. Contacta con nosotros para m\u00e1s informaci\u00f3n.","robots":{"index":"index","follow":"follow","max-snippet":"max-snippet:-1","max-image-preview":"max-image-preview:large","max-video-preview":"max-video-preview:-1"},"canonical":"https:\/\/www.polypoles.com\/es\/produit\/aerotermo-electrico-flowair-leo-el-de-6-a-228-kw\/","og_locale":"es_ES","og_type":"article","og_title":"Aerotermo el\u00e9ctrico LEO-EL - de 6 a 23 kW - hasta 4250 m3\/h","og_description":"Aerotermo el\u00e9ctrico de 6 a 23 kW-4500 m3\/h- Unidad de control remoto. Alto rendimiento - Recomendado para aplicaciones industriales. Contacta con nosotros para m\u00e1s informaci\u00f3n.","og_url":"https:\/\/www.polypoles.com\/es\/produit\/aerotermo-electrico-flowair-leo-el-de-6-a-228-kw\/","og_site_name":"Polypoles","article_modified_time":"2026-02-13T09:26:44+00:00","og_image":[{"width":500,"height":500,"url":"https:\/\/www.polypoles.com\/wp-content\/uploads\/2020\/06\/Aerotherme.jpg","type":"image\/jpeg"}],"twitter_card":"summary_large_image","twitter_misc":{"Tiempo de lectura":"4 minutos"},"schema":{"@context":"https:\/\/schema.org","@graph":[{"@type":"WebPage","@id":"https:\/\/www.polypoles.com\/es\/produit\/aerotermo-electrico-flowair-leo-el-de-6-a-228-kw\/","url":"https:\/\/www.polypoles.com\/es\/produit\/aerotermo-electrico-flowair-leo-el-de-6-a-228-kw\/","name":"Aerotermo el\u00e9ctrico LEO-EL - de 6 a 23 kW - hasta 4250 m3\/h","isPartOf":{"@id":"https:\/\/www.polypoles.com\/es\/#website"},"primaryImageOfPage":{"@id":"https:\/\/www.polypoles.com\/es\/produit\/aerotermo-electrico-flowair-leo-el-de-6-a-228-kw\/#primaryimage"},"image":{"@id":"https:\/\/www.polypoles.com\/es\/produit\/aerotermo-electrico-flowair-leo-el-de-6-a-228-kw\/#primaryimage"},"thumbnailUrl":"https:\/\/www.polypoles.com\/wp-content\/uploads\/2020\/06\/Aerotherme.jpg","datePublished":"2020-06-23T12:33:13+00:00","dateModified":"2026-02-13T09:26:44+00:00","description":"Aerotermo el\u00e9ctrico de 6 a 23 kW-4500 m3\/h- Unidad de control remoto. Alto rendimiento - Recomendado para aplicaciones industriales. Contacta con nosotros para m\u00e1s informaci\u00f3n.","breadcrumb":{"@id":"https:\/\/www.polypoles.com\/es\/produit\/aerotermo-electrico-flowair-leo-el-de-6-a-228-kw\/#breadcrumb"},"inLanguage":"es","potentialAction":[{"@type":"ReadAction","target":["https:\/\/www.polypoles.com\/es\/produit\/aerotermo-electrico-flowair-leo-el-de-6-a-228-kw\/"]}]},{"@type":"ImageObject","inLanguage":"es","@id":"https:\/\/www.polypoles.com\/es\/produit\/aerotermo-electrico-flowair-leo-el-de-6-a-228-kw\/#primaryimage","url":"https:\/\/www.polypoles.com\/wp-content\/uploads\/2020\/06\/Aerotherme.jpg","contentUrl":"https:\/\/www.polypoles.com\/wp-content\/uploads\/2020\/06\/Aerotherme.jpg","width":500,"height":500},{"@type":"BreadcrumbList","@id":"https:\/\/www.polypoles.com\/es\/produit\/aerotermo-electrico-flowair-leo-el-de-6-a-228-kw\/#breadcrumb","itemListElement":[{"@type":"ListItem","position":1,"name":"Home","item":"https:\/\/www.polypoles.com\/es\/"},{"@type":"ListItem","position":2,"name":"Shop","item":"https:\/\/www.polypoles.com\/es\/shop\/"},{"@type":"ListItem","position":3,"name":"Aerotermo el\u00e9ctrico Flowair LEO-EL (de 6 a 19,5 kW)"}]},{"@type":"WebSite","@id":"https:\/\/www.polypoles.com\/es\/#website","url":"https:\/\/www.polypoles.com\/es\/","name":"Polypoles","description":"Votre partenaire chaud-froid","publisher":{"@id":"https:\/\/www.polypoles.com\/es\/#organization"},"potentialAction":[{"@type":"SearchAction","target":{"@type":"EntryPoint","urlTemplate":"https:\/\/www.polypoles.com\/es\/?s={search_term_string}"},"query-input":{"@type":"PropertyValueSpecification","valueRequired":true,"valueName":"search_term_string"}}],"inLanguage":"es"},{"@type":"Organization","@id":"https:\/\/www.polypoles.com\/es\/#organization","name":"Polypoles","url":"https:\/\/www.polypoles.com\/es\/","logo":{"@type":"ImageObject","inLanguage":"es","@id":"https:\/\/www.polypoles.com\/es\/#\/schema\/logo\/image\/","url":"https:\/\/www.polypoles.com\/wp-content\/uploads\/2024\/06\/base-25-cm-300-DPI-scaled.jpg","contentUrl":"https:\/\/www.polypoles.com\/wp-content\/uploads\/2024\/06\/base-25-cm-300-DPI-scaled.jpg","width":2560,"height":497,"caption":"Polypoles"},"image":{"@id":"https:\/\/www.polypoles.com\/es\/#\/schema\/logo\/image\/"}}]}},"_links":{"self":[{"href":"https:\/\/www.polypoles.com\/es\/wp-json\/wp\/v2\/product\/25386","targetHints":{"allow":["GET"]}}],"collection":[{"href":"https:\/\/www.polypoles.com\/es\/wp-json\/wp\/v2\/product"}],"about":[{"href":"https:\/\/www.polypoles.com\/es\/wp-json\/wp\/v2\/types\/product"}],"wp:featuredmedia":[{"embeddable":true,"href":"https:\/\/www.polypoles.com\/es\/wp-json\/wp\/v2\/media\/32226"}],"wp:attachment":[{"href":"https:\/\/www.polypoles.com\/es\/wp-json\/wp\/v2\/media?parent=25386"}],"wp:term":[{"taxonomy":"product_brand","embeddable":true,"href":"https:\/\/www.polypoles.com\/es\/wp-json\/wp\/v2\/product_brand?post=25386"},{"taxonomy":"product_cat","embeddable":true,"href":"https:\/\/www.polypoles.com\/es\/wp-json\/wp\/v2\/product_cat?post=25386"},{"taxonomy":"product_tag","embeddable":true,"href":"https:\/\/www.polypoles.com\/es\/wp-json\/wp\/v2\/product_tag?post=25386"}],"curies":[{"name":"wp","href":"https:\/\/api.w.org\/{rel}","templated":true}]}}