{"id":25334,"date":"2020-06-29T14:32:55","date_gmt":"2020-06-29T12:32:55","guid":{"rendered":"https:\/\/www.polypoles.com\/produit\/cartucho-filtrante-con-muelle-para-calentadores-de-aceite-moviles\/"},"modified":"2026-02-02T19:08:54","modified_gmt":"2026-02-02T18:08:54","slug":"cartucho-filtrante-con-muelle-para-calentadores-de-aceite-moviles","status":"publish","type":"product","link":"https:\/\/www.polypoles.com\/es\/produit\/cartucho-filtrante-con-muelle-para-calentadores-de-aceite-moviles\/","title":{"rendered":"Cartucho filtrante con muelle para calentadores de aceite m\u00f3viles"},"content":{"rendered":"<p>Cartucho filtrante con muelle para calentadores de aceite m\u00f3viles<\/p>\n<p>Este cartucho se adapta a los siguientes aparatos DIEMO EC 250 \/ EC 480 \/ EC 810 y modelos anteriores<\/p>\n<p>&nbsp;<\/p>\n<blockquote>\n<h2><em><strong>\u26a0\ufe0f Ponte en contacto con nosotros para que podamos ofrecerte un producto de sustituci\u00f3n.  <\/strong><\/em><\/h2>\n<\/blockquote>\n<p>&nbsp;<\/p>\n","protected":false},"excerpt":{"rendered":"<p>Cartucho filtrante con muelle para calentadores de aceite m\u00f3viles Este cartucho se adapta a los siguientes aparatos DIEMO EC 250 \/ EC 480 \/ EC 810 y modelos anteriores &nbsp; \u26a0\ufe0f Ponte en contacto con nosotros para que podamos ofrecerte un producto de sustituci\u00f3n. &nbsp;<\/p>\n","protected":false},"featured_media":33891,"template":"","meta":{"_acf_changed":false},"product_brand":[],"product_cat":[244,246],"product_tag":[],"class_list":{"0":"post-25334","1":"product","2":"type-product","3":"status-publish","4":"has-post-thumbnail","6":"product_cat-piezas-de-calefactores-moviles-de-gasoleo","7":"product_cat-piezas-de-recambio","9":"first","10":"outofstock","11":"taxable","12":"shipping-taxable","13":"purchasable","14":"product-type-simple"},"acf":[],"yoast_head":"<!-- This site is optimized with the Yoast SEO plugin v24.9 - https:\/\/yoast.com\/wordpress\/plugins\/seo\/ -->\n<title>Cartucho filtrante con muelle para calentadores de aceite m\u00f3viles - Polypoles<\/title>\n<meta name=\"description\" content=\"Cartucho de filtro de combustible para tu estufa m\u00f3vil de gas\u00f3leo - Recambios | 24\/48h - Entrega urgente | Polipastos\" \/>\n<meta name=\"robots\" content=\"index, follow, max-snippet:-1, max-image-preview:large, max-video-preview:-1\" \/>\n<link rel=\"canonical\" href=\"https:\/\/www.polypoles.com\/es\/produit\/cartucho-filtrante-con-muelle-para-calentadores-de-aceite-moviles\/\" \/>\n<meta property=\"og:locale\" content=\"es_ES\" \/>\n<meta property=\"og:type\" content=\"article\" \/>\n<meta property=\"og:title\" content=\"Cartucho filtrante con muelle para calentadores de aceite m\u00f3viles - Polypoles\" \/>\n<meta property=\"og:description\" content=\"Cartucho de filtro de combustible para tu estufa m\u00f3vil de gas\u00f3leo - Recambios | 24\/48h - Entrega urgente | Polipastos\" \/>\n<meta property=\"og:url\" content=\"https:\/\/www.polypoles.com\/es\/produit\/cartucho-filtrante-con-muelle-para-calentadores-de-aceite-moviles\/\" \/>\n<meta property=\"og:site_name\" content=\"Polypoles\" \/>\n<meta property=\"article:modified_time\" content=\"2026-02-02T18:08:54+00:00\" \/>\n<meta property=\"og:image\" content=\"https:\/\/www.polypoles.com\/wp-content\/uploads\/2020\/06\/RUPTURE-DE-STOCK.jpg\" \/>\n\t<meta property=\"og:image:width\" content=\"500\" \/>\n\t<meta property=\"og:image:height\" content=\"500\" \/>\n\t<meta property=\"og:image:type\" content=\"image\/jpeg\" \/>\n<meta name=\"twitter:card\" content=\"summary_large_image\" \/>\n<script type=\"application\/ld+json\" class=\"yoast-schema-graph\">{\"@context\":\"https:\/\/schema.org\",\"@graph\":[{\"@type\":\"WebPage\",\"@id\":\"https:\/\/www.polypoles.com\/es\/produit\/cartucho-filtrante-con-muelle-para-calentadores-de-aceite-moviles\/\",\"url\":\"https:\/\/www.polypoles.com\/es\/produit\/cartucho-filtrante-con-muelle-para-calentadores-de-aceite-moviles\/\",\"name\":\"Cartucho filtrante con muelle para calentadores de aceite m\u00f3viles - Polypoles\",\"isPartOf\":{\"@id\":\"https:\/\/www.polypoles.com\/es\/#website\"},\"primaryImageOfPage\":{\"@id\":\"https:\/\/www.polypoles.com\/es\/produit\/cartucho-filtrante-con-muelle-para-calentadores-de-aceite-moviles\/#primaryimage\"},\"image\":{\"@id\":\"https:\/\/www.polypoles.com\/es\/produit\/cartucho-filtrante-con-muelle-para-calentadores-de-aceite-moviles\/#primaryimage\"},\"thumbnailUrl\":\"https:\/\/www.polypoles.com\/wp-content\/uploads\/2020\/06\/RUPTURE-DE-STOCK.jpg\",\"datePublished\":\"2020-06-29T12:32:55+00:00\",\"dateModified\":\"2026-02-02T18:08:54+00:00\",\"description\":\"Cartucho de filtro de combustible para tu estufa m\u00f3vil de gas\u00f3leo - Recambios | 24\/48h - Entrega urgente | Polipastos\",\"breadcrumb\":{\"@id\":\"https:\/\/www.polypoles.com\/es\/produit\/cartucho-filtrante-con-muelle-para-calentadores-de-aceite-moviles\/#breadcrumb\"},\"inLanguage\":\"es\",\"potentialAction\":[{\"@type\":\"ReadAction\",\"target\":[\"https:\/\/www.polypoles.com\/es\/produit\/cartucho-filtrante-con-muelle-para-calentadores-de-aceite-moviles\/\"]}]},{\"@type\":\"ImageObject\",\"inLanguage\":\"es\",\"@id\":\"https:\/\/www.polypoles.com\/es\/produit\/cartucho-filtrante-con-muelle-para-calentadores-de-aceite-moviles\/#primaryimage\",\"url\":\"https:\/\/www.polypoles.com\/wp-content\/uploads\/2020\/06\/RUPTURE-DE-STOCK.jpg\",\"contentUrl\":\"https:\/\/www.polypoles.com\/wp-content\/uploads\/2020\/06\/RUPTURE-DE-STOCK.jpg\",\"width\":500,\"height\":500},{\"@type\":\"BreadcrumbList\",\"@id\":\"https:\/\/www.polypoles.com\/es\/produit\/cartucho-filtrante-con-muelle-para-calentadores-de-aceite-moviles\/#breadcrumb\",\"itemListElement\":[{\"@type\":\"ListItem\",\"position\":1,\"name\":\"Home\",\"item\":\"https:\/\/www.polypoles.com\/es\/\"},{\"@type\":\"ListItem\",\"position\":2,\"name\":\"Shop\",\"item\":\"https:\/\/www.polypoles.com\/es\/shop\/\"},{\"@type\":\"ListItem\",\"position\":3,\"name\":\"Cartucho filtrante con muelle para calentadores de aceite m\u00f3viles\"}]},{\"@type\":\"WebSite\",\"@id\":\"https:\/\/www.polypoles.com\/es\/#website\",\"url\":\"https:\/\/www.polypoles.com\/es\/\",\"name\":\"Polypoles\",\"description\":\"Votre partenaire chaud-froid\",\"publisher\":{\"@id\":\"https:\/\/www.polypoles.com\/es\/#organization\"},\"potentialAction\":[{\"@type\":\"SearchAction\",\"target\":{\"@type\":\"EntryPoint\",\"urlTemplate\":\"https:\/\/www.polypoles.com\/es\/?s={search_term_string}\"},\"query-input\":{\"@type\":\"PropertyValueSpecification\",\"valueRequired\":true,\"valueName\":\"search_term_string\"}}],\"inLanguage\":\"es\"},{\"@type\":\"Organization\",\"@id\":\"https:\/\/www.polypoles.com\/es\/#organization\",\"name\":\"Polypoles\",\"url\":\"https:\/\/www.polypoles.com\/es\/\",\"logo\":{\"@type\":\"ImageObject\",\"inLanguage\":\"es\",\"@id\":\"https:\/\/www.polypoles.com\/es\/#\/schema\/logo\/image\/\",\"url\":\"https:\/\/www.polypoles.com\/wp-content\/uploads\/2024\/06\/base-25-cm-300-DPI-scaled.jpg\",\"contentUrl\":\"https:\/\/www.polypoles.com\/wp-content\/uploads\/2024\/06\/base-25-cm-300-DPI-scaled.jpg\",\"width\":2560,\"height\":497,\"caption\":\"Polypoles\"},\"image\":{\"@id\":\"https:\/\/www.polypoles.com\/es\/#\/schema\/logo\/image\/\"}}]}<\/script>\n<!-- \/ Yoast SEO plugin. -->","yoast_head_json":{"title":"Cartucho filtrante con muelle para calentadores de aceite m\u00f3viles - Polypoles","description":"Cartucho de filtro de combustible para tu estufa m\u00f3vil de gas\u00f3leo - Recambios | 24\/48h - Entrega urgente | Polipastos","robots":{"index":"index","follow":"follow","max-snippet":"max-snippet:-1","max-image-preview":"max-image-preview:large","max-video-preview":"max-video-preview:-1"},"canonical":"https:\/\/www.polypoles.com\/es\/produit\/cartucho-filtrante-con-muelle-para-calentadores-de-aceite-moviles\/","og_locale":"es_ES","og_type":"article","og_title":"Cartucho filtrante con muelle para calentadores de aceite m\u00f3viles - Polypoles","og_description":"Cartucho de filtro de combustible para tu estufa m\u00f3vil de gas\u00f3leo - Recambios | 24\/48h - Entrega urgente | Polipastos","og_url":"https:\/\/www.polypoles.com\/es\/produit\/cartucho-filtrante-con-muelle-para-calentadores-de-aceite-moviles\/","og_site_name":"Polypoles","article_modified_time":"2026-02-02T18:08:54+00:00","og_image":[{"width":500,"height":500,"url":"https:\/\/www.polypoles.com\/wp-content\/uploads\/2020\/06\/RUPTURE-DE-STOCK.jpg","type":"image\/jpeg"}],"twitter_card":"summary_large_image","schema":{"@context":"https:\/\/schema.org","@graph":[{"@type":"WebPage","@id":"https:\/\/www.polypoles.com\/es\/produit\/cartucho-filtrante-con-muelle-para-calentadores-de-aceite-moviles\/","url":"https:\/\/www.polypoles.com\/es\/produit\/cartucho-filtrante-con-muelle-para-calentadores-de-aceite-moviles\/","name":"Cartucho filtrante con muelle para calentadores de aceite m\u00f3viles - Polypoles","isPartOf":{"@id":"https:\/\/www.polypoles.com\/es\/#website"},"primaryImageOfPage":{"@id":"https:\/\/www.polypoles.com\/es\/produit\/cartucho-filtrante-con-muelle-para-calentadores-de-aceite-moviles\/#primaryimage"},"image":{"@id":"https:\/\/www.polypoles.com\/es\/produit\/cartucho-filtrante-con-muelle-para-calentadores-de-aceite-moviles\/#primaryimage"},"thumbnailUrl":"https:\/\/www.polypoles.com\/wp-content\/uploads\/2020\/06\/RUPTURE-DE-STOCK.jpg","datePublished":"2020-06-29T12:32:55+00:00","dateModified":"2026-02-02T18:08:54+00:00","description":"Cartucho de filtro de combustible para tu estufa m\u00f3vil de gas\u00f3leo - Recambios | 24\/48h - Entrega urgente | Polipastos","breadcrumb":{"@id":"https:\/\/www.polypoles.com\/es\/produit\/cartucho-filtrante-con-muelle-para-calentadores-de-aceite-moviles\/#breadcrumb"},"inLanguage":"es","potentialAction":[{"@type":"ReadAction","target":["https:\/\/www.polypoles.com\/es\/produit\/cartucho-filtrante-con-muelle-para-calentadores-de-aceite-moviles\/"]}]},{"@type":"ImageObject","inLanguage":"es","@id":"https:\/\/www.polypoles.com\/es\/produit\/cartucho-filtrante-con-muelle-para-calentadores-de-aceite-moviles\/#primaryimage","url":"https:\/\/www.polypoles.com\/wp-content\/uploads\/2020\/06\/RUPTURE-DE-STOCK.jpg","contentUrl":"https:\/\/www.polypoles.com\/wp-content\/uploads\/2020\/06\/RUPTURE-DE-STOCK.jpg","width":500,"height":500},{"@type":"BreadcrumbList","@id":"https:\/\/www.polypoles.com\/es\/produit\/cartucho-filtrante-con-muelle-para-calentadores-de-aceite-moviles\/#breadcrumb","itemListElement":[{"@type":"ListItem","position":1,"name":"Home","item":"https:\/\/www.polypoles.com\/es\/"},{"@type":"ListItem","position":2,"name":"Shop","item":"https:\/\/www.polypoles.com\/es\/shop\/"},{"@type":"ListItem","position":3,"name":"Cartucho filtrante con muelle para calentadores de aceite m\u00f3viles"}]},{"@type":"WebSite","@id":"https:\/\/www.polypoles.com\/es\/#website","url":"https:\/\/www.polypoles.com\/es\/","name":"Polypoles","description":"Votre partenaire chaud-froid","publisher":{"@id":"https:\/\/www.polypoles.com\/es\/#organization"},"potentialAction":[{"@type":"SearchAction","target":{"@type":"EntryPoint","urlTemplate":"https:\/\/www.polypoles.com\/es\/?s={search_term_string}"},"query-input":{"@type":"PropertyValueSpecification","valueRequired":true,"valueName":"search_term_string"}}],"inLanguage":"es"},{"@type":"Organization","@id":"https:\/\/www.polypoles.com\/es\/#organization","name":"Polypoles","url":"https:\/\/www.polypoles.com\/es\/","logo":{"@type":"ImageObject","inLanguage":"es","@id":"https:\/\/www.polypoles.com\/es\/#\/schema\/logo\/image\/","url":"https:\/\/www.polypoles.com\/wp-content\/uploads\/2024\/06\/base-25-cm-300-DPI-scaled.jpg","contentUrl":"https:\/\/www.polypoles.com\/wp-content\/uploads\/2024\/06\/base-25-cm-300-DPI-scaled.jpg","width":2560,"height":497,"caption":"Polypoles"},"image":{"@id":"https:\/\/www.polypoles.com\/es\/#\/schema\/logo\/image\/"}}]}},"_links":{"self":[{"href":"https:\/\/www.polypoles.com\/es\/wp-json\/wp\/v2\/product\/25334","targetHints":{"allow":["GET"]}}],"collection":[{"href":"https:\/\/www.polypoles.com\/es\/wp-json\/wp\/v2\/product"}],"about":[{"href":"https:\/\/www.polypoles.com\/es\/wp-json\/wp\/v2\/types\/product"}],"wp:featuredmedia":[{"embeddable":true,"href":"https:\/\/www.polypoles.com\/es\/wp-json\/wp\/v2\/media\/33891"}],"wp:attachment":[{"href":"https:\/\/www.polypoles.com\/es\/wp-json\/wp\/v2\/media?parent=25334"}],"wp:term":[{"taxonomy":"product_brand","embeddable":true,"href":"https:\/\/www.polypoles.com\/es\/wp-json\/wp\/v2\/product_brand?post=25334"},{"taxonomy":"product_cat","embeddable":true,"href":"https:\/\/www.polypoles.com\/es\/wp-json\/wp\/v2\/product_cat?post=25334"},{"taxonomy":"product_tag","embeddable":true,"href":"https:\/\/www.polypoles.com\/es\/wp-json\/wp\/v2\/product_tag?post=25334"}],"curies":[{"name":"wp","href":"https:\/\/api.w.org\/{rel}","templated":true}]}}