{"id":35131,"date":"2026-03-02T16:15:00","date_gmt":"2026-03-02T15:15:00","guid":{"rendered":"https:\/\/www.polypoles.com\/noticias\/nuestros-logros\/como-elijo-el-deshumidificador-adecuado\/"},"modified":"2026-03-27T11:28:55","modified_gmt":"2026-03-27T10:28:55","slug":"como-elijo-el-deshumidificador-adecuado","status":"publish","type":"page","link":"https:\/\/www.polypoles.com\/es\/noticias\/nuestros-logros\/como-elijo-el-deshumidificador-adecuado\/","title":{"rendered":"\u00bfC\u00f3mo elijo el deshumidificador adecuado?"},"content":{"rendered":"<div class=\"wpb-content-wrapper\"><p>[vc_row][vc_column][vc_column_text css=\u00bb\u00bb]<\/p>\n<h1 style=\"text-align: center;\">Gu\u00eda para elegir tu deshumidificador<\/h1>\n<p>[\/vc_column_text][vc_separator css=\u00bb\u00bb][\/vc_column][\/vc_row][vc_row][vc_column][vc_column_text css=\u00bb\u00bb]<\/p>\n<blockquote><p><span style=\"color: #808080;\"><strong data-start=\"26\" data-end=\"56\">Actualizado el 02 de marzo de 2026<\/strong><\/span><\/p><\/blockquote>\n<p>[\/vc_column_text][\/vc_column][\/vc_row][vc_row][vc_column][vc_column_text css=\u00bb\u00bb]<\/p>\n<p data-start=\"543\" data-end=\"821\">En las obras, la humedad puede ralentizar el trabajo, da\u00f1ar los materiales y comprometer la calidad de los acabados. Los deshumidificadores profesionales Polypoles te permiten secar r\u00e1pidamente los espacios y garantizar unas condiciones \u00f3ptimas para tu trabajo. <\/p>\n<p data-start=\"409\" data-end=\"724\">Seg\u00fan tus necesidades, hay <strong>distintos tipos de deshumidificador<\/strong>. Lee nuestros consejos en este art\u00edculo y echa un vistazo a nuestros <a href=\"https:\/\/www.polypoles.com\/es\/categorie-produit\/tratamiento-del-aire\/deshumidificador\/\">deshumidificadores<\/a>. <\/p>\n<p>[\/vc_column_text][\/vc_column][\/vc_row][vc_row][vc_column][vc_column_text css=\u00bb\u00bb]<\/p>\n<div class=\"vc_row wpb_row vc_inner vc_row-fluid\">\n<div class=\"wpb_column vc_column_container vc_col-sm-3\">\n<div class=\"vc_column-inner\">\n<div class=\"wpb_wrapper\">\n<div class=\"wpb_raw_code wpb_raw_html wpb_content_element\">\n<div class=\"wpb_wrapper\">\n<div class=\"vc_btn3-container appel vc_btn3-center vc_do_btn\"><a class=\"vc_general vc_btn3 vc_btn3-size-lg vc_btn3-shape-rounded vc_btn3-style-modern vc_btn3-icon-left vc_btn3-color-success\" title=\"Llama a Polypoles\" href=\"tel:+33810020851\" rel=\"nofollow\"><i class=\"vc_btn3-icon fa fa-solid fa-phone\"><\/i> <b>Contacta con nosotros<\/b><br \/>\n0 810 020 851<\/a><\/div>\n<\/div>\n<\/div>\n<\/div>\n<\/div>\n<\/div>\n<div class=\"wpb_column vc_column_container vc_col-sm-3\">\n<div class=\"vc_column-inner\">\n<div class=\"wpb_wrapper\">[vc_raw_html css=\u00bb\u00bb]PGRpdiBjbGFzcz0idmNfYnRuMy1jb250YWluZXIgZGV2aXMgdmNfYnRuMy1pbmxpbmUgdmNfZG9fYnRuIj48YSBjbGFzcz0idmNfZ2VuZXJhbCB2Y19idG4zIHZjX2J0bjMtc2l6ZS1sZyB2Y19idG4zLXNoYXBlLXJvdW5kZWQgdmNfYnRuMy1zdHlsZS1tb2Rlcm4gdmNfYnRuMy1pY29uLWxlZnQgdmNfYnRuMy1jb2xvci1wcmltYXJ5IiBocmVmPSJodHRwczovL3d3dy5wb2x5cG9sZXMuY29tL2VzL3BvbnRlLWVuLWNvbnRhY3RvLWNvbi8iIHRpdGxlPSJQb250ZSBlbiBjb250YWN0byBjb24iPjxpIGNsYXNzPSJ2Y19idG4zLWljb24gZmFyIGZhLWVudmVsb3BlIj48L2k+ICBDb25zaWd1ZSB1bjxiPnByZXN1cHVlc3RvIGdyYXR1aXRvIGVuPC9iPjxicj48Yj48L2I+PC9hPjwvZGl2Pg==[\/vc_raw_html]<\/div>\n<\/div>\n<\/div>\n<\/div>\n<p>[\/vc_column_text][\/vc_column][\/vc_row][vc_row][vc_column width=\u00bb2\/3&#8243;][vc_column_text css=\u00bb\u00bb][\/vc_column_text][vc_column_text css=\u00bb\u00bb]<\/p>\n<h2><strong>\u00bfQu\u00e9 es un deshumidificador?<\/strong><\/h2>\n<p data-start=\"155\" data-end=\"465\">Un deshumidificador es un aparato dise\u00f1ado para secar r\u00e1pidamente un espacio o estabilizar el nivel de humedad de una habitaci\u00f3n. Es especialmente eficaz para reducir el exceso de humedad en el aire, que puede provocar la aparici\u00f3n de moho y problemas respiratorios. <\/p>\n<h2 data-start=\"472\" data-end=\"526\"><strong>\u00bfCu\u00e1ndo se debe utilizar un deshumidificador?<\/strong><\/h2>\n<p data-start=\"528\" data-end=\"944\">Los deshumidificadores se utilizan con frecuencia en sectores como la construcci\u00f3n y la ingenier\u00eda civil. En concreto, se utilizan para acelerar el secado tras la finalizaci\u00f3n de una obra, o para tratar zonas de almacenamiento expuestas a la humedad. Tambi\u00e9n son adecuados para diversos entornos, como oficinas, cuartos h\u00famedos, salas polivalentes, s\u00f3tanos, instalaciones deportivas y almacenes.  <\/p>\n<h2 data-start=\"951\" data-end=\"992\"><strong>\u00bfC\u00f3mo funciona?<\/strong><\/h2>\n<p data-start=\"994\" data-end=\"1368\" data-is-last-node=\"\" data-is-only-node=\"\">La unidad aspira el aire ambiente cargado de humedad mediante un ventilador, luego lo filtra antes de dirigirlo a un evaporador. Aqu\u00ed, el aire se enfr\u00eda por debajo de su punto de roc\u00edo, haciendo que el agua que contiene se condense. El agua recuperada se recoge entonces en una bandeja incorporada o se descarga al exterior mediante un sistema de drenaje.  <\/p>\n<p>[\/vc_column_text][\/vc_column][vc_column width=\u00bb1\/3&#8243;][vc_column_text css=\u00bb\u00bb][\/vc_column_text][vc_gallery type=\u00bbimage_grid\u00bb images=\u00bb11973&#8243; img_size=\u00bb400&#215;550&#8243; css=\u00bb\u00bb][\/vc_column][\/vc_row][vc_row][vc_column width=\u00bb1\/4&#8243;][vc_gallery type=\u00bbimage_grid\u00bb images=\u00bb35444&#8243; img_size=\u00bb350&#215;400&#8243; css=\u00bb\u00bb][\/vc_column][vc_column width=\u00bb3\/4&#8243;][vc_column_text css=\u00bb\u00bb]<\/p>\n<h2 data-start=\"731\" data-end=\"785\"><strong>Aplicaciones :<\/strong><\/h2>\n<p>\u2705 Obras p\u00fablicas y edificios de nueva construcci\u00f3n<br \/>\n\u2705 Nuevos edificios y locales comerciales<br \/>\n\u2705 Almacenes, gimnasios e instalaciones industriales<br \/>\n\u2705 S\u00f3tanos, archivos, salas de recepci\u00f3n y oficinas<\/p>\n<h2><strong>Nuestras soluciones son ideales para :  <\/strong><\/h2>\n<p>\u2705 Reparaci\u00f3n de da\u00f1os por agua<br \/>\n\u2705 Deshumidificaci\u00f3n de estructuras<br \/>\n\u2705 Mantener un nivel de humedad constante<br \/>\n\u2705 Secado r\u00e1pido tras filtraciones o da\u00f1os[\/vc_column_text][\/vc_column][\/vc_row][vc_row el_class=\u00bbblog realisation realisations\u00bb][vc_column][vc_column_text css=\u00bb\u00bb][\/vc_column_text][vc_column_text css=\u00bb\u00bb][\/vc_column_text]\r\n        <div class=\"rs-heading    \">\r\n        \t<div class=\"title-inner\">\r\n        \t\t\r\n\t            \r\n\t            <h2 class=\"title \">Nuestro trabajo con deshumidificadores<\/h2>\r\n\t        <\/div><\/div>[vc_basic_grid post_type=\u00bbpage\u00bb max_items=\u00bb3&#8243; orderby=\u00bbcomment_count\u00bb order=\u00bbASC\u00bb css=\u00bb\u00bb grid_id=\u00bbvc_gid:1774607235419-9c2c3b91-3bb4-4&#8243; taxonomies=\u00bb129&#8243; exclude=\u00bb27885, 27125, 19627, 11190, 18766, 29582, 14571, 14420, 14346, 13666, 10966, 10870, 10861, 10427, 13596, 13888, 14218, 14778, 11663&#8243;][\/vc_column][\/vc_row][vc_row][vc_column][vc_separator][vc_column_text css=\u00bb\u00bb]<\/p>\n<h2>\u00bfQuieres alquilar un deshumidificador?<\/h2>\n<p>Ponte en contacto con nosotros por tel\u00e9fono o rellena el siguiente formulario.[\/vc_column_text][\/vc_column][\/vc_row][vc_row][vc_column width=\u00bb1\/6&#8243;][vc_single_image image=\u00bb27027&#8243; style=\u00bbvc_box_border_circle_2&#8243; css=\u00bb\u00bb][\/vc_column][vc_column width=\u00bb5\/6&#8243;][vc_column_text css=\u00bb\u00bb]<span class=\"TextRun SCXW181652322 BCX8\" lang=\"FR-FR\" data-contrast=\"none\" xml:lang=\"FR-FR\"><span class=\"NormalTextRun SCXW181652322 BCX8\">Polypoles te ofrece su deshumidificador p<\/span><\/span><span class=\"EOP SCXW181652322 BCX8\" data-ccp-props=\"{\"201341983\":0,\"335559739\":0,\"335559740\":240}\"><span class=\"TextRun SCXW52318390 BCX8\" lang=\"FR-FR\" xml:lang=\"FR-FR\" data-contrast=\"auto\"><span class=\"NormalTextRun SCXW52318390 BCX8\">o tus proyectos. Tus necesidades de emergencia o requisitos espec\u00edficos,   <\/span><\/span><span class=\"TextRun SCXW52318390 BCX8\" lang=\"FR-FR\" data-contrast=\"auto\"><span class=\"NormalTextRun SCXW52318390 BCX8\">Polypoles es tu socio de confianza<\/span><\/span><span class=\"TextRun SCXW52318390 BCX8\" lang=\"FR-FR\" data-contrast=\"auto\"><span class=\"NormalTextRun SCXW52318390 BCX8\">. <\/span><\/span><span class=\"TextRun SCXW52318390 BCX8\" lang=\"FR-FR\" data-contrast=\"auto\"><span class=\"NormalTextRun SCXW52318390 BCX8\">Ponte en contacto con nosotros en<\/span><\/span><span class=\"TextRun SCXW52318390 BCX8\" lang=\"FR-FR\" data-contrast=\"auto\"><span class=\"NormalTextRun SCXW52318390 BCX8\"> hoy mismo para saber m\u00e1s sobre nuestras soluciones.<\/span><\/span><\/span>[\/vc_column_text][vc_raw_html css=\u00bb\u00bb]PGRpdiBjbGFzcz0idmNfYnRuMy1jb250YWluZXIgYXBwZWwgdmNfYnRuMy1jZW50ZXIgdmNfZG9fYnRuIj48YSBjbGFzcz0idmNfZ2VuZXJhbCB2Y19idG4zIHZjX2J0bjMtc2l6ZS1sZyB2Y19idG4zLXNoYXBlLXJvdW5kZWQgdmNfYnRuMy1zdHlsZS1tb2Rlcm4gdmNfYnRuMy1pY29uLWxlZnQgdmNfYnRuMy1jb2xvci1zdWNjZXNzIiBocmVmPSJ0ZWw6KzMzODEwMDIwODUxIiB0aXRsZT0iTGxhbWEgYSBQb2x5cG9sZXMiIHJlbD0ibm9mb2xsb3ciPjxpIGNsYXNzPSJ2Y19idG4zLWljb24gZmEgZmEtc29saWQgZmEtcGhvbmUiPjwvaT4gPGI+Q29udGFjdGEgY29uIG5vc290cm9zPC9iPjxicj4wIDgxMCAwMjAgODUxPC9hPjwvZGl2Pg==[\/vc_raw_html][\/vc_column][\/vc_row][vc_row][vc_column]\n<div class=\"wpcf7 no-js\" id=\"wpcf7-f24308-o1\" lang=\"es-ES\" dir=\"ltr\" data-wpcf7-id=\"24308\">\n<div class=\"screen-reader-response\"><p role=\"status\" aria-live=\"polite\" aria-atomic=\"true\"><\/p> <ul><\/ul><\/div>\n<form action=\"\/es\/wp-json\/wp\/v2\/pages\/35131#wpcf7-f24308-o1\" method=\"post\" class=\"wpcf7-form init\" aria-label=\"Formulario de contacto\" novalidate=\"novalidate\" data-status=\"init\">\n<div style=\"display: none;\">\n<input type=\"hidden\" name=\"_wpcf7\" value=\"24308\" \/>\n<input type=\"hidden\" name=\"_wpcf7_version\" value=\"6.0.6\" \/>\n<input type=\"hidden\" name=\"_wpcf7_locale\" value=\"es_ES\" \/>\n<input type=\"hidden\" name=\"_wpcf7_unit_tag\" value=\"wpcf7-f24308-o1\" \/>\n<input type=\"hidden\" name=\"_wpcf7_container_post\" value=\"0\" \/>\n<input type=\"hidden\" name=\"_wpcf7_posted_data_hash\" value=\"\" \/>\n<input type=\"hidden\" name=\"_wpcf7_recaptcha_response\" value=\"\" \/>\n<\/div>\n<p><i>Todos los campos son obligatorios.<\/i>\n<\/p>\n<div class=\"row\">\n\t<div class=\"col-sm-4\">\n\t\t<p><label> Tu nombre<br \/>\n<span class=\"wpcf7-form-control-wrap\" data-name=\"Votrenom\"><input size=\"40\" maxlength=\"400\" class=\"wpcf7-form-control wpcf7-text wpcf7-validates-as-required\" aria-required=\"true\" aria-invalid=\"false\" value=\"\" type=\"text\" name=\"Votrenom\" \/><\/span><\/label>\n\t\t<\/p>\n\t<\/div>\n\t<div class=\"col-sm-4\">\n\t\t<p><label> Tu empresa<br \/>\n<span class=\"wpcf7-form-control-wrap\" data-name=\"societe\"><input size=\"40\" maxlength=\"400\" class=\"wpcf7-form-control wpcf7-text wpcf7-validates-as-required\" aria-required=\"true\" aria-invalid=\"false\" value=\"\" type=\"text\" name=\"societe\" \/><\/span> <\/label>\n\t\t<\/p>\n\t<\/div>\n\t<div class=\"col-sm-4\">\n\t\t<p><label> Tu e-mail<br \/>\n<span class=\"wpcf7-form-control-wrap\" data-name=\"your-email\"><input size=\"40\" maxlength=\"400\" class=\"wpcf7-form-control wpcf7-email wpcf7-validates-as-required wpcf7-text wpcf7-validates-as-email\" aria-required=\"true\" aria-invalid=\"false\" value=\"\" type=\"email\" name=\"your-email\" \/><\/span> <\/label>\n\t\t<\/p>\n\t<\/div>\n\t<div class=\"col-sm-4\">\n\t\t<p><label> Tu n\u00famero de tel\u00e9fono<br \/>\n<span class=\"wpcf7-form-control-wrap\" data-name=\"phone\"><input size=\"40\" maxlength=\"400\" class=\"wpcf7-form-control wpcf7-tel wpcf7-validates-as-required wpcf7-text wpcf7-validates-as-tel\" aria-required=\"true\" aria-invalid=\"false\" value=\"\" type=\"tel\" name=\"phone\" \/><\/span> <\/label>\n\t\t<\/p>\n\t<\/div>\n\t<div class=\"col-sm-4\">\n\t\t<p><label><br \/>\n<span class=\"wpcf7-form-control-wrap\" data-name=\"typologie\"><select class=\"wpcf7-form-control wpcf7-select wpcf7-validates-as-required\" aria-required=\"true\" aria-invalid=\"false\" name=\"typologie\"><option value=\"Tu solicitud se refiere a la venta en alquiler de otros\">Tu solicitud se refiere a la venta en alquiler de otros<\/option><\/select><\/span> <\/label>\n\t\t<\/p>\n\t<\/div>\n\t<div class=\"col-sm-4\">\n\t\t<p><label> Tu departamento<br \/>\n<span class=\"wpcf7-form-control-wrap\" data-name=\"departement\"><input size=\"40\" maxlength=\"400\" class=\"wpcf7-form-control wpcf7-text wpcf7-validates-as-required\" aria-required=\"true\" aria-invalid=\"false\" value=\"\" type=\"text\" name=\"departement\" \/><\/span> <\/label>\n\t\t<\/p>\n\t<\/div>\n\t<div class=\"col-sm-12\">\n\t\t<p><label> Tu mensaje<br \/>\n<span class=\"wpcf7-form-control-wrap\" data-name=\"your-message\"><textarea cols=\"40\" rows=\"10\" maxlength=\"2000\" class=\"wpcf7-form-control wpcf7-textarea wpcf7-validates-as-required\" aria-required=\"true\" aria-invalid=\"false\" name=\"your-message\"><\/textarea><\/span> <\/label>\n\t\t<\/p>\n\t<\/div>\n\t<p><span class=\"wpcf7-form-control-wrap\" data-name=\"RGPD\"><span class=\"wpcf7-form-control wpcf7-checkbox wpcf7-validates-as-required\"><span class=\"wpcf7-list-item first last\"><label><input type=\"checkbox\" name=\"RGPD[]\" value=\"Acepto que los datos introducidos en este formulario sean utilizados por Polypoles para tramitar mi solicitud.\" \/><span class=\"wpcf7-list-item-label\">Acepto que los datos introducidos en este formulario sean utilizados por Polypoles para tramitar mi solicitud.<\/span><\/label><\/span><\/span><\/span>\n\t<\/p>\n\t<div class=\"form-button col-sm-12\">\n\t\t<div class=\"form-button col-sm-12\">\n\t\t\t<p class=\"submit-btn\"><input class=\"wpcf7-form-control wpcf7-submit has-spinner\" type=\"submit\" value=\"Confirma\" \/><i class=\"fa flaticon-right-arrow\"><\/i>\n\t\t\t<\/p>\n\t\t<\/div>\n\t<\/div>\n<\/div><input type='hidden' class='wpcf7-pum' value='{\"closepopup\":false,\"closedelay\":0,\"openpopup\":false,\"openpopup_id\":0}' \/><div class=\"wpcf7-response-output\" aria-hidden=\"true\"><\/div>\n<\/form>\n<\/div>\n[\/vc_column][\/vc_row][vc_row][vc_column][vc_column_text css=\u00bb\u00bb]<\/p>\n<h2>Deshumidificador<\/h2>\n<p>[\/vc_column_text][dhvc_woo_product_page_product_categories columns=\u00bb5&#8243; orderby=\u00bb\u00bb order=\u00bb\u00bb hide_empty=\u00bb1&#8243; el_class=\u00bb\u00bb ids=\u00bb51&#8243; number=\u00bb\u00bb parent=\u00bb\u00bb][\/vc_column][\/vc_row][vc_row css=\u00bb.vc_custom_1748601067112{border-top-width: 2px !important;border-right-width: 2px !important;border-bottom-width: 2px !important;border-left-width: 2px !important;border-left-style: solid !important;border-right-style: solid !important;border-top-style: solid !important;border-bottom-style: solid !important;border-radius: 5px !important;border-color: #E7E7E7 !important;}\u00bb][vc_column][vc_row_inner][vc_column_inner width=\u00bb1\/6&#8243;][vc_single_image image=\u00bb30195&#8243; img_size=\u00bb200*200&#8243; add_caption=\u00bbyes\u00bb alignment=\u00bbcenter\u00bb style=\u00bbvc_box_circle_2&#8243; css=\u00bb\u00bb][\/vc_column_inner][vc_column_inner width=\u00bb5\/6&#8243;][vc_column_text css=\u00bb\u00bb]<\/p>\n<h2 class=\"about-author\"><em><strong>Sobre el autor<\/strong><\/em><\/h2>\n<h2><span style=\"color: #009cde;\"><strong>Pierre Perrinet<\/strong><\/span><\/h2>\n<p>Ingeniero de Arts et M\u00e9tiers, gerente y presidente de Polypoles desde hace m\u00e1s de 25 a\u00f1os, experto en climatizaci\u00f3n, calefacci\u00f3n, ventilaci\u00f3n y tratamiento del aire.[\/vc_column_text][\/vc_column_inner][\/vc_row_inner][\/vc_column][\/vc_row]<\/p>\n<\/div>","protected":false},"excerpt":{"rendered":"<p>Lee nuestro art\u00edculo sobre c\u00f3mo elegir el deshumidificador adecuado<\/p>\n","protected":false},"author":3,"featured_media":35444,"parent":25139,"menu_order":0,"comment_status":"closed","ping_status":"closed","template":"","meta":{"_acf_changed":false,"footnotes":""},"tags":[234,235],"class_list":["post-35131","page","type-page","status-publish","has-post-thumbnail","hentry","tag-noticias","tag-noticias-es"],"acf":[],"yoast_head":"<!-- This site is optimized with the Yoast SEO plugin v24.9 - https:\/\/yoast.com\/wordpress\/plugins\/seo\/ -->\n<title>\u00bfC\u00f3mo elijo el deshumidificador adecuado?<\/title>\n<meta name=\"description\" content=\"Lee nuestro art\u00edculo sobre c\u00f3mo elegir el deshumidificador adecuado - Presupuesto gratuito - Nuestros expertos responden a tus necesidades\" \/>\n<meta name=\"robots\" content=\"index, follow, max-snippet:-1, max-image-preview:large, max-video-preview:-1\" \/>\n<link rel=\"canonical\" href=\"https:\/\/www.polypoles.com\/es\/noticias\/nuestros-logros\/como-elijo-el-deshumidificador-adecuado\/\" \/>\n<meta property=\"og:locale\" content=\"es_ES\" \/>\n<meta property=\"og:type\" content=\"article\" \/>\n<meta property=\"og:title\" content=\"\u00bfC\u00f3mo elijo el deshumidificador adecuado?\" \/>\n<meta property=\"og:description\" content=\"Lee nuestro art\u00edculo sobre c\u00f3mo elegir el deshumidificador adecuado - Presupuesto gratuito - Nuestros expertos responden a tus necesidades\" \/>\n<meta property=\"og:url\" content=\"https:\/\/www.polypoles.com\/es\/noticias\/nuestros-logros\/como-elijo-el-deshumidificador-adecuado\/\" \/>\n<meta property=\"og:site_name\" content=\"Polypoles\" \/>\n<meta property=\"article:modified_time\" content=\"2026-03-27T10:28:55+00:00\" \/>\n<meta property=\"og:image\" content=\"https:\/\/www.polypoles.com\/wp-content\/uploads\/2026\/03\/Photos-deshu.jpg\" \/>\n\t<meta property=\"og:image:width\" content=\"1599\" \/>\n\t<meta property=\"og:image:height\" content=\"1200\" \/>\n\t<meta property=\"og:image:type\" content=\"image\/jpeg\" \/>\n<meta name=\"twitter:card\" content=\"summary_large_image\" \/>\n<meta name=\"twitter:label1\" content=\"Tiempo de lectura\" \/>\n\t<meta name=\"twitter:data1\" content=\"5 minutos\" \/>\n<script type=\"application\/ld+json\" class=\"yoast-schema-graph\">{\"@context\":\"https:\/\/schema.org\",\"@graph\":[{\"@type\":\"WebPage\",\"@id\":\"https:\/\/www.polypoles.com\/es\/noticias\/nuestros-logros\/como-elijo-el-deshumidificador-adecuado\/\",\"url\":\"https:\/\/www.polypoles.com\/es\/noticias\/nuestros-logros\/como-elijo-el-deshumidificador-adecuado\/\",\"name\":\"\u00bfC\u00f3mo elijo el deshumidificador adecuado?\",\"isPartOf\":{\"@id\":\"https:\/\/www.polypoles.com\/es\/#website\"},\"primaryImageOfPage\":{\"@id\":\"https:\/\/www.polypoles.com\/es\/noticias\/nuestros-logros\/como-elijo-el-deshumidificador-adecuado\/#primaryimage\"},\"image\":{\"@id\":\"https:\/\/www.polypoles.com\/es\/noticias\/nuestros-logros\/como-elijo-el-deshumidificador-adecuado\/#primaryimage\"},\"thumbnailUrl\":\"https:\/\/www.polypoles.com\/wp-content\/uploads\/2026\/03\/Photos-deshu.jpg\",\"datePublished\":\"2026-03-02T15:15:00+00:00\",\"dateModified\":\"2026-03-27T10:28:55+00:00\",\"description\":\"Lee nuestro art\u00edculo sobre c\u00f3mo elegir el deshumidificador adecuado - Presupuesto gratuito - Nuestros expertos responden a tus necesidades\",\"breadcrumb\":{\"@id\":\"https:\/\/www.polypoles.com\/es\/noticias\/nuestros-logros\/como-elijo-el-deshumidificador-adecuado\/#breadcrumb\"},\"inLanguage\":\"es\",\"potentialAction\":[{\"@type\":\"ReadAction\",\"target\":[\"https:\/\/www.polypoles.com\/es\/noticias\/nuestros-logros\/como-elijo-el-deshumidificador-adecuado\/\"]}]},{\"@type\":\"ImageObject\",\"inLanguage\":\"es\",\"@id\":\"https:\/\/www.polypoles.com\/es\/noticias\/nuestros-logros\/como-elijo-el-deshumidificador-adecuado\/#primaryimage\",\"url\":\"https:\/\/www.polypoles.com\/wp-content\/uploads\/2026\/03\/Photos-deshu.jpg\",\"contentUrl\":\"https:\/\/www.polypoles.com\/wp-content\/uploads\/2026\/03\/Photos-deshu.jpg\",\"width\":1599,\"height\":1200},{\"@type\":\"BreadcrumbList\",\"@id\":\"https:\/\/www.polypoles.com\/es\/noticias\/nuestros-logros\/como-elijo-el-deshumidificador-adecuado\/#breadcrumb\",\"itemListElement\":[{\"@type\":\"ListItem\",\"position\":1,\"name\":\"Home\",\"item\":\"https:\/\/www.polypoles.com\/es\/\"},{\"@type\":\"ListItem\",\"position\":2,\"name\":\"Noticias\",\"item\":\"https:\/\/www.polypoles.com\/es\/noticias\/\"},{\"@type\":\"ListItem\",\"position\":3,\"name\":\"Nuestros logros\",\"item\":\"https:\/\/www.polypoles.com\/es\/noticias\/nuestros-logros\/\"},{\"@type\":\"ListItem\",\"position\":4,\"name\":\"\u00bfC\u00f3mo elijo el deshumidificador adecuado?\"}]},{\"@type\":\"WebSite\",\"@id\":\"https:\/\/www.polypoles.com\/es\/#website\",\"url\":\"https:\/\/www.polypoles.com\/es\/\",\"name\":\"Polypoles\",\"description\":\"Votre partenaire chaud-froid\",\"publisher\":{\"@id\":\"https:\/\/www.polypoles.com\/es\/#organization\"},\"potentialAction\":[{\"@type\":\"SearchAction\",\"target\":{\"@type\":\"EntryPoint\",\"urlTemplate\":\"https:\/\/www.polypoles.com\/es\/?s={search_term_string}\"},\"query-input\":{\"@type\":\"PropertyValueSpecification\",\"valueRequired\":true,\"valueName\":\"search_term_string\"}}],\"inLanguage\":\"es\"},{\"@type\":\"Organization\",\"@id\":\"https:\/\/www.polypoles.com\/es\/#organization\",\"name\":\"Polypoles\",\"url\":\"https:\/\/www.polypoles.com\/es\/\",\"logo\":{\"@type\":\"ImageObject\",\"inLanguage\":\"es\",\"@id\":\"https:\/\/www.polypoles.com\/es\/#\/schema\/logo\/image\/\",\"url\":\"https:\/\/www.polypoles.com\/wp-content\/uploads\/2024\/06\/base-25-cm-300-DPI-scaled.jpg\",\"contentUrl\":\"https:\/\/www.polypoles.com\/wp-content\/uploads\/2024\/06\/base-25-cm-300-DPI-scaled.jpg\",\"width\":2560,\"height\":497,\"caption\":\"Polypoles\"},\"image\":{\"@id\":\"https:\/\/www.polypoles.com\/es\/#\/schema\/logo\/image\/\"}}]}<\/script>\n<!-- \/ Yoast SEO plugin. -->","yoast_head_json":{"title":"\u00bfC\u00f3mo elijo el deshumidificador adecuado?","description":"Lee nuestro art\u00edculo sobre c\u00f3mo elegir el deshumidificador adecuado - Presupuesto gratuito - Nuestros expertos responden a tus necesidades","robots":{"index":"index","follow":"follow","max-snippet":"max-snippet:-1","max-image-preview":"max-image-preview:large","max-video-preview":"max-video-preview:-1"},"canonical":"https:\/\/www.polypoles.com\/es\/noticias\/nuestros-logros\/como-elijo-el-deshumidificador-adecuado\/","og_locale":"es_ES","og_type":"article","og_title":"\u00bfC\u00f3mo elijo el deshumidificador adecuado?","og_description":"Lee nuestro art\u00edculo sobre c\u00f3mo elegir el deshumidificador adecuado - Presupuesto gratuito - Nuestros expertos responden a tus necesidades","og_url":"https:\/\/www.polypoles.com\/es\/noticias\/nuestros-logros\/como-elijo-el-deshumidificador-adecuado\/","og_site_name":"Polypoles","article_modified_time":"2026-03-27T10:28:55+00:00","og_image":[{"width":1599,"height":1200,"url":"https:\/\/www.polypoles.com\/wp-content\/uploads\/2026\/03\/Photos-deshu.jpg","type":"image\/jpeg"}],"twitter_card":"summary_large_image","twitter_misc":{"Tiempo de lectura":"5 minutos"},"schema":{"@context":"https:\/\/schema.org","@graph":[{"@type":"WebPage","@id":"https:\/\/www.polypoles.com\/es\/noticias\/nuestros-logros\/como-elijo-el-deshumidificador-adecuado\/","url":"https:\/\/www.polypoles.com\/es\/noticias\/nuestros-logros\/como-elijo-el-deshumidificador-adecuado\/","name":"\u00bfC\u00f3mo elijo el deshumidificador adecuado?","isPartOf":{"@id":"https:\/\/www.polypoles.com\/es\/#website"},"primaryImageOfPage":{"@id":"https:\/\/www.polypoles.com\/es\/noticias\/nuestros-logros\/como-elijo-el-deshumidificador-adecuado\/#primaryimage"},"image":{"@id":"https:\/\/www.polypoles.com\/es\/noticias\/nuestros-logros\/como-elijo-el-deshumidificador-adecuado\/#primaryimage"},"thumbnailUrl":"https:\/\/www.polypoles.com\/wp-content\/uploads\/2026\/03\/Photos-deshu.jpg","datePublished":"2026-03-02T15:15:00+00:00","dateModified":"2026-03-27T10:28:55+00:00","description":"Lee nuestro art\u00edculo sobre c\u00f3mo elegir el deshumidificador adecuado - Presupuesto gratuito - Nuestros expertos responden a tus necesidades","breadcrumb":{"@id":"https:\/\/www.polypoles.com\/es\/noticias\/nuestros-logros\/como-elijo-el-deshumidificador-adecuado\/#breadcrumb"},"inLanguage":"es","potentialAction":[{"@type":"ReadAction","target":["https:\/\/www.polypoles.com\/es\/noticias\/nuestros-logros\/como-elijo-el-deshumidificador-adecuado\/"]}]},{"@type":"ImageObject","inLanguage":"es","@id":"https:\/\/www.polypoles.com\/es\/noticias\/nuestros-logros\/como-elijo-el-deshumidificador-adecuado\/#primaryimage","url":"https:\/\/www.polypoles.com\/wp-content\/uploads\/2026\/03\/Photos-deshu.jpg","contentUrl":"https:\/\/www.polypoles.com\/wp-content\/uploads\/2026\/03\/Photos-deshu.jpg","width":1599,"height":1200},{"@type":"BreadcrumbList","@id":"https:\/\/www.polypoles.com\/es\/noticias\/nuestros-logros\/como-elijo-el-deshumidificador-adecuado\/#breadcrumb","itemListElement":[{"@type":"ListItem","position":1,"name":"Home","item":"https:\/\/www.polypoles.com\/es\/"},{"@type":"ListItem","position":2,"name":"Noticias","item":"https:\/\/www.polypoles.com\/es\/noticias\/"},{"@type":"ListItem","position":3,"name":"Nuestros logros","item":"https:\/\/www.polypoles.com\/es\/noticias\/nuestros-logros\/"},{"@type":"ListItem","position":4,"name":"\u00bfC\u00f3mo elijo el deshumidificador adecuado?"}]},{"@type":"WebSite","@id":"https:\/\/www.polypoles.com\/es\/#website","url":"https:\/\/www.polypoles.com\/es\/","name":"Polypoles","description":"Votre partenaire chaud-froid","publisher":{"@id":"https:\/\/www.polypoles.com\/es\/#organization"},"potentialAction":[{"@type":"SearchAction","target":{"@type":"EntryPoint","urlTemplate":"https:\/\/www.polypoles.com\/es\/?s={search_term_string}"},"query-input":{"@type":"PropertyValueSpecification","valueRequired":true,"valueName":"search_term_string"}}],"inLanguage":"es"},{"@type":"Organization","@id":"https:\/\/www.polypoles.com\/es\/#organization","name":"Polypoles","url":"https:\/\/www.polypoles.com\/es\/","logo":{"@type":"ImageObject","inLanguage":"es","@id":"https:\/\/www.polypoles.com\/es\/#\/schema\/logo\/image\/","url":"https:\/\/www.polypoles.com\/wp-content\/uploads\/2024\/06\/base-25-cm-300-DPI-scaled.jpg","contentUrl":"https:\/\/www.polypoles.com\/wp-content\/uploads\/2024\/06\/base-25-cm-300-DPI-scaled.jpg","width":2560,"height":497,"caption":"Polypoles"},"image":{"@id":"https:\/\/www.polypoles.com\/es\/#\/schema\/logo\/image\/"}}]}},"_links":{"self":[{"href":"https:\/\/www.polypoles.com\/es\/wp-json\/wp\/v2\/pages\/35131","targetHints":{"allow":["GET"]}}],"collection":[{"href":"https:\/\/www.polypoles.com\/es\/wp-json\/wp\/v2\/pages"}],"about":[{"href":"https:\/\/www.polypoles.com\/es\/wp-json\/wp\/v2\/types\/page"}],"author":[{"embeddable":true,"href":"https:\/\/www.polypoles.com\/es\/wp-json\/wp\/v2\/users\/3"}],"replies":[{"embeddable":true,"href":"https:\/\/www.polypoles.com\/es\/wp-json\/wp\/v2\/comments?post=35131"}],"version-history":[{"count":13,"href":"https:\/\/www.polypoles.com\/es\/wp-json\/wp\/v2\/pages\/35131\/revisions"}],"predecessor-version":[{"id":35468,"href":"https:\/\/www.polypoles.com\/es\/wp-json\/wp\/v2\/pages\/35131\/revisions\/35468"}],"up":[{"embeddable":true,"href":"https:\/\/www.polypoles.com\/es\/wp-json\/wp\/v2\/pages\/25139"}],"wp:featuredmedia":[{"embeddable":true,"href":"https:\/\/www.polypoles.com\/es\/wp-json\/wp\/v2\/media\/35444"}],"wp:attachment":[{"href":"https:\/\/www.polypoles.com\/es\/wp-json\/wp\/v2\/media?parent=35131"}],"wp:term":[{"taxonomy":"post_tag","embeddable":true,"href":"https:\/\/www.polypoles.com\/es\/wp-json\/wp\/v2\/tags?post=35131"}],"curies":[{"name":"wp","href":"https:\/\/api.w.org\/{rel}","templated":true}]}}