{"id":35047,"date":"2026-02-18T11:26:47","date_gmt":"2026-02-18T10:26:47","guid":{"rendered":"https:\/\/www.polypoles.com\/noticias\/nuestros-logros\/entrega-de-calderas-electricas\/"},"modified":"2026-02-18T11:29:18","modified_gmt":"2026-02-18T10:29:18","slug":"entrega-de-calderas-electricas","status":"publish","type":"page","link":"https:\/\/www.polypoles.com\/es\/noticias\/nuestros-logros\/entrega-de-calderas-electricas\/","title":{"rendered":"Entrega de calderas el\u00e9ctricas"},"content":{"rendered":"<div class=\"wpb-content-wrapper\"><p>[vc_row][vc_column][vc_column_text css=\u00bb\u00bb]<\/p>\n<h1 style=\"text-align: center;\">Los polos en el coraz\u00f3n de la transici\u00f3n energ\u00e9tica<\/h1>\n<p>[\/vc_column_text][\/vc_column][\/vc_row][vc_row][vc_column][vc_column_text css=\u00bb\u00bb]<\/p>\n<blockquote><p><span style=\"color: #808080;\"><strong data-start=\"26\" data-end=\"56\">Actualizado el 18 de febrero de 2026<\/strong><\/span><\/p><\/blockquote>\n<p>[\/vc_column_text][\/vc_column][\/vc_row][vc_row][vc_column width=\u00bb2\/3&#8243;][vc_column_text css=\u00bb\u00bb]<\/p>\n<p data-start=\"258\" data-end=\"597\">En febrero, Polypoles entreg\u00f3 <strong>dos nuevas calderas el\u00e9ctricas<\/strong> V\u00e4rmebaronen <strong>EP G2 de 1400<\/strong> <strong>kW<\/strong> para una nueva central geot\u00e9rmica GEOMALAK en Malakoff.<\/p>\n<p>Este equipo garantiza :<br \/>\n\u2705 Un <strong> apoyo a la red de calefacci\u00f3n<\/strong> y agua caliente cuando las bombas de calor geot\u00e9rmicas (GHP) llegan al l\u00edmite de su capacidad durante los periodos m\u00e1s fr\u00edos del invierno.<br \/>\n\u2705 Una soluci\u00f3n de <strong>reserva <\/strong>en caso de mantenimiento o parada de la instalaci\u00f3n principal <\/p>\n<h2>\u00bfC\u00f3mo funciona la energ\u00eda geot\u00e9rmica?<\/h2>\n<p>La energ\u00eda geot\u00e9rmica aprovecha el calor almacenado de forma natural en el subsuelo. A casi 2 kil\u00f3metros de profundidad, una formaci\u00f3n geol\u00f3gica conocida como el Dogger contiene agua caliente a temperaturas superiores a 60\u00b0C. Este calor se recupera mediante una instalaci\u00f3n espec\u00edfica, y luego se distribuye a trav\u00e9s de una red de calefacci\u00f3n urbana para abastecer a los edificios. Tras su uso, el agua se reinyecta en las profundidades, garantizando un ciclo controlado y sostenible.   <\/p>\n<p style=\"text-align: left;\" data-start=\"785\" data-end=\"1129\">Con m\u00e1s de 36 a\u00f1os de experiencia, Polypoles apoya a los profesionales con soluciones de <a href=\"https:\/\/www.polypoles.com\/es\/categorie-produit\/calefaccion\/caldera-electrica\/\">calderas el\u00e9ctricas<\/a> <strong data-start=\"916\" data-end=\"993\">fiables y de alto rendimiento <\/strong>, de 31 a 1500 kW, <strong data-start=\"916\" data-end=\"993\">dise\u00f1adas para satisfacer las necesidades de los clientes <\/strong>. Gracias a su red de 7 sucursales repartidas por toda Francia, la empresa puede garantizarte capacidad de respuesta, proximidad y experiencia para todas tus necesidades de <a href=\"https:\/\/www.polypoles.com\/es\/alquiler-de-termos-electricos\/\">alquiler de termos el\u00e9ctricos<\/a>.<\/p>\n<p>[\/vc_column_text][\/vc_column][vc_column width=\u00bb1\/3&#8243;][vc_gallery type=\u00bbimage_grid\u00bb images=\u00bb35023&#8243; img_size=\u00bb400*500&#8243; css=\u00bb\u00bb][\/vc_column][\/vc_row][vc_row][vc_column width=\u00bb1\/4&#8243;][vc_gallery type=\u00bbimage_grid\u00bb images=\u00bb35026&#8243; img_size=\u00bb400X350&#8243; css=\u00bb\u00bb][\/vc_column][vc_column width=\u00bb1\/4&#8243;][vc_gallery type=\u00bbimage_grid\u00bb images=\u00bb35029&#8243; img_size=\u00bb400X350&#8243; css=\u00bb\u00bb][\/vc_column][vc_column width=\u00bb1\/4&#8243;][vc_gallery type=\u00bbimage_grid\u00bb images=\u00bb35032&#8243; img_size=\u00bb400X350&#8243; css=\u00bb\u00bb][\/vc_column][vc_column width=\u00bb1\/4&#8243;][vc_gallery type=\u00bbimage_grid\u00bb images=\u00bb35035&#8243; img_size=\u00bb400X350&#8243; css=\u00bb\u00bb][\/vc_column][\/vc_row][vc_row][vc_column][vc_column_text css=\u00bb\u00bb]<\/p>\n<div class=\"term-description\">\n<h2>Cat\u00e1logo de calderas<\/h2>\n<\/div>\n<p>[\/vc_column_text]<div class=\"woocommerce columns-4 \"><ul class=\"products columns-4\">\n<li class=\"product type-product post-33097 status-publish first instock product_cat-caldera-electrica product_cat-caldera-movil product_cat-calefaccion has-post-thumbnail taxable shipping-taxable product-type-simple\">\n\t<div class=\"product-list\">\n \t<div class=\"single-details\">\n \t\t<div class=\"images-product\">\n\t\t\t<a href=\"https:\/\/www.polypoles.com\/es\/produit\/calderas-electricas-ep-450-700-kw-copie\/\"><img loading=\"lazy\" decoding=\"async\" width=\"500\" height=\"500\" src=\"https:\/\/www.polypoles.com\/wp-content\/uploads\/2025\/11\/EP-900-1500-G2.png\" class=\"attachment-shop_catalog size-shop_catalog wp-post-image\" alt=\"\" srcset=\"https:\/\/www.polypoles.com\/wp-content\/uploads\/2025\/11\/EP-900-1500-G2.png 500w, https:\/\/www.polypoles.com\/wp-content\/uploads\/2025\/11\/EP-900-1500-G2-300x300.png 300w, https:\/\/www.polypoles.com\/wp-content\/uploads\/2025\/11\/EP-900-1500-G2-150x150.png 150w, https:\/\/www.polypoles.com\/wp-content\/uploads\/2025\/11\/EP-900-1500-G2-100x100.png 100w, https:\/\/www.polypoles.com\/wp-content\/uploads\/2025\/11\/EP-900-1500-G2-32x32.png 32w\" sizes=\"auto, (max-width: 500px) 100vw, 500px\" \/><\/a>\t\t<\/div>\n\t<\/div>\n<\/div><h2 class=\"woocommerce-loop-product__title\"><a href=\"https:\/\/www.polypoles.com\/es\/produit\/calderas-electricas-ep-450-700-kw-copie\/\">Calderas el\u00e9ctricas EP 900-1500 kW<\/a><\/h2>\n<\/li>\n<\/ul>\n<\/div>[\/vc_column][\/vc_row][vc_row][vc_column][vc_btn title=\u00bbVer otros proyectos\u00bb align=\u00bbcenter\u00bb i_align=\u00bbright\u00bb i_icon_fontawesome=\u00bbfa fa-angle-double-right\u00bb add_icon=\u00bbtrue\u00bb link=\u00bburl:https%3A%2F%2Fwww.polypoles.com%2Fes%2Fnoticias%2Fnuestros-logros%2F|title:Nuestros%20logros|\u00bb][\/vc_column][\/vc_row]<\/p>\n<\/div>","protected":false},"excerpt":{"rendered":"<p>Entrega de 2 calderas el\u00e9ctricas EP G2 de 1400 KW en la regi\u00f3n de \u00cele-de-France<\/p>\n","protected":false},"author":3,"featured_media":35029,"parent":25139,"menu_order":0,"comment_status":"closed","ping_status":"closed","template":"","meta":{"_acf_changed":false,"footnotes":""},"tags":[240,238],"class_list":["post-35047","page","type-page","status-publish","has-post-thumbnail","hentry","tag-calefaccion","tag-industria"],"acf":[],"yoast_head":"<!-- This site is optimized with the Yoast SEO plugin v24.9 - https:\/\/yoast.com\/wordpress\/plugins\/seo\/ -->\n<title>Entrega de calderas el\u00e9ctricas V\u00e4rmebaronen<\/title>\n<meta name=\"description\" content=\"En Polypoles ofrecemos calderas el\u00e9ctricas V\u00e4rmebaronen. Ponte en contacto con nosotros si est\u00e1s interesado. Contacto: 0810 020 851\" \/>\n<meta name=\"robots\" content=\"index, follow, max-snippet:-1, max-image-preview:large, max-video-preview:-1\" \/>\n<link rel=\"canonical\" href=\"https:\/\/www.polypoles.com\/es\/noticias\/nuestros-logros\/entrega-de-calderas-electricas\/\" \/>\n<meta property=\"og:locale\" content=\"es_ES\" \/>\n<meta property=\"og:type\" content=\"article\" \/>\n<meta property=\"og:title\" content=\"Entrega de calderas el\u00e9ctricas V\u00e4rmebaronen\" \/>\n<meta property=\"og:description\" content=\"En Polypoles ofrecemos calderas el\u00e9ctricas V\u00e4rmebaronen. Ponte en contacto con nosotros si est\u00e1s interesado. Contacto: 0810 020 851\" \/>\n<meta property=\"og:url\" content=\"https:\/\/www.polypoles.com\/es\/noticias\/nuestros-logros\/entrega-de-calderas-electricas\/\" \/>\n<meta property=\"og:site_name\" content=\"Polypoles\" \/>\n<meta property=\"article:modified_time\" content=\"2026-02-18T10:29:18+00:00\" \/>\n<meta property=\"og:image\" content=\"https:\/\/www.polypoles.com\/wp-content\/uploads\/2026\/02\/2-Chaudieres-electriques-1400-kw-Geomalak-a-Malakoff-92-3.jpg\" \/>\n\t<meta property=\"og:image:width\" content=\"1600\" \/>\n\t<meta property=\"og:image:height\" content=\"1200\" \/>\n\t<meta property=\"og:image:type\" content=\"image\/jpeg\" \/>\n<meta name=\"twitter:card\" content=\"summary_large_image\" \/>\n<meta name=\"twitter:label1\" content=\"Tiempo de lectura\" \/>\n\t<meta name=\"twitter:data1\" content=\"2 minutos\" \/>\n<script type=\"application\/ld+json\" class=\"yoast-schema-graph\">{\"@context\":\"https:\/\/schema.org\",\"@graph\":[{\"@type\":\"WebPage\",\"@id\":\"https:\/\/www.polypoles.com\/es\/noticias\/nuestros-logros\/entrega-de-calderas-electricas\/\",\"url\":\"https:\/\/www.polypoles.com\/es\/noticias\/nuestros-logros\/entrega-de-calderas-electricas\/\",\"name\":\"Entrega de calderas el\u00e9ctricas V\u00e4rmebaronen\",\"isPartOf\":{\"@id\":\"https:\/\/www.polypoles.com\/es\/#website\"},\"primaryImageOfPage\":{\"@id\":\"https:\/\/www.polypoles.com\/es\/noticias\/nuestros-logros\/entrega-de-calderas-electricas\/#primaryimage\"},\"image\":{\"@id\":\"https:\/\/www.polypoles.com\/es\/noticias\/nuestros-logros\/entrega-de-calderas-electricas\/#primaryimage\"},\"thumbnailUrl\":\"https:\/\/www.polypoles.com\/wp-content\/uploads\/2026\/02\/2-Chaudieres-electriques-1400-kw-Geomalak-a-Malakoff-92-3.jpg\",\"datePublished\":\"2026-02-18T10:26:47+00:00\",\"dateModified\":\"2026-02-18T10:29:18+00:00\",\"description\":\"En Polypoles ofrecemos calderas el\u00e9ctricas V\u00e4rmebaronen. Ponte en contacto con nosotros si est\u00e1s interesado. Contacto: 0810 020 851\",\"breadcrumb\":{\"@id\":\"https:\/\/www.polypoles.com\/es\/noticias\/nuestros-logros\/entrega-de-calderas-electricas\/#breadcrumb\"},\"inLanguage\":\"es\",\"potentialAction\":[{\"@type\":\"ReadAction\",\"target\":[\"https:\/\/www.polypoles.com\/es\/noticias\/nuestros-logros\/entrega-de-calderas-electricas\/\"]}]},{\"@type\":\"ImageObject\",\"inLanguage\":\"es\",\"@id\":\"https:\/\/www.polypoles.com\/es\/noticias\/nuestros-logros\/entrega-de-calderas-electricas\/#primaryimage\",\"url\":\"https:\/\/www.polypoles.com\/wp-content\/uploads\/2026\/02\/2-Chaudieres-electriques-1400-kw-Geomalak-a-Malakoff-92-3.jpg\",\"contentUrl\":\"https:\/\/www.polypoles.com\/wp-content\/uploads\/2026\/02\/2-Chaudieres-electriques-1400-kw-Geomalak-a-Malakoff-92-3.jpg\",\"width\":1600,\"height\":1200},{\"@type\":\"BreadcrumbList\",\"@id\":\"https:\/\/www.polypoles.com\/es\/noticias\/nuestros-logros\/entrega-de-calderas-electricas\/#breadcrumb\",\"itemListElement\":[{\"@type\":\"ListItem\",\"position\":1,\"name\":\"Home\",\"item\":\"https:\/\/www.polypoles.com\/es\/\"},{\"@type\":\"ListItem\",\"position\":2,\"name\":\"Noticias\",\"item\":\"https:\/\/www.polypoles.com\/es\/noticias\/\"},{\"@type\":\"ListItem\",\"position\":3,\"name\":\"Nuestros logros\",\"item\":\"https:\/\/www.polypoles.com\/es\/noticias\/nuestros-logros\/\"},{\"@type\":\"ListItem\",\"position\":4,\"name\":\"Entrega de calderas el\u00e9ctricas\"}]},{\"@type\":\"WebSite\",\"@id\":\"https:\/\/www.polypoles.com\/es\/#website\",\"url\":\"https:\/\/www.polypoles.com\/es\/\",\"name\":\"Polypoles\",\"description\":\"Votre partenaire chaud-froid\",\"publisher\":{\"@id\":\"https:\/\/www.polypoles.com\/es\/#organization\"},\"potentialAction\":[{\"@type\":\"SearchAction\",\"target\":{\"@type\":\"EntryPoint\",\"urlTemplate\":\"https:\/\/www.polypoles.com\/es\/?s={search_term_string}\"},\"query-input\":{\"@type\":\"PropertyValueSpecification\",\"valueRequired\":true,\"valueName\":\"search_term_string\"}}],\"inLanguage\":\"es\"},{\"@type\":\"Organization\",\"@id\":\"https:\/\/www.polypoles.com\/es\/#organization\",\"name\":\"Polypoles\",\"url\":\"https:\/\/www.polypoles.com\/es\/\",\"logo\":{\"@type\":\"ImageObject\",\"inLanguage\":\"es\",\"@id\":\"https:\/\/www.polypoles.com\/es\/#\/schema\/logo\/image\/\",\"url\":\"https:\/\/www.polypoles.com\/wp-content\/uploads\/2024\/06\/base-25-cm-300-DPI-scaled.jpg\",\"contentUrl\":\"https:\/\/www.polypoles.com\/wp-content\/uploads\/2024\/06\/base-25-cm-300-DPI-scaled.jpg\",\"width\":2560,\"height\":497,\"caption\":\"Polypoles\"},\"image\":{\"@id\":\"https:\/\/www.polypoles.com\/es\/#\/schema\/logo\/image\/\"}}]}<\/script>\n<!-- \/ Yoast SEO plugin. -->","yoast_head_json":{"title":"Entrega de calderas el\u00e9ctricas V\u00e4rmebaronen","description":"En Polypoles ofrecemos calderas el\u00e9ctricas V\u00e4rmebaronen. Ponte en contacto con nosotros si est\u00e1s interesado. Contacto: 0810 020 851","robots":{"index":"index","follow":"follow","max-snippet":"max-snippet:-1","max-image-preview":"max-image-preview:large","max-video-preview":"max-video-preview:-1"},"canonical":"https:\/\/www.polypoles.com\/es\/noticias\/nuestros-logros\/entrega-de-calderas-electricas\/","og_locale":"es_ES","og_type":"article","og_title":"Entrega de calderas el\u00e9ctricas V\u00e4rmebaronen","og_description":"En Polypoles ofrecemos calderas el\u00e9ctricas V\u00e4rmebaronen. Ponte en contacto con nosotros si est\u00e1s interesado. Contacto: 0810 020 851","og_url":"https:\/\/www.polypoles.com\/es\/noticias\/nuestros-logros\/entrega-de-calderas-electricas\/","og_site_name":"Polypoles","article_modified_time":"2026-02-18T10:29:18+00:00","og_image":[{"width":1600,"height":1200,"url":"https:\/\/www.polypoles.com\/wp-content\/uploads\/2026\/02\/2-Chaudieres-electriques-1400-kw-Geomalak-a-Malakoff-92-3.jpg","type":"image\/jpeg"}],"twitter_card":"summary_large_image","twitter_misc":{"Tiempo de lectura":"2 minutos"},"schema":{"@context":"https:\/\/schema.org","@graph":[{"@type":"WebPage","@id":"https:\/\/www.polypoles.com\/es\/noticias\/nuestros-logros\/entrega-de-calderas-electricas\/","url":"https:\/\/www.polypoles.com\/es\/noticias\/nuestros-logros\/entrega-de-calderas-electricas\/","name":"Entrega de calderas el\u00e9ctricas V\u00e4rmebaronen","isPartOf":{"@id":"https:\/\/www.polypoles.com\/es\/#website"},"primaryImageOfPage":{"@id":"https:\/\/www.polypoles.com\/es\/noticias\/nuestros-logros\/entrega-de-calderas-electricas\/#primaryimage"},"image":{"@id":"https:\/\/www.polypoles.com\/es\/noticias\/nuestros-logros\/entrega-de-calderas-electricas\/#primaryimage"},"thumbnailUrl":"https:\/\/www.polypoles.com\/wp-content\/uploads\/2026\/02\/2-Chaudieres-electriques-1400-kw-Geomalak-a-Malakoff-92-3.jpg","datePublished":"2026-02-18T10:26:47+00:00","dateModified":"2026-02-18T10:29:18+00:00","description":"En Polypoles ofrecemos calderas el\u00e9ctricas V\u00e4rmebaronen. Ponte en contacto con nosotros si est\u00e1s interesado. Contacto: 0810 020 851","breadcrumb":{"@id":"https:\/\/www.polypoles.com\/es\/noticias\/nuestros-logros\/entrega-de-calderas-electricas\/#breadcrumb"},"inLanguage":"es","potentialAction":[{"@type":"ReadAction","target":["https:\/\/www.polypoles.com\/es\/noticias\/nuestros-logros\/entrega-de-calderas-electricas\/"]}]},{"@type":"ImageObject","inLanguage":"es","@id":"https:\/\/www.polypoles.com\/es\/noticias\/nuestros-logros\/entrega-de-calderas-electricas\/#primaryimage","url":"https:\/\/www.polypoles.com\/wp-content\/uploads\/2026\/02\/2-Chaudieres-electriques-1400-kw-Geomalak-a-Malakoff-92-3.jpg","contentUrl":"https:\/\/www.polypoles.com\/wp-content\/uploads\/2026\/02\/2-Chaudieres-electriques-1400-kw-Geomalak-a-Malakoff-92-3.jpg","width":1600,"height":1200},{"@type":"BreadcrumbList","@id":"https:\/\/www.polypoles.com\/es\/noticias\/nuestros-logros\/entrega-de-calderas-electricas\/#breadcrumb","itemListElement":[{"@type":"ListItem","position":1,"name":"Home","item":"https:\/\/www.polypoles.com\/es\/"},{"@type":"ListItem","position":2,"name":"Noticias","item":"https:\/\/www.polypoles.com\/es\/noticias\/"},{"@type":"ListItem","position":3,"name":"Nuestros logros","item":"https:\/\/www.polypoles.com\/es\/noticias\/nuestros-logros\/"},{"@type":"ListItem","position":4,"name":"Entrega de calderas el\u00e9ctricas"}]},{"@type":"WebSite","@id":"https:\/\/www.polypoles.com\/es\/#website","url":"https:\/\/www.polypoles.com\/es\/","name":"Polypoles","description":"Votre partenaire chaud-froid","publisher":{"@id":"https:\/\/www.polypoles.com\/es\/#organization"},"potentialAction":[{"@type":"SearchAction","target":{"@type":"EntryPoint","urlTemplate":"https:\/\/www.polypoles.com\/es\/?s={search_term_string}"},"query-input":{"@type":"PropertyValueSpecification","valueRequired":true,"valueName":"search_term_string"}}],"inLanguage":"es"},{"@type":"Organization","@id":"https:\/\/www.polypoles.com\/es\/#organization","name":"Polypoles","url":"https:\/\/www.polypoles.com\/es\/","logo":{"@type":"ImageObject","inLanguage":"es","@id":"https:\/\/www.polypoles.com\/es\/#\/schema\/logo\/image\/","url":"https:\/\/www.polypoles.com\/wp-content\/uploads\/2024\/06\/base-25-cm-300-DPI-scaled.jpg","contentUrl":"https:\/\/www.polypoles.com\/wp-content\/uploads\/2024\/06\/base-25-cm-300-DPI-scaled.jpg","width":2560,"height":497,"caption":"Polypoles"},"image":{"@id":"https:\/\/www.polypoles.com\/es\/#\/schema\/logo\/image\/"}}]}},"_links":{"self":[{"href":"https:\/\/www.polypoles.com\/es\/wp-json\/wp\/v2\/pages\/35047","targetHints":{"allow":["GET"]}}],"collection":[{"href":"https:\/\/www.polypoles.com\/es\/wp-json\/wp\/v2\/pages"}],"about":[{"href":"https:\/\/www.polypoles.com\/es\/wp-json\/wp\/v2\/types\/page"}],"author":[{"embeddable":true,"href":"https:\/\/www.polypoles.com\/es\/wp-json\/wp\/v2\/users\/3"}],"replies":[{"embeddable":true,"href":"https:\/\/www.polypoles.com\/es\/wp-json\/wp\/v2\/comments?post=35047"}],"version-history":[{"count":17,"href":"https:\/\/www.polypoles.com\/es\/wp-json\/wp\/v2\/pages\/35047\/revisions"}],"predecessor-version":[{"id":35073,"href":"https:\/\/www.polypoles.com\/es\/wp-json\/wp\/v2\/pages\/35047\/revisions\/35073"}],"up":[{"embeddable":true,"href":"https:\/\/www.polypoles.com\/es\/wp-json\/wp\/v2\/pages\/25139"}],"wp:featuredmedia":[{"embeddable":true,"href":"https:\/\/www.polypoles.com\/es\/wp-json\/wp\/v2\/media\/35029"}],"wp:attachment":[{"href":"https:\/\/www.polypoles.com\/es\/wp-json\/wp\/v2\/media?parent=35047"}],"wp:term":[{"taxonomy":"post_tag","embeddable":true,"href":"https:\/\/www.polypoles.com\/es\/wp-json\/wp\/v2\/tags?post=35047"}],"curies":[{"name":"wp","href":"https:\/\/api.w.org\/{rel}","templated":true}]}}