{"id":34957,"date":"2026-02-12T16:35:49","date_gmt":"2026-02-12T15:35:49","guid":{"rendered":"https:\/\/www.polypoles.com\/alquiler-de-enfriadoras-2\/"},"modified":"2026-03-26T09:59:21","modified_gmt":"2026-03-26T08:59:21","slug":"alquiler-de-enfriadoras-2","status":"publish","type":"page","link":"https:\/\/www.polypoles.com\/es\/alquiler-de-enfriadoras-2\/","title":{"rendered":"Alquiler de enfriadoras"},"content":{"rendered":"<div class=\"wpb-content-wrapper\"><p>[vc_row][vc_column][vc_column_text css=\u00bb\u00bb]<\/p>\n<h1>Refrigerador de agua<\/h1>\n<p>[\/vc_column_text][vc_cta h2=\u00bb\u00bb css=\u00bb\u00bb]<\/p>\n<h2><span style=\"color: #cb3620;\"><strong>En Polypoles, no s\u00f3lo alquilamos equipos: <\/strong><strong>aseguramos tu confort t\u00e9rmico<\/strong><\/span><\/h2>\n<p>[\/vc_cta][vc_row_inner css=\u00bb.vc_custom_1765467759644{margin-right: 0px !important;margin-left: 0px !important;border-right-width: 0px !important;border-left-width: 0px !important;padding-right: 0px !important;padding-left: 0px !important;}\u00bb][vc_column_inner width=\u00bb2\/3&#8243;][vc_column_text css=\u00bb\u00bb]<\/p>\n<p data-start=\"1066\" data-end=\"1302\">\u00bfBuscas una enfriadora para el sector industrial, vitivin\u00edcola o de eventos? Nuestro equipo de expertos est\u00e1 a tu disposici\u00f3n para <strong>asesorarte<\/strong> y ayudarte desde la elecci\u00f3n del aparato hasta su <strong>instalaci\u00f3n<\/strong>. <\/p>\n<p>\ud83d\ude9a <strong>Entrega urgente en 4 horas<\/strong><br \/>\n\u260e\ufe0f <strong>Asistencia<\/strong> <strong>24\/7<\/strong><br \/>\n\ud83d\udc77 Instalaci\u00f3n, puesta en marcha y desmontaje por nuestros t\u00e9cnicos<\/p>\n<h6><strong>Nuestros expertos pueden ayudarte a elegir la soluci\u00f3n m\u00e1s fiable y segura para tu configuraci\u00f3n.<\/strong><\/h6>\n<p>[\/vc_column_text][vc_btn title=\u00bbLlama ahora: 0 810 020 851&#8243; style=\u00bbcustom\u00bb custom_background=\u00bb#009CDE\u00bb custom_text=\u00bb#FFFFFF\u00bb size=\u00bblg\u00bb align=\u00bbleft\u00bb i_icon_fontawesome=\u00bbfa fa-solid fa-phone\u00bb css=\u00bb\u00bb add_icon=\u00bbtrue\u00bb link=\u00bburl:tel%3A%2B33810020851|title:Llama%20a%20Polypoles|rel:nofollow|\u00bb el_class=\u00bbappel\u00bb][vc_btn title=\u00bbPresupuesto gratuito\u00bb style=\u00bbcustom\u00bb custom_background=\u00bb#00A050&#8243; custom_text=\u00bb#ffffff\u00bb size=\u00bblg\u00bb align=\u00bbleft\u00bb i_icon_fontawesome=\u00bbfa fa-regular fa-envelope\u00bb css=\u00bb.vc_custom_1769003309185{margin-top: 40px !important;margin-bottom: 40px !important;}\u00bb add_icon=\u00bbtrue\u00bb link=\u00bburl:https%3A%2F%2Fwww.polypoles.com%2Fes%2Fponte-en-contacto-con%2F|\u00bb][\/vc_column_inner][vc_column_inner width=\u00bb1\/3&#8243;][vc_gallery type=\u00bbimage_grid\u00bb images=\u00bb11779&#8243; img_size=\u00bb500*600&#8243; css=\u00bb\u00bb][\/vc_column_inner][\/vc_row_inner][\/vc_column][\/vc_row][vc_row full_width=\u00bbstretch_row\u00bb css=\u00bb.vc_custom_1747987368002{margin-top: 15px !important;margin-bottom: 0px !important;}\u00bb][vc_column css=\u00bb.vc_custom_1707216237695{padding-right: 25px !important;padding-left: 25px !important;}\u00bb][vc_custom_heading text=\u00bbNuestras soluciones de refrigeraci\u00f3n\u00bb font_container=\u00bbtag:h2|font_size:30|text_align:center|color:%230099CD\u00bb css=\u00bb\u00bb][vc_column_text css=\u00bb.vc_custom_1770908760848{padding-top: 10px !important;}\u00bb]<\/p>\n<p style=\"text-align: center;\" data-start=\"56\" data-end=\"155\">Nuestros productos estrella para el alquiler de <strong>enfriadoras para la <\/strong><strong>industria, la viticultura <\/strong>y<strong> los eventos.<\/strong><\/p>\n<p>[\/vc_column_text][vc_column_text css=\u00bb\u00bb][\/vc_column_text][\/vc_column][\/vc_row][vc_row full_width=\u00bbstretch_row\u00bb css=\u00bb.vc_custom_1747987368002{margin-top: 15px !important;margin-bottom: 0px !important;}\u00bb][vc_column width=\u00bb1\/3&#8243; css=\u00bb.vc_custom_1767622204595{padding-right: 25px !important;padding-left: 25px !important;}\u00bb][vc_images_carousel images=\u00bb11810&#8243; img_size=\u00bb290*290&#8243; css=\u00bb\u00bb title=\u00bbEnfriador de vino\u00bb][\/vc_column][vc_column width=\u00bb1\/3&#8243;][vc_images_carousel images=\u00bb34948&#8243; img_size=\u00bb290*290&#8243; css=\u00bb\u00bb title=\u00bbUnidad de refrigeraci\u00f3n de eventos\u00bb][\/vc_column][vc_column width=\u00bb1\/3&#8243;][vc_images_carousel images=\u00bb34951&#8243; img_size=\u00bb290*290&#8243; css=\u00bb\u00bb title=\u00bbEnfriador de vino\u00bb][\/vc_column][\/vc_row][vc_row full_width=\u00bbstretch_row\u00bb css=\u00bb.vc_custom_1747987368002{margin-top: 15px !important;margin-bottom: 0px !important;}\u00bb][vc_column css=\u00bb.vc_custom_1707216237695{padding-right: 25px !important;padding-left: 25px !important;}\u00bb][vc_column_text css=\u00bb.vc_custom_1770910395572{padding-top: 25px !important;padding-right: 25px !important;padding-bottom: 25px !important;padding-left: 25px !important;background-color: #DFF2FE !important;}\u00bb]<\/p>\n<p class=\"\"><strong data-start=\"64\" data-end=\"104\">En Polypoles nos ocupamos de todo:  <\/strong><\/p>\n<ul>\n<li><strong>Tensi\u00f3n cero<\/strong>: dimensionamiento e instalaci\u00f3n<\/li>\n<li><strong>Seguridad<\/strong>: equipos bien mantenidos e instalaci\u00f3n segura<\/li>\n<\/ul>\n<p>[\/vc_column_text][\/vc_column][\/vc_row][vc_row][vc_column][vc_column_text css=\u00bb\u00bb][\/vc_column_text][vc_column_text css=\u00bb\u00bb][\/vc_column_text][vc_custom_heading text=\u00bb\u00bfPor qu\u00e9 elegir Polypoles?\u00bb font_container=\u00bbtag:h2|font_size:30|text_align:center|color:%23009CDE\u00bb css=\u00bb\u00bb][vc_column_text css=\u00bb\u00bb]<\/p>\n<p style=\"text-align: center;\">Polypoles reacciona inmediatamente en caso de emergencia, garantizando la continuidad de la actividad incluso en lugares sensibles, y satisfaciendo las necesidades temporales.<\/p>\n<p>[\/vc_column_text][\/vc_column][\/vc_row][vc_row css=\u00bb.vc_custom_1767706694527{margin-top: 10px !important;padding-top: 0px !important;padding-right: 0px !important;padding-bottom: 0px !important;padding-left: 0px !important;background-position: center !important;background-repeat: no-repeat !important;background-size: cover !important;}\u00bb][vc_column width=\u00bb1\/4&#8243; css=\u00bb.vc_custom_1707218699827{padding-right: 50px !important;padding-left: 50px !important;}\u00bb][vc_single_image image=\u00bb34004&#8243; img_size=\u00bb80*80&#8243; alignment=\u00bbcenter\u00bb css=\u00bb.vc_custom_1767793402389{border-top-width: 30px !important;}\u00bb][vc_column_text css=\u00bb\u00bb]<\/p>\n<article dir=\"auto\" tabindex=\"-1\" data-turn-id=\"request-WEB:ab65da95-fa32-41ff-8dca-67fee5c28b55-6\" data-testid=\"conversation-turn-14\" data-scroll-anchor=\"true\" data-turn=\"assistant\">\n<div tabindex=\"-1\">\n<div dir=\"auto\" data-message-author-role=\"assistant\" data-message-id=\"dbaffe3e-e246-4c54-9ce9-1e8030079625\" data-message-model-slug=\"gpt-5-1\">\n<h3 style=\"text-align: center;\"><strong><span style=\"color: #009cde;\">ENTREGA 4h<\/span><\/strong><\/h3>\n<p style=\"text-align: center;\">Entrega r\u00e1pida in situ gracias a nuestras 7 delegaciones en Francia, para una intervenci\u00f3n expr\u00e9s.<\/p>\n<p data-start=\"140\" data-end=\"182\">\n<\/div>\n<\/div>\n<\/article>\n<p>[\/vc_column_text][\/vc_column][vc_column width=\u00bb1\/4&#8243; css=\u00bb.vc_custom_1707218745009{padding-right: 50px !important;padding-left: 50px !important;}\u00bb][vc_single_image image=\u00bb32641&#8243; img_size=\u00bb80*80&#8243; alignment=\u00bbcenter\u00bb css=\u00bb\u00bb][vc_column_text css=\u00bb\u00bb]<\/p>\n<h3 class=\"cvGsUA direction-ltr align-center para-style-body\" style=\"text-align: center;\"><span style=\"color: #009cde;\"><strong><span class=\"OYPEnA text-decoration-none text-strikethrough-none\">RENDIMIENTO  <\/span><\/strong><\/span><\/h3>\n<div>\n<article dir=\"auto\" tabindex=\"-1\" data-turn-id=\"request-WEB:ab65da95-fa32-41ff-8dca-67fee5c28b55-5\" data-testid=\"conversation-turn-12\" data-scroll-anchor=\"true\" data-turn=\"assistant\">\n<div tabindex=\"-1\">\n<div dir=\"auto\" data-message-author-role=\"assistant\" data-message-id=\"a38a0725-b5e7-4118-a67a-abd001990a81\" data-message-model-slug=\"gpt-5-1\">\n<p style=\"text-align: center;\" data-start=\"43\" data-end=\"124\" data-is-last-node=\"\" data-is-only-node=\"\">Instalaciones recientes y bien mantenidas, dise\u00f1adas con materiales de calidad.<\/p>\n<\/div>\n<\/div>\n<\/article>\n<\/div>\n<p>[\/vc_column_text][\/vc_column][vc_column width=\u00bb1\/4&#8243; css=\u00bb.vc_custom_1767706869340{border-color: #EEEEEE !important;}\u00bb][vc_single_image image=\u00bb20494&#8243; img_size=\u00bb80*80&#8243; alignment=\u00bbcenter\u00bb css=\u00bb\u00bb][vc_column_text css=\u00bb\u00bb]<\/p>\n<h3 class=\"cvGsUA direction-ltr align-center para-style-body\" style=\"text-align: center;\"><span style=\"color: #009cde;\"><strong><span class=\"OYPEnA text-decoration-none text-strikethrough-none\">LLAVE EN MANO<\/span><\/strong><\/span><\/h3>\n<p style=\"text-align: center;\" data-start=\"58\" data-end=\"185\">Dise\u00f1o, instalaci\u00f3n, puesta en marcha, mantenimiento, asistencia y resoluci\u00f3n de problemas garantizados durante la duraci\u00f3n del servicio.<\/p>\n<p>[\/vc_column_text][\/vc_column][vc_column width=\u00bb1\/4&#8243;][vc_single_image image=\u00bb20551&#8243; img_size=\u00bb80*80&#8243; alignment=\u00bbcenter\u00bb css=\u00bb\u00bb][vc_column_text css=\u00bb\u00bb]<\/p>\n<h3 class=\"cvGsUA direction-ltr align-center para-style-body\" style=\"text-align: center;\"><span style=\"color: #009cde;\"><strong><span class=\"OYPEnA text-decoration-none text-strikethrough-none\">CONFORT T\u00c9RMICO<\/span><\/strong><\/span><\/h3>\n<div class=\"flex flex-col text-sm pb-25\">\n<article class=\"text-token-text-primary w-full focus:outline-none [--shadow-height:45px] has-data-writing-block:pointer-events-none has-data-writing-block:-mt-(--shadow-height) has-data-writing-block:pt-(--shadow-height) [&amp;:has([data-writing-block])&gt;*]:pointer-events-auto scroll-mt-[calc(var(--header-height)+min(200px,max(70px,20svh)))]\" dir=\"auto\" tabindex=\"-1\" data-turn-id=\"request-WEB:9d8d3531-f468-46d3-a574-647e9ac1a027-19\" data-testid=\"conversation-turn-16\" data-scroll-anchor=\"true\" data-turn=\"assistant\">\n<div class=\"text-base my-auto mx-auto pb-10 [--thread-content-margin:--spacing(4)] @w-sm\/main:[--thread-content-margin:--spacing(6)] @w-lg\/main:[--thread-content-margin:--spacing(16)] px-(--thread-content-margin)\">\n<div class=\"[--thread-content-max-width:40rem] @w-lg\/main:[--thread-content-max-width:48rem] mx-auto max-w-(--thread-content-max-width) flex-1 group\/turn-messages focus-visible:outline-hidden relative flex w-full min-w-0 flex-col agent-turn\" tabindex=\"-1\">\n<div class=\"flex max-w-full flex-col grow\">\n<div class=\"min-h-8 text-message relative flex w-full flex-col items-end gap-2 text-start break-words whitespace-normal [.text-message+&amp;]:mt-1\" dir=\"auto\" data-message-author-role=\"assistant\" data-message-id=\"4a46ed38-1b43-4b74-88c4-f8b1f232b56d\" data-message-model-slug=\"gpt-5-2\">\n<div class=\"flex w-full flex-col gap-1 empty:hidden first:pt-[1px]\">\n<div class=\"markdown prose dark:prose-invert w-full wrap-break-word light markdown-new-styling\">\n<p style=\"text-align: center;\" data-start=\"35\" data-end=\"106\" data-is-last-node=\"\">Temperatura controlada y potencia adaptada para un confort \u00f3ptimo.<\/p>\n<\/div>\n<\/div>\n<\/div>\n<\/div>\n<div class=\"z-0 flex min-h-[46px] justify-start\"><\/div>\n<div class=\"mt-3 w-full empty:hidden\">\n<div class=\"text-center\"><\/div>\n<\/div>\n<\/div>\n<\/div>\n<\/article>\n<\/div>\n<div class=\"pointer-events-none h-px w-px absolute bottom-0\" aria-hidden=\"true\" data-edge=\"true\"><\/div>\n<p>[\/vc_column_text][\/vc_column][\/vc_row][vc_row][vc_column][vc_separator][\/vc_column][\/vc_row][vc_row][vc_column width=\u00bb1\/6&#8243;][vc_single_image image=\u00bb33904&#8243; style=\u00bbvc_box_border_circle_2&#8243; css=\u00bb\u00bb][\/vc_column][vc_column width=\u00bb5\/6&#8243;][vc_column_text css=\u00bb\u00bb]<\/p>\n<h2><span style=\"color: #009cde;\">\u00bfQuieres alquilar un enfriador?<\/span><\/h2>\n<p>Ponte en contacto con nuestros expertos por tel\u00e9fono o rellena el siguiente formulario.[\/vc_column_text][vc_btn title=\u00bb0 810 020 851 &#8211; N\u00famero Azur: precio de una llamada local\u00bb style=\u00bbcustom\u00bb custom_background=\u00bb#009CDE\u00bb custom_text=\u00bb#FFFFFF\u00bb size=\u00bblg\u00bb align=\u00bbleft\u00bb i_icon_fontawesome=\u00bbfa fa-solid fa-phone\u00bb css=\u00bb\u00bb add_icon=\u00bbtrue\u00bb link=\u00bburl:tel%3A%2B33810020851|title:Llama%20a%20Polypoles|rel:nofollow|\u00bb el_class=\u00bbappel\u00bb][\/vc_column][\/vc_row][vc_row][vc_column width=\u00bb1\/2&#8243;][vc_column_text css=\u00bb\u00bb]<\/p>\n<h2><span style=\"color: #009cde;\">Selecciona el departamento para tu proyecto<\/span><\/h2>\n<p>[\/vc_column_text][vc_raw_html css=\u00bb\u00bb]W2Rpc3BsYXktbWFwIGlkPSIzMjY3OCJd[\/vc_raw_html][\/vc_column][vc_column width=\u00bb1\/2&#8243;][vc_column_text css=\u00bb\u00bb]<\/p>\n<h2><span style=\"color: #009cde;\">Formulario de contacto<\/span><\/h2>\n<p><em><strong>Presupuesto en 1 hora<\/strong><\/em>[\/vc_column_text]\n<div class=\"wpcf7 no-js\" id=\"wpcf7-f34415-o1\" lang=\"es-ES\" dir=\"ltr\" data-wpcf7-id=\"34415\">\n<div class=\"screen-reader-response\"><p role=\"status\" aria-live=\"polite\" aria-atomic=\"true\"><\/p> <ul><\/ul><\/div>\n<form action=\"\/es\/wp-json\/wp\/v2\/pages\/34957#wpcf7-f34415-o1\" method=\"post\" class=\"wpcf7-form init\" aria-label=\"Formulario de contacto\" novalidate=\"novalidate\" data-status=\"init\">\n<div style=\"display: none;\">\n<input type=\"hidden\" name=\"_wpcf7\" value=\"34415\" \/>\n<input type=\"hidden\" name=\"_wpcf7_version\" value=\"6.0.6\" \/>\n<input type=\"hidden\" name=\"_wpcf7_locale\" value=\"es_ES\" \/>\n<input type=\"hidden\" name=\"_wpcf7_unit_tag\" value=\"wpcf7-f34415-o1\" \/>\n<input type=\"hidden\" name=\"_wpcf7_container_post\" value=\"0\" \/>\n<input type=\"hidden\" name=\"_wpcf7_posted_data_hash\" value=\"\" \/>\n<input type=\"hidden\" name=\"_wpcf7_recaptcha_response\" value=\"\" \/>\n<\/div>\n<div class=\"contact-page2 row\">\n\t<div class=\"col-sm-12\">\n\t\t<p>[text* tu-nombre marcador de posici\u00f3n \"Apellidos \/ Nombre\"]\n\t\t<\/p>\n\t<\/div>\n\t<div class=\"col-sm-12\">\n\t\t<p>[email* tu-email marcador de posici\u00f3n \"Direcci\u00f3n de correo electr\u00f3nico\"]\n\t\t<\/p>\n\t<\/div>\n\t<div class=\"col-sm-12\">\n\t\t<p>[text* tu-tel\u00e9fono marcador de posici\u00f3n \"N\u00famero de tel\u00e9fono\"]\n\t\t<\/p>\n\t<\/div>\n\t<div class=\"col-sm-12\">\n\t\t<p><span class=\"wpcf7-form-control-wrap\" data-name=\"societe\"><input size=\"40\" maxlength=\"400\" class=\"wpcf7-form-control wpcf7-text wpcf7-validates-as-required\" aria-required=\"true\" aria-invalid=\"false\" placeholder=\"Empresa\" value=\"\" type=\"text\" name=\"societe\" \/><\/span>\n\t\t<\/p>\n\t<\/div>\n\t<div class=\"col-sm-12\">\n\t\t<p>[text* marcador de posici\u00f3n codepostal \"C\u00f3digo postal\"]\n\t\t<\/p>\n\t<\/div>\n\t<div class=\"col-sm-5\">\n\t\t<p><label> Tu solicitud se refiere a<br \/>\n<span class=\"wpcf7-form-control-wrap\" data-name=\"typologie\"><select class=\"wpcf7-form-control wpcf7-select wpcf7-validates-as-required\" aria-required=\"true\" aria-invalid=\"false\" name=\"typologie\"><option value=\"location\">location<\/option><option value=\"vente\">vente<\/option><\/select><\/span> <\/label>\n\t\t<\/p>\n\t<\/div>\n\t<div class=\"col-sm-12\">\n\t\t<p><span class=\"wpcf7-form-control-wrap\" data-name=\"your-message\"><textarea cols=\"40\" rows=\"10\" maxlength=\"2000\" class=\"wpcf7-form-control wpcf7-textarea\" aria-invalid=\"false\" placeholder=\"Mensaje\" name=\"your-message\"><\/textarea><\/span>\n\t\t<\/p>\n\t<\/div>\n\t<p><span class=\"wpcf7-form-control-wrap\" data-name=\"RGPD\"><span class=\"wpcf7-form-control wpcf7-checkbox wpcf7-validates-as-required\"><span class=\"wpcf7-list-item first last\"><label><input type=\"checkbox\" name=\"RGPD[]\" value=\"Acepto que los datos introducidos en este formulario sean utilizados por Polypoles para tramitar mi solicitud.\" \/><span class=\"wpcf7-list-item-label\">Acepto que los datos introducidos en este formulario sean utilizados por Polypoles para tramitar mi solicitud.<\/span><\/label><\/span><\/span><\/span>\n\t<\/p>\n\t<div class=\"form-button col-sm-12\">\n\t\t<p class=\"submit-btn\"><input class=\"wpcf7-form-control wpcf7-submit has-spinner\" type=\"submit\" value=\"Env\u00eda\" \/><i class=\"fa flaticon-right-arrow\"><\/i>\n\t\t<\/p>\n\t<\/div>\n<\/div><input type='hidden' class='wpcf7-pum' value='{\"closepopup\":false,\"closedelay\":0,\"openpopup\":false,\"openpopup_id\":0}' \/><div class=\"wpcf7-response-output\" aria-hidden=\"true\"><\/div>\n<\/form>\n<\/div>\n[vc_raw_js el_id=\u00bbpagecontact\u00bb]JTNDc2NyaXB0JTNFJTBBZG9jdW1lbnQuYWRkRXZlbnRMaXN0ZW5lciUyOCUyMCUyN3dwY2Y3bWFpbHNlbnQlMjclMkMlMjBmdW5jdGlvbiUyOCUyMGV2ZW50JTIwJTI5JTIwJTdCJTBBJTIwJTIwZ2ElMjglMjdzZW5kJTI3JTJDJTIwJTI3ZXZlbnQlMjclMkMlMjAlMjdDb250YWN0JTIwRm9ybSUyNyUyQyUyMCUyN3N1Ym1pdCUyNyUyOSUzQiUwQSU3RCUyQyUyMGZhbHNlJTIwJTI5JTNCJTBBJTNDJTJGc2NyaXB0JTNF[\/vc_raw_js][\/vc_column][\/vc_row]<\/p>\n<\/div>","protected":false},"excerpt":{"rendered":"<p>[vc_row][vc_column][vc_column_text css=\u00bb\u00bb] Refrigerador de agua [\/vc_column_text][vc_cta h2=\u00bb\u00bb css=\u00bb\u00bb] En Polypoles, no s\u00f3lo alquilamos equipos: aseguramos tu confort t\u00e9rmico [\/vc_cta][vc_row_inner css=\u00bb.vc_custom_1765467759644{margin-right: 0px !important;margin-left: 0px !important;border-right-width: 0px !important;border-left-width: 0px !important;padding-right: 0px !important;padding-left: 0px !important;}\u00bb][vc_column_inner width=\u00bb2\/3&#8243;][vc_column_text css=\u00bb\u00bb] \u00bfBuscas una enfriadora para el sector industrial, vitivin\u00edcola o de eventos? Nuestro equipo de expertos est\u00e1 a tu disposici\u00f3n para asesorarte&#8230;<\/p>\n","protected":false},"author":3,"featured_media":0,"parent":0,"menu_order":0,"comment_status":"closed","ping_status":"closed","template":"","meta":{"_acf_changed":false,"footnotes":""},"tags":[],"class_list":["post-34957","page","type-page","status-publish","hentry"],"acf":[],"yoast_head":"<!-- This site is optimized with the Yoast SEO plugin v24.9 - https:\/\/yoast.com\/wordpress\/plugins\/seo\/ -->\n<title>Alquiler de enfriadoras - Polypoles<\/title>\n<meta name=\"robots\" content=\"noindex, nofollow\" \/>\n<meta property=\"og:locale\" content=\"es_ES\" \/>\n<meta property=\"og:type\" content=\"article\" \/>\n<meta property=\"og:title\" content=\"Alquiler de enfriadoras - Polypoles\" \/>\n<meta property=\"og:description\" content=\"[vc_row][vc_column][vc_column_text css=\u00bb\u00bb] Refrigerador de agua [\/vc_column_text][vc_cta h2=\u00bb\u00bb css=\u00bb\u00bb] En Polypoles, no s\u00f3lo alquilamos equipos: aseguramos tu confort t\u00e9rmico [\/vc_cta][vc_row_inner css=\u00bb.vc_custom_1765467759644{margin-right: 0px !important;margin-left: 0px !important;border-right-width: 0px !important;border-left-width: 0px !important;padding-right: 0px !important;padding-left: 0px !important;}\u00bb][vc_column_inner width=\u00bb2\/3&#8243;][vc_column_text css=\u00bb\u00bb] \u00bfBuscas una enfriadora para el sector industrial, vitivin\u00edcola o de eventos? Nuestro equipo de expertos est\u00e1 a tu disposici\u00f3n para asesorarte...\" \/>\n<meta property=\"og:url\" content=\"https:\/\/www.polypoles.com\/es\/alquiler-de-enfriadoras-2\/\" \/>\n<meta property=\"og:site_name\" content=\"Polypoles\" \/>\n<meta property=\"article:modified_time\" content=\"2026-03-26T08:59:21+00:00\" \/>\n<meta name=\"twitter:card\" content=\"summary_large_image\" \/>\n<meta name=\"twitter:label1\" content=\"Tiempo de lectura\" \/>\n\t<meta name=\"twitter:data1\" content=\"5 minutos\" \/>\n<script type=\"application\/ld+json\" class=\"yoast-schema-graph\">{\"@context\":\"https:\/\/schema.org\",\"@graph\":[{\"@type\":\"WebPage\",\"@id\":\"https:\/\/www.polypoles.com\/es\/alquiler-de-enfriadoras-2\/\",\"url\":\"https:\/\/www.polypoles.com\/es\/alquiler-de-enfriadoras-2\/\",\"name\":\"Alquiler de enfriadoras - Polypoles\",\"isPartOf\":{\"@id\":\"https:\/\/www.polypoles.com\/es\/#website\"},\"datePublished\":\"2026-02-12T15:35:49+00:00\",\"dateModified\":\"2026-03-26T08:59:21+00:00\",\"breadcrumb\":{\"@id\":\"https:\/\/www.polypoles.com\/es\/alquiler-de-enfriadoras-2\/#breadcrumb\"},\"inLanguage\":\"es\",\"potentialAction\":[{\"@type\":\"ReadAction\",\"target\":[\"https:\/\/www.polypoles.com\/es\/alquiler-de-enfriadoras-2\/\"]}]},{\"@type\":\"BreadcrumbList\",\"@id\":\"https:\/\/www.polypoles.com\/es\/alquiler-de-enfriadoras-2\/#breadcrumb\",\"itemListElement\":[{\"@type\":\"ListItem\",\"position\":1,\"name\":\"Home\",\"item\":\"https:\/\/www.polypoles.com\/es\/\"},{\"@type\":\"ListItem\",\"position\":2,\"name\":\"Alquiler de enfriadoras\"}]},{\"@type\":\"WebSite\",\"@id\":\"https:\/\/www.polypoles.com\/es\/#website\",\"url\":\"https:\/\/www.polypoles.com\/es\/\",\"name\":\"Polypoles\",\"description\":\"Votre partenaire chaud-froid\",\"publisher\":{\"@id\":\"https:\/\/www.polypoles.com\/es\/#organization\"},\"potentialAction\":[{\"@type\":\"SearchAction\",\"target\":{\"@type\":\"EntryPoint\",\"urlTemplate\":\"https:\/\/www.polypoles.com\/es\/?s={search_term_string}\"},\"query-input\":{\"@type\":\"PropertyValueSpecification\",\"valueRequired\":true,\"valueName\":\"search_term_string\"}}],\"inLanguage\":\"es\"},{\"@type\":\"Organization\",\"@id\":\"https:\/\/www.polypoles.com\/es\/#organization\",\"name\":\"Polypoles\",\"url\":\"https:\/\/www.polypoles.com\/es\/\",\"logo\":{\"@type\":\"ImageObject\",\"inLanguage\":\"es\",\"@id\":\"https:\/\/www.polypoles.com\/es\/#\/schema\/logo\/image\/\",\"url\":\"https:\/\/www.polypoles.com\/wp-content\/uploads\/2024\/06\/base-25-cm-300-DPI-scaled.jpg\",\"contentUrl\":\"https:\/\/www.polypoles.com\/wp-content\/uploads\/2024\/06\/base-25-cm-300-DPI-scaled.jpg\",\"width\":2560,\"height\":497,\"caption\":\"Polypoles\"},\"image\":{\"@id\":\"https:\/\/www.polypoles.com\/es\/#\/schema\/logo\/image\/\"}}]}<\/script>\n<!-- \/ Yoast SEO plugin. -->","yoast_head_json":{"title":"Alquiler de enfriadoras - Polypoles","robots":{"index":"noindex","follow":"nofollow"},"og_locale":"es_ES","og_type":"article","og_title":"Alquiler de enfriadoras - Polypoles","og_description":"[vc_row][vc_column][vc_column_text css=\u00bb\u00bb] Refrigerador de agua [\/vc_column_text][vc_cta h2=\u00bb\u00bb css=\u00bb\u00bb] En Polypoles, no s\u00f3lo alquilamos equipos: aseguramos tu confort t\u00e9rmico [\/vc_cta][vc_row_inner css=\u00bb.vc_custom_1765467759644{margin-right: 0px !important;margin-left: 0px !important;border-right-width: 0px !important;border-left-width: 0px !important;padding-right: 0px !important;padding-left: 0px !important;}\u00bb][vc_column_inner width=\u00bb2\/3&#8243;][vc_column_text css=\u00bb\u00bb] \u00bfBuscas una enfriadora para el sector industrial, vitivin\u00edcola o de eventos? Nuestro equipo de expertos est\u00e1 a tu disposici\u00f3n para asesorarte...","og_url":"https:\/\/www.polypoles.com\/es\/alquiler-de-enfriadoras-2\/","og_site_name":"Polypoles","article_modified_time":"2026-03-26T08:59:21+00:00","twitter_card":"summary_large_image","twitter_misc":{"Tiempo de lectura":"5 minutos"},"schema":{"@context":"https:\/\/schema.org","@graph":[{"@type":"WebPage","@id":"https:\/\/www.polypoles.com\/es\/alquiler-de-enfriadoras-2\/","url":"https:\/\/www.polypoles.com\/es\/alquiler-de-enfriadoras-2\/","name":"Alquiler de enfriadoras - Polypoles","isPartOf":{"@id":"https:\/\/www.polypoles.com\/es\/#website"},"datePublished":"2026-02-12T15:35:49+00:00","dateModified":"2026-03-26T08:59:21+00:00","breadcrumb":{"@id":"https:\/\/www.polypoles.com\/es\/alquiler-de-enfriadoras-2\/#breadcrumb"},"inLanguage":"es","potentialAction":[{"@type":"ReadAction","target":["https:\/\/www.polypoles.com\/es\/alquiler-de-enfriadoras-2\/"]}]},{"@type":"BreadcrumbList","@id":"https:\/\/www.polypoles.com\/es\/alquiler-de-enfriadoras-2\/#breadcrumb","itemListElement":[{"@type":"ListItem","position":1,"name":"Home","item":"https:\/\/www.polypoles.com\/es\/"},{"@type":"ListItem","position":2,"name":"Alquiler de enfriadoras"}]},{"@type":"WebSite","@id":"https:\/\/www.polypoles.com\/es\/#website","url":"https:\/\/www.polypoles.com\/es\/","name":"Polypoles","description":"Votre partenaire chaud-froid","publisher":{"@id":"https:\/\/www.polypoles.com\/es\/#organization"},"potentialAction":[{"@type":"SearchAction","target":{"@type":"EntryPoint","urlTemplate":"https:\/\/www.polypoles.com\/es\/?s={search_term_string}"},"query-input":{"@type":"PropertyValueSpecification","valueRequired":true,"valueName":"search_term_string"}}],"inLanguage":"es"},{"@type":"Organization","@id":"https:\/\/www.polypoles.com\/es\/#organization","name":"Polypoles","url":"https:\/\/www.polypoles.com\/es\/","logo":{"@type":"ImageObject","inLanguage":"es","@id":"https:\/\/www.polypoles.com\/es\/#\/schema\/logo\/image\/","url":"https:\/\/www.polypoles.com\/wp-content\/uploads\/2024\/06\/base-25-cm-300-DPI-scaled.jpg","contentUrl":"https:\/\/www.polypoles.com\/wp-content\/uploads\/2024\/06\/base-25-cm-300-DPI-scaled.jpg","width":2560,"height":497,"caption":"Polypoles"},"image":{"@id":"https:\/\/www.polypoles.com\/es\/#\/schema\/logo\/image\/"}}]}},"_links":{"self":[{"href":"https:\/\/www.polypoles.com\/es\/wp-json\/wp\/v2\/pages\/34957","targetHints":{"allow":["GET"]}}],"collection":[{"href":"https:\/\/www.polypoles.com\/es\/wp-json\/wp\/v2\/pages"}],"about":[{"href":"https:\/\/www.polypoles.com\/es\/wp-json\/wp\/v2\/types\/page"}],"author":[{"embeddable":true,"href":"https:\/\/www.polypoles.com\/es\/wp-json\/wp\/v2\/users\/3"}],"replies":[{"embeddable":true,"href":"https:\/\/www.polypoles.com\/es\/wp-json\/wp\/v2\/comments?post=34957"}],"version-history":[{"count":14,"href":"https:\/\/www.polypoles.com\/es\/wp-json\/wp\/v2\/pages\/34957\/revisions"}],"predecessor-version":[{"id":35374,"href":"https:\/\/www.polypoles.com\/es\/wp-json\/wp\/v2\/pages\/34957\/revisions\/35374"}],"wp:attachment":[{"href":"https:\/\/www.polypoles.com\/es\/wp-json\/wp\/v2\/media?parent=34957"}],"wp:term":[{"taxonomy":"post_tag","embeddable":true,"href":"https:\/\/www.polypoles.com\/es\/wp-json\/wp\/v2\/tags?post=34957"}],"curies":[{"name":"wp","href":"https:\/\/api.w.org\/{rel}","templated":true}]}}