{"id":34195,"date":"2026-01-14T11:53:26","date_gmt":"2026-01-14T10:53:26","guid":{"rendered":"https:\/\/www.polypoles.com\/noticias\/nuestros-logros\/instalacion-de-precalentamiento-para-obras\/"},"modified":"2026-01-14T11:57:53","modified_gmt":"2026-01-14T10:57:53","slug":"instalacion-de-precalentamiento-para-obras","status":"publish","type":"page","link":"https:\/\/www.polypoles.com\/es\/noticias\/nuestros-logros\/instalacion-de-precalentamiento-para-obras\/","title":{"rendered":"Instalaci\u00f3n de precalentamiento para obras"},"content":{"rendered":"<div class=\"wpb-content-wrapper\"><p>[vc_row][vc_column][vc_column_text css=\u00bb\u00bb]<\/p>\n<h1 style=\"text-align: center;\"><span class=\"TextRun SCXW130814048 BCX8\" lang=\"FR-FR\" xml:lang=\"FR-FR\" data-contrast=\"none\"><span class=\"NormalTextRun SCXW130814048 BCX8\" data-ccp-parastyle=\"heading 2\">Nuestras soluciones de precalentamiento para obras<\/span><\/span><span class=\"EOP SCXW130814048 BCX8\" data-ccp-props=\"{\"134233117\":false,\"134233118\":false,\"134245418\":true,\"134245529\":true,\"335551550\":1,\"335551620\":1,\"335559738\":299,\"335559739\":299}\"> <\/span><\/h1>\n<p>[\/vc_column_text][\/vc_column][\/vc_row][vc_row][vc_column width=\u00bb2\/3&#8243;][vc_column_text css=\u00bb\u00bb]<\/p>\n<p data-start=\"258\" data-end=\"597\">En el marco de un proyecto en la regi\u00f3n de Par\u00eds, los equipos de Polypoles instalaron recientemente una soluci\u00f3n de precalentamiento para un edificio. Se instalaron dos calefactores de aire forzado <strong data-start=\"482\" data-end=\"491\">TITAN<\/strong> para garantizar un aumento r\u00e1pido y uniforme de la temperatura, incluso en invierno. <\/p>\n<p data-start=\"599\" data-end=\"783\">Esta instalaci\u00f3n crea unas condiciones t\u00e9rmicas \u00f3ptimas desde las primeras fases de la obra, contribuyendo al confort de los equipos y al buen desarrollo de los trabajos.<\/p>\n<p style=\"text-align: left;\" data-start=\"785\" data-end=\"1129\">Con m\u00e1s de 36 a\u00f1os de experiencia, Polypoles apoya a los profesionales de la construcci\u00f3n y las obras p\u00fablicas con soluciones de calefacci\u00f3n de obras <strong data-start=\"916\" data-end=\"993\">fiables y eficaces, dise\u00f1adas para responder a las exigencias del terreno<\/strong>. Gracias a su red de 7 delegaciones repartidas por toda Francia, la empresa puede garantizarte capacidad de respuesta, proximidad y experiencia para todas tus necesidades de<a href=\"https:\/\/www.polypoles.com\/es\/alquiler-de-calefaccion\/\"> calefacci\u00f3n de obras<\/a>. <\/p>\n<p>[\/vc_column_text][\/vc_column][vc_column width=\u00bb1\/3&#8243;][vc_gallery type=\u00bbimage_grid\u00bb images=\u00bb34171&#8243; img_size=\u00bb350&#8243; css=\u00bb\u00bb][\/vc_column][\/vc_row][vc_row][vc_column width=\u00bb1\/4&#8243;][vc_gallery type=\u00bbimage_grid\u00bb images=\u00bb34174&#8243; img_size=\u00bb400X350&#8243; css=\u00bb\u00bb][\/vc_column][vc_column width=\u00bb1\/4&#8243;][vc_gallery type=\u00bbimage_grid\u00bb images=\u00bb34177&#8243; img_size=\u00bb400X350&#8243; css=\u00bb\u00bb][\/vc_column][vc_column width=\u00bb1\/4&#8243;][vc_gallery type=\u00bbimage_grid\u00bb images=\u00bb34180&#8243; img_size=\u00bb400X350&#8243; css=\u00bb\u00bb][\/vc_column][vc_column width=\u00bb1\/4&#8243;][vc_gallery type=\u00bbimage_grid\u00bb images=\u00bb34185&#8243; img_size=\u00bb400X350&#8243; css=\u00bb\u00bb][\/vc_column][\/vc_row][vc_row][vc_column][vc_separator][vc_column_text css=\u00bb\u00bb]<\/p>\n<h2 style=\"text-align: center;\"><span style=\"color: #002b49;\">Consulta nuestro folleto sobre precalentamiento in situ<\/span><\/h2>\n<p>[\/vc_column_text][\/vc_column][\/vc_row][vc_row][vc_column][vc_hoverbox image=\u00bb34141&#8243; primary_title=\u00bb\u00bb hover_title=\u00bb\u00bb el_width=\u00bb50&#8243; hover_btn_title=\u00bbDescarga\u00bb hover_btn_color=\u00bbprimary\u00bb hover_add_button=\u00bbtrue\u00bb hover_btn_link=\u00bburl:https%3A%2F%2Fwww.polypoles.com%2Fwp-content%2Fuploads%2F2026%2F01%2FLivret-Pre-chauffage-Chantier-OK-FINAL.pdf|title:Descarga|\u00bb][\/vc_hoverbox][vc_column_text css=\u00bb\u00bb][\/vc_column_text][vc_column_text css=\u00bb\u00bb][\/vc_column_text][\/vc_column][\/vc_row][vc_row][vc_column][vc_column_text css=\u00bb\u00bb]<\/p>\n<div class=\"term-description\">\n<h2>Cat\u00e1logo de calefacci\u00f3n<\/h2>\n<\/div>\n<p>[\/vc_column_text]<div class=\"woocommerce columns-4 \"><ul class=\"products columns-4\">\n<li class=\"product type-product post-25579 status-publish first instock product_cat-calefaccion product_cat-calefaccion-de-gasoleo product_cat-calentamiento-de-gran-volumen has-post-thumbnail taxable shipping-taxable product-type-simple\">\n\t<div class=\"product-list\">\n \t<div class=\"single-details\">\n \t\t<div class=\"images-product\">\n\t\t\t<a href=\"https:\/\/www.polypoles.com\/es\/produit\/calefaccion-por-aire-forzado-de-gasoleo-o-biocombustible\/\"><img loading=\"lazy\" decoding=\"async\" width=\"300\" height=\"300\" src=\"https:\/\/www.polypoles.com\/wp-content\/uploads\/2024\/01\/chauffage-air-pulse-titan-e1704897939703-300x300.png\" class=\"attachment-shop_catalog size-shop_catalog wp-post-image\" alt=\"calefacci\u00f3n de gas\u00f3leo por aire forzado\" srcset=\"https:\/\/www.polypoles.com\/wp-content\/uploads\/2024\/01\/chauffage-air-pulse-titan-e1704897939703-300x300.png 300w, https:\/\/www.polypoles.com\/wp-content\/uploads\/2024\/01\/chauffage-air-pulse-titan-e1704897939703-150x150.png 150w, https:\/\/www.polypoles.com\/wp-content\/uploads\/2024\/01\/chauffage-air-pulse-titan-e1704897939703-100x100.png 100w, https:\/\/www.polypoles.com\/wp-content\/uploads\/2024\/01\/chauffage-air-pulse-titan-e1704897939703-32x32.png 32w\" sizes=\"auto, (max-width: 300px) 100vw, 300px\" \/><\/a>\t\t<\/div>\n\t<\/div>\n<\/div><h2 class=\"woocommerce-loop-product__title\"><a href=\"https:\/\/www.polypoles.com\/es\/produit\/calefaccion-por-aire-forzado-de-gasoleo-o-biocombustible\/\">Calefacci\u00f3n por aire forzado de gas\u00f3leo o biocombustible (de 145 a 185 kW)<\/a><\/h2>\n<\/li>\n<\/ul>\n<\/div>[\/vc_column][\/vc_row][vc_row][vc_column][vc_btn title=\u00bbVer otros proyectos\u00bb align=\u00bbcenter\u00bb i_align=\u00bbright\u00bb i_icon_fontawesome=\u00bbfa fa-angle-double-right\u00bb add_icon=\u00bbtrue\u00bb link=\u00bburl:https%3A%2F%2Fwww.polypoles.com%2Fes%2Fnoticias%2Fnuestros-logros%2F|title:Nuestros%20logros|\u00bb][\/vc_column][\/vc_row]<\/p>\n<\/div>","protected":false},"excerpt":{"rendered":"<p>Una instalaci\u00f3n de precalentamiento de obra en la regi\u00f3n de Par\u00eds<\/p>\n","protected":false},"author":3,"featured_media":34171,"parent":25139,"menu_order":0,"comment_status":"closed","ping_status":"closed","template":"","meta":{"_acf_changed":false,"footnotes":""},"tags":[240,238],"class_list":["post-34195","page","type-page","status-publish","has-post-thumbnail","hentry","tag-calefaccion","tag-industria"],"acf":[],"yoast_head":"<!-- This site is optimized with the Yoast SEO plugin v24.9 - https:\/\/yoast.com\/wordpress\/plugins\/seo\/ -->\n<title>Sistema de precalentamiento del emplazamiento<\/title>\n<meta name=\"description\" content=\"En Polypoles, nuestros t\u00e9cnicos realizan el precalentamiento de las obras. Ponte en contacto con nosotros si est\u00e1s interesado. Contacto: 0810 020 851\" \/>\n<meta name=\"robots\" content=\"index, follow, max-snippet:-1, max-image-preview:large, max-video-preview:-1\" \/>\n<link rel=\"canonical\" href=\"https:\/\/www.polypoles.com\/es\/noticias\/nuestros-logros\/instalacion-de-precalentamiento-para-obras\/\" \/>\n<meta property=\"og:locale\" content=\"es_ES\" \/>\n<meta property=\"og:type\" content=\"article\" \/>\n<meta property=\"og:title\" content=\"Sistema de precalentamiento del emplazamiento\" \/>\n<meta property=\"og:description\" content=\"En Polypoles, nuestros t\u00e9cnicos realizan el precalentamiento de las obras. Ponte en contacto con nosotros si est\u00e1s interesado. Contacto: 0810 020 851\" \/>\n<meta property=\"og:url\" content=\"https:\/\/www.polypoles.com\/es\/noticias\/nuestros-logros\/instalacion-de-precalentamiento-para-obras\/\" \/>\n<meta property=\"og:site_name\" content=\"Polypoles\" \/>\n<meta property=\"article:modified_time\" content=\"2026-01-14T10:57:53+00:00\" \/>\n<meta property=\"og:image\" content=\"https:\/\/www.polypoles.com\/wp-content\/uploads\/2026\/01\/WhatsApp-Image-2026-01-14-at-10.59.51.jpeg\" \/>\n\t<meta property=\"og:image:width\" content=\"1200\" \/>\n\t<meta property=\"og:image:height\" content=\"1600\" \/>\n\t<meta property=\"og:image:type\" content=\"image\/jpeg\" \/>\n<meta name=\"twitter:card\" content=\"summary_large_image\" \/>\n<meta name=\"twitter:label1\" content=\"Tiempo de lectura\" \/>\n\t<meta name=\"twitter:data1\" content=\"2 minutos\" \/>\n<script type=\"application\/ld+json\" class=\"yoast-schema-graph\">{\"@context\":\"https:\/\/schema.org\",\"@graph\":[{\"@type\":\"WebPage\",\"@id\":\"https:\/\/www.polypoles.com\/es\/noticias\/nuestros-logros\/instalacion-de-precalentamiento-para-obras\/\",\"url\":\"https:\/\/www.polypoles.com\/es\/noticias\/nuestros-logros\/instalacion-de-precalentamiento-para-obras\/\",\"name\":\"Sistema de precalentamiento del emplazamiento\",\"isPartOf\":{\"@id\":\"https:\/\/www.polypoles.com\/es\/#website\"},\"primaryImageOfPage\":{\"@id\":\"https:\/\/www.polypoles.com\/es\/noticias\/nuestros-logros\/instalacion-de-precalentamiento-para-obras\/#primaryimage\"},\"image\":{\"@id\":\"https:\/\/www.polypoles.com\/es\/noticias\/nuestros-logros\/instalacion-de-precalentamiento-para-obras\/#primaryimage\"},\"thumbnailUrl\":\"https:\/\/www.polypoles.com\/wp-content\/uploads\/2026\/01\/WhatsApp-Image-2026-01-14-at-10.59.51.jpeg\",\"datePublished\":\"2026-01-14T10:53:26+00:00\",\"dateModified\":\"2026-01-14T10:57:53+00:00\",\"description\":\"En Polypoles, nuestros t\u00e9cnicos realizan el precalentamiento de las obras. Ponte en contacto con nosotros si est\u00e1s interesado. Contacto: 0810 020 851\",\"breadcrumb\":{\"@id\":\"https:\/\/www.polypoles.com\/es\/noticias\/nuestros-logros\/instalacion-de-precalentamiento-para-obras\/#breadcrumb\"},\"inLanguage\":\"es\",\"potentialAction\":[{\"@type\":\"ReadAction\",\"target\":[\"https:\/\/www.polypoles.com\/es\/noticias\/nuestros-logros\/instalacion-de-precalentamiento-para-obras\/\"]}]},{\"@type\":\"ImageObject\",\"inLanguage\":\"es\",\"@id\":\"https:\/\/www.polypoles.com\/es\/noticias\/nuestros-logros\/instalacion-de-precalentamiento-para-obras\/#primaryimage\",\"url\":\"https:\/\/www.polypoles.com\/wp-content\/uploads\/2026\/01\/WhatsApp-Image-2026-01-14-at-10.59.51.jpeg\",\"contentUrl\":\"https:\/\/www.polypoles.com\/wp-content\/uploads\/2026\/01\/WhatsApp-Image-2026-01-14-at-10.59.51.jpeg\",\"width\":1200,\"height\":1600},{\"@type\":\"BreadcrumbList\",\"@id\":\"https:\/\/www.polypoles.com\/es\/noticias\/nuestros-logros\/instalacion-de-precalentamiento-para-obras\/#breadcrumb\",\"itemListElement\":[{\"@type\":\"ListItem\",\"position\":1,\"name\":\"Home\",\"item\":\"https:\/\/www.polypoles.com\/es\/\"},{\"@type\":\"ListItem\",\"position\":2,\"name\":\"Noticias\",\"item\":\"https:\/\/www.polypoles.com\/es\/noticias\/\"},{\"@type\":\"ListItem\",\"position\":3,\"name\":\"Nuestros logros\",\"item\":\"https:\/\/www.polypoles.com\/es\/noticias\/nuestros-logros\/\"},{\"@type\":\"ListItem\",\"position\":4,\"name\":\"Instalaci\u00f3n de precalentamiento para obras\"}]},{\"@type\":\"WebSite\",\"@id\":\"https:\/\/www.polypoles.com\/es\/#website\",\"url\":\"https:\/\/www.polypoles.com\/es\/\",\"name\":\"Polypoles\",\"description\":\"Votre partenaire chaud-froid\",\"publisher\":{\"@id\":\"https:\/\/www.polypoles.com\/es\/#organization\"},\"potentialAction\":[{\"@type\":\"SearchAction\",\"target\":{\"@type\":\"EntryPoint\",\"urlTemplate\":\"https:\/\/www.polypoles.com\/es\/?s={search_term_string}\"},\"query-input\":{\"@type\":\"PropertyValueSpecification\",\"valueRequired\":true,\"valueName\":\"search_term_string\"}}],\"inLanguage\":\"es\"},{\"@type\":\"Organization\",\"@id\":\"https:\/\/www.polypoles.com\/es\/#organization\",\"name\":\"Polypoles\",\"url\":\"https:\/\/www.polypoles.com\/es\/\",\"logo\":{\"@type\":\"ImageObject\",\"inLanguage\":\"es\",\"@id\":\"https:\/\/www.polypoles.com\/es\/#\/schema\/logo\/image\/\",\"url\":\"https:\/\/www.polypoles.com\/wp-content\/uploads\/2024\/06\/base-25-cm-300-DPI-scaled.jpg\",\"contentUrl\":\"https:\/\/www.polypoles.com\/wp-content\/uploads\/2024\/06\/base-25-cm-300-DPI-scaled.jpg\",\"width\":2560,\"height\":497,\"caption\":\"Polypoles\"},\"image\":{\"@id\":\"https:\/\/www.polypoles.com\/es\/#\/schema\/logo\/image\/\"}}]}<\/script>\n<!-- \/ Yoast SEO plugin. -->","yoast_head_json":{"title":"Sistema de precalentamiento del emplazamiento","description":"En Polypoles, nuestros t\u00e9cnicos realizan el precalentamiento de las obras. Ponte en contacto con nosotros si est\u00e1s interesado. Contacto: 0810 020 851","robots":{"index":"index","follow":"follow","max-snippet":"max-snippet:-1","max-image-preview":"max-image-preview:large","max-video-preview":"max-video-preview:-1"},"canonical":"https:\/\/www.polypoles.com\/es\/noticias\/nuestros-logros\/instalacion-de-precalentamiento-para-obras\/","og_locale":"es_ES","og_type":"article","og_title":"Sistema de precalentamiento del emplazamiento","og_description":"En Polypoles, nuestros t\u00e9cnicos realizan el precalentamiento de las obras. Ponte en contacto con nosotros si est\u00e1s interesado. Contacto: 0810 020 851","og_url":"https:\/\/www.polypoles.com\/es\/noticias\/nuestros-logros\/instalacion-de-precalentamiento-para-obras\/","og_site_name":"Polypoles","article_modified_time":"2026-01-14T10:57:53+00:00","og_image":[{"width":1200,"height":1600,"url":"https:\/\/www.polypoles.com\/wp-content\/uploads\/2026\/01\/WhatsApp-Image-2026-01-14-at-10.59.51.jpeg","type":"image\/jpeg"}],"twitter_card":"summary_large_image","twitter_misc":{"Tiempo de lectura":"2 minutos"},"schema":{"@context":"https:\/\/schema.org","@graph":[{"@type":"WebPage","@id":"https:\/\/www.polypoles.com\/es\/noticias\/nuestros-logros\/instalacion-de-precalentamiento-para-obras\/","url":"https:\/\/www.polypoles.com\/es\/noticias\/nuestros-logros\/instalacion-de-precalentamiento-para-obras\/","name":"Sistema de precalentamiento del emplazamiento","isPartOf":{"@id":"https:\/\/www.polypoles.com\/es\/#website"},"primaryImageOfPage":{"@id":"https:\/\/www.polypoles.com\/es\/noticias\/nuestros-logros\/instalacion-de-precalentamiento-para-obras\/#primaryimage"},"image":{"@id":"https:\/\/www.polypoles.com\/es\/noticias\/nuestros-logros\/instalacion-de-precalentamiento-para-obras\/#primaryimage"},"thumbnailUrl":"https:\/\/www.polypoles.com\/wp-content\/uploads\/2026\/01\/WhatsApp-Image-2026-01-14-at-10.59.51.jpeg","datePublished":"2026-01-14T10:53:26+00:00","dateModified":"2026-01-14T10:57:53+00:00","description":"En Polypoles, nuestros t\u00e9cnicos realizan el precalentamiento de las obras. Ponte en contacto con nosotros si est\u00e1s interesado. Contacto: 0810 020 851","breadcrumb":{"@id":"https:\/\/www.polypoles.com\/es\/noticias\/nuestros-logros\/instalacion-de-precalentamiento-para-obras\/#breadcrumb"},"inLanguage":"es","potentialAction":[{"@type":"ReadAction","target":["https:\/\/www.polypoles.com\/es\/noticias\/nuestros-logros\/instalacion-de-precalentamiento-para-obras\/"]}]},{"@type":"ImageObject","inLanguage":"es","@id":"https:\/\/www.polypoles.com\/es\/noticias\/nuestros-logros\/instalacion-de-precalentamiento-para-obras\/#primaryimage","url":"https:\/\/www.polypoles.com\/wp-content\/uploads\/2026\/01\/WhatsApp-Image-2026-01-14-at-10.59.51.jpeg","contentUrl":"https:\/\/www.polypoles.com\/wp-content\/uploads\/2026\/01\/WhatsApp-Image-2026-01-14-at-10.59.51.jpeg","width":1200,"height":1600},{"@type":"BreadcrumbList","@id":"https:\/\/www.polypoles.com\/es\/noticias\/nuestros-logros\/instalacion-de-precalentamiento-para-obras\/#breadcrumb","itemListElement":[{"@type":"ListItem","position":1,"name":"Home","item":"https:\/\/www.polypoles.com\/es\/"},{"@type":"ListItem","position":2,"name":"Noticias","item":"https:\/\/www.polypoles.com\/es\/noticias\/"},{"@type":"ListItem","position":3,"name":"Nuestros logros","item":"https:\/\/www.polypoles.com\/es\/noticias\/nuestros-logros\/"},{"@type":"ListItem","position":4,"name":"Instalaci\u00f3n de precalentamiento para obras"}]},{"@type":"WebSite","@id":"https:\/\/www.polypoles.com\/es\/#website","url":"https:\/\/www.polypoles.com\/es\/","name":"Polypoles","description":"Votre partenaire chaud-froid","publisher":{"@id":"https:\/\/www.polypoles.com\/es\/#organization"},"potentialAction":[{"@type":"SearchAction","target":{"@type":"EntryPoint","urlTemplate":"https:\/\/www.polypoles.com\/es\/?s={search_term_string}"},"query-input":{"@type":"PropertyValueSpecification","valueRequired":true,"valueName":"search_term_string"}}],"inLanguage":"es"},{"@type":"Organization","@id":"https:\/\/www.polypoles.com\/es\/#organization","name":"Polypoles","url":"https:\/\/www.polypoles.com\/es\/","logo":{"@type":"ImageObject","inLanguage":"es","@id":"https:\/\/www.polypoles.com\/es\/#\/schema\/logo\/image\/","url":"https:\/\/www.polypoles.com\/wp-content\/uploads\/2024\/06\/base-25-cm-300-DPI-scaled.jpg","contentUrl":"https:\/\/www.polypoles.com\/wp-content\/uploads\/2024\/06\/base-25-cm-300-DPI-scaled.jpg","width":2560,"height":497,"caption":"Polypoles"},"image":{"@id":"https:\/\/www.polypoles.com\/es\/#\/schema\/logo\/image\/"}}]}},"_links":{"self":[{"href":"https:\/\/www.polypoles.com\/es\/wp-json\/wp\/v2\/pages\/34195","targetHints":{"allow":["GET"]}}],"collection":[{"href":"https:\/\/www.polypoles.com\/es\/wp-json\/wp\/v2\/pages"}],"about":[{"href":"https:\/\/www.polypoles.com\/es\/wp-json\/wp\/v2\/types\/page"}],"author":[{"embeddable":true,"href":"https:\/\/www.polypoles.com\/es\/wp-json\/wp\/v2\/users\/3"}],"replies":[{"embeddable":true,"href":"https:\/\/www.polypoles.com\/es\/wp-json\/wp\/v2\/comments?post=34195"}],"version-history":[{"count":4,"href":"https:\/\/www.polypoles.com\/es\/wp-json\/wp\/v2\/pages\/34195\/revisions"}],"predecessor-version":[{"id":34202,"href":"https:\/\/www.polypoles.com\/es\/wp-json\/wp\/v2\/pages\/34195\/revisions\/34202"}],"up":[{"embeddable":true,"href":"https:\/\/www.polypoles.com\/es\/wp-json\/wp\/v2\/pages\/25139"}],"wp:featuredmedia":[{"embeddable":true,"href":"https:\/\/www.polypoles.com\/es\/wp-json\/wp\/v2\/media\/34171"}],"wp:attachment":[{"href":"https:\/\/www.polypoles.com\/es\/wp-json\/wp\/v2\/media?parent=34195"}],"wp:term":[{"taxonomy":"post_tag","embeddable":true,"href":"https:\/\/www.polypoles.com\/es\/wp-json\/wp\/v2\/tags?post=34195"}],"curies":[{"name":"wp","href":"https:\/\/api.w.org\/{rel}","templated":true}]}}