{"id":29628,"date":"2025-05-13T15:03:53","date_gmt":"2025-05-13T13:03:53","guid":{"rendered":"https:\/\/www.polypoles.com\/noticias\/nuestros-logros\/calefaccion-y-tratamiento-del-aire-para-piscinas-temporales-y-permanentes\/"},"modified":"2025-05-26T17:00:07","modified_gmt":"2025-05-26T15:00:07","slug":"calefaccion-y-tratamiento-del-aire-para-piscinas-temporales-y-permanentes","status":"publish","type":"page","link":"https:\/\/www.polypoles.com\/es\/noticias\/nuestros-logros\/calefaccion-y-tratamiento-del-aire-para-piscinas-temporales-y-permanentes\/","title":{"rendered":"Calefacci\u00f3n y tratamiento del aire para piscinas temporales y permanentes"},"content":{"rendered":"<div class=\"wpb-content-wrapper\"><p>[vc_row][vc_column][vc_column_text css=\u00bb\u00bb]<\/p>\n<h1 style=\"text-align: center;\"><span class=\"TextRun SCXW130814048 BCX8\" lang=\"FR-FR\" xml:lang=\"FR-FR\" data-contrast=\"none\"><span class=\"NormalTextRun SCXW130814048 BCX8\" data-ccp-parastyle=\"heading 2\">Calefacci\u00f3n y tratamiento del aire para piscinas temporales y permanentes<\/span><\/span><span class=\"EOP SCXW130814048 BCX8\" data-ccp-props=\"{\"134233117\":false,\"134233118\":false,\"134245418\":true,\"134245529\":true,\"335551550\":1,\"335551620\":1,\"335559738\":299,\"335559739\":299}\"> <\/span><\/h1>\n<p>[\/vc_column_text][\/vc_column][\/vc_row][vc_row][vc_column width=\u00bb2\/3&#8243;][vc_column_text css=\u00bb\u00bb]<span data-contrast=\"auto\">En <\/span><b><span data-contrast=\"auto\">Polypoles<\/span><\/b><span data-contrast=\"auto\">llevamos m\u00e1s de 35 a\u00f1os poniendo nuestra experiencia al servicio de nuestros clientes, ofreci\u00e9ndoles <\/span>soluciones personalizadas para <b><span data-contrast=\"auto\">aire acondicionado, calefacci\u00f3n, ventilaci\u00f3n y tratamiento del aire<\/span><\/b><span data-contrast=\"auto\">. Gracias a nuestros  <\/span><b><span data-contrast=\"auto\">7 agencias<\/span><\/b> en toda Francia<span data-contrast=\"auto\">, garantizamos <\/span><b><span data-contrast=\"auto\">capacidad de reacci\u00f3n <\/span><\/b>y apoyo local.<\/p>\n<h2 aria-level=\"3\"><b><span data-contrast=\"none\">Soluciones para piscinas temporales y permanentes<\/span><\/b><span data-ccp-props=\"{\"134233117\":false,\"134233118\":false,\"134245418\":true,\"134245529\":true,\"335551550\":1,\"335551620\":1,\"335559738\":281,\"335559739\":281}\"> <\/span><\/h2>\n<p><span data-contrast=\"auto\">Ofrecemos calefacci\u00f3n y aire <\/span><b><span data-contrast=\"auto\">sistemas de calefacci\u00f3n y tratamiento del aire<\/span><\/b><span data-contrast=\"auto\"> especialmente dise\u00f1ados para <\/span><b><span data-contrast=\"auto\">piscinas temporales<\/span><\/b><span data-contrast=\"auto\"> as\u00ed como <\/span>para instalaciones acu\u00e1ticas fijas.<\/p>\n<p><span data-contrast=\"auto\">En la actualidad, muchas <\/span><b><span data-contrast=\"auto\">autoridades locales<\/span><\/b><span data-contrast=\"auto\"> est\u00e1n creando <\/span><b><span data-contrast=\"auto\">piscinas temporales<\/span><\/b><span data-contrast=\"auto\">  para garantizar la continuidad del servicio p\u00fablico mientras se renuevan sus instalaciones acu\u00e1ticas. Estas instalaciones tambi\u00e9n pueden utilizarse para satisfacer necesidades espec\u00edficas en el contexto de   <\/span>acontecimientos deportivos y culturales.<\/p>\n<p><span data-contrast=\"auto\">Nuestras <\/span>soluciones est\u00e1n disponibles para<b><span data-contrast=\"auto\"> alquiler<\/span><\/b><span data-contrast=\"auto\"> y garantizan <\/span>un confort \u00f3ptimo<span data-contrast=\"auto\"> a los usuarios, sean cuales sean las condiciones exteriores.<\/span><span data-ccp-props=\"{\"134233117\":false,\"134233118\":false,\"335551550\":1,\"335551620\":1,\"335559738\":240,\"335559739\":240}\"> <\/span>[\/vc_column_text][\/vc_column][vc_column width=\u00bb1\/3&#8243;][vc_gallery type=\u00bbimage_grid\u00bb images=\u00bb29583&#8243; img_size=\u00bb350&#8243; css=\u00bb\u00bb][\/vc_column][\/vc_row][vc_row][vc_column width=\u00bb1\/4&#8243;][vc_gallery type=\u00bbimage_grid\u00bb images=\u00bb29880&#8243; img_size=\u00bb400X250&#8243; css=\u00bb\u00bb][vc_gallery type=\u00bbimage_grid\u00bb images=\u00bb29883&#8243; img_size=\u00bb400X250&#8243; css=\u00bb\u00bb][\/vc_column][vc_column width=\u00bb3\/4&#8243;][vc_column_text css=\u00bb\u00bb]<\/p>\n<h2 aria-level=\"3\"><b><span data-contrast=\"none\">Una soluci\u00f3n t\u00e9cnica completa, llave en mano<\/span><\/b><span data-ccp-props=\"{\"134233117\":false,\"134233118\":false,\"134245418\":true,\"134245529\":true,\"335551550\":1,\"335551620\":1,\"335559738\":281,\"335559739\":281}\"> <\/span><\/h2>\n<p><span data-contrast=\"auto\">Nuestros sistemas est\u00e1n dise\u00f1ados para <\/span><b><span data-contrast=\"auto\">una instalaci\u00f3n eficiente y de bajo consumo<\/span><\/b><span data-contrast=\"auto\">.<\/span><span data-ccp-props=\"{\"134233117\":false,\"134233118\":false,\"335551550\":1,\"335551620\":1,\"335559738\":240,\"335559739\":240}\"> <\/span><\/p>\n<p><b><span data-contrast=\"auto\">Configuraci\u00f3n del sistema<\/span><\/b><span data-contrast=\"auto\"> :<\/span><span data-ccp-props=\"{\"134233117\":false,\"134233118\":false,\"335551550\":1,\"335551620\":1,\"335559738\":240,\"335559739\":240}\"> <\/span><\/p>\n<ol>\n<li><b><span data-contrast=\"auto\">Producci\u00f3n de agua caliente<\/span><\/b><span data-contrast=\"auto\"> con acumulador aislado integrado<\/span><span data-ccp-props=\"{\"134233117\":false,\"134233118\":false,\"335551550\":1,\"335551620\":1,\"335559738\":240,\"335559739\":240}\"> <\/span><\/li>\n<li><b><span data-contrast=\"auto\">Unidad de tratamiento de aire 3 en 1<\/span><\/b><span data-contrast=\"auto\"> :<\/span><span data-ccp-props=\"{\"134233117\":false,\"134233118\":false,\"335551550\":1,\"335551620\":1,\"335559738\":240,\"335559739\":240}\"> <\/span>\n<ul>\n<li><span data-contrast=\"auto\">Calefacci\u00f3n por aire<\/span><span data-ccp-props=\"{\"134233117\":false,\"134233118\":false,\"335551550\":1,\"335551620\":1,\"335559738\":240,\"335559739\":240}\"> <\/span><\/li>\n<li><span data-contrast=\"auto\">Bater\u00eda de agua caliente para la piscina<\/span><span data-ccp-props=\"{\"134233117\":false,\"134233118\":false,\"335551550\":1,\"335551620\":1,\"335559738\":240,\"335559739\":240}\"> <\/span><\/li>\n<li><span data-contrast=\"auto\">Deshumidificador<\/span><span data-ccp-props=\"{\"134233117\":false,\"134233118\":false,\"335551550\":1,\"335551620\":1,\"335559738\":240,\"335559739\":240}\"> <\/span><\/li>\n<\/ul>\n<\/li>\n<li><b><span data-contrast=\"auto\">Gesti\u00f3n del aire fresco<\/span><\/b><span data-contrast=\"auto\"> para una renovaci\u00f3n sana y controlada<\/span><span data-ccp-props=\"{\"134233117\":false,\"134233118\":false,\"335551550\":1,\"335551620\":1,\"335559738\":240,\"335559739\":240}\"> <\/span><\/li>\n<li><b><span data-contrast=\"auto\">Distribuci\u00f3n suave y uniforme del aire<\/span><\/b><span data-contrast=\"auto\"> del aire<\/span><span data-ccp-props=\"{\"134233117\":false,\"134233118\":false,\"335551550\":1,\"335551620\":1,\"335559738\":240,\"335559739\":240}\"> <\/span><\/li>\n<li><b><span data-contrast=\"auto\">Almacenamiento de combustible integrado<\/span><\/b><span data-contrast=\"auto\"> (pellets)<\/span><span data-ccp-props=\"{\"134233117\":false,\"134233118\":false,\"335551550\":1,\"335551620\":1,\"335559738\":240,\"335559739\":240}\"> <\/span><\/li>\n<\/ol>\n<p>[\/vc_column_text][\/vc_column][\/vc_row][vc_row][vc_column][vc_column_text css=\u00bb\u00bb]<\/p>\n<h2 aria-level=\"3\"><b><span data-contrast=\"none\">Las ventajas de nuestra soluci\u00f3n<\/span><\/b><span data-ccp-props=\"{\"134233117\":false,\"134233118\":false,\"134245418\":true,\"134245529\":true,\"335551550\":1,\"335551620\":1,\"335559738\":281,\"335559739\":281}\"> <\/span><\/h2>\n<p><span data-contrast=\"auto\">\ud83d\udd27 <\/span><b><span data-contrast=\"auto\">Llave en mano<\/span><\/b><span data-contrast=\"auto\"> estudio, dise\u00f1o y apoyo al proyecto<\/span><span data-ccp-props=\"{\"134233117\":false,\"134233118\":false,\"335551550\":1,\"335551620\":1,\"335559738\":240,\"335559739\":240}\"> <\/span><br \/>\n<span data-contrast=\"auto\">\u2699\ufe0f <\/span><b><span data-contrast=\"auto\">Instalaci\u00f3n optimizada<\/span><\/b><span data-contrast=\"auto\"> Sistemas premontados en contenedores para un despliegue r\u00e1pido<\/span><span data-ccp-props=\"{\"134233117\":false,\"134233118\":false,\"335551550\":1,\"335551620\":1,\"335559738\":240,\"335559739\":240}\"> <\/span><br \/>\n<span data-contrast=\"auto\">\ud83d\udca1 <\/span><b><span data-contrast=\"auto\">Eficiencia energ\u00e9tica<\/span><\/b><span data-contrast=\"auto\"> bajo coste por kWh gracias al uso de pellets<\/span><span data-ccp-props=\"{\"134233117\":false,\"134233118\":false,\"335551550\":1,\"335551620\":1,\"335559738\":240,\"335559739\":240}\"> <\/span><br \/>\n<span data-contrast=\"auto\">\ud83c\udf0d <\/span><b><span data-contrast=\"auto\">Soluci\u00f3n baja en carbono<\/span><\/b><span data-ccp-props=\"{\"134233117\":false,\"134233118\":false,\"335551550\":1,\"335551620\":1,\"335559738\":240,\"335559739\":240}\"> <\/span><br \/>\n<span data-contrast=\"auto\">\ud83d\udcf2 <\/span><b><span data-contrast=\"auto\">Gesti\u00f3n a distancia<\/span><\/b><span data-contrast=\"auto\"> : control del consumo y funcionamiento correcto<\/span><span data-ccp-props=\"{\"134233117\":false,\"134233118\":false,\"335551550\":1,\"335551620\":1,\"335559738\":240,\"335559739\":240}\"> <\/span><\/p>\n<h2 aria-level=\"3\"><b><span data-contrast=\"none\">Nuestros logros<\/span><\/b><span data-ccp-props=\"{\"134233117\":false,\"134233118\":false,\"134245418\":true,\"134245529\":true,\"335551550\":1,\"335551620\":1,\"335559738\":281,\"335559739\":281}\"> <\/span><\/h2>\n<p><span data-contrast=\"auto\">He aqu\u00ed algunos proyectos realizados recientemente por nuestros equipos, equipados con nuestras <\/span><b><span data-contrast=\"auto\">soluciones de calefacci\u00f3n y tratamiento del aire<\/span><\/b><span data-contrast=\"auto\"> para piscinas <\/span><b><span data-contrast=\"auto\">o piscinas fijas<\/span><\/b><span data-contrast=\"auto\"> :<\/span><span data-ccp-props=\"{\"134233117\":false,\"134233118\":false,\"335551550\":1,\"335551620\":1,\"335559738\":240,\"335559739\":240}\"> <\/span>[\/vc_column_text][vc_column_text css=\u00bb\u00bb]<\/p>\n<h3 aria-level=\"3\"><span class=\"OYPEnA font-feature-liga-off font-feature-clig-off font-feature-calt-off text-decoration-none text-strikethrough-none\">Piscina Emile Anthoine (75)<\/span><\/h3>\n<p>[\/vc_column_text][vc_gallery type=\u00bbimage_grid\u00bb images=\u00bb29592,29595,29598&#8243; img_size=\u00bb350&#8243; css=\u00bb\u00bb][vc_column_text css=\u00bb\u00bb]<\/p>\n<h3 aria-level=\"3\"><span class=\"OYPEnA font-feature-liga-off font-feature-clig-off font-feature-calt-off text-decoration-none text-strikethrough-none\">Piscina de Clichy-La-Garenne (92)<\/span><\/h3>\n<p>[\/vc_column_text][vc_gallery type=\u00bbimage_grid\u00bb images=\u00bb29606,29609,29612&#8243; img_size=\u00bb350&#8243; css=\u00bb\u00bb][\/vc_column][\/vc_row][vc_row content_placement=\u00bbmiddle\u00bb el_id=\u00bbcat\u00e1logo\u00bb css=\u00bb.vc_custom_1720536065373{margin-bottom: 100px !important;background-color: #002b49 !important;}\u00bb][vc_column width=\u00bb1\/4&#8243; el_class=\u00bbcatalogue\u00bb][vc_single_image image=\u00bb29889&#8243; img_size=\u00bblarge\u00bb css=\u00bb\u00bb][\/vc_column][vc_column width=\u00bb3\/4&#8243; css=\u00bb.vc_custom_1591015269005{background-color: #002b49 !important;}\u00bb]\r\n        <div class=\"rs-heading    \">\r\n        \t<div class=\"title-inner\">\r\n        \t\t\r\n\t            \r\n\t            <h3 class=\"title title-upper\">Cartilla  <\/h3>\r\n\t        <\/div><\/div><div class=\"rs-btn btn-left  \">\r\n\t<a data-onhovercolor=\"#ffffff\" data-bordercolor=\"#c63527\" data-onhoverbg=\"#c65045\" data-onleavebg=\"#c63527\" data-onleavecolor=\"#ffffff\" class=\"readon rs_button \" href=\"https:\/\/www.polypoles.com\/wp-content\/uploads\/2025\/05\/Livret-biomasse-piscine.pdf\" style =\"color:#ffffff;background:#c63527;border-color:#c63527;\">Descarga <i class=\"fa flaticon-right-arrow\"><\/i><\/a>\r\n<\/div>\r\n\r\n[\/vc_column][\/vc_row][vc_row][vc_column][vc_column_text css=\u00bb\u00bb]<\/p>\n<div class=\"term-description\">\n<h2>Cat\u00e1logo de calefacci\u00f3n<\/h2>\n<\/div>\n<p>[\/vc_column_text][dhvc_woo_product_page_product_categories columns=\u00bb4&#8243; orderby=\u00bb\u00bb order=\u00bb\u00bb hide_empty=\u00bb\u00bb el_class=\u00bb\u00bb ids=\u00bb49,99,24&#8243; number=\u00bb\u00bb parent=\u00bb\u00bb][\/vc_column][\/vc_row][vc_row][vc_column][vc_btn title=\u00bbVer otros proyectos\u00bb align=\u00bbcenter\u00bb i_align=\u00bbright\u00bb i_icon_fontawesome=\u00bbfa fa-angle-double-right\u00bb add_icon=\u00bbtrue\u00bb link=\u00bburl:https%3A%2F%2Fwww.polypoles.com%2Fes%2Fnoticias%2Fnuestros-logros%2F|title:Nuestros%20logros|\u00bb][\/vc_column][\/vc_row][vc_row][vc_column][\/vc_column][\/vc_row]<\/p>\n<\/div>","protected":false},"excerpt":{"rendered":"<p>Sistemas de calefacci\u00f3n y tratamiento del aire para piscinas temporales o permanentes.<\/p>\n","protected":false},"author":3,"featured_media":29583,"parent":25139,"menu_order":0,"comment_status":"closed","ping_status":"closed","template":"","meta":{"_acf_changed":false,"footnotes":""},"tags":[240],"class_list":["post-29628","page","type-page","status-publish","has-post-thumbnail","hentry","tag-calefaccion"],"acf":[],"yoast_head":"<!-- This site is optimized with the Yoast SEO plugin v24.9 - https:\/\/yoast.com\/wordpress\/plugins\/seo\/ -->\n<title>Alquiler de calefacci\u00f3n y tratamiento para piscinas temporales y permanentes<\/title>\n<meta name=\"description\" content=\"Polypoles est\u00e1 cerca de sus clientes con 7 sucursales en Francia - Contacto: 0810 020 851\" \/>\n<meta name=\"robots\" content=\"index, follow, max-snippet:-1, max-image-preview:large, max-video-preview:-1\" \/>\n<link rel=\"canonical\" href=\"https:\/\/www.polypoles.com\/es\/noticias\/nuestros-logros\/calefaccion-y-tratamiento-del-aire-para-piscinas-temporales-y-permanentes\/\" \/>\n<meta property=\"og:locale\" content=\"es_ES\" \/>\n<meta property=\"og:type\" content=\"article\" \/>\n<meta property=\"og:title\" content=\"Alquiler de calefacci\u00f3n y tratamiento para piscinas temporales y permanentes\" \/>\n<meta property=\"og:description\" content=\"Polypoles est\u00e1 cerca de sus clientes con 7 sucursales en Francia - Contacto: 0810 020 851\" \/>\n<meta property=\"og:url\" content=\"https:\/\/www.polypoles.com\/es\/noticias\/nuestros-logros\/calefaccion-y-tratamiento-del-aire-para-piscinas-temporales-y-permanentes\/\" \/>\n<meta property=\"og:site_name\" content=\"Polypoles\" \/>\n<meta property=\"article:modified_time\" content=\"2025-05-26T15:00:07+00:00\" \/>\n<meta property=\"og:image\" content=\"https:\/\/www.polypoles.com\/wp-content\/uploads\/2025\/05\/piscine.jpg\" \/>\n\t<meta property=\"og:image:width\" content=\"1600\" \/>\n\t<meta property=\"og:image:height\" content=\"1200\" \/>\n\t<meta property=\"og:image:type\" content=\"image\/jpeg\" \/>\n<meta name=\"twitter:card\" content=\"summary_large_image\" \/>\n<meta name=\"twitter:label1\" content=\"Tiempo de lectura\" \/>\n\t<meta name=\"twitter:data1\" content=\"3 minutos\" \/>\n<script type=\"application\/ld+json\" class=\"yoast-schema-graph\">{\"@context\":\"https:\/\/schema.org\",\"@graph\":[{\"@type\":\"WebPage\",\"@id\":\"https:\/\/www.polypoles.com\/es\/noticias\/nuestros-logros\/calefaccion-y-tratamiento-del-aire-para-piscinas-temporales-y-permanentes\/\",\"url\":\"https:\/\/www.polypoles.com\/es\/noticias\/nuestros-logros\/calefaccion-y-tratamiento-del-aire-para-piscinas-temporales-y-permanentes\/\",\"name\":\"Alquiler de calefacci\u00f3n y tratamiento para piscinas temporales y permanentes\",\"isPartOf\":{\"@id\":\"https:\/\/www.polypoles.com\/es\/#website\"},\"primaryImageOfPage\":{\"@id\":\"https:\/\/www.polypoles.com\/es\/noticias\/nuestros-logros\/calefaccion-y-tratamiento-del-aire-para-piscinas-temporales-y-permanentes\/#primaryimage\"},\"image\":{\"@id\":\"https:\/\/www.polypoles.com\/es\/noticias\/nuestros-logros\/calefaccion-y-tratamiento-del-aire-para-piscinas-temporales-y-permanentes\/#primaryimage\"},\"thumbnailUrl\":\"https:\/\/www.polypoles.com\/wp-content\/uploads\/2025\/05\/piscine.jpg\",\"datePublished\":\"2025-05-13T13:03:53+00:00\",\"dateModified\":\"2025-05-26T15:00:07+00:00\",\"description\":\"Polypoles est\u00e1 cerca de sus clientes con 7 sucursales en Francia - Contacto: 0810 020 851\",\"breadcrumb\":{\"@id\":\"https:\/\/www.polypoles.com\/es\/noticias\/nuestros-logros\/calefaccion-y-tratamiento-del-aire-para-piscinas-temporales-y-permanentes\/#breadcrumb\"},\"inLanguage\":\"es\",\"potentialAction\":[{\"@type\":\"ReadAction\",\"target\":[\"https:\/\/www.polypoles.com\/es\/noticias\/nuestros-logros\/calefaccion-y-tratamiento-del-aire-para-piscinas-temporales-y-permanentes\/\"]}]},{\"@type\":\"ImageObject\",\"inLanguage\":\"es\",\"@id\":\"https:\/\/www.polypoles.com\/es\/noticias\/nuestros-logros\/calefaccion-y-tratamiento-del-aire-para-piscinas-temporales-y-permanentes\/#primaryimage\",\"url\":\"https:\/\/www.polypoles.com\/wp-content\/uploads\/2025\/05\/piscine.jpg\",\"contentUrl\":\"https:\/\/www.polypoles.com\/wp-content\/uploads\/2025\/05\/piscine.jpg\",\"width\":1600,\"height\":1200},{\"@type\":\"BreadcrumbList\",\"@id\":\"https:\/\/www.polypoles.com\/es\/noticias\/nuestros-logros\/calefaccion-y-tratamiento-del-aire-para-piscinas-temporales-y-permanentes\/#breadcrumb\",\"itemListElement\":[{\"@type\":\"ListItem\",\"position\":1,\"name\":\"Home\",\"item\":\"https:\/\/www.polypoles.com\/es\/\"},{\"@type\":\"ListItem\",\"position\":2,\"name\":\"Noticias\",\"item\":\"https:\/\/www.polypoles.com\/es\/noticias\/\"},{\"@type\":\"ListItem\",\"position\":3,\"name\":\"Nuestros logros\",\"item\":\"https:\/\/www.polypoles.com\/es\/noticias\/nuestros-logros\/\"},{\"@type\":\"ListItem\",\"position\":4,\"name\":\"Calefacci\u00f3n y tratamiento del aire para piscinas temporales y permanentes\"}]},{\"@type\":\"WebSite\",\"@id\":\"https:\/\/www.polypoles.com\/es\/#website\",\"url\":\"https:\/\/www.polypoles.com\/es\/\",\"name\":\"Polypoles\",\"description\":\"Votre partenaire chaud-froid\",\"publisher\":{\"@id\":\"https:\/\/www.polypoles.com\/es\/#organization\"},\"potentialAction\":[{\"@type\":\"SearchAction\",\"target\":{\"@type\":\"EntryPoint\",\"urlTemplate\":\"https:\/\/www.polypoles.com\/es\/?s={search_term_string}\"},\"query-input\":{\"@type\":\"PropertyValueSpecification\",\"valueRequired\":true,\"valueName\":\"search_term_string\"}}],\"inLanguage\":\"es\"},{\"@type\":\"Organization\",\"@id\":\"https:\/\/www.polypoles.com\/es\/#organization\",\"name\":\"Polypoles\",\"url\":\"https:\/\/www.polypoles.com\/es\/\",\"logo\":{\"@type\":\"ImageObject\",\"inLanguage\":\"es\",\"@id\":\"https:\/\/www.polypoles.com\/es\/#\/schema\/logo\/image\/\",\"url\":\"https:\/\/www.polypoles.com\/wp-content\/uploads\/2024\/06\/base-25-cm-300-DPI-scaled.jpg\",\"contentUrl\":\"https:\/\/www.polypoles.com\/wp-content\/uploads\/2024\/06\/base-25-cm-300-DPI-scaled.jpg\",\"width\":2560,\"height\":497,\"caption\":\"Polypoles\"},\"image\":{\"@id\":\"https:\/\/www.polypoles.com\/es\/#\/schema\/logo\/image\/\"}}]}<\/script>\n<!-- \/ Yoast SEO plugin. -->","yoast_head_json":{"title":"Alquiler de calefacci\u00f3n y tratamiento para piscinas temporales y permanentes","description":"Polypoles est\u00e1 cerca de sus clientes con 7 sucursales en Francia - Contacto: 0810 020 851","robots":{"index":"index","follow":"follow","max-snippet":"max-snippet:-1","max-image-preview":"max-image-preview:large","max-video-preview":"max-video-preview:-1"},"canonical":"https:\/\/www.polypoles.com\/es\/noticias\/nuestros-logros\/calefaccion-y-tratamiento-del-aire-para-piscinas-temporales-y-permanentes\/","og_locale":"es_ES","og_type":"article","og_title":"Alquiler de calefacci\u00f3n y tratamiento para piscinas temporales y permanentes","og_description":"Polypoles est\u00e1 cerca de sus clientes con 7 sucursales en Francia - Contacto: 0810 020 851","og_url":"https:\/\/www.polypoles.com\/es\/noticias\/nuestros-logros\/calefaccion-y-tratamiento-del-aire-para-piscinas-temporales-y-permanentes\/","og_site_name":"Polypoles","article_modified_time":"2025-05-26T15:00:07+00:00","og_image":[{"width":1600,"height":1200,"url":"https:\/\/www.polypoles.com\/wp-content\/uploads\/2025\/05\/piscine.jpg","type":"image\/jpeg"}],"twitter_card":"summary_large_image","twitter_misc":{"Tiempo de lectura":"3 minutos"},"schema":{"@context":"https:\/\/schema.org","@graph":[{"@type":"WebPage","@id":"https:\/\/www.polypoles.com\/es\/noticias\/nuestros-logros\/calefaccion-y-tratamiento-del-aire-para-piscinas-temporales-y-permanentes\/","url":"https:\/\/www.polypoles.com\/es\/noticias\/nuestros-logros\/calefaccion-y-tratamiento-del-aire-para-piscinas-temporales-y-permanentes\/","name":"Alquiler de calefacci\u00f3n y tratamiento para piscinas temporales y permanentes","isPartOf":{"@id":"https:\/\/www.polypoles.com\/es\/#website"},"primaryImageOfPage":{"@id":"https:\/\/www.polypoles.com\/es\/noticias\/nuestros-logros\/calefaccion-y-tratamiento-del-aire-para-piscinas-temporales-y-permanentes\/#primaryimage"},"image":{"@id":"https:\/\/www.polypoles.com\/es\/noticias\/nuestros-logros\/calefaccion-y-tratamiento-del-aire-para-piscinas-temporales-y-permanentes\/#primaryimage"},"thumbnailUrl":"https:\/\/www.polypoles.com\/wp-content\/uploads\/2025\/05\/piscine.jpg","datePublished":"2025-05-13T13:03:53+00:00","dateModified":"2025-05-26T15:00:07+00:00","description":"Polypoles est\u00e1 cerca de sus clientes con 7 sucursales en Francia - Contacto: 0810 020 851","breadcrumb":{"@id":"https:\/\/www.polypoles.com\/es\/noticias\/nuestros-logros\/calefaccion-y-tratamiento-del-aire-para-piscinas-temporales-y-permanentes\/#breadcrumb"},"inLanguage":"es","potentialAction":[{"@type":"ReadAction","target":["https:\/\/www.polypoles.com\/es\/noticias\/nuestros-logros\/calefaccion-y-tratamiento-del-aire-para-piscinas-temporales-y-permanentes\/"]}]},{"@type":"ImageObject","inLanguage":"es","@id":"https:\/\/www.polypoles.com\/es\/noticias\/nuestros-logros\/calefaccion-y-tratamiento-del-aire-para-piscinas-temporales-y-permanentes\/#primaryimage","url":"https:\/\/www.polypoles.com\/wp-content\/uploads\/2025\/05\/piscine.jpg","contentUrl":"https:\/\/www.polypoles.com\/wp-content\/uploads\/2025\/05\/piscine.jpg","width":1600,"height":1200},{"@type":"BreadcrumbList","@id":"https:\/\/www.polypoles.com\/es\/noticias\/nuestros-logros\/calefaccion-y-tratamiento-del-aire-para-piscinas-temporales-y-permanentes\/#breadcrumb","itemListElement":[{"@type":"ListItem","position":1,"name":"Home","item":"https:\/\/www.polypoles.com\/es\/"},{"@type":"ListItem","position":2,"name":"Noticias","item":"https:\/\/www.polypoles.com\/es\/noticias\/"},{"@type":"ListItem","position":3,"name":"Nuestros logros","item":"https:\/\/www.polypoles.com\/es\/noticias\/nuestros-logros\/"},{"@type":"ListItem","position":4,"name":"Calefacci\u00f3n y tratamiento del aire para piscinas temporales y permanentes"}]},{"@type":"WebSite","@id":"https:\/\/www.polypoles.com\/es\/#website","url":"https:\/\/www.polypoles.com\/es\/","name":"Polypoles","description":"Votre partenaire chaud-froid","publisher":{"@id":"https:\/\/www.polypoles.com\/es\/#organization"},"potentialAction":[{"@type":"SearchAction","target":{"@type":"EntryPoint","urlTemplate":"https:\/\/www.polypoles.com\/es\/?s={search_term_string}"},"query-input":{"@type":"PropertyValueSpecification","valueRequired":true,"valueName":"search_term_string"}}],"inLanguage":"es"},{"@type":"Organization","@id":"https:\/\/www.polypoles.com\/es\/#organization","name":"Polypoles","url":"https:\/\/www.polypoles.com\/es\/","logo":{"@type":"ImageObject","inLanguage":"es","@id":"https:\/\/www.polypoles.com\/es\/#\/schema\/logo\/image\/","url":"https:\/\/www.polypoles.com\/wp-content\/uploads\/2024\/06\/base-25-cm-300-DPI-scaled.jpg","contentUrl":"https:\/\/www.polypoles.com\/wp-content\/uploads\/2024\/06\/base-25-cm-300-DPI-scaled.jpg","width":2560,"height":497,"caption":"Polypoles"},"image":{"@id":"https:\/\/www.polypoles.com\/es\/#\/schema\/logo\/image\/"}}]}},"_links":{"self":[{"href":"https:\/\/www.polypoles.com\/es\/wp-json\/wp\/v2\/pages\/29628","targetHints":{"allow":["GET"]}}],"collection":[{"href":"https:\/\/www.polypoles.com\/es\/wp-json\/wp\/v2\/pages"}],"about":[{"href":"https:\/\/www.polypoles.com\/es\/wp-json\/wp\/v2\/types\/page"}],"author":[{"embeddable":true,"href":"https:\/\/www.polypoles.com\/es\/wp-json\/wp\/v2\/users\/3"}],"replies":[{"embeddable":true,"href":"https:\/\/www.polypoles.com\/es\/wp-json\/wp\/v2\/comments?post=29628"}],"version-history":[{"count":8,"href":"https:\/\/www.polypoles.com\/es\/wp-json\/wp\/v2\/pages\/29628\/revisions"}],"predecessor-version":[{"id":29897,"href":"https:\/\/www.polypoles.com\/es\/wp-json\/wp\/v2\/pages\/29628\/revisions\/29897"}],"up":[{"embeddable":true,"href":"https:\/\/www.polypoles.com\/es\/wp-json\/wp\/v2\/pages\/25139"}],"wp:featuredmedia":[{"embeddable":true,"href":"https:\/\/www.polypoles.com\/es\/wp-json\/wp\/v2\/media\/29583"}],"wp:attachment":[{"href":"https:\/\/www.polypoles.com\/es\/wp-json\/wp\/v2\/media?parent=29628"}],"wp:term":[{"taxonomy":"post_tag","embeddable":true,"href":"https:\/\/www.polypoles.com\/es\/wp-json\/wp\/v2\/tags?post=29628"}],"curies":[{"name":"wp","href":"https:\/\/api.w.org\/{rel}","templated":true}]}}