{"id":27250,"date":"2025-02-03T14:38:24","date_gmt":"2025-02-03T13:38:24","guid":{"rendered":"https:\/\/www.polypoles.com\/alquiler-de-calderas-de-gasoleo\/"},"modified":"2025-02-12T16:31:32","modified_gmt":"2025-02-12T15:31:32","slug":"alquiler-de-calderas-de-gasoleo","status":"publish","type":"page","link":"https:\/\/www.polypoles.com\/es\/alquiler-de-calderas-de-gasoleo\/","title":{"rendered":"Alquiler de calderas de gas\u00f3leo"},"content":{"rendered":"<div class=\"wpb-content-wrapper\"><p>[vc_row][vc_column]<div class=\"rs-header-title header-left  \">         \r\n        \t\t<h1 class=\"title\">Alquiler de calderas de gas\u00f3leo<\/h1><\/div>[vc_column_inner][\/vc_column_inner][\/vc_column][\/vc_row][vc_row][vc_column width=\u00bb2\/3&#8243;][vc_column_text css=\u00bb\u00bb]<\/p>\n<h2>Nuestras soluciones de alquiler de calderas de gas\u00f3leo\/gas<\/h2>\n<p><span style=\"font-size: 16px;\">Te ofrecemos una gama de calderas modernas y de alto rendimiento, dise\u00f1adas para combinar una gran eficiencia energ\u00e9tica con el respeto al medio ambiente. Mantenidos e inspeccionados regularmente, nuestros equipos garantizan un funcionamiento seguro y una fiabilidad \u00f3ptima.   <\/span><\/p>\n<p>Alquilamos calderas de gas\u00f3leo y gas con potencias de hasta 950 kW.<\/p>\n<p>En relaci\u00f3n con <strong><a href=\"https:\/\/www.polypoles.com\/es\/produit\/calefactores-moviles-mhz-de-hasta-950-kw\/\">calderas m\u00f3viles MHZ<\/a><\/strong>calderas m\u00f3viles, la principal aplicaci\u00f3n es sustituir una caldera fija averiada o averiada. Basta con conectarlas a las alimentaciones de ida y retorno del sistema de calefacci\u00f3n existente. Las calderas de gas\u00f3leo MHZ tambi\u00e9n incorporan de serie un intercambiador de calor de placas, que les permite producir tanto <strong>agua caliente sanitaria<\/strong> como <strong>calefacci\u00f3n.<\/strong>  <\/p>\n<h2><strong>\u00bfPor qu\u00e9 elegir Polypoles?<\/strong><\/h2>\n<p>\u2705 <strong>Equipos fiables y de alto rendimiento<\/strong>: Nuestras calderas son recientes, inspeccionadas y mantenidas regularmente para garantizar un rendimiento \u00f3ptimo.<br \/>\n\u2705 <strong>Servicio llave en mano<\/strong>: Entrega, instalaci\u00f3n y puesta en marcha por nuestros expertos para una puesta en marcha r\u00e1pida y sin problemas.<br \/>\n\u2705 <strong>Flexibilidad<\/strong>: contrataci\u00f3n a corto o largo plazo, seg\u00fan tus necesidades espec\u00edficas.<br \/>\n\u2705 <strong>Respuesta r\u00e1pida<\/strong>: Despliegue en un plazo de 24 a 48 horas en caso de emergencia, para garantizar la continuidad de la actividad.<br \/>\n\u2705 <strong>Asistencia t\u00e9cnica<\/strong>: Asistencia y mantenimiento incluidos durante todo el periodo de alquiler, con un apoyo receptivo y profesional.[\/vc_column_text][\/vc_column][vc_column width=\u00bb1\/3&#8243;][vc_single_image image=\u00bb11200&#8243; img_size=\u00bblarge\u00bb add_caption=\u00bbyes\u00bb css=\u00bb\u00bb][vc_single_image image=\u00bb11201&#8243; img_size=\u00bblarge\u00bb add_caption=\u00bbyes\u00bb css=\u00bb\u00bb][\/vc_column][\/vc_row][vc_row][vc_column][vc_column_text css=\u00bb\u00bb]<\/p>\n<h2><strong>Un servicio local para satisfacer tus necesidades  <\/strong><\/h2>\n<p>Con 7 delegaciones en Burdeos, Lille, Par\u00eds, Lyon, Toulouse, Nantes y Nancy, <strong>Polypoles<\/strong> es l\u00edder en el <strong>alquiler de calderas de gas\u00f3leo\/gas<\/strong>. Con un amplio stock de m\u00e1s de 5.000 aparatos, podemos ofrecerte soluciones de calderas adaptadas a tus proyectos. <\/p>\n<p>Si necesitas <strong>calderas de gas\u00f3leo\/gas<\/strong> para la calefacci\u00f3n principal, calefacci\u00f3n temporal para el invierno o para calentar grandes vol\u00famenes, estamos aqu\u00ed para proporcionarte una soluci\u00f3n a medida. Nuestros expertos estar\u00e1n contigo en todo momento. <\/p>\n<p><strong>Alquilar calderas de gas\u00f3leo\/gas<\/strong> te ofrece una soluci\u00f3n flexible, sin tener que preocuparte de la manipulaci\u00f3n, el almacenamiento o el mantenimiento del equipo. Tambi\u00e9n gestionamos <strong>la entrega directamente en tus instalaciones<\/strong>, simplificando toda la log\u00edstica. En caso de emergencia, nuestros equipos reaccionan r\u00e1pidamente, evaluando tus necesidades y limitaciones para ofrecerte la soluci\u00f3n ideal lo antes posible.  <\/p>\n<div class=\"wpb_text_column wpb_content_element\">\n<div class=\"wpb_wrapper\">\n<p><strong>Si necesitas una valoraci\u00f3n o un presupuesto, ponte en contacto con uno de nuestros t\u00e9cnicos por tel\u00e9fono o correo electr\u00f3nico.<\/strong><\/p>\n<\/div>\n<\/div>\n<p>[\/vc_column_text][\/vc_column][\/vc_row][vc_row][vc_column][vc_row_inner][vc_column_inner width=\u00bb1\/2&#8243;][vc_btn title=\u00bb0 810 020 851&#8243; color=\u00bbjuicy-pink\u00bb size=\u00bblg\u00bb align=\u00bbcenter\u00bb i_icon_fontawesome=\u00bbfa fa-phone\u00bb add_icon=\u00bbtrue\u00bb link=\u00bburl:tel%3A%2B33810020851|title:Llama%20a%20Polypoles|rel:nofollow|\u00bb el_class=\u00bbappel\u00bb][\/vc_column_inner][vc_column_inner width=\u00bb1\/2&#8243;][vc_btn title=\u00bbCita\u00bb color=\u00bbprimary\u00bb size=\u00bblg\u00bb i_icon_fontawesome=\u00bbfa fa-envelope-o\u00bb add_icon=\u00bbtrue\u00bb link=\u00bburl:https%3A%2F%2Fwww.polypoles.com%2Fes%2Fponte-en-contacto-con%2F|title:Ponte%20en%20contacto%20con%20nosotros|\u00bb el_class=\u00bbdevis\u00bb][\/vc_column_inner][\/vc_row_inner][vc_row_inner][vc_column_inner][vc_empty_space height=\u00bb20px\u00bb][\/vc_column_inner][\/vc_row_inner][\/vc_column][\/vc_row][vc_row][vc_column][vc_column_text css=\u00bb\u00bb]<\/p>\n<h2><strong>\u00bfC\u00f3mo elijo entre una caldera de gas\u00f3leo y una caldera de gas?<\/strong><\/h2>\n<p>La elecci\u00f3n depende principalmente del lugar donde vayas a instalar la caldera. Si tienes acceso a gas natural, una caldera de gas es una opci\u00f3n m\u00e1s econ\u00f3mica y respetuosa con el medio ambiente. En cambio, si tu terreno est\u00e1 aislado, ser\u00e1 m\u00e1s adecuada una caldera de gas\u00f3leo.  <\/p>\n<h2><strong>\u00bfQu\u00e9 tama\u00f1os de caldera ofreces en alquiler?<\/strong><\/h2>\n<p>Disponemos de varios modelos, desde peque\u00f1as unidades m\u00f3viles hasta calderas de gran potencia para grandes vol\u00famenes. Ponte en contacto con nosotros para obtener una soluci\u00f3n a medida. <\/p>\n<h2><strong>\u00bfEl mantenimiento est\u00e1 incluido en el alquiler?<\/strong><\/h2>\n<p>S\u00ed, proporcionamos supervisi\u00f3n t\u00e9cnica y mantenimiento preventivo para garantizar que nuestros equipos funcionen con una eficiencia \u00f3ptima durante todo el periodo de alquiler.[\/vc_column_text][\/vc_column][\/vc_row][vc_row][vc_column][vc_separator][vc_column_text css=\u00bb\u00bb]<\/p>\n<h2>\u00bfQuieres alquilar una caldera de gas\u00f3leo\/gas?<\/h2>\n<p>Ponte en contacto con nosotros por tel\u00e9fono o rellena el siguiente formulario.[\/vc_column_text][\/vc_column][\/vc_row][vc_row][vc_column width=\u00bb1\/6&#8243;][vc_single_image image=\u00bb27027&#8243; style=\u00bbvc_box_border_circle_2&#8243; css=\u00bb\u00bb][\/vc_column][vc_column width=\u00bb5\/6&#8243;][vc_column_text css=\u00bb\u00bb]<span class=\"TextRun SCXW52318390 BCX8\" lang=\"FR-FR\" data-contrast=\"auto\"><span class=\"NormalTextRun SCXW52318390 BCX8\">Para tus proyectos de alquiler de calderas de gas\u00f3leo\/gas, tus necesidades urgentes o tus requisitos espec\u00edficos, <\/span><\/span><span class=\"TextRun SCXW52318390 BCX8\" lang=\"FR-FR\" data-contrast=\"auto\"><span class=\"NormalTextRun SCXW52318390 BCX8\">Polypoles es tu socio de confianza<\/span><\/span><span class=\"TextRun SCXW52318390 BCX8\" lang=\"FR-FR\" data-contrast=\"auto\"><span class=\"NormalTextRun SCXW52318390 BCX8\">. <\/span><\/span><span class=\"TextRun SCXW52318390 BCX8\" lang=\"FR-FR\" data-contrast=\"auto\"><span class=\"NormalTextRun SCXW52318390 BCX8\">Ponte en contacto con nosotros en<\/span><\/span><span class=\"TextRun SCXW52318390 BCX8\" lang=\"FR-FR\" data-contrast=\"auto\"><span class=\"NormalTextRun SCXW52318390 BCX8\"> hoy mismo para saber m\u00e1s sobre nuestras soluciones de alquiler de calderas.<\/span><\/span>[\/vc_column_text][vc_btn title=\u00bb0810 020 851&#8243; color=\u00bbjuicy-pink\u00bb size=\u00bblg\u00bb i_icon_fontawesome=\u00bbfa fa-phone\u00bb add_icon=\u00bbtrue\u00bb link=\u00bburl:tel%3A%2B33810020851|target:%20_blank|\u00bb el_class=\u00bbappel\u00bb][\/vc_column][\/vc_row][vc_row][vc_column]\n<div class=\"wpcf7 no-js\" id=\"wpcf7-f24308-o1\" lang=\"es-ES\" dir=\"ltr\" data-wpcf7-id=\"24308\">\n<div class=\"screen-reader-response\"><p role=\"status\" aria-live=\"polite\" aria-atomic=\"true\"><\/p> <ul><\/ul><\/div>\n<form action=\"\/es\/wp-json\/wp\/v2\/pages\/27250#wpcf7-f24308-o1\" method=\"post\" class=\"wpcf7-form init\" aria-label=\"Formulario de contacto\" novalidate=\"novalidate\" data-status=\"init\">\n<div style=\"display: none;\">\n<input type=\"hidden\" name=\"_wpcf7\" value=\"24308\" \/>\n<input type=\"hidden\" name=\"_wpcf7_version\" value=\"6.0.6\" \/>\n<input type=\"hidden\" name=\"_wpcf7_locale\" value=\"es_ES\" \/>\n<input type=\"hidden\" name=\"_wpcf7_unit_tag\" value=\"wpcf7-f24308-o1\" \/>\n<input type=\"hidden\" name=\"_wpcf7_container_post\" value=\"0\" \/>\n<input type=\"hidden\" name=\"_wpcf7_posted_data_hash\" value=\"\" \/>\n<input type=\"hidden\" name=\"_wpcf7_recaptcha_response\" value=\"\" \/>\n<\/div>\n<p><i>Todos los campos son obligatorios.<\/i>\n<\/p>\n<div class=\"row\">\n\t<div class=\"col-sm-4\">\n\t\t<p><label> Tu nombre<br \/>\n<span class=\"wpcf7-form-control-wrap\" data-name=\"Votrenom\"><input size=\"40\" maxlength=\"400\" class=\"wpcf7-form-control wpcf7-text wpcf7-validates-as-required\" aria-required=\"true\" aria-invalid=\"false\" value=\"\" type=\"text\" name=\"Votrenom\" \/><\/span><\/label>\n\t\t<\/p>\n\t<\/div>\n\t<div class=\"col-sm-4\">\n\t\t<p><label> Tu empresa<br \/>\n<span class=\"wpcf7-form-control-wrap\" data-name=\"societe\"><input size=\"40\" maxlength=\"400\" class=\"wpcf7-form-control wpcf7-text wpcf7-validates-as-required\" aria-required=\"true\" aria-invalid=\"false\" value=\"\" type=\"text\" name=\"societe\" \/><\/span> <\/label>\n\t\t<\/p>\n\t<\/div>\n\t<div class=\"col-sm-4\">\n\t\t<p><label> Tu e-mail<br \/>\n<span class=\"wpcf7-form-control-wrap\" data-name=\"your-email\"><input size=\"40\" maxlength=\"400\" class=\"wpcf7-form-control wpcf7-email wpcf7-validates-as-required wpcf7-text wpcf7-validates-as-email\" aria-required=\"true\" aria-invalid=\"false\" value=\"\" type=\"email\" name=\"your-email\" \/><\/span> <\/label>\n\t\t<\/p>\n\t<\/div>\n\t<div class=\"col-sm-4\">\n\t\t<p><label> Tu n\u00famero de tel\u00e9fono<br \/>\n<span class=\"wpcf7-form-control-wrap\" data-name=\"phone\"><input size=\"40\" maxlength=\"400\" class=\"wpcf7-form-control wpcf7-tel wpcf7-validates-as-required wpcf7-text wpcf7-validates-as-tel\" aria-required=\"true\" aria-invalid=\"false\" value=\"\" type=\"tel\" name=\"phone\" \/><\/span> <\/label>\n\t\t<\/p>\n\t<\/div>\n\t<div class=\"col-sm-4\">\n\t\t<p><label><br \/>\n<span class=\"wpcf7-form-control-wrap\" data-name=\"typologie\"><select class=\"wpcf7-form-control wpcf7-select wpcf7-validates-as-required\" aria-required=\"true\" aria-invalid=\"false\" name=\"typologie\"><option value=\"Tu solicitud se refiere a la venta en alquiler de otros\">Tu solicitud se refiere a la venta en alquiler de otros<\/option><\/select><\/span> <\/label>\n\t\t<\/p>\n\t<\/div>\n\t<div class=\"col-sm-4\">\n\t\t<p><label> Tu departamento<br \/>\n<span class=\"wpcf7-form-control-wrap\" data-name=\"departement\"><input size=\"40\" maxlength=\"400\" class=\"wpcf7-form-control wpcf7-text wpcf7-validates-as-required\" aria-required=\"true\" aria-invalid=\"false\" value=\"\" type=\"text\" name=\"departement\" \/><\/span> <\/label>\n\t\t<\/p>\n\t<\/div>\n\t<div class=\"col-sm-12\">\n\t\t<p><label> Tu mensaje<br \/>\n<span class=\"wpcf7-form-control-wrap\" data-name=\"your-message\"><textarea cols=\"40\" rows=\"10\" maxlength=\"2000\" class=\"wpcf7-form-control wpcf7-textarea wpcf7-validates-as-required\" aria-required=\"true\" aria-invalid=\"false\" name=\"your-message\"><\/textarea><\/span> <\/label>\n\t\t<\/p>\n\t<\/div>\n\t<p><span class=\"wpcf7-form-control-wrap\" data-name=\"RGPD\"><span class=\"wpcf7-form-control wpcf7-checkbox wpcf7-validates-as-required\"><span class=\"wpcf7-list-item first last\"><label><input type=\"checkbox\" name=\"RGPD[]\" value=\"Acepto que los datos introducidos en este formulario sean utilizados por Polypoles para tramitar mi solicitud.\" \/><span class=\"wpcf7-list-item-label\">Acepto que los datos introducidos en este formulario sean utilizados por Polypoles para tramitar mi solicitud.<\/span><\/label><\/span><\/span><\/span>\n\t<\/p>\n\t<div class=\"form-button col-sm-12\">\n\t\t<div class=\"form-button col-sm-12\">\n\t\t\t<p class=\"submit-btn\"><input class=\"wpcf7-form-control wpcf7-submit has-spinner\" type=\"submit\" value=\"Confirma\" \/><i class=\"fa flaticon-right-arrow\"><\/i>\n\t\t\t<\/p>\n\t\t<\/div>\n\t<\/div>\n<\/div><input type='hidden' class='wpcf7-pum' value='{\"closepopup\":false,\"closedelay\":0,\"openpopup\":false,\"openpopup_id\":0}' \/><div class=\"wpcf7-response-output\" aria-hidden=\"true\"><\/div>\n<\/form>\n<\/div>\n[\/vc_column][\/vc_row][vc_row][vc_column][vc_separator][vc_column_text css=\u00bb\u00bb]<\/p>\n<h2>Cat\u00e1logo de calderas de gas\u00f3leo\/gas<\/h2>\n<p>[\/vc_column_text]<div class=\"woocommerce \"><ul class=\"products columns-4\">\n<li class=\"product type-product post-25357 status-publish first instock product_cat-caldera-movil product_cat-calefaccion has-post-thumbnail taxable shipping-taxable product-type-simple\">\n\t<div class=\"product-list\">\n \t<div class=\"single-details\">\n \t\t<div class=\"images-product\">\n\t\t\t<a href=\"https:\/\/www.polypoles.com\/es\/produit\/calefactores-moviles-mhz-de-hasta-950-kw\/\"><img loading=\"lazy\" decoding=\"async\" width=\"300\" height=\"300\" src=\"https:\/\/www.polypoles.com\/wp-content\/uploads\/2020\/06\/hotmobil-mobile-heizzentrale-o-300x300.jpg\" class=\"attachment-shop_catalog size-shop_catalog wp-post-image\" alt=\"\" srcset=\"https:\/\/www.polypoles.com\/wp-content\/uploads\/2020\/06\/hotmobil-mobile-heizzentrale-o-300x300.jpg 300w, https:\/\/www.polypoles.com\/wp-content\/uploads\/2020\/06\/hotmobil-mobile-heizzentrale-o-150x150.jpg 150w, https:\/\/www.polypoles.com\/wp-content\/uploads\/2020\/06\/hotmobil-mobile-heizzentrale-o-100x100.jpg 100w, https:\/\/www.polypoles.com\/wp-content\/uploads\/2020\/06\/hotmobil-mobile-heizzentrale-o.jpg 600w\" sizes=\"auto, (max-width: 300px) 100vw, 300px\" \/><\/a>\t\t<\/div>\n\t<\/div>\n<\/div><h2 class=\"woocommerce-loop-product__title\"><a href=\"https:\/\/www.polypoles.com\/es\/produit\/calefactores-moviles-mhz-de-hasta-950-kw\/\">Calefactores m\u00f3viles MHZ de hasta 950 kW<\/a><\/h2>\n<\/li>\n<\/ul>\n<\/div>[\/vc_column][\/vc_row]<\/p>\n<\/div>","protected":false},"excerpt":{"rendered":"<p>[vc_row][vc_column][vc_column_inner][\/vc_column_inner][\/vc_column][\/vc_row][vc_row][vc_column width=\u00bb2\/3&#8243;][vc_column_text css=\u00bb\u00bb] Nuestras soluciones de alquiler de calderas de gas\u00f3leo\/gas Te ofrecemos una gama de calderas modernas y de alto rendimiento, dise\u00f1adas para combinar una gran eficiencia energ\u00e9tica con el respeto al medio ambiente. Mantenidos e inspeccionados regularmente, nuestros equipos garantizan un funcionamiento seguro y una fiabilidad \u00f3ptima. Alquilamos calderas de gas\u00f3leo y gas&#8230;<\/p>\n","protected":false},"author":3,"featured_media":0,"parent":0,"menu_order":0,"comment_status":"closed","ping_status":"closed","template":"","meta":{"_acf_changed":false,"footnotes":""},"tags":[],"class_list":["post-27250","page","type-page","status-publish","hentry"],"acf":[],"yoast_head":"<!-- This site is optimized with the Yoast SEO plugin v24.9 - https:\/\/yoast.com\/wordpress\/plugins\/seo\/ -->\n<title>- Alquiler de calderas de gas\u00f3leo | Llama al: 08 10 02 08 51 Polypoles<\/title>\n<meta name=\"description\" content=\"Alquila una caldera de gas\u00f3leo de hasta 950 kW - Presupuesto gratuito y personalizado. Para la industria, ayuntamientos, construcci\u00f3n y obras p\u00fablicas, eventos...\" \/>\n<meta name=\"robots\" content=\"index, follow, max-snippet:-1, max-image-preview:large, max-video-preview:-1\" \/>\n<link rel=\"canonical\" href=\"https:\/\/www.polypoles.com\/es\/alquiler-de-calderas-de-gasoleo\/\" \/>\n<meta property=\"og:locale\" content=\"es_ES\" \/>\n<meta property=\"og:type\" content=\"article\" \/>\n<meta property=\"og:title\" content=\"- Alquiler de calderas de gas\u00f3leo | Llama al: 08 10 02 08 51 Polypoles\" \/>\n<meta property=\"og:description\" content=\"Alquila una caldera de gas\u00f3leo de hasta 950 kW - Presupuesto gratuito y personalizado. Para la industria, ayuntamientos, construcci\u00f3n y obras p\u00fablicas, eventos...\" \/>\n<meta property=\"og:url\" content=\"https:\/\/www.polypoles.com\/es\/alquiler-de-calderas-de-gasoleo\/\" \/>\n<meta property=\"og:site_name\" content=\"Polypoles\" \/>\n<meta property=\"article:modified_time\" content=\"2025-02-12T15:31:32+00:00\" \/>\n<meta name=\"twitter:card\" content=\"summary_large_image\" \/>\n<meta name=\"twitter:label1\" content=\"Tiempo de lectura\" \/>\n\t<meta name=\"twitter:data1\" content=\"5 minutos\" \/>\n<script type=\"application\/ld+json\" class=\"yoast-schema-graph\">{\"@context\":\"https:\/\/schema.org\",\"@graph\":[{\"@type\":\"WebPage\",\"@id\":\"https:\/\/www.polypoles.com\/es\/alquiler-de-calderas-de-gasoleo\/\",\"url\":\"https:\/\/www.polypoles.com\/es\/alquiler-de-calderas-de-gasoleo\/\",\"name\":\"- Alquiler de calderas de gas\u00f3leo | Llama al: 08 10 02 08 51 Polypoles\",\"isPartOf\":{\"@id\":\"https:\/\/www.polypoles.com\/es\/#website\"},\"datePublished\":\"2025-02-03T13:38:24+00:00\",\"dateModified\":\"2025-02-12T15:31:32+00:00\",\"description\":\"Alquila una caldera de gas\u00f3leo de hasta 950 kW - Presupuesto gratuito y personalizado. Para la industria, ayuntamientos, construcci\u00f3n y obras p\u00fablicas, eventos...\",\"breadcrumb\":{\"@id\":\"https:\/\/www.polypoles.com\/es\/alquiler-de-calderas-de-gasoleo\/#breadcrumb\"},\"inLanguage\":\"es\",\"potentialAction\":[{\"@type\":\"ReadAction\",\"target\":[\"https:\/\/www.polypoles.com\/es\/alquiler-de-calderas-de-gasoleo\/\"]}]},{\"@type\":\"BreadcrumbList\",\"@id\":\"https:\/\/www.polypoles.com\/es\/alquiler-de-calderas-de-gasoleo\/#breadcrumb\",\"itemListElement\":[{\"@type\":\"ListItem\",\"position\":1,\"name\":\"Home\",\"item\":\"https:\/\/www.polypoles.com\/es\/\"},{\"@type\":\"ListItem\",\"position\":2,\"name\":\"Alquiler de calderas de gas\u00f3leo\"}]},{\"@type\":\"WebSite\",\"@id\":\"https:\/\/www.polypoles.com\/es\/#website\",\"url\":\"https:\/\/www.polypoles.com\/es\/\",\"name\":\"Polypoles\",\"description\":\"Votre partenaire chaud-froid\",\"publisher\":{\"@id\":\"https:\/\/www.polypoles.com\/es\/#organization\"},\"potentialAction\":[{\"@type\":\"SearchAction\",\"target\":{\"@type\":\"EntryPoint\",\"urlTemplate\":\"https:\/\/www.polypoles.com\/es\/?s={search_term_string}\"},\"query-input\":{\"@type\":\"PropertyValueSpecification\",\"valueRequired\":true,\"valueName\":\"search_term_string\"}}],\"inLanguage\":\"es\"},{\"@type\":\"Organization\",\"@id\":\"https:\/\/www.polypoles.com\/es\/#organization\",\"name\":\"Polypoles\",\"url\":\"https:\/\/www.polypoles.com\/es\/\",\"logo\":{\"@type\":\"ImageObject\",\"inLanguage\":\"es\",\"@id\":\"https:\/\/www.polypoles.com\/es\/#\/schema\/logo\/image\/\",\"url\":\"https:\/\/www.polypoles.com\/wp-content\/uploads\/2024\/06\/base-25-cm-300-DPI-scaled.jpg\",\"contentUrl\":\"https:\/\/www.polypoles.com\/wp-content\/uploads\/2024\/06\/base-25-cm-300-DPI-scaled.jpg\",\"width\":2560,\"height\":497,\"caption\":\"Polypoles\"},\"image\":{\"@id\":\"https:\/\/www.polypoles.com\/es\/#\/schema\/logo\/image\/\"}}]}<\/script>\n<!-- \/ Yoast SEO plugin. -->","yoast_head_json":{"title":"- Alquiler de calderas de gas\u00f3leo | Llama al: 08 10 02 08 51 Polypoles","description":"Alquila una caldera de gas\u00f3leo de hasta 950 kW - Presupuesto gratuito y personalizado. Para la industria, ayuntamientos, construcci\u00f3n y obras p\u00fablicas, eventos...","robots":{"index":"index","follow":"follow","max-snippet":"max-snippet:-1","max-image-preview":"max-image-preview:large","max-video-preview":"max-video-preview:-1"},"canonical":"https:\/\/www.polypoles.com\/es\/alquiler-de-calderas-de-gasoleo\/","og_locale":"es_ES","og_type":"article","og_title":"- Alquiler de calderas de gas\u00f3leo | Llama al: 08 10 02 08 51 Polypoles","og_description":"Alquila una caldera de gas\u00f3leo de hasta 950 kW - Presupuesto gratuito y personalizado. Para la industria, ayuntamientos, construcci\u00f3n y obras p\u00fablicas, eventos...","og_url":"https:\/\/www.polypoles.com\/es\/alquiler-de-calderas-de-gasoleo\/","og_site_name":"Polypoles","article_modified_time":"2025-02-12T15:31:32+00:00","twitter_card":"summary_large_image","twitter_misc":{"Tiempo de lectura":"5 minutos"},"schema":{"@context":"https:\/\/schema.org","@graph":[{"@type":"WebPage","@id":"https:\/\/www.polypoles.com\/es\/alquiler-de-calderas-de-gasoleo\/","url":"https:\/\/www.polypoles.com\/es\/alquiler-de-calderas-de-gasoleo\/","name":"- Alquiler de calderas de gas\u00f3leo | Llama al: 08 10 02 08 51 Polypoles","isPartOf":{"@id":"https:\/\/www.polypoles.com\/es\/#website"},"datePublished":"2025-02-03T13:38:24+00:00","dateModified":"2025-02-12T15:31:32+00:00","description":"Alquila una caldera de gas\u00f3leo de hasta 950 kW - Presupuesto gratuito y personalizado. Para la industria, ayuntamientos, construcci\u00f3n y obras p\u00fablicas, eventos...","breadcrumb":{"@id":"https:\/\/www.polypoles.com\/es\/alquiler-de-calderas-de-gasoleo\/#breadcrumb"},"inLanguage":"es","potentialAction":[{"@type":"ReadAction","target":["https:\/\/www.polypoles.com\/es\/alquiler-de-calderas-de-gasoleo\/"]}]},{"@type":"BreadcrumbList","@id":"https:\/\/www.polypoles.com\/es\/alquiler-de-calderas-de-gasoleo\/#breadcrumb","itemListElement":[{"@type":"ListItem","position":1,"name":"Home","item":"https:\/\/www.polypoles.com\/es\/"},{"@type":"ListItem","position":2,"name":"Alquiler de calderas de gas\u00f3leo"}]},{"@type":"WebSite","@id":"https:\/\/www.polypoles.com\/es\/#website","url":"https:\/\/www.polypoles.com\/es\/","name":"Polypoles","description":"Votre partenaire chaud-froid","publisher":{"@id":"https:\/\/www.polypoles.com\/es\/#organization"},"potentialAction":[{"@type":"SearchAction","target":{"@type":"EntryPoint","urlTemplate":"https:\/\/www.polypoles.com\/es\/?s={search_term_string}"},"query-input":{"@type":"PropertyValueSpecification","valueRequired":true,"valueName":"search_term_string"}}],"inLanguage":"es"},{"@type":"Organization","@id":"https:\/\/www.polypoles.com\/es\/#organization","name":"Polypoles","url":"https:\/\/www.polypoles.com\/es\/","logo":{"@type":"ImageObject","inLanguage":"es","@id":"https:\/\/www.polypoles.com\/es\/#\/schema\/logo\/image\/","url":"https:\/\/www.polypoles.com\/wp-content\/uploads\/2024\/06\/base-25-cm-300-DPI-scaled.jpg","contentUrl":"https:\/\/www.polypoles.com\/wp-content\/uploads\/2024\/06\/base-25-cm-300-DPI-scaled.jpg","width":2560,"height":497,"caption":"Polypoles"},"image":{"@id":"https:\/\/www.polypoles.com\/es\/#\/schema\/logo\/image\/"}}]}},"_links":{"self":[{"href":"https:\/\/www.polypoles.com\/es\/wp-json\/wp\/v2\/pages\/27250","targetHints":{"allow":["GET"]}}],"collection":[{"href":"https:\/\/www.polypoles.com\/es\/wp-json\/wp\/v2\/pages"}],"about":[{"href":"https:\/\/www.polypoles.com\/es\/wp-json\/wp\/v2\/types\/page"}],"author":[{"embeddable":true,"href":"https:\/\/www.polypoles.com\/es\/wp-json\/wp\/v2\/users\/3"}],"replies":[{"embeddable":true,"href":"https:\/\/www.polypoles.com\/es\/wp-json\/wp\/v2\/comments?post=27250"}],"version-history":[{"count":20,"href":"https:\/\/www.polypoles.com\/es\/wp-json\/wp\/v2\/pages\/27250\/revisions"}],"predecessor-version":[{"id":27455,"href":"https:\/\/www.polypoles.com\/es\/wp-json\/wp\/v2\/pages\/27250\/revisions\/27455"}],"wp:attachment":[{"href":"https:\/\/www.polypoles.com\/es\/wp-json\/wp\/v2\/media?parent=27250"}],"wp:term":[{"taxonomy":"post_tag","embeddable":true,"href":"https:\/\/www.polypoles.com\/es\/wp-json\/wp\/v2\/tags?post=27250"}],"curies":[{"name":"wp","href":"https:\/\/api.w.org\/{rel}","templated":true}]}}