{"id":27242,"date":"2025-02-03T14:23:22","date_gmt":"2025-02-03T13:23:22","guid":{"rendered":"https:\/\/www.polypoles.com\/alquiler-de-calderas-de-pellets\/"},"modified":"2025-03-03T16:05:33","modified_gmt":"2025-03-03T15:05:33","slug":"alquiler-de-calderas-de-pellets","status":"publish","type":"page","link":"https:\/\/www.polypoles.com\/es\/alquiler-de-calderas-de-pellets\/","title":{"rendered":"Alquiler de calderas de pellets"},"content":{"rendered":"<div class=\"wpb-content-wrapper\"><p>[vc_row][vc_column]<div class=\"rs-header-title header-left  \">         \r\n        \t\t<h1 class=\"title\">Alquiler de calderas de pellets<\/h1><\/div>[vc_column_inner][\/vc_column_inner][\/vc_column][\/vc_row][vc_row][vc_column width=\u00bb2\/3&#8243;][vc_column_text css=\u00bb\u00bb]<\/p>\n<h2 data-pm-slice=\"1 1 []\">Calienta tus instalaciones con una soluci\u00f3n ecol\u00f3gica y de alto rendimiento<\/h2>\n<p data-pm-slice=\"1 1 []\">Alquilar calderas de pellets (biomasa) en contenedores es una soluci\u00f3n ideal para satisfacer tus necesidades temporales o permanentes de calefacci\u00f3n, al tiempo que reduces tu huella de carbono. Dise\u00f1ada para ofrecer la m\u00e1xima eficiencia energ\u00e9tica, nuestra gama <strong>Suter<\/strong> combina rendimiento, movilidad y respeto al medio ambiente. <\/p>\n<h2 data-pm-slice=\"1 1 []\"><strong>\u00bfPor qu\u00e9 contratar una caldera contenedor de pellets?<\/strong><\/h2>\n<p><strong>\u2705 Soluci\u00f3n compacta y m\u00f3vil<\/strong>: F\u00e1cil de instalar y trasladar, se adapta a diversos entornos (construcci\u00f3n, industria, eventos, autoridades locales, etc.).<br \/>\n<strong>\u2705 Rendimiento energ\u00e9tico<\/strong>: Eficiencia superior al 93%, para un consumo optimizado.<br \/>\n<strong>\u2705 Respetuoso con el medio ambiente:<\/strong> utiliza combustibles renovables (pellets) para reducir las emisiones de CO2.<br \/>\n<strong>\u2705 Autonom\u00eda<\/strong>: asociado a un silo de almacenamiento, funcionamiento totalmente autom\u00e1tico<br \/>\n<strong>\u2705 Coste controlado<\/strong>: una alternativa econ\u00f3mica a la compra de una caldera, sin dejar de beneficiarte de un equipo de alto rendimiento.<br \/>\n<strong>\u2705 Llave en mano<\/strong>: Se entregan premontadas, por lo que requieren poco trabajo de instalaci\u00f3n.<br \/>\n<strong>\u2705 Adaptabilidad<\/strong>: Disponible en varias potencias para satisfacer necesidades espec\u00edficas de calefacci\u00f3n y agua caliente.<\/p>\n<p>&gt; &#8212; M\u00e1s informaci\u00f3n: <a href=\"https:\/\/www.polypoles.com\/es\/alquiler-de-calefaccion-2\/\">Alquilar un calentador<\/a> con Polypoles<\/p>\n<h2 data-pm-slice=\"1 3 []\"><strong>La gama Suter: una soluci\u00f3n completa para todas tus necesidades<\/strong><\/h2>\n<p>Nuestras calderas en contenedor se pueden <strong>alquilar<\/strong> con un sistema de silo integrado para garantizar la m\u00e1xima autonom\u00eda. La gama Suter est\u00e1 dise\u00f1ada para ofrecer una combusti\u00f3n limpia y eficaz, reduciendo al mismo tiempo las operaciones de mantenimiento.[\/vc_column_text][vc_row_inner][vc_column_inner width=\u00bb1\/2&#8243;][vc_btn title=\u00bb0 810 020 851&#8243; color=\u00bbjuicy-pink\u00bb size=\u00bblg\u00bb align=\u00bbcenter\u00bb i_icon_fontawesome=\u00bbfa fa-phone\u00bb add_icon=\u00bbtrue\u00bb link=\u00bburl:tel%3A%2B33810020851|title:Llama%20a%20Polypoles|rel:nofollow|\u00bb el_class=\u00bbappel\u00bb][\/vc_column_inner][vc_column_inner width=\u00bb1\/2&#8243;][vc_btn title=\u00bbCita\u00bb color=\u00bbprimary\u00bb size=\u00bblg\u00bb i_icon_fontawesome=\u00bbfa fa-envelope-o\u00bb add_icon=\u00bbtrue\u00bb link=\u00bburl:https%3A%2F%2Fwww.polypoles.com%2Fes%2Fponte-en-contacto-con%2F|title:Ponte%20en%20contacto%20con%20nosotros|\u00bb el_class=\u00bbdevis\u00bb][\/vc_column_inner][\/vc_row_inner][\/vc_column][vc_column width=\u00bb1\/3&#8243;][vc_single_image image=\u00bb27012&#8243; img_size=\u00bb400&#215;400&#8243; add_caption=\u00bbyes\u00bb css=\u00bb\u00bb][vc_single_image image=\u00bb27126&#8243; img_size=\u00bb400&#215;400&#8243; add_caption=\u00bbyes\u00bb css=\u00bb\u00bb][\/vc_column][\/vc_row][vc_row][vc_column][vc_row_inner][vc_column_inner][vc_empty_space height=\u00bb20px\u00bb][\/vc_column_inner][\/vc_row_inner][\/vc_column][\/vc_row][vc_row][vc_column][vc_column_text css=\u00bb\u00bb]<\/p>\n<h2>M\u00e1s cerca de ti para servirte mejor<\/h2>\n<p>Polypoles, con 7 delegaciones en Burdeos, Lille, Par\u00eds, Lyon, Toulouse, Nantes y Nancy, y m\u00e1s de 5.000 aparatos, es un actor clave en el alquiler de calderas contenedoras de pellets.<\/p>\n<p>Tanto si necesitas una caldera contenedor de pellets, un sistema de calefacci\u00f3n principal, un calentamiento invernal o calentar un gran volumen, nuestros expertos pueden ayudarte con tu proyecto.<\/p>\n<p>Aqu\u00ed tienes algunos ejemplos de instalaciones de calderas contenedoras:<\/p>\n<p><a href=\"https:\/\/www.polypoles.com\/wp-content\/uploads\/2025\/03\/CHAUFFERIE-BIOMASSE-EN-CONTAINER.pdf\">ejemplo de instalaci\u00f3n de una caldera de pellets  <\/a><\/p>\n<p><a href=\"https:\/\/www.polypoles.com\/wp-content\/uploads\/2025\/03\/SUTER.pdf\">Alquiler de calderas de biomasa SUTER<\/a><\/p>\n<p>Alquilar calderas de pellets nos permite responder <strong>con flexibilidad<\/strong> a necesidades espec\u00edficas, evita la manipulaci\u00f3n y la entrega directamente en el lugar, para que no tengas que preocuparte de la log\u00edstica, el almacenamiento y el mantenimiento. Nuestra experiencia nos permite hacer frente a <strong>las EMERGENCIAS<\/strong>. Nuestros expertos eval\u00faan r\u00e1pidamente tus necesidades y limitaciones.[\/vc_column_text][vc_empty_space height=\u00bb20px\u00bb][vc_row_inner][vc_column_inner width=\u00bb1\/2&#8243;][vc_single_image image=\u00bb27132&#8243; img_size=\u00bb600&#215;400&#8243; add_caption=\u00bbyes\u00bb css=\u00bb\u00bb][\/vc_column_inner][vc_column_inner width=\u00bb1\/2&#8243;][vc_single_image image=\u00bb27135&#8243; img_size=\u00bb600&#215;400&#8243; add_caption=\u00bbyes\u00bb css=\u00bb\u00bb][\/vc_column_inner][\/vc_row_inner][\/vc_column][\/vc_row][vc_row][vc_column][vc_column_text css=\u00bb\u00bb]<\/p>\n<h2 data-pm-slice=\"1 1 []\"><strong>\u00bfC\u00f3mo funciona una caldera contenedor de pellets?<\/strong><\/h2>\n<p>Una caldera contenedor es una unidad de calefacci\u00f3n aut\u00f3noma que quema pellets de madera para producir calor. Est\u00e1 lista para usar y es f\u00e1cil y r\u00e1pida de instalar. <\/p>\n<h2><strong>\u00bfPor cu\u00e1nto tiempo puedo alquilar?<\/strong><\/h2>\n<p>Ofrecemos alquileres a corto y largo plazo, adaptados a tus necesidades espec\u00edficas.<\/p>\n<h2><strong>\u00bfQu\u00e9 mantenimiento se necesita?<\/strong><\/h2>\n<p>Nuestras calderas est\u00e1n dise\u00f1adas para un mantenimiento m\u00ednimo. Tambi\u00e9n ofrecemos un servicio de mantenimiento para que sigan funcionando sin problemas. <\/p>\n<h2><strong>\u00bfQu\u00e9 tama\u00f1o de caldera debo elegir?<\/strong><\/h2>\n<p>Nuestros expertos trabajar\u00e1n contigo para determinar la potencia m\u00e1s adecuada a tus necesidades de calefacci\u00f3n.<\/p>\n<h2><strong>\u00bfCu\u00e1les son las ventajas ecol\u00f3gicas de los pellets?<\/strong><\/h2>\n<p data-pm-slice=\"1 1 []\">Los pellets son una fuente de energ\u00eda renovable derivada de la madera, con una combusti\u00f3n limpia y una huella de carbono reducida.<\/p>\n<p>[\/vc_column_text][\/vc_column][\/vc_row][vc_row][vc_column][vc_separator][vc_column_text css=\u00bb\u00bb]<\/p>\n<h2>\u00bfQuieres alquilar una caldera de pellets en un contenedor?<\/h2>\n<p>Ponte en contacto con nosotros por tel\u00e9fono o rellena el siguiente formulario.[\/vc_column_text][\/vc_column][\/vc_row][vc_row][vc_column width=\u00bb1\/6&#8243;][vc_single_image image=\u00bb27027&#8243; style=\u00bbvc_box_border_circle_2&#8243; css=\u00bb\u00bb][\/vc_column][vc_column width=\u00bb5\/6&#8243;][vc_column_text css=\u00bb\u00bb]<span class=\"TextRun SCXW52318390 BCX8\" lang=\"FR-FR\" data-contrast=\"auto\"><span class=\"NormalTextRun SCXW52318390 BCX8\">Para tus proyectos de calderas contenedoras de pellets, tus necesidades de emergencia o tus requisitos espec\u00edficos, <\/span><\/span><span class=\"TextRun SCXW52318390 BCX8\" lang=\"FR-FR\" data-contrast=\"auto\"><span class=\"NormalTextRun SCXW52318390 BCX8\">Polypoles es tu socio de confianza<\/span><\/span><span class=\"TextRun SCXW52318390 BCX8\" lang=\"FR-FR\" data-contrast=\"auto\"><span class=\"NormalTextRun SCXW52318390 BCX8\">. <\/span><\/span><span class=\"TextRun SCXW52318390 BCX8\" lang=\"FR-FR\" data-contrast=\"auto\"><span class=\"NormalTextRun SCXW52318390 BCX8\">Ponte en contacto con nosotros<\/span><\/span><span class=\"TextRun SCXW52318390 BCX8\" lang=\"FR-FR\" data-contrast=\"auto\"><span class=\"NormalTextRun SCXW52318390 BCX8\"> hoy mismo para saber m\u00e1s sobre nuestras soluciones de alquiler de calderas contenedor.<\/span><\/span><span class=\"EOP SCXW52318390 BCX8\" data-ccp-props=\"{\"134233117\":true,\"134233118\":true,\"201341983\":0,\"335559740\":240}\"> <\/span>[\/vc_column_text][vc_btn title=\u00bb0810 020 851&#8243; color=\u00bbjuicy-pink\u00bb size=\u00bblg\u00bb i_icon_fontawesome=\u00bbfa fa-phone\u00bb add_icon=\u00bbtrue\u00bb link=\u00bburl:tel%3A%2B33810020851|target:%20_blank|\u00bb el_class=\u00bbappel\u00bb][\/vc_column][\/vc_row][vc_row][vc_column]\n<div class=\"wpcf7 no-js\" id=\"wpcf7-f24308-o1\" lang=\"es-ES\" dir=\"ltr\" data-wpcf7-id=\"24308\">\n<div class=\"screen-reader-response\"><p role=\"status\" aria-live=\"polite\" aria-atomic=\"true\"><\/p> <ul><\/ul><\/div>\n<form action=\"\/es\/wp-json\/wp\/v2\/pages\/27242#wpcf7-f24308-o1\" method=\"post\" class=\"wpcf7-form init\" aria-label=\"Formulario de contacto\" novalidate=\"novalidate\" data-status=\"init\">\n<div style=\"display: none;\">\n<input type=\"hidden\" name=\"_wpcf7\" value=\"24308\" \/>\n<input type=\"hidden\" name=\"_wpcf7_version\" value=\"6.0.6\" \/>\n<input type=\"hidden\" name=\"_wpcf7_locale\" value=\"es_ES\" \/>\n<input type=\"hidden\" name=\"_wpcf7_unit_tag\" value=\"wpcf7-f24308-o1\" \/>\n<input type=\"hidden\" name=\"_wpcf7_container_post\" value=\"0\" \/>\n<input type=\"hidden\" name=\"_wpcf7_posted_data_hash\" value=\"\" \/>\n<input type=\"hidden\" name=\"_wpcf7_recaptcha_response\" value=\"\" \/>\n<\/div>\n<p><i>Todos los campos son obligatorios.<\/i>\n<\/p>\n<div class=\"row\">\n\t<div class=\"col-sm-4\">\n\t\t<p><label> Tu nombre<br \/>\n<span class=\"wpcf7-form-control-wrap\" data-name=\"Votrenom\"><input size=\"40\" maxlength=\"400\" class=\"wpcf7-form-control wpcf7-text wpcf7-validates-as-required\" aria-required=\"true\" aria-invalid=\"false\" value=\"\" type=\"text\" name=\"Votrenom\" \/><\/span><\/label>\n\t\t<\/p>\n\t<\/div>\n\t<div class=\"col-sm-4\">\n\t\t<p><label> Tu empresa<br \/>\n<span class=\"wpcf7-form-control-wrap\" data-name=\"societe\"><input size=\"40\" maxlength=\"400\" class=\"wpcf7-form-control wpcf7-text wpcf7-validates-as-required\" aria-required=\"true\" aria-invalid=\"false\" value=\"\" type=\"text\" name=\"societe\" \/><\/span> <\/label>\n\t\t<\/p>\n\t<\/div>\n\t<div class=\"col-sm-4\">\n\t\t<p><label> Tu e-mail<br \/>\n<span class=\"wpcf7-form-control-wrap\" data-name=\"your-email\"><input size=\"40\" maxlength=\"400\" class=\"wpcf7-form-control wpcf7-email wpcf7-validates-as-required wpcf7-text wpcf7-validates-as-email\" aria-required=\"true\" aria-invalid=\"false\" value=\"\" type=\"email\" name=\"your-email\" \/><\/span> <\/label>\n\t\t<\/p>\n\t<\/div>\n\t<div class=\"col-sm-4\">\n\t\t<p><label> Tu n\u00famero de tel\u00e9fono<br \/>\n<span class=\"wpcf7-form-control-wrap\" data-name=\"phone\"><input size=\"40\" maxlength=\"400\" class=\"wpcf7-form-control wpcf7-tel wpcf7-validates-as-required wpcf7-text wpcf7-validates-as-tel\" aria-required=\"true\" aria-invalid=\"false\" value=\"\" type=\"tel\" name=\"phone\" \/><\/span> <\/label>\n\t\t<\/p>\n\t<\/div>\n\t<div class=\"col-sm-4\">\n\t\t<p><label><br \/>\n<span class=\"wpcf7-form-control-wrap\" data-name=\"typologie\"><select class=\"wpcf7-form-control wpcf7-select wpcf7-validates-as-required\" aria-required=\"true\" aria-invalid=\"false\" name=\"typologie\"><option value=\"Tu solicitud se refiere a la venta en alquiler de otros\">Tu solicitud se refiere a la venta en alquiler de otros<\/option><\/select><\/span> <\/label>\n\t\t<\/p>\n\t<\/div>\n\t<div class=\"col-sm-4\">\n\t\t<p><label> Tu departamento<br \/>\n<span class=\"wpcf7-form-control-wrap\" data-name=\"departement\"><input size=\"40\" maxlength=\"400\" class=\"wpcf7-form-control wpcf7-text wpcf7-validates-as-required\" aria-required=\"true\" aria-invalid=\"false\" value=\"\" type=\"text\" name=\"departement\" \/><\/span> <\/label>\n\t\t<\/p>\n\t<\/div>\n\t<div class=\"col-sm-12\">\n\t\t<p><label> Tu mensaje<br \/>\n<span class=\"wpcf7-form-control-wrap\" data-name=\"your-message\"><textarea cols=\"40\" rows=\"10\" maxlength=\"2000\" class=\"wpcf7-form-control wpcf7-textarea wpcf7-validates-as-required\" aria-required=\"true\" aria-invalid=\"false\" name=\"your-message\"><\/textarea><\/span> <\/label>\n\t\t<\/p>\n\t<\/div>\n\t<p><span class=\"wpcf7-form-control-wrap\" data-name=\"RGPD\"><span class=\"wpcf7-form-control wpcf7-checkbox wpcf7-validates-as-required\"><span class=\"wpcf7-list-item first last\"><label><input type=\"checkbox\" name=\"RGPD[]\" value=\"Acepto que los datos introducidos en este formulario sean utilizados por Polypoles para tramitar mi solicitud.\" \/><span class=\"wpcf7-list-item-label\">Acepto que los datos introducidos en este formulario sean utilizados por Polypoles para tramitar mi solicitud.<\/span><\/label><\/span><\/span><\/span>\n\t<\/p>\n\t<div class=\"form-button col-sm-12\">\n\t\t<div class=\"form-button col-sm-12\">\n\t\t\t<p class=\"submit-btn\"><input class=\"wpcf7-form-control wpcf7-submit has-spinner\" type=\"submit\" value=\"Confirma\" \/><i class=\"fa flaticon-right-arrow\"><\/i>\n\t\t\t<\/p>\n\t\t<\/div>\n\t<\/div>\n<\/div><input type='hidden' class='wpcf7-pum' value='{\"closepopup\":false,\"closedelay\":0,\"openpopup\":false,\"openpopup_id\":0}' \/><div class=\"wpcf7-response-output\" aria-hidden=\"true\"><\/div>\n<\/form>\n<\/div>\n[\/vc_column][\/vc_row][vc_row][vc_column][vc_separator][vc_column_text css=\u00bb\u00bb]<\/p>\n<h2>Cat\u00e1logo de calderas de pellets<\/h2>\n<p>[\/vc_column_text]<div class=\"woocommerce \"><ul class=\"products columns-4\">\n<li class=\"product type-product post-27142 status-publish first instock product_cat-caldera-movil product_cat-calefaccion has-post-thumbnail taxable shipping-taxable product-type-simple\">\n\t<div class=\"product-list\">\n \t<div class=\"single-details\">\n \t\t<div class=\"images-product\">\n\t\t\t<a href=\"https:\/\/www.polypoles.com\/es\/produit\/calderas-electricas-ep-copie\/\"><img loading=\"lazy\" decoding=\"async\" width=\"1000\" height=\"1000\" src=\"https:\/\/www.polypoles.com\/wp-content\/uploads\/2025\/01\/polypoles-chaudiere-en-container-hz450.png\" class=\"attachment-shop_catalog size-shop_catalog wp-post-image\" alt=\"\" srcset=\"https:\/\/www.polypoles.com\/wp-content\/uploads\/2025\/01\/polypoles-chaudiere-en-container-hz450.png 1000w, https:\/\/www.polypoles.com\/wp-content\/uploads\/2025\/01\/polypoles-chaudiere-en-container-hz450-300x300.png 300w, https:\/\/www.polypoles.com\/wp-content\/uploads\/2025\/01\/polypoles-chaudiere-en-container-hz450-150x150.png 150w, https:\/\/www.polypoles.com\/wp-content\/uploads\/2025\/01\/polypoles-chaudiere-en-container-hz450-768x768.png 768w, https:\/\/www.polypoles.com\/wp-content\/uploads\/2025\/01\/polypoles-chaudiere-en-container-hz450-600x600.png 600w, https:\/\/www.polypoles.com\/wp-content\/uploads\/2025\/01\/polypoles-chaudiere-en-container-hz450-100x100.png 100w, https:\/\/www.polypoles.com\/wp-content\/uploads\/2025\/01\/polypoles-chaudiere-en-container-hz450-32x32.png 32w\" sizes=\"auto, (max-width: 1000px) 100vw, 1000px\" \/><\/a>\t\t<\/div>\n\t<\/div>\n<\/div><h2 class=\"woocommerce-loop-product__title\"><a href=\"https:\/\/www.polypoles.com\/es\/produit\/calderas-electricas-ep-copie\/\">Caldera contenedor de pellets (de 105 a 450 kW)<\/a><\/h2>\n<\/li>\n<\/ul>\n<\/div>[\/vc_column][\/vc_row]<\/p>\n<\/div>","protected":false},"excerpt":{"rendered":"<p>[vc_row][vc_column][vc_column_inner][\/vc_column_inner][\/vc_column][\/vc_row][vc_row][vc_column width=\u00bb2\/3&#8243;][vc_column_text css=\u00bb\u00bb] Calienta tus instalaciones con una soluci\u00f3n ecol\u00f3gica y de alto rendimiento Alquilar calderas de pellets (biomasa) en contenedores es una soluci\u00f3n ideal para satisfacer tus necesidades temporales o permanentes de calefacci\u00f3n, al tiempo que reduces tu huella de carbono. Dise\u00f1ada para ofrecer la m\u00e1xima eficiencia energ\u00e9tica, nuestra gama Suter combina rendimiento, movilidad&#8230;<\/p>\n","protected":false},"author":3,"featured_media":0,"parent":0,"menu_order":0,"comment_status":"closed","ping_status":"closed","template":"","meta":{"_acf_changed":false,"footnotes":""},"tags":[],"class_list":["post-27242","page","type-page","status-publish","hentry"],"acf":[],"yoast_head":"<!-- This site is optimized with the Yoast SEO plugin v24.9 - https:\/\/yoast.com\/wordpress\/plugins\/seo\/ -->\n<title>- Alquiler de calderas de pellets | Llamar al: 08 10 02 08 51 Polypoles<\/title>\n<meta name=\"description\" content=\"Alquiler de una caldera contenedor de pellets - Caldera el\u00e9ctrica m\u00f3vil de 22 a 36 kW - fuel\u00f3leo de 40 a 950 kW - pellets hasta 450 kW - Instalaci\u00f3n, puesta en marcha - Presupuesto\" \/>\n<meta name=\"robots\" content=\"index, follow, max-snippet:-1, max-image-preview:large, max-video-preview:-1\" \/>\n<link rel=\"canonical\" href=\"https:\/\/www.polypoles.com\/es\/alquiler-de-calderas-de-pellets\/\" \/>\n<meta property=\"og:locale\" content=\"es_ES\" \/>\n<meta property=\"og:type\" content=\"article\" \/>\n<meta property=\"og:title\" content=\"- Alquiler de calderas de pellets | Llamar al: 08 10 02 08 51 Polypoles\" \/>\n<meta property=\"og:description\" content=\"Alquiler de una caldera contenedor de pellets - Caldera el\u00e9ctrica m\u00f3vil de 22 a 36 kW - fuel\u00f3leo de 40 a 950 kW - pellets hasta 450 kW - Instalaci\u00f3n, puesta en marcha - Presupuesto\" \/>\n<meta property=\"og:url\" content=\"https:\/\/www.polypoles.com\/es\/alquiler-de-calderas-de-pellets\/\" \/>\n<meta property=\"og:site_name\" content=\"Polypoles\" \/>\n<meta property=\"article:modified_time\" content=\"2025-03-03T15:05:33+00:00\" \/>\n<meta name=\"twitter:card\" content=\"summary_large_image\" \/>\n<meta name=\"twitter:label1\" content=\"Tiempo de lectura\" \/>\n\t<meta name=\"twitter:data1\" content=\"5 minutos\" \/>\n<script type=\"application\/ld+json\" class=\"yoast-schema-graph\">{\"@context\":\"https:\/\/schema.org\",\"@graph\":[{\"@type\":\"WebPage\",\"@id\":\"https:\/\/www.polypoles.com\/es\/alquiler-de-calderas-de-pellets\/\",\"url\":\"https:\/\/www.polypoles.com\/es\/alquiler-de-calderas-de-pellets\/\",\"name\":\"- Alquiler de calderas de pellets | Llamar al: 08 10 02 08 51 Polypoles\",\"isPartOf\":{\"@id\":\"https:\/\/www.polypoles.com\/es\/#website\"},\"datePublished\":\"2025-02-03T13:23:22+00:00\",\"dateModified\":\"2025-03-03T15:05:33+00:00\",\"description\":\"Alquiler de una caldera contenedor de pellets - Caldera el\u00e9ctrica m\u00f3vil de 22 a 36 kW - fuel\u00f3leo de 40 a 950 kW - pellets hasta 450 kW - Instalaci\u00f3n, puesta en marcha - Presupuesto\",\"breadcrumb\":{\"@id\":\"https:\/\/www.polypoles.com\/es\/alquiler-de-calderas-de-pellets\/#breadcrumb\"},\"inLanguage\":\"es\",\"potentialAction\":[{\"@type\":\"ReadAction\",\"target\":[\"https:\/\/www.polypoles.com\/es\/alquiler-de-calderas-de-pellets\/\"]}]},{\"@type\":\"BreadcrumbList\",\"@id\":\"https:\/\/www.polypoles.com\/es\/alquiler-de-calderas-de-pellets\/#breadcrumb\",\"itemListElement\":[{\"@type\":\"ListItem\",\"position\":1,\"name\":\"Home\",\"item\":\"https:\/\/www.polypoles.com\/es\/\"},{\"@type\":\"ListItem\",\"position\":2,\"name\":\"Alquiler de calderas de pellets\"}]},{\"@type\":\"WebSite\",\"@id\":\"https:\/\/www.polypoles.com\/es\/#website\",\"url\":\"https:\/\/www.polypoles.com\/es\/\",\"name\":\"Polypoles\",\"description\":\"Votre partenaire chaud-froid\",\"publisher\":{\"@id\":\"https:\/\/www.polypoles.com\/es\/#organization\"},\"potentialAction\":[{\"@type\":\"SearchAction\",\"target\":{\"@type\":\"EntryPoint\",\"urlTemplate\":\"https:\/\/www.polypoles.com\/es\/?s={search_term_string}\"},\"query-input\":{\"@type\":\"PropertyValueSpecification\",\"valueRequired\":true,\"valueName\":\"search_term_string\"}}],\"inLanguage\":\"es\"},{\"@type\":\"Organization\",\"@id\":\"https:\/\/www.polypoles.com\/es\/#organization\",\"name\":\"Polypoles\",\"url\":\"https:\/\/www.polypoles.com\/es\/\",\"logo\":{\"@type\":\"ImageObject\",\"inLanguage\":\"es\",\"@id\":\"https:\/\/www.polypoles.com\/es\/#\/schema\/logo\/image\/\",\"url\":\"https:\/\/www.polypoles.com\/wp-content\/uploads\/2024\/06\/base-25-cm-300-DPI-scaled.jpg\",\"contentUrl\":\"https:\/\/www.polypoles.com\/wp-content\/uploads\/2024\/06\/base-25-cm-300-DPI-scaled.jpg\",\"width\":2560,\"height\":497,\"caption\":\"Polypoles\"},\"image\":{\"@id\":\"https:\/\/www.polypoles.com\/es\/#\/schema\/logo\/image\/\"}}]}<\/script>\n<!-- \/ Yoast SEO plugin. -->","yoast_head_json":{"title":"- Alquiler de calderas de pellets | Llamar al: 08 10 02 08 51 Polypoles","description":"Alquiler de una caldera contenedor de pellets - Caldera el\u00e9ctrica m\u00f3vil de 22 a 36 kW - fuel\u00f3leo de 40 a 950 kW - pellets hasta 450 kW - Instalaci\u00f3n, puesta en marcha - Presupuesto","robots":{"index":"index","follow":"follow","max-snippet":"max-snippet:-1","max-image-preview":"max-image-preview:large","max-video-preview":"max-video-preview:-1"},"canonical":"https:\/\/www.polypoles.com\/es\/alquiler-de-calderas-de-pellets\/","og_locale":"es_ES","og_type":"article","og_title":"- Alquiler de calderas de pellets | Llamar al: 08 10 02 08 51 Polypoles","og_description":"Alquiler de una caldera contenedor de pellets - Caldera el\u00e9ctrica m\u00f3vil de 22 a 36 kW - fuel\u00f3leo de 40 a 950 kW - pellets hasta 450 kW - Instalaci\u00f3n, puesta en marcha - Presupuesto","og_url":"https:\/\/www.polypoles.com\/es\/alquiler-de-calderas-de-pellets\/","og_site_name":"Polypoles","article_modified_time":"2025-03-03T15:05:33+00:00","twitter_card":"summary_large_image","twitter_misc":{"Tiempo de lectura":"5 minutos"},"schema":{"@context":"https:\/\/schema.org","@graph":[{"@type":"WebPage","@id":"https:\/\/www.polypoles.com\/es\/alquiler-de-calderas-de-pellets\/","url":"https:\/\/www.polypoles.com\/es\/alquiler-de-calderas-de-pellets\/","name":"- Alquiler de calderas de pellets | Llamar al: 08 10 02 08 51 Polypoles","isPartOf":{"@id":"https:\/\/www.polypoles.com\/es\/#website"},"datePublished":"2025-02-03T13:23:22+00:00","dateModified":"2025-03-03T15:05:33+00:00","description":"Alquiler de una caldera contenedor de pellets - Caldera el\u00e9ctrica m\u00f3vil de 22 a 36 kW - fuel\u00f3leo de 40 a 950 kW - pellets hasta 450 kW - Instalaci\u00f3n, puesta en marcha - Presupuesto","breadcrumb":{"@id":"https:\/\/www.polypoles.com\/es\/alquiler-de-calderas-de-pellets\/#breadcrumb"},"inLanguage":"es","potentialAction":[{"@type":"ReadAction","target":["https:\/\/www.polypoles.com\/es\/alquiler-de-calderas-de-pellets\/"]}]},{"@type":"BreadcrumbList","@id":"https:\/\/www.polypoles.com\/es\/alquiler-de-calderas-de-pellets\/#breadcrumb","itemListElement":[{"@type":"ListItem","position":1,"name":"Home","item":"https:\/\/www.polypoles.com\/es\/"},{"@type":"ListItem","position":2,"name":"Alquiler de calderas de pellets"}]},{"@type":"WebSite","@id":"https:\/\/www.polypoles.com\/es\/#website","url":"https:\/\/www.polypoles.com\/es\/","name":"Polypoles","description":"Votre partenaire chaud-froid","publisher":{"@id":"https:\/\/www.polypoles.com\/es\/#organization"},"potentialAction":[{"@type":"SearchAction","target":{"@type":"EntryPoint","urlTemplate":"https:\/\/www.polypoles.com\/es\/?s={search_term_string}"},"query-input":{"@type":"PropertyValueSpecification","valueRequired":true,"valueName":"search_term_string"}}],"inLanguage":"es"},{"@type":"Organization","@id":"https:\/\/www.polypoles.com\/es\/#organization","name":"Polypoles","url":"https:\/\/www.polypoles.com\/es\/","logo":{"@type":"ImageObject","inLanguage":"es","@id":"https:\/\/www.polypoles.com\/es\/#\/schema\/logo\/image\/","url":"https:\/\/www.polypoles.com\/wp-content\/uploads\/2024\/06\/base-25-cm-300-DPI-scaled.jpg","contentUrl":"https:\/\/www.polypoles.com\/wp-content\/uploads\/2024\/06\/base-25-cm-300-DPI-scaled.jpg","width":2560,"height":497,"caption":"Polypoles"},"image":{"@id":"https:\/\/www.polypoles.com\/es\/#\/schema\/logo\/image\/"}}]}},"_links":{"self":[{"href":"https:\/\/www.polypoles.com\/es\/wp-json\/wp\/v2\/pages\/27242","targetHints":{"allow":["GET"]}}],"collection":[{"href":"https:\/\/www.polypoles.com\/es\/wp-json\/wp\/v2\/pages"}],"about":[{"href":"https:\/\/www.polypoles.com\/es\/wp-json\/wp\/v2\/types\/page"}],"author":[{"embeddable":true,"href":"https:\/\/www.polypoles.com\/es\/wp-json\/wp\/v2\/users\/3"}],"replies":[{"embeddable":true,"href":"https:\/\/www.polypoles.com\/es\/wp-json\/wp\/v2\/comments?post=27242"}],"version-history":[{"count":14,"href":"https:\/\/www.polypoles.com\/es\/wp-json\/wp\/v2\/pages\/27242\/revisions"}],"predecessor-version":[{"id":27688,"href":"https:\/\/www.polypoles.com\/es\/wp-json\/wp\/v2\/pages\/27242\/revisions\/27688"}],"wp:attachment":[{"href":"https:\/\/www.polypoles.com\/es\/wp-json\/wp\/v2\/media?parent=27242"}],"wp:term":[{"taxonomy":"post_tag","embeddable":true,"href":"https:\/\/www.polypoles.com\/es\/wp-json\/wp\/v2\/tags?post=27242"}],"curies":[{"name":"wp","href":"https:\/\/api.w.org\/{rel}","templated":true}]}}