{"id":25184,"date":"2020-10-08T23:05:07","date_gmt":"2020-10-08T21:05:07","guid":{"rendered":"https:\/\/www.polypoles.com\/alquiler-de-calefaccion-industrial\/"},"modified":"2025-03-10T15:46:20","modified_gmt":"2025-03-10T14:46:20","slug":"alquiler-de-calefaccion-industrial","status":"publish","type":"page","link":"https:\/\/www.polypoles.com\/es\/alquiler-de-calefaccion-industrial\/","title":{"rendered":"Alquiler de calefacci\u00f3n industrial"},"content":{"rendered":"<div class=\"wpb-content-wrapper\"><p>[vc_row][vc_column]<div class=\"rs-header-title header-left  \">         \r\n        \t\t<h1 class=\"title\">Alquiler de calefacci\u00f3n industrial<\/h1><\/div>[vc_column_inner][\/vc_column_inner][\/vc_column][\/vc_row][vc_row][vc_column width=\u00bb2\/3&#8243;][vc_column_text]<\/p>\n<h2>  Calefacci\u00f3n industrial: la actividad principal de Polypoles<\/h2>\n<p>El alquiler de sistemas de calefacci\u00f3n industrial es una de las principales actividades de Polypoles. Llevamos a\u00f1os trabajando con empresas l\u00edderes del mercado franc\u00e9s. Gracias a nuestros servicios y a nuestro <strong>compromiso<\/strong>, nos siguen siendo fieles y renuevan regularmente sus pedidos.  <\/p>\n<p>Equipos adaptados al entorno industrial:<\/p>\n<p>-Nuestra gama de calefacci\u00f3n de alquiler se <strong>prueba<\/strong> sistem\u00e1ticamente antes de entregarla e instalarla in situ.<\/p>\n<p>&#8211; El equipo de alquiler es <strong>fiable y robusto<\/strong>, y se renueva a lo largo de los a\u00f1os.<\/p>\n<p>&#8211; Nuestra gama de 2 a 1000 kW puede adaptarse a tu entorno. Ofrecemos <strong>calefacci\u00f3n de gas\u00f3leo, el\u00e9ctrica y de gas <\/strong>para vol\u00famenes peque\u00f1os y muy grandes. <\/p>\n<p>Para todas tus necesidades de <a href=\"https:\/\/www.polypoles.com\/es\/alquiler-de-calefaccion-2\/\">alquiler de calefacci\u00f3n<\/a>, d\u00e9jate guiar por nuestros especialistas.[\/vc_column_text][vc_empty_space][vc_column_text]<\/p>\n<p>[\/vc_column_text][vc_row_inner][vc_column_inner width=\u00bb1\/2&#8243;][vc_btn title=\u00bb0 810 020 851&#8243; color=\u00bbjuicy-pink\u00bb size=\u00bblg\u00bb align=\u00bbcenter\u00bb i_icon_fontawesome=\u00bbfa fa-phone\u00bb add_icon=\u00bbtrue\u00bb link=\u00bburl:tel%3A%2B33810020851|title:Llama%20a%20Polypoles|rel:nofollow|\u00bb el_class=\u00bbappel\u00bb][\/vc_column_inner][vc_column_inner width=\u00bb1\/2&#8243;][vc_btn title=\u00bbCita\u00bb color=\u00bbprimary\u00bb size=\u00bblg\u00bb i_icon_fontawesome=\u00bbfa fa-envelope-o\u00bb add_icon=\u00bbtrue\u00bb link=\u00bburl:https%3A%2F%2Fwww.polypoles.com%2Fes%2Fponte-en-contacto-con%2F|title:Ponte%20en%20contacto%20con%20nosotros|\u00bb el_class=\u00bbdevis\u00bb][\/vc_column_inner][\/vc_row_inner][vc_row_inner][vc_column_inner][vc_empty_space height=\u00bb20px\u00bb][\/vc_column_inner][\/vc_row_inner][\/vc_column][vc_column width=\u00bb1\/3&#8243;][vc_single_image image=\u00bb10200&#8243; img_size=\u00bbfull\u00bb][vc_single_image image=\u00bb10154&#8243; img_size=\u00bbfull\u00bb][\/vc_column][\/vc_row][vc_row][vc_column width=\u00bb1\/3&#8243;][\/vc_column][\/vc_row][vc_row][vc_column][vc_empty_space]<br \/>\n          [vc_empty_space][\/vc_column][\/vc_row][vc_row][vc_column][vc_column_text]<\/p>\n<h2>  Miles de instalaciones temporales de calefacci\u00f3n industrial<\/h2>\n<p>Tenemos amplia experiencia en una gran variedad de sectores y situaciones, por lo que a menudo podemos encontrar la mejor soluci\u00f3n con la tecnolog\u00eda adecuada para satisfacer tus necesidades.<\/p>\n<p>Ya sea para calentar tus edificios, almacenes, talleres, garajes, lugares p\u00fablicos, ERP, servicios de aver\u00edas para instaladores, etc., no dudes en presentarnos tu proyecto y te responderemos lo antes posible.<\/p>\n<h3>Alquiler de calefacci\u00f3n industrial: paquete Piensa en invierno<\/h3>\n<p>Si quieres protegerte del fr\u00edo durante toda la temporada, Polypoles puede ofrecerte un alquiler a corto plazo. Pero si no quieres depender de las variaciones de temperatura, puedes elegir el paquete de invierno, con el que no tendr\u00e1s que almacenar ni mantener el equipo, ni invertir en una costosa instalaci\u00f3n.[\/vc_column_text][vc_empty_space height=\u00bb20px\u00bb][vc_row_inner][vc_column_inner width=\u00bb1\/3&#8243;][vc_single_image image=\u00bb10156&#8243; img_size=\u00bbfull\u00bb][\/vc_column_inner][vc_column_inner width=\u00bb1\/3&#8243;][vc_single_image image=\u00bb10163&#8243; img_size=\u00bbfull\u00bb][\/vc_column_inner][vc_column_inner width=\u00bb1\/3&#8243;][vc_single_image image=\u00bb10164&#8243; img_size=\u00bbfull\u00bb][\/vc_column_inner][\/vc_row_inner][vc_empty_space height=\u00bb20px\u00bb][vc_row_inner][vc_column_inner width=\u00bb1\/3&#8243;][vc_single_image image=\u00bb10208&#8243; img_size=\u00bbfull\u00bb][\/vc_column_inner][vc_column_inner width=\u00bb1\/3&#8243;][vc_single_image image=\u00bb10193&#8243; img_size=\u00bbfull\u00bb][\/vc_column_inner][vc_column_inner width=\u00bb1\/3&#8243;][vc_single_image image=\u00bb10195&#8243; img_size=\u00bbfull\u00bb][\/vc_column_inner][\/vc_row_inner][\/vc_column][\/vc_row][vc_row][vc_column][vc_separator][vc_empty_space height=\u00bb50px\u00bb][vc_column_text]<\/p>\n<h2>Cat\u00e1logo de calefacci\u00f3n<\/h2>\n<p>[\/vc_column_text][dhvc_woo_product_page_product_categories columns=\u00bb5&#8243; orderby=\u00bb\u00bb order=\u00bb\u00bb hide_empty=\u00bb1&#8243; el_class=\u00bb\u00bb ids=\u00bb94,95,49,99,46,114,48,117,98,90,116,97&#8243; number=\u00bb\u00bb parent=\u00bb\u00bb][\/vc_column][\/vc_row][vc_row][vc_column][vc_separator][vc_column_text]<\/p>\n<h2>\u00bfQuieres contratar un calefactor?<\/h2>\n<p>Ponte en contacto con nosotros por tel\u00e9fono o rellena el siguiente formulario.<\/p>\n<p>[\/vc_column_text][\/vc_column][\/vc_row][vc_row][vc_column width=\u00bb1\/6&#8243;][vc_single_image image=\u00bb27027&#8243; style=\u00bbvc_box_border_circle_2&#8243; css=\u00bb\u00bb][\/vc_column][vc_column width=\u00bb5\/6&#8243;][vc_column_text css=\u00bb\u00bb]<span class=\"TextRun SCXW52318390 BCX8\" lang=\"FR-FR\" data-contrast=\"auto\"><span class=\"NormalTextRun SCXW52318390 BCX8\">Para tus proyectos de calefacci\u00f3n industrial, tus necesidades de emergencia o tus requisitos espec\u00edficos, <\/span><\/span><span class=\"TextRun SCXW52318390 BCX8\" lang=\"FR-FR\" data-contrast=\"auto\"><span class=\"NormalTextRun SCXW52318390 BCX8\">Polypoles es tu socio de confianza<\/span><\/span><span class=\"TextRun SCXW52318390 BCX8\" lang=\"FR-FR\" data-contrast=\"auto\"><span class=\"NormalTextRun SCXW52318390 BCX8\">. <\/span><\/span><span class=\"TextRun SCXW52318390 BCX8\" lang=\"FR-FR\" data-contrast=\"auto\"><span class=\"NormalTextRun SCXW52318390 BCX8\">Ponte en contacto con nosotros en<\/span><\/span><span class=\"TextRun SCXW52318390 BCX8\" lang=\"FR-FR\" data-contrast=\"auto\"><span class=\"NormalTextRun SCXW52318390 BCX8\"> hoy mismo para saber m\u00e1s sobre nuestras soluciones de alquiler de calefacci\u00f3n industrial.<\/span><\/span>[\/vc_column_text][vc_btn title=\u00bb0810 020 851&#8243; color=\u00bbjuicy-pink\u00bb size=\u00bblg\u00bb i_icon_fontawesome=\u00bbfa fa-phone\u00bb add_icon=\u00bbtrue\u00bb link=\u00bburl:tel%3A%2B33810020851|target:%20_blank|\u00bb el_class=\u00bbappel\u00bb][\/vc_column][\/vc_row][vc_row][vc_column]\n<div class=\"wpcf7 no-js\" id=\"wpcf7-f24308-o1\" lang=\"es-ES\" dir=\"ltr\" data-wpcf7-id=\"24308\">\n<div class=\"screen-reader-response\"><p role=\"status\" aria-live=\"polite\" aria-atomic=\"true\"><\/p> <ul><\/ul><\/div>\n<form action=\"\/es\/wp-json\/wp\/v2\/pages\/25184#wpcf7-f24308-o1\" method=\"post\" class=\"wpcf7-form init\" aria-label=\"Formulario de contacto\" novalidate=\"novalidate\" data-status=\"init\">\n<div style=\"display: none;\">\n<input type=\"hidden\" name=\"_wpcf7\" value=\"24308\" \/>\n<input type=\"hidden\" name=\"_wpcf7_version\" value=\"6.0.6\" \/>\n<input type=\"hidden\" name=\"_wpcf7_locale\" value=\"es_ES\" \/>\n<input type=\"hidden\" name=\"_wpcf7_unit_tag\" value=\"wpcf7-f24308-o1\" \/>\n<input type=\"hidden\" name=\"_wpcf7_container_post\" value=\"0\" \/>\n<input type=\"hidden\" name=\"_wpcf7_posted_data_hash\" value=\"\" \/>\n<input type=\"hidden\" name=\"_wpcf7_recaptcha_response\" value=\"\" \/>\n<\/div>\n<p><i>Todos los campos son obligatorios.<\/i>\n<\/p>\n<div class=\"row\">\n\t<div class=\"col-sm-4\">\n\t\t<p><label> Tu nombre<br \/>\n<span class=\"wpcf7-form-control-wrap\" data-name=\"Votrenom\"><input size=\"40\" maxlength=\"400\" class=\"wpcf7-form-control wpcf7-text wpcf7-validates-as-required\" aria-required=\"true\" aria-invalid=\"false\" value=\"\" type=\"text\" name=\"Votrenom\" \/><\/span><\/label>\n\t\t<\/p>\n\t<\/div>\n\t<div class=\"col-sm-4\">\n\t\t<p><label> Tu empresa<br \/>\n<span class=\"wpcf7-form-control-wrap\" data-name=\"societe\"><input size=\"40\" maxlength=\"400\" class=\"wpcf7-form-control wpcf7-text wpcf7-validates-as-required\" aria-required=\"true\" aria-invalid=\"false\" value=\"\" type=\"text\" name=\"societe\" \/><\/span> <\/label>\n\t\t<\/p>\n\t<\/div>\n\t<div class=\"col-sm-4\">\n\t\t<p><label> Tu e-mail<br \/>\n<span class=\"wpcf7-form-control-wrap\" data-name=\"your-email\"><input size=\"40\" maxlength=\"400\" class=\"wpcf7-form-control wpcf7-email wpcf7-validates-as-required wpcf7-text wpcf7-validates-as-email\" aria-required=\"true\" aria-invalid=\"false\" value=\"\" type=\"email\" name=\"your-email\" \/><\/span> <\/label>\n\t\t<\/p>\n\t<\/div>\n\t<div class=\"col-sm-4\">\n\t\t<p><label> Tu n\u00famero de tel\u00e9fono<br \/>\n<span class=\"wpcf7-form-control-wrap\" data-name=\"phone\"><input size=\"40\" maxlength=\"400\" class=\"wpcf7-form-control wpcf7-tel wpcf7-validates-as-required wpcf7-text wpcf7-validates-as-tel\" aria-required=\"true\" aria-invalid=\"false\" value=\"\" type=\"tel\" name=\"phone\" \/><\/span> <\/label>\n\t\t<\/p>\n\t<\/div>\n\t<div class=\"col-sm-4\">\n\t\t<p><label><br \/>\n<span class=\"wpcf7-form-control-wrap\" data-name=\"typologie\"><select class=\"wpcf7-form-control wpcf7-select wpcf7-validates-as-required\" aria-required=\"true\" aria-invalid=\"false\" name=\"typologie\"><option value=\"Tu solicitud se refiere a la venta en alquiler de otros\">Tu solicitud se refiere a la venta en alquiler de otros<\/option><\/select><\/span> <\/label>\n\t\t<\/p>\n\t<\/div>\n\t<div class=\"col-sm-4\">\n\t\t<p><label> Tu departamento<br \/>\n<span class=\"wpcf7-form-control-wrap\" data-name=\"departement\"><input size=\"40\" maxlength=\"400\" class=\"wpcf7-form-control wpcf7-text wpcf7-validates-as-required\" aria-required=\"true\" aria-invalid=\"false\" value=\"\" type=\"text\" name=\"departement\" \/><\/span> <\/label>\n\t\t<\/p>\n\t<\/div>\n\t<div class=\"col-sm-12\">\n\t\t<p><label> Tu mensaje<br \/>\n<span class=\"wpcf7-form-control-wrap\" data-name=\"your-message\"><textarea cols=\"40\" rows=\"10\" maxlength=\"2000\" class=\"wpcf7-form-control wpcf7-textarea wpcf7-validates-as-required\" aria-required=\"true\" aria-invalid=\"false\" name=\"your-message\"><\/textarea><\/span> <\/label>\n\t\t<\/p>\n\t<\/div>\n\t<p><span class=\"wpcf7-form-control-wrap\" data-name=\"RGPD\"><span class=\"wpcf7-form-control wpcf7-checkbox wpcf7-validates-as-required\"><span class=\"wpcf7-list-item first last\"><label><input type=\"checkbox\" name=\"RGPD[]\" value=\"Acepto que los datos introducidos en este formulario sean utilizados por Polypoles para tramitar mi solicitud.\" \/><span class=\"wpcf7-list-item-label\">Acepto que los datos introducidos en este formulario sean utilizados por Polypoles para tramitar mi solicitud.<\/span><\/label><\/span><\/span><\/span>\n\t<\/p>\n\t<div class=\"form-button col-sm-12\">\n\t\t<div class=\"form-button col-sm-12\">\n\t\t\t<p class=\"submit-btn\"><input class=\"wpcf7-form-control wpcf7-submit has-spinner\" type=\"submit\" value=\"Confirma\" \/><i class=\"fa flaticon-right-arrow\"><\/i>\n\t\t\t<\/p>\n\t\t<\/div>\n\t<\/div>\n<\/div><input type='hidden' class='wpcf7-pum' value='{\"closepopup\":false,\"closedelay\":0,\"openpopup\":false,\"openpopup_id\":0}' \/><div class=\"wpcf7-response-output\" aria-hidden=\"true\"><\/div>\n<\/form>\n<\/div>\n[\/vc_column][\/vc_row]<\/p>\n<\/div>","protected":false},"excerpt":{"rendered":"<p>[vc_row][vc_column][vc_column_inner][\/vc_column_inner][\/vc_column][\/vc_row][vc_row][vc_column width=\u00bb2\/3&#8243;][vc_column_text] Calefacci\u00f3n industrial: la actividad principal de Polypoles El alquiler de sistemas de calefacci\u00f3n industrial es una de las principales actividades de Polypoles. Llevamos a\u00f1os trabajando con empresas l\u00edderes del mercado franc\u00e9s. Gracias a nuestros servicios y a nuestro compromiso, nos siguen siendo fieles y renuevan regularmente sus pedidos. Equipos adaptados al entorno industrial:&#8230;<\/p>\n","protected":false},"author":3,"featured_media":0,"parent":0,"menu_order":0,"comment_status":"closed","ping_status":"closed","template":"","meta":{"_acf_changed":false,"footnotes":""},"tags":[],"class_list":["post-25184","page","type-page","status-publish","hentry"],"acf":[],"yoast_head":"<!-- This site is optimized with the Yoast SEO plugin v24.9 - https:\/\/yoast.com\/wordpress\/plugins\/seo\/ -->\n<title>Alquiler de calefacci\u00f3n industrial - Combustible, El\u00e9ctrica, Gas<\/title>\n<meta name=\"description\" content=\"Alquiler de calefacci\u00f3n industrial: gas\u00f3leo, el\u00e9ctrica, gas de 3,5 kW a gran potencia - Entrega urgente - Instalaci\u00f3n - Servicio 24\/24 h - \u00a1Contacta con nosotros!\" \/>\n<meta name=\"robots\" content=\"index, follow, max-snippet:-1, max-image-preview:large, max-video-preview:-1\" \/>\n<link rel=\"canonical\" href=\"https:\/\/www.polypoles.com\/es\/alquiler-de-calefaccion-industrial\/\" \/>\n<meta property=\"og:locale\" content=\"es_ES\" \/>\n<meta property=\"og:type\" content=\"article\" \/>\n<meta property=\"og:title\" content=\"Alquiler de calefacci\u00f3n industrial - Combustible, El\u00e9ctrica, Gas\" \/>\n<meta property=\"og:description\" content=\"Alquiler de calefacci\u00f3n industrial: gas\u00f3leo, el\u00e9ctrica, gas de 3,5 kW a gran potencia - Entrega urgente - Instalaci\u00f3n - Servicio 24\/24 h - \u00a1Contacta con nosotros!\" \/>\n<meta property=\"og:url\" content=\"https:\/\/www.polypoles.com\/es\/alquiler-de-calefaccion-industrial\/\" \/>\n<meta property=\"og:site_name\" content=\"Polypoles\" \/>\n<meta property=\"article:modified_time\" content=\"2025-03-10T14:46:20+00:00\" \/>\n<meta name=\"twitter:card\" content=\"summary_large_image\" \/>\n<meta name=\"twitter:label1\" content=\"Tiempo de lectura\" \/>\n\t<meta name=\"twitter:data1\" content=\"4 minutos\" \/>\n<script type=\"application\/ld+json\" class=\"yoast-schema-graph\">{\"@context\":\"https:\/\/schema.org\",\"@graph\":[{\"@type\":\"WebPage\",\"@id\":\"https:\/\/www.polypoles.com\/es\/alquiler-de-calefaccion-industrial\/\",\"url\":\"https:\/\/www.polypoles.com\/es\/alquiler-de-calefaccion-industrial\/\",\"name\":\"Alquiler de calefacci\u00f3n industrial - Combustible, El\u00e9ctrica, Gas\",\"isPartOf\":{\"@id\":\"https:\/\/www.polypoles.com\/es\/#website\"},\"datePublished\":\"2020-10-08T21:05:07+00:00\",\"dateModified\":\"2025-03-10T14:46:20+00:00\",\"description\":\"Alquiler de calefacci\u00f3n industrial: gas\u00f3leo, el\u00e9ctrica, gas de 3,5 kW a gran potencia - Entrega urgente - Instalaci\u00f3n - Servicio 24\/24 h - \u00a1Contacta con nosotros!\",\"breadcrumb\":{\"@id\":\"https:\/\/www.polypoles.com\/es\/alquiler-de-calefaccion-industrial\/#breadcrumb\"},\"inLanguage\":\"es\",\"potentialAction\":[{\"@type\":\"ReadAction\",\"target\":[\"https:\/\/www.polypoles.com\/es\/alquiler-de-calefaccion-industrial\/\"]}]},{\"@type\":\"BreadcrumbList\",\"@id\":\"https:\/\/www.polypoles.com\/es\/alquiler-de-calefaccion-industrial\/#breadcrumb\",\"itemListElement\":[{\"@type\":\"ListItem\",\"position\":1,\"name\":\"Home\",\"item\":\"https:\/\/www.polypoles.com\/es\/\"},{\"@type\":\"ListItem\",\"position\":2,\"name\":\"Alquiler de calefacci\u00f3n industrial\"}]},{\"@type\":\"WebSite\",\"@id\":\"https:\/\/www.polypoles.com\/es\/#website\",\"url\":\"https:\/\/www.polypoles.com\/es\/\",\"name\":\"Polypoles\",\"description\":\"Votre partenaire chaud-froid\",\"publisher\":{\"@id\":\"https:\/\/www.polypoles.com\/es\/#organization\"},\"potentialAction\":[{\"@type\":\"SearchAction\",\"target\":{\"@type\":\"EntryPoint\",\"urlTemplate\":\"https:\/\/www.polypoles.com\/es\/?s={search_term_string}\"},\"query-input\":{\"@type\":\"PropertyValueSpecification\",\"valueRequired\":true,\"valueName\":\"search_term_string\"}}],\"inLanguage\":\"es\"},{\"@type\":\"Organization\",\"@id\":\"https:\/\/www.polypoles.com\/es\/#organization\",\"name\":\"Polypoles\",\"url\":\"https:\/\/www.polypoles.com\/es\/\",\"logo\":{\"@type\":\"ImageObject\",\"inLanguage\":\"es\",\"@id\":\"https:\/\/www.polypoles.com\/es\/#\/schema\/logo\/image\/\",\"url\":\"https:\/\/www.polypoles.com\/wp-content\/uploads\/2024\/06\/base-25-cm-300-DPI-scaled.jpg\",\"contentUrl\":\"https:\/\/www.polypoles.com\/wp-content\/uploads\/2024\/06\/base-25-cm-300-DPI-scaled.jpg\",\"width\":2560,\"height\":497,\"caption\":\"Polypoles\"},\"image\":{\"@id\":\"https:\/\/www.polypoles.com\/es\/#\/schema\/logo\/image\/\"}}]}<\/script>\n<!-- \/ Yoast SEO plugin. -->","yoast_head_json":{"title":"Alquiler de calefacci\u00f3n industrial - Combustible, El\u00e9ctrica, Gas","description":"Alquiler de calefacci\u00f3n industrial: gas\u00f3leo, el\u00e9ctrica, gas de 3,5 kW a gran potencia - Entrega urgente - Instalaci\u00f3n - Servicio 24\/24 h - \u00a1Contacta con nosotros!","robots":{"index":"index","follow":"follow","max-snippet":"max-snippet:-1","max-image-preview":"max-image-preview:large","max-video-preview":"max-video-preview:-1"},"canonical":"https:\/\/www.polypoles.com\/es\/alquiler-de-calefaccion-industrial\/","og_locale":"es_ES","og_type":"article","og_title":"Alquiler de calefacci\u00f3n industrial - Combustible, El\u00e9ctrica, Gas","og_description":"Alquiler de calefacci\u00f3n industrial: gas\u00f3leo, el\u00e9ctrica, gas de 3,5 kW a gran potencia - Entrega urgente - Instalaci\u00f3n - Servicio 24\/24 h - \u00a1Contacta con nosotros!","og_url":"https:\/\/www.polypoles.com\/es\/alquiler-de-calefaccion-industrial\/","og_site_name":"Polypoles","article_modified_time":"2025-03-10T14:46:20+00:00","twitter_card":"summary_large_image","twitter_misc":{"Tiempo de lectura":"4 minutos"},"schema":{"@context":"https:\/\/schema.org","@graph":[{"@type":"WebPage","@id":"https:\/\/www.polypoles.com\/es\/alquiler-de-calefaccion-industrial\/","url":"https:\/\/www.polypoles.com\/es\/alquiler-de-calefaccion-industrial\/","name":"Alquiler de calefacci\u00f3n industrial - Combustible, El\u00e9ctrica, Gas","isPartOf":{"@id":"https:\/\/www.polypoles.com\/es\/#website"},"datePublished":"2020-10-08T21:05:07+00:00","dateModified":"2025-03-10T14:46:20+00:00","description":"Alquiler de calefacci\u00f3n industrial: gas\u00f3leo, el\u00e9ctrica, gas de 3,5 kW a gran potencia - Entrega urgente - Instalaci\u00f3n - Servicio 24\/24 h - \u00a1Contacta con nosotros!","breadcrumb":{"@id":"https:\/\/www.polypoles.com\/es\/alquiler-de-calefaccion-industrial\/#breadcrumb"},"inLanguage":"es","potentialAction":[{"@type":"ReadAction","target":["https:\/\/www.polypoles.com\/es\/alquiler-de-calefaccion-industrial\/"]}]},{"@type":"BreadcrumbList","@id":"https:\/\/www.polypoles.com\/es\/alquiler-de-calefaccion-industrial\/#breadcrumb","itemListElement":[{"@type":"ListItem","position":1,"name":"Home","item":"https:\/\/www.polypoles.com\/es\/"},{"@type":"ListItem","position":2,"name":"Alquiler de calefacci\u00f3n industrial"}]},{"@type":"WebSite","@id":"https:\/\/www.polypoles.com\/es\/#website","url":"https:\/\/www.polypoles.com\/es\/","name":"Polypoles","description":"Votre partenaire chaud-froid","publisher":{"@id":"https:\/\/www.polypoles.com\/es\/#organization"},"potentialAction":[{"@type":"SearchAction","target":{"@type":"EntryPoint","urlTemplate":"https:\/\/www.polypoles.com\/es\/?s={search_term_string}"},"query-input":{"@type":"PropertyValueSpecification","valueRequired":true,"valueName":"search_term_string"}}],"inLanguage":"es"},{"@type":"Organization","@id":"https:\/\/www.polypoles.com\/es\/#organization","name":"Polypoles","url":"https:\/\/www.polypoles.com\/es\/","logo":{"@type":"ImageObject","inLanguage":"es","@id":"https:\/\/www.polypoles.com\/es\/#\/schema\/logo\/image\/","url":"https:\/\/www.polypoles.com\/wp-content\/uploads\/2024\/06\/base-25-cm-300-DPI-scaled.jpg","contentUrl":"https:\/\/www.polypoles.com\/wp-content\/uploads\/2024\/06\/base-25-cm-300-DPI-scaled.jpg","width":2560,"height":497,"caption":"Polypoles"},"image":{"@id":"https:\/\/www.polypoles.com\/es\/#\/schema\/logo\/image\/"}}]}},"_links":{"self":[{"href":"https:\/\/www.polypoles.com\/es\/wp-json\/wp\/v2\/pages\/25184","targetHints":{"allow":["GET"]}}],"collection":[{"href":"https:\/\/www.polypoles.com\/es\/wp-json\/wp\/v2\/pages"}],"about":[{"href":"https:\/\/www.polypoles.com\/es\/wp-json\/wp\/v2\/types\/page"}],"author":[{"embeddable":true,"href":"https:\/\/www.polypoles.com\/es\/wp-json\/wp\/v2\/users\/3"}],"replies":[{"embeddable":true,"href":"https:\/\/www.polypoles.com\/es\/wp-json\/wp\/v2\/comments?post=25184"}],"version-history":[{"count":6,"href":"https:\/\/www.polypoles.com\/es\/wp-json\/wp\/v2\/pages\/25184\/revisions"}],"predecessor-version":[{"id":27781,"href":"https:\/\/www.polypoles.com\/es\/wp-json\/wp\/v2\/pages\/25184\/revisions\/27781"}],"wp:attachment":[{"href":"https:\/\/www.polypoles.com\/es\/wp-json\/wp\/v2\/media?parent=25184"}],"wp:term":[{"taxonomy":"post_tag","embeddable":true,"href":"https:\/\/www.polypoles.com\/es\/wp-json\/wp\/v2\/tags?post=25184"}],"curies":[{"name":"wp","href":"https:\/\/api.w.org\/{rel}","templated":true}]}}