{"id":25118,"date":"2020-10-02T17:38:26","date_gmt":"2020-10-02T15:38:26","guid":{"rendered":"https:\/\/www.polypoles.com\/alquiler-de-estufas-moviles\/"},"modified":"2025-03-10T15:47:53","modified_gmt":"2025-03-10T14:47:53","slug":"alquiler-de-estufas-moviles","status":"publish","type":"page","link":"https:\/\/www.polypoles.com\/es\/alquiler-de-estufas-moviles\/","title":{"rendered":"Alquiler de estufas m\u00f3viles"},"content":{"rendered":"<div class=\"wpb-content-wrapper\"><p>[vc_row][vc_column]<div class=\"rs-header-title header-left  \">         \r\n        \t\t<h1 class=\"title\">Alquiler de calefacci\u00f3n m\u00f3vil<\/h1><\/div>[vc_column_inner][\/vc_column_inner][\/vc_column][\/vc_row][vc_row][vc_column width=\u00bb2\/3&#8243;][vc_column_text]<\/p>\n<h2>Alquila calefactores m\u00f3viles que se adapten a tus necesidades<\/h2>\n<p>[\/vc_column_text][vc_column_text]El alquiler de calefacciones m\u00f3viles representa una gran parte de nuestro negocio. En POLYPOLES, m\u00e1s del 60% de nuestros alquileres son <strong>\u00abcontraalquileres<\/strong> \u00bb que duran de unos d\u00edas a unos meses. Por definici\u00f3n, un alquiler es una operaci\u00f3n puntual para compensar el fallo de un sistema existente o para proporcionar una soluci\u00f3n temporal de calefacci\u00f3n. M\u00e1s de la mitad de nuestros clientes de \u00abmostrador\u00bb vienen tambi\u00e9n a recoger sus aparatos. \u00a1Es una gran oportunidad para reunirse! Sin embargo, siempre tenemos una <strong>soluci\u00f3n expr\u00e9s<\/strong> para entregar tus calefactores m\u00f3viles.     <\/p>\n<p>Gran parte de nuestros calentadores son m\u00f3viles y ergon\u00f3micos! Por ejemplo, nuestras pistolas de aire caliente EC tienen ruedas situadas en el centro de gravedad del aparato, lo que facilita su desplazamiento, \u00a1incluso con el dep\u00f3sito de combustible lleno al 100%! <\/p>\n<p>Como especialistas en <a href=\"https:\/\/www.polypoles.com\/es\/alquiler-de-calefaccion-2\/\">alquiler de calefacci\u00f3n<\/a>, te ofrecemos la posibilidad de elegir entre todos los tipos de energ\u00eda (el\u00e9ctrica, gas\u00f3leo, gas, pellet, orujo, etc.).<\/p>\n<p>La energ\u00eda tambi\u00e9n tiene que ser accesible: para ello, nuestros aparatos est\u00e1n equipados con cables de alimentaci\u00f3n y, si es necesario, podemos ofrecerte alargaderas monof\u00e1sicas o trif\u00e1sicas <strong>adecuadas<\/strong>.[\/vc_column_text][vc_column_text]Por definici\u00f3n, un alquiler es una operaci\u00f3n puntual para compensar el fallo de un sistema existente o para proporcionar una soluci\u00f3n temporal de calefacci\u00f3n.<\/p>\n<p>En POLYPOLES, m\u00e1s del 60% de nuestros alquileres son <strong>\u00ab<\/strong> de <strong>mostrador<\/strong> \u00bb y duran de unos d\u00edas a unos meses. M\u00e1s de la mitad de nuestros clientes de mostrador tambi\u00e9n vienen a recoger su material. \u00a1Es una gran oportunidad para reunirse! Sin embargo, siempre tenemos una <strong>soluci\u00f3n expr\u00e9s<\/strong> para entregar tus calefactores m\u00f3viles.   <\/p>\n<p>Gran parte de nuestros calentadores son m\u00f3viles y ergon\u00f3micos! Por ejemplo, nuestras pistolas de aire caliente EC tienen ruedas situadas en el centro de gravedad del aparato, lo que facilita su desplazamiento, \u00a1incluso con el dep\u00f3sito de combustible lleno al 100%! <\/p>\n<p>La energ\u00eda tambi\u00e9n tiene que ser accesible: para ello, nuestros aparatos est\u00e1n equipados con cables de alimentaci\u00f3n y, si es necesario, podemos ofrecerte alargaderas monof\u00e1sicas o trif\u00e1sicas <strong>adecuadas<\/strong>.<\/p>\n<p>[\/vc_column_text][vc_row_inner][vc_column_inner width=\u00bb1\/2&#8243;][vc_btn title=\u00bb0 810 020 851&#8243; color=\u00bbjuicy-pink\u00bb size=\u00bblg\u00bb align=\u00bbcenter\u00bb i_icon_fontawesome=\u00bbfa fa-phone\u00bb add_icon=\u00bbtrue\u00bb link=\u00bburl:tel%3A%2B33810020851|title:Llama%20a%20Polypoles|rel:nofollow|\u00bb el_class=\u00bbappel\u00bb][\/vc_column_inner][vc_column_inner width=\u00bb1\/2&#8243;][vc_btn title=\u00bbCita\u00bb color=\u00bbprimary\u00bb size=\u00bblg\u00bb i_icon_fontawesome=\u00bbfa fa-envelope-o\u00bb add_icon=\u00bbtrue\u00bb link=\u00bburl:https%3A%2F%2Fwww.polypoles.com%2Fes%2Fponte-en-contacto-con%2F|title:Ponte%20en%20contacto%20con%20nosotros|\u00bb el_class=\u00bbdevis\u00bb][\/vc_column_inner][\/vc_row_inner][vc_row_inner][vc_column_inner][vc_empty_space height=\u00bb20px\u00bb][\/vc_column_inner][\/vc_row_inner][\/vc_column][vc_column width=\u00bb1\/3&#8243;][vc_single_image image=\u00bb10055&#8243; img_size=\u00bbfull\u00bb add_caption=\u00bbyes\u00bb][\/vc_column][\/vc_row][vc_row][vc_column][vc_column_text]<\/p>\n<h2>M\u00e1s cerca de ti para servirte mejor<\/h2>\n<p>Con 7 puntos de alquiler de calefacci\u00f3n en <strong>Burdeos, Lille, Par\u00eds, Lyon, Toulouse, Nantes y Nancy,<\/strong> y una flota de m\u00e1s de <strong>5.000 unidades<\/strong>, polypoles es un actor importante en el alquiler de calefacci\u00f3n m\u00f3vil.<\/p>\n<p>Nuestra experiencia tambi\u00e9n nos ha permitido desarrollar soluciones complementarias de <strong>alquiler de aire acondicionado m\u00f3vil<\/strong> y <strong>refrigeraci\u00f3n por aire<\/strong> m\u00f3vil.<\/p>\n<p>Tanto si necesitas un sistema de calefacci\u00f3n principal, un aporte de calor para el invierno o calentar un gran volumen, te ayudaremos a llevar a cabo tu proyecto. Nuestro departamento de ingenier\u00eda puede elaborar evaluaciones t\u00e9rmicas y planos. Adem\u00e1s, nuestro equipo t\u00e9cnico puede encargarse de la instalaci\u00f3n llave en mano y de cualquier servicio de guardia que necesites durante el periodo de <a href=\"https:\/\/www.polypoles.com\/es\/alquiler-de-calefaccion-2\/\">alquiler de<\/a> tu calefacci\u00f3n.[\/vc_column_text][vc_empty_space height=\u00bb20px\u00bb][vc_row_inner][vc_column_inner width=\u00bb1\/2&#8243;][vc_single_image image=\u00bb10051&#8243; img_size=\u00bbfull\u00bb add_caption=\u00bbyes\u00bb][\/vc_column_inner][vc_column_inner width=\u00bb1\/2&#8243;][vc_single_image image=\u00bb10066&#8243; img_size=\u00bbfull\u00bb add_caption=\u00bbyes\u00bb][\/vc_column_inner][\/vc_row_inner][\/vc_column][\/vc_row][vc_row][vc_column][vc_separator][vc_empty_space height=\u00bb50px\u00bb][vc_column_text]<\/p>\n<h2>Cat\u00e1logo de calefacci\u00f3n<\/h2>\n<p>[\/vc_column_text][dhvc_woo_product_page_product_categories columns=\u00bb5&#8243; orderby=\u00bb\u00bb order=\u00bb\u00bb hide_empty=\u00bb1&#8243; el_class=\u00bb\u00bb ids=\u00bb94,95,49,99,46,114,48,117,98,90,116,97&#8243; number=\u00bb\u00bb parent=\u00bb\u00bb][\/vc_column][\/vc_row][vc_row][vc_column][vc_separator][vc_column_text]<\/p>\n<h2>\u00bfQuieres contratar un calefactor?<\/h2>\n<p>Ponte en contacto con nosotros por tel\u00e9fono o rellena el siguiente formulario.<\/p>\n<p>[\/vc_column_text][\/vc_column][\/vc_row][vc_row][vc_column width=\u00bb1\/6&#8243;][vc_single_image image=\u00bb27027&#8243; style=\u00bbvc_box_border_circle_2&#8243; css=\u00bb\u00bb][\/vc_column][vc_column width=\u00bb5\/6&#8243;][vc_column_text css=\u00bb\u00bb]<span class=\"TextRun SCXW52318390 BCX8\" lang=\"FR-FR\" data-contrast=\"auto\"><span class=\"NormalTextRun SCXW52318390 BCX8\">Para tus proyectos de calefacci\u00f3n m\u00f3vil, tus necesidades de emergencia o tus requisitos espec\u00edficos, <\/span><\/span><span class=\"TextRun SCXW52318390 BCX8\" lang=\"FR-FR\" data-contrast=\"auto\"><span class=\"NormalTextRun SCXW52318390 BCX8\">Polypoles es tu socio de confianza<\/span><\/span><span class=\"TextRun SCXW52318390 BCX8\" lang=\"FR-FR\" data-contrast=\"auto\"><span class=\"NormalTextRun SCXW52318390 BCX8\">. <\/span><\/span><span class=\"TextRun SCXW52318390 BCX8\" lang=\"FR-FR\" data-contrast=\"auto\"><span class=\"NormalTextRun SCXW52318390 BCX8\">Ponte en contacto con nosotros en<\/span><\/span><span class=\"TextRun SCXW52318390 BCX8\" lang=\"FR-FR\" data-contrast=\"auto\"><span class=\"NormalTextRun SCXW52318390 BCX8\"> hoy mismo para saber m\u00e1s sobre nuestras soluciones de alquiler de calefacci\u00f3n m\u00f3vil.<\/span><\/span><span class=\"EOP SCXW52318390 BCX8\" data-ccp-props=\"{\"134233117\":true,\"134233118\":true,\"201341983\":0,\"335559740\":240}\"> <\/span>[\/vc_column_text][vc_btn title=\u00bb0810 020 851&#8243; color=\u00bbjuicy-pink\u00bb size=\u00bblg\u00bb i_icon_fontawesome=\u00bbfa fa-phone\u00bb add_icon=\u00bbtrue\u00bb link=\u00bburl:tel%3A%2B33810020851|target:%20_blank|\u00bb el_class=\u00bbappel\u00bb][\/vc_column][\/vc_row][vc_row][vc_column]\n<div class=\"wpcf7 no-js\" id=\"wpcf7-f24308-o1\" lang=\"es-ES\" dir=\"ltr\" data-wpcf7-id=\"24308\">\n<div class=\"screen-reader-response\"><p role=\"status\" aria-live=\"polite\" aria-atomic=\"true\"><\/p> <ul><\/ul><\/div>\n<form action=\"\/es\/wp-json\/wp\/v2\/pages\/25118#wpcf7-f24308-o1\" method=\"post\" class=\"wpcf7-form init\" aria-label=\"Formulario de contacto\" novalidate=\"novalidate\" data-status=\"init\">\n<div style=\"display: none;\">\n<input type=\"hidden\" name=\"_wpcf7\" value=\"24308\" \/>\n<input type=\"hidden\" name=\"_wpcf7_version\" value=\"6.0.6\" \/>\n<input type=\"hidden\" name=\"_wpcf7_locale\" value=\"es_ES\" \/>\n<input type=\"hidden\" name=\"_wpcf7_unit_tag\" value=\"wpcf7-f24308-o1\" \/>\n<input type=\"hidden\" name=\"_wpcf7_container_post\" value=\"0\" \/>\n<input type=\"hidden\" name=\"_wpcf7_posted_data_hash\" value=\"\" \/>\n<input type=\"hidden\" name=\"_wpcf7_recaptcha_response\" value=\"\" \/>\n<\/div>\n<p><i>Todos los campos son obligatorios.<\/i>\n<\/p>\n<div class=\"row\">\n\t<div class=\"col-sm-4\">\n\t\t<p><label> Tu nombre<br \/>\n<span class=\"wpcf7-form-control-wrap\" data-name=\"Votrenom\"><input size=\"40\" maxlength=\"400\" class=\"wpcf7-form-control wpcf7-text wpcf7-validates-as-required\" aria-required=\"true\" aria-invalid=\"false\" value=\"\" type=\"text\" name=\"Votrenom\" \/><\/span><\/label>\n\t\t<\/p>\n\t<\/div>\n\t<div class=\"col-sm-4\">\n\t\t<p><label> Tu empresa<br \/>\n<span class=\"wpcf7-form-control-wrap\" data-name=\"societe\"><input size=\"40\" maxlength=\"400\" class=\"wpcf7-form-control wpcf7-text wpcf7-validates-as-required\" aria-required=\"true\" aria-invalid=\"false\" value=\"\" type=\"text\" name=\"societe\" \/><\/span> <\/label>\n\t\t<\/p>\n\t<\/div>\n\t<div class=\"col-sm-4\">\n\t\t<p><label> Tu e-mail<br \/>\n<span class=\"wpcf7-form-control-wrap\" data-name=\"your-email\"><input size=\"40\" maxlength=\"400\" class=\"wpcf7-form-control wpcf7-email wpcf7-validates-as-required wpcf7-text wpcf7-validates-as-email\" aria-required=\"true\" aria-invalid=\"false\" value=\"\" type=\"email\" name=\"your-email\" \/><\/span> <\/label>\n\t\t<\/p>\n\t<\/div>\n\t<div class=\"col-sm-4\">\n\t\t<p><label> Tu n\u00famero de tel\u00e9fono<br \/>\n<span class=\"wpcf7-form-control-wrap\" data-name=\"phone\"><input size=\"40\" maxlength=\"400\" class=\"wpcf7-form-control wpcf7-tel wpcf7-validates-as-required wpcf7-text wpcf7-validates-as-tel\" aria-required=\"true\" aria-invalid=\"false\" value=\"\" type=\"tel\" name=\"phone\" \/><\/span> <\/label>\n\t\t<\/p>\n\t<\/div>\n\t<div class=\"col-sm-4\">\n\t\t<p><label><br \/>\n<span class=\"wpcf7-form-control-wrap\" data-name=\"typologie\"><select class=\"wpcf7-form-control wpcf7-select wpcf7-validates-as-required\" aria-required=\"true\" aria-invalid=\"false\" name=\"typologie\"><option value=\"Tu solicitud se refiere a la venta en alquiler de otros\">Tu solicitud se refiere a la venta en alquiler de otros<\/option><\/select><\/span> <\/label>\n\t\t<\/p>\n\t<\/div>\n\t<div class=\"col-sm-4\">\n\t\t<p><label> Tu departamento<br \/>\n<span class=\"wpcf7-form-control-wrap\" data-name=\"departement\"><input size=\"40\" maxlength=\"400\" class=\"wpcf7-form-control wpcf7-text wpcf7-validates-as-required\" aria-required=\"true\" aria-invalid=\"false\" value=\"\" type=\"text\" name=\"departement\" \/><\/span> <\/label>\n\t\t<\/p>\n\t<\/div>\n\t<div class=\"col-sm-12\">\n\t\t<p><label> Tu mensaje<br \/>\n<span class=\"wpcf7-form-control-wrap\" data-name=\"your-message\"><textarea cols=\"40\" rows=\"10\" maxlength=\"2000\" class=\"wpcf7-form-control wpcf7-textarea wpcf7-validates-as-required\" aria-required=\"true\" aria-invalid=\"false\" name=\"your-message\"><\/textarea><\/span> <\/label>\n\t\t<\/p>\n\t<\/div>\n\t<p><span class=\"wpcf7-form-control-wrap\" data-name=\"RGPD\"><span class=\"wpcf7-form-control wpcf7-checkbox wpcf7-validates-as-required\"><span class=\"wpcf7-list-item first last\"><label><input type=\"checkbox\" name=\"RGPD[]\" value=\"Acepto que los datos introducidos en este formulario sean utilizados por Polypoles para tramitar mi solicitud.\" \/><span class=\"wpcf7-list-item-label\">Acepto que los datos introducidos en este formulario sean utilizados por Polypoles para tramitar mi solicitud.<\/span><\/label><\/span><\/span><\/span>\n\t<\/p>\n\t<div class=\"form-button col-sm-12\">\n\t\t<div class=\"form-button col-sm-12\">\n\t\t\t<p class=\"submit-btn\"><input class=\"wpcf7-form-control wpcf7-submit has-spinner\" type=\"submit\" value=\"Confirma\" \/><i class=\"fa flaticon-right-arrow\"><\/i>\n\t\t\t<\/p>\n\t\t<\/div>\n\t<\/div>\n<\/div><input type='hidden' class='wpcf7-pum' value='{\"closepopup\":false,\"closedelay\":0,\"openpopup\":false,\"openpopup_id\":0}' \/><div class=\"wpcf7-response-output\" aria-hidden=\"true\"><\/div>\n<\/form>\n<\/div>\n[\/vc_column][\/vc_row]<\/p>\n<\/div>","protected":false},"excerpt":{"rendered":"<p>[vc_row][vc_column][vc_column_inner][\/vc_column_inner][\/vc_column][\/vc_row][vc_row][vc_column width=\u00bb2\/3&#8243;][vc_column_text] Alquila calefactores m\u00f3viles que se adapten a tus necesidades [\/vc_column_text][vc_column_text]El alquiler de calefacciones m\u00f3viles representa una gran parte de nuestro negocio. En POLYPOLES, m\u00e1s del 60% de nuestros alquileres son \u00abcontraalquileres \u00bb que duran de unos d\u00edas a unos meses. Por definici\u00f3n, un alquiler es una operaci\u00f3n puntual para compensar el fallo de&#8230;<\/p>\n","protected":false},"author":1,"featured_media":10055,"parent":0,"menu_order":0,"comment_status":"closed","ping_status":"closed","template":"","meta":{"_acf_changed":false,"footnotes":""},"tags":[],"class_list":["post-25118","page","type-page","status-publish","has-post-thumbnail","hentry"],"acf":[],"yoast_head":"<!-- This site is optimized with the Yoast SEO plugin v24.9 - https:\/\/yoast.com\/wordpress\/plugins\/seo\/ -->\n<title>Contrata calefacci\u00f3n m\u00f3vil, \u00a1sal del fr\u00edo con Polypoles!<\/title>\n<meta name=\"description\" content=\"Alquiler de calefacci\u00f3n m\u00f3vil | Todas las potencias : El\u00e9ctrica-Combustible-Gas. Profesionales a tu servicio. Llama al 0810 020 851 - Presupuesto gratuito\" \/>\n<meta name=\"robots\" content=\"index, follow, max-snippet:-1, max-image-preview:large, max-video-preview:-1\" \/>\n<link rel=\"canonical\" href=\"https:\/\/www.polypoles.com\/es\/alquiler-de-estufas-moviles\/\" \/>\n<meta property=\"og:locale\" content=\"es_ES\" \/>\n<meta property=\"og:type\" content=\"article\" \/>\n<meta property=\"og:title\" content=\"Contrata calefacci\u00f3n m\u00f3vil, \u00a1sal del fr\u00edo con Polypoles!\" \/>\n<meta property=\"og:description\" content=\"Alquiler de calefacci\u00f3n m\u00f3vil | Todas las potencias : El\u00e9ctrica-Combustible-Gas. Profesionales a tu servicio. Llama al 0810 020 851 - Presupuesto gratuito\" \/>\n<meta property=\"og:url\" content=\"https:\/\/www.polypoles.com\/es\/alquiler-de-estufas-moviles\/\" \/>\n<meta property=\"og:site_name\" content=\"Polypoles\" \/>\n<meta property=\"article:modified_time\" content=\"2025-03-10T14:47:53+00:00\" \/>\n<meta property=\"og:image\" content=\"https:\/\/www.polypoles.com\/wp-content\/uploads\/2020\/10\/location-chauffage-mobile-1-scaled-e1601653765262.jpg\" \/>\n\t<meta property=\"og:image:width\" content=\"400\" \/>\n\t<meta property=\"og:image:height\" content=\"533\" \/>\n\t<meta property=\"og:image:type\" content=\"image\/jpeg\" \/>\n<meta name=\"twitter:card\" content=\"summary_large_image\" \/>\n<meta name=\"twitter:label1\" content=\"Tiempo de lectura\" \/>\n\t<meta name=\"twitter:data1\" content=\"5 minutos\" \/>\n<script type=\"application\/ld+json\" class=\"yoast-schema-graph\">{\"@context\":\"https:\/\/schema.org\",\"@graph\":[{\"@type\":\"WebPage\",\"@id\":\"https:\/\/www.polypoles.com\/es\/alquiler-de-estufas-moviles\/\",\"url\":\"https:\/\/www.polypoles.com\/es\/alquiler-de-estufas-moviles\/\",\"name\":\"Contrata calefacci\u00f3n m\u00f3vil, \u00a1sal del fr\u00edo con Polypoles!\",\"isPartOf\":{\"@id\":\"https:\/\/www.polypoles.com\/es\/#website\"},\"primaryImageOfPage\":{\"@id\":\"https:\/\/www.polypoles.com\/es\/alquiler-de-estufas-moviles\/#primaryimage\"},\"image\":{\"@id\":\"https:\/\/www.polypoles.com\/es\/alquiler-de-estufas-moviles\/#primaryimage\"},\"thumbnailUrl\":\"https:\/\/www.polypoles.com\/wp-content\/uploads\/2020\/10\/location-chauffage-mobile-1-scaled-e1601653765262.jpg\",\"datePublished\":\"2020-10-02T15:38:26+00:00\",\"dateModified\":\"2025-03-10T14:47:53+00:00\",\"description\":\"Alquiler de calefacci\u00f3n m\u00f3vil | Todas las potencias : El\u00e9ctrica-Combustible-Gas. Profesionales a tu servicio. Llama al 0810 020 851 - Presupuesto gratuito\",\"breadcrumb\":{\"@id\":\"https:\/\/www.polypoles.com\/es\/alquiler-de-estufas-moviles\/#breadcrumb\"},\"inLanguage\":\"es\",\"potentialAction\":[{\"@type\":\"ReadAction\",\"target\":[\"https:\/\/www.polypoles.com\/es\/alquiler-de-estufas-moviles\/\"]}]},{\"@type\":\"ImageObject\",\"inLanguage\":\"es\",\"@id\":\"https:\/\/www.polypoles.com\/es\/alquiler-de-estufas-moviles\/#primaryimage\",\"url\":\"https:\/\/www.polypoles.com\/wp-content\/uploads\/2020\/10\/location-chauffage-mobile-1-scaled-e1601653765262.jpg\",\"contentUrl\":\"https:\/\/www.polypoles.com\/wp-content\/uploads\/2020\/10\/location-chauffage-mobile-1-scaled-e1601653765262.jpg\",\"width\":400,\"height\":533,\"caption\":\"Alquiler de calefactores el\u00e9ctricos m\u00f3viles para bodegas\"},{\"@type\":\"BreadcrumbList\",\"@id\":\"https:\/\/www.polypoles.com\/es\/alquiler-de-estufas-moviles\/#breadcrumb\",\"itemListElement\":[{\"@type\":\"ListItem\",\"position\":1,\"name\":\"Home\",\"item\":\"https:\/\/www.polypoles.com\/es\/\"},{\"@type\":\"ListItem\",\"position\":2,\"name\":\"Alquiler de estufas m\u00f3viles\"}]},{\"@type\":\"WebSite\",\"@id\":\"https:\/\/www.polypoles.com\/es\/#website\",\"url\":\"https:\/\/www.polypoles.com\/es\/\",\"name\":\"Polypoles\",\"description\":\"Votre partenaire chaud-froid\",\"publisher\":{\"@id\":\"https:\/\/www.polypoles.com\/es\/#organization\"},\"potentialAction\":[{\"@type\":\"SearchAction\",\"target\":{\"@type\":\"EntryPoint\",\"urlTemplate\":\"https:\/\/www.polypoles.com\/es\/?s={search_term_string}\"},\"query-input\":{\"@type\":\"PropertyValueSpecification\",\"valueRequired\":true,\"valueName\":\"search_term_string\"}}],\"inLanguage\":\"es\"},{\"@type\":\"Organization\",\"@id\":\"https:\/\/www.polypoles.com\/es\/#organization\",\"name\":\"Polypoles\",\"url\":\"https:\/\/www.polypoles.com\/es\/\",\"logo\":{\"@type\":\"ImageObject\",\"inLanguage\":\"es\",\"@id\":\"https:\/\/www.polypoles.com\/es\/#\/schema\/logo\/image\/\",\"url\":\"https:\/\/www.polypoles.com\/wp-content\/uploads\/2024\/06\/base-25-cm-300-DPI-scaled.jpg\",\"contentUrl\":\"https:\/\/www.polypoles.com\/wp-content\/uploads\/2024\/06\/base-25-cm-300-DPI-scaled.jpg\",\"width\":2560,\"height\":497,\"caption\":\"Polypoles\"},\"image\":{\"@id\":\"https:\/\/www.polypoles.com\/es\/#\/schema\/logo\/image\/\"}}]}<\/script>\n<!-- \/ Yoast SEO plugin. -->","yoast_head_json":{"title":"Contrata calefacci\u00f3n m\u00f3vil, \u00a1sal del fr\u00edo con Polypoles!","description":"Alquiler de calefacci\u00f3n m\u00f3vil | Todas las potencias : El\u00e9ctrica-Combustible-Gas. Profesionales a tu servicio. Llama al 0810 020 851 - Presupuesto gratuito","robots":{"index":"index","follow":"follow","max-snippet":"max-snippet:-1","max-image-preview":"max-image-preview:large","max-video-preview":"max-video-preview:-1"},"canonical":"https:\/\/www.polypoles.com\/es\/alquiler-de-estufas-moviles\/","og_locale":"es_ES","og_type":"article","og_title":"Contrata calefacci\u00f3n m\u00f3vil, \u00a1sal del fr\u00edo con Polypoles!","og_description":"Alquiler de calefacci\u00f3n m\u00f3vil | Todas las potencias : El\u00e9ctrica-Combustible-Gas. Profesionales a tu servicio. Llama al 0810 020 851 - Presupuesto gratuito","og_url":"https:\/\/www.polypoles.com\/es\/alquiler-de-estufas-moviles\/","og_site_name":"Polypoles","article_modified_time":"2025-03-10T14:47:53+00:00","og_image":[{"width":400,"height":533,"url":"https:\/\/www.polypoles.com\/wp-content\/uploads\/2020\/10\/location-chauffage-mobile-1-scaled-e1601653765262.jpg","type":"image\/jpeg"}],"twitter_card":"summary_large_image","twitter_misc":{"Tiempo de lectura":"5 minutos"},"schema":{"@context":"https:\/\/schema.org","@graph":[{"@type":"WebPage","@id":"https:\/\/www.polypoles.com\/es\/alquiler-de-estufas-moviles\/","url":"https:\/\/www.polypoles.com\/es\/alquiler-de-estufas-moviles\/","name":"Contrata calefacci\u00f3n m\u00f3vil, \u00a1sal del fr\u00edo con Polypoles!","isPartOf":{"@id":"https:\/\/www.polypoles.com\/es\/#website"},"primaryImageOfPage":{"@id":"https:\/\/www.polypoles.com\/es\/alquiler-de-estufas-moviles\/#primaryimage"},"image":{"@id":"https:\/\/www.polypoles.com\/es\/alquiler-de-estufas-moviles\/#primaryimage"},"thumbnailUrl":"https:\/\/www.polypoles.com\/wp-content\/uploads\/2020\/10\/location-chauffage-mobile-1-scaled-e1601653765262.jpg","datePublished":"2020-10-02T15:38:26+00:00","dateModified":"2025-03-10T14:47:53+00:00","description":"Alquiler de calefacci\u00f3n m\u00f3vil | Todas las potencias : El\u00e9ctrica-Combustible-Gas. Profesionales a tu servicio. Llama al 0810 020 851 - Presupuesto gratuito","breadcrumb":{"@id":"https:\/\/www.polypoles.com\/es\/alquiler-de-estufas-moviles\/#breadcrumb"},"inLanguage":"es","potentialAction":[{"@type":"ReadAction","target":["https:\/\/www.polypoles.com\/es\/alquiler-de-estufas-moviles\/"]}]},{"@type":"ImageObject","inLanguage":"es","@id":"https:\/\/www.polypoles.com\/es\/alquiler-de-estufas-moviles\/#primaryimage","url":"https:\/\/www.polypoles.com\/wp-content\/uploads\/2020\/10\/location-chauffage-mobile-1-scaled-e1601653765262.jpg","contentUrl":"https:\/\/www.polypoles.com\/wp-content\/uploads\/2020\/10\/location-chauffage-mobile-1-scaled-e1601653765262.jpg","width":400,"height":533,"caption":"Alquiler de calefactores el\u00e9ctricos m\u00f3viles para bodegas"},{"@type":"BreadcrumbList","@id":"https:\/\/www.polypoles.com\/es\/alquiler-de-estufas-moviles\/#breadcrumb","itemListElement":[{"@type":"ListItem","position":1,"name":"Home","item":"https:\/\/www.polypoles.com\/es\/"},{"@type":"ListItem","position":2,"name":"Alquiler de estufas m\u00f3viles"}]},{"@type":"WebSite","@id":"https:\/\/www.polypoles.com\/es\/#website","url":"https:\/\/www.polypoles.com\/es\/","name":"Polypoles","description":"Votre partenaire chaud-froid","publisher":{"@id":"https:\/\/www.polypoles.com\/es\/#organization"},"potentialAction":[{"@type":"SearchAction","target":{"@type":"EntryPoint","urlTemplate":"https:\/\/www.polypoles.com\/es\/?s={search_term_string}"},"query-input":{"@type":"PropertyValueSpecification","valueRequired":true,"valueName":"search_term_string"}}],"inLanguage":"es"},{"@type":"Organization","@id":"https:\/\/www.polypoles.com\/es\/#organization","name":"Polypoles","url":"https:\/\/www.polypoles.com\/es\/","logo":{"@type":"ImageObject","inLanguage":"es","@id":"https:\/\/www.polypoles.com\/es\/#\/schema\/logo\/image\/","url":"https:\/\/www.polypoles.com\/wp-content\/uploads\/2024\/06\/base-25-cm-300-DPI-scaled.jpg","contentUrl":"https:\/\/www.polypoles.com\/wp-content\/uploads\/2024\/06\/base-25-cm-300-DPI-scaled.jpg","width":2560,"height":497,"caption":"Polypoles"},"image":{"@id":"https:\/\/www.polypoles.com\/es\/#\/schema\/logo\/image\/"}}]}},"_links":{"self":[{"href":"https:\/\/www.polypoles.com\/es\/wp-json\/wp\/v2\/pages\/25118","targetHints":{"allow":["GET"]}}],"collection":[{"href":"https:\/\/www.polypoles.com\/es\/wp-json\/wp\/v2\/pages"}],"about":[{"href":"https:\/\/www.polypoles.com\/es\/wp-json\/wp\/v2\/types\/page"}],"author":[{"embeddable":true,"href":"https:\/\/www.polypoles.com\/es\/wp-json\/wp\/v2\/users\/1"}],"replies":[{"embeddable":true,"href":"https:\/\/www.polypoles.com\/es\/wp-json\/wp\/v2\/comments?post=25118"}],"version-history":[{"count":15,"href":"https:\/\/www.polypoles.com\/es\/wp-json\/wp\/v2\/pages\/25118\/revisions"}],"predecessor-version":[{"id":27789,"href":"https:\/\/www.polypoles.com\/es\/wp-json\/wp\/v2\/pages\/25118\/revisions\/27789"}],"wp:featuredmedia":[{"embeddable":true,"href":"https:\/\/www.polypoles.com\/es\/wp-json\/wp\/v2\/media\/10055"}],"wp:attachment":[{"href":"https:\/\/www.polypoles.com\/es\/wp-json\/wp\/v2\/media?parent=25118"}],"wp:term":[{"taxonomy":"post_tag","embeddable":true,"href":"https:\/\/www.polypoles.com\/es\/wp-json\/wp\/v2\/tags?post=25118"}],"curies":[{"name":"wp","href":"https:\/\/api.w.org\/{rel}","templated":true}]}}