{"id":25113,"date":"2020-11-19T13:06:12","date_gmt":"2020-11-19T12:06:12","guid":{"rendered":"https:\/\/www.polypoles.com\/noticias\/nuestro-asesoramiento-experto\/"},"modified":"2025-04-18T16:03:43","modified_gmt":"2025-04-18T14:03:43","slug":"nuestro-asesoramiento-experto","status":"publish","type":"page","link":"https:\/\/www.polypoles.com\/es\/noticias\/nuestro-asesoramiento-experto\/","title":{"rendered":"Nuestro asesoramiento experto"},"content":{"rendered":"<div class=\"wpb-content-wrapper\"><p>[vc_row][vc_column el_class=\u00bbblog\u00bb]<div class=\"rs-header-title header-left  \">         \r\n        \t\t<h1 class=\"title\">Nuestro asesoramiento experto<\/h1><\/div>[vc_column_text]No hagas m\u00e1s preguntas sobre calefacci\u00f3n, aire acondicionado y climatizaci\u00f3n, estamos aqu\u00ed para responderlas.<\/p>\n<p>Con 35 a\u00f1os de experiencia, POLYPOLES es una empresa que podr\u00e1 orientarte y asesorarte lo mejor posible sobre la compra o el alquiler de estos productos. Aqu\u00ed tienes algunos consejos y recomendaciones que te ayudar\u00e1n a decidirte por la compra o el alquiler de uno de nuestros productos.[\/vc_column_text][\/vc_column][\/vc_row][vc_row][vc_column][vc_basic_grid post_type=\u00bbpage\u00bb max_items=\u00bb10&#8243; initial_loading_animation=\u00bbnone\u00bb grid_id=\u00bbvc_gid:1709723272635-e28850bc-5f8d-8&#8243; css=\u00bb.vc_custom_1605788812785{background-color: #ffffff !important;border-radius: 25px !important;}\u00bb el_class=\u00bbrealisations\u00bb taxonomies=\u00bb125&#8243;][\/vc_column][\/vc_row]<\/p>\n<\/div>","protected":false},"excerpt":{"rendered":"<p>[vc_row][vc_column el_class=\u00bbblog\u00bb][vc_column_text]No hagas m\u00e1s preguntas sobre calefacci\u00f3n, aire acondicionado y climatizaci\u00f3n, estamos aqu\u00ed para responderlas. Con 35 a\u00f1os de experiencia, POLYPOLES es una empresa que podr\u00e1 orientarte y asesorarte lo mejor posible sobre la compra o el alquiler de estos productos. Aqu\u00ed tienes algunos consejos y recomendaciones que te ayudar\u00e1n a decidirte por la compra&#8230;<\/p>\n","protected":false},"author":1,"featured_media":0,"parent":25048,"menu_order":0,"comment_status":"closed","ping_status":"closed","template":"","meta":{"_acf_changed":false,"footnotes":""},"tags":[],"class_list":["post-25113","page","type-page","status-publish","hentry"],"acf":[],"yoast_head":"<!-- This site is optimized with the Yoast SEO plugin v24.9 - https:\/\/yoast.com\/wordpress\/plugins\/seo\/ -->\n<title>Calefacci\u00f3n-Enfriamiento-Tratamiento del aire y estacionalidad | Polipastos<\/title>\n<meta name=\"description\" content=\"Encontrar\u00e1s nuestro asesoramiento experto en todas las preguntas que tengas sobre calefacci\u00f3n, aire acondicionado y climatizaci\u00f3n.\" \/>\n<meta name=\"robots\" content=\"index, follow, max-snippet:-1, max-image-preview:large, max-video-preview:-1\" \/>\n<link rel=\"canonical\" href=\"https:\/\/www.polypoles.com\/es\/noticias\/nuestro-asesoramiento-experto\/\" \/>\n<meta property=\"og:locale\" content=\"es_ES\" \/>\n<meta property=\"og:type\" content=\"article\" \/>\n<meta property=\"og:title\" content=\"Calefacci\u00f3n-Enfriamiento-Tratamiento del aire y estacionalidad | Polipastos\" \/>\n<meta property=\"og:description\" content=\"Encontrar\u00e1s nuestro asesoramiento experto en todas las preguntas que tengas sobre calefacci\u00f3n, aire acondicionado y climatizaci\u00f3n.\" \/>\n<meta property=\"og:url\" content=\"https:\/\/www.polypoles.com\/es\/noticias\/nuestro-asesoramiento-experto\/\" \/>\n<meta property=\"og:site_name\" content=\"Polypoles\" \/>\n<meta property=\"article:modified_time\" content=\"2025-04-18T14:03:43+00:00\" \/>\n<meta name=\"twitter:card\" content=\"summary_large_image\" \/>\n<meta name=\"twitter:label1\" content=\"Tiempo de lectura\" \/>\n\t<meta name=\"twitter:data1\" content=\"1 minuto\" \/>\n<script type=\"application\/ld+json\" class=\"yoast-schema-graph\">{\"@context\":\"https:\/\/schema.org\",\"@graph\":[{\"@type\":\"WebPage\",\"@id\":\"https:\/\/www.polypoles.com\/es\/noticias\/nuestro-asesoramiento-experto\/\",\"url\":\"https:\/\/www.polypoles.com\/es\/noticias\/nuestro-asesoramiento-experto\/\",\"name\":\"Calefacci\u00f3n-Enfriamiento-Tratamiento del aire y estacionalidad | Polipastos\",\"isPartOf\":{\"@id\":\"https:\/\/www.polypoles.com\/es\/#website\"},\"datePublished\":\"2020-11-19T12:06:12+00:00\",\"dateModified\":\"2025-04-18T14:03:43+00:00\",\"description\":\"Encontrar\u00e1s nuestro asesoramiento experto en todas las preguntas que tengas sobre calefacci\u00f3n, aire acondicionado y climatizaci\u00f3n.\",\"breadcrumb\":{\"@id\":\"https:\/\/www.polypoles.com\/es\/noticias\/nuestro-asesoramiento-experto\/#breadcrumb\"},\"inLanguage\":\"es\",\"potentialAction\":[{\"@type\":\"ReadAction\",\"target\":[\"https:\/\/www.polypoles.com\/es\/noticias\/nuestro-asesoramiento-experto\/\"]}]},{\"@type\":\"BreadcrumbList\",\"@id\":\"https:\/\/www.polypoles.com\/es\/noticias\/nuestro-asesoramiento-experto\/#breadcrumb\",\"itemListElement\":[{\"@type\":\"ListItem\",\"position\":1,\"name\":\"Home\",\"item\":\"https:\/\/www.polypoles.com\/es\/\"},{\"@type\":\"ListItem\",\"position\":2,\"name\":\"Noticias\",\"item\":\"https:\/\/www.polypoles.com\/es\/noticias\/\"},{\"@type\":\"ListItem\",\"position\":3,\"name\":\"Nuestro asesoramiento experto\"}]},{\"@type\":\"WebSite\",\"@id\":\"https:\/\/www.polypoles.com\/es\/#website\",\"url\":\"https:\/\/www.polypoles.com\/es\/\",\"name\":\"Polypoles\",\"description\":\"Votre partenaire chaud-froid\",\"publisher\":{\"@id\":\"https:\/\/www.polypoles.com\/es\/#organization\"},\"potentialAction\":[{\"@type\":\"SearchAction\",\"target\":{\"@type\":\"EntryPoint\",\"urlTemplate\":\"https:\/\/www.polypoles.com\/es\/?s={search_term_string}\"},\"query-input\":{\"@type\":\"PropertyValueSpecification\",\"valueRequired\":true,\"valueName\":\"search_term_string\"}}],\"inLanguage\":\"es\"},{\"@type\":\"Organization\",\"@id\":\"https:\/\/www.polypoles.com\/es\/#organization\",\"name\":\"Polypoles\",\"url\":\"https:\/\/www.polypoles.com\/es\/\",\"logo\":{\"@type\":\"ImageObject\",\"inLanguage\":\"es\",\"@id\":\"https:\/\/www.polypoles.com\/es\/#\/schema\/logo\/image\/\",\"url\":\"https:\/\/www.polypoles.com\/wp-content\/uploads\/2024\/06\/base-25-cm-300-DPI-scaled.jpg\",\"contentUrl\":\"https:\/\/www.polypoles.com\/wp-content\/uploads\/2024\/06\/base-25-cm-300-DPI-scaled.jpg\",\"width\":2560,\"height\":497,\"caption\":\"Polypoles\"},\"image\":{\"@id\":\"https:\/\/www.polypoles.com\/es\/#\/schema\/logo\/image\/\"}}]}<\/script>\n<!-- \/ Yoast SEO plugin. -->","yoast_head_json":{"title":"Calefacci\u00f3n-Enfriamiento-Tratamiento del aire y estacionalidad | Polipastos","description":"Encontrar\u00e1s nuestro asesoramiento experto en todas las preguntas que tengas sobre calefacci\u00f3n, aire acondicionado y climatizaci\u00f3n.","robots":{"index":"index","follow":"follow","max-snippet":"max-snippet:-1","max-image-preview":"max-image-preview:large","max-video-preview":"max-video-preview:-1"},"canonical":"https:\/\/www.polypoles.com\/es\/noticias\/nuestro-asesoramiento-experto\/","og_locale":"es_ES","og_type":"article","og_title":"Calefacci\u00f3n-Enfriamiento-Tratamiento del aire y estacionalidad | Polipastos","og_description":"Encontrar\u00e1s nuestro asesoramiento experto en todas las preguntas que tengas sobre calefacci\u00f3n, aire acondicionado y climatizaci\u00f3n.","og_url":"https:\/\/www.polypoles.com\/es\/noticias\/nuestro-asesoramiento-experto\/","og_site_name":"Polypoles","article_modified_time":"2025-04-18T14:03:43+00:00","twitter_card":"summary_large_image","twitter_misc":{"Tiempo de lectura":"1 minuto"},"schema":{"@context":"https:\/\/schema.org","@graph":[{"@type":"WebPage","@id":"https:\/\/www.polypoles.com\/es\/noticias\/nuestro-asesoramiento-experto\/","url":"https:\/\/www.polypoles.com\/es\/noticias\/nuestro-asesoramiento-experto\/","name":"Calefacci\u00f3n-Enfriamiento-Tratamiento del aire y estacionalidad | Polipastos","isPartOf":{"@id":"https:\/\/www.polypoles.com\/es\/#website"},"datePublished":"2020-11-19T12:06:12+00:00","dateModified":"2025-04-18T14:03:43+00:00","description":"Encontrar\u00e1s nuestro asesoramiento experto en todas las preguntas que tengas sobre calefacci\u00f3n, aire acondicionado y climatizaci\u00f3n.","breadcrumb":{"@id":"https:\/\/www.polypoles.com\/es\/noticias\/nuestro-asesoramiento-experto\/#breadcrumb"},"inLanguage":"es","potentialAction":[{"@type":"ReadAction","target":["https:\/\/www.polypoles.com\/es\/noticias\/nuestro-asesoramiento-experto\/"]}]},{"@type":"BreadcrumbList","@id":"https:\/\/www.polypoles.com\/es\/noticias\/nuestro-asesoramiento-experto\/#breadcrumb","itemListElement":[{"@type":"ListItem","position":1,"name":"Home","item":"https:\/\/www.polypoles.com\/es\/"},{"@type":"ListItem","position":2,"name":"Noticias","item":"https:\/\/www.polypoles.com\/es\/noticias\/"},{"@type":"ListItem","position":3,"name":"Nuestro asesoramiento experto"}]},{"@type":"WebSite","@id":"https:\/\/www.polypoles.com\/es\/#website","url":"https:\/\/www.polypoles.com\/es\/","name":"Polypoles","description":"Votre partenaire chaud-froid","publisher":{"@id":"https:\/\/www.polypoles.com\/es\/#organization"},"potentialAction":[{"@type":"SearchAction","target":{"@type":"EntryPoint","urlTemplate":"https:\/\/www.polypoles.com\/es\/?s={search_term_string}"},"query-input":{"@type":"PropertyValueSpecification","valueRequired":true,"valueName":"search_term_string"}}],"inLanguage":"es"},{"@type":"Organization","@id":"https:\/\/www.polypoles.com\/es\/#organization","name":"Polypoles","url":"https:\/\/www.polypoles.com\/es\/","logo":{"@type":"ImageObject","inLanguage":"es","@id":"https:\/\/www.polypoles.com\/es\/#\/schema\/logo\/image\/","url":"https:\/\/www.polypoles.com\/wp-content\/uploads\/2024\/06\/base-25-cm-300-DPI-scaled.jpg","contentUrl":"https:\/\/www.polypoles.com\/wp-content\/uploads\/2024\/06\/base-25-cm-300-DPI-scaled.jpg","width":2560,"height":497,"caption":"Polypoles"},"image":{"@id":"https:\/\/www.polypoles.com\/es\/#\/schema\/logo\/image\/"}}]}},"_links":{"self":[{"href":"https:\/\/www.polypoles.com\/es\/wp-json\/wp\/v2\/pages\/25113","targetHints":{"allow":["GET"]}}],"collection":[{"href":"https:\/\/www.polypoles.com\/es\/wp-json\/wp\/v2\/pages"}],"about":[{"href":"https:\/\/www.polypoles.com\/es\/wp-json\/wp\/v2\/types\/page"}],"author":[{"embeddable":true,"href":"https:\/\/www.polypoles.com\/es\/wp-json\/wp\/v2\/users\/1"}],"replies":[{"embeddable":true,"href":"https:\/\/www.polypoles.com\/es\/wp-json\/wp\/v2\/comments?post=25113"}],"version-history":[{"count":11,"href":"https:\/\/www.polypoles.com\/es\/wp-json\/wp\/v2\/pages\/25113\/revisions"}],"predecessor-version":[{"id":29217,"href":"https:\/\/www.polypoles.com\/es\/wp-json\/wp\/v2\/pages\/25113\/revisions\/29217"}],"up":[{"embeddable":true,"href":"https:\/\/www.polypoles.com\/es\/wp-json\/wp\/v2\/pages\/25048"}],"wp:attachment":[{"href":"https:\/\/www.polypoles.com\/es\/wp-json\/wp\/v2\/media?parent=25113"}],"wp:term":[{"taxonomy":"post_tag","embeddable":true,"href":"https:\/\/www.polypoles.com\/es\/wp-json\/wp\/v2\/tags?post=25113"}],"curies":[{"name":"wp","href":"https:\/\/api.w.org\/{rel}","templated":true}]}}