{"id":25100,"date":"2020-10-01T13:18:53","date_gmt":"2020-10-01T11:18:53","guid":{"rendered":"https:\/\/www.polypoles.com\/por-que-desestratificar\/"},"modified":"2025-06-03T12:21:58","modified_gmt":"2025-06-03T10:21:58","slug":"por-que-desestratificar","status":"publish","type":"page","link":"https:\/\/www.polypoles.com\/es\/noticias\/nuestro-asesoramiento-experto\/por-que-desestratificar\/","title":{"rendered":"\u00bfPor qu\u00e9 desestratificar?"},"content":{"rendered":"<div class=\"wpb-content-wrapper\"><p>[vc_row el_class=\u00bbrealisations\u00bb][vc_column el_class=\u00bbblog\u00bb]<div class=\"rs-header-title header-center  \">         \r\n        \t\t<h1 class=\"title\">\u00bfQu\u00e9 es el retardo? \u00bfY por qu\u00e9 es \u00fatil? <\/h1><\/div>[vc_column_text css=\u00bb\u00bb]<\/p>\n<blockquote><p><span style=\"color: #808080;\"><strong data-start=\"26\" data-end=\"56\">Actualizado el 4 de abril de 2023<\/strong><\/span><\/p><\/blockquote>\n<p>[\/vc_column_text][\/vc_column][\/vc_row][vc_row][vc_column]\r\n        <div class=\"rs-heading    \">\r\n        \t<div class=\"title-inner\">\r\n        \t\t\r\n\t            \r\n\t            <h2 class=\"title \">El destratificador es una importante medida de ahorro en tu consumo de calefacci\u00f3n<\/h2>\r\n\t        <\/div><\/div>[vc_column_text]<a href=\"https:\/\/www.polypoles.com\/es\/categorie-produit\/tratamiento-del-aire\/destructor\/\">Los destratificadores de<\/a> aire se utilizan cada vez m\u00e1s en la industria, porque pueden ahorrar hasta un 30% en costes de calefacci\u00f3n, y adem\u00e1s proporcionan confort en las estancias caldeadas al homogeneizar el aire mediante sus aspas de ventilador, que garantizan una buena proporci\u00f3n de mezcla.<br \/>\nTambi\u00e9n son una forma ecol\u00f3gica de hacer frente a la p\u00e9rdida de energ\u00eda. Dado el aumento del coste de la electricidad, esta instalaci\u00f3n se amortiza r\u00e1pidamente. Los destratificadores industriales disponen de la prima CEE. Vamos a presentarte este <a href=\"https:\/\/www.polypoles.com\/es\/categorie-produit\/calefaccion\/desestratificadores-industriales\/\">destratificador<\/a> industrial, un aparato poco conocido por el gran p\u00fablico, pero cada vez m\u00e1s popular entre los fabricantes.   <\/p>\n<h2>\u00bfQu\u00e9 es un destratificador?<\/h2>\n<p>Un destratificador de aire es un dispositivo de ventilaci\u00f3n que se utiliza para ahorrar energ\u00eda y mantener bajo el calor. El destratificador de aire es muy \u00fatil cuando la altura del techo es elevada. (techos superiores o al menos iguales a 2 m50). El destratificador consigue una tasa de mezcla \u00f3ptima en un sistema de calefacci\u00f3n de aire forzado. Este equipo est\u00e1 formado por un ventilador heliocoil con rejillas de impulsi\u00f3n con paletas regulables (peque\u00f1as aspas). Este ventilador est\u00e1 equipado con un sensor isot\u00e9rmico y un termostato integrado y cableado que regula la velocidad para garantizar una mezcla adecuada del aire.[\/vc_column_text][vc_row_inner content_placement=\u00bbmiddle\u00bb][vc_column_inner width=\u00bb1\/2&#8243;][vc_single_image image=\u00bb9348&#8243; alignment=\u00bbright\u00bb][\/vc_column_inner][vc_column_inner width=\u00bb1\/2&#8243;][vc_single_image image=\u00bb9420&#8243;][\/vc_column_inner][\/vc_row_inner][vc_column_text]<\/p>\n<p style=\"text-align: center;\"><span style=\"color: #c63527;\"><em>2 ejemplos de destratificadores<\/em><\/span><\/p>\n<p>[\/vc_column_text][vc_column_text]<\/p>\n<h2>\u00bfCu\u00e1l es la funci\u00f3n de un destratificador de aire?<\/h2>\n<p><iframe loading=\"lazy\" title=\"SYSTEME FLOWAIR POLYPOLES\" width=\"640\" height=\"360\" src=\"https:\/\/www.youtube.com\/embed\/GXhWHiPqZm0?feature=oembed\" frameborder=\"0\" allow=\"accelerometer; autoplay; clipboard-write; encrypted-media; gyroscope; picture-in-picture; web-share\" referrerpolicy=\"strict-origin-when-cross-origin\" allowfullscreen><\/iframe><\/p>\n<p>El destratificador optimiza el consumo de energ\u00eda reduci\u00e9ndolo. No debe confundirse con un simple ventilador. Este sistema se utiliza sobre todo en entornos industriales, especialmente en invierno.  <\/p>\n<h2>\u00bfCu\u00e1l es el proceso?<\/h2>\n<p>Por ejemplo, en una habitaci\u00f3n grande con calefacci\u00f3n, el aire se estratifica de distintas formas seg\u00fan su temperatura. El aire caliente es m\u00e1s ligero que el fr\u00edo, por lo que queda atrapado m\u00e1s arriba, intercambiando calor con el techo. Las diferencias de temperatura pueden llegar a ser de 1 \u00b0C por metro de altura, y de 1,5 \u00b0C para techos de m\u00e1s de 4 m de altura.<br \/>\nPor ejemplo, en una sala industrial de 10 m de altura y calentada a 15 \u00b0C, \u00a1podr\u00edas tener aire caliente a 25 \u00b0C bajo el techo!  <\/p>\n<p>Los destratificadores, colocados bajo el techo y distribuidos uniformemente por la habitaci\u00f3n, se activar\u00e1n en cuanto el aire caliente suba por debajo del techo y remover\u00e1n continuamente este aire caliente, haci\u00e9ndolo descender hacia el suelo. As\u00ed ahorramos dinero al recuperar el aire caliente que de otro modo se perder\u00eda.<br \/>\nLos destratificadores son, por tanto, extremadamente \u00fatiles y recomendables para grandes edificios, talleres, hangares, estructuras como supermercados, edificios sagrados, gimnasios, refectorios, vest\u00edbulos, naves industriales, etc. <\/p>\n<p>El destratificador permite responder a una pol\u00edtica medioambiental cada vez m\u00e1s demandada por los fabricantes. No s\u00f3lo recuperando las p\u00e9rdidas de energ\u00eda, sino tambi\u00e9n reduciendo las emisiones de CO2. <\/p>\n<h2>Hay dos tipos de destratificadores industriales:<\/h2>\n<ul>\n<li>Los destratificadores con termostato electromec\u00e1nico se ajustan autom\u00e1ticamente a un punto de consigna determinado. Por ejemplo, si el punto de ajuste de la habitaci\u00f3n es de 12 \u00b0C y el destratificador est\u00e1 colocado a 6 m del suelo, es aconsejable ajustar el termostato a unos 16 \u00b0C. <\/li>\n<li>Desestratificadores con termostato electr\u00f3nico tipo PT-100, presentes en toda la gama Flowair. Su punto de consigna se ajusta mediante la caja T. Esta soluci\u00f3n es mucho m\u00e1s fina y puede ajustarse seg\u00fan las necesidades.  <\/li>\n<\/ul>\n<p>Instalaci\u00f3n de los destratificadores de aire:<br \/>\nGeneralmente est\u00e1n suspendidos por cables a unos 2\/3 de su altura. Se alquila una g\u00f3ndola para instalarlos. Generalmente se instalan de forma permanente.  <\/p>\n<h2>\u00bfQu\u00e9 tipo de destratificador debes elegir para la industria?<\/h2>\n<p>Los ventiladores para uso profesional o industrial son m\u00e1s caros que los de uso dom\u00e9stico. Esto se debe a que el sistema de destratificaci\u00f3n es diferente. No se trata de un simple ventilador de rotaci\u00f3n lenta.<br \/>\nEl caudal de aire de los destratificadores industriales es mayor y la direcci\u00f3n del flujo de aire se controla mediante paletas ajustables. El caudal de aire se expresa en m3\/h.<br \/>\nA continuaci\u00f3n, calculamos la relaci\u00f3n de mezcla necesaria. Debe estar en torno a 3 para ser eficaz. Para calcularla, divide el caudal de aire por el volumen de la sala.<br \/>\nTambi\u00e9n se recomienda un termostato y un regulador de velocidad, si no es necesario. Para grandes vol\u00famenes, recomendamos encarecidamente el mando a distancia TBOX (dom\u00f3tica inteligente), que es una fuente de ajuste preciso y, por tanto, de optimizaci\u00f3n en la gesti\u00f3n energ\u00e9tica.      <\/p>\n<p>Ponte en contacto con polypoles para presentar tu proyecto. Nuestra oficina de dise\u00f1o y nuestro personal t\u00e9cnico de ventas responder\u00e1n con precisi\u00f3n a tus necesidades.[\/vc_column_text][\/vc_column][\/vc_row][vc_row][vc_column][vc_column_text]Hemos instalado varios destratificadores. El objetivo en estos casos es reducir los costes de calefacci\u00f3n. Hemos recibido comentarios positivos tanto sobre nuestras instalaciones como sobre nuestros productos.    <strong>Nuestros t\u00e9cnicos son aut\u00e9nticos profesionales que saben lo que hacen.<\/strong><\/p>\n<h2>He aqu\u00ed algunos ejemplos.<\/h2>\n<p>[\/vc_column_text][vc_gallery type=\u00bbimage_grid\u00bb images=\u00bb18097,18094,18095&#8243; img_size=\u00bb400&#215;250&#8243;][\/vc_column][\/vc_row][vc_row][vc_column][vc_column_text]<\/p>\n<h2>Nuestros desestratificadores<\/h2>\n<p>[\/vc_column_text]<div class=\"woocommerce columns-5 \"><ul class=\"products columns-5\">\n<li class=\"product type-product post-24330 status-publish first instock product_cat-desestratificadores-industriales product_cat-destructor product_cat-tratamiento-del-aire has-post-thumbnail taxable shipping-taxable product-type-simple\">\n\t<div class=\"product-list\">\n \t<div class=\"single-details\">\n \t\t<div class=\"images-product\">\n\t\t\t<a href=\"https:\/\/www.polypoles.com\/es\/produit\/desestratificador-leo-d-1900-a-7200-m3-h\/\"><img loading=\"lazy\" decoding=\"async\" width=\"295\" height=\"295\" src=\"https:\/\/www.polypoles.com\/wp-content\/uploads\/2020\/06\/LEOD3.jpg\" class=\"attachment-shop_catalog size-shop_catalog wp-post-image\" alt=\"\" srcset=\"https:\/\/www.polypoles.com\/wp-content\/uploads\/2020\/06\/LEOD3.jpg 295w, https:\/\/www.polypoles.com\/wp-content\/uploads\/2020\/06\/LEOD3-150x150.jpg 150w, https:\/\/www.polypoles.com\/wp-content\/uploads\/2020\/06\/LEOD3-100x100.jpg 100w\" sizes=\"auto, (max-width: 295px) 100vw, 295px\" \/><\/a>\t\t<\/div>\n\t<\/div>\n<\/div><h2 class=\"woocommerce-loop-product__title\"><a href=\"https:\/\/www.polypoles.com\/es\/produit\/desestratificador-leo-d-1900-a-7200-m3-h\/\">Desestratificador LEO D (1900 a 7200 m3\/h)<\/a><\/h2>\n<\/li>\n<li class=\"product type-product post-25463 status-publish instock product_cat-desestratificadores-industriales product_cat-destructor product_cat-tratamiento-del-aire has-post-thumbnail taxable shipping-taxable product-type-simple\">\n\t<div class=\"product-list\">\n \t<div class=\"single-details\">\n \t\t<div class=\"images-product\">\n\t\t\t<a href=\"https:\/\/www.polypoles.com\/es\/produit\/desestratificador-zephir\/\"><img loading=\"lazy\" decoding=\"async\" width=\"300\" height=\"300\" src=\"https:\/\/www.polypoles.com\/wp-content\/uploads\/2020\/06\/zephir-300x300.jpg\" class=\"attachment-shop_catalog size-shop_catalog wp-post-image\" alt=\"\" srcset=\"https:\/\/www.polypoles.com\/wp-content\/uploads\/2020\/06\/zephir-300x300.jpg 300w, https:\/\/www.polypoles.com\/wp-content\/uploads\/2020\/06\/zephir-150x150.jpg 150w, https:\/\/www.polypoles.com\/wp-content\/uploads\/2020\/06\/zephir-100x100.jpg 100w, https:\/\/www.polypoles.com\/wp-content\/uploads\/2020\/06\/zephir.jpg 600w\" sizes=\"auto, (max-width: 300px) 100vw, 300px\" \/><\/a>\t\t<\/div>\n\t<\/div>\n<\/div><h2 class=\"woocommerce-loop-product__title\"><a href=\"https:\/\/www.polypoles.com\/es\/produit\/desestratificador-zephir\/\">Desestratificador Zephir (de 250 a 400 W)<\/a><\/h2>\n<\/li>\n<\/ul>\n<\/div>[\/vc_column][\/vc_row][vc_row css=\u00bb.vc_custom_1748601067112{border-top-width: 2px !important;border-right-width: 2px !important;border-bottom-width: 2px !important;border-left-width: 2px !important;border-left-style: solid !important;border-right-style: solid !important;border-top-style: solid !important;border-bottom-style: solid !important;border-radius: 5px !important;border-color: #E7E7E7 !important;}\u00bb][vc_column][vc_row_inner][vc_column_inner width=\u00bb1\/6&#8243;][vc_single_image image=\u00bb30195&#8243; img_size=\u00bb200*200&#8243; add_caption=\u00bbyes\u00bb alignment=\u00bbcenter\u00bb style=\u00bbvc_box_circle_2&#8243; css=\u00bb\u00bb][\/vc_column_inner][vc_column_inner width=\u00bb5\/6&#8243;][vc_column_text css=\u00bb\u00bb]<\/p>\n<h2 class=\"about-author\"><em><strong>Sobre el autor<\/strong><\/em><\/h2>\n<h2><span style=\"color: #009cde;\"><strong>Pierre Perrinet<\/strong><\/span><\/h2>\n<p>Ingeniero de Arts et M\u00e9tiers, gerente y presidente de Polypoles desde hace m\u00e1s de 25 a\u00f1os, experto en climatizaci\u00f3n, calefacci\u00f3n, ventilaci\u00f3n y tratamiento del aire.[\/vc_column_text][\/vc_column_inner][\/vc_row_inner][\/vc_column][\/vc_row]<\/p>\n<\/div>","protected":false},"excerpt":{"rendered":"<p>\u00bfQu\u00e9 es un destratificador de aire? \u00bfQu\u00e9 hace? Polypoles tiene las respuestas.  <\/p>\n","protected":false},"author":1,"featured_media":12368,"parent":25113,"menu_order":0,"comment_status":"closed","ping_status":"closed","template":"","meta":{"_acf_changed":false,"footnotes":""},"tags":[234,235],"class_list":["post-25100","page","type-page","status-publish","has-post-thumbnail","hentry","tag-noticias","tag-noticias-es"],"acf":[],"yoast_head":"<!-- This site is optimized with the Yoast SEO plugin v24.9 - https:\/\/yoast.com\/wordpress\/plugins\/seo\/ -->\n<title>Desestratificadores de aire - C\u00f3mo usarlos e instalarlos<\/title>\n<meta name=\"description\" content=\"Polypoles, profesional de la calefacci\u00f3n industrial, explica c\u00f3mo un destratificador de aire puede reducir la p\u00e9rdida de calor en grandes locales.\" \/>\n<meta name=\"robots\" content=\"index, follow, max-snippet:-1, max-image-preview:large, max-video-preview:-1\" \/>\n<link rel=\"canonical\" href=\"https:\/\/www.polypoles.com\/es\/noticias\/nuestro-asesoramiento-experto\/por-que-desestratificar\/\" \/>\n<meta property=\"og:locale\" content=\"es_ES\" \/>\n<meta property=\"og:type\" content=\"article\" \/>\n<meta property=\"og:title\" content=\"Desestratificadores de aire - C\u00f3mo usarlos e instalarlos\" \/>\n<meta property=\"og:description\" content=\"Polypoles, profesional de la calefacci\u00f3n industrial, explica c\u00f3mo un destratificador de aire puede reducir la p\u00e9rdida de calor en grandes locales.\" \/>\n<meta property=\"og:url\" content=\"https:\/\/www.polypoles.com\/es\/noticias\/nuestro-asesoramiento-experto\/por-que-desestratificar\/\" \/>\n<meta property=\"og:site_name\" content=\"Polypoles\" \/>\n<meta property=\"article:modified_time\" content=\"2025-06-03T10:21:58+00:00\" \/>\n<meta property=\"og:image\" content=\"https:\/\/www.polypoles.com\/wp-content\/uploads\/2021\/04\/Destrificateur.jpg\" \/>\n\t<meta property=\"og:image:width\" content=\"1080\" \/>\n\t<meta property=\"og:image:height\" content=\"1080\" \/>\n\t<meta property=\"og:image:type\" content=\"image\/jpeg\" \/>\n<meta name=\"twitter:card\" content=\"summary_large_image\" \/>\n<meta name=\"twitter:label1\" content=\"Tiempo de lectura\" \/>\n\t<meta name=\"twitter:data1\" content=\"6 minutos\" \/>\n<script type=\"application\/ld+json\" class=\"yoast-schema-graph\">{\"@context\":\"https:\/\/schema.org\",\"@graph\":[{\"@type\":\"WebPage\",\"@id\":\"https:\/\/www.polypoles.com\/es\/noticias\/nuestro-asesoramiento-experto\/por-que-desestratificar\/\",\"url\":\"https:\/\/www.polypoles.com\/es\/noticias\/nuestro-asesoramiento-experto\/por-que-desestratificar\/\",\"name\":\"Desestratificadores de aire - C\u00f3mo usarlos e instalarlos\",\"isPartOf\":{\"@id\":\"https:\/\/www.polypoles.com\/es\/#website\"},\"primaryImageOfPage\":{\"@id\":\"https:\/\/www.polypoles.com\/es\/noticias\/nuestro-asesoramiento-experto\/por-que-desestratificar\/#primaryimage\"},\"image\":{\"@id\":\"https:\/\/www.polypoles.com\/es\/noticias\/nuestro-asesoramiento-experto\/por-que-desestratificar\/#primaryimage\"},\"thumbnailUrl\":\"https:\/\/www.polypoles.com\/wp-content\/uploads\/2021\/04\/Destrificateur.jpg\",\"datePublished\":\"2020-10-01T11:18:53+00:00\",\"dateModified\":\"2025-06-03T10:21:58+00:00\",\"description\":\"Polypoles, profesional de la calefacci\u00f3n industrial, explica c\u00f3mo un destratificador de aire puede reducir la p\u00e9rdida de calor en grandes locales.\",\"breadcrumb\":{\"@id\":\"https:\/\/www.polypoles.com\/es\/noticias\/nuestro-asesoramiento-experto\/por-que-desestratificar\/#breadcrumb\"},\"inLanguage\":\"es\",\"potentialAction\":[{\"@type\":\"ReadAction\",\"target\":[\"https:\/\/www.polypoles.com\/es\/noticias\/nuestro-asesoramiento-experto\/por-que-desestratificar\/\"]}]},{\"@type\":\"ImageObject\",\"inLanguage\":\"es\",\"@id\":\"https:\/\/www.polypoles.com\/es\/noticias\/nuestro-asesoramiento-experto\/por-que-desestratificar\/#primaryimage\",\"url\":\"https:\/\/www.polypoles.com\/wp-content\/uploads\/2021\/04\/Destrificateur.jpg\",\"contentUrl\":\"https:\/\/www.polypoles.com\/wp-content\/uploads\/2021\/04\/Destrificateur.jpg\",\"width\":1080,\"height\":1080},{\"@type\":\"BreadcrumbList\",\"@id\":\"https:\/\/www.polypoles.com\/es\/noticias\/nuestro-asesoramiento-experto\/por-que-desestratificar\/#breadcrumb\",\"itemListElement\":[{\"@type\":\"ListItem\",\"position\":1,\"name\":\"Home\",\"item\":\"https:\/\/www.polypoles.com\/es\/\"},{\"@type\":\"ListItem\",\"position\":2,\"name\":\"Noticias\",\"item\":\"https:\/\/www.polypoles.com\/es\/noticias\/\"},{\"@type\":\"ListItem\",\"position\":3,\"name\":\"Nuestro asesoramiento experto\",\"item\":\"https:\/\/www.polypoles.com\/es\/noticias\/nuestro-asesoramiento-experto\/\"},{\"@type\":\"ListItem\",\"position\":4,\"name\":\"\u00bfPor qu\u00e9 desestratificar?\"}]},{\"@type\":\"WebSite\",\"@id\":\"https:\/\/www.polypoles.com\/es\/#website\",\"url\":\"https:\/\/www.polypoles.com\/es\/\",\"name\":\"Polypoles\",\"description\":\"Votre partenaire chaud-froid\",\"publisher\":{\"@id\":\"https:\/\/www.polypoles.com\/es\/#organization\"},\"potentialAction\":[{\"@type\":\"SearchAction\",\"target\":{\"@type\":\"EntryPoint\",\"urlTemplate\":\"https:\/\/www.polypoles.com\/es\/?s={search_term_string}\"},\"query-input\":{\"@type\":\"PropertyValueSpecification\",\"valueRequired\":true,\"valueName\":\"search_term_string\"}}],\"inLanguage\":\"es\"},{\"@type\":\"Organization\",\"@id\":\"https:\/\/www.polypoles.com\/es\/#organization\",\"name\":\"Polypoles\",\"url\":\"https:\/\/www.polypoles.com\/es\/\",\"logo\":{\"@type\":\"ImageObject\",\"inLanguage\":\"es\",\"@id\":\"https:\/\/www.polypoles.com\/es\/#\/schema\/logo\/image\/\",\"url\":\"https:\/\/www.polypoles.com\/wp-content\/uploads\/2024\/06\/base-25-cm-300-DPI-scaled.jpg\",\"contentUrl\":\"https:\/\/www.polypoles.com\/wp-content\/uploads\/2024\/06\/base-25-cm-300-DPI-scaled.jpg\",\"width\":2560,\"height\":497,\"caption\":\"Polypoles\"},\"image\":{\"@id\":\"https:\/\/www.polypoles.com\/es\/#\/schema\/logo\/image\/\"}}]}<\/script>\n<!-- \/ Yoast SEO plugin. -->","yoast_head_json":{"title":"Desestratificadores de aire - C\u00f3mo usarlos e instalarlos","description":"Polypoles, profesional de la calefacci\u00f3n industrial, explica c\u00f3mo un destratificador de aire puede reducir la p\u00e9rdida de calor en grandes locales.","robots":{"index":"index","follow":"follow","max-snippet":"max-snippet:-1","max-image-preview":"max-image-preview:large","max-video-preview":"max-video-preview:-1"},"canonical":"https:\/\/www.polypoles.com\/es\/noticias\/nuestro-asesoramiento-experto\/por-que-desestratificar\/","og_locale":"es_ES","og_type":"article","og_title":"Desestratificadores de aire - C\u00f3mo usarlos e instalarlos","og_description":"Polypoles, profesional de la calefacci\u00f3n industrial, explica c\u00f3mo un destratificador de aire puede reducir la p\u00e9rdida de calor en grandes locales.","og_url":"https:\/\/www.polypoles.com\/es\/noticias\/nuestro-asesoramiento-experto\/por-que-desestratificar\/","og_site_name":"Polypoles","article_modified_time":"2025-06-03T10:21:58+00:00","og_image":[{"width":1080,"height":1080,"url":"https:\/\/www.polypoles.com\/wp-content\/uploads\/2021\/04\/Destrificateur.jpg","type":"image\/jpeg"}],"twitter_card":"summary_large_image","twitter_misc":{"Tiempo de lectura":"6 minutos"},"schema":{"@context":"https:\/\/schema.org","@graph":[{"@type":"WebPage","@id":"https:\/\/www.polypoles.com\/es\/noticias\/nuestro-asesoramiento-experto\/por-que-desestratificar\/","url":"https:\/\/www.polypoles.com\/es\/noticias\/nuestro-asesoramiento-experto\/por-que-desestratificar\/","name":"Desestratificadores de aire - C\u00f3mo usarlos e instalarlos","isPartOf":{"@id":"https:\/\/www.polypoles.com\/es\/#website"},"primaryImageOfPage":{"@id":"https:\/\/www.polypoles.com\/es\/noticias\/nuestro-asesoramiento-experto\/por-que-desestratificar\/#primaryimage"},"image":{"@id":"https:\/\/www.polypoles.com\/es\/noticias\/nuestro-asesoramiento-experto\/por-que-desestratificar\/#primaryimage"},"thumbnailUrl":"https:\/\/www.polypoles.com\/wp-content\/uploads\/2021\/04\/Destrificateur.jpg","datePublished":"2020-10-01T11:18:53+00:00","dateModified":"2025-06-03T10:21:58+00:00","description":"Polypoles, profesional de la calefacci\u00f3n industrial, explica c\u00f3mo un destratificador de aire puede reducir la p\u00e9rdida de calor en grandes locales.","breadcrumb":{"@id":"https:\/\/www.polypoles.com\/es\/noticias\/nuestro-asesoramiento-experto\/por-que-desestratificar\/#breadcrumb"},"inLanguage":"es","potentialAction":[{"@type":"ReadAction","target":["https:\/\/www.polypoles.com\/es\/noticias\/nuestro-asesoramiento-experto\/por-que-desestratificar\/"]}]},{"@type":"ImageObject","inLanguage":"es","@id":"https:\/\/www.polypoles.com\/es\/noticias\/nuestro-asesoramiento-experto\/por-que-desestratificar\/#primaryimage","url":"https:\/\/www.polypoles.com\/wp-content\/uploads\/2021\/04\/Destrificateur.jpg","contentUrl":"https:\/\/www.polypoles.com\/wp-content\/uploads\/2021\/04\/Destrificateur.jpg","width":1080,"height":1080},{"@type":"BreadcrumbList","@id":"https:\/\/www.polypoles.com\/es\/noticias\/nuestro-asesoramiento-experto\/por-que-desestratificar\/#breadcrumb","itemListElement":[{"@type":"ListItem","position":1,"name":"Home","item":"https:\/\/www.polypoles.com\/es\/"},{"@type":"ListItem","position":2,"name":"Noticias","item":"https:\/\/www.polypoles.com\/es\/noticias\/"},{"@type":"ListItem","position":3,"name":"Nuestro asesoramiento experto","item":"https:\/\/www.polypoles.com\/es\/noticias\/nuestro-asesoramiento-experto\/"},{"@type":"ListItem","position":4,"name":"\u00bfPor qu\u00e9 desestratificar?"}]},{"@type":"WebSite","@id":"https:\/\/www.polypoles.com\/es\/#website","url":"https:\/\/www.polypoles.com\/es\/","name":"Polypoles","description":"Votre partenaire chaud-froid","publisher":{"@id":"https:\/\/www.polypoles.com\/es\/#organization"},"potentialAction":[{"@type":"SearchAction","target":{"@type":"EntryPoint","urlTemplate":"https:\/\/www.polypoles.com\/es\/?s={search_term_string}"},"query-input":{"@type":"PropertyValueSpecification","valueRequired":true,"valueName":"search_term_string"}}],"inLanguage":"es"},{"@type":"Organization","@id":"https:\/\/www.polypoles.com\/es\/#organization","name":"Polypoles","url":"https:\/\/www.polypoles.com\/es\/","logo":{"@type":"ImageObject","inLanguage":"es","@id":"https:\/\/www.polypoles.com\/es\/#\/schema\/logo\/image\/","url":"https:\/\/www.polypoles.com\/wp-content\/uploads\/2024\/06\/base-25-cm-300-DPI-scaled.jpg","contentUrl":"https:\/\/www.polypoles.com\/wp-content\/uploads\/2024\/06\/base-25-cm-300-DPI-scaled.jpg","width":2560,"height":497,"caption":"Polypoles"},"image":{"@id":"https:\/\/www.polypoles.com\/es\/#\/schema\/logo\/image\/"}}]}},"_links":{"self":[{"href":"https:\/\/www.polypoles.com\/es\/wp-json\/wp\/v2\/pages\/25100","targetHints":{"allow":["GET"]}}],"collection":[{"href":"https:\/\/www.polypoles.com\/es\/wp-json\/wp\/v2\/pages"}],"about":[{"href":"https:\/\/www.polypoles.com\/es\/wp-json\/wp\/v2\/types\/page"}],"author":[{"embeddable":true,"href":"https:\/\/www.polypoles.com\/es\/wp-json\/wp\/v2\/users\/1"}],"replies":[{"embeddable":true,"href":"https:\/\/www.polypoles.com\/es\/wp-json\/wp\/v2\/comments?post=25100"}],"version-history":[{"count":8,"href":"https:\/\/www.polypoles.com\/es\/wp-json\/wp\/v2\/pages\/25100\/revisions"}],"predecessor-version":[{"id":30312,"href":"https:\/\/www.polypoles.com\/es\/wp-json\/wp\/v2\/pages\/25100\/revisions\/30312"}],"up":[{"embeddable":true,"href":"https:\/\/www.polypoles.com\/es\/wp-json\/wp\/v2\/pages\/25113"}],"wp:featuredmedia":[{"embeddable":true,"href":"https:\/\/www.polypoles.com\/es\/wp-json\/wp\/v2\/media\/12368"}],"wp:attachment":[{"href":"https:\/\/www.polypoles.com\/es\/wp-json\/wp\/v2\/media?parent=25100"}],"wp:term":[{"taxonomy":"post_tag","embeddable":true,"href":"https:\/\/www.polypoles.com\/es\/wp-json\/wp\/v2\/tags?post=25100"}],"curies":[{"name":"wp","href":"https:\/\/api.w.org\/{rel}","templated":true}]}}