{"id":25061,"date":"2020-10-01T10:30:01","date_gmt":"2020-10-01T08:30:01","guid":{"rendered":"https:\/\/www.polypoles.com\/instalacion-urgente-de-una-camara-frigorifica\/"},"modified":"2024-11-19T16:53:17","modified_gmt":"2024-11-19T15:53:17","slug":"instalacion-urgente-de-una-camara-frigorifica","status":"publish","type":"page","link":"https:\/\/www.polypoles.com\/es\/noticias\/nuestros-logros\/instalacion-urgente-de-una-camara-frigorifica\/","title":{"rendered":"Instalaci\u00f3n urgente de una c\u00e1mara frigor\u00edfica"},"content":{"rendered":"<div class=\"wpb-content-wrapper\"><p>[vc_row el_class=\u00bbrealisations\u00bb][vc_column el_class=\u00bbblog\u00bb]<div class=\"rs-header-title header-center  \">         \r\n        \t\t<h1 class=\"title\">Instalaci\u00f3n de emergencia de una c\u00e1mara frigor\u00edfica<\/h1><h2 class=\"introtext\" >Producci\u00f3n<\/h2><\/div>[\/vc_column][\/vc_row][vc_row][vc_column][vc_column_text]<\/p>\n<h3>Un fabricante farmac\u00e9utico de Aquitania necesitaba urgentemente instalar una c\u00e1mara frigor\u00edfica positiva para almacenar productos a una temperatura controlada de 5 \u00b0C.<\/h3>\n<p>Nuestro cliente empez\u00f3 instalando una estructura aislada de 250 m2. Tras realizar todas las evaluaciones t\u00e9rmicas, Polypoles recomend\u00f3 instalar 3 unidades de <strong>aire acondicionado de baja temperatura Rivacold de 15 kW<\/strong>. La instalaci\u00f3n dur\u00f3 s\u00f3lo 2 d\u00edas, incluyendo el cableado y el suministro de un cuadro el\u00e9ctrico trif\u00e1sico de 400 V. El alquiler dur\u00f3 9 meses, sin problemas t\u00e9cnicos.[\/vc_column_text][\/vc_column][\/vc_row][vc_row equal_height=\u00bbyes\u00bb content_placement=\u00bbmiddle\u00bb][vc_column width=\u00bb1\/2&#8243;][vc_single_image image=\u00bb10879&#8243; img_size=\u00bblarge\u00bb alignment=\u00bbcenter\u00bb][\/vc_column][vc_column width=\u00bb1\/2&#8243;][vc_single_image image=\u00bb10880&#8243; img_size=\u00bblarge\u00bb][\/vc_column][\/vc_row][vc_row][vc_column][vc_btn title=\u00bbVer otros proyectos\u00bb align=\u00bbcenter\u00bb i_align=\u00bbright\u00bb i_icon_fontawesome=\u00bbfa fa-angle-double-right\u00bb add_icon=\u00bbtrue\u00bb link=\u00bburl:https%3A%2F%2Fwww.polypoles.com%2Factualites%2Frealisations%2F|title:Nuestros%20logros|\u00bb][\/vc_column][\/vc_row]<\/p>\n<\/div>","protected":false},"excerpt":{"rendered":"<p>Un fabricante farmac\u00e9utico de Aquitania necesitaba urgentemente instalar una c\u00e1mara frigor\u00edfica positiva para almacenar productos a una temperatura controlada de 5 \u00b0C.<\/p>\n","protected":false},"author":1,"featured_media":10880,"parent":25139,"menu_order":0,"comment_status":"closed","ping_status":"closed","template":"","meta":{"_acf_changed":false,"footnotes":""},"tags":[241,238],"class_list":["post-25061","page","type-page","status-publish","has-post-thumbnail","hentry","tag-aire-acondicionado","tag-industria"],"acf":[],"yoast_head":"<!-- This site is optimized with the Yoast SEO plugin v24.9 - https:\/\/yoast.com\/wordpress\/plugins\/seo\/ -->\n<title>Climatizaci\u00f3n a baja temperatura para c\u00e1maras frigor\u00edficas | Polipastos<\/title>\n<meta name=\"description\" content=\"Alquiler de sistema de climatizaci\u00f3n a baja temperatura (c\u00e1mara frigor\u00edfica positiva) para almacenamiento de productos farmac\u00e9uticos. Aire acondicionado - Emergencia.\" \/>\n<meta name=\"robots\" content=\"index, follow, max-snippet:-1, max-image-preview:large, max-video-preview:-1\" \/>\n<link rel=\"canonical\" href=\"https:\/\/www.polypoles.com\/es\/noticias\/nuestros-logros\/instalacion-urgente-de-una-camara-frigorifica\/\" \/>\n<meta property=\"og:locale\" content=\"es_ES\" \/>\n<meta property=\"og:type\" content=\"article\" \/>\n<meta property=\"og:title\" content=\"Climatizaci\u00f3n a baja temperatura para c\u00e1maras frigor\u00edficas | Polipastos\" \/>\n<meta property=\"og:description\" content=\"Alquiler de sistema de climatizaci\u00f3n a baja temperatura (c\u00e1mara frigor\u00edfica positiva) para almacenamiento de productos farmac\u00e9uticos. Aire acondicionado - Emergencia.\" \/>\n<meta property=\"og:url\" content=\"https:\/\/www.polypoles.com\/es\/noticias\/nuestros-logros\/instalacion-urgente-de-una-camara-frigorifica\/\" \/>\n<meta property=\"og:site_name\" content=\"Polypoles\" \/>\n<meta property=\"article:modified_time\" content=\"2024-11-19T15:53:17+00:00\" \/>\n<meta property=\"og:image\" content=\"https:\/\/www.polypoles.com\/wp-content\/uploads\/2020\/11\/CEVA-LIBOURNE-15-1-scaled.jpg\" \/>\n\t<meta property=\"og:image:width\" content=\"2560\" \/>\n\t<meta property=\"og:image:height\" content=\"1920\" \/>\n\t<meta property=\"og:image:type\" content=\"image\/jpeg\" \/>\n<meta name=\"twitter:card\" content=\"summary_large_image\" \/>\n<meta name=\"twitter:label1\" content=\"Tiempo de lectura\" \/>\n\t<meta name=\"twitter:data1\" content=\"1 minuto\" \/>\n<script type=\"application\/ld+json\" class=\"yoast-schema-graph\">{\"@context\":\"https:\/\/schema.org\",\"@graph\":[{\"@type\":\"WebPage\",\"@id\":\"https:\/\/www.polypoles.com\/es\/noticias\/nuestros-logros\/instalacion-urgente-de-una-camara-frigorifica\/\",\"url\":\"https:\/\/www.polypoles.com\/es\/noticias\/nuestros-logros\/instalacion-urgente-de-una-camara-frigorifica\/\",\"name\":\"Climatizaci\u00f3n a baja temperatura para c\u00e1maras frigor\u00edficas | Polipastos\",\"isPartOf\":{\"@id\":\"https:\/\/www.polypoles.com\/es\/#website\"},\"primaryImageOfPage\":{\"@id\":\"https:\/\/www.polypoles.com\/es\/noticias\/nuestros-logros\/instalacion-urgente-de-una-camara-frigorifica\/#primaryimage\"},\"image\":{\"@id\":\"https:\/\/www.polypoles.com\/es\/noticias\/nuestros-logros\/instalacion-urgente-de-una-camara-frigorifica\/#primaryimage\"},\"thumbnailUrl\":\"https:\/\/www.polypoles.com\/wp-content\/uploads\/2020\/11\/CEVA-LIBOURNE-15-1-scaled.jpg\",\"datePublished\":\"2020-10-01T08:30:01+00:00\",\"dateModified\":\"2024-11-19T15:53:17+00:00\",\"description\":\"Alquiler de sistema de climatizaci\u00f3n a baja temperatura (c\u00e1mara frigor\u00edfica positiva) para almacenamiento de productos farmac\u00e9uticos. Aire acondicionado - Emergencia.\",\"breadcrumb\":{\"@id\":\"https:\/\/www.polypoles.com\/es\/noticias\/nuestros-logros\/instalacion-urgente-de-una-camara-frigorifica\/#breadcrumb\"},\"inLanguage\":\"es\",\"potentialAction\":[{\"@type\":\"ReadAction\",\"target\":[\"https:\/\/www.polypoles.com\/es\/noticias\/nuestros-logros\/instalacion-urgente-de-una-camara-frigorifica\/\"]}]},{\"@type\":\"ImageObject\",\"inLanguage\":\"es\",\"@id\":\"https:\/\/www.polypoles.com\/es\/noticias\/nuestros-logros\/instalacion-urgente-de-una-camara-frigorifica\/#primaryimage\",\"url\":\"https:\/\/www.polypoles.com\/wp-content\/uploads\/2020\/11\/CEVA-LIBOURNE-15-1-scaled.jpg\",\"contentUrl\":\"https:\/\/www.polypoles.com\/wp-content\/uploads\/2020\/11\/CEVA-LIBOURNE-15-1-scaled.jpg\",\"width\":2560,\"height\":1920},{\"@type\":\"BreadcrumbList\",\"@id\":\"https:\/\/www.polypoles.com\/es\/noticias\/nuestros-logros\/instalacion-urgente-de-una-camara-frigorifica\/#breadcrumb\",\"itemListElement\":[{\"@type\":\"ListItem\",\"position\":1,\"name\":\"Home\",\"item\":\"https:\/\/www.polypoles.com\/es\/\"},{\"@type\":\"ListItem\",\"position\":2,\"name\":\"Noticias\",\"item\":\"https:\/\/www.polypoles.com\/es\/noticias\/\"},{\"@type\":\"ListItem\",\"position\":3,\"name\":\"Nuestros logros\",\"item\":\"https:\/\/www.polypoles.com\/es\/noticias\/nuestros-logros\/\"},{\"@type\":\"ListItem\",\"position\":4,\"name\":\"Instalaci\u00f3n urgente de una c\u00e1mara frigor\u00edfica\"}]},{\"@type\":\"WebSite\",\"@id\":\"https:\/\/www.polypoles.com\/es\/#website\",\"url\":\"https:\/\/www.polypoles.com\/es\/\",\"name\":\"Polypoles\",\"description\":\"Votre partenaire chaud-froid\",\"publisher\":{\"@id\":\"https:\/\/www.polypoles.com\/es\/#organization\"},\"potentialAction\":[{\"@type\":\"SearchAction\",\"target\":{\"@type\":\"EntryPoint\",\"urlTemplate\":\"https:\/\/www.polypoles.com\/es\/?s={search_term_string}\"},\"query-input\":{\"@type\":\"PropertyValueSpecification\",\"valueRequired\":true,\"valueName\":\"search_term_string\"}}],\"inLanguage\":\"es\"},{\"@type\":\"Organization\",\"@id\":\"https:\/\/www.polypoles.com\/es\/#organization\",\"name\":\"Polypoles\",\"url\":\"https:\/\/www.polypoles.com\/es\/\",\"logo\":{\"@type\":\"ImageObject\",\"inLanguage\":\"es\",\"@id\":\"https:\/\/www.polypoles.com\/es\/#\/schema\/logo\/image\/\",\"url\":\"https:\/\/www.polypoles.com\/wp-content\/uploads\/2024\/06\/base-25-cm-300-DPI-scaled.jpg\",\"contentUrl\":\"https:\/\/www.polypoles.com\/wp-content\/uploads\/2024\/06\/base-25-cm-300-DPI-scaled.jpg\",\"width\":2560,\"height\":497,\"caption\":\"Polypoles\"},\"image\":{\"@id\":\"https:\/\/www.polypoles.com\/es\/#\/schema\/logo\/image\/\"}}]}<\/script>\n<!-- \/ Yoast SEO plugin. -->","yoast_head_json":{"title":"Climatizaci\u00f3n a baja temperatura para c\u00e1maras frigor\u00edficas | Polipastos","description":"Alquiler de sistema de climatizaci\u00f3n a baja temperatura (c\u00e1mara frigor\u00edfica positiva) para almacenamiento de productos farmac\u00e9uticos. Aire acondicionado - Emergencia.","robots":{"index":"index","follow":"follow","max-snippet":"max-snippet:-1","max-image-preview":"max-image-preview:large","max-video-preview":"max-video-preview:-1"},"canonical":"https:\/\/www.polypoles.com\/es\/noticias\/nuestros-logros\/instalacion-urgente-de-una-camara-frigorifica\/","og_locale":"es_ES","og_type":"article","og_title":"Climatizaci\u00f3n a baja temperatura para c\u00e1maras frigor\u00edficas | Polipastos","og_description":"Alquiler de sistema de climatizaci\u00f3n a baja temperatura (c\u00e1mara frigor\u00edfica positiva) para almacenamiento de productos farmac\u00e9uticos. Aire acondicionado - Emergencia.","og_url":"https:\/\/www.polypoles.com\/es\/noticias\/nuestros-logros\/instalacion-urgente-de-una-camara-frigorifica\/","og_site_name":"Polypoles","article_modified_time":"2024-11-19T15:53:17+00:00","og_image":[{"width":2560,"height":1920,"url":"https:\/\/www.polypoles.com\/wp-content\/uploads\/2020\/11\/CEVA-LIBOURNE-15-1-scaled.jpg","type":"image\/jpeg"}],"twitter_card":"summary_large_image","twitter_misc":{"Tiempo de lectura":"1 minuto"},"schema":{"@context":"https:\/\/schema.org","@graph":[{"@type":"WebPage","@id":"https:\/\/www.polypoles.com\/es\/noticias\/nuestros-logros\/instalacion-urgente-de-una-camara-frigorifica\/","url":"https:\/\/www.polypoles.com\/es\/noticias\/nuestros-logros\/instalacion-urgente-de-una-camara-frigorifica\/","name":"Climatizaci\u00f3n a baja temperatura para c\u00e1maras frigor\u00edficas | Polipastos","isPartOf":{"@id":"https:\/\/www.polypoles.com\/es\/#website"},"primaryImageOfPage":{"@id":"https:\/\/www.polypoles.com\/es\/noticias\/nuestros-logros\/instalacion-urgente-de-una-camara-frigorifica\/#primaryimage"},"image":{"@id":"https:\/\/www.polypoles.com\/es\/noticias\/nuestros-logros\/instalacion-urgente-de-una-camara-frigorifica\/#primaryimage"},"thumbnailUrl":"https:\/\/www.polypoles.com\/wp-content\/uploads\/2020\/11\/CEVA-LIBOURNE-15-1-scaled.jpg","datePublished":"2020-10-01T08:30:01+00:00","dateModified":"2024-11-19T15:53:17+00:00","description":"Alquiler de sistema de climatizaci\u00f3n a baja temperatura (c\u00e1mara frigor\u00edfica positiva) para almacenamiento de productos farmac\u00e9uticos. Aire acondicionado - Emergencia.","breadcrumb":{"@id":"https:\/\/www.polypoles.com\/es\/noticias\/nuestros-logros\/instalacion-urgente-de-una-camara-frigorifica\/#breadcrumb"},"inLanguage":"es","potentialAction":[{"@type":"ReadAction","target":["https:\/\/www.polypoles.com\/es\/noticias\/nuestros-logros\/instalacion-urgente-de-una-camara-frigorifica\/"]}]},{"@type":"ImageObject","inLanguage":"es","@id":"https:\/\/www.polypoles.com\/es\/noticias\/nuestros-logros\/instalacion-urgente-de-una-camara-frigorifica\/#primaryimage","url":"https:\/\/www.polypoles.com\/wp-content\/uploads\/2020\/11\/CEVA-LIBOURNE-15-1-scaled.jpg","contentUrl":"https:\/\/www.polypoles.com\/wp-content\/uploads\/2020\/11\/CEVA-LIBOURNE-15-1-scaled.jpg","width":2560,"height":1920},{"@type":"BreadcrumbList","@id":"https:\/\/www.polypoles.com\/es\/noticias\/nuestros-logros\/instalacion-urgente-de-una-camara-frigorifica\/#breadcrumb","itemListElement":[{"@type":"ListItem","position":1,"name":"Home","item":"https:\/\/www.polypoles.com\/es\/"},{"@type":"ListItem","position":2,"name":"Noticias","item":"https:\/\/www.polypoles.com\/es\/noticias\/"},{"@type":"ListItem","position":3,"name":"Nuestros logros","item":"https:\/\/www.polypoles.com\/es\/noticias\/nuestros-logros\/"},{"@type":"ListItem","position":4,"name":"Instalaci\u00f3n urgente de una c\u00e1mara frigor\u00edfica"}]},{"@type":"WebSite","@id":"https:\/\/www.polypoles.com\/es\/#website","url":"https:\/\/www.polypoles.com\/es\/","name":"Polypoles","description":"Votre partenaire chaud-froid","publisher":{"@id":"https:\/\/www.polypoles.com\/es\/#organization"},"potentialAction":[{"@type":"SearchAction","target":{"@type":"EntryPoint","urlTemplate":"https:\/\/www.polypoles.com\/es\/?s={search_term_string}"},"query-input":{"@type":"PropertyValueSpecification","valueRequired":true,"valueName":"search_term_string"}}],"inLanguage":"es"},{"@type":"Organization","@id":"https:\/\/www.polypoles.com\/es\/#organization","name":"Polypoles","url":"https:\/\/www.polypoles.com\/es\/","logo":{"@type":"ImageObject","inLanguage":"es","@id":"https:\/\/www.polypoles.com\/es\/#\/schema\/logo\/image\/","url":"https:\/\/www.polypoles.com\/wp-content\/uploads\/2024\/06\/base-25-cm-300-DPI-scaled.jpg","contentUrl":"https:\/\/www.polypoles.com\/wp-content\/uploads\/2024\/06\/base-25-cm-300-DPI-scaled.jpg","width":2560,"height":497,"caption":"Polypoles"},"image":{"@id":"https:\/\/www.polypoles.com\/es\/#\/schema\/logo\/image\/"}}]}},"_links":{"self":[{"href":"https:\/\/www.polypoles.com\/es\/wp-json\/wp\/v2\/pages\/25061","targetHints":{"allow":["GET"]}}],"collection":[{"href":"https:\/\/www.polypoles.com\/es\/wp-json\/wp\/v2\/pages"}],"about":[{"href":"https:\/\/www.polypoles.com\/es\/wp-json\/wp\/v2\/types\/page"}],"author":[{"embeddable":true,"href":"https:\/\/www.polypoles.com\/es\/wp-json\/wp\/v2\/users\/1"}],"replies":[{"embeddable":true,"href":"https:\/\/www.polypoles.com\/es\/wp-json\/wp\/v2\/comments?post=25061"}],"version-history":[{"count":1,"href":"https:\/\/www.polypoles.com\/es\/wp-json\/wp\/v2\/pages\/25061\/revisions"}],"predecessor-version":[{"id":25066,"href":"https:\/\/www.polypoles.com\/es\/wp-json\/wp\/v2\/pages\/25061\/revisions\/25066"}],"up":[{"embeddable":true,"href":"https:\/\/www.polypoles.com\/es\/wp-json\/wp\/v2\/pages\/25139"}],"wp:featuredmedia":[{"embeddable":true,"href":"https:\/\/www.polypoles.com\/es\/wp-json\/wp\/v2\/media\/10880"}],"wp:attachment":[{"href":"https:\/\/www.polypoles.com\/es\/wp-json\/wp\/v2\/media?parent=25061"}],"wp:term":[{"taxonomy":"post_tag","embeddable":true,"href":"https:\/\/www.polypoles.com\/es\/wp-json\/wp\/v2\/tags?post=25061"}],"curies":[{"name":"wp","href":"https:\/\/api.w.org\/{rel}","templated":true}]}}