{"id":25048,"date":"2020-11-19T10:57:43","date_gmt":"2020-11-19T09:57:43","guid":{"rendered":"https:\/\/www.polypoles.com\/noticias\/"},"modified":"2025-04-18T16:03:41","modified_gmt":"2025-04-18T14:03:41","slug":"noticias","status":"publish","type":"page","link":"https:\/\/www.polypoles.com\/es\/noticias\/","title":{"rendered":"Noticias"},"content":{"rendered":"<div class=\"wpb-content-wrapper\"><p>[vc_row][vc_column el_class=\u00bbblog\u00bb]<div class=\"rs-header-title header-left  \">         \r\n        \t\t<h1 class=\"title\">Noticias<\/h1><\/div>[\/vc_column][\/vc_row][vc_row][vc_column][vc_column_text]<\/p>\n<p style=\"text-align: center;\">Bienvenido al blog de POLYPOLES.<br \/>\nAqu\u00ed encontrar\u00e1s noticias, art\u00edculos sobre nuestros proyectos y nuestro asesoramiento experto en calefacci\u00f3n, climatizaci\u00f3n y tratamiento del aire para responder a cualquier pregunta que puedas tener. Actualizaremos nuestros art\u00edculos peri\u00f3dicamente para reflejar las tendencias y los proyectos que podemos llevar a cabo. <\/p>\n<p>[\/vc_column_text][\/vc_column][\/vc_row][vc_row][vc_column width=\u00bb1\/2&#8243; css=\u00bb.vc_custom_1605784829684{padding-right: 0px !important;padding-left: 0px !important;}\u00bb][vc_raw_html]PGRpdiBjbGFzcz0iYmxvZ2NvbnRlbnQiPgo8aW1nIHNyYz0iL3dwLWNvbnRlbnQvdXBsb2Fkcy8yMDIwLzExL3Jvb2Z0b3AtZXh0LWUxNjA1ODA4OTA3MjQ3LmpwZyI+CjxhIGhyZWY9Imh0dHBzOi8vd3d3LnBvbHlwb2xlcy5jb20vZXMvbm90aWNpYXMvbnVlc3Ryb3MtbG9ncm9zLyI+PGgyPk51ZXN0cm9zIGxvZ3JvczwvaDI+PC9hPgo8L2Rpdj4=[\/vc_raw_html][\/vc_column][vc_column width=\u00bb1\/2&#8243; css=\u00bb.vc_custom_1605784838878{padding-right: 0px !important;padding-left: 0px !important;}\u00bb][vc_raw_html]PGRpdiBjbGFzcz0iYmxvZ2NvbnRlbnQiPgo8aW1nIHN0eWxlPSIiIHNyYz0iL3dwLWNvbnRlbnQvdXBsb2Fkcy8yMDIwLzExL0NoYXVmZmFnZS1pbmZyYXJvdWdlLXNvbWJyZS1IT1QtVE9QLTQtc2NhbGVkLmpwZyI+CjxhIGhyZWY9Imh0dHBzOi8vd3d3LnBvbHlwb2xlcy5jb20vZXMvbm90aWNpYXMvbnVlc3Ryby1hc2Vzb3JhbWllbnRvLWV4cGVydG8vIj48aDI+Q29uc2Vqb3MgZGUgZXhwZXJ0b3M8L2gyPjwvYT4KPC9kaXY+[\/vc_raw_html][\/vc_column][\/vc_row]<\/p>\n<\/div>","protected":false},"excerpt":{"rendered":"<p>[vc_row][vc_column el_class=\u00bbblog\u00bb][\/vc_column][\/vc_row][vc_row][vc_column][vc_column_text] Bienvenido al blog de POLYPOLES. Aqu\u00ed encontrar\u00e1s noticias, art\u00edculos sobre nuestros proyectos y nuestro asesoramiento experto en calefacci\u00f3n, climatizaci\u00f3n y tratamiento del aire para responder a cualquier pregunta que puedas tener. Actualizaremos nuestros art\u00edculos peri\u00f3dicamente para reflejar las tendencias y los proyectos que podemos llevar a cabo. [\/vc_column_text][\/vc_column][\/vc_row][vc_row][vc_column width=\u00bb1\/2&#8243; css=\u00bb.vc_custom_1605784829684{padding-right: 0px !important;padding-left: 0px&#8230;<\/p>\n","protected":false},"author":1,"featured_media":0,"parent":0,"menu_order":0,"comment_status":"closed","ping_status":"closed","template":"","meta":{"_acf_changed":false,"footnotes":""},"tags":[],"class_list":["post-25048","page","type-page","status-publish","hentry"],"acf":[],"yoast_head":"<!-- This site is optimized with the Yoast SEO plugin v24.9 - https:\/\/yoast.com\/wordpress\/plugins\/seo\/ -->\n<title>Nuestros \u00faltimos proyectos y consejos de expertos | Polypoles<\/title>\n<meta name=\"description\" content=\"Calefacci\u00f3n, climatizaci\u00f3n, refrigeraci\u00f3n, tratamiento del aire, inf\u00f3rmate sobre nuestros \u00faltimos proyectos y nuestros consejos de expertos.\" \/>\n<meta name=\"robots\" content=\"index, follow, max-snippet:-1, max-image-preview:large, max-video-preview:-1\" \/>\n<link rel=\"canonical\" href=\"https:\/\/www.polypoles.com\/es\/noticias\/\" \/>\n<meta property=\"og:locale\" content=\"es_ES\" \/>\n<meta property=\"og:type\" content=\"article\" \/>\n<meta property=\"og:title\" content=\"Nuestros \u00faltimos proyectos y consejos de expertos | Polypoles\" \/>\n<meta property=\"og:description\" content=\"Calefacci\u00f3n, climatizaci\u00f3n, refrigeraci\u00f3n, tratamiento del aire, inf\u00f3rmate sobre nuestros \u00faltimos proyectos y nuestros consejos de expertos.\" \/>\n<meta property=\"og:url\" content=\"https:\/\/www.polypoles.com\/es\/noticias\/\" \/>\n<meta property=\"og:site_name\" content=\"Polypoles\" \/>\n<meta property=\"article:modified_time\" content=\"2025-04-18T14:03:41+00:00\" \/>\n<meta name=\"twitter:card\" content=\"summary_large_image\" \/>\n<meta name=\"twitter:label1\" content=\"Tiempo de lectura\" \/>\n\t<meta name=\"twitter:data1\" content=\"1 minuto\" \/>\n<script type=\"application\/ld+json\" class=\"yoast-schema-graph\">{\"@context\":\"https:\/\/schema.org\",\"@graph\":[{\"@type\":\"WebPage\",\"@id\":\"https:\/\/www.polypoles.com\/es\/noticias\/\",\"url\":\"https:\/\/www.polypoles.com\/es\/noticias\/\",\"name\":\"Nuestros \u00faltimos proyectos y consejos de expertos | Polypoles\",\"isPartOf\":{\"@id\":\"https:\/\/www.polypoles.com\/es\/#website\"},\"datePublished\":\"2020-11-19T09:57:43+00:00\",\"dateModified\":\"2025-04-18T14:03:41+00:00\",\"description\":\"Calefacci\u00f3n, climatizaci\u00f3n, refrigeraci\u00f3n, tratamiento del aire, inf\u00f3rmate sobre nuestros \u00faltimos proyectos y nuestros consejos de expertos.\",\"breadcrumb\":{\"@id\":\"https:\/\/www.polypoles.com\/es\/noticias\/#breadcrumb\"},\"inLanguage\":\"es\",\"potentialAction\":[{\"@type\":\"ReadAction\",\"target\":[\"https:\/\/www.polypoles.com\/es\/noticias\/\"]}]},{\"@type\":\"BreadcrumbList\",\"@id\":\"https:\/\/www.polypoles.com\/es\/noticias\/#breadcrumb\",\"itemListElement\":[{\"@type\":\"ListItem\",\"position\":1,\"name\":\"Home\",\"item\":\"https:\/\/www.polypoles.com\/es\/\"},{\"@type\":\"ListItem\",\"position\":2,\"name\":\"Noticias\"}]},{\"@type\":\"WebSite\",\"@id\":\"https:\/\/www.polypoles.com\/es\/#website\",\"url\":\"https:\/\/www.polypoles.com\/es\/\",\"name\":\"Polypoles\",\"description\":\"Votre partenaire chaud-froid\",\"publisher\":{\"@id\":\"https:\/\/www.polypoles.com\/es\/#organization\"},\"potentialAction\":[{\"@type\":\"SearchAction\",\"target\":{\"@type\":\"EntryPoint\",\"urlTemplate\":\"https:\/\/www.polypoles.com\/es\/?s={search_term_string}\"},\"query-input\":{\"@type\":\"PropertyValueSpecification\",\"valueRequired\":true,\"valueName\":\"search_term_string\"}}],\"inLanguage\":\"es\"},{\"@type\":\"Organization\",\"@id\":\"https:\/\/www.polypoles.com\/es\/#organization\",\"name\":\"Polypoles\",\"url\":\"https:\/\/www.polypoles.com\/es\/\",\"logo\":{\"@type\":\"ImageObject\",\"inLanguage\":\"es\",\"@id\":\"https:\/\/www.polypoles.com\/es\/#\/schema\/logo\/image\/\",\"url\":\"https:\/\/www.polypoles.com\/wp-content\/uploads\/2024\/06\/base-25-cm-300-DPI-scaled.jpg\",\"contentUrl\":\"https:\/\/www.polypoles.com\/wp-content\/uploads\/2024\/06\/base-25-cm-300-DPI-scaled.jpg\",\"width\":2560,\"height\":497,\"caption\":\"Polypoles\"},\"image\":{\"@id\":\"https:\/\/www.polypoles.com\/es\/#\/schema\/logo\/image\/\"}}]}<\/script>\n<!-- \/ Yoast SEO plugin. -->","yoast_head_json":{"title":"Nuestros \u00faltimos proyectos y consejos de expertos | Polypoles","description":"Calefacci\u00f3n, climatizaci\u00f3n, refrigeraci\u00f3n, tratamiento del aire, inf\u00f3rmate sobre nuestros \u00faltimos proyectos y nuestros consejos de expertos.","robots":{"index":"index","follow":"follow","max-snippet":"max-snippet:-1","max-image-preview":"max-image-preview:large","max-video-preview":"max-video-preview:-1"},"canonical":"https:\/\/www.polypoles.com\/es\/noticias\/","og_locale":"es_ES","og_type":"article","og_title":"Nuestros \u00faltimos proyectos y consejos de expertos | Polypoles","og_description":"Calefacci\u00f3n, climatizaci\u00f3n, refrigeraci\u00f3n, tratamiento del aire, inf\u00f3rmate sobre nuestros \u00faltimos proyectos y nuestros consejos de expertos.","og_url":"https:\/\/www.polypoles.com\/es\/noticias\/","og_site_name":"Polypoles","article_modified_time":"2025-04-18T14:03:41+00:00","twitter_card":"summary_large_image","twitter_misc":{"Tiempo de lectura":"1 minuto"},"schema":{"@context":"https:\/\/schema.org","@graph":[{"@type":"WebPage","@id":"https:\/\/www.polypoles.com\/es\/noticias\/","url":"https:\/\/www.polypoles.com\/es\/noticias\/","name":"Nuestros \u00faltimos proyectos y consejos de expertos | Polypoles","isPartOf":{"@id":"https:\/\/www.polypoles.com\/es\/#website"},"datePublished":"2020-11-19T09:57:43+00:00","dateModified":"2025-04-18T14:03:41+00:00","description":"Calefacci\u00f3n, climatizaci\u00f3n, refrigeraci\u00f3n, tratamiento del aire, inf\u00f3rmate sobre nuestros \u00faltimos proyectos y nuestros consejos de expertos.","breadcrumb":{"@id":"https:\/\/www.polypoles.com\/es\/noticias\/#breadcrumb"},"inLanguage":"es","potentialAction":[{"@type":"ReadAction","target":["https:\/\/www.polypoles.com\/es\/noticias\/"]}]},{"@type":"BreadcrumbList","@id":"https:\/\/www.polypoles.com\/es\/noticias\/#breadcrumb","itemListElement":[{"@type":"ListItem","position":1,"name":"Home","item":"https:\/\/www.polypoles.com\/es\/"},{"@type":"ListItem","position":2,"name":"Noticias"}]},{"@type":"WebSite","@id":"https:\/\/www.polypoles.com\/es\/#website","url":"https:\/\/www.polypoles.com\/es\/","name":"Polypoles","description":"Votre partenaire chaud-froid","publisher":{"@id":"https:\/\/www.polypoles.com\/es\/#organization"},"potentialAction":[{"@type":"SearchAction","target":{"@type":"EntryPoint","urlTemplate":"https:\/\/www.polypoles.com\/es\/?s={search_term_string}"},"query-input":{"@type":"PropertyValueSpecification","valueRequired":true,"valueName":"search_term_string"}}],"inLanguage":"es"},{"@type":"Organization","@id":"https:\/\/www.polypoles.com\/es\/#organization","name":"Polypoles","url":"https:\/\/www.polypoles.com\/es\/","logo":{"@type":"ImageObject","inLanguage":"es","@id":"https:\/\/www.polypoles.com\/es\/#\/schema\/logo\/image\/","url":"https:\/\/www.polypoles.com\/wp-content\/uploads\/2024\/06\/base-25-cm-300-DPI-scaled.jpg","contentUrl":"https:\/\/www.polypoles.com\/wp-content\/uploads\/2024\/06\/base-25-cm-300-DPI-scaled.jpg","width":2560,"height":497,"caption":"Polypoles"},"image":{"@id":"https:\/\/www.polypoles.com\/es\/#\/schema\/logo\/image\/"}}]}},"_links":{"self":[{"href":"https:\/\/www.polypoles.com\/es\/wp-json\/wp\/v2\/pages\/25048","targetHints":{"allow":["GET"]}}],"collection":[{"href":"https:\/\/www.polypoles.com\/es\/wp-json\/wp\/v2\/pages"}],"about":[{"href":"https:\/\/www.polypoles.com\/es\/wp-json\/wp\/v2\/types\/page"}],"author":[{"embeddable":true,"href":"https:\/\/www.polypoles.com\/es\/wp-json\/wp\/v2\/users\/1"}],"replies":[{"embeddable":true,"href":"https:\/\/www.polypoles.com\/es\/wp-json\/wp\/v2\/comments?post=25048"}],"version-history":[{"count":23,"href":"https:\/\/www.polypoles.com\/es\/wp-json\/wp\/v2\/pages\/25048\/revisions"}],"predecessor-version":[{"id":29213,"href":"https:\/\/www.polypoles.com\/es\/wp-json\/wp\/v2\/pages\/25048\/revisions\/29213"}],"wp:attachment":[{"href":"https:\/\/www.polypoles.com\/es\/wp-json\/wp\/v2\/media?parent=25048"}],"wp:term":[{"taxonomy":"post_tag","embeddable":true,"href":"https:\/\/www.polypoles.com\/es\/wp-json\/wp\/v2\/tags?post=25048"}],"curies":[{"name":"wp","href":"https:\/\/api.w.org\/{rel}","templated":true}]}}