{"id":25009,"date":"2021-03-24T17:17:09","date_gmt":"2021-03-24T16:17:09","guid":{"rendered":"https:\/\/www.polypoles.com\/deshumidificacion-para-almacenar-obras-de-arte-historicas\/"},"modified":"2024-11-19T16:53:17","modified_gmt":"2024-11-19T15:53:17","slug":"deshumidificacion-para-almacenar-obras-de-arte-historicas","status":"publish","type":"page","link":"https:\/\/www.polypoles.com\/es\/noticias\/nuestros-logros\/deshumidificacion-para-almacenar-obras-de-arte-historicas\/","title":{"rendered":"Deshumidificaci\u00f3n para almacenar obras de arte hist\u00f3ricas"},"content":{"rendered":"<div class=\"wpb-content-wrapper\"><p>[vc_row][vc_column]<div class=\"rs-header-title header-center  \">         \r\n        \t\t<h1 class=\"title\">Deshumidificaci\u00f3n para conservar obras de arte<\/h1><\/div>[\/vc_column][\/vc_row][vc_row][vc_column width=\u00bb2\/3&#8243;][vc_column_text]<\/p>\n<h2>\u00bfCu\u00e1l era el problema al que se enfrentaba el museo?<\/h2>\n<p><strong>Polypoles<\/strong> \u00cele-de-France recibi\u00f3 el encargo de <strong>proteger de la humedad<\/strong> y la <strong>condensaci\u00f3n<\/strong> las <strong>obras de arte<\/strong> <strong>hist\u00f3ricas<\/strong> de un famoso museo. <strong>Polypoles<\/strong> tuvo que reaccionar e intervenir con <strong>urgencia, <\/strong>ya que el cliente quer\u00eda que los locales volvieran a estar <strong>saneados<\/strong> en una semana.  <\/p>\n<h2><strong>Objetivos y acciones del equipo de Polypoles Par\u00eds<\/strong><\/h2>\n<p><strong>El objetivo<\/strong> <strong>era restaurar<\/strong> el espacio <strong>del \u00e1tico mal aislado<\/strong>. La<strong>humedad del aire<\/strong> se condensaba en el falso techo <strong>aislante<\/strong> a causa del <strong>techo de cristal<\/strong>. As\u00ed que hab\u00eda que eliminar la <strong>condensaci\u00f3n<\/strong> en el techo de cristal. Para cumplir este <strong>requisito<\/strong>, nuestra oficina de dise\u00f1o utiliz\u00f3 la informaci\u00f3n facilitada por el <strong>cliente<\/strong> para calcular el tama\u00f1o de las unidades necesarias para <strong>reducir la humedad<\/strong> relativa al 50%, cuando estaba entre <strong>el 70 y el 80% de<\/strong> HR a una temperatura interior de 20\u00baC. <strong>Polypoles<\/strong> tuvo \u00e9xito en su misi\u00f3n,<strong> eliminando la condensaci\u00f3n<\/strong> en el techo de cristal durante todo el periodo de alquiler. Nuestro cliente qued\u00f3 muy <strong>satisfecho<\/strong>.  <\/p>\n<h2><strong>Respuesta r\u00e1pida y eficaz<\/strong><\/h2>\n<p><strong>Polypoles<\/strong> proporcion\u00f3 un <strong>servicio llave en mano<\/strong> en s\u00f3lo <strong>24 horas<\/strong> (dimensionamiento, entrega, instalaci\u00f3n, comprobaci\u00f3n).<br \/>\nPara cualquier consulta sobre <a href=\"https:\/\/www.polypoles.com\/es\/alquiler-de-deshumidificadores\/\">alquiler de deshumidificadores<\/a>, \u00a1p\u00eddenos consejo![\/vc_column_text][vc_row_inner][vc_column_inner width=\u00bb1\/2&#8243;][vc_btn title=\u00bb0 810 020 851&#8243; color=\u00bbjuicy-pink\u00bb size=\u00bblg\u00bb align=\u00bbcenter\u00bb i_icon_fontawesome=\u00bbfa fa-phone\u00bb add_icon=\u00bbtrue\u00bb link=\u00bburl:tel%3A%2B33810020851|title:Llama%20a%20Polypoles|rel:nofollow|\u00bb el_class=\u00bbappel\u00bb][\/vc_column_inner][vc_column_inner width=\u00bb1\/2&#8243;][vc_btn title=\u00bbCita\u00bb color=\u00bbprimary\u00bb size=\u00bblg\u00bb i_icon_fontawesome=\u00bbfa fa-envelope-o\u00bb add_icon=\u00bbtrue\u00bb link=\u00bburl:https%3A%2F%2Fwww.polypoles.com%2Fes%2Fsolicitud-de-devolucion-de-llamada%2F|title:Ponte%20en%20contacto%20con|\u00bb el_class=\u00bbdevis\u00bb][\/vc_column_inner][\/vc_row_inner][\/vc_column][vc_column width=\u00bb1\/3&#8243;][vc_single_image image=\u00bb11978&#8243; img_size=\u00bb350&#8243; add_caption=\u00bbyes\u00bb alignment=\u00bbright\u00bb][vc_single_image image=\u00bb11975&#8243; img_size=\u00bb350&#8243; alignment=\u00bbright\u00bb][\/vc_column][vc_column width=\u00bb1\/3&#8243;][\/vc_column][\/vc_row][vc_row][vc_column][vc_column_text]<\/p>\n<h2>Deshumidificaci\u00f3n: especialistas a tu servicio<\/h2>\n<p>A <strong>Polypoles<\/strong>, especializada en el <strong>alquiler<\/strong> y la <strong>venta de<\/strong> <strong>deshumidificadores<\/strong> <strong>industriales<\/strong>, se le conf\u00edan misiones que reflejan su <strong>profesionalidad<\/strong> y su saber hacer.<\/p>\n<p>Si te enfrentas a <strong>problemas de humedad y condensaci\u00f3n,<\/strong> podemos ofrecerte<strong> soluciones pr\u00e1cticas<\/strong> y <strong>asesoramiento experto.<\/strong> Adem\u00e1s, Polypoles te ofrece <strong>servicios llave en mano<\/strong>, desde el <strong>dise\u00f1o<\/strong> hasta la <strong>instalaci\u00f3n<\/strong>. Nuestra BE calcula el nivel de humedad que no debe superarse para conservar tus materiales o alimentos, y se ocupa de los problemas de <strong>humedad<\/strong> y <strong>condensaci\u00f3n<\/strong> en almacenes, dep\u00f3sitos, archivos y bodegas. Tambi\u00e9n ofrecemos<strong> deshidrataci\u00f3n<\/strong> para tus problemas de humedad<strong>.<\/strong> Es una soluci\u00f3n ideal para optimizar el almacenamiento de tus materiales fr\u00e1giles o alimentos perecederos. (\u00f3xido, moho&#8230;.). La ventaja de la deshidrataci\u00f3n es que funciona a baja temperatura.[\/vc_column_text][\/vc_column][\/vc_row][vc_row][vc_column][vc_column_text]<\/p>\n<h2>Los productos utilizados<\/h2>\n<div class=\"wpb_text_column wpb_content_element \">\n<div class=\"wpb_wrapper\">\n<h2><\/h2>\n<\/p><\/div><\/div>\n<div class=\"woocommerce columns-5 \">\n<div class=\"product-list\">\n<div class=\"single-details\">\n<div class=\"images-product\"><\/div><\/div><\/div><\/div>\n<p>[\/vc_column_text]<div class=\"woocommerce columns-4 \"><ul class=\"products columns-4\">\n<li class=\"product type-product post-25362 status-publish first instock product_cat-deshumidificador product_cat-tratamiento-del-aire has-post-thumbnail taxable shipping-taxable product-type-simple\">\n\t<div class=\"product-list\">\n \t<div class=\"single-details\">\n \t\t<div class=\"images-product\">\n\t\t\t<a href=\"https:\/\/www.polypoles.com\/es\/produit\/deshumidificador-mdr55\/\"><img loading=\"lazy\" decoding=\"async\" width=\"207\" height=\"207\" src=\"https:\/\/www.polypoles.com\/wp-content\/uploads\/2020\/06\/deshumidificateur-MDR-30-60-90-1.jpg\" class=\"attachment-shop_catalog size-shop_catalog wp-post-image\" alt=\"\" srcset=\"https:\/\/www.polypoles.com\/wp-content\/uploads\/2020\/06\/deshumidificateur-MDR-30-60-90-1.jpg 207w, https:\/\/www.polypoles.com\/wp-content\/uploads\/2020\/06\/deshumidificateur-MDR-30-60-90-1-150x150.jpg 150w, https:\/\/www.polypoles.com\/wp-content\/uploads\/2020\/06\/deshumidificateur-MDR-30-60-90-1-100x100.jpg 100w\" sizes=\"auto, (max-width: 207px) 100vw, 207px\" \/><\/a>\t\t<\/div>\n\t<\/div>\n<\/div><h2 class=\"woocommerce-loop-product__title\"><a href=\"https:\/\/www.polypoles.com\/es\/produit\/deshumidificador-mdr55\/\">Deshumidificador MDR55<\/a><\/h2>\n<\/li>\n<li class=\"product type-product post-25493 status-publish instock product_cat-deshumidificador product_cat-tratamiento-del-aire has-post-thumbnail taxable shipping-taxable product-type-simple\">\n\t<div class=\"product-list\">\n \t<div class=\"single-details\">\n \t\t<div class=\"images-product\">\n\t\t\t<a href=\"https:\/\/www.polypoles.com\/es\/produit\/deshumidificador-movil-adh-1000\/\"><img loading=\"lazy\" decoding=\"async\" width=\"300\" height=\"300\" src=\"https:\/\/www.polypoles.com\/wp-content\/uploads\/2020\/06\/ADH-1000-1-OK--300x300.jpg\" class=\"attachment-shop_catalog size-shop_catalog wp-post-image\" alt=\"\" srcset=\"https:\/\/www.polypoles.com\/wp-content\/uploads\/2020\/06\/ADH-1000-1-OK--300x300.jpg 300w, https:\/\/www.polypoles.com\/wp-content\/uploads\/2020\/06\/ADH-1000-1-OK--150x150.jpg 150w, https:\/\/www.polypoles.com\/wp-content\/uploads\/2020\/06\/ADH-1000-1-OK--100x100.jpg 100w, https:\/\/www.polypoles.com\/wp-content\/uploads\/2020\/06\/ADH-1000-1-OK-.jpg 600w\" sizes=\"auto, (max-width: 300px) 100vw, 300px\" \/><\/a>\t\t<\/div>\n\t<\/div>\n<\/div><h2 class=\"woocommerce-loop-product__title\"><a href=\"https:\/\/www.polypoles.com\/es\/produit\/deshumidificador-movil-adh-1000\/\">Deshumidificador m\u00f3vil ADH 1000<\/a><\/h2>\n<\/li>\n<\/ul>\n<\/div>[\/vc_column][\/vc_row][vc_row][vc_column][vc_btn title=\u00bbVer otros proyectos\u00bb align=\u00bbcenter\u00bb i_align=\u00bbright\u00bb i_icon_fontawesome=\u00bbfa fa-angle-double-right\u00bb add_icon=\u00bbtrue\u00bb link=\u00bburl:https%3A%2F%2Fwww.polypoles.com%2Factualites%2Frealisations%2F|title:Nuestros%20logros|\u00bb][\/vc_column][\/vc_row]<\/p>\n<\/div>","protected":false},"excerpt":{"rendered":"<p>La agencia POLYPOLES de Par\u00eds recibi\u00f3 el encargo de proteger de la humedad y la condensaci\u00f3n las obras de arte hist\u00f3ricas de un famoso museo.<\/p>\n","protected":false},"author":3,"featured_media":11973,"parent":25139,"menu_order":0,"comment_status":"closed","ping_status":"closed","template":"","meta":{"_acf_changed":false,"footnotes":""},"tags":[242],"class_list":["post-25009","page","type-page","status-publish","has-post-thumbnail","hentry","tag-deshumidificador"],"acf":[],"yoast_head":"<!-- This site is optimized with the Yoast SEO plugin v24.9 - https:\/\/yoast.com\/wordpress\/plugins\/seo\/ -->\n<title>Deshumidificador de almac\u00e9n: saneamiento, deshumidificaci\u00f3n | Polipastos<\/title>\n<meta name=\"description\" content=\"Intervenci\u00f3n r\u00e1pida para deshumidificar, higienizar y conservar tus locales, existencias, almacenes y bodegas. Polypoles puede ayudarte.\" \/>\n<meta name=\"robots\" content=\"index, follow, max-snippet:-1, max-image-preview:large, max-video-preview:-1\" \/>\n<link rel=\"canonical\" href=\"https:\/\/www.polypoles.com\/es\/noticias\/nuestros-logros\/deshumidificacion-para-almacenar-obras-de-arte-historicas\/\" \/>\n<meta property=\"og:locale\" content=\"es_ES\" \/>\n<meta property=\"og:type\" content=\"article\" \/>\n<meta property=\"og:title\" content=\"Deshumidificador de almac\u00e9n: saneamiento, deshumidificaci\u00f3n | Polipastos\" \/>\n<meta property=\"og:description\" content=\"Intervenci\u00f3n r\u00e1pida para deshumidificar, higienizar y conservar tus locales, existencias, almacenes y bodegas. Polypoles puede ayudarte.\" \/>\n<meta property=\"og:url\" content=\"https:\/\/www.polypoles.com\/es\/noticias\/nuestros-logros\/deshumidificacion-para-almacenar-obras-de-arte-historicas\/\" \/>\n<meta property=\"og:site_name\" content=\"Polypoles\" \/>\n<meta property=\"article:modified_time\" content=\"2024-11-19T15:53:17+00:00\" \/>\n<meta property=\"og:image\" content=\"https:\/\/www.polypoles.com\/wp-content\/uploads\/2021\/03\/774ae6bb-4e30-4b3d-9492-9d622a931333.jpg\" \/>\n\t<meta property=\"og:image:width\" content=\"768\" \/>\n\t<meta property=\"og:image:height\" content=\"1024\" \/>\n\t<meta property=\"og:image:type\" content=\"image\/jpeg\" \/>\n<meta name=\"twitter:card\" content=\"summary_large_image\" \/>\n<meta name=\"twitter:label1\" content=\"Tiempo de lectura\" \/>\n\t<meta name=\"twitter:data1\" content=\"3 minutos\" \/>\n<script type=\"application\/ld+json\" class=\"yoast-schema-graph\">{\"@context\":\"https:\/\/schema.org\",\"@graph\":[{\"@type\":\"WebPage\",\"@id\":\"https:\/\/www.polypoles.com\/es\/noticias\/nuestros-logros\/deshumidificacion-para-almacenar-obras-de-arte-historicas\/\",\"url\":\"https:\/\/www.polypoles.com\/es\/noticias\/nuestros-logros\/deshumidificacion-para-almacenar-obras-de-arte-historicas\/\",\"name\":\"Deshumidificador de almac\u00e9n: saneamiento, deshumidificaci\u00f3n | Polipastos\",\"isPartOf\":{\"@id\":\"https:\/\/www.polypoles.com\/es\/#website\"},\"primaryImageOfPage\":{\"@id\":\"https:\/\/www.polypoles.com\/es\/noticias\/nuestros-logros\/deshumidificacion-para-almacenar-obras-de-arte-historicas\/#primaryimage\"},\"image\":{\"@id\":\"https:\/\/www.polypoles.com\/es\/noticias\/nuestros-logros\/deshumidificacion-para-almacenar-obras-de-arte-historicas\/#primaryimage\"},\"thumbnailUrl\":\"https:\/\/www.polypoles.com\/wp-content\/uploads\/2021\/03\/774ae6bb-4e30-4b3d-9492-9d622a931333.jpg\",\"datePublished\":\"2021-03-24T16:17:09+00:00\",\"dateModified\":\"2024-11-19T15:53:17+00:00\",\"description\":\"Intervenci\u00f3n r\u00e1pida para deshumidificar, higienizar y conservar tus locales, existencias, almacenes y bodegas. Polypoles puede ayudarte.\",\"breadcrumb\":{\"@id\":\"https:\/\/www.polypoles.com\/es\/noticias\/nuestros-logros\/deshumidificacion-para-almacenar-obras-de-arte-historicas\/#breadcrumb\"},\"inLanguage\":\"es\",\"potentialAction\":[{\"@type\":\"ReadAction\",\"target\":[\"https:\/\/www.polypoles.com\/es\/noticias\/nuestros-logros\/deshumidificacion-para-almacenar-obras-de-arte-historicas\/\"]}]},{\"@type\":\"ImageObject\",\"inLanguage\":\"es\",\"@id\":\"https:\/\/www.polypoles.com\/es\/noticias\/nuestros-logros\/deshumidificacion-para-almacenar-obras-de-arte-historicas\/#primaryimage\",\"url\":\"https:\/\/www.polypoles.com\/wp-content\/uploads\/2021\/03\/774ae6bb-4e30-4b3d-9492-9d622a931333.jpg\",\"contentUrl\":\"https:\/\/www.polypoles.com\/wp-content\/uploads\/2021\/03\/774ae6bb-4e30-4b3d-9492-9d622a931333.jpg\",\"width\":768,\"height\":1024},{\"@type\":\"BreadcrumbList\",\"@id\":\"https:\/\/www.polypoles.com\/es\/noticias\/nuestros-logros\/deshumidificacion-para-almacenar-obras-de-arte-historicas\/#breadcrumb\",\"itemListElement\":[{\"@type\":\"ListItem\",\"position\":1,\"name\":\"Home\",\"item\":\"https:\/\/www.polypoles.com\/es\/\"},{\"@type\":\"ListItem\",\"position\":2,\"name\":\"Noticias\",\"item\":\"https:\/\/www.polypoles.com\/es\/noticias\/\"},{\"@type\":\"ListItem\",\"position\":3,\"name\":\"Nuestros logros\",\"item\":\"https:\/\/www.polypoles.com\/es\/noticias\/nuestros-logros\/\"},{\"@type\":\"ListItem\",\"position\":4,\"name\":\"Deshumidificaci\u00f3n para almacenar obras de arte hist\u00f3ricas\"}]},{\"@type\":\"WebSite\",\"@id\":\"https:\/\/www.polypoles.com\/es\/#website\",\"url\":\"https:\/\/www.polypoles.com\/es\/\",\"name\":\"Polypoles\",\"description\":\"Votre partenaire chaud-froid\",\"publisher\":{\"@id\":\"https:\/\/www.polypoles.com\/es\/#organization\"},\"potentialAction\":[{\"@type\":\"SearchAction\",\"target\":{\"@type\":\"EntryPoint\",\"urlTemplate\":\"https:\/\/www.polypoles.com\/es\/?s={search_term_string}\"},\"query-input\":{\"@type\":\"PropertyValueSpecification\",\"valueRequired\":true,\"valueName\":\"search_term_string\"}}],\"inLanguage\":\"es\"},{\"@type\":\"Organization\",\"@id\":\"https:\/\/www.polypoles.com\/es\/#organization\",\"name\":\"Polypoles\",\"url\":\"https:\/\/www.polypoles.com\/es\/\",\"logo\":{\"@type\":\"ImageObject\",\"inLanguage\":\"es\",\"@id\":\"https:\/\/www.polypoles.com\/es\/#\/schema\/logo\/image\/\",\"url\":\"https:\/\/www.polypoles.com\/wp-content\/uploads\/2024\/06\/base-25-cm-300-DPI-scaled.jpg\",\"contentUrl\":\"https:\/\/www.polypoles.com\/wp-content\/uploads\/2024\/06\/base-25-cm-300-DPI-scaled.jpg\",\"width\":2560,\"height\":497,\"caption\":\"Polypoles\"},\"image\":{\"@id\":\"https:\/\/www.polypoles.com\/es\/#\/schema\/logo\/image\/\"}}]}<\/script>\n<!-- \/ Yoast SEO plugin. -->","yoast_head_json":{"title":"Deshumidificador de almac\u00e9n: saneamiento, deshumidificaci\u00f3n | Polipastos","description":"Intervenci\u00f3n r\u00e1pida para deshumidificar, higienizar y conservar tus locales, existencias, almacenes y bodegas. Polypoles puede ayudarte.","robots":{"index":"index","follow":"follow","max-snippet":"max-snippet:-1","max-image-preview":"max-image-preview:large","max-video-preview":"max-video-preview:-1"},"canonical":"https:\/\/www.polypoles.com\/es\/noticias\/nuestros-logros\/deshumidificacion-para-almacenar-obras-de-arte-historicas\/","og_locale":"es_ES","og_type":"article","og_title":"Deshumidificador de almac\u00e9n: saneamiento, deshumidificaci\u00f3n | Polipastos","og_description":"Intervenci\u00f3n r\u00e1pida para deshumidificar, higienizar y conservar tus locales, existencias, almacenes y bodegas. Polypoles puede ayudarte.","og_url":"https:\/\/www.polypoles.com\/es\/noticias\/nuestros-logros\/deshumidificacion-para-almacenar-obras-de-arte-historicas\/","og_site_name":"Polypoles","article_modified_time":"2024-11-19T15:53:17+00:00","og_image":[{"width":768,"height":1024,"url":"https:\/\/www.polypoles.com\/wp-content\/uploads\/2021\/03\/774ae6bb-4e30-4b3d-9492-9d622a931333.jpg","type":"image\/jpeg"}],"twitter_card":"summary_large_image","twitter_misc":{"Tiempo de lectura":"3 minutos"},"schema":{"@context":"https:\/\/schema.org","@graph":[{"@type":"WebPage","@id":"https:\/\/www.polypoles.com\/es\/noticias\/nuestros-logros\/deshumidificacion-para-almacenar-obras-de-arte-historicas\/","url":"https:\/\/www.polypoles.com\/es\/noticias\/nuestros-logros\/deshumidificacion-para-almacenar-obras-de-arte-historicas\/","name":"Deshumidificador de almac\u00e9n: saneamiento, deshumidificaci\u00f3n | Polipastos","isPartOf":{"@id":"https:\/\/www.polypoles.com\/es\/#website"},"primaryImageOfPage":{"@id":"https:\/\/www.polypoles.com\/es\/noticias\/nuestros-logros\/deshumidificacion-para-almacenar-obras-de-arte-historicas\/#primaryimage"},"image":{"@id":"https:\/\/www.polypoles.com\/es\/noticias\/nuestros-logros\/deshumidificacion-para-almacenar-obras-de-arte-historicas\/#primaryimage"},"thumbnailUrl":"https:\/\/www.polypoles.com\/wp-content\/uploads\/2021\/03\/774ae6bb-4e30-4b3d-9492-9d622a931333.jpg","datePublished":"2021-03-24T16:17:09+00:00","dateModified":"2024-11-19T15:53:17+00:00","description":"Intervenci\u00f3n r\u00e1pida para deshumidificar, higienizar y conservar tus locales, existencias, almacenes y bodegas. Polypoles puede ayudarte.","breadcrumb":{"@id":"https:\/\/www.polypoles.com\/es\/noticias\/nuestros-logros\/deshumidificacion-para-almacenar-obras-de-arte-historicas\/#breadcrumb"},"inLanguage":"es","potentialAction":[{"@type":"ReadAction","target":["https:\/\/www.polypoles.com\/es\/noticias\/nuestros-logros\/deshumidificacion-para-almacenar-obras-de-arte-historicas\/"]}]},{"@type":"ImageObject","inLanguage":"es","@id":"https:\/\/www.polypoles.com\/es\/noticias\/nuestros-logros\/deshumidificacion-para-almacenar-obras-de-arte-historicas\/#primaryimage","url":"https:\/\/www.polypoles.com\/wp-content\/uploads\/2021\/03\/774ae6bb-4e30-4b3d-9492-9d622a931333.jpg","contentUrl":"https:\/\/www.polypoles.com\/wp-content\/uploads\/2021\/03\/774ae6bb-4e30-4b3d-9492-9d622a931333.jpg","width":768,"height":1024},{"@type":"BreadcrumbList","@id":"https:\/\/www.polypoles.com\/es\/noticias\/nuestros-logros\/deshumidificacion-para-almacenar-obras-de-arte-historicas\/#breadcrumb","itemListElement":[{"@type":"ListItem","position":1,"name":"Home","item":"https:\/\/www.polypoles.com\/es\/"},{"@type":"ListItem","position":2,"name":"Noticias","item":"https:\/\/www.polypoles.com\/es\/noticias\/"},{"@type":"ListItem","position":3,"name":"Nuestros logros","item":"https:\/\/www.polypoles.com\/es\/noticias\/nuestros-logros\/"},{"@type":"ListItem","position":4,"name":"Deshumidificaci\u00f3n para almacenar obras de arte hist\u00f3ricas"}]},{"@type":"WebSite","@id":"https:\/\/www.polypoles.com\/es\/#website","url":"https:\/\/www.polypoles.com\/es\/","name":"Polypoles","description":"Votre partenaire chaud-froid","publisher":{"@id":"https:\/\/www.polypoles.com\/es\/#organization"},"potentialAction":[{"@type":"SearchAction","target":{"@type":"EntryPoint","urlTemplate":"https:\/\/www.polypoles.com\/es\/?s={search_term_string}"},"query-input":{"@type":"PropertyValueSpecification","valueRequired":true,"valueName":"search_term_string"}}],"inLanguage":"es"},{"@type":"Organization","@id":"https:\/\/www.polypoles.com\/es\/#organization","name":"Polypoles","url":"https:\/\/www.polypoles.com\/es\/","logo":{"@type":"ImageObject","inLanguage":"es","@id":"https:\/\/www.polypoles.com\/es\/#\/schema\/logo\/image\/","url":"https:\/\/www.polypoles.com\/wp-content\/uploads\/2024\/06\/base-25-cm-300-DPI-scaled.jpg","contentUrl":"https:\/\/www.polypoles.com\/wp-content\/uploads\/2024\/06\/base-25-cm-300-DPI-scaled.jpg","width":2560,"height":497,"caption":"Polypoles"},"image":{"@id":"https:\/\/www.polypoles.com\/es\/#\/schema\/logo\/image\/"}}]}},"_links":{"self":[{"href":"https:\/\/www.polypoles.com\/es\/wp-json\/wp\/v2\/pages\/25009","targetHints":{"allow":["GET"]}}],"collection":[{"href":"https:\/\/www.polypoles.com\/es\/wp-json\/wp\/v2\/pages"}],"about":[{"href":"https:\/\/www.polypoles.com\/es\/wp-json\/wp\/v2\/types\/page"}],"author":[{"embeddable":true,"href":"https:\/\/www.polypoles.com\/es\/wp-json\/wp\/v2\/users\/3"}],"replies":[{"embeddable":true,"href":"https:\/\/www.polypoles.com\/es\/wp-json\/wp\/v2\/comments?post=25009"}],"version-history":[{"count":1,"href":"https:\/\/www.polypoles.com\/es\/wp-json\/wp\/v2\/pages\/25009\/revisions"}],"predecessor-version":[{"id":25017,"href":"https:\/\/www.polypoles.com\/es\/wp-json\/wp\/v2\/pages\/25009\/revisions\/25017"}],"up":[{"embeddable":true,"href":"https:\/\/www.polypoles.com\/es\/wp-json\/wp\/v2\/pages\/25139"}],"wp:featuredmedia":[{"embeddable":true,"href":"https:\/\/www.polypoles.com\/es\/wp-json\/wp\/v2\/media\/11973"}],"wp:attachment":[{"href":"https:\/\/www.polypoles.com\/es\/wp-json\/wp\/v2\/media?parent=25009"}],"wp:term":[{"taxonomy":"post_tag","embeddable":true,"href":"https:\/\/www.polypoles.com\/es\/wp-json\/wp\/v2\/tags?post=25009"}],"curies":[{"name":"wp","href":"https:\/\/api.w.org\/{rel}","templated":true}]}}