{"id":25001,"date":"2021-02-08T16:24:50","date_gmt":"2021-02-08T15:24:50","guid":{"rendered":"https:\/\/www.polypoles.com\/generador-de-aire-caliente-de-gasoleo-mantener-una-temperatura-de-25c\/"},"modified":"2024-11-19T16:53:17","modified_gmt":"2024-11-19T15:53:17","slug":"generador-de-aire-caliente-de-gasoleo-mantener-una-temperatura-de-25c","status":"publish","type":"page","link":"https:\/\/www.polypoles.com\/es\/noticias\/nuestros-logros\/generador-de-aire-caliente-de-gasoleo-mantener-una-temperatura-de-25c\/","title":{"rendered":"Generador de aire caliente de gas\u00f3leo: mantener una temperatura de 25\u00b0C"},"content":{"rendered":"<div class=\"wpb-content-wrapper\"><p>[vc_row][vc_column][vc_column_text]<\/p>\n<h1 style=\"text-align: center;\">Generador de aire caliente de gas\u00f3leo: mantener una temperatura de 25\u00b0C<\/h1>\n<p>[\/vc_column_text][\/vc_column][\/vc_row][vc_row][vc_column width=\u00bb2\/3&#8243;][vc_column_text]<\/p>\n<h2>Necesidades del cliente<\/h2>\n<p>Mant\u00e9n una <strong>temperatura ambiente<\/strong> de 25\u00b0C a -7\u00b0C en el exterior, en una <strong>estructura de<\/strong> 200 m\u00b2, medianamente aislada, donde se almacenen productos sensibles a las bajas <strong>temperaturas<\/strong> (stock de suelo).<\/p>\n<h2>Soluciones proporcionadas por Polypoles<\/h2>\n<p>Para satisfacer las necesidades del cliente, el <strong>horno de gas\u00f3leo<\/strong> es la opci\u00f3n m\u00e1s adecuada. \u00bfPor qu\u00e9 deber\u00edas elegir uno? <\/p>\n<ul>\n<li>El <strong>volumen<\/strong> a <strong>calentar<\/strong> es grande pero no sustancial<\/li>\n<li><strong>Soluci\u00f3n rentable<\/strong>: la calefacci\u00f3n de gas\u00f3leo cuesta menos<\/li>\n<li>Podemos <strong>ahorrar espacio<\/strong> porque el edificio est\u00e1 en el exterior, as\u00ed que podemos colocar el <strong>generador<\/strong> y el <strong>dep\u00f3sito de aceite<\/strong> fuera de la <strong>zona a calentar<\/strong>.<\/li>\n<\/ul>\n<p><strong>La agencia Polypoles de Lyon<\/strong> recomend\u00f3 el alquiler de un <a href=\"https:\/\/www.polypoles.com\/produit\/generateur-mobile-fuel-a-echangeur-ima200-tri\/\">generador de aire caliente de aceite IMA <\/a>(con <strong>soplado a granel<\/strong>) acompa\u00f1ado de un <strong>dep\u00f3sito de aceite de 1000 l<\/strong> para alimentar el <strong>generador<\/strong>. El cliente est\u00e1 satisfecho con la <strong>instalaci\u00f3n<\/strong> y ahora puede <strong>almacenar<\/strong> su material sin que le moleste el <strong>calor<\/strong> <strong>negativo<\/strong>. <\/p>\n<h2>Tipo de servicio<\/h2>\n<p>Un alquiler de <a href=\"https:\/\/www.polypoles.com\/es\/alquiler-de-calefaccion-2\/\">3 meses<\/a> de la<strong>sucursal de Lyon<\/strong>. Dos <strong>t\u00e9cnicos<\/strong> participaron en la <strong>instalaci\u00f3n<\/strong>, y s\u00f3lo se tard\u00f3 medio d\u00eda en montar el <strong>generador de aire caliente alimentado con aceite<\/strong> y su <strong>dep\u00f3sito de aceite de 1.000 litros<\/strong>. El cliente est\u00e1 <strong>satisfecho<\/strong> con la instalaci\u00f3n.[\/vc_column_text][\/vc_column][vc_column width=\u00bb1\/3&#8243;][vc_single_image image=\u00bb11684&#8243; img_size=\u00bbmedium\u00bb alignment=\u00bbright\u00bb][vc_single_image image=\u00bb11674&#8243; img_size=\u00bb300&#8243; alignment=\u00bbright\u00bb][vc_single_image image=\u00bb11676&#8243; img_size=\u00bb300&#8243; alignment=\u00bbright\u00bb][\/vc_column][\/vc_row][vc_row][vc_column][vc_column_text]<\/p>\n<h2>Los productos utilizados<\/h2>\n<p>[\/vc_column_text]<div class=\"woocommerce columns-3 \"><ul class=\"products columns-3\">\n<li class=\"product type-product post-25791 status-publish first instock product_cat-calefaccion product_cat-calefaccion-de-gasoleo product_cat-calentamiento-de-gran-volumen has-post-thumbnail taxable shipping-taxable product-type-simple\">\n\t<div class=\"product-list\">\n \t<div class=\"single-details\">\n \t\t<div class=\"images-product\">\n\t\t\t<a href=\"https:\/\/www.polypoles.com\/es\/produit\/generador-movil-de-gasoleo-con-intercambiador-de-calor-ima\/\"><img loading=\"lazy\" decoding=\"async\" width=\"300\" height=\"300\" src=\"https:\/\/www.polypoles.com\/wp-content\/uploads\/2020\/06\/IMA_185-tri-300x300.jpg\" class=\"attachment-shop_catalog size-shop_catalog wp-post-image\" alt=\"\" srcset=\"https:\/\/www.polypoles.com\/wp-content\/uploads\/2020\/06\/IMA_185-tri-300x300.jpg 300w, https:\/\/www.polypoles.com\/wp-content\/uploads\/2020\/06\/IMA_185-tri-150x150.jpg 150w, https:\/\/www.polypoles.com\/wp-content\/uploads\/2020\/06\/IMA_185-tri-100x100.jpg 100w, https:\/\/www.polypoles.com\/wp-content\/uploads\/2020\/06\/IMA_185-tri.jpg 600w\" sizes=\"auto, (max-width: 300px) 100vw, 300px\" \/><\/a>\t\t<\/div>\n\t<\/div>\n<\/div><h2 class=\"woocommerce-loop-product__title\"><a href=\"https:\/\/www.polypoles.com\/es\/produit\/generador-movil-de-gasoleo-con-intercambiador-de-calor-ima\/\">Generador m\u00f3vil de gas\u00f3leo con intercambiador de calor IMA (de 110 a 200 kW)<\/a><\/h2>\n<\/li>\n<\/ul>\n<\/div>[\/vc_column][\/vc_row][vc_row][vc_column][vc_btn title=\u00bbVer otros proyectos\u00bb align=\u00bbcenter\u00bb i_align=\u00bbright\u00bb i_icon_fontawesome=\u00bbfa fa-angle-double-right\u00bb add_icon=\u00bbtrue\u00bb link=\u00bburl:https%3A%2F%2Fwww.polypoles.com%2Factualites%2Frealisations%2F|title:Nuestros%20logros|\u00bb][\/vc_column][\/vc_row]<\/p>\n<\/div>","protected":false},"excerpt":{"rendered":"<p>Mant\u00e9n una temperatura de 25\u00b0C en el interior del edificio y de -7\u00b0C en el exterior para el almacenamiento del equipo<\/p>\n","protected":false},"author":3,"featured_media":11709,"parent":25139,"menu_order":0,"comment_status":"closed","ping_status":"closed","template":"","meta":{"_acf_changed":false,"footnotes":""},"tags":[240,238],"class_list":["post-25001","page","type-page","status-publish","has-post-thumbnail","hentry","tag-calefaccion","tag-industria"],"acf":[],"yoast_head":"<!-- This site is optimized with the Yoast SEO plugin v24.9 - https:\/\/yoast.com\/wordpress\/plugins\/seo\/ -->\n<title>Generador de aire caliente de gas\u00f3leo: mantener una temperatura de 25\u00b0C<\/title>\n<meta name=\"description\" content=\"Generador de aire caliente alimentado con gas\u00f3leo en alquiler para mantener una temperatura de 25\u00b0C en una zona de almacenamiento de equipos. Contacta con nosotros\" \/>\n<meta name=\"robots\" content=\"index, follow, max-snippet:-1, max-image-preview:large, max-video-preview:-1\" \/>\n<link rel=\"canonical\" href=\"https:\/\/www.polypoles.com\/es\/noticias\/nuestros-logros\/generador-de-aire-caliente-de-gasoleo-mantener-una-temperatura-de-25c\/\" \/>\n<meta property=\"og:locale\" content=\"es_ES\" \/>\n<meta property=\"og:type\" content=\"article\" \/>\n<meta property=\"og:title\" content=\"Generador de aire caliente de gas\u00f3leo: mantener una temperatura de 25\u00b0C\" \/>\n<meta property=\"og:description\" content=\"Generador de aire caliente alimentado con gas\u00f3leo en alquiler para mantener una temperatura de 25\u00b0C en una zona de almacenamiento de equipos. Contacta con nosotros\" \/>\n<meta property=\"og:url\" content=\"https:\/\/www.polypoles.com\/es\/noticias\/nuestros-logros\/generador-de-aire-caliente-de-gasoleo-mantener-una-temperatura-de-25c\/\" \/>\n<meta property=\"og:site_name\" content=\"Polypoles\" \/>\n<meta property=\"article:modified_time\" content=\"2024-11-19T15:53:17+00:00\" \/>\n<meta property=\"og:image\" content=\"https:\/\/www.polypoles.com\/wp-content\/uploads\/2021\/02\/Generateur-dair-chaud-fioul.jpeg\" \/>\n\t<meta property=\"og:image:width\" content=\"1200\" \/>\n\t<meta property=\"og:image:height\" content=\"1600\" \/>\n\t<meta property=\"og:image:type\" content=\"image\/jpeg\" \/>\n<meta name=\"twitter:card\" content=\"summary_large_image\" \/>\n<meta name=\"twitter:label1\" content=\"Tiempo de lectura\" \/>\n\t<meta name=\"twitter:data1\" content=\"2 minutos\" \/>\n<script type=\"application\/ld+json\" class=\"yoast-schema-graph\">{\"@context\":\"https:\/\/schema.org\",\"@graph\":[{\"@type\":\"WebPage\",\"@id\":\"https:\/\/www.polypoles.com\/es\/noticias\/nuestros-logros\/generador-de-aire-caliente-de-gasoleo-mantener-una-temperatura-de-25c\/\",\"url\":\"https:\/\/www.polypoles.com\/es\/noticias\/nuestros-logros\/generador-de-aire-caliente-de-gasoleo-mantener-una-temperatura-de-25c\/\",\"name\":\"Generador de aire caliente de gas\u00f3leo: mantener una temperatura de 25\u00b0C\",\"isPartOf\":{\"@id\":\"https:\/\/www.polypoles.com\/es\/#website\"},\"primaryImageOfPage\":{\"@id\":\"https:\/\/www.polypoles.com\/es\/noticias\/nuestros-logros\/generador-de-aire-caliente-de-gasoleo-mantener-una-temperatura-de-25c\/#primaryimage\"},\"image\":{\"@id\":\"https:\/\/www.polypoles.com\/es\/noticias\/nuestros-logros\/generador-de-aire-caliente-de-gasoleo-mantener-una-temperatura-de-25c\/#primaryimage\"},\"thumbnailUrl\":\"https:\/\/www.polypoles.com\/wp-content\/uploads\/2021\/02\/Generateur-dair-chaud-fioul.jpeg\",\"datePublished\":\"2021-02-08T15:24:50+00:00\",\"dateModified\":\"2024-11-19T15:53:17+00:00\",\"description\":\"Generador de aire caliente alimentado con gas\u00f3leo en alquiler para mantener una temperatura de 25\u00b0C en una zona de almacenamiento de equipos. Contacta con nosotros\",\"breadcrumb\":{\"@id\":\"https:\/\/www.polypoles.com\/es\/noticias\/nuestros-logros\/generador-de-aire-caliente-de-gasoleo-mantener-una-temperatura-de-25c\/#breadcrumb\"},\"inLanguage\":\"es\",\"potentialAction\":[{\"@type\":\"ReadAction\",\"target\":[\"https:\/\/www.polypoles.com\/es\/noticias\/nuestros-logros\/generador-de-aire-caliente-de-gasoleo-mantener-una-temperatura-de-25c\/\"]}]},{\"@type\":\"ImageObject\",\"inLanguage\":\"es\",\"@id\":\"https:\/\/www.polypoles.com\/es\/noticias\/nuestros-logros\/generador-de-aire-caliente-de-gasoleo-mantener-una-temperatura-de-25c\/#primaryimage\",\"url\":\"https:\/\/www.polypoles.com\/wp-content\/uploads\/2021\/02\/Generateur-dair-chaud-fioul.jpeg\",\"contentUrl\":\"https:\/\/www.polypoles.com\/wp-content\/uploads\/2021\/02\/Generateur-dair-chaud-fioul.jpeg\",\"width\":1200,\"height\":1600},{\"@type\":\"BreadcrumbList\",\"@id\":\"https:\/\/www.polypoles.com\/es\/noticias\/nuestros-logros\/generador-de-aire-caliente-de-gasoleo-mantener-una-temperatura-de-25c\/#breadcrumb\",\"itemListElement\":[{\"@type\":\"ListItem\",\"position\":1,\"name\":\"Home\",\"item\":\"https:\/\/www.polypoles.com\/es\/\"},{\"@type\":\"ListItem\",\"position\":2,\"name\":\"Noticias\",\"item\":\"https:\/\/www.polypoles.com\/es\/noticias\/\"},{\"@type\":\"ListItem\",\"position\":3,\"name\":\"Nuestros logros\",\"item\":\"https:\/\/www.polypoles.com\/es\/noticias\/nuestros-logros\/\"},{\"@type\":\"ListItem\",\"position\":4,\"name\":\"Generador de aire caliente de gas\u00f3leo: mantener una temperatura de 25\u00b0C\"}]},{\"@type\":\"WebSite\",\"@id\":\"https:\/\/www.polypoles.com\/es\/#website\",\"url\":\"https:\/\/www.polypoles.com\/es\/\",\"name\":\"Polypoles\",\"description\":\"Votre partenaire chaud-froid\",\"publisher\":{\"@id\":\"https:\/\/www.polypoles.com\/es\/#organization\"},\"potentialAction\":[{\"@type\":\"SearchAction\",\"target\":{\"@type\":\"EntryPoint\",\"urlTemplate\":\"https:\/\/www.polypoles.com\/es\/?s={search_term_string}\"},\"query-input\":{\"@type\":\"PropertyValueSpecification\",\"valueRequired\":true,\"valueName\":\"search_term_string\"}}],\"inLanguage\":\"es\"},{\"@type\":\"Organization\",\"@id\":\"https:\/\/www.polypoles.com\/es\/#organization\",\"name\":\"Polypoles\",\"url\":\"https:\/\/www.polypoles.com\/es\/\",\"logo\":{\"@type\":\"ImageObject\",\"inLanguage\":\"es\",\"@id\":\"https:\/\/www.polypoles.com\/es\/#\/schema\/logo\/image\/\",\"url\":\"https:\/\/www.polypoles.com\/wp-content\/uploads\/2024\/06\/base-25-cm-300-DPI-scaled.jpg\",\"contentUrl\":\"https:\/\/www.polypoles.com\/wp-content\/uploads\/2024\/06\/base-25-cm-300-DPI-scaled.jpg\",\"width\":2560,\"height\":497,\"caption\":\"Polypoles\"},\"image\":{\"@id\":\"https:\/\/www.polypoles.com\/es\/#\/schema\/logo\/image\/\"}}]}<\/script>\n<!-- \/ Yoast SEO plugin. -->","yoast_head_json":{"title":"Generador de aire caliente de gas\u00f3leo: mantener una temperatura de 25\u00b0C","description":"Generador de aire caliente alimentado con gas\u00f3leo en alquiler para mantener una temperatura de 25\u00b0C en una zona de almacenamiento de equipos. Contacta con nosotros","robots":{"index":"index","follow":"follow","max-snippet":"max-snippet:-1","max-image-preview":"max-image-preview:large","max-video-preview":"max-video-preview:-1"},"canonical":"https:\/\/www.polypoles.com\/es\/noticias\/nuestros-logros\/generador-de-aire-caliente-de-gasoleo-mantener-una-temperatura-de-25c\/","og_locale":"es_ES","og_type":"article","og_title":"Generador de aire caliente de gas\u00f3leo: mantener una temperatura de 25\u00b0C","og_description":"Generador de aire caliente alimentado con gas\u00f3leo en alquiler para mantener una temperatura de 25\u00b0C en una zona de almacenamiento de equipos. Contacta con nosotros","og_url":"https:\/\/www.polypoles.com\/es\/noticias\/nuestros-logros\/generador-de-aire-caliente-de-gasoleo-mantener-una-temperatura-de-25c\/","og_site_name":"Polypoles","article_modified_time":"2024-11-19T15:53:17+00:00","og_image":[{"width":1200,"height":1600,"url":"https:\/\/www.polypoles.com\/wp-content\/uploads\/2021\/02\/Generateur-dair-chaud-fioul.jpeg","type":"image\/jpeg"}],"twitter_card":"summary_large_image","twitter_misc":{"Tiempo de lectura":"2 minutos"},"schema":{"@context":"https:\/\/schema.org","@graph":[{"@type":"WebPage","@id":"https:\/\/www.polypoles.com\/es\/noticias\/nuestros-logros\/generador-de-aire-caliente-de-gasoleo-mantener-una-temperatura-de-25c\/","url":"https:\/\/www.polypoles.com\/es\/noticias\/nuestros-logros\/generador-de-aire-caliente-de-gasoleo-mantener-una-temperatura-de-25c\/","name":"Generador de aire caliente de gas\u00f3leo: mantener una temperatura de 25\u00b0C","isPartOf":{"@id":"https:\/\/www.polypoles.com\/es\/#website"},"primaryImageOfPage":{"@id":"https:\/\/www.polypoles.com\/es\/noticias\/nuestros-logros\/generador-de-aire-caliente-de-gasoleo-mantener-una-temperatura-de-25c\/#primaryimage"},"image":{"@id":"https:\/\/www.polypoles.com\/es\/noticias\/nuestros-logros\/generador-de-aire-caliente-de-gasoleo-mantener-una-temperatura-de-25c\/#primaryimage"},"thumbnailUrl":"https:\/\/www.polypoles.com\/wp-content\/uploads\/2021\/02\/Generateur-dair-chaud-fioul.jpeg","datePublished":"2021-02-08T15:24:50+00:00","dateModified":"2024-11-19T15:53:17+00:00","description":"Generador de aire caliente alimentado con gas\u00f3leo en alquiler para mantener una temperatura de 25\u00b0C en una zona de almacenamiento de equipos. Contacta con nosotros","breadcrumb":{"@id":"https:\/\/www.polypoles.com\/es\/noticias\/nuestros-logros\/generador-de-aire-caliente-de-gasoleo-mantener-una-temperatura-de-25c\/#breadcrumb"},"inLanguage":"es","potentialAction":[{"@type":"ReadAction","target":["https:\/\/www.polypoles.com\/es\/noticias\/nuestros-logros\/generador-de-aire-caliente-de-gasoleo-mantener-una-temperatura-de-25c\/"]}]},{"@type":"ImageObject","inLanguage":"es","@id":"https:\/\/www.polypoles.com\/es\/noticias\/nuestros-logros\/generador-de-aire-caliente-de-gasoleo-mantener-una-temperatura-de-25c\/#primaryimage","url":"https:\/\/www.polypoles.com\/wp-content\/uploads\/2021\/02\/Generateur-dair-chaud-fioul.jpeg","contentUrl":"https:\/\/www.polypoles.com\/wp-content\/uploads\/2021\/02\/Generateur-dair-chaud-fioul.jpeg","width":1200,"height":1600},{"@type":"BreadcrumbList","@id":"https:\/\/www.polypoles.com\/es\/noticias\/nuestros-logros\/generador-de-aire-caliente-de-gasoleo-mantener-una-temperatura-de-25c\/#breadcrumb","itemListElement":[{"@type":"ListItem","position":1,"name":"Home","item":"https:\/\/www.polypoles.com\/es\/"},{"@type":"ListItem","position":2,"name":"Noticias","item":"https:\/\/www.polypoles.com\/es\/noticias\/"},{"@type":"ListItem","position":3,"name":"Nuestros logros","item":"https:\/\/www.polypoles.com\/es\/noticias\/nuestros-logros\/"},{"@type":"ListItem","position":4,"name":"Generador de aire caliente de gas\u00f3leo: mantener una temperatura de 25\u00b0C"}]},{"@type":"WebSite","@id":"https:\/\/www.polypoles.com\/es\/#website","url":"https:\/\/www.polypoles.com\/es\/","name":"Polypoles","description":"Votre partenaire chaud-froid","publisher":{"@id":"https:\/\/www.polypoles.com\/es\/#organization"},"potentialAction":[{"@type":"SearchAction","target":{"@type":"EntryPoint","urlTemplate":"https:\/\/www.polypoles.com\/es\/?s={search_term_string}"},"query-input":{"@type":"PropertyValueSpecification","valueRequired":true,"valueName":"search_term_string"}}],"inLanguage":"es"},{"@type":"Organization","@id":"https:\/\/www.polypoles.com\/es\/#organization","name":"Polypoles","url":"https:\/\/www.polypoles.com\/es\/","logo":{"@type":"ImageObject","inLanguage":"es","@id":"https:\/\/www.polypoles.com\/es\/#\/schema\/logo\/image\/","url":"https:\/\/www.polypoles.com\/wp-content\/uploads\/2024\/06\/base-25-cm-300-DPI-scaled.jpg","contentUrl":"https:\/\/www.polypoles.com\/wp-content\/uploads\/2024\/06\/base-25-cm-300-DPI-scaled.jpg","width":2560,"height":497,"caption":"Polypoles"},"image":{"@id":"https:\/\/www.polypoles.com\/es\/#\/schema\/logo\/image\/"}}]}},"_links":{"self":[{"href":"https:\/\/www.polypoles.com\/es\/wp-json\/wp\/v2\/pages\/25001","targetHints":{"allow":["GET"]}}],"collection":[{"href":"https:\/\/www.polypoles.com\/es\/wp-json\/wp\/v2\/pages"}],"about":[{"href":"https:\/\/www.polypoles.com\/es\/wp-json\/wp\/v2\/types\/page"}],"author":[{"embeddable":true,"href":"https:\/\/www.polypoles.com\/es\/wp-json\/wp\/v2\/users\/3"}],"replies":[{"embeddable":true,"href":"https:\/\/www.polypoles.com\/es\/wp-json\/wp\/v2\/comments?post=25001"}],"version-history":[{"count":1,"href":"https:\/\/www.polypoles.com\/es\/wp-json\/wp\/v2\/pages\/25001\/revisions"}],"predecessor-version":[{"id":25010,"href":"https:\/\/www.polypoles.com\/es\/wp-json\/wp\/v2\/pages\/25001\/revisions\/25010"}],"up":[{"embeddable":true,"href":"https:\/\/www.polypoles.com\/es\/wp-json\/wp\/v2\/pages\/25139"}],"wp:featuredmedia":[{"embeddable":true,"href":"https:\/\/www.polypoles.com\/es\/wp-json\/wp\/v2\/media\/11709"}],"wp:attachment":[{"href":"https:\/\/www.polypoles.com\/es\/wp-json\/wp\/v2\/media?parent=25001"}],"wp:term":[{"taxonomy":"post_tag","embeddable":true,"href":"https:\/\/www.polypoles.com\/es\/wp-json\/wp\/v2\/tags?post=25001"}],"curies":[{"name":"wp","href":"https:\/\/api.w.org\/{rel}","templated":true}]}}