{"id":24935,"date":"2021-03-03T19:24:29","date_gmt":"2021-03-03T18:24:29","guid":{"rendered":"https:\/\/www.polypoles.com\/alquiler-de-enfriadores-de-vino\/"},"modified":"2025-03-24T12:03:15","modified_gmt":"2025-03-24T11:03:15","slug":"alquiler-de-enfriadores-de-vino","status":"publish","type":"page","link":"https:\/\/www.polypoles.com\/es\/alquiler-de-enfriadores-de-vino\/","title":{"rendered":"Alquiler de enfriadores de vino"},"content":{"rendered":"<div class=\"wpb-content-wrapper\"><p>[vc_row][vc_column]<div class=\"rs-header-title header-center  \">         \r\n        \t\t<h1 class=\"title\">Alquiler de enfriadores de vino<\/h1><\/div>[vc_row_inner][vc_column_inner width=\u00bb2\/3&#8243;][vc_column_text css=\u00bb\u00bb]<\/p>\n<h2>Alquiler de enfriadores de vino<\/h2>\n<p>POLYPOLES est\u00e1 especializada en el alquiler de enfriadoras de vino desde 2005. De hecho, en aquel momento, alquilamos m\u00e1s de quince enfriadoras para el evento mundial Vinexpo. Desde entonces, nuestros contratos se han renovado cada 2 a\u00f1os.  <\/p>\n<p>Como la sede est\u00e1 en Burdeos, regi\u00f3n famosa por su producci\u00f3n vin\u00edcola (Saint Emilion, M\u00e9doc, Saint Est\u00e8phe, Margaux, etc.), los ch\u00e2teaux han recurrido a Polypoles para que les suministre enfriadores para la producci\u00f3n de su vino, en particular para optimizar la fermentaci\u00f3n malol\u00e1ctica.<\/p>\n<p>En la actualidad, nuestra flota ha crecido hasta contar con m\u00e1s de 100<a href=\"https:\/\/www.polypoles.com\/es\/alquiler-de-enfriadoras\/\"> enfriadores de alquiler<\/a>. En el mercado vitivin\u00edcola franc\u00e9s (Alsacia, Borgo\u00f1a, C\u00f4tes du Rh\u00f4ne, etc.) se reconoce nuestra experiencia y la proximidad de nuestras filiales a las regiones vit\u00edcolas. <\/p>\n<p>&nbsp;<\/p>\n<p>Si necesitas alquilar un enfriador de vino, nuestros t\u00e9cnicos especializados est\u00e1n aqu\u00ed para ayudarte.[\/vc_column_text][vc_column_text][\/vc_column_text][\/vc_column_inner][vc_column_inner width=\u00bb1\/3&#8243;][vc_single_image image=\u00bb11795&#8243; img_size=\u00bblarge\u00bb][\/vc_column_inner][\/vc_row_inner][\/vc_column][\/vc_row][vc_row][vc_column width=\u00bb1\/3&#8243;][vc_btn title=\u00bb0 810 020 851&#8243; color=\u00bbjuicy-pink\u00bb size=\u00bblg\u00bb align=\u00bbcenter\u00bb i_icon_fontawesome=\u00bbfa fa-phone\u00bb add_icon=\u00bbtrue\u00bb link=\u00bburl:tel%3A%2B33810020851|title:Llama%20a%20Polypoles|rel:nofollow|\u00bb el_class=\u00bbappel\u00bb][\/vc_column][vc_column width=\u00bb1\/3&#8243;][vc_btn title=\u00bbCita\u00bb color=\u00bbprimary\u00bb size=\u00bblg\u00bb i_icon_fontawesome=\u00bbfa fa-envelope-o\u00bb add_icon=\u00bbtrue\u00bb link=\u00bburl:https%3A%2F%2Fwww.polypoles.com%2Fes%2Fponte-en-contacto-con%2F|title:Ponte%20en%20contacto%20con%20nosotros|\u00bb el_class=\u00bbdevis\u00bb][\/vc_column][\/vc_row][vc_row][vc_column][vc_separator][\/vc_column][\/vc_row][vc_row gap=\u00bb35&#8243; equal_height=\u00bbyes\u00bb content_placement=\u00bbmiddle\u00bb el_class=\u00bbgamme\u00bb][vc_column width=\u00bb1\/4&#8243;][vc_single_image image=\u00bb11811&#8243; img_size=\u00bbmedium\u00bb alignment=\u00bbcenter\u00bb onclick=\u00bbcustom_link\u00bb link=\u00bbhttps:\/\/www.polypoles.com\/es\/alquiler-de-calefaccion-industrial\/\u00bb][\/vc_column][vc_column width=\u00bb3\/4&#8243;][vc_column_text]<\/p>\n<h3>Alquila tu material para un ahorro garantizado<\/h3>\n<p>Optar por contratar una enfriadora durante el proceso de vinificaci\u00f3n significa que no tienes que invertir en una costosa instalaci\u00f3n. Esta soluci\u00f3n tiene una serie de ventajas <\/p>\n<ul>\n<li>Sin inversi\u00f3n<\/li>\n<li>No se tiene en cuenta la depreciaci\u00f3n<\/li>\n<li>Sin almacenamiento en m\u00e1quina (ahorra espacio)<\/li>\n<li>Sin revisi\u00f3n, mantenimiento ni reparaci\u00f3n a tu cargo<\/li>\n<li>Sustituci\u00f3n del material en caso de aver\u00eda<\/li>\n<li>Modularidad en la elecci\u00f3n del equipamiento (posibilidad de actualizar tu soluci\u00f3n).<\/li>\n<\/ul>\n<p>[\/vc_column_text][\/vc_column][\/vc_row][vc_row][vc_column][vc_empty_space height=\u00bb50px\u00bb][vc_separator][\/vc_column][\/vc_row][vc_row][vc_column][vc_empty_space height=\u00bb50px\u00bb][vc_column_text]<\/p>\n<h2>Cat\u00e1logo de refrigeradores<\/h2>\n<p>[\/vc_column_text]<div class=\"woocommerce columns-4 \"><ul class=\"products columns-4\">\n<li class=\"product type-product post-25479 status-publish first instock product_cat-aire-acondicionado product_cat-unidad-de-refrigeracion has-post-thumbnail taxable shipping-taxable product-type-simple\">\n\t<div class=\"product-list\">\n \t<div class=\"single-details\">\n \t\t<div class=\"images-product\">\n\t\t\t<a href=\"https:\/\/www.polypoles.com\/es\/produit\/enfriador-de-agua-mono\/\"><img loading=\"lazy\" decoding=\"async\" width=\"227\" height=\"227\" src=\"https:\/\/www.polypoles.com\/wp-content\/uploads\/2020\/06\/GEG-HLI-Monophas\u00e9.jpg\" class=\"attachment-shop_catalog size-shop_catalog wp-post-image\" alt=\"\" srcset=\"https:\/\/www.polypoles.com\/wp-content\/uploads\/2020\/06\/GEG-HLI-Monophas\u00e9.jpg 227w, https:\/\/www.polypoles.com\/wp-content\/uploads\/2020\/06\/GEG-HLI-Monophas\u00e9-150x150.jpg 150w, https:\/\/www.polypoles.com\/wp-content\/uploads\/2020\/06\/GEG-HLI-Monophas\u00e9-100x100.jpg 100w\" sizes=\"auto, (max-width: 227px) 100vw, 227px\" \/><\/a>\t\t<\/div>\n\t<\/div>\n<\/div><h2 class=\"woocommerce-loop-product__title\"><a href=\"https:\/\/www.polypoles.com\/es\/produit\/enfriador-de-agua-mono\/\">Enfriadora de agua mono (de 3 a 7,2 kW)<\/a><\/h2>\n<\/li>\n<li class=\"product type-product post-25468 status-publish instock product_cat-aire-acondicionado product_cat-unidad-de-refrigeracion has-post-thumbnail taxable shipping-taxable product-type-simple\">\n\t<div class=\"product-list\">\n \t<div class=\"single-details\">\n \t\t<div class=\"images-product\">\n\t\t\t<a href=\"https:\/\/www.polypoles.com\/es\/produit\/unidad-trifasica-de-agua-fria\/\"><img loading=\"lazy\" decoding=\"async\" width=\"300\" height=\"300\" src=\"https:\/\/www.polypoles.com\/wp-content\/uploads\/2020\/06\/HL-i30i4050-300x300.jpg\" class=\"attachment-shop_catalog size-shop_catalog wp-post-image\" alt=\"\" srcset=\"https:\/\/www.polypoles.com\/wp-content\/uploads\/2020\/06\/HL-i30i4050-300x300.jpg 300w, https:\/\/www.polypoles.com\/wp-content\/uploads\/2020\/06\/HL-i30i4050-150x150.jpg 150w, https:\/\/www.polypoles.com\/wp-content\/uploads\/2020\/06\/HL-i30i4050-100x100.jpg 100w, https:\/\/www.polypoles.com\/wp-content\/uploads\/2020\/06\/HL-i30i4050.jpg 600w\" sizes=\"auto, (max-width: 300px) 100vw, 300px\" \/><\/a>\t\t<\/div>\n\t<\/div>\n<\/div><h2 class=\"woocommerce-loop-product__title\"><a href=\"https:\/\/www.polypoles.com\/es\/produit\/unidad-trifasica-de-agua-fria\/\">Unidad trif\u00e1sica de agua fr\u00eda (de 9,7 a 53 kW)<\/a><\/h2>\n<\/li>\n<\/ul>\n<\/div>[\/vc_column][\/vc_row][vc_row][vc_column][vc_column_text]<\/p>\n<h2> <strong>\u00bfPor qu\u00e9 contratar un enfriador de vino?<\/strong><\/h2>\n<p>El enfriador de vino se ha convertido en una parte esencial del proceso de producci\u00f3n de vinos de calidad.<\/p>\n<p>Te ayuda a hacer frente a las limitaciones de temperatura y te acompa\u00f1a en las distintas etapas de la vinificaci\u00f3n:<\/p>\n<ul>\n<li>Al procesar la cosecha<\/li>\n<li>Durante las distintas fases de la fermentaci\u00f3n alcoh\u00f3lica y malol\u00e1ctica, as\u00ed como la estabilidad tart\u00e1rica y la precipitaci\u00f3n.<\/li>\n<\/ul>\n<p>Tenemos una amplia experiencia en bucles de refrigeraci\u00f3n en la industria vitivin\u00edcola (nuestra sede est\u00e1 en Burdeos). Por eso, todos los a\u00f1os reservamos toda nuestra flota de la Gironda para el periodo de vendimia. <\/p>\n<p>Nuestros servicios de alquiler son especialmente interesantes para un uso ocasional o cuando se aver\u00eda tu equipo fijo.[\/vc_column_text][\/vc_column][\/vc_row][vc_row][vc_column][vc_separator][vc_column_text]<\/p>\n<h2>\u00bfQuieres alquilar un enfriador o recibir asesoramiento?<\/h2>\n<p>Ponte en contacto con nosotros por tel\u00e9fono o rellena el siguiente formulario.[\/vc_column_text][\/vc_column][\/vc_row][vc_row][vc_column width=\u00bb1\/4&#8243;][vc_btn title=\u00bb0810 020 851&#8243; color=\u00bbjuicy-pink\u00bb size=\u00bblg\u00bb i_icon_fontawesome=\u00bbfa fa-phone\u00bb add_icon=\u00bbtrue\u00bb link=\u00bburl:tel%3A%2B33810020851|target:%20_blank|\u00bb el_class=\u00bbappel\u00bb][\/vc_column][vc_column width=\u00bb3\/4&#8243;]\n<div class=\"wpcf7 no-js\" id=\"wpcf7-f24308-o1\" lang=\"es-ES\" dir=\"ltr\" data-wpcf7-id=\"24308\">\n<div class=\"screen-reader-response\"><p role=\"status\" aria-live=\"polite\" aria-atomic=\"true\"><\/p> <ul><\/ul><\/div>\n<form action=\"\/es\/wp-json\/wp\/v2\/pages\/24935#wpcf7-f24308-o1\" method=\"post\" class=\"wpcf7-form init\" aria-label=\"Formulario de contacto\" novalidate=\"novalidate\" data-status=\"init\">\n<div style=\"display: none;\">\n<input type=\"hidden\" name=\"_wpcf7\" value=\"24308\" \/>\n<input type=\"hidden\" name=\"_wpcf7_version\" value=\"6.0.6\" \/>\n<input type=\"hidden\" name=\"_wpcf7_locale\" value=\"es_ES\" \/>\n<input type=\"hidden\" name=\"_wpcf7_unit_tag\" value=\"wpcf7-f24308-o1\" \/>\n<input type=\"hidden\" name=\"_wpcf7_container_post\" value=\"0\" \/>\n<input type=\"hidden\" name=\"_wpcf7_posted_data_hash\" value=\"\" \/>\n<input type=\"hidden\" name=\"_wpcf7_recaptcha_response\" value=\"\" \/>\n<\/div>\n<p><i>Todos los campos son obligatorios.<\/i>\n<\/p>\n<div class=\"row\">\n\t<div class=\"col-sm-4\">\n\t\t<p><label> Tu nombre<br \/>\n<span class=\"wpcf7-form-control-wrap\" data-name=\"Votrenom\"><input size=\"40\" maxlength=\"400\" class=\"wpcf7-form-control wpcf7-text wpcf7-validates-as-required\" aria-required=\"true\" aria-invalid=\"false\" value=\"\" type=\"text\" name=\"Votrenom\" \/><\/span><\/label>\n\t\t<\/p>\n\t<\/div>\n\t<div class=\"col-sm-4\">\n\t\t<p><label> Tu empresa<br \/>\n<span class=\"wpcf7-form-control-wrap\" data-name=\"societe\"><input size=\"40\" maxlength=\"400\" class=\"wpcf7-form-control wpcf7-text wpcf7-validates-as-required\" aria-required=\"true\" aria-invalid=\"false\" value=\"\" type=\"text\" name=\"societe\" \/><\/span> <\/label>\n\t\t<\/p>\n\t<\/div>\n\t<div class=\"col-sm-4\">\n\t\t<p><label> Tu e-mail<br \/>\n<span class=\"wpcf7-form-control-wrap\" data-name=\"your-email\"><input size=\"40\" maxlength=\"400\" class=\"wpcf7-form-control wpcf7-email wpcf7-validates-as-required wpcf7-text wpcf7-validates-as-email\" aria-required=\"true\" aria-invalid=\"false\" value=\"\" type=\"email\" name=\"your-email\" \/><\/span> <\/label>\n\t\t<\/p>\n\t<\/div>\n\t<div class=\"col-sm-4\">\n\t\t<p><label> Tu n\u00famero de tel\u00e9fono<br \/>\n<span class=\"wpcf7-form-control-wrap\" data-name=\"phone\"><input size=\"40\" maxlength=\"400\" class=\"wpcf7-form-control wpcf7-tel wpcf7-validates-as-required wpcf7-text wpcf7-validates-as-tel\" aria-required=\"true\" aria-invalid=\"false\" value=\"\" type=\"tel\" name=\"phone\" \/><\/span> <\/label>\n\t\t<\/p>\n\t<\/div>\n\t<div class=\"col-sm-4\">\n\t\t<p><label><br \/>\n<span class=\"wpcf7-form-control-wrap\" data-name=\"typologie\"><select class=\"wpcf7-form-control wpcf7-select wpcf7-validates-as-required\" aria-required=\"true\" aria-invalid=\"false\" name=\"typologie\"><option value=\"Tu solicitud se refiere a la venta en alquiler de otros\">Tu solicitud se refiere a la venta en alquiler de otros<\/option><\/select><\/span> <\/label>\n\t\t<\/p>\n\t<\/div>\n\t<div class=\"col-sm-4\">\n\t\t<p><label> Tu departamento<br \/>\n<span class=\"wpcf7-form-control-wrap\" data-name=\"departement\"><input size=\"40\" maxlength=\"400\" class=\"wpcf7-form-control wpcf7-text wpcf7-validates-as-required\" aria-required=\"true\" aria-invalid=\"false\" value=\"\" type=\"text\" name=\"departement\" \/><\/span> <\/label>\n\t\t<\/p>\n\t<\/div>\n\t<div class=\"col-sm-12\">\n\t\t<p><label> Tu mensaje<br \/>\n<span class=\"wpcf7-form-control-wrap\" data-name=\"your-message\"><textarea cols=\"40\" rows=\"10\" maxlength=\"2000\" class=\"wpcf7-form-control wpcf7-textarea wpcf7-validates-as-required\" aria-required=\"true\" aria-invalid=\"false\" name=\"your-message\"><\/textarea><\/span> <\/label>\n\t\t<\/p>\n\t<\/div>\n\t<p><span class=\"wpcf7-form-control-wrap\" data-name=\"RGPD\"><span class=\"wpcf7-form-control wpcf7-checkbox wpcf7-validates-as-required\"><span class=\"wpcf7-list-item first last\"><label><input type=\"checkbox\" name=\"RGPD[]\" value=\"Acepto que los datos introducidos en este formulario sean utilizados por Polypoles para tramitar mi solicitud.\" \/><span class=\"wpcf7-list-item-label\">Acepto que los datos introducidos en este formulario sean utilizados por Polypoles para tramitar mi solicitud.<\/span><\/label><\/span><\/span><\/span>\n\t<\/p>\n\t<div class=\"form-button col-sm-12\">\n\t\t<div class=\"form-button col-sm-12\">\n\t\t\t<p class=\"submit-btn\"><input class=\"wpcf7-form-control wpcf7-submit has-spinner\" type=\"submit\" value=\"Confirma\" \/><i class=\"fa flaticon-right-arrow\"><\/i>\n\t\t\t<\/p>\n\t\t<\/div>\n\t<\/div>\n<\/div><input type='hidden' class='wpcf7-pum' value='{\"closepopup\":false,\"closedelay\":0,\"openpopup\":false,\"openpopup_id\":0}' \/><div class=\"wpcf7-response-output\" aria-hidden=\"true\"><\/div>\n<\/form>\n<\/div>\n[\/vc_column][\/vc_row][vc_row][vc_column][vc_empty_space height=\u00bb50px\u00bb][vc_column_text]<\/p>\n<h2>Polypoles, socio local<\/h2>\n<p>Como <strong>especialistas en calor y fr\u00edo de emergencia<\/strong>, tenemos capacidad para intervenir con extrema rapidez en caso de aver\u00eda, ola de fr\u00edo o deshielo. Esto se debe a nuestras 7 delegaciones en Francia<strong>(Par\u00eds, Lille, Burdeos, Lyon, Toulouse, Nancy y Nantes<\/strong>) y a nuestro stock permanente de equipos, que se prueban y comprueban antes de ser alquilados. Garantizamos el rendimiento de nuestros clientes ofreci\u00e9ndoles una gama de equipos fiables y resistentes. El <strong>servicio al cliente<\/strong> es uno de nuestros <strong>fundamentos <\/strong>[\/vc_column_text][\/vc_column][\/vc_row][vc_row][vc_column][vc_column_text]<\/p>\n<h2> <strong>\u00bfC\u00f3mo funciona un enfriador?<\/strong><\/h2>\n<p>Se trata de equipos de refrigeraci\u00f3n dise\u00f1ados para producir agua refrigerada para diversas aplicaciones.<\/p>\n<p>El aparato es una unidad monobloque con un circuito frigor\u00edfico de compresor compuesto por :<\/p>\n<ul>\n<li>Un evaporador, empotrado en un dep\u00f3sito o con una placa, que produce el fr\u00edo<\/li>\n<li>Un condensador, normalmente refrigerado por aire<\/li>\n<\/ul>\n<p>El agua que circula por el enfriador suele estar conectada a un circuito cerrado. De este modo, las frigor\u00edas (=calor\u00edas negativas) son transportadas por el agua, que tiene una masa t\u00e9rmica muy elevada. <\/p>\n<p>Hay que tener en cuenta que ahora las enfriadoras suelen ser reversibles (bomba de calor): por tanto, tambi\u00e9n es posible producir agua caliente a demanda.<\/p>\n<p>La unidad de agua enfriada tiene la ventaja de producir agua fr\u00eda y caliente (aire acondicionado y calefacci\u00f3n) con una sola m\u00e1quina. Tambi\u00e9n es una ventaja en t\u00e9rminos de impacto medioambiental y ahorro energ\u00e9tico, ya que las enfriadoras reversibles consumen s\u00f3lo 1 kWh de electricidad para producir unos 3 kWh de calefacci\u00f3n. <\/p>\n<p>POLYPOLES es especialista en enfriadoras (s\u00f3lo fr\u00edo o reversibles) de 3 a 120 kW de potencia. Tambi\u00e9n disponemos de una red de socios para potencias mayores[\/vc_column_text][\/vc_column][\/vc_row]<\/p>\n<\/div>","protected":false},"excerpt":{"rendered":"<p>[vc_row][vc_column][vc_row_inner][vc_column_inner width=\u00bb2\/3&#8243;][vc_column_text css=\u00bb\u00bb] Alquiler de enfriadores de vino POLYPOLES est\u00e1 especializada en el alquiler de enfriadoras de vino desde 2005. De hecho, en aquel momento, alquilamos m\u00e1s de quince enfriadoras para el evento mundial Vinexpo. Desde entonces, nuestros contratos se han renovado cada 2 a\u00f1os. Como la sede est\u00e1 en Burdeos, regi\u00f3n famosa por su&#8230;<\/p>\n","protected":false},"author":3,"featured_media":0,"parent":0,"menu_order":0,"comment_status":"closed","ping_status":"closed","template":"","meta":{"_acf_changed":false,"footnotes":""},"tags":[],"class_list":["post-24935","page","type-page","status-publish","hentry"],"acf":[],"yoast_head":"<!-- This site is optimized with the Yoast SEO plugin v24.9 - https:\/\/yoast.com\/wordpress\/plugins\/seo\/ -->\n<title>Alquiler de enfriadoras de vino | Polypoles enfriadora de agua<\/title>\n<meta name=\"description\" content=\"Alquiler de enfriadoras de vino. Alquila enfriadoras al mejor precio. Asesoramiento y asistencia. Contacta con Polypoles.\" \/>\n<meta name=\"robots\" content=\"index, follow, max-snippet:-1, max-image-preview:large, max-video-preview:-1\" \/>\n<link rel=\"canonical\" href=\"https:\/\/www.polypoles.com\/es\/alquiler-de-enfriadores-de-vino\/\" \/>\n<meta property=\"og:locale\" content=\"es_ES\" \/>\n<meta property=\"og:type\" content=\"article\" \/>\n<meta property=\"og:title\" content=\"Alquiler de enfriadoras de vino | Polypoles enfriadora de agua\" \/>\n<meta property=\"og:description\" content=\"Alquiler de enfriadoras de vino. Alquila enfriadoras al mejor precio. Asesoramiento y asistencia. Contacta con Polypoles.\" \/>\n<meta property=\"og:url\" content=\"https:\/\/www.polypoles.com\/es\/alquiler-de-enfriadores-de-vino\/\" \/>\n<meta property=\"og:site_name\" content=\"Polypoles\" \/>\n<meta property=\"article:modified_time\" content=\"2025-03-24T11:03:15+00:00\" \/>\n<meta name=\"twitter:card\" content=\"summary_large_image\" \/>\n<meta name=\"twitter:label1\" content=\"Tiempo de lectura\" \/>\n\t<meta name=\"twitter:data1\" content=\"5 minutos\" \/>\n<script type=\"application\/ld+json\" class=\"yoast-schema-graph\">{\"@context\":\"https:\/\/schema.org\",\"@graph\":[{\"@type\":\"WebPage\",\"@id\":\"https:\/\/www.polypoles.com\/es\/alquiler-de-enfriadores-de-vino\/\",\"url\":\"https:\/\/www.polypoles.com\/es\/alquiler-de-enfriadores-de-vino\/\",\"name\":\"Alquiler de enfriadoras de vino | Polypoles enfriadora de agua\",\"isPartOf\":{\"@id\":\"https:\/\/www.polypoles.com\/es\/#website\"},\"datePublished\":\"2021-03-03T18:24:29+00:00\",\"dateModified\":\"2025-03-24T11:03:15+00:00\",\"description\":\"Alquiler de enfriadoras de vino. Alquila enfriadoras al mejor precio. Asesoramiento y asistencia. Contacta con Polypoles.\",\"breadcrumb\":{\"@id\":\"https:\/\/www.polypoles.com\/es\/alquiler-de-enfriadores-de-vino\/#breadcrumb\"},\"inLanguage\":\"es\",\"potentialAction\":[{\"@type\":\"ReadAction\",\"target\":[\"https:\/\/www.polypoles.com\/es\/alquiler-de-enfriadores-de-vino\/\"]}]},{\"@type\":\"BreadcrumbList\",\"@id\":\"https:\/\/www.polypoles.com\/es\/alquiler-de-enfriadores-de-vino\/#breadcrumb\",\"itemListElement\":[{\"@type\":\"ListItem\",\"position\":1,\"name\":\"Home\",\"item\":\"https:\/\/www.polypoles.com\/es\/\"},{\"@type\":\"ListItem\",\"position\":2,\"name\":\"Alquiler de enfriadores de vino\"}]},{\"@type\":\"WebSite\",\"@id\":\"https:\/\/www.polypoles.com\/es\/#website\",\"url\":\"https:\/\/www.polypoles.com\/es\/\",\"name\":\"Polypoles\",\"description\":\"Votre partenaire chaud-froid\",\"publisher\":{\"@id\":\"https:\/\/www.polypoles.com\/es\/#organization\"},\"potentialAction\":[{\"@type\":\"SearchAction\",\"target\":{\"@type\":\"EntryPoint\",\"urlTemplate\":\"https:\/\/www.polypoles.com\/es\/?s={search_term_string}\"},\"query-input\":{\"@type\":\"PropertyValueSpecification\",\"valueRequired\":true,\"valueName\":\"search_term_string\"}}],\"inLanguage\":\"es\"},{\"@type\":\"Organization\",\"@id\":\"https:\/\/www.polypoles.com\/es\/#organization\",\"name\":\"Polypoles\",\"url\":\"https:\/\/www.polypoles.com\/es\/\",\"logo\":{\"@type\":\"ImageObject\",\"inLanguage\":\"es\",\"@id\":\"https:\/\/www.polypoles.com\/es\/#\/schema\/logo\/image\/\",\"url\":\"https:\/\/www.polypoles.com\/wp-content\/uploads\/2024\/06\/base-25-cm-300-DPI-scaled.jpg\",\"contentUrl\":\"https:\/\/www.polypoles.com\/wp-content\/uploads\/2024\/06\/base-25-cm-300-DPI-scaled.jpg\",\"width\":2560,\"height\":497,\"caption\":\"Polypoles\"},\"image\":{\"@id\":\"https:\/\/www.polypoles.com\/es\/#\/schema\/logo\/image\/\"}}]}<\/script>\n<!-- \/ Yoast SEO plugin. -->","yoast_head_json":{"title":"Alquiler de enfriadoras de vino | Polypoles enfriadora de agua","description":"Alquiler de enfriadoras de vino. Alquila enfriadoras al mejor precio. Asesoramiento y asistencia. Contacta con Polypoles.","robots":{"index":"index","follow":"follow","max-snippet":"max-snippet:-1","max-image-preview":"max-image-preview:large","max-video-preview":"max-video-preview:-1"},"canonical":"https:\/\/www.polypoles.com\/es\/alquiler-de-enfriadores-de-vino\/","og_locale":"es_ES","og_type":"article","og_title":"Alquiler de enfriadoras de vino | Polypoles enfriadora de agua","og_description":"Alquiler de enfriadoras de vino. Alquila enfriadoras al mejor precio. Asesoramiento y asistencia. Contacta con Polypoles.","og_url":"https:\/\/www.polypoles.com\/es\/alquiler-de-enfriadores-de-vino\/","og_site_name":"Polypoles","article_modified_time":"2025-03-24T11:03:15+00:00","twitter_card":"summary_large_image","twitter_misc":{"Tiempo de lectura":"5 minutos"},"schema":{"@context":"https:\/\/schema.org","@graph":[{"@type":"WebPage","@id":"https:\/\/www.polypoles.com\/es\/alquiler-de-enfriadores-de-vino\/","url":"https:\/\/www.polypoles.com\/es\/alquiler-de-enfriadores-de-vino\/","name":"Alquiler de enfriadoras de vino | Polypoles enfriadora de agua","isPartOf":{"@id":"https:\/\/www.polypoles.com\/es\/#website"},"datePublished":"2021-03-03T18:24:29+00:00","dateModified":"2025-03-24T11:03:15+00:00","description":"Alquiler de enfriadoras de vino. Alquila enfriadoras al mejor precio. Asesoramiento y asistencia. Contacta con Polypoles.","breadcrumb":{"@id":"https:\/\/www.polypoles.com\/es\/alquiler-de-enfriadores-de-vino\/#breadcrumb"},"inLanguage":"es","potentialAction":[{"@type":"ReadAction","target":["https:\/\/www.polypoles.com\/es\/alquiler-de-enfriadores-de-vino\/"]}]},{"@type":"BreadcrumbList","@id":"https:\/\/www.polypoles.com\/es\/alquiler-de-enfriadores-de-vino\/#breadcrumb","itemListElement":[{"@type":"ListItem","position":1,"name":"Home","item":"https:\/\/www.polypoles.com\/es\/"},{"@type":"ListItem","position":2,"name":"Alquiler de enfriadores de vino"}]},{"@type":"WebSite","@id":"https:\/\/www.polypoles.com\/es\/#website","url":"https:\/\/www.polypoles.com\/es\/","name":"Polypoles","description":"Votre partenaire chaud-froid","publisher":{"@id":"https:\/\/www.polypoles.com\/es\/#organization"},"potentialAction":[{"@type":"SearchAction","target":{"@type":"EntryPoint","urlTemplate":"https:\/\/www.polypoles.com\/es\/?s={search_term_string}"},"query-input":{"@type":"PropertyValueSpecification","valueRequired":true,"valueName":"search_term_string"}}],"inLanguage":"es"},{"@type":"Organization","@id":"https:\/\/www.polypoles.com\/es\/#organization","name":"Polypoles","url":"https:\/\/www.polypoles.com\/es\/","logo":{"@type":"ImageObject","inLanguage":"es","@id":"https:\/\/www.polypoles.com\/es\/#\/schema\/logo\/image\/","url":"https:\/\/www.polypoles.com\/wp-content\/uploads\/2024\/06\/base-25-cm-300-DPI-scaled.jpg","contentUrl":"https:\/\/www.polypoles.com\/wp-content\/uploads\/2024\/06\/base-25-cm-300-DPI-scaled.jpg","width":2560,"height":497,"caption":"Polypoles"},"image":{"@id":"https:\/\/www.polypoles.com\/es\/#\/schema\/logo\/image\/"}}]}},"_links":{"self":[{"href":"https:\/\/www.polypoles.com\/es\/wp-json\/wp\/v2\/pages\/24935","targetHints":{"allow":["GET"]}}],"collection":[{"href":"https:\/\/www.polypoles.com\/es\/wp-json\/wp\/v2\/pages"}],"about":[{"href":"https:\/\/www.polypoles.com\/es\/wp-json\/wp\/v2\/types\/page"}],"author":[{"embeddable":true,"href":"https:\/\/www.polypoles.com\/es\/wp-json\/wp\/v2\/users\/3"}],"replies":[{"embeddable":true,"href":"https:\/\/www.polypoles.com\/es\/wp-json\/wp\/v2\/comments?post=24935"}],"version-history":[{"count":12,"href":"https:\/\/www.polypoles.com\/es\/wp-json\/wp\/v2\/pages\/24935\/revisions"}],"predecessor-version":[{"id":28267,"href":"https:\/\/www.polypoles.com\/es\/wp-json\/wp\/v2\/pages\/24935\/revisions\/28267"}],"wp:attachment":[{"href":"https:\/\/www.polypoles.com\/es\/wp-json\/wp\/v2\/media?parent=24935"}],"wp:term":[{"taxonomy":"post_tag","embeddable":true,"href":"https:\/\/www.polypoles.com\/es\/wp-json\/wp\/v2\/tags?post=24935"}],"curies":[{"name":"wp","href":"https:\/\/api.w.org\/{rel}","templated":true}]}}