{"id":24934,"date":"2021-05-05T09:23:01","date_gmt":"2021-05-05T07:23:01","guid":{"rendered":"https:\/\/www.polypoles.com\/calefaccion-nave-industrial-estructura-de-18-000-m%c2%b2\/"},"modified":"2024-11-19T16:53:18","modified_gmt":"2024-11-19T15:53:18","slug":"calefaccion-nave-industrial-estructura-de-18-000-m%c2%b2","status":"publish","type":"page","link":"https:\/\/www.polypoles.com\/es\/noticias\/nuestros-logros\/calefaccion-nave-industrial-estructura-de-18-000-m%c2%b2\/","title":{"rendered":"Calefacci\u00f3n nave industrial: estructura de 18.000 m\u00b2."},"content":{"rendered":"<div class=\"wpb-content-wrapper\"><p>[vc_row][vc_column][vc_column_text]<\/p>\n<h1 style=\"text-align: center;\">Calefacci\u00f3n para edificios industriales :<\/h1>\n<h1 style=\"text-align: center;\">Estructura de 18.000 m\u00b2<\/h1>\n<p>[\/vc_column_text][\/vc_column][\/vc_row][vc_row][vc_column][vc_column_text]Un fabricante de autom\u00f3viles franc\u00e9s con sede en Metz (Lorena) recurri\u00f3 a POLYPOLES para mantener una temperatura de 12 \u00b0C en una estructura de 18.000 m\u00b2, limitando al mismo tiempo las p\u00e9rdidas de energ\u00eda.[\/vc_column_text][\/vc_column][\/vc_row][vc_row][vc_column][vc_empty_space][\/vc_column][\/vc_row][vc_row][vc_column width=\u00bb2\/3&#8243;][vc_column_text]<\/p>\n<h2>\n            <strong>SOLUCIONES APORTADAS POR LOS POLIPOLOS :<\/strong><br \/>\n          <\/h2>\n<ul>\n<li>Estudio de las p\u00e9rdidas estructurales y las relacionadas con el uso del edificio.<\/li>\n<li>Creaci\u00f3n y propuesta de una soluci\u00f3n a medida teniendo en cuenta las limitaciones financieras del cliente.<\/li>\n<li>Instalaci\u00f3n de <a href=\"https:\/\/www.polypoles.com\/es\/produit\/generador-fijo-de-aire-caliente-gv\/\">3 generadores de aire caliente a gas<\/a> para calentar el espacio.<\/li>\n<li>Instalaci\u00f3n de DIFUSI\u00d3N por conducto perforado suspendido para un total de : 270 metros lineales de aire para homogeneizar el ambiente.<\/li>\n<li>Instalaci\u00f3n de <a href=\"https:\/\/www.polypoles.com\/es\/produit\/cortina-de-aire-caliente-electronica-flowair-elis-g200\/\">18 cortinas de aire<\/a> en la parte superior de las aberturas para limitar la p\u00e9rdida de calor asociada al uso de la estructura.<\/li>\n<\/ul>\n<p>[\/vc_column_text][vc_column_text]<\/p>\n<h2><strong>POLYPOLES EST\u00c1 ESPECIALIZADO EN SOLUCIONES A MEDIDA  <\/strong><\/h2>\n<p>La instalaci\u00f3n de los equipos se vio facilitada por el preciso trabajo de la oficina de dise\u00f1o. Los planos en 2D y 3D permitieron a nuestro equipo de obra y a nuestro cliente visualizar el resultado final. Hubo que hacer muy pocos cambios durante la ejecuci\u00f3n, y los trabajos se desarrollaron sin contratiempos y seg\u00fan lo previsto. <\/p>\n<h2><strong>SATISFACCI\u00d3N DEL CLIENTE  <\/strong><\/h2>\n<p>No se hicieron reservas en el momento de nuestra aceptaci\u00f3n del sitio, que era muy exigente.<\/p>\n<p>[\/vc_column_text][vc_empty_space][\/vc_column][vc_column width=\u00bb1\/3&#8243;][vc_single_image image=\u00bb12304&#8243; img_size=\u00bbmedium\u00bb alignment=\u00bbright\u00bb][vc_single_image image=\u00bb12322&#8243; img_size=\u00bbmedium\u00bb alignment=\u00bbright\u00bb][vc_single_image image=\u00bb12314&#8243; img_size=\u00bbmedium\u00bb alignment=\u00bbright\u00bb][\/vc_column][\/vc_row][vc_row][vc_column][vc_empty_space][\/vc_column][\/vc_row][vc_row][vc_column][vc_column_text]<\/p>\n<h3 style=\"text-align: center;\">Tanto el funcionamiento del equipo como los gr\u00e1ficos se ajustan al estudio.<\/h3>\n<p>[\/vc_column_text][\/vc_column][\/vc_row][vc_row][vc_column][vc_single_image image=\u00bb12300&#8243; img_size=\u00bblarge\u00bb alignment=\u00bbcenter\u00bb][\/vc_column][\/vc_row][vc_row][vc_column][vc_empty_space][\/vc_column][\/vc_row][vc_row][vc_column][vc_empty_space][\/vc_column][\/vc_row][vc_row][vc_column][vc_column_text]<\/p>\n<h2>Los productos utilizados para este proyecto<\/h2>\n<p>[\/vc_column_text]<div class=\"woocommerce columns-3 \"><ul class=\"products columns-3\">\n<li class=\"product type-product post-25813 status-publish first instock product_cat-calefaccion product_cat-cortina-de-aire-caliente has-post-thumbnail taxable shipping-taxable product-type-simple\">\n\t<div class=\"product-list\">\n \t<div class=\"single-details\">\n \t\t<div class=\"images-product\">\n\t\t\t<a href=\"https:\/\/www.polypoles.com\/es\/produit\/cortina-de-aire-caliente-electronica-flowair-elis-g200\/\"><img loading=\"lazy\" decoding=\"async\" width=\"300\" height=\"300\" src=\"https:\/\/www.polypoles.com\/wp-content\/uploads\/2020\/06\/produkt_ELiS-Gv1-300x300.jpg\" class=\"attachment-shop_catalog size-shop_catalog wp-post-image\" alt=\"\" srcset=\"https:\/\/www.polypoles.com\/wp-content\/uploads\/2020\/06\/produkt_ELiS-Gv1-300x300.jpg 300w, https:\/\/www.polypoles.com\/wp-content\/uploads\/2020\/06\/produkt_ELiS-Gv1-150x150.jpg 150w, https:\/\/www.polypoles.com\/wp-content\/uploads\/2020\/06\/produkt_ELiS-Gv1-100x100.jpg 100w, https:\/\/www.polypoles.com\/wp-content\/uploads\/2020\/06\/produkt_ELiS-Gv1.jpg 591w\" sizes=\"auto, (max-width: 300px) 100vw, 300px\" \/><\/a>\t\t<\/div>\n\t<\/div>\n<\/div><h2 class=\"woocommerce-loop-product__title\"><a href=\"https:\/\/www.polypoles.com\/es\/produit\/cortina-de-aire-caliente-electronica-flowair-elis-g200\/\">Cortina de aire caliente electr\u00f3nica Flowair ELIS G200<\/a><\/h2>\n<\/li>\n<li class=\"product type-product post-25746 status-publish instock product_cat-calefaccion product_cat-calefaccion-de-gasoleo product_cat-calefaccion-industrial-de-gas product_cat-calentamiento-de-gran-volumen product_cat-generador-de-aire-caliente-alimentado-con-gasoleo has-post-thumbnail taxable shipping-taxable product-type-simple\">\n\t<div class=\"product-list\">\n \t<div class=\"single-details\">\n \t\t<div class=\"images-product\">\n\t\t\t<a href=\"https:\/\/www.polypoles.com\/es\/produit\/generador-fijo-de-aire-caliente-gv\/\"><img loading=\"lazy\" decoding=\"async\" width=\"300\" height=\"300\" src=\"https:\/\/www.polypoles.com\/wp-content\/uploads\/2020\/06\/generateur_fixe_air_chaud3-300x300.jpg\" class=\"attachment-shop_catalog size-shop_catalog wp-post-image\" alt=\"\" srcset=\"https:\/\/www.polypoles.com\/wp-content\/uploads\/2020\/06\/generateur_fixe_air_chaud3-300x300.jpg 300w, https:\/\/www.polypoles.com\/wp-content\/uploads\/2020\/06\/generateur_fixe_air_chaud3-150x150.jpg 150w, https:\/\/www.polypoles.com\/wp-content\/uploads\/2020\/06\/generateur_fixe_air_chaud3-100x100.jpg 100w\" sizes=\"auto, (max-width: 300px) 100vw, 300px\" \/><\/a>\t\t<\/div>\n\t<\/div>\n<\/div><h2 class=\"woocommerce-loop-product__title\"><a href=\"https:\/\/www.polypoles.com\/es\/produit\/generador-fijo-de-aire-caliente-gv\/\">Generador fijo de aire caliente GV<\/a><\/h2>\n<\/li>\n<\/ul>\n<\/div>[\/vc_column][\/vc_row][vc_row][vc_column][vc_btn title=\u00bbVer otros proyectos\u00bb align=\u00bbcenter\u00bb i_align=\u00bbright\u00bb i_icon_fontawesome=\u00bbfa fa-angle-double-right\u00bb add_icon=\u00bbtrue\u00bb link=\u00bburl:https%3A%2F%2Fwww.polypoles.com%2Factualites%2Frealisations%2F|title:Nuestros%20logros|\u00bb][\/vc_column][\/vc_row]<\/p>\n<\/div>","protected":false},"excerpt":{"rendered":"<p>  Calefacci\u00f3n de edificio industrial: estructura de 18.000 m\u00b2.<br \/>\nPOL\u00cdPOLOS, \u00a1experiencia y saber hacer! <\/p>\n","protected":false},"author":3,"featured_media":12320,"parent":25139,"menu_order":0,"comment_status":"closed","ping_status":"closed","template":"","meta":{"_acf_changed":false,"footnotes":""},"tags":[238],"class_list":["post-24934","page","type-page","status-publish","has-post-thumbnail","hentry","tag-industria"],"acf":[],"yoast_head":"<!-- This site is optimized with the Yoast SEO plugin v24.9 - https:\/\/yoast.com\/wordpress\/plugins\/seo\/ -->\n<title>Calefacci\u00f3n de edificios industriales: 18.000 m2 de estructura<\/title>\n<meta name=\"description\" content=\"Polypoles: Conocimientos y experiencia en proyectos a gran escala para instalar sistemas industriales de calefacci\u00f3n y aire acondicionado.\" \/>\n<meta name=\"robots\" content=\"index, follow, max-snippet:-1, max-image-preview:large, max-video-preview:-1\" \/>\n<link rel=\"canonical\" href=\"https:\/\/www.polypoles.com\/es\/noticias\/nuestros-logros\/calefaccion-nave-industrial-estructura-de-18-000-m%c2%b2\/\" \/>\n<meta property=\"og:locale\" content=\"es_ES\" \/>\n<meta property=\"og:type\" content=\"article\" \/>\n<meta property=\"og:title\" content=\"Calefacci\u00f3n de edificios industriales: 18.000 m2 de estructura\" \/>\n<meta property=\"og:description\" content=\"Polypoles: Conocimientos y experiencia en proyectos a gran escala para instalar sistemas industriales de calefacci\u00f3n y aire acondicionado.\" \/>\n<meta property=\"og:url\" content=\"https:\/\/www.polypoles.com\/es\/noticias\/nuestros-logros\/calefaccion-nave-industrial-estructura-de-18-000-m%c2%b2\/\" \/>\n<meta property=\"og:site_name\" content=\"Polypoles\" \/>\n<meta property=\"article:modified_time\" content=\"2024-11-19T15:53:18+00:00\" \/>\n<meta property=\"og:image\" content=\"https:\/\/www.polypoles.com\/wp-content\/uploads\/2021\/04\/STRUCTURE-SOVAB-Generateur-fixe-dair-chaud-gaz-.jpg\" \/>\n\t<meta property=\"og:image:width\" content=\"1200\" \/>\n\t<meta property=\"og:image:height\" content=\"1600\" \/>\n\t<meta property=\"og:image:type\" content=\"image\/jpeg\" \/>\n<meta name=\"twitter:card\" content=\"summary_large_image\" \/>\n<meta name=\"twitter:label1\" content=\"Tiempo de lectura\" \/>\n\t<meta name=\"twitter:data1\" content=\"2 minutos\" \/>\n<script type=\"application\/ld+json\" class=\"yoast-schema-graph\">{\"@context\":\"https:\/\/schema.org\",\"@graph\":[{\"@type\":\"WebPage\",\"@id\":\"https:\/\/www.polypoles.com\/es\/noticias\/nuestros-logros\/calefaccion-nave-industrial-estructura-de-18-000-m%c2%b2\/\",\"url\":\"https:\/\/www.polypoles.com\/es\/noticias\/nuestros-logros\/calefaccion-nave-industrial-estructura-de-18-000-m%c2%b2\/\",\"name\":\"Calefacci\u00f3n de edificios industriales: 18.000 m2 de estructura\",\"isPartOf\":{\"@id\":\"https:\/\/www.polypoles.com\/es\/#website\"},\"primaryImageOfPage\":{\"@id\":\"https:\/\/www.polypoles.com\/es\/noticias\/nuestros-logros\/calefaccion-nave-industrial-estructura-de-18-000-m%c2%b2\/#primaryimage\"},\"image\":{\"@id\":\"https:\/\/www.polypoles.com\/es\/noticias\/nuestros-logros\/calefaccion-nave-industrial-estructura-de-18-000-m%c2%b2\/#primaryimage\"},\"thumbnailUrl\":\"https:\/\/www.polypoles.com\/wp-content\/uploads\/2021\/04\/STRUCTURE-SOVAB-Generateur-fixe-dair-chaud-gaz-.jpg\",\"datePublished\":\"2021-05-05T07:23:01+00:00\",\"dateModified\":\"2024-11-19T15:53:18+00:00\",\"description\":\"Polypoles: Conocimientos y experiencia en proyectos a gran escala para instalar sistemas industriales de calefacci\u00f3n y aire acondicionado.\",\"breadcrumb\":{\"@id\":\"https:\/\/www.polypoles.com\/es\/noticias\/nuestros-logros\/calefaccion-nave-industrial-estructura-de-18-000-m%c2%b2\/#breadcrumb\"},\"inLanguage\":\"es\",\"potentialAction\":[{\"@type\":\"ReadAction\",\"target\":[\"https:\/\/www.polypoles.com\/es\/noticias\/nuestros-logros\/calefaccion-nave-industrial-estructura-de-18-000-m%c2%b2\/\"]}]},{\"@type\":\"ImageObject\",\"inLanguage\":\"es\",\"@id\":\"https:\/\/www.polypoles.com\/es\/noticias\/nuestros-logros\/calefaccion-nave-industrial-estructura-de-18-000-m%c2%b2\/#primaryimage\",\"url\":\"https:\/\/www.polypoles.com\/wp-content\/uploads\/2021\/04\/STRUCTURE-SOVAB-Generateur-fixe-dair-chaud-gaz-.jpg\",\"contentUrl\":\"https:\/\/www.polypoles.com\/wp-content\/uploads\/2021\/04\/STRUCTURE-SOVAB-Generateur-fixe-dair-chaud-gaz-.jpg\",\"width\":1200,\"height\":1600},{\"@type\":\"BreadcrumbList\",\"@id\":\"https:\/\/www.polypoles.com\/es\/noticias\/nuestros-logros\/calefaccion-nave-industrial-estructura-de-18-000-m%c2%b2\/#breadcrumb\",\"itemListElement\":[{\"@type\":\"ListItem\",\"position\":1,\"name\":\"Home\",\"item\":\"https:\/\/www.polypoles.com\/es\/\"},{\"@type\":\"ListItem\",\"position\":2,\"name\":\"Noticias\",\"item\":\"https:\/\/www.polypoles.com\/es\/noticias\/\"},{\"@type\":\"ListItem\",\"position\":3,\"name\":\"Nuestros logros\",\"item\":\"https:\/\/www.polypoles.com\/es\/noticias\/nuestros-logros\/\"},{\"@type\":\"ListItem\",\"position\":4,\"name\":\"Calefacci\u00f3n nave industrial: estructura de 18.000 m\u00b2.\"}]},{\"@type\":\"WebSite\",\"@id\":\"https:\/\/www.polypoles.com\/es\/#website\",\"url\":\"https:\/\/www.polypoles.com\/es\/\",\"name\":\"Polypoles\",\"description\":\"Votre partenaire chaud-froid\",\"publisher\":{\"@id\":\"https:\/\/www.polypoles.com\/es\/#organization\"},\"potentialAction\":[{\"@type\":\"SearchAction\",\"target\":{\"@type\":\"EntryPoint\",\"urlTemplate\":\"https:\/\/www.polypoles.com\/es\/?s={search_term_string}\"},\"query-input\":{\"@type\":\"PropertyValueSpecification\",\"valueRequired\":true,\"valueName\":\"search_term_string\"}}],\"inLanguage\":\"es\"},{\"@type\":\"Organization\",\"@id\":\"https:\/\/www.polypoles.com\/es\/#organization\",\"name\":\"Polypoles\",\"url\":\"https:\/\/www.polypoles.com\/es\/\",\"logo\":{\"@type\":\"ImageObject\",\"inLanguage\":\"es\",\"@id\":\"https:\/\/www.polypoles.com\/es\/#\/schema\/logo\/image\/\",\"url\":\"https:\/\/www.polypoles.com\/wp-content\/uploads\/2024\/06\/base-25-cm-300-DPI-scaled.jpg\",\"contentUrl\":\"https:\/\/www.polypoles.com\/wp-content\/uploads\/2024\/06\/base-25-cm-300-DPI-scaled.jpg\",\"width\":2560,\"height\":497,\"caption\":\"Polypoles\"},\"image\":{\"@id\":\"https:\/\/www.polypoles.com\/es\/#\/schema\/logo\/image\/\"}}]}<\/script>\n<!-- \/ Yoast SEO plugin. -->","yoast_head_json":{"title":"Calefacci\u00f3n de edificios industriales: 18.000 m2 de estructura","description":"Polypoles: Conocimientos y experiencia en proyectos a gran escala para instalar sistemas industriales de calefacci\u00f3n y aire acondicionado.","robots":{"index":"index","follow":"follow","max-snippet":"max-snippet:-1","max-image-preview":"max-image-preview:large","max-video-preview":"max-video-preview:-1"},"canonical":"https:\/\/www.polypoles.com\/es\/noticias\/nuestros-logros\/calefaccion-nave-industrial-estructura-de-18-000-m%c2%b2\/","og_locale":"es_ES","og_type":"article","og_title":"Calefacci\u00f3n de edificios industriales: 18.000 m2 de estructura","og_description":"Polypoles: Conocimientos y experiencia en proyectos a gran escala para instalar sistemas industriales de calefacci\u00f3n y aire acondicionado.","og_url":"https:\/\/www.polypoles.com\/es\/noticias\/nuestros-logros\/calefaccion-nave-industrial-estructura-de-18-000-m%c2%b2\/","og_site_name":"Polypoles","article_modified_time":"2024-11-19T15:53:18+00:00","og_image":[{"width":1200,"height":1600,"url":"https:\/\/www.polypoles.com\/wp-content\/uploads\/2021\/04\/STRUCTURE-SOVAB-Generateur-fixe-dair-chaud-gaz-.jpg","type":"image\/jpeg"}],"twitter_card":"summary_large_image","twitter_misc":{"Tiempo de lectura":"2 minutos"},"schema":{"@context":"https:\/\/schema.org","@graph":[{"@type":"WebPage","@id":"https:\/\/www.polypoles.com\/es\/noticias\/nuestros-logros\/calefaccion-nave-industrial-estructura-de-18-000-m%c2%b2\/","url":"https:\/\/www.polypoles.com\/es\/noticias\/nuestros-logros\/calefaccion-nave-industrial-estructura-de-18-000-m%c2%b2\/","name":"Calefacci\u00f3n de edificios industriales: 18.000 m2 de estructura","isPartOf":{"@id":"https:\/\/www.polypoles.com\/es\/#website"},"primaryImageOfPage":{"@id":"https:\/\/www.polypoles.com\/es\/noticias\/nuestros-logros\/calefaccion-nave-industrial-estructura-de-18-000-m%c2%b2\/#primaryimage"},"image":{"@id":"https:\/\/www.polypoles.com\/es\/noticias\/nuestros-logros\/calefaccion-nave-industrial-estructura-de-18-000-m%c2%b2\/#primaryimage"},"thumbnailUrl":"https:\/\/www.polypoles.com\/wp-content\/uploads\/2021\/04\/STRUCTURE-SOVAB-Generateur-fixe-dair-chaud-gaz-.jpg","datePublished":"2021-05-05T07:23:01+00:00","dateModified":"2024-11-19T15:53:18+00:00","description":"Polypoles: Conocimientos y experiencia en proyectos a gran escala para instalar sistemas industriales de calefacci\u00f3n y aire acondicionado.","breadcrumb":{"@id":"https:\/\/www.polypoles.com\/es\/noticias\/nuestros-logros\/calefaccion-nave-industrial-estructura-de-18-000-m%c2%b2\/#breadcrumb"},"inLanguage":"es","potentialAction":[{"@type":"ReadAction","target":["https:\/\/www.polypoles.com\/es\/noticias\/nuestros-logros\/calefaccion-nave-industrial-estructura-de-18-000-m%c2%b2\/"]}]},{"@type":"ImageObject","inLanguage":"es","@id":"https:\/\/www.polypoles.com\/es\/noticias\/nuestros-logros\/calefaccion-nave-industrial-estructura-de-18-000-m%c2%b2\/#primaryimage","url":"https:\/\/www.polypoles.com\/wp-content\/uploads\/2021\/04\/STRUCTURE-SOVAB-Generateur-fixe-dair-chaud-gaz-.jpg","contentUrl":"https:\/\/www.polypoles.com\/wp-content\/uploads\/2021\/04\/STRUCTURE-SOVAB-Generateur-fixe-dair-chaud-gaz-.jpg","width":1200,"height":1600},{"@type":"BreadcrumbList","@id":"https:\/\/www.polypoles.com\/es\/noticias\/nuestros-logros\/calefaccion-nave-industrial-estructura-de-18-000-m%c2%b2\/#breadcrumb","itemListElement":[{"@type":"ListItem","position":1,"name":"Home","item":"https:\/\/www.polypoles.com\/es\/"},{"@type":"ListItem","position":2,"name":"Noticias","item":"https:\/\/www.polypoles.com\/es\/noticias\/"},{"@type":"ListItem","position":3,"name":"Nuestros logros","item":"https:\/\/www.polypoles.com\/es\/noticias\/nuestros-logros\/"},{"@type":"ListItem","position":4,"name":"Calefacci\u00f3n nave industrial: estructura de 18.000 m\u00b2."}]},{"@type":"WebSite","@id":"https:\/\/www.polypoles.com\/es\/#website","url":"https:\/\/www.polypoles.com\/es\/","name":"Polypoles","description":"Votre partenaire chaud-froid","publisher":{"@id":"https:\/\/www.polypoles.com\/es\/#organization"},"potentialAction":[{"@type":"SearchAction","target":{"@type":"EntryPoint","urlTemplate":"https:\/\/www.polypoles.com\/es\/?s={search_term_string}"},"query-input":{"@type":"PropertyValueSpecification","valueRequired":true,"valueName":"search_term_string"}}],"inLanguage":"es"},{"@type":"Organization","@id":"https:\/\/www.polypoles.com\/es\/#organization","name":"Polypoles","url":"https:\/\/www.polypoles.com\/es\/","logo":{"@type":"ImageObject","inLanguage":"es","@id":"https:\/\/www.polypoles.com\/es\/#\/schema\/logo\/image\/","url":"https:\/\/www.polypoles.com\/wp-content\/uploads\/2024\/06\/base-25-cm-300-DPI-scaled.jpg","contentUrl":"https:\/\/www.polypoles.com\/wp-content\/uploads\/2024\/06\/base-25-cm-300-DPI-scaled.jpg","width":2560,"height":497,"caption":"Polypoles"},"image":{"@id":"https:\/\/www.polypoles.com\/es\/#\/schema\/logo\/image\/"}}]}},"_links":{"self":[{"href":"https:\/\/www.polypoles.com\/es\/wp-json\/wp\/v2\/pages\/24934","targetHints":{"allow":["GET"]}}],"collection":[{"href":"https:\/\/www.polypoles.com\/es\/wp-json\/wp\/v2\/pages"}],"about":[{"href":"https:\/\/www.polypoles.com\/es\/wp-json\/wp\/v2\/types\/page"}],"author":[{"embeddable":true,"href":"https:\/\/www.polypoles.com\/es\/wp-json\/wp\/v2\/users\/3"}],"replies":[{"embeddable":true,"href":"https:\/\/www.polypoles.com\/es\/wp-json\/wp\/v2\/comments?post=24934"}],"version-history":[{"count":10,"href":"https:\/\/www.polypoles.com\/es\/wp-json\/wp\/v2\/pages\/24934\/revisions"}],"predecessor-version":[{"id":25045,"href":"https:\/\/www.polypoles.com\/es\/wp-json\/wp\/v2\/pages\/24934\/revisions\/25045"}],"up":[{"embeddable":true,"href":"https:\/\/www.polypoles.com\/es\/wp-json\/wp\/v2\/pages\/25139"}],"wp:featuredmedia":[{"embeddable":true,"href":"https:\/\/www.polypoles.com\/es\/wp-json\/wp\/v2\/media\/12320"}],"wp:attachment":[{"href":"https:\/\/www.polypoles.com\/es\/wp-json\/wp\/v2\/media?parent=24934"}],"wp:term":[{"taxonomy":"post_tag","embeddable":true,"href":"https:\/\/www.polypoles.com\/es\/wp-json\/wp\/v2\/tags?post=24934"}],"curies":[{"name":"wp","href":"https:\/\/api.w.org\/{rel}","templated":true}]}}