{"id":24924,"date":"2021-07-05T12:15:12","date_gmt":"2021-07-05T10:15:12","guid":{"rendered":"https:\/\/www.polypoles.com\/eurobasket-feminin-polipoles-esta-en-la-competicion\/"},"modified":"2024-11-19T16:53:18","modified_gmt":"2024-11-19T15:53:18","slug":"eurobasket-feminin-polipoles-esta-en-la-competicion","status":"publish","type":"page","link":"https:\/\/www.polypoles.com\/es\/noticias\/nuestros-logros\/eurobasket-feminin-polipoles-esta-en-la-competicion\/","title":{"rendered":"EuroBasket F\u00e9minin: \u00a1Polipoles est\u00e1 en la competici\u00f3n!"},"content":{"rendered":"<div class=\"wpb-content-wrapper\"><p>[vc_row][vc_column][vc_column_text]<\/p>\n<h1 style=\"text-align: center;\">EuroBasket F\u00e9minin: \u00a1Polipoles est\u00e1 en la competici\u00f3n!<\/h1>\n<p>[\/vc_column_text][\/vc_column][\/vc_row][vc_row][vc_column width=\u00bb1\/2&#8243;][vc_column_text]<\/p>\n<h3>Polypoles particip\u00f3 en el EuroBasket Femenino 2021, un torneo europeo de baloncesto organizado por la FIBA, que re\u00fane a los mejores equipos internacionales europeos.<br \/>\nEl torneo se celebr\u00f3 durante quince d\u00edas en junio de 2021. <\/h3>\n<p>[\/vc_column_text][vc_column_text]<\/p>\n<h2>\u00bfCu\u00e1l era la necesidad?<\/h2>\n<p>[\/vc_column_text][vc_column_text]El objetivo es <strong>reformar<\/strong> <strong>una carpa<\/strong> para hacerla m\u00e1s acogedora y <strong>f\u00e1cil de usar<\/strong> para el personal t\u00e9cnico y los \u00e1rbitros de la competici\u00f3n.<br \/>\nSe trata de una zona com\u00fan, abierta al <strong>personal<\/strong> para trabajar y organizar los d\u00edas del torneo.<br \/>\nLa <strong>carpa<\/strong> tambi\u00e9n incluye una zona de <strong>restauraci\u00f3n<\/strong>, que estar\u00e1 abierta durante toda la quincena.[\/vc_column_text][vc_column_text]<\/p>\n<h2>Una soluci\u00f3n a medida<\/h2>\n<p>[\/vc_column_text][vc_column_text]<strong>Polypoles<\/strong> vino a instalar dos <a href=\"https:\/\/www.polypoles.com\/es\/produit\/enfriador-de-aire-industrial-km22-22000-m3-h\/\">enfriadores de aire KM 22<\/a> para una carpa que ya estaba en el lugar.[\/vc_column_text][\/vc_column][vc_column width=\u00bb1\/2&#8243;][vc_gallery interval=\u00bb3&#8243; images=\u00bb12982,12984,12983,12987,12985,12986&#8243; img_size=\u00bblarge\u00bb][\/vc_column][\/vc_row][vc_row][vc_column][vc_column_text]<\/p>\n<h2>Los productos utilizados para este proyecto<\/h2>\n<p>[\/vc_column_text]<div class=\"woocommerce columns-4 \"><ul class=\"products columns-4\">\n<li class=\"product type-product post-25516 status-publish first instock product_cat-enfriadores-de-aire-industriales has-post-thumbnail taxable shipping-taxable product-type-simple\">\n\t<div class=\"product-list\">\n \t<div class=\"single-details\">\n \t\t<div class=\"images-product\">\n\t\t\t<a href=\"https:\/\/www.polypoles.com\/es\/produit\/enfriador-de-aire-industrial-km22-22000-m3-h\/\"><img loading=\"lazy\" decoding=\"async\" width=\"300\" height=\"300\" src=\"https:\/\/www.polypoles.com\/wp-content\/uploads\/2020\/06\/KM-bas1-300x300.jpg\" class=\"attachment-shop_catalog size-shop_catalog wp-post-image\" alt=\"\" srcset=\"https:\/\/www.polypoles.com\/wp-content\/uploads\/2020\/06\/KM-bas1-300x300.jpg 300w, https:\/\/www.polypoles.com\/wp-content\/uploads\/2020\/06\/KM-bas1-150x150.jpg 150w, https:\/\/www.polypoles.com\/wp-content\/uploads\/2020\/06\/KM-bas1-100x100.jpg 100w, https:\/\/www.polypoles.com\/wp-content\/uploads\/2020\/06\/KM-bas1.jpg 370w\" sizes=\"auto, (max-width: 300px) 100vw, 300px\" \/><\/a>\t\t<\/div>\n\t<\/div>\n<\/div><h2 class=\"woocommerce-loop-product__title\"><a href=\"https:\/\/www.polypoles.com\/es\/produit\/enfriador-de-aire-industrial-km22-22000-m3-h\/\">Enfriador de aire industrial KM22 (22000 m3\/h)<\/a><\/h2>\n<\/li>\n<\/ul>\n<\/div>[\/vc_column][\/vc_row][vc_row][vc_column][vc_btn title=\u00bbVer otros proyectos\u00bb align=\u00bbcenter\u00bb i_align=\u00bbright\u00bb i_icon_fontawesome=\u00bbfa fa-angle-double-right\u00bb add_icon=\u00bbtrue\u00bb link=\u00bburl:https%3A%2F%2Fwww.polypoles.com%2Factualites%2Frealisations%2F|title:Nuestros%20logros|\u00bb][\/vc_column][\/vc_row]<\/p>\n<\/div>","protected":false},"excerpt":{"rendered":"<p>Participamos en el EuroBasket Femenino 2021 organizado por la FIBA.<\/p>\n","protected":false},"author":3,"featured_media":12982,"parent":25139,"menu_order":0,"comment_status":"closed","ping_status":"closed","template":"","meta":{"_acf_changed":false,"footnotes":""},"tags":[239,238],"class_list":["post-24924","page","type-page","status-publish","has-post-thumbnail","hentry","tag-enfriador-de-aire","tag-industria"],"acf":[],"yoast_head":"<!-- This site is optimized with the Yoast SEO plugin v24.9 - https:\/\/yoast.com\/wordpress\/plugins\/seo\/ -->\n<title>EuroBasket femenino: Polypoles suministra ambientadores<\/title>\n<meta name=\"description\" content=\"Polypoles en el EuroBasket Femenino 2021. Para garantizar la comodidad de los \u00e1rbitros y el personal t\u00e9cnico, instalaci\u00f3n de enfriadores de aire en una carpa.\" \/>\n<meta name=\"robots\" content=\"index, follow, max-snippet:-1, max-image-preview:large, max-video-preview:-1\" \/>\n<link rel=\"canonical\" href=\"https:\/\/www.polypoles.com\/es\/noticias\/nuestros-logros\/eurobasket-feminin-polipoles-esta-en-la-competicion\/\" \/>\n<meta property=\"og:locale\" content=\"es_ES\" \/>\n<meta property=\"og:type\" content=\"article\" \/>\n<meta property=\"og:title\" content=\"EuroBasket femenino: Polypoles suministra ambientadores\" \/>\n<meta property=\"og:description\" content=\"Polypoles en el EuroBasket Femenino 2021. Para garantizar la comodidad de los \u00e1rbitros y el personal t\u00e9cnico, instalaci\u00f3n de enfriadores de aire en una carpa.\" \/>\n<meta property=\"og:url\" content=\"https:\/\/www.polypoles.com\/es\/noticias\/nuestros-logros\/eurobasket-feminin-polipoles-esta-en-la-competicion\/\" \/>\n<meta property=\"og:site_name\" content=\"Polypoles\" \/>\n<meta property=\"article:modified_time\" content=\"2024-11-19T15:53:18+00:00\" \/>\n<meta property=\"og:image\" content=\"https:\/\/www.polypoles.com\/wp-content\/uploads\/2021\/07\/EuroBasketFeminin2021-1.jpg\" \/>\n\t<meta property=\"og:image:width\" content=\"1080\" \/>\n\t<meta property=\"og:image:height\" content=\"1080\" \/>\n\t<meta property=\"og:image:type\" content=\"image\/jpeg\" \/>\n<meta name=\"twitter:card\" content=\"summary_large_image\" \/>\n<meta name=\"twitter:label1\" content=\"Tiempo de lectura\" \/>\n\t<meta name=\"twitter:data1\" content=\"1 minuto\" \/>\n<script type=\"application\/ld+json\" class=\"yoast-schema-graph\">{\"@context\":\"https:\/\/schema.org\",\"@graph\":[{\"@type\":\"WebPage\",\"@id\":\"https:\/\/www.polypoles.com\/es\/noticias\/nuestros-logros\/eurobasket-feminin-polipoles-esta-en-la-competicion\/\",\"url\":\"https:\/\/www.polypoles.com\/es\/noticias\/nuestros-logros\/eurobasket-feminin-polipoles-esta-en-la-competicion\/\",\"name\":\"EuroBasket femenino: Polypoles suministra ambientadores\",\"isPartOf\":{\"@id\":\"https:\/\/www.polypoles.com\/es\/#website\"},\"primaryImageOfPage\":{\"@id\":\"https:\/\/www.polypoles.com\/es\/noticias\/nuestros-logros\/eurobasket-feminin-polipoles-esta-en-la-competicion\/#primaryimage\"},\"image\":{\"@id\":\"https:\/\/www.polypoles.com\/es\/noticias\/nuestros-logros\/eurobasket-feminin-polipoles-esta-en-la-competicion\/#primaryimage\"},\"thumbnailUrl\":\"https:\/\/www.polypoles.com\/wp-content\/uploads\/2021\/07\/EuroBasketFeminin2021-1.jpg\",\"datePublished\":\"2021-07-05T10:15:12+00:00\",\"dateModified\":\"2024-11-19T15:53:18+00:00\",\"description\":\"Polypoles en el EuroBasket Femenino 2021. Para garantizar la comodidad de los \u00e1rbitros y el personal t\u00e9cnico, instalaci\u00f3n de enfriadores de aire en una carpa.\",\"breadcrumb\":{\"@id\":\"https:\/\/www.polypoles.com\/es\/noticias\/nuestros-logros\/eurobasket-feminin-polipoles-esta-en-la-competicion\/#breadcrumb\"},\"inLanguage\":\"es\",\"potentialAction\":[{\"@type\":\"ReadAction\",\"target\":[\"https:\/\/www.polypoles.com\/es\/noticias\/nuestros-logros\/eurobasket-feminin-polipoles-esta-en-la-competicion\/\"]}]},{\"@type\":\"ImageObject\",\"inLanguage\":\"es\",\"@id\":\"https:\/\/www.polypoles.com\/es\/noticias\/nuestros-logros\/eurobasket-feminin-polipoles-esta-en-la-competicion\/#primaryimage\",\"url\":\"https:\/\/www.polypoles.com\/wp-content\/uploads\/2021\/07\/EuroBasketFeminin2021-1.jpg\",\"contentUrl\":\"https:\/\/www.polypoles.com\/wp-content\/uploads\/2021\/07\/EuroBasketFeminin2021-1.jpg\",\"width\":1080,\"height\":1080},{\"@type\":\"BreadcrumbList\",\"@id\":\"https:\/\/www.polypoles.com\/es\/noticias\/nuestros-logros\/eurobasket-feminin-polipoles-esta-en-la-competicion\/#breadcrumb\",\"itemListElement\":[{\"@type\":\"ListItem\",\"position\":1,\"name\":\"Home\",\"item\":\"https:\/\/www.polypoles.com\/es\/\"},{\"@type\":\"ListItem\",\"position\":2,\"name\":\"Noticias\",\"item\":\"https:\/\/www.polypoles.com\/es\/noticias\/\"},{\"@type\":\"ListItem\",\"position\":3,\"name\":\"Nuestros logros\",\"item\":\"https:\/\/www.polypoles.com\/es\/noticias\/nuestros-logros\/\"},{\"@type\":\"ListItem\",\"position\":4,\"name\":\"EuroBasket F\u00e9minin: \u00a1Polipoles est\u00e1 en la competici\u00f3n!\"}]},{\"@type\":\"WebSite\",\"@id\":\"https:\/\/www.polypoles.com\/es\/#website\",\"url\":\"https:\/\/www.polypoles.com\/es\/\",\"name\":\"Polypoles\",\"description\":\"Votre partenaire chaud-froid\",\"publisher\":{\"@id\":\"https:\/\/www.polypoles.com\/es\/#organization\"},\"potentialAction\":[{\"@type\":\"SearchAction\",\"target\":{\"@type\":\"EntryPoint\",\"urlTemplate\":\"https:\/\/www.polypoles.com\/es\/?s={search_term_string}\"},\"query-input\":{\"@type\":\"PropertyValueSpecification\",\"valueRequired\":true,\"valueName\":\"search_term_string\"}}],\"inLanguage\":\"es\"},{\"@type\":\"Organization\",\"@id\":\"https:\/\/www.polypoles.com\/es\/#organization\",\"name\":\"Polypoles\",\"url\":\"https:\/\/www.polypoles.com\/es\/\",\"logo\":{\"@type\":\"ImageObject\",\"inLanguage\":\"es\",\"@id\":\"https:\/\/www.polypoles.com\/es\/#\/schema\/logo\/image\/\",\"url\":\"https:\/\/www.polypoles.com\/wp-content\/uploads\/2024\/06\/base-25-cm-300-DPI-scaled.jpg\",\"contentUrl\":\"https:\/\/www.polypoles.com\/wp-content\/uploads\/2024\/06\/base-25-cm-300-DPI-scaled.jpg\",\"width\":2560,\"height\":497,\"caption\":\"Polypoles\"},\"image\":{\"@id\":\"https:\/\/www.polypoles.com\/es\/#\/schema\/logo\/image\/\"}}]}<\/script>\n<!-- \/ Yoast SEO plugin. -->","yoast_head_json":{"title":"EuroBasket femenino: Polypoles suministra ambientadores","description":"Polypoles en el EuroBasket Femenino 2021. Para garantizar la comodidad de los \u00e1rbitros y el personal t\u00e9cnico, instalaci\u00f3n de enfriadores de aire en una carpa.","robots":{"index":"index","follow":"follow","max-snippet":"max-snippet:-1","max-image-preview":"max-image-preview:large","max-video-preview":"max-video-preview:-1"},"canonical":"https:\/\/www.polypoles.com\/es\/noticias\/nuestros-logros\/eurobasket-feminin-polipoles-esta-en-la-competicion\/","og_locale":"es_ES","og_type":"article","og_title":"EuroBasket femenino: Polypoles suministra ambientadores","og_description":"Polypoles en el EuroBasket Femenino 2021. Para garantizar la comodidad de los \u00e1rbitros y el personal t\u00e9cnico, instalaci\u00f3n de enfriadores de aire en una carpa.","og_url":"https:\/\/www.polypoles.com\/es\/noticias\/nuestros-logros\/eurobasket-feminin-polipoles-esta-en-la-competicion\/","og_site_name":"Polypoles","article_modified_time":"2024-11-19T15:53:18+00:00","og_image":[{"width":1080,"height":1080,"url":"https:\/\/www.polypoles.com\/wp-content\/uploads\/2021\/07\/EuroBasketFeminin2021-1.jpg","type":"image\/jpeg"}],"twitter_card":"summary_large_image","twitter_misc":{"Tiempo de lectura":"1 minuto"},"schema":{"@context":"https:\/\/schema.org","@graph":[{"@type":"WebPage","@id":"https:\/\/www.polypoles.com\/es\/noticias\/nuestros-logros\/eurobasket-feminin-polipoles-esta-en-la-competicion\/","url":"https:\/\/www.polypoles.com\/es\/noticias\/nuestros-logros\/eurobasket-feminin-polipoles-esta-en-la-competicion\/","name":"EuroBasket femenino: Polypoles suministra ambientadores","isPartOf":{"@id":"https:\/\/www.polypoles.com\/es\/#website"},"primaryImageOfPage":{"@id":"https:\/\/www.polypoles.com\/es\/noticias\/nuestros-logros\/eurobasket-feminin-polipoles-esta-en-la-competicion\/#primaryimage"},"image":{"@id":"https:\/\/www.polypoles.com\/es\/noticias\/nuestros-logros\/eurobasket-feminin-polipoles-esta-en-la-competicion\/#primaryimage"},"thumbnailUrl":"https:\/\/www.polypoles.com\/wp-content\/uploads\/2021\/07\/EuroBasketFeminin2021-1.jpg","datePublished":"2021-07-05T10:15:12+00:00","dateModified":"2024-11-19T15:53:18+00:00","description":"Polypoles en el EuroBasket Femenino 2021. Para garantizar la comodidad de los \u00e1rbitros y el personal t\u00e9cnico, instalaci\u00f3n de enfriadores de aire en una carpa.","breadcrumb":{"@id":"https:\/\/www.polypoles.com\/es\/noticias\/nuestros-logros\/eurobasket-feminin-polipoles-esta-en-la-competicion\/#breadcrumb"},"inLanguage":"es","potentialAction":[{"@type":"ReadAction","target":["https:\/\/www.polypoles.com\/es\/noticias\/nuestros-logros\/eurobasket-feminin-polipoles-esta-en-la-competicion\/"]}]},{"@type":"ImageObject","inLanguage":"es","@id":"https:\/\/www.polypoles.com\/es\/noticias\/nuestros-logros\/eurobasket-feminin-polipoles-esta-en-la-competicion\/#primaryimage","url":"https:\/\/www.polypoles.com\/wp-content\/uploads\/2021\/07\/EuroBasketFeminin2021-1.jpg","contentUrl":"https:\/\/www.polypoles.com\/wp-content\/uploads\/2021\/07\/EuroBasketFeminin2021-1.jpg","width":1080,"height":1080},{"@type":"BreadcrumbList","@id":"https:\/\/www.polypoles.com\/es\/noticias\/nuestros-logros\/eurobasket-feminin-polipoles-esta-en-la-competicion\/#breadcrumb","itemListElement":[{"@type":"ListItem","position":1,"name":"Home","item":"https:\/\/www.polypoles.com\/es\/"},{"@type":"ListItem","position":2,"name":"Noticias","item":"https:\/\/www.polypoles.com\/es\/noticias\/"},{"@type":"ListItem","position":3,"name":"Nuestros logros","item":"https:\/\/www.polypoles.com\/es\/noticias\/nuestros-logros\/"},{"@type":"ListItem","position":4,"name":"EuroBasket F\u00e9minin: \u00a1Polipoles est\u00e1 en la competici\u00f3n!"}]},{"@type":"WebSite","@id":"https:\/\/www.polypoles.com\/es\/#website","url":"https:\/\/www.polypoles.com\/es\/","name":"Polypoles","description":"Votre partenaire chaud-froid","publisher":{"@id":"https:\/\/www.polypoles.com\/es\/#organization"},"potentialAction":[{"@type":"SearchAction","target":{"@type":"EntryPoint","urlTemplate":"https:\/\/www.polypoles.com\/es\/?s={search_term_string}"},"query-input":{"@type":"PropertyValueSpecification","valueRequired":true,"valueName":"search_term_string"}}],"inLanguage":"es"},{"@type":"Organization","@id":"https:\/\/www.polypoles.com\/es\/#organization","name":"Polypoles","url":"https:\/\/www.polypoles.com\/es\/","logo":{"@type":"ImageObject","inLanguage":"es","@id":"https:\/\/www.polypoles.com\/es\/#\/schema\/logo\/image\/","url":"https:\/\/www.polypoles.com\/wp-content\/uploads\/2024\/06\/base-25-cm-300-DPI-scaled.jpg","contentUrl":"https:\/\/www.polypoles.com\/wp-content\/uploads\/2024\/06\/base-25-cm-300-DPI-scaled.jpg","width":2560,"height":497,"caption":"Polypoles"},"image":{"@id":"https:\/\/www.polypoles.com\/es\/#\/schema\/logo\/image\/"}}]}},"_links":{"self":[{"href":"https:\/\/www.polypoles.com\/es\/wp-json\/wp\/v2\/pages\/24924","targetHints":{"allow":["GET"]}}],"collection":[{"href":"https:\/\/www.polypoles.com\/es\/wp-json\/wp\/v2\/pages"}],"about":[{"href":"https:\/\/www.polypoles.com\/es\/wp-json\/wp\/v2\/types\/page"}],"author":[{"embeddable":true,"href":"https:\/\/www.polypoles.com\/es\/wp-json\/wp\/v2\/users\/3"}],"replies":[{"embeddable":true,"href":"https:\/\/www.polypoles.com\/es\/wp-json\/wp\/v2\/comments?post=24924"}],"version-history":[{"count":1,"href":"https:\/\/www.polypoles.com\/es\/wp-json\/wp\/v2\/pages\/24924\/revisions"}],"predecessor-version":[{"id":24933,"href":"https:\/\/www.polypoles.com\/es\/wp-json\/wp\/v2\/pages\/24924\/revisions\/24933"}],"up":[{"embeddable":true,"href":"https:\/\/www.polypoles.com\/es\/wp-json\/wp\/v2\/pages\/25139"}],"wp:featuredmedia":[{"embeddable":true,"href":"https:\/\/www.polypoles.com\/es\/wp-json\/wp\/v2\/media\/12982"}],"wp:attachment":[{"href":"https:\/\/www.polypoles.com\/es\/wp-json\/wp\/v2\/media?parent=24924"}],"wp:term":[{"taxonomy":"post_tag","embeddable":true,"href":"https:\/\/www.polypoles.com\/es\/wp-json\/wp\/v2\/tags?post=24924"}],"curies":[{"name":"wp","href":"https:\/\/api.w.org\/{rel}","templated":true}]}}