{"id":24834,"date":"2021-06-28T10:45:37","date_gmt":"2021-06-28T08:45:37","guid":{"rendered":"https:\/\/www.polypoles.com\/humidificar-una-bodega-enfriador-de-aire-grand\/"},"modified":"2025-05-30T18:07:10","modified_gmt":"2025-05-30T16:07:10","slug":"humidificar-una-bodega-enfriador-de-aire-grand","status":"publish","type":"page","link":"https:\/\/www.polypoles.com\/es\/noticias\/nuestros-logros\/humidificar-una-bodega-enfriador-de-aire-grand\/","title":{"rendered":"Humidificar una bodega &#8211; Enfriador de aire GRAND"},"content":{"rendered":"<div class=\"wpb-content-wrapper\"><p>[vc_row][vc_column][vc_column_text]<\/p>\n<h1 style=\"text-align: center;\">Humidificar una bodega &#8211; Enfriador de aire GRAND<\/h1>\n<p>[\/vc_column_text][\/vc_column][\/vc_row][vc_row][vc_column][vc_column_text]<\/p>\n<h2>\u00bfPor qu\u00e9 complicar las cosas cuando puedes simplificarlas?<\/h2>\n<p>Un <strong>climatizador<\/strong> <strong>evaporativo<\/strong> es un equipo <strong>econ\u00f3mico<\/strong> y <strong>eficaz<\/strong> que utiliza el fen\u00f3meno de la <strong>evaporaci\u00f3n del<\/strong> agua sobre un soporte para enfriar el aire.  Es adecuado para puestos de trabajo o <strong>grandes vol\u00famenes<\/strong> y funciona con<strong>aire fresco<\/strong>. Si este aire se encierra en un <strong>volumen<\/strong> sin aire fresco, <strong>la higrometr\u00eda de<\/strong> la habitaci\u00f3n aumenta debido a la evaporaci\u00f3n del agua. Esto es lo que se busca en esta aplicaci\u00f3n de <strong>humidificaci\u00f3n<\/strong> de s\u00f3tanos.  <\/p>\n<h2>Adaptarse a la demanda y promover una soluci\u00f3n eficaz<\/h2>\n<p><strong>Polypoles<\/strong> simplemente ha transformado el dispositivo <strong>est\u00e1ndar<\/strong> a\u00f1adiendo <strong>un higrostato<\/strong> al circuito de <strong>control de<\/strong> <strong>la bomba<\/strong>. Si <strong>la<\/strong> humedad est\u00e1 por debajo del punto de consigna, la bomba de agua funciona; si la humedad alcanza el punto de consigna, la bomba se desconecta. <strong>\u00a1Una soluci\u00f3n sencilla y econ\u00f3mica!<\/strong>[\/vc_column_text][\/vc_column][\/vc_row][vc_row][vc_column width=\u00bb1\/2&#8243;][vc_raw_html css=\u00bb\u00bb]PGRpdiBjbGFzcz0idmNfYnRuMy1jb250YWluZXIgYXBwZWwgdmNfYnRuMy1jZW50ZXIgdmNfZG9fYnRuIj48YSBjbGFzcz0idmNfZ2VuZXJhbCB2Y19idG4zIHZjX2J0bjMtc2l6ZS1sZyB2Y19idG4zLXNoYXBlLXJvdW5kZWQgdmNfYnRuMy1zdHlsZS1tb2Rlcm4gdmNfYnRuMy1pY29uLWxlZnQgdmNfYnRuMy1jb2xvci1zdWNjZXNzIiBocmVmPSJ0ZWw6KzMzODEwMDIwODUxIiB0aXRsZT0iTGxhbWEgYSBQb2x5cG9sZXMiIHJlbD0ibm9mb2xsb3ciPjxpIGNsYXNzPSJ2Y19idG4zLWljb24gZmEgZmEtc29saWQgZmEtcGhvbmUiPjwvaT4gPGI+Q29udGFjdGEgY29uIG5vc290cm9zPC9iPjxicj4wIDgxMCAwMjAgODUxPC9hPjwvZGl2Pg==[\/vc_raw_html][\/vc_column][vc_column width=\u00bb1\/2&#8243;][vc_raw_html css=\u00bb\u00bb]PGRpdiBjbGFzcz0idmNfYnRuMy1jb250YWluZXIgZGV2aXMgdmNfYnRuMy1pbmxpbmUgdmNfZG9fYnRuIj48YSBjbGFzcz0idmNfZ2VuZXJhbCB2Y19idG4zIHZjX2J0bjMtc2l6ZS1sZyB2Y19idG4zLXNoYXBlLXJvdW5kZWQgdmNfYnRuMy1zdHlsZS1tb2Rlcm4gdmNfYnRuMy1pY29uLWxlZnQgdmNfYnRuMy1jb2xvci1wcmltYXJ5IiBocmVmPSJodHRwczovL3d3dy5wb2x5cG9sZXMuY29tL2VzL3BvbnRlLWVuLWNvbnRhY3RvLWNvbi8iIHRpdGxlPSJQb250ZSBlbiBjb250YWN0byBjb24gbm9zb3Ryb3MiPjxpIGNsYXNzPSJ2Y19idG4zLWljb24gZmFyIGZhLWVudmVsb3BlIj48L2k+ICBDb25zaWd1ZSB1bjxiPnByZXN1cHVlc3RvIGdyYXR1aXRvIGVuPC9iPjxicj48Yj48L2I+PC9hPjwvZGl2Pg==[\/vc_raw_html][\/vc_column][\/vc_row][vc_row][vc_column width=\u00bb1\/2&#8243;][vc_gallery interval=\u00bb3&#8243; images=\u00bb12903&#8243; img_size=\u00bblarge\u00bb][\/vc_column][vc_column width=\u00bb1\/2&#8243;][vc_gallery interval=\u00bb3&#8243; images=\u00bb12904&#8243; img_size=\u00bblarge\u00bb][\/vc_column][\/vc_row][vc_row][vc_column]<div class=\"woocommerce columns-4 \"><ul class=\"products columns-4\">\n<li class=\"product type-product post-25343 status-publish first instock product_cat-enfriadores-de-aire-industriales has-post-thumbnail taxable shipping-taxable product-type-simple\">\n\t<div class=\"product-list\">\n \t<div class=\"single-details\">\n \t\t<div class=\"images-product\">\n\t\t\t<a href=\"https:\/\/www.polypoles.com\/es\/produit\/ambientador-movil-portacool-jetstream-de-7600-a-38000-m3-h\/\"><img loading=\"lazy\" decoding=\"async\" width=\"300\" height=\"300\" src=\"https:\/\/www.polypoles.com\/wp-content\/uploads\/2020\/06\/PACJS260_rightface-300x300.jpg\" class=\"attachment-shop_catalog size-shop_catalog wp-post-image\" alt=\"\" srcset=\"https:\/\/www.polypoles.com\/wp-content\/uploads\/2020\/06\/PACJS260_rightface-300x300.jpg 300w, https:\/\/www.polypoles.com\/wp-content\/uploads\/2020\/06\/PACJS260_rightface-150x150.jpg 150w, https:\/\/www.polypoles.com\/wp-content\/uploads\/2020\/06\/PACJS260_rightface-100x100.jpg 100w, https:\/\/www.polypoles.com\/wp-content\/uploads\/2020\/06\/PACJS260_rightface.jpg 589w\" sizes=\"auto, (max-width: 300px) 100vw, 300px\" \/><\/a>\t\t<\/div>\n\t<\/div>\n<\/div><h2 class=\"woocommerce-loop-product__title\"><a href=\"https:\/\/www.polypoles.com\/es\/produit\/ambientador-movil-portacool-jetstream-de-7600-a-38000-m3-h\/\">Ambientador m\u00f3vil Portacool Jetstream (de 7600 a 38000 m3\/h)<\/a><\/h2>\n<\/li>\n<li class=\"product type-product post-25530 status-publish instock product_cat-enfriadores-de-aire-industriales product_cat-enfriadores-de-aire-industriales-es product_cat-tienda-de-polipastos has-post-thumbnail taxable shipping-taxable purchasable product-type-simple\">\n\t<div class=\"product-list\">\n \t<div class=\"single-details\">\n \t\t<div class=\"images-product\">\n\t\t\t<a href=\"https:\/\/www.polypoles.com\/es\/produit\/climatizador-industrial-mc08-8000-m3-h\/\"><img loading=\"lazy\" decoding=\"async\" width=\"500\" height=\"500\" src=\"https:\/\/www.polypoles.com\/wp-content\/uploads\/2020\/06\/MC08-new.png\" class=\"attachment-shop_catalog size-shop_catalog wp-post-image\" alt=\"\" srcset=\"https:\/\/www.polypoles.com\/wp-content\/uploads\/2020\/06\/MC08-new.png 500w, https:\/\/www.polypoles.com\/wp-content\/uploads\/2020\/06\/MC08-new-300x300.png 300w, https:\/\/www.polypoles.com\/wp-content\/uploads\/2020\/06\/MC08-new-150x150.png 150w, https:\/\/www.polypoles.com\/wp-content\/uploads\/2020\/06\/MC08-new-100x100.png 100w, https:\/\/www.polypoles.com\/wp-content\/uploads\/2020\/06\/MC08-new-32x32.png 32w\" sizes=\"auto, (max-width: 500px) 100vw, 500px\" \/><\/a>\t\t<\/div>\n\t<\/div>\n<\/div><h2 class=\"woocommerce-loop-product__title\"><a href=\"https:\/\/www.polypoles.com\/es\/produit\/climatizador-industrial-mc08-8000-m3-h\/\">Climatizador industrial MC08 (8000 m3\/h)<\/a><\/h2>\n\t<span class=\"price\"><span class=\"woocommerce-Price-amount amount\"><bdi>981,00&nbsp;<span class=\"woocommerce-Price-currencySymbol\">&euro;<\/span><\/bdi><\/span> <small class=\"woocommerce-price-suffix\">HT<\/small><\/span>\n<\/li>\n<li class=\"product type-product post-24429 status-publish instock product_cat-enfriadores-de-aire-industriales product_cat-enfriadores-de-aire-industriales-es product_cat-tienda-de-polipastos has-post-thumbnail taxable shipping-taxable purchasable product-type-simple\">\n\t<div class=\"product-list\">\n \t<div class=\"single-details\">\n \t\t<div class=\"images-product\">\n\t\t\t<a href=\"https:\/\/www.polypoles.com\/es\/produit\/climeo-rkf-406-6300-m3-h\/\"><img loading=\"lazy\" decoding=\"async\" width=\"500\" height=\"500\" src=\"https:\/\/www.polypoles.com\/wp-content\/uploads\/2020\/06\/CLIMEO-RKF-406.png\" class=\"attachment-shop_catalog size-shop_catalog wp-post-image\" alt=\"\" srcset=\"https:\/\/www.polypoles.com\/wp-content\/uploads\/2020\/06\/CLIMEO-RKF-406.png 500w, https:\/\/www.polypoles.com\/wp-content\/uploads\/2020\/06\/CLIMEO-RKF-406-300x300.png 300w, https:\/\/www.polypoles.com\/wp-content\/uploads\/2020\/06\/CLIMEO-RKF-406-150x150.png 150w, https:\/\/www.polypoles.com\/wp-content\/uploads\/2020\/06\/CLIMEO-RKF-406-100x100.png 100w, https:\/\/www.polypoles.com\/wp-content\/uploads\/2020\/06\/CLIMEO-RKF-406-32x32.png 32w\" sizes=\"auto, (max-width: 500px) 100vw, 500px\" \/><\/a>\t\t<\/div>\n\t<\/div>\n<\/div><h2 class=\"woocommerce-loop-product__title\"><a href=\"https:\/\/www.polypoles.com\/es\/produit\/climeo-rkf-406-6300-m3-h\/\">CLIMEO RKF 406 (6300 m3\/h)<\/a><\/h2>\n\t<span class=\"price\"><span class=\"woocommerce-Price-amount amount\"><bdi>1077,00&nbsp;<span class=\"woocommerce-Price-currencySymbol\">&euro;<\/span><\/bdi><\/span> <small class=\"woocommerce-price-suffix\">HT<\/small><\/span>\n<\/li>\n<li class=\"product type-product post-24417 status-publish last instock product_cat-enfriadores-de-aire-industriales has-post-thumbnail taxable shipping-taxable product-type-simple\">\n\t<div class=\"product-list\">\n \t<div class=\"single-details\">\n \t\t<div class=\"images-product\">\n\t\t\t<a href=\"https:\/\/www.polypoles.com\/es\/produit\/enfriador-de-aire-industrial-jh168-8000-m3-h\/\"><img loading=\"lazy\" decoding=\"async\" width=\"300\" height=\"300\" src=\"https:\/\/www.polypoles.com\/wp-content\/uploads\/2020\/06\/jh-168-2-300x300.jpg\" class=\"attachment-shop_catalog size-shop_catalog wp-post-image\" alt=\"\" srcset=\"https:\/\/www.polypoles.com\/wp-content\/uploads\/2020\/06\/jh-168-2-300x300.jpg 300w, https:\/\/www.polypoles.com\/wp-content\/uploads\/2020\/06\/jh-168-2-150x150.jpg 150w, https:\/\/www.polypoles.com\/wp-content\/uploads\/2020\/06\/jh-168-2-100x100.jpg 100w, https:\/\/www.polypoles.com\/wp-content\/uploads\/2020\/06\/jh-168-2.jpg 500w\" sizes=\"auto, (max-width: 300px) 100vw, 300px\" \/><\/a>\t\t<\/div>\n\t<\/div>\n<\/div><h2 class=\"woocommerce-loop-product__title\"><a href=\"https:\/\/www.polypoles.com\/es\/produit\/enfriador-de-aire-industrial-jh168-8000-m3-h\/\">Enfriador de aire industrial JH168 (8000 m3\/h)<\/a><\/h2>\n<\/li>\n<li class=\"product type-product post-25524 status-publish first instock product_cat-enfriadores-de-aire-industriales has-post-thumbnail taxable shipping-taxable product-type-simple\">\n\t<div class=\"product-list\">\n \t<div class=\"single-details\">\n \t\t<div class=\"images-product\">\n\t\t\t<a href=\"https:\/\/www.polypoles.com\/es\/produit\/enfriador-de-aire-industrial-jk90-9000-m3-h\/\"><img loading=\"lazy\" decoding=\"async\" width=\"300\" height=\"300\" src=\"https:\/\/www.polypoles.com\/wp-content\/uploads\/2020\/06\/jk90-300x300.jpg\" class=\"attachment-shop_catalog size-shop_catalog wp-post-image\" alt=\"\" srcset=\"https:\/\/www.polypoles.com\/wp-content\/uploads\/2020\/06\/jk90-300x300.jpg 300w, https:\/\/www.polypoles.com\/wp-content\/uploads\/2020\/06\/jk90-150x150.jpg 150w, https:\/\/www.polypoles.com\/wp-content\/uploads\/2020\/06\/jk90-600x600.jpg 600w, https:\/\/www.polypoles.com\/wp-content\/uploads\/2020\/06\/jk90-100x100.jpg 100w, https:\/\/www.polypoles.com\/wp-content\/uploads\/2020\/06\/jk90.jpg 700w\" sizes=\"auto, (max-width: 300px) 100vw, 300px\" \/><\/a>\t\t<\/div>\n\t<\/div>\n<\/div><h2 class=\"woocommerce-loop-product__title\"><a href=\"https:\/\/www.polypoles.com\/es\/produit\/enfriador-de-aire-industrial-jk90-9000-m3-h\/\">Enfriador de aire industrial JK90 (9000 m3\/h)<\/a><\/h2>\n<\/li>\n<li class=\"product type-product post-25516 status-publish instock product_cat-enfriadores-de-aire-industriales has-post-thumbnail taxable shipping-taxable product-type-simple\">\n\t<div class=\"product-list\">\n \t<div class=\"single-details\">\n \t\t<div class=\"images-product\">\n\t\t\t<a href=\"https:\/\/www.polypoles.com\/es\/produit\/enfriador-de-aire-industrial-km22-22000-m3-h\/\"><img loading=\"lazy\" decoding=\"async\" width=\"300\" height=\"300\" src=\"https:\/\/www.polypoles.com\/wp-content\/uploads\/2020\/06\/KM-bas1-300x300.jpg\" class=\"attachment-shop_catalog size-shop_catalog wp-post-image\" alt=\"\" srcset=\"https:\/\/www.polypoles.com\/wp-content\/uploads\/2020\/06\/KM-bas1-300x300.jpg 300w, https:\/\/www.polypoles.com\/wp-content\/uploads\/2020\/06\/KM-bas1-150x150.jpg 150w, https:\/\/www.polypoles.com\/wp-content\/uploads\/2020\/06\/KM-bas1-100x100.jpg 100w, https:\/\/www.polypoles.com\/wp-content\/uploads\/2020\/06\/KM-bas1.jpg 370w\" sizes=\"auto, (max-width: 300px) 100vw, 300px\" \/><\/a>\t\t<\/div>\n\t<\/div>\n<\/div><h2 class=\"woocommerce-loop-product__title\"><a href=\"https:\/\/www.polypoles.com\/es\/produit\/enfriador-de-aire-industrial-km22-22000-m3-h\/\">Enfriador de aire industrial KM22 (22000 m3\/h)<\/a><\/h2>\n<\/li>\n<li class=\"product type-product post-24399 status-publish instock product_cat-enfriadores-de-aire-industriales has-post-thumbnail taxable shipping-taxable product-type-simple\">\n\t<div class=\"product-list\">\n \t<div class=\"single-details\">\n \t\t<div class=\"images-product\">\n\t\t\t<a href=\"https:\/\/www.polypoles.com\/es\/produit\/enfriador-de-aire-industrial-km32-32000-m3-h\/\"><img loading=\"lazy\" decoding=\"async\" width=\"300\" height=\"300\" src=\"https:\/\/www.polypoles.com\/wp-content\/uploads\/2020\/06\/KM-bas1-300x300.jpg\" class=\"attachment-shop_catalog size-shop_catalog wp-post-image\" alt=\"\" srcset=\"https:\/\/www.polypoles.com\/wp-content\/uploads\/2020\/06\/KM-bas1-300x300.jpg 300w, https:\/\/www.polypoles.com\/wp-content\/uploads\/2020\/06\/KM-bas1-150x150.jpg 150w, https:\/\/www.polypoles.com\/wp-content\/uploads\/2020\/06\/KM-bas1-100x100.jpg 100w, https:\/\/www.polypoles.com\/wp-content\/uploads\/2020\/06\/KM-bas1.jpg 370w\" sizes=\"auto, (max-width: 300px) 100vw, 300px\" \/><\/a>\t\t<\/div>\n\t<\/div>\n<\/div><h2 class=\"woocommerce-loop-product__title\"><a href=\"https:\/\/www.polypoles.com\/es\/produit\/enfriador-de-aire-industrial-km32-32000-m3-h\/\">Enfriador de aire industrial KM32 (32000 m3\/h)<\/a><\/h2>\n<\/li>\n<\/ul>\n<\/div>[\/vc_column][\/vc_row][vc_row][vc_column][vc_btn title=\u00bbVer otros proyectos\u00bb align=\u00bbcenter\u00bb i_align=\u00bbright\u00bb i_icon_fontawesome=\u00bbfa fa-angle-double-right\u00bb add_icon=\u00bbtrue\u00bb link=\u00bburl:https%3A%2F%2Fwww.polypoles.com%2Frealisations%2F|title:Nuestros%20logros|\u00bb][\/vc_column][\/vc_row]<\/p>\n<\/div>","protected":false},"excerpt":{"rendered":"<p>Modificaci\u00f3n de un enfriador de aire para humidificar un almac\u00e9n de vino<\/p>\n","protected":false},"author":3,"featured_media":12903,"parent":25139,"menu_order":1,"comment_status":"closed","ping_status":"closed","template":"","meta":{"_acf_changed":false,"footnotes":""},"tags":[239,238],"class_list":["post-24834","page","type-page","status-publish","has-post-thumbnail","hentry","tag-enfriador-de-aire","tag-industria"],"acf":[],"yoast_head":"<!-- This site is optimized with the Yoast SEO plugin v24.9 - https:\/\/yoast.com\/wordpress\/plugins\/seo\/ -->\n<title>Humidificaci\u00f3n de bodegas - Enfriador de aire : Alquiler y Venta - Polypoles<\/title>\n<meta name=\"description\" content=\"Modificaci\u00f3n de un enfriador de aire para humidificar una bodega. Proponer una soluci\u00f3n eficaz y econ\u00f3mica.\" \/>\n<meta name=\"robots\" content=\"index, follow, max-snippet:-1, max-image-preview:large, max-video-preview:-1\" \/>\n<link rel=\"canonical\" href=\"https:\/\/www.polypoles.com\/es\/noticias\/nuestros-logros\/humidificar-una-bodega-enfriador-de-aire-grand\/\" \/>\n<meta property=\"og:locale\" content=\"es_ES\" \/>\n<meta property=\"og:type\" content=\"article\" \/>\n<meta property=\"og:title\" content=\"Humidificaci\u00f3n de bodegas - Enfriador de aire : Alquiler y Venta - Polypoles\" \/>\n<meta property=\"og:description\" content=\"Modificaci\u00f3n de un enfriador de aire para humidificar una bodega. Proponer una soluci\u00f3n eficaz y econ\u00f3mica.\" \/>\n<meta property=\"og:url\" content=\"https:\/\/www.polypoles.com\/es\/noticias\/nuestros-logros\/humidificar-una-bodega-enfriador-de-aire-grand\/\" \/>\n<meta property=\"og:site_name\" content=\"Polypoles\" \/>\n<meta property=\"article:modified_time\" content=\"2025-05-30T16:07:10+00:00\" \/>\n<meta property=\"og:image\" content=\"https:\/\/www.polypoles.com\/wp-content\/uploads\/2021\/06\/Rafraichisseur-GRAND-pour-un-Chais-1.jpg\" \/>\n\t<meta property=\"og:image:width\" content=\"1080\" \/>\n\t<meta property=\"og:image:height\" content=\"1080\" \/>\n\t<meta property=\"og:image:type\" content=\"image\/jpeg\" \/>\n<meta name=\"twitter:card\" content=\"summary_large_image\" \/>\n<meta name=\"twitter:label1\" content=\"Tiempo de lectura\" \/>\n\t<meta name=\"twitter:data1\" content=\"2 minutos\" \/>\n<script type=\"application\/ld+json\" class=\"yoast-schema-graph\">{\"@context\":\"https:\/\/schema.org\",\"@graph\":[{\"@type\":\"WebPage\",\"@id\":\"https:\/\/www.polypoles.com\/es\/noticias\/nuestros-logros\/humidificar-una-bodega-enfriador-de-aire-grand\/\",\"url\":\"https:\/\/www.polypoles.com\/es\/noticias\/nuestros-logros\/humidificar-una-bodega-enfriador-de-aire-grand\/\",\"name\":\"Humidificaci\u00f3n de bodegas - Enfriador de aire : Alquiler y Venta - Polypoles\",\"isPartOf\":{\"@id\":\"https:\/\/www.polypoles.com\/es\/#website\"},\"primaryImageOfPage\":{\"@id\":\"https:\/\/www.polypoles.com\/es\/noticias\/nuestros-logros\/humidificar-una-bodega-enfriador-de-aire-grand\/#primaryimage\"},\"image\":{\"@id\":\"https:\/\/www.polypoles.com\/es\/noticias\/nuestros-logros\/humidificar-una-bodega-enfriador-de-aire-grand\/#primaryimage\"},\"thumbnailUrl\":\"https:\/\/www.polypoles.com\/wp-content\/uploads\/2021\/06\/Rafraichisseur-GRAND-pour-un-Chais-1.jpg\",\"datePublished\":\"2021-06-28T08:45:37+00:00\",\"dateModified\":\"2025-05-30T16:07:10+00:00\",\"description\":\"Modificaci\u00f3n de un enfriador de aire para humidificar una bodega. Proponer una soluci\u00f3n eficaz y econ\u00f3mica.\",\"breadcrumb\":{\"@id\":\"https:\/\/www.polypoles.com\/es\/noticias\/nuestros-logros\/humidificar-una-bodega-enfriador-de-aire-grand\/#breadcrumb\"},\"inLanguage\":\"es\",\"potentialAction\":[{\"@type\":\"ReadAction\",\"target\":[\"https:\/\/www.polypoles.com\/es\/noticias\/nuestros-logros\/humidificar-una-bodega-enfriador-de-aire-grand\/\"]}]},{\"@type\":\"ImageObject\",\"inLanguage\":\"es\",\"@id\":\"https:\/\/www.polypoles.com\/es\/noticias\/nuestros-logros\/humidificar-una-bodega-enfriador-de-aire-grand\/#primaryimage\",\"url\":\"https:\/\/www.polypoles.com\/wp-content\/uploads\/2021\/06\/Rafraichisseur-GRAND-pour-un-Chais-1.jpg\",\"contentUrl\":\"https:\/\/www.polypoles.com\/wp-content\/uploads\/2021\/06\/Rafraichisseur-GRAND-pour-un-Chais-1.jpg\",\"width\":1080,\"height\":1080},{\"@type\":\"BreadcrumbList\",\"@id\":\"https:\/\/www.polypoles.com\/es\/noticias\/nuestros-logros\/humidificar-una-bodega-enfriador-de-aire-grand\/#breadcrumb\",\"itemListElement\":[{\"@type\":\"ListItem\",\"position\":1,\"name\":\"Home\",\"item\":\"https:\/\/www.polypoles.com\/es\/\"},{\"@type\":\"ListItem\",\"position\":2,\"name\":\"Noticias\",\"item\":\"https:\/\/www.polypoles.com\/es\/noticias\/\"},{\"@type\":\"ListItem\",\"position\":3,\"name\":\"Nuestros logros\",\"item\":\"https:\/\/www.polypoles.com\/es\/noticias\/nuestros-logros\/\"},{\"@type\":\"ListItem\",\"position\":4,\"name\":\"Humidificar una bodega &#8211; Enfriador de aire GRAND\"}]},{\"@type\":\"WebSite\",\"@id\":\"https:\/\/www.polypoles.com\/es\/#website\",\"url\":\"https:\/\/www.polypoles.com\/es\/\",\"name\":\"Polypoles\",\"description\":\"Votre partenaire chaud-froid\",\"publisher\":{\"@id\":\"https:\/\/www.polypoles.com\/es\/#organization\"},\"potentialAction\":[{\"@type\":\"SearchAction\",\"target\":{\"@type\":\"EntryPoint\",\"urlTemplate\":\"https:\/\/www.polypoles.com\/es\/?s={search_term_string}\"},\"query-input\":{\"@type\":\"PropertyValueSpecification\",\"valueRequired\":true,\"valueName\":\"search_term_string\"}}],\"inLanguage\":\"es\"},{\"@type\":\"Organization\",\"@id\":\"https:\/\/www.polypoles.com\/es\/#organization\",\"name\":\"Polypoles\",\"url\":\"https:\/\/www.polypoles.com\/es\/\",\"logo\":{\"@type\":\"ImageObject\",\"inLanguage\":\"es\",\"@id\":\"https:\/\/www.polypoles.com\/es\/#\/schema\/logo\/image\/\",\"url\":\"https:\/\/www.polypoles.com\/wp-content\/uploads\/2024\/06\/base-25-cm-300-DPI-scaled.jpg\",\"contentUrl\":\"https:\/\/www.polypoles.com\/wp-content\/uploads\/2024\/06\/base-25-cm-300-DPI-scaled.jpg\",\"width\":2560,\"height\":497,\"caption\":\"Polypoles\"},\"image\":{\"@id\":\"https:\/\/www.polypoles.com\/es\/#\/schema\/logo\/image\/\"}}]}<\/script>\n<!-- \/ Yoast SEO plugin. -->","yoast_head_json":{"title":"Humidificaci\u00f3n de bodegas - Enfriador de aire : Alquiler y Venta - Polypoles","description":"Modificaci\u00f3n de un enfriador de aire para humidificar una bodega. Proponer una soluci\u00f3n eficaz y econ\u00f3mica.","robots":{"index":"index","follow":"follow","max-snippet":"max-snippet:-1","max-image-preview":"max-image-preview:large","max-video-preview":"max-video-preview:-1"},"canonical":"https:\/\/www.polypoles.com\/es\/noticias\/nuestros-logros\/humidificar-una-bodega-enfriador-de-aire-grand\/","og_locale":"es_ES","og_type":"article","og_title":"Humidificaci\u00f3n de bodegas - Enfriador de aire : Alquiler y Venta - Polypoles","og_description":"Modificaci\u00f3n de un enfriador de aire para humidificar una bodega. Proponer una soluci\u00f3n eficaz y econ\u00f3mica.","og_url":"https:\/\/www.polypoles.com\/es\/noticias\/nuestros-logros\/humidificar-una-bodega-enfriador-de-aire-grand\/","og_site_name":"Polypoles","article_modified_time":"2025-05-30T16:07:10+00:00","og_image":[{"width":1080,"height":1080,"url":"https:\/\/www.polypoles.com\/wp-content\/uploads\/2021\/06\/Rafraichisseur-GRAND-pour-un-Chais-1.jpg","type":"image\/jpeg"}],"twitter_card":"summary_large_image","twitter_misc":{"Tiempo de lectura":"2 minutos"},"schema":{"@context":"https:\/\/schema.org","@graph":[{"@type":"WebPage","@id":"https:\/\/www.polypoles.com\/es\/noticias\/nuestros-logros\/humidificar-una-bodega-enfriador-de-aire-grand\/","url":"https:\/\/www.polypoles.com\/es\/noticias\/nuestros-logros\/humidificar-una-bodega-enfriador-de-aire-grand\/","name":"Humidificaci\u00f3n de bodegas - Enfriador de aire : Alquiler y Venta - Polypoles","isPartOf":{"@id":"https:\/\/www.polypoles.com\/es\/#website"},"primaryImageOfPage":{"@id":"https:\/\/www.polypoles.com\/es\/noticias\/nuestros-logros\/humidificar-una-bodega-enfriador-de-aire-grand\/#primaryimage"},"image":{"@id":"https:\/\/www.polypoles.com\/es\/noticias\/nuestros-logros\/humidificar-una-bodega-enfriador-de-aire-grand\/#primaryimage"},"thumbnailUrl":"https:\/\/www.polypoles.com\/wp-content\/uploads\/2021\/06\/Rafraichisseur-GRAND-pour-un-Chais-1.jpg","datePublished":"2021-06-28T08:45:37+00:00","dateModified":"2025-05-30T16:07:10+00:00","description":"Modificaci\u00f3n de un enfriador de aire para humidificar una bodega. Proponer una soluci\u00f3n eficaz y econ\u00f3mica.","breadcrumb":{"@id":"https:\/\/www.polypoles.com\/es\/noticias\/nuestros-logros\/humidificar-una-bodega-enfriador-de-aire-grand\/#breadcrumb"},"inLanguage":"es","potentialAction":[{"@type":"ReadAction","target":["https:\/\/www.polypoles.com\/es\/noticias\/nuestros-logros\/humidificar-una-bodega-enfriador-de-aire-grand\/"]}]},{"@type":"ImageObject","inLanguage":"es","@id":"https:\/\/www.polypoles.com\/es\/noticias\/nuestros-logros\/humidificar-una-bodega-enfriador-de-aire-grand\/#primaryimage","url":"https:\/\/www.polypoles.com\/wp-content\/uploads\/2021\/06\/Rafraichisseur-GRAND-pour-un-Chais-1.jpg","contentUrl":"https:\/\/www.polypoles.com\/wp-content\/uploads\/2021\/06\/Rafraichisseur-GRAND-pour-un-Chais-1.jpg","width":1080,"height":1080},{"@type":"BreadcrumbList","@id":"https:\/\/www.polypoles.com\/es\/noticias\/nuestros-logros\/humidificar-una-bodega-enfriador-de-aire-grand\/#breadcrumb","itemListElement":[{"@type":"ListItem","position":1,"name":"Home","item":"https:\/\/www.polypoles.com\/es\/"},{"@type":"ListItem","position":2,"name":"Noticias","item":"https:\/\/www.polypoles.com\/es\/noticias\/"},{"@type":"ListItem","position":3,"name":"Nuestros logros","item":"https:\/\/www.polypoles.com\/es\/noticias\/nuestros-logros\/"},{"@type":"ListItem","position":4,"name":"Humidificar una bodega &#8211; Enfriador de aire GRAND"}]},{"@type":"WebSite","@id":"https:\/\/www.polypoles.com\/es\/#website","url":"https:\/\/www.polypoles.com\/es\/","name":"Polypoles","description":"Votre partenaire chaud-froid","publisher":{"@id":"https:\/\/www.polypoles.com\/es\/#organization"},"potentialAction":[{"@type":"SearchAction","target":{"@type":"EntryPoint","urlTemplate":"https:\/\/www.polypoles.com\/es\/?s={search_term_string}"},"query-input":{"@type":"PropertyValueSpecification","valueRequired":true,"valueName":"search_term_string"}}],"inLanguage":"es"},{"@type":"Organization","@id":"https:\/\/www.polypoles.com\/es\/#organization","name":"Polypoles","url":"https:\/\/www.polypoles.com\/es\/","logo":{"@type":"ImageObject","inLanguage":"es","@id":"https:\/\/www.polypoles.com\/es\/#\/schema\/logo\/image\/","url":"https:\/\/www.polypoles.com\/wp-content\/uploads\/2024\/06\/base-25-cm-300-DPI-scaled.jpg","contentUrl":"https:\/\/www.polypoles.com\/wp-content\/uploads\/2024\/06\/base-25-cm-300-DPI-scaled.jpg","width":2560,"height":497,"caption":"Polypoles"},"image":{"@id":"https:\/\/www.polypoles.com\/es\/#\/schema\/logo\/image\/"}}]}},"_links":{"self":[{"href":"https:\/\/www.polypoles.com\/es\/wp-json\/wp\/v2\/pages\/24834","targetHints":{"allow":["GET"]}}],"collection":[{"href":"https:\/\/www.polypoles.com\/es\/wp-json\/wp\/v2\/pages"}],"about":[{"href":"https:\/\/www.polypoles.com\/es\/wp-json\/wp\/v2\/types\/page"}],"author":[{"embeddable":true,"href":"https:\/\/www.polypoles.com\/es\/wp-json\/wp\/v2\/users\/3"}],"replies":[{"embeddable":true,"href":"https:\/\/www.polypoles.com\/es\/wp-json\/wp\/v2\/comments?post=24834"}],"version-history":[{"count":13,"href":"https:\/\/www.polypoles.com\/es\/wp-json\/wp\/v2\/pages\/24834\/revisions"}],"predecessor-version":[{"id":30250,"href":"https:\/\/www.polypoles.com\/es\/wp-json\/wp\/v2\/pages\/24834\/revisions\/30250"}],"up":[{"embeddable":true,"href":"https:\/\/www.polypoles.com\/es\/wp-json\/wp\/v2\/pages\/25139"}],"wp:featuredmedia":[{"embeddable":true,"href":"https:\/\/www.polypoles.com\/es\/wp-json\/wp\/v2\/media\/12903"}],"wp:attachment":[{"href":"https:\/\/www.polypoles.com\/es\/wp-json\/wp\/v2\/media?parent=24834"}],"wp:term":[{"taxonomy":"post_tag","embeddable":true,"href":"https:\/\/www.polypoles.com\/es\/wp-json\/wp\/v2\/tags?post=24834"}],"curies":[{"name":"wp","href":"https:\/\/api.w.org\/{rel}","templated":true}]}}