{"id":24810,"date":"2021-09-30T14:50:06","date_gmt":"2021-09-30T12:50:06","guid":{"rendered":"https:\/\/www.polypoles.com\/alquiler-de-aire-acondicionado-movil\/"},"modified":"2026-03-25T09:45:53","modified_gmt":"2026-03-25T08:45:53","slug":"alquiler-de-aire-acondicionado-movil","status":"publish","type":"page","link":"https:\/\/www.polypoles.com\/es\/alquiler-de-aire-acondicionado-movil\/","title":{"rendered":"Alquiler de aire acondicionado m\u00f3vil"},"content":{"rendered":"<div class=\"wpb-content-wrapper\"><p>[vc_row][vc_column]<div class=\"rs-header-title header-left  \">         \r\n        \t\t<h1 class=\"title\">Alquiler de aire acondicionado m\u00f3vil<\/h1><\/div>[vc_column_inner][\/vc_column_inner][\/vc_column][\/vc_row][vc_row][vc_column width=\u00bb2\/3&#8243;][vc_column_text css=\u00bb\u00bb]<\/p>\n<h2>Gama completa de climatizadores m\u00f3viles<\/h2>\n<p>Polypoles ofrece una gama completa de climatizadores m\u00f3viles en t\u00e9rminos de potencia para satisfacer todas tus necesidades, incluido el alquiler de climatizadores port\u00e1tiles. Garantizamos precios muy competitivos y una gama que se actualiza constantemente con productos de \u00faltima generaci\u00f3n. Nuestros equipos son revisados por nuestros t\u00e9cnicos antes de cada instalaci\u00f3n. <\/p>\n<ul>\n<li>\n<p class=\"woocommerce-loop-product__title\"><a href=\"https:\/\/www.polypoles.com\/es\/categorie-produit\/aire-acondicionado\/aire-acondicionado-split-movil\/\">Climatizador split m\u00f3vil (de 4,3 a 15 kW):<\/a> compuesto por <strong>dos unidades<\/strong> (interior y exterior), ofrece una soluci\u00f3n <strong>eficaz<\/strong> y <strong>flexible<\/strong>. Ideal para oficinas, salas de ordenadores, centros de datos, eventos y almacenes. <\/p>\n<\/li>\n<li>\n<p class=\"woocommerce-loop-product__title\"><a href=\"https:\/\/www.polypoles.com\/es\/categorie-produit\/aire-acondicionado\/climatizadores-compactos\/\">Climatizadores compactos de la gama AIRREX (de 3,5 a 10,5 kW):<\/a> formados por una sola unidad que incorpora el <strong>condensador<\/strong>, el <strong>compresor<\/strong> y el <strong>evaporador<\/strong>, ofrecen una soluci\u00f3n <strong>sencilla<\/strong> y <strong>eficaz<\/strong>. Ideales para entornos industriales, ayuntamientos y eventos. <\/p>\n<\/li>\n<li><a href=\"https:\/\/www.polypoles.com\/es\/categorie-produit\/aire-acondicionado\/climatizadores-moviles\/\">Climatizadores m\u00f3viles de la gama VIVAX:<\/a> f\u00e1ciles <strong>de transportar<\/strong>. Ideales para entornos exigentes: obras, locales t\u00e9cnicos, zonas de eventos, oficinas, talleres, etc. <\/li>\n<\/ul>\n<p>Estudiamos tus necesidades y, gracias a nuestra oficina de proyectos, te proponemos la soluci\u00f3n que mejor se adapta a tus requisitos.<br \/>\nNuestros acondicionadores de aire envasados, sobre todo los de la gama AIRREX, tienen conductos de aire orientables.  \u00a1Nuestros equipos satisfacen tus necesidades!<\/p>\n<h2><strong data-start=\"60\" data-end=\"106\">Equipos adaptados al entorno profesional<\/strong><\/h2>\n<p>Nuestros climatizadores m\u00f3viles y port\u00e1tiles de alquiler se <strong>prueban<\/strong> sistem\u00e1ticamente antes de ser entregados e instalados in situ. Nuestra experiencia y fiabilidad son la columna vertebral de Polypoles. <\/p>\n<p>Los aires acondicionados port\u00e1tiles y envasados son <strong>fiables y robustos<\/strong>, y se renuevan a\u00f1o tras a\u00f1o. Nos esforzamos por ofrecerte equipos de calidad que cumplan tus expectativas. Son ideales para entornos industriales.  <\/p>\n<h2>\u00bfPara qu\u00e9 sirven los climatizadores m\u00f3viles?<\/h2>\n<p>Nuestros climatizadores m\u00f3viles y port\u00e1tiles son ideales para oficinas, salas de ordenadores, centros de datos, salas de espera, garajes y almacenes. Tambi\u00e9n son especialmente adecuadas para instalaciones temporales como exposiciones, eventos, plat\u00f3s de cine, ferias y exposiciones. <\/p>\n<p>Est\u00e1n preparados para funcionar de forma aut\u00f3noma, son f\u00e1ciles de instalar y utilizar, y no requieren mano de obra especial.<\/p>\n<h2>Respuesta r\u00e1pida<\/h2>\n<p>Polypoles es<strong> el especialista en fr\u00edo de emergencia<\/strong>. En caso de aver\u00eda, podemos intervenir en un plazo de 24 a 48 horas.<br \/>\nNo dudes en ponerte en contacto con nosotros por tel\u00e9fono o correo electr\u00f3nico, y te responderemos lo antes posible.  Nuestros equipos son revisados por nuestros expertos antes de cada instalaci\u00f3n.[\/vc_column_text][vc_row_inner][vc_column_inner width=\u00bb1\/2&#8243;][vc_raw_html css=\u00bb\u00bb]PGRpdiBjbGFzcz0idmNfYnRuMy1jb250YWluZXIgYXBwZWwgdmNfYnRuMy1jZW50ZXIgdmNfZG9fYnRuIj48YSBjbGFzcz0idmNfZ2VuZXJhbCB2Y19idG4zIHZjX2J0bjMtc2l6ZS1sZyB2Y19idG4zLXNoYXBlLXJvdW5kZWQgdmNfYnRuMy1zdHlsZS1tb2Rlcm4gdmNfYnRuMy1pY29uLWxlZnQgdmNfYnRuMy1jb2xvci1zdWNjZXNzIiBocmVmPSJ0ZWw6KzMzODEwMDIwODUxIiB0aXRsZT0iTGxhbWEgYSBQb2x5cG9sZXMiIHJlbD0ibm9mb2xsb3ciPjxpIGNsYXNzPSJ2Y19idG4zLWljb24gZmEgZmEtc29saWQgZmEtcGhvbmUiPjwvaT4gPGI+Q29udGFjdGEgY29uIG5vc290cm9zPC9iPjxicj4wIDgxMCAwMjAgODUxPC9hPjwvZGl2Pg==[\/vc_raw_html][\/vc_column_inner][vc_column_inner width=\u00bb1\/2&#8243;][vc_raw_html css=\u00bb\u00bb]PGRpdiBjbGFzcz0idmNfYnRuMy1jb250YWluZXIgZGV2aXMgdmNfYnRuMy1pbmxpbmUgdmNfZG9fYnRuIj48YSBjbGFzcz0idmNfZ2VuZXJhbCB2Y19idG4zIHZjX2J0bjMtc2l6ZS1sZyB2Y19idG4zLXNoYXBlLXJvdW5kZWQgdmNfYnRuMy1zdHlsZS1tb2Rlcm4gdmNfYnRuMy1pY29uLWxlZnQgdmNfYnRuMy1jb2xvci1wcmltYXJ5IiBocmVmPSJodHRwczovL3d3dy5wb2x5cG9sZXMuY29tL2VzL3BvbnRlLWVuLWNvbnRhY3RvLWNvbi8iIHRpdGxlPSJQb250ZSBlbiBjb250YWN0byBjb24iPjxpIGNsYXNzPSJ2Y19idG4zLWljb24gZmFyIGZhLWVudmVsb3BlIj48L2k+ICBDb25zaWd1ZSB1bjxiPnByZXN1cHVlc3RvIGdyYXR1aXRvIGVuPC9iPjxicj48Yj48L2I+PC9hPjwvZGl2Pg==[\/vc_raw_html][\/vc_column_inner][\/vc_row_inner][vc_column_text css=\u00bb\u00bb]<\/p>\n<h2>Miles de instalaciones temporales<\/h2>\n<p>Tenemos amplia experiencia en una gran variedad de sectores y configuraciones. Muy a menudo encontramos la mejor soluci\u00f3n con la tecnolog\u00eda adecuada a tus necesidades cuando se trata de contratar nuestros climatizadores.<\/p>\n<p>Si quieres climatizar edificios, almacenes, talleres, garajes, locales p\u00fablicos, ERP, reparaciones para instaladores, etc., no dudes en presentarnos tu proyecto y te responderemos lo antes posible con un presupuesto a medida.[\/vc_column_text][\/vc_column][vc_column width=\u00bb1\/3&#8243;][vc_gallery interval=\u00bb3&#8243; images=\u00bb13428&#8243; img_size=\u00bb350&#8243; css=\u00bb\u00bb][vc_gallery interval=\u00bb3&#8243; images=\u00bb27979&#8243; img_size=\u00bblarge\u00bb css=\u00bb\u00bb][vc_gallery interval=\u00bb3&#8243; images=\u00bb13026&#8243; img_size=\u00bb300&#8243; css=\u00bb\u00bb][\/vc_column][\/vc_row][vc_row][vc_column][vc_column_text css=\u00bb\u00bb]<\/p>\n<h2>Alquiler de aire acondicionado m\u00f3vil: no olvides el paquete de verano<\/h2>\n<p>Polypoles ofrece un paquete de verano de alquiler de aire acondicionado.<br \/>\nEsto te proteger\u00e1 durante todo el verano de las variaciones de temperatura.<br \/>\nAs\u00ed no tienes que preocuparte por el almacenamiento ni el mantenimiento.<br \/>\nTambi\u00e9n te da la oportunidad de probar el aparato antes de comprarlo.<br \/>\nPolypoles ofrece precios muy competitivos en el mercado franc\u00e9s.<br \/>\nPresupuesto gratuito e inmediato.[\/vc_column_text][vc_column_text css=\u00bb\u00bb]<\/p>\n<h2 data-start=\"99\" data-end=\"508\"><strong data-start=\"104\" data-end=\"183\">Alquiler de material: \u00a1un equipo y un servicio t\u00e9cnico inigualables!<\/strong><\/h2>\n<p data-start=\"99\" data-end=\"508\">Ante una situaci\u00f3n imprevista o delicada, respondemos con rapidez para ofrecerte el equipo que mejor se adapte a tus necesidades. En caso de aver\u00eda, nuestros t\u00e9cnicos pueden proporcionarte material de sustituci\u00f3n en alquiler, para que puedas mantener tu actividad y gestionar la situaci\u00f3n con tranquilidad. <\/p>\n<p data-start=\"510\" data-end=\"756\" data-is-last-node=\"\" data-is-only-node=\"\">El alquiler de equipos es una soluci\u00f3n eficaz para emergencias y circunstancias imprevistas. Nuestro departamento t\u00e9cnico puede proporcionarte equipos fiables, de alto rendimiento y calidad, perfectamente adaptados a tus necesidades profesionales. <\/p>\n<p>[\/vc_column_text][vc_column_text]<\/p>\n<h2>Cat\u00e1logo de alquiler de climatizadores m\u00f3viles<\/h2>\n<p>[\/vc_column_text][dhvc_woo_product_page_product_categories columns=\u00bb5&#8243; orderby=\u00bb\u00bb order=\u00bb\u00bb hide_empty=\u00bb1&#8243; el_class=\u00bb\u00bb ids=\u00bb88,30,28,27&#8243; number=\u00bb\u00bb parent=\u00bb\u00bb][\/vc_column][\/vc_row][vc_row][vc_column][vc_separator][vc_column_text]<\/p>\n<h2>\u00bfQuieres alquilar un climatizador m\u00f3vil?<\/h2>\n<p>Ponte en contacto con nosotros por tel\u00e9fono, correo electr\u00f3nico o rellena el siguiente formulario.<br \/>\nPresupuesto gratuito e inmediato.[\/vc_column_text][\/vc_column][\/vc_row][vc_row][vc_column width=\u00bb1\/6&#8243;][vc_single_image image=\u00bb27027&#8243; style=\u00bbvc_box_border_circle_2&#8243; css=\u00bb\u00bb][\/vc_column][vc_column width=\u00bb5\/6&#8243;][vc_column_text css=\u00bb\u00bb]<span class=\"TextRun SCXW52318390 BCX8\" lang=\"FR-FR\" data-contrast=\"auto\"><span class=\"NormalTextRun SCXW52318390 BCX8\">Para tus proyectos de climatizaci\u00f3n m\u00f3vil, tus necesidades de emergencia o tus requisitos espec\u00edficos, <\/span><\/span><span class=\"TextRun SCXW52318390 BCX8\" lang=\"FR-FR\" data-contrast=\"auto\"><span class=\"NormalTextRun SCXW52318390 BCX8\">Polypoles es tu socio de confianza<\/span><\/span><span class=\"TextRun SCXW52318390 BCX8\" lang=\"FR-FR\" data-contrast=\"auto\"><span class=\"NormalTextRun SCXW52318390 BCX8\">. <\/span><\/span><span class=\"TextRun SCXW52318390 BCX8\" lang=\"FR-FR\" data-contrast=\"auto\"><span class=\"NormalTextRun SCXW52318390 BCX8\">Ponte en contacto con nosotros en<\/span><\/span><span class=\"TextRun SCXW52318390 BCX8\" lang=\"FR-FR\" data-contrast=\"auto\"><span class=\"NormalTextRun SCXW52318390 BCX8\"> hoy mismo para saber m\u00e1s sobre nuestras soluciones de alquiler de aire acondicionado m\u00f3vil.<\/span><\/span><span class=\"EOP SCXW52318390 BCX8\" data-ccp-props=\"{\"134233117\":true,\"134233118\":true,\"201341983\":0,\"335559740\":240}\"> Ofrecemos tarifas muy competitivas en el mercado franc\u00e9s.<\/span>[\/vc_column_text][vc_raw_html css=\u00bb\u00bb]PGRpdiBjbGFzcz0idmNfYnRuMy1jb250YWluZXIgYXBwZWwgdmNfYnRuMy1jZW50ZXIgdmNfZG9fYnRuIj48YSBjbGFzcz0idmNfZ2VuZXJhbCB2Y19idG4zIHZjX2J0bjMtc2l6ZS1sZyB2Y19idG4zLXNoYXBlLXJvdW5kZWQgdmNfYnRuMy1zdHlsZS1tb2Rlcm4gdmNfYnRuMy1pY29uLWxlZnQgdmNfYnRuMy1jb2xvci1zdWNjZXNzIiBocmVmPSJ0ZWw6KzMzODEwMDIwODUxIiB0aXRsZT0iTGxhbWEgYSBQb2x5cG9sZXMiIHJlbD0ibm9mb2xsb3ciPjxpIGNsYXNzPSJ2Y19idG4zLWljb24gZmEgZmEtc29saWQgZmEtcGhvbmUiPjwvaT4gPGI+Q29udGFjdGEgY29uIG5vc290cm9zPC9iPjxicj4wIDgxMCAwMjAgODUxPC9hPjwvZGl2Pg==[\/vc_raw_html][\/vc_column][\/vc_row][vc_row][vc_column]\n<div class=\"wpcf7 no-js\" id=\"wpcf7-f24308-o1\" lang=\"es-ES\" dir=\"ltr\" data-wpcf7-id=\"24308\">\n<div class=\"screen-reader-response\"><p role=\"status\" aria-live=\"polite\" aria-atomic=\"true\"><\/p> <ul><\/ul><\/div>\n<form action=\"\/es\/wp-json\/wp\/v2\/pages\/24810#wpcf7-f24308-o1\" method=\"post\" class=\"wpcf7-form init\" aria-label=\"Formulario de contacto\" novalidate=\"novalidate\" data-status=\"init\">\n<div style=\"display: none;\">\n<input type=\"hidden\" name=\"_wpcf7\" value=\"24308\" \/>\n<input type=\"hidden\" name=\"_wpcf7_version\" value=\"6.0.6\" \/>\n<input type=\"hidden\" name=\"_wpcf7_locale\" value=\"es_ES\" \/>\n<input type=\"hidden\" name=\"_wpcf7_unit_tag\" value=\"wpcf7-f24308-o1\" \/>\n<input type=\"hidden\" name=\"_wpcf7_container_post\" value=\"0\" \/>\n<input type=\"hidden\" name=\"_wpcf7_posted_data_hash\" value=\"\" \/>\n<input type=\"hidden\" name=\"_wpcf7_recaptcha_response\" value=\"\" \/>\n<\/div>\n<p><i>Todos los campos son obligatorios.<\/i>\n<\/p>\n<div class=\"row\">\n\t<div class=\"col-sm-4\">\n\t\t<p><label> Tu nombre<br \/>\n<span class=\"wpcf7-form-control-wrap\" data-name=\"Votrenom\"><input size=\"40\" maxlength=\"400\" class=\"wpcf7-form-control wpcf7-text wpcf7-validates-as-required\" aria-required=\"true\" aria-invalid=\"false\" value=\"\" type=\"text\" name=\"Votrenom\" \/><\/span><\/label>\n\t\t<\/p>\n\t<\/div>\n\t<div class=\"col-sm-4\">\n\t\t<p><label> Tu empresa<br \/>\n<span class=\"wpcf7-form-control-wrap\" data-name=\"societe\"><input size=\"40\" maxlength=\"400\" class=\"wpcf7-form-control wpcf7-text wpcf7-validates-as-required\" aria-required=\"true\" aria-invalid=\"false\" value=\"\" type=\"text\" name=\"societe\" \/><\/span> <\/label>\n\t\t<\/p>\n\t<\/div>\n\t<div class=\"col-sm-4\">\n\t\t<p><label> Tu e-mail<br \/>\n<span class=\"wpcf7-form-control-wrap\" data-name=\"your-email\"><input size=\"40\" maxlength=\"400\" class=\"wpcf7-form-control wpcf7-email wpcf7-validates-as-required wpcf7-text wpcf7-validates-as-email\" aria-required=\"true\" aria-invalid=\"false\" value=\"\" type=\"email\" name=\"your-email\" \/><\/span> <\/label>\n\t\t<\/p>\n\t<\/div>\n\t<div class=\"col-sm-4\">\n\t\t<p><label> Tu n\u00famero de tel\u00e9fono<br \/>\n<span class=\"wpcf7-form-control-wrap\" data-name=\"phone\"><input size=\"40\" maxlength=\"400\" class=\"wpcf7-form-control wpcf7-tel wpcf7-validates-as-required wpcf7-text wpcf7-validates-as-tel\" aria-required=\"true\" aria-invalid=\"false\" value=\"\" type=\"tel\" name=\"phone\" \/><\/span> <\/label>\n\t\t<\/p>\n\t<\/div>\n\t<div class=\"col-sm-4\">\n\t\t<p><label><br \/>\n<span class=\"wpcf7-form-control-wrap\" data-name=\"typologie\"><select class=\"wpcf7-form-control wpcf7-select wpcf7-validates-as-required\" aria-required=\"true\" aria-invalid=\"false\" name=\"typologie\"><option value=\"Tu solicitud se refiere a la venta en alquiler de otros\">Tu solicitud se refiere a la venta en alquiler de otros<\/option><\/select><\/span> <\/label>\n\t\t<\/p>\n\t<\/div>\n\t<div class=\"col-sm-4\">\n\t\t<p><label> Tu departamento<br \/>\n<span class=\"wpcf7-form-control-wrap\" data-name=\"departement\"><input size=\"40\" maxlength=\"400\" class=\"wpcf7-form-control wpcf7-text wpcf7-validates-as-required\" aria-required=\"true\" aria-invalid=\"false\" value=\"\" type=\"text\" name=\"departement\" \/><\/span> <\/label>\n\t\t<\/p>\n\t<\/div>\n\t<div class=\"col-sm-12\">\n\t\t<p><label> Tu mensaje<br \/>\n<span class=\"wpcf7-form-control-wrap\" data-name=\"your-message\"><textarea cols=\"40\" rows=\"10\" maxlength=\"2000\" class=\"wpcf7-form-control wpcf7-textarea wpcf7-validates-as-required\" aria-required=\"true\" aria-invalid=\"false\" name=\"your-message\"><\/textarea><\/span> <\/label>\n\t\t<\/p>\n\t<\/div>\n\t<p><span class=\"wpcf7-form-control-wrap\" data-name=\"RGPD\"><span class=\"wpcf7-form-control wpcf7-checkbox wpcf7-validates-as-required\"><span class=\"wpcf7-list-item first last\"><label><input type=\"checkbox\" name=\"RGPD[]\" value=\"Acepto que los datos introducidos en este formulario sean utilizados por Polypoles para tramitar mi solicitud.\" \/><span class=\"wpcf7-list-item-label\">Acepto que los datos introducidos en este formulario sean utilizados por Polypoles para tramitar mi solicitud.<\/span><\/label><\/span><\/span><\/span>\n\t<\/p>\n\t<div class=\"form-button col-sm-12\">\n\t\t<div class=\"form-button col-sm-12\">\n\t\t\t<p class=\"submit-btn\"><input class=\"wpcf7-form-control wpcf7-submit has-spinner\" type=\"submit\" value=\"Confirma\" \/><i class=\"fa flaticon-right-arrow\"><\/i>\n\t\t\t<\/p>\n\t\t<\/div>\n\t<\/div>\n<\/div><input type='hidden' class='wpcf7-pum' value='{\"closepopup\":false,\"closedelay\":0,\"openpopup\":false,\"openpopup_id\":0}' \/><div class=\"wpcf7-response-output\" aria-hidden=\"true\"><\/div>\n<\/form>\n<\/div>\n[\/vc_column][\/vc_row]<\/p>\n<\/div>","protected":false},"excerpt":{"rendered":"<p>[vc_row][vc_column][vc_column_inner][\/vc_column_inner][\/vc_column][\/vc_row][vc_row][vc_column width=\u00bb2\/3&#8243;][vc_column_text css=\u00bb\u00bb] Gama completa de climatizadores m\u00f3viles Polypoles ofrece una gama completa de climatizadores m\u00f3viles en t\u00e9rminos de potencia para satisfacer todas tus necesidades, incluido el alquiler de climatizadores port\u00e1tiles. Garantizamos precios muy competitivos y una gama que se actualiza constantemente con productos de \u00faltima generaci\u00f3n. Nuestros equipos son revisados por nuestros t\u00e9cnicos antes&#8230;<\/p>\n","protected":false},"author":3,"featured_media":13363,"parent":0,"menu_order":0,"comment_status":"closed","ping_status":"closed","template":"","meta":{"_acf_changed":false,"footnotes":""},"tags":[],"class_list":["post-24810","page","type-page","status-publish","has-post-thumbnail","hentry"],"acf":[],"yoast_head":"<!-- This site is optimized with the Yoast SEO plugin v24.9 - https:\/\/yoast.com\/wordpress\/plugins\/seo\/ -->\n<title>Alquiler de climatizadores m\u00f3viles - Ubicaci\u00f3n clim | Polipastos<\/title>\n<meta name=\"description\" content=\"Alquiler de climatizadores m\u00f3viles: de 3,5 kW a 42,5 kW. Entrega expr\u00e9s - Instalaci\u00f3n y servicio 24\/24h | Presupuesto gratuito - \u00a1Contacta con nosotros!\" \/>\n<meta name=\"robots\" content=\"index, follow, max-snippet:-1, max-image-preview:large, max-video-preview:-1\" \/>\n<link rel=\"canonical\" href=\"https:\/\/www.polypoles.com\/es\/alquiler-de-aire-acondicionado-movil\/\" \/>\n<meta property=\"og:locale\" content=\"es_ES\" \/>\n<meta property=\"og:type\" content=\"article\" \/>\n<meta property=\"og:title\" content=\"Alquiler de climatizadores m\u00f3viles - Ubicaci\u00f3n clim | Polipastos\" \/>\n<meta property=\"og:description\" content=\"Alquiler de climatizadores m\u00f3viles: de 3,5 kW a 42,5 kW. Entrega expr\u00e9s - Instalaci\u00f3n y servicio 24\/24h | Presupuesto gratuito - \u00a1Contacta con nosotros!\" \/>\n<meta property=\"og:url\" content=\"https:\/\/www.polypoles.com\/es\/alquiler-de-aire-acondicionado-movil\/\" \/>\n<meta property=\"og:site_name\" content=\"Polypoles\" \/>\n<meta property=\"article:modified_time\" content=\"2026-03-25T08:45:53+00:00\" \/>\n<meta property=\"og:image\" content=\"https:\/\/www.polypoles.com\/wp-content\/uploads\/2021\/08\/Location-de-climatiseur-Lyon.jpg\" \/>\n\t<meta property=\"og:image:width\" content=\"1080\" \/>\n\t<meta property=\"og:image:height\" content=\"1080\" \/>\n\t<meta property=\"og:image:type\" content=\"image\/jpeg\" \/>\n<meta name=\"twitter:card\" content=\"summary_large_image\" \/>\n<meta name=\"twitter:label1\" content=\"Tiempo de lectura\" \/>\n\t<meta name=\"twitter:data1\" content=\"6 minutos\" \/>\n<script type=\"application\/ld+json\" class=\"yoast-schema-graph\">{\"@context\":\"https:\/\/schema.org\",\"@graph\":[{\"@type\":\"WebPage\",\"@id\":\"https:\/\/www.polypoles.com\/es\/alquiler-de-aire-acondicionado-movil\/\",\"url\":\"https:\/\/www.polypoles.com\/es\/alquiler-de-aire-acondicionado-movil\/\",\"name\":\"Alquiler de climatizadores m\u00f3viles - Ubicaci\u00f3n clim | Polipastos\",\"isPartOf\":{\"@id\":\"https:\/\/www.polypoles.com\/es\/#website\"},\"primaryImageOfPage\":{\"@id\":\"https:\/\/www.polypoles.com\/es\/alquiler-de-aire-acondicionado-movil\/#primaryimage\"},\"image\":{\"@id\":\"https:\/\/www.polypoles.com\/es\/alquiler-de-aire-acondicionado-movil\/#primaryimage\"},\"thumbnailUrl\":\"https:\/\/www.polypoles.com\/wp-content\/uploads\/2021\/08\/Location-de-climatiseur-Lyon.jpg\",\"datePublished\":\"2021-09-30T12:50:06+00:00\",\"dateModified\":\"2026-03-25T08:45:53+00:00\",\"description\":\"Alquiler de climatizadores m\u00f3viles: de 3,5 kW a 42,5 kW. Entrega expr\u00e9s - Instalaci\u00f3n y servicio 24\/24h | Presupuesto gratuito - \u00a1Contacta con nosotros!\",\"breadcrumb\":{\"@id\":\"https:\/\/www.polypoles.com\/es\/alquiler-de-aire-acondicionado-movil\/#breadcrumb\"},\"inLanguage\":\"es\",\"potentialAction\":[{\"@type\":\"ReadAction\",\"target\":[\"https:\/\/www.polypoles.com\/es\/alquiler-de-aire-acondicionado-movil\/\"]}]},{\"@type\":\"ImageObject\",\"inLanguage\":\"es\",\"@id\":\"https:\/\/www.polypoles.com\/es\/alquiler-de-aire-acondicionado-movil\/#primaryimage\",\"url\":\"https:\/\/www.polypoles.com\/wp-content\/uploads\/2021\/08\/Location-de-climatiseur-Lyon.jpg\",\"contentUrl\":\"https:\/\/www.polypoles.com\/wp-content\/uploads\/2021\/08\/Location-de-climatiseur-Lyon.jpg\",\"width\":1080,\"height\":1080},{\"@type\":\"BreadcrumbList\",\"@id\":\"https:\/\/www.polypoles.com\/es\/alquiler-de-aire-acondicionado-movil\/#breadcrumb\",\"itemListElement\":[{\"@type\":\"ListItem\",\"position\":1,\"name\":\"Home\",\"item\":\"https:\/\/www.polypoles.com\/es\/\"},{\"@type\":\"ListItem\",\"position\":2,\"name\":\"Alquiler de aire acondicionado m\u00f3vil\"}]},{\"@type\":\"WebSite\",\"@id\":\"https:\/\/www.polypoles.com\/es\/#website\",\"url\":\"https:\/\/www.polypoles.com\/es\/\",\"name\":\"Polypoles\",\"description\":\"Votre partenaire chaud-froid\",\"publisher\":{\"@id\":\"https:\/\/www.polypoles.com\/es\/#organization\"},\"potentialAction\":[{\"@type\":\"SearchAction\",\"target\":{\"@type\":\"EntryPoint\",\"urlTemplate\":\"https:\/\/www.polypoles.com\/es\/?s={search_term_string}\"},\"query-input\":{\"@type\":\"PropertyValueSpecification\",\"valueRequired\":true,\"valueName\":\"search_term_string\"}}],\"inLanguage\":\"es\"},{\"@type\":\"Organization\",\"@id\":\"https:\/\/www.polypoles.com\/es\/#organization\",\"name\":\"Polypoles\",\"url\":\"https:\/\/www.polypoles.com\/es\/\",\"logo\":{\"@type\":\"ImageObject\",\"inLanguage\":\"es\",\"@id\":\"https:\/\/www.polypoles.com\/es\/#\/schema\/logo\/image\/\",\"url\":\"https:\/\/www.polypoles.com\/wp-content\/uploads\/2024\/06\/base-25-cm-300-DPI-scaled.jpg\",\"contentUrl\":\"https:\/\/www.polypoles.com\/wp-content\/uploads\/2024\/06\/base-25-cm-300-DPI-scaled.jpg\",\"width\":2560,\"height\":497,\"caption\":\"Polypoles\"},\"image\":{\"@id\":\"https:\/\/www.polypoles.com\/es\/#\/schema\/logo\/image\/\"}}]}<\/script>\n<!-- \/ Yoast SEO plugin. -->","yoast_head_json":{"title":"Alquiler de climatizadores m\u00f3viles - Ubicaci\u00f3n clim | Polipastos","description":"Alquiler de climatizadores m\u00f3viles: de 3,5 kW a 42,5 kW. Entrega expr\u00e9s - Instalaci\u00f3n y servicio 24\/24h | Presupuesto gratuito - \u00a1Contacta con nosotros!","robots":{"index":"index","follow":"follow","max-snippet":"max-snippet:-1","max-image-preview":"max-image-preview:large","max-video-preview":"max-video-preview:-1"},"canonical":"https:\/\/www.polypoles.com\/es\/alquiler-de-aire-acondicionado-movil\/","og_locale":"es_ES","og_type":"article","og_title":"Alquiler de climatizadores m\u00f3viles - Ubicaci\u00f3n clim | Polipastos","og_description":"Alquiler de climatizadores m\u00f3viles: de 3,5 kW a 42,5 kW. Entrega expr\u00e9s - Instalaci\u00f3n y servicio 24\/24h | Presupuesto gratuito - \u00a1Contacta con nosotros!","og_url":"https:\/\/www.polypoles.com\/es\/alquiler-de-aire-acondicionado-movil\/","og_site_name":"Polypoles","article_modified_time":"2026-03-25T08:45:53+00:00","og_image":[{"width":1080,"height":1080,"url":"https:\/\/www.polypoles.com\/wp-content\/uploads\/2021\/08\/Location-de-climatiseur-Lyon.jpg","type":"image\/jpeg"}],"twitter_card":"summary_large_image","twitter_misc":{"Tiempo de lectura":"6 minutos"},"schema":{"@context":"https:\/\/schema.org","@graph":[{"@type":"WebPage","@id":"https:\/\/www.polypoles.com\/es\/alquiler-de-aire-acondicionado-movil\/","url":"https:\/\/www.polypoles.com\/es\/alquiler-de-aire-acondicionado-movil\/","name":"Alquiler de climatizadores m\u00f3viles - Ubicaci\u00f3n clim | Polipastos","isPartOf":{"@id":"https:\/\/www.polypoles.com\/es\/#website"},"primaryImageOfPage":{"@id":"https:\/\/www.polypoles.com\/es\/alquiler-de-aire-acondicionado-movil\/#primaryimage"},"image":{"@id":"https:\/\/www.polypoles.com\/es\/alquiler-de-aire-acondicionado-movil\/#primaryimage"},"thumbnailUrl":"https:\/\/www.polypoles.com\/wp-content\/uploads\/2021\/08\/Location-de-climatiseur-Lyon.jpg","datePublished":"2021-09-30T12:50:06+00:00","dateModified":"2026-03-25T08:45:53+00:00","description":"Alquiler de climatizadores m\u00f3viles: de 3,5 kW a 42,5 kW. Entrega expr\u00e9s - Instalaci\u00f3n y servicio 24\/24h | Presupuesto gratuito - \u00a1Contacta con nosotros!","breadcrumb":{"@id":"https:\/\/www.polypoles.com\/es\/alquiler-de-aire-acondicionado-movil\/#breadcrumb"},"inLanguage":"es","potentialAction":[{"@type":"ReadAction","target":["https:\/\/www.polypoles.com\/es\/alquiler-de-aire-acondicionado-movil\/"]}]},{"@type":"ImageObject","inLanguage":"es","@id":"https:\/\/www.polypoles.com\/es\/alquiler-de-aire-acondicionado-movil\/#primaryimage","url":"https:\/\/www.polypoles.com\/wp-content\/uploads\/2021\/08\/Location-de-climatiseur-Lyon.jpg","contentUrl":"https:\/\/www.polypoles.com\/wp-content\/uploads\/2021\/08\/Location-de-climatiseur-Lyon.jpg","width":1080,"height":1080},{"@type":"BreadcrumbList","@id":"https:\/\/www.polypoles.com\/es\/alquiler-de-aire-acondicionado-movil\/#breadcrumb","itemListElement":[{"@type":"ListItem","position":1,"name":"Home","item":"https:\/\/www.polypoles.com\/es\/"},{"@type":"ListItem","position":2,"name":"Alquiler de aire acondicionado m\u00f3vil"}]},{"@type":"WebSite","@id":"https:\/\/www.polypoles.com\/es\/#website","url":"https:\/\/www.polypoles.com\/es\/","name":"Polypoles","description":"Votre partenaire chaud-froid","publisher":{"@id":"https:\/\/www.polypoles.com\/es\/#organization"},"potentialAction":[{"@type":"SearchAction","target":{"@type":"EntryPoint","urlTemplate":"https:\/\/www.polypoles.com\/es\/?s={search_term_string}"},"query-input":{"@type":"PropertyValueSpecification","valueRequired":true,"valueName":"search_term_string"}}],"inLanguage":"es"},{"@type":"Organization","@id":"https:\/\/www.polypoles.com\/es\/#organization","name":"Polypoles","url":"https:\/\/www.polypoles.com\/es\/","logo":{"@type":"ImageObject","inLanguage":"es","@id":"https:\/\/www.polypoles.com\/es\/#\/schema\/logo\/image\/","url":"https:\/\/www.polypoles.com\/wp-content\/uploads\/2024\/06\/base-25-cm-300-DPI-scaled.jpg","contentUrl":"https:\/\/www.polypoles.com\/wp-content\/uploads\/2024\/06\/base-25-cm-300-DPI-scaled.jpg","width":2560,"height":497,"caption":"Polypoles"},"image":{"@id":"https:\/\/www.polypoles.com\/es\/#\/schema\/logo\/image\/"}}]}},"_links":{"self":[{"href":"https:\/\/www.polypoles.com\/es\/wp-json\/wp\/v2\/pages\/24810","targetHints":{"allow":["GET"]}}],"collection":[{"href":"https:\/\/www.polypoles.com\/es\/wp-json\/wp\/v2\/pages"}],"about":[{"href":"https:\/\/www.polypoles.com\/es\/wp-json\/wp\/v2\/types\/page"}],"author":[{"embeddable":true,"href":"https:\/\/www.polypoles.com\/es\/wp-json\/wp\/v2\/users\/3"}],"replies":[{"embeddable":true,"href":"https:\/\/www.polypoles.com\/es\/wp-json\/wp\/v2\/comments?post=24810"}],"version-history":[{"count":36,"href":"https:\/\/www.polypoles.com\/es\/wp-json\/wp\/v2\/pages\/24810\/revisions"}],"predecessor-version":[{"id":35324,"href":"https:\/\/www.polypoles.com\/es\/wp-json\/wp\/v2\/pages\/24810\/revisions\/35324"}],"wp:featuredmedia":[{"embeddable":true,"href":"https:\/\/www.polypoles.com\/es\/wp-json\/wp\/v2\/media\/13363"}],"wp:attachment":[{"href":"https:\/\/www.polypoles.com\/es\/wp-json\/wp\/v2\/media?parent=24810"}],"wp:term":[{"taxonomy":"post_tag","embeddable":true,"href":"https:\/\/www.polypoles.com\/es\/wp-json\/wp\/v2\/tags?post=24810"}],"curies":[{"name":"wp","href":"https:\/\/api.w.org\/{rel}","templated":true}]}}