{"id":24762,"date":"2021-10-04T11:21:40","date_gmt":"2021-10-04T09:21:40","guid":{"rendered":"https:\/\/www.polypoles.com\/sistema-de-calefaccion-de-lena\/"},"modified":"2024-11-19T16:53:18","modified_gmt":"2024-11-19T15:53:18","slug":"sistema-de-calefaccion-de-lena","status":"publish","type":"page","link":"https:\/\/www.polypoles.com\/es\/noticias\/nuestros-logros\/sistema-de-calefaccion-de-lena\/","title":{"rendered":"Sistema de calefacci\u00f3n de le\u00f1a"},"content":{"rendered":"<div class=\"wpb-content-wrapper\"><p>[vc_row][vc_column][vc_column_text]<\/p>\n<h1 style=\"text-align: center;\">INSTALACI\u00d3N DE UN SISTEMA DE CALEFACCI\u00d3N DE LE\u00d1A<\/h1>\n<p>[\/vc_column_text][\/vc_column][\/vc_row][vc_row][vc_column][vc_empty_space][\/vc_column][\/vc_row][vc_row][vc_column width=\u00bb2\/3&#8243;][vc_column_text]<\/p>\n<h2><strong>PROBLEMA DEL CLIENTE: CAMBIAR EL SISTEMA DE CALEFACCI\u00d3N DE LE\u00d1A<\/strong><\/h2>\n<p>Una empresa de ebanister\u00eda calentaba su taller de 1.200 m2 con un generador de le\u00f1a de convecci\u00f3n forzada.<br \/>\nEsto insuflaba aire directamente en la habitaci\u00f3n a trav\u00e9s de 2 rejillas de ventilaci\u00f3n.<br \/>\nEste sistema de calefacci\u00f3n hac\u00eda que el espacio de trabajo fuera inc\u00f3modo debido al movimiento del aire y a la mala distribuci\u00f3n del calor.<br \/>\nAlgunas zonas se quedaron sin calefacci\u00f3n y necesitaron energ\u00eda adicional.   <\/p>\n<h2><strong>PROYECTO CLIENTE: SUSTITUCI\u00d3N DE HORNO DE LE\u00d1A<\/strong><\/h2>\n<p>Construcci\u00f3n de un nuevo edificio de producci\u00f3n de 2500 m2<\/p>\n<h2><strong>PETICI\u00d3N DEL CLIENTE: NUEVO SISTEMA DE CALEFACCI\u00d3N DE LE\u00d1A M\u00c1S EFICIENTE<\/strong><\/h2>\n<p>Poder instalar un generador m\u00e1s eficiente y confortable capaz de calentar todo el nuevo taller<\/p>\n<h2><strong>OBJETIVO A ALCANZAR<\/strong><\/h2>\n<p>Calentar un edificio de producci\u00f3n de 2.500m2 utilizando residuos de producci\u00f3n, en particular madera.<br \/>\nFuncionan de forma totalmente aut\u00f3noma y satisfacen las necesidades de calefacci\u00f3n del edificio, garantizando al mismo tiempo la comodidad de uso.<br \/>\nEl cliente incluso hizo instalar un sistema de aspiraci\u00f3n centralizada, que recupera el polvo de producci\u00f3n y lo inyecta en una m\u00e1quina.<br \/>\nEsta \u00faltima fabrica briquetas de serr\u00edn, que desempe\u00f1an la misma funci\u00f3n que los pellets de madera.<\/p>\n<h2><strong>SOLUCIONES APORTADAS POR POLIPOLOS  <\/strong><\/h2>\n<p>Instalaci\u00f3n de un generador de le\u00f1a con 2 redes de conductos textiles perforados<\/p>\n<h2><strong>RESULTADO<\/strong><\/h2>\n<p>La red de vainas textiles se comporta perfectamente bajo la carga del generador.<br \/>\nEl sistema de ventilaci\u00f3n recorre toda la longitud del edificio, distribuyendo la calefacci\u00f3n de forma uniforme y eficaz.<br \/>\nEl cliente est\u00e1 encantado con el nuevo equipo.<br \/>\nPudo participar en la puesta en marcha y comprender c\u00f3mo funciona el generador.<br \/>\nPara saber m\u00e1s sobre estas soluciones innovadoras y c\u00f3mo pueden satisfacer tus necesidades energ\u00e9ticas, consulta nuestra p\u00e1gina sobre <a href=\"\">calderas de biomasa<\/a>.[\/vc_column_text][\/vc_column][vc_column width=\u00bb1\/3&#8243;][vc_single_image image=\u00bb13676&#8243; img_size=\u00bblarge\u00bb][vc_single_image image=\u00bb13678&#8243; img_size=\u00bblarge\u00bb][\/vc_column][\/vc_row][vc_row][vc_column][vc_column_text]<\/p>\n<h3 style=\"text-align: center;\"><\/h3>\n<div class=\"vc_row wpb_row vc_inner vc_row-fluid\">\n<div class=\"wpb_column vc_column_container vc_col-sm-3\">\n<div class=\"vc_column-inner\">\n<div class=\"wpb_wrapper\">\n<div class=\"vc_btn3-container appel wpb_animate_when_almost_visible wpb_fadeIn fadeIn vc_btn3-left wpb_start_animation animated\">\n                    <a class=\"vc_general vc_btn3 vc_btn3-size-lg vc_btn3-shape-rounded vc_btn3-style-modern vc_btn3-icon-left vc_btn3-color-juicy-pink\" title=\"\" href=\"tel:+33810020851\" rel=\"nofollow\"><i class=\"vc_btn3-icon fa fa-phone\"><\/i>  0 810 020 851<\/a>\n                  <\/div><\/div><\/div><\/div>\n<div class=\"wpb_column vc_column_container vc_col-sm-3\">\n<div class=\"vc_column-inner\">\n<div class=\"wpb_wrapper\">\n<div class=\"vc_btn3-container devis wpb_animate_when_almost_visible wpb_fadeIn fadeIn vc_btn3-left wpb_start_animation animated\">\n                    <a class=\"vc_general vc_btn3 vc_btn3-size-lg vc_btn3-shape-rounded vc_btn3-style-modern vc_btn3-icon-left vc_btn3-color-primary\" title=\"\" href=\"https:\/\/www.polypoles.com\/es\/solicitud-de-devolucion-de-llamada\/\" rel=\"nofollow\"><i class=\"vc_btn3-icon fa fa-envelope-o\"><\/i>  Cita<\/a>\n                  <\/div><\/div><\/div><\/div><\/div>\n<hr>\n<p>[\/vc_column_text][\/vc_column][\/vc_row][vc_row][vc_column][vc_empty_space][\/vc_column][\/vc_row][vc_row][vc_column][vc_column_text]<\/p>\n<h2><strong>POLYPOLES CREA SISTEMAS DE CALEFACCI\u00d3N DE LE\u00d1A A MEDIDA  <\/strong><\/h2>\n<p>La instalaci\u00f3n del equipo se vio facilitada por el trabajo preciso de la oficina de dise\u00f1o. Los planos en 2D y 3D permitieron a nuestro equipo de obra y a nuestro cliente visualizar el resultado final.<\/p>\n<h3 style=\"text-align: center;\"><\/h3>\n<p>[\/vc_column_text][\/vc_column][\/vc_row][vc_row][vc_column width=\u00bb1\/2&#8243;][vc_single_image image=\u00bb13679&#8243; img_size=\u00bblarge\u00bb][\/vc_column][vc_column width=\u00bb1\/2&#8243;][vc_single_image image=\u00bb13680&#8243; img_size=\u00bblarge\u00bb][\/vc_column][\/vc_row][vc_row][vc_column][vc_empty_space][\/vc_column][\/vc_row][vc_row][vc_column][vc_column_text]<\/p>\n<h2>Los productos utilizados para este proyecto<\/h2>\n<p>[\/vc_column_text]<div class=\"woocommerce columns-3 \"><ul class=\"products columns-3\">\n<li class=\"product type-product post-25752 status-publish first instock product_cat-caldera-de-lena product_cat-calefaccion has-post-thumbnail taxable shipping-taxable product-type-simple\">\n\t<div class=\"product-list\">\n \t<div class=\"single-details\">\n \t\t<div class=\"images-product\">\n\t\t\t<a href=\"https:\/\/www.polypoles.com\/es\/produit\/generador-de-aire-caliente-de-lena-de-la-gama-f\/\"><img loading=\"lazy\" decoding=\"async\" width=\"300\" height=\"300\" src=\"https:\/\/www.polypoles.com\/wp-content\/uploads\/2020\/06\/chauffage-bois-gamme-f-300x300.jpg\" class=\"attachment-shop_catalog size-shop_catalog wp-post-image\" alt=\"calefacci\u00f3n de le\u00f1a, residuos de madera\" srcset=\"https:\/\/www.polypoles.com\/wp-content\/uploads\/2020\/06\/chauffage-bois-gamme-f-300x300.jpg 300w, https:\/\/www.polypoles.com\/wp-content\/uploads\/2020\/06\/chauffage-bois-gamme-f-150x150.jpg 150w, https:\/\/www.polypoles.com\/wp-content\/uploads\/2020\/06\/chauffage-bois-gamme-f-100x100.jpg 100w, https:\/\/www.polypoles.com\/wp-content\/uploads\/2020\/06\/chauffage-bois-gamme-f.jpg 589w\" sizes=\"auto, (max-width: 300px) 100vw, 300px\" \/><\/a>\t\t<\/div>\n\t<\/div>\n<\/div><h2 class=\"woocommerce-loop-product__title\"><a href=\"https:\/\/www.polypoles.com\/es\/produit\/generador-de-aire-caliente-de-lena-de-la-gama-f\/\">Generador de aire caliente de le\u00f1a de la gama F (de 34 a 495 kW)<\/a><\/h2>\n<\/li>\n<\/ul>\n<\/div>[\/vc_column][\/vc_row][vc_row][vc_column][vc_btn title=\u00bbVer otros proyectos\u00bb align=\u00bbcenter\u00bb i_align=\u00bbright\u00bb i_icon_fontawesome=\u00bbfa fa-angle-double-right\u00bb add_icon=\u00bbtrue\u00bb link=\u00bburl:https%3A%2F%2Fwww.polypoles.com%2Factualites%2Frealisations%2F|title:Nuestros%20logros|\u00bb][\/vc_column][\/vc_row]<\/p>\n<\/div>","protected":false},"excerpt":{"rendered":"<p>  Instalaci\u00f3n de un generador de le\u00f1a con su red de distribuci\u00f3n para un ebanista<\/p>\n","protected":false},"author":3,"featured_media":13677,"parent":25139,"menu_order":0,"comment_status":"closed","ping_status":"closed","template":"","meta":{"_acf_changed":false,"footnotes":""},"tags":[240,238],"class_list":["post-24762","page","type-page","status-publish","has-post-thumbnail","hentry","tag-calefaccion","tag-industria"],"acf":[],"yoast_head":"<!-- This site is optimized with the Yoast SEO plugin v24.9 - https:\/\/yoast.com\/wordpress\/plugins\/seo\/ -->\n<title>Polypoles instala sistemas de calefacci\u00f3n de madera<\/title>\n<meta name=\"description\" content=\"Polipastos: Experto en sistemas de combusti\u00f3n de le\u00f1a. Aserradero, ebanister\u00eda, carpinter\u00eda. Estudio a medida. Conf\u00edanos tu proyecto.\" \/>\n<meta name=\"robots\" content=\"index, follow, max-snippet:-1, max-image-preview:large, max-video-preview:-1\" \/>\n<link rel=\"canonical\" href=\"https:\/\/www.polypoles.com\/es\/noticias\/nuestros-logros\/sistema-de-calefaccion-de-lena\/\" \/>\n<meta property=\"og:locale\" content=\"es_ES\" \/>\n<meta property=\"og:type\" content=\"article\" \/>\n<meta property=\"og:title\" content=\"Polypoles instala sistemas de calefacci\u00f3n de madera\" \/>\n<meta property=\"og:description\" content=\"Polipastos: Experto en sistemas de combusti\u00f3n de le\u00f1a. Aserradero, ebanister\u00eda, carpinter\u00eda. Estudio a medida. Conf\u00edanos tu proyecto.\" \/>\n<meta property=\"og:url\" content=\"https:\/\/www.polypoles.com\/es\/noticias\/nuestros-logros\/sistema-de-calefaccion-de-lena\/\" \/>\n<meta property=\"og:site_name\" content=\"Polypoles\" \/>\n<meta property=\"article:modified_time\" content=\"2024-11-19T15:53:18+00:00\" \/>\n<meta property=\"og:image\" content=\"https:\/\/www.polypoles.com\/wp-content\/uploads\/2021\/09\/generateur-bois-2.jpg\" \/>\n\t<meta property=\"og:image:width\" content=\"1200\" \/>\n\t<meta property=\"og:image:height\" content=\"1600\" \/>\n\t<meta property=\"og:image:type\" content=\"image\/jpeg\" \/>\n<meta name=\"twitter:card\" content=\"summary_large_image\" \/>\n<meta name=\"twitter:label1\" content=\"Tiempo de lectura\" \/>\n\t<meta name=\"twitter:data1\" content=\"3 minutos\" \/>\n<script type=\"application\/ld+json\" class=\"yoast-schema-graph\">{\"@context\":\"https:\/\/schema.org\",\"@graph\":[{\"@type\":\"WebPage\",\"@id\":\"https:\/\/www.polypoles.com\/es\/noticias\/nuestros-logros\/sistema-de-calefaccion-de-lena\/\",\"url\":\"https:\/\/www.polypoles.com\/es\/noticias\/nuestros-logros\/sistema-de-calefaccion-de-lena\/\",\"name\":\"Polypoles instala sistemas de calefacci\u00f3n de madera\",\"isPartOf\":{\"@id\":\"https:\/\/www.polypoles.com\/es\/#website\"},\"primaryImageOfPage\":{\"@id\":\"https:\/\/www.polypoles.com\/es\/noticias\/nuestros-logros\/sistema-de-calefaccion-de-lena\/#primaryimage\"},\"image\":{\"@id\":\"https:\/\/www.polypoles.com\/es\/noticias\/nuestros-logros\/sistema-de-calefaccion-de-lena\/#primaryimage\"},\"thumbnailUrl\":\"https:\/\/www.polypoles.com\/wp-content\/uploads\/2021\/09\/generateur-bois-2.jpg\",\"datePublished\":\"2021-10-04T09:21:40+00:00\",\"dateModified\":\"2024-11-19T15:53:18+00:00\",\"description\":\"Polipastos: Experto en sistemas de combusti\u00f3n de le\u00f1a. Aserradero, ebanister\u00eda, carpinter\u00eda. Estudio a medida. Conf\u00edanos tu proyecto.\",\"breadcrumb\":{\"@id\":\"https:\/\/www.polypoles.com\/es\/noticias\/nuestros-logros\/sistema-de-calefaccion-de-lena\/#breadcrumb\"},\"inLanguage\":\"es\",\"potentialAction\":[{\"@type\":\"ReadAction\",\"target\":[\"https:\/\/www.polypoles.com\/es\/noticias\/nuestros-logros\/sistema-de-calefaccion-de-lena\/\"]}]},{\"@type\":\"ImageObject\",\"inLanguage\":\"es\",\"@id\":\"https:\/\/www.polypoles.com\/es\/noticias\/nuestros-logros\/sistema-de-calefaccion-de-lena\/#primaryimage\",\"url\":\"https:\/\/www.polypoles.com\/wp-content\/uploads\/2021\/09\/generateur-bois-2.jpg\",\"contentUrl\":\"https:\/\/www.polypoles.com\/wp-content\/uploads\/2021\/09\/generateur-bois-2.jpg\",\"width\":1200,\"height\":1600},{\"@type\":\"BreadcrumbList\",\"@id\":\"https:\/\/www.polypoles.com\/es\/noticias\/nuestros-logros\/sistema-de-calefaccion-de-lena\/#breadcrumb\",\"itemListElement\":[{\"@type\":\"ListItem\",\"position\":1,\"name\":\"Home\",\"item\":\"https:\/\/www.polypoles.com\/es\/\"},{\"@type\":\"ListItem\",\"position\":2,\"name\":\"Noticias\",\"item\":\"https:\/\/www.polypoles.com\/es\/noticias\/\"},{\"@type\":\"ListItem\",\"position\":3,\"name\":\"Nuestros logros\",\"item\":\"https:\/\/www.polypoles.com\/es\/noticias\/nuestros-logros\/\"},{\"@type\":\"ListItem\",\"position\":4,\"name\":\"Sistema de calefacci\u00f3n de le\u00f1a\"}]},{\"@type\":\"WebSite\",\"@id\":\"https:\/\/www.polypoles.com\/es\/#website\",\"url\":\"https:\/\/www.polypoles.com\/es\/\",\"name\":\"Polypoles\",\"description\":\"Votre partenaire chaud-froid\",\"publisher\":{\"@id\":\"https:\/\/www.polypoles.com\/es\/#organization\"},\"potentialAction\":[{\"@type\":\"SearchAction\",\"target\":{\"@type\":\"EntryPoint\",\"urlTemplate\":\"https:\/\/www.polypoles.com\/es\/?s={search_term_string}\"},\"query-input\":{\"@type\":\"PropertyValueSpecification\",\"valueRequired\":true,\"valueName\":\"search_term_string\"}}],\"inLanguage\":\"es\"},{\"@type\":\"Organization\",\"@id\":\"https:\/\/www.polypoles.com\/es\/#organization\",\"name\":\"Polypoles\",\"url\":\"https:\/\/www.polypoles.com\/es\/\",\"logo\":{\"@type\":\"ImageObject\",\"inLanguage\":\"es\",\"@id\":\"https:\/\/www.polypoles.com\/es\/#\/schema\/logo\/image\/\",\"url\":\"https:\/\/www.polypoles.com\/wp-content\/uploads\/2024\/06\/base-25-cm-300-DPI-scaled.jpg\",\"contentUrl\":\"https:\/\/www.polypoles.com\/wp-content\/uploads\/2024\/06\/base-25-cm-300-DPI-scaled.jpg\",\"width\":2560,\"height\":497,\"caption\":\"Polypoles\"},\"image\":{\"@id\":\"https:\/\/www.polypoles.com\/es\/#\/schema\/logo\/image\/\"}}]}<\/script>\n<!-- \/ Yoast SEO plugin. -->","yoast_head_json":{"title":"Polypoles instala sistemas de calefacci\u00f3n de madera","description":"Polipastos: Experto en sistemas de combusti\u00f3n de le\u00f1a. Aserradero, ebanister\u00eda, carpinter\u00eda. Estudio a medida. Conf\u00edanos tu proyecto.","robots":{"index":"index","follow":"follow","max-snippet":"max-snippet:-1","max-image-preview":"max-image-preview:large","max-video-preview":"max-video-preview:-1"},"canonical":"https:\/\/www.polypoles.com\/es\/noticias\/nuestros-logros\/sistema-de-calefaccion-de-lena\/","og_locale":"es_ES","og_type":"article","og_title":"Polypoles instala sistemas de calefacci\u00f3n de madera","og_description":"Polipastos: Experto en sistemas de combusti\u00f3n de le\u00f1a. Aserradero, ebanister\u00eda, carpinter\u00eda. Estudio a medida. Conf\u00edanos tu proyecto.","og_url":"https:\/\/www.polypoles.com\/es\/noticias\/nuestros-logros\/sistema-de-calefaccion-de-lena\/","og_site_name":"Polypoles","article_modified_time":"2024-11-19T15:53:18+00:00","og_image":[{"width":1200,"height":1600,"url":"https:\/\/www.polypoles.com\/wp-content\/uploads\/2021\/09\/generateur-bois-2.jpg","type":"image\/jpeg"}],"twitter_card":"summary_large_image","twitter_misc":{"Tiempo de lectura":"3 minutos"},"schema":{"@context":"https:\/\/schema.org","@graph":[{"@type":"WebPage","@id":"https:\/\/www.polypoles.com\/es\/noticias\/nuestros-logros\/sistema-de-calefaccion-de-lena\/","url":"https:\/\/www.polypoles.com\/es\/noticias\/nuestros-logros\/sistema-de-calefaccion-de-lena\/","name":"Polypoles instala sistemas de calefacci\u00f3n de madera","isPartOf":{"@id":"https:\/\/www.polypoles.com\/es\/#website"},"primaryImageOfPage":{"@id":"https:\/\/www.polypoles.com\/es\/noticias\/nuestros-logros\/sistema-de-calefaccion-de-lena\/#primaryimage"},"image":{"@id":"https:\/\/www.polypoles.com\/es\/noticias\/nuestros-logros\/sistema-de-calefaccion-de-lena\/#primaryimage"},"thumbnailUrl":"https:\/\/www.polypoles.com\/wp-content\/uploads\/2021\/09\/generateur-bois-2.jpg","datePublished":"2021-10-04T09:21:40+00:00","dateModified":"2024-11-19T15:53:18+00:00","description":"Polipastos: Experto en sistemas de combusti\u00f3n de le\u00f1a. Aserradero, ebanister\u00eda, carpinter\u00eda. Estudio a medida. Conf\u00edanos tu proyecto.","breadcrumb":{"@id":"https:\/\/www.polypoles.com\/es\/noticias\/nuestros-logros\/sistema-de-calefaccion-de-lena\/#breadcrumb"},"inLanguage":"es","potentialAction":[{"@type":"ReadAction","target":["https:\/\/www.polypoles.com\/es\/noticias\/nuestros-logros\/sistema-de-calefaccion-de-lena\/"]}]},{"@type":"ImageObject","inLanguage":"es","@id":"https:\/\/www.polypoles.com\/es\/noticias\/nuestros-logros\/sistema-de-calefaccion-de-lena\/#primaryimage","url":"https:\/\/www.polypoles.com\/wp-content\/uploads\/2021\/09\/generateur-bois-2.jpg","contentUrl":"https:\/\/www.polypoles.com\/wp-content\/uploads\/2021\/09\/generateur-bois-2.jpg","width":1200,"height":1600},{"@type":"BreadcrumbList","@id":"https:\/\/www.polypoles.com\/es\/noticias\/nuestros-logros\/sistema-de-calefaccion-de-lena\/#breadcrumb","itemListElement":[{"@type":"ListItem","position":1,"name":"Home","item":"https:\/\/www.polypoles.com\/es\/"},{"@type":"ListItem","position":2,"name":"Noticias","item":"https:\/\/www.polypoles.com\/es\/noticias\/"},{"@type":"ListItem","position":3,"name":"Nuestros logros","item":"https:\/\/www.polypoles.com\/es\/noticias\/nuestros-logros\/"},{"@type":"ListItem","position":4,"name":"Sistema de calefacci\u00f3n de le\u00f1a"}]},{"@type":"WebSite","@id":"https:\/\/www.polypoles.com\/es\/#website","url":"https:\/\/www.polypoles.com\/es\/","name":"Polypoles","description":"Votre partenaire chaud-froid","publisher":{"@id":"https:\/\/www.polypoles.com\/es\/#organization"},"potentialAction":[{"@type":"SearchAction","target":{"@type":"EntryPoint","urlTemplate":"https:\/\/www.polypoles.com\/es\/?s={search_term_string}"},"query-input":{"@type":"PropertyValueSpecification","valueRequired":true,"valueName":"search_term_string"}}],"inLanguage":"es"},{"@type":"Organization","@id":"https:\/\/www.polypoles.com\/es\/#organization","name":"Polypoles","url":"https:\/\/www.polypoles.com\/es\/","logo":{"@type":"ImageObject","inLanguage":"es","@id":"https:\/\/www.polypoles.com\/es\/#\/schema\/logo\/image\/","url":"https:\/\/www.polypoles.com\/wp-content\/uploads\/2024\/06\/base-25-cm-300-DPI-scaled.jpg","contentUrl":"https:\/\/www.polypoles.com\/wp-content\/uploads\/2024\/06\/base-25-cm-300-DPI-scaled.jpg","width":2560,"height":497,"caption":"Polypoles"},"image":{"@id":"https:\/\/www.polypoles.com\/es\/#\/schema\/logo\/image\/"}}]}},"_links":{"self":[{"href":"https:\/\/www.polypoles.com\/es\/wp-json\/wp\/v2\/pages\/24762","targetHints":{"allow":["GET"]}}],"collection":[{"href":"https:\/\/www.polypoles.com\/es\/wp-json\/wp\/v2\/pages"}],"about":[{"href":"https:\/\/www.polypoles.com\/es\/wp-json\/wp\/v2\/types\/page"}],"author":[{"embeddable":true,"href":"https:\/\/www.polypoles.com\/es\/wp-json\/wp\/v2\/users\/3"}],"replies":[{"embeddable":true,"href":"https:\/\/www.polypoles.com\/es\/wp-json\/wp\/v2\/comments?post=24762"}],"version-history":[{"count":10,"href":"https:\/\/www.polypoles.com\/es\/wp-json\/wp\/v2\/pages\/24762\/revisions"}],"predecessor-version":[{"id":24831,"href":"https:\/\/www.polypoles.com\/es\/wp-json\/wp\/v2\/pages\/24762\/revisions\/24831"}],"up":[{"embeddable":true,"href":"https:\/\/www.polypoles.com\/es\/wp-json\/wp\/v2\/pages\/25139"}],"wp:featuredmedia":[{"embeddable":true,"href":"https:\/\/www.polypoles.com\/es\/wp-json\/wp\/v2\/media\/13677"}],"wp:attachment":[{"href":"https:\/\/www.polypoles.com\/es\/wp-json\/wp\/v2\/media?parent=24762"}],"wp:term":[{"taxonomy":"post_tag","embeddable":true,"href":"https:\/\/www.polypoles.com\/es\/wp-json\/wp\/v2\/tags?post=24762"}],"curies":[{"name":"wp","href":"https:\/\/api.w.org\/{rel}","templated":true}]}}