{"id":24690,"date":"2021-12-16T16:10:54","date_gmt":"2021-12-16T15:10:54","guid":{"rendered":"https:\/\/www.polypoles.com\/calefaccion-electrica-inteligente\/"},"modified":"2024-11-19T16:53:19","modified_gmt":"2024-11-19T15:53:19","slug":"calefaccion-electrica-inteligente","status":"publish","type":"page","link":"https:\/\/www.polypoles.com\/es\/noticias\/nuestros-logros\/calefaccion-electrica-inteligente\/","title":{"rendered":"Calefacci\u00f3n el\u00e9ctrica inteligente"},"content":{"rendered":"<div class=\"wpb-content-wrapper\"><p>[vc_row][vc_column][vc_column_text]<\/p>\n<h1 style=\"text-align: center;\">Calefacci\u00f3n el\u00e9ctrica inteligente<\/h1>\n<p>[\/vc_column_text][\/vc_column][\/vc_row][vc_row][vc_column width=\u00bb2\/3&#8243;][vc_column_text]<\/p>\n<h2>\u00bfCu\u00e1l era el problema?<\/h2>\n<p>[\/vc_column_text][vc_column_text]Calentar una estructura de 600 m\u00b2 para que varias personas puedan trabajar a una temperatura precisa para la producci\u00f3n de materiales de alta tecnolog\u00eda dedicados a la innovaci\u00f3n y la competici\u00f3n deportiva.[\/vc_column_text][vc_column_text]<\/p>\n<h2>El objetivo de esta operaci\u00f3n<\/h2>\n<p>[\/vc_column_text][vc_column_text]Encuentra la forma de conseguir una temperatura de 18\u00b0C en el interior de la estructura sin derrochar energ\u00eda con la soluci\u00f3n de calefacci\u00f3n proporcionada.[\/vc_column_text][vc_column_text]<\/p>\n<h2>Soluciones aportadas por los polipolares<\/h2>\n<p>[\/vc_column_text][vc_column_text]- Instalaci\u00f3n de 5 calefactores unitarios el\u00e9ctricos de 22,8 kW cada uno con sistema T-box &#8211; Regulaci\u00f3n inteligente de ahorro energ\u00e9tico[\/vc_column_text][vc_column_text]<\/p>\n<h2>Calefactores unitarios LEO-L<\/h2>\n<p>[\/vc_column_text][vc_column_text]Los calefactores unitarios LEO-EL est\u00e1n dise\u00f1ados para calentar grandes edificios como naves industriales, talleres, concesionarios de autom\u00f3viles, almacenes, pabellones, instalaciones deportivas y edificios sagrados como iglesias.<br \/>\nSe controlan mediante el sistema inteligente T-box (pantalla t\u00e1ctil).<br \/>\nAdem\u00e1s, el calefactor est\u00e1 equipado con un sistema de protecci\u00f3n contra el sobrecalentamiento (calefactor y ventilador).<br \/>\nLa caracter\u00edstica especial de estos calefactores unitarios el\u00e9ctricos es su capacidad para adaptarse y regular la temperatura en funci\u00f3n del flujo de aire.[\/vc_column_text][vc_column_text]<\/p>\n<h2>El sistema inteligente T-box<\/h2>\n<p>[\/vc_column_text][vc_column_text]El sistema inteligente T-box con pantalla t\u00e1ctil facilita y agiliza la configuraci\u00f3n de los par\u00e1metros de funcionamiento de la unidad. Una pantalla grande y clara facilita la lectura del estado de funcionamiento de la unidad. Un sistema T-box puede controlar hasta 31 unidades integradas en el sistema flowair. El sistema T-box est\u00e1 equipado con un programador semanal, que permite arrancar y parar todas las unidades autom\u00e1ticamente seg\u00fan las necesidades del usuario y elegir el modo de funcionamiento: calefacci\u00f3n, refrigeraci\u00f3n, ventilaci\u00f3n.<\/p>\n<p> Tambi\u00e9n permite que los ventiladores funcionen en: &#8211; Modo continuo &#8211; una vez alcanzada la temperatura programada, el fluido caloportador se desconecta mientras el ventilador funciona al ritmo seleccionado, &#8211; Modo termost\u00e1tico &#8211; una vez alcanzada la temperatura programada, el fluido caloportador se desconecta y el ventilador se apaga. El controlador T-box permite conectar las unidades controladas al sistema integrado de gesti\u00f3n de edificios BMS. Si las unidades se controlan a trav\u00e9s del sistema T-box mediante una \u00fanica direcci\u00f3n en el BMS, es posible controlar hasta 31 unidades de forma independiente.[\/vc_column_text][\/vc_column][vc_column width=\u00bb1\/3&#8243;][vc_gallery interval=\u00bb3&#8243; images=\u00bb14348&#8243; img_size=\u00bblarge\u00bb][vc_gallery interval=\u00bb3&#8243; images=\u00bb14349&#8243; img_size=\u00bblarge\u00bb][\/vc_column][\/vc_row][vc_row][vc_column width=\u00bb1\/3&#8243;][vc_gallery interval=\u00bb3&#8243; images=\u00bb14350&#8243; img_size=\u00bblarge\u00bb][\/vc_column][vc_column width=\u00bb1\/3&#8243;][vc_gallery interval=\u00bb3&#8243; images=\u00bb14351&#8243; img_size=\u00bblarge\u00bb][\/vc_column][vc_column width=\u00bb1\/3&#8243;][vc_gallery interval=\u00bb3&#8243; images=\u00bb14374&#8243; img_size=\u00bblarge\u00bb][\/vc_column][\/vc_row][vc_row][vc_column][vc_column_text]<\/p>\n<h2>Los productos utilizados para este proyecto<\/h2>\n<p>[\/vc_column_text]<div class=\"woocommerce columns-4 \"><ul class=\"products columns-4\">\n<li class=\"product type-product post-25386 status-publish first instock product_cat-calefaccion product_cat-termoventilador-electrico has-post-thumbnail taxable shipping-taxable product-type-simple\">\n\t<div class=\"product-list\">\n \t<div class=\"single-details\">\n \t\t<div class=\"images-product\">\n\t\t\t<a href=\"https:\/\/www.polypoles.com\/es\/produit\/aerotermo-electrico-flowair-leo-el-de-6-a-228-kw\/\"><img loading=\"lazy\" decoding=\"async\" width=\"500\" height=\"500\" src=\"https:\/\/www.polypoles.com\/wp-content\/uploads\/2020\/06\/Aerotherme.jpg\" class=\"attachment-shop_catalog size-shop_catalog wp-post-image\" alt=\"\" srcset=\"https:\/\/www.polypoles.com\/wp-content\/uploads\/2020\/06\/Aerotherme.jpg 500w, https:\/\/www.polypoles.com\/wp-content\/uploads\/2020\/06\/Aerotherme-300x300.jpg 300w, https:\/\/www.polypoles.com\/wp-content\/uploads\/2020\/06\/Aerotherme-150x150.jpg 150w, https:\/\/www.polypoles.com\/wp-content\/uploads\/2020\/06\/Aerotherme-100x100.jpg 100w, https:\/\/www.polypoles.com\/wp-content\/uploads\/2020\/06\/Aerotherme-32x32.jpg 32w\" sizes=\"auto, (max-width: 500px) 100vw, 500px\" \/><\/a>\t\t<\/div>\n\t<\/div>\n<\/div><h2 class=\"woocommerce-loop-product__title\"><a href=\"https:\/\/www.polypoles.com\/es\/produit\/aerotermo-electrico-flowair-leo-el-de-6-a-228-kw\/\">Aerotermo el\u00e9ctrico Flowair LEO-EL (de 6 a 19,5 kW)<\/a><\/h2>\n<\/li>\n<\/ul>\n<\/div>[\/vc_column][\/vc_row][vc_row][vc_column][vc_column_text]<\/p>\n<h2>Recurre a los polipastos para tus necesidades de calefacci\u00f3n<\/h2>\n<p>Polypoles te ofrece soluciones para alquilar o comprar equipos de calefacci\u00f3n. Cuando te proponemos alquilar nuestros equipos, te ofrecemos<strong> distintos periodos de alquiler<\/strong> para adaptarnos a tus necesidades.<\/p>\n<p><b>Cu\u00e9ntanos tus proyectos y nos ocuparemos de ellos. \u00a1Contacta con nosotros para un presupuesto gratuito!   <\/b>[\/vc_column_text][vc_column_text]<\/p>\n<div class=\"wpb_column vc_column_container vc_col-sm-3\">\n<div class=\"vc_column-inner\">\n<div class=\"wpb_wrapper\">\n<div class=\"vc_btn3-container appel wpb_animate_when_almost_visible wpb_fadeIn fadeIn vc_btn3-left wpb_start_animation animated\">\n                  <a class=\"vc_general vc_btn3 vc_btn3-size-lg vc_btn3-shape-rounded vc_btn3-style-modern vc_btn3-icon-left vc_btn3-color-juicy-pink\" title=\"\" href=\"tel:+33810020851\" rel=\"nofollow\">0 810 020 851<\/a>\n                <\/div><\/div><\/div><\/div>\n<div class=\"wpb_column vc_column_container vc_col-sm-3\">\n<div class=\"vc_column-inner\">\n<div class=\"wpb_wrapper\">\n<div class=\"vc_btn3-container devis wpb_animate_when_almost_visible wpb_fadeIn fadeIn vc_btn3-left wpb_start_animation animated\">\n                  <a class=\"vc_general vc_btn3 vc_btn3-size-lg vc_btn3-shape-rounded vc_btn3-style-modern vc_btn3-icon-left vc_btn3-color-primary\" title=\"\" href=\"https:\/\/www.polypoles.com\/es\/solicitud-de-devolucion-de-llamada\/\" rel=\"nofollow\"><i class=\"vc_btn3-icon fa fa-envelope-o\"><\/i>  Cita<\/a>\n                <\/div><\/div><\/div><\/div>\n<p>[\/vc_column_text][\/vc_column][\/vc_row][vc_row][vc_column][vc_empty_space][\/vc_column][\/vc_row][vc_row][vc_column][vc_btn title=\u00bbVer otros proyectos\u00bb align=\u00bbcenter\u00bb i_align=\u00bbright\u00bb i_icon_fontawesome=\u00bbfa fa-angle-double-right\u00bb add_icon=\u00bbtrue\u00bb link=\u00bburl:https%3A%2F%2Fwww.polypoles.com%2Factualites%2Frealisations%2F|title:Nuestros%20logros|\u00bb][\/vc_column][\/vc_row]<\/p>\n<\/div>","protected":false},"excerpt":{"rendered":"<p>Calefacci\u00f3n inteligente para una estructura de 600m2<\/p>\n","protected":false},"author":3,"featured_media":14367,"parent":25139,"menu_order":0,"comment_status":"closed","ping_status":"closed","template":"","meta":{"_acf_changed":false,"footnotes":""},"tags":[240],"class_list":["post-24690","page","type-page","status-publish","has-post-thumbnail","hentry","tag-calefaccion"],"acf":[],"yoast_head":"<!-- This site is optimized with the Yoast SEO plugin v24.9 - https:\/\/yoast.com\/wordpress\/plugins\/seo\/ -->\n<title>Alquiler de calefacci\u00f3n inteligente para una gran estructura | Presupuesto gratuito<\/title>\n<meta name=\"description\" content=\"Alquiler de calefacci\u00f3n con calefactores unitarios el\u00e9ctricos equipados con sistemas T-box. Controla tus gastos energ\u00e9ticos. Respuesta r\u00e1pida\" \/>\n<meta name=\"robots\" content=\"index, follow, max-snippet:-1, max-image-preview:large, max-video-preview:-1\" \/>\n<link rel=\"canonical\" href=\"https:\/\/www.polypoles.com\/es\/noticias\/nuestros-logros\/calefaccion-electrica-inteligente\/\" \/>\n<meta property=\"og:locale\" content=\"es_ES\" \/>\n<meta property=\"og:type\" content=\"article\" \/>\n<meta property=\"og:title\" content=\"Alquiler de calefacci\u00f3n inteligente para una gran estructura | Presupuesto gratuito\" \/>\n<meta property=\"og:description\" content=\"Alquiler de calefacci\u00f3n con calefactores unitarios el\u00e9ctricos equipados con sistemas T-box. Controla tus gastos energ\u00e9ticos. Respuesta r\u00e1pida\" \/>\n<meta property=\"og:url\" content=\"https:\/\/www.polypoles.com\/es\/noticias\/nuestros-logros\/calefaccion-electrica-inteligente\/\" \/>\n<meta property=\"og:site_name\" content=\"Polypoles\" \/>\n<meta property=\"article:modified_time\" content=\"2024-11-19T15:53:19+00:00\" \/>\n<meta property=\"og:image\" content=\"https:\/\/www.polypoles.com\/wp-content\/uploads\/2021\/12\/WhatsApp-Image-2021-11-19-at-17.14.50-1.jpeg\" \/>\n\t<meta property=\"og:image:width\" content=\"1200\" \/>\n\t<meta property=\"og:image:height\" content=\"1599\" \/>\n\t<meta property=\"og:image:type\" content=\"image\/jpeg\" \/>\n<meta name=\"twitter:card\" content=\"summary_large_image\" \/>\n<meta name=\"twitter:label1\" content=\"Tiempo de lectura\" \/>\n\t<meta name=\"twitter:data1\" content=\"3 minutos\" \/>\n<script type=\"application\/ld+json\" class=\"yoast-schema-graph\">{\"@context\":\"https:\/\/schema.org\",\"@graph\":[{\"@type\":\"WebPage\",\"@id\":\"https:\/\/www.polypoles.com\/es\/noticias\/nuestros-logros\/calefaccion-electrica-inteligente\/\",\"url\":\"https:\/\/www.polypoles.com\/es\/noticias\/nuestros-logros\/calefaccion-electrica-inteligente\/\",\"name\":\"Alquiler de calefacci\u00f3n inteligente para una gran estructura | Presupuesto gratuito\",\"isPartOf\":{\"@id\":\"https:\/\/www.polypoles.com\/es\/#website\"},\"primaryImageOfPage\":{\"@id\":\"https:\/\/www.polypoles.com\/es\/noticias\/nuestros-logros\/calefaccion-electrica-inteligente\/#primaryimage\"},\"image\":{\"@id\":\"https:\/\/www.polypoles.com\/es\/noticias\/nuestros-logros\/calefaccion-electrica-inteligente\/#primaryimage\"},\"thumbnailUrl\":\"https:\/\/www.polypoles.com\/wp-content\/uploads\/2021\/12\/WhatsApp-Image-2021-11-19-at-17.14.50-1.jpeg\",\"datePublished\":\"2021-12-16T15:10:54+00:00\",\"dateModified\":\"2024-11-19T15:53:19+00:00\",\"description\":\"Alquiler de calefacci\u00f3n con calefactores unitarios el\u00e9ctricos equipados con sistemas T-box. Controla tus gastos energ\u00e9ticos. Respuesta r\u00e1pida\",\"breadcrumb\":{\"@id\":\"https:\/\/www.polypoles.com\/es\/noticias\/nuestros-logros\/calefaccion-electrica-inteligente\/#breadcrumb\"},\"inLanguage\":\"es\",\"potentialAction\":[{\"@type\":\"ReadAction\",\"target\":[\"https:\/\/www.polypoles.com\/es\/noticias\/nuestros-logros\/calefaccion-electrica-inteligente\/\"]}]},{\"@type\":\"ImageObject\",\"inLanguage\":\"es\",\"@id\":\"https:\/\/www.polypoles.com\/es\/noticias\/nuestros-logros\/calefaccion-electrica-inteligente\/#primaryimage\",\"url\":\"https:\/\/www.polypoles.com\/wp-content\/uploads\/2021\/12\/WhatsApp-Image-2021-11-19-at-17.14.50-1.jpeg\",\"contentUrl\":\"https:\/\/www.polypoles.com\/wp-content\/uploads\/2021\/12\/WhatsApp-Image-2021-11-19-at-17.14.50-1.jpeg\",\"width\":1200,\"height\":1599,\"caption\":\"systeme t-box\"},{\"@type\":\"BreadcrumbList\",\"@id\":\"https:\/\/www.polypoles.com\/es\/noticias\/nuestros-logros\/calefaccion-electrica-inteligente\/#breadcrumb\",\"itemListElement\":[{\"@type\":\"ListItem\",\"position\":1,\"name\":\"Home\",\"item\":\"https:\/\/www.polypoles.com\/es\/\"},{\"@type\":\"ListItem\",\"position\":2,\"name\":\"Noticias\",\"item\":\"https:\/\/www.polypoles.com\/es\/noticias\/\"},{\"@type\":\"ListItem\",\"position\":3,\"name\":\"Nuestros logros\",\"item\":\"https:\/\/www.polypoles.com\/es\/noticias\/nuestros-logros\/\"},{\"@type\":\"ListItem\",\"position\":4,\"name\":\"Calefacci\u00f3n el\u00e9ctrica inteligente\"}]},{\"@type\":\"WebSite\",\"@id\":\"https:\/\/www.polypoles.com\/es\/#website\",\"url\":\"https:\/\/www.polypoles.com\/es\/\",\"name\":\"Polypoles\",\"description\":\"Votre partenaire chaud-froid\",\"publisher\":{\"@id\":\"https:\/\/www.polypoles.com\/es\/#organization\"},\"potentialAction\":[{\"@type\":\"SearchAction\",\"target\":{\"@type\":\"EntryPoint\",\"urlTemplate\":\"https:\/\/www.polypoles.com\/es\/?s={search_term_string}\"},\"query-input\":{\"@type\":\"PropertyValueSpecification\",\"valueRequired\":true,\"valueName\":\"search_term_string\"}}],\"inLanguage\":\"es\"},{\"@type\":\"Organization\",\"@id\":\"https:\/\/www.polypoles.com\/es\/#organization\",\"name\":\"Polypoles\",\"url\":\"https:\/\/www.polypoles.com\/es\/\",\"logo\":{\"@type\":\"ImageObject\",\"inLanguage\":\"es\",\"@id\":\"https:\/\/www.polypoles.com\/es\/#\/schema\/logo\/image\/\",\"url\":\"https:\/\/www.polypoles.com\/wp-content\/uploads\/2024\/06\/base-25-cm-300-DPI-scaled.jpg\",\"contentUrl\":\"https:\/\/www.polypoles.com\/wp-content\/uploads\/2024\/06\/base-25-cm-300-DPI-scaled.jpg\",\"width\":2560,\"height\":497,\"caption\":\"Polypoles\"},\"image\":{\"@id\":\"https:\/\/www.polypoles.com\/es\/#\/schema\/logo\/image\/\"}}]}<\/script>\n<!-- \/ Yoast SEO plugin. -->","yoast_head_json":{"title":"Alquiler de calefacci\u00f3n inteligente para una gran estructura | Presupuesto gratuito","description":"Alquiler de calefacci\u00f3n con calefactores unitarios el\u00e9ctricos equipados con sistemas T-box. Controla tus gastos energ\u00e9ticos. Respuesta r\u00e1pida","robots":{"index":"index","follow":"follow","max-snippet":"max-snippet:-1","max-image-preview":"max-image-preview:large","max-video-preview":"max-video-preview:-1"},"canonical":"https:\/\/www.polypoles.com\/es\/noticias\/nuestros-logros\/calefaccion-electrica-inteligente\/","og_locale":"es_ES","og_type":"article","og_title":"Alquiler de calefacci\u00f3n inteligente para una gran estructura | Presupuesto gratuito","og_description":"Alquiler de calefacci\u00f3n con calefactores unitarios el\u00e9ctricos equipados con sistemas T-box. Controla tus gastos energ\u00e9ticos. Respuesta r\u00e1pida","og_url":"https:\/\/www.polypoles.com\/es\/noticias\/nuestros-logros\/calefaccion-electrica-inteligente\/","og_site_name":"Polypoles","article_modified_time":"2024-11-19T15:53:19+00:00","og_image":[{"width":1200,"height":1599,"url":"https:\/\/www.polypoles.com\/wp-content\/uploads\/2021\/12\/WhatsApp-Image-2021-11-19-at-17.14.50-1.jpeg","type":"image\/jpeg"}],"twitter_card":"summary_large_image","twitter_misc":{"Tiempo de lectura":"3 minutos"},"schema":{"@context":"https:\/\/schema.org","@graph":[{"@type":"WebPage","@id":"https:\/\/www.polypoles.com\/es\/noticias\/nuestros-logros\/calefaccion-electrica-inteligente\/","url":"https:\/\/www.polypoles.com\/es\/noticias\/nuestros-logros\/calefaccion-electrica-inteligente\/","name":"Alquiler de calefacci\u00f3n inteligente para una gran estructura | Presupuesto gratuito","isPartOf":{"@id":"https:\/\/www.polypoles.com\/es\/#website"},"primaryImageOfPage":{"@id":"https:\/\/www.polypoles.com\/es\/noticias\/nuestros-logros\/calefaccion-electrica-inteligente\/#primaryimage"},"image":{"@id":"https:\/\/www.polypoles.com\/es\/noticias\/nuestros-logros\/calefaccion-electrica-inteligente\/#primaryimage"},"thumbnailUrl":"https:\/\/www.polypoles.com\/wp-content\/uploads\/2021\/12\/WhatsApp-Image-2021-11-19-at-17.14.50-1.jpeg","datePublished":"2021-12-16T15:10:54+00:00","dateModified":"2024-11-19T15:53:19+00:00","description":"Alquiler de calefacci\u00f3n con calefactores unitarios el\u00e9ctricos equipados con sistemas T-box. Controla tus gastos energ\u00e9ticos. Respuesta r\u00e1pida","breadcrumb":{"@id":"https:\/\/www.polypoles.com\/es\/noticias\/nuestros-logros\/calefaccion-electrica-inteligente\/#breadcrumb"},"inLanguage":"es","potentialAction":[{"@type":"ReadAction","target":["https:\/\/www.polypoles.com\/es\/noticias\/nuestros-logros\/calefaccion-electrica-inteligente\/"]}]},{"@type":"ImageObject","inLanguage":"es","@id":"https:\/\/www.polypoles.com\/es\/noticias\/nuestros-logros\/calefaccion-electrica-inteligente\/#primaryimage","url":"https:\/\/www.polypoles.com\/wp-content\/uploads\/2021\/12\/WhatsApp-Image-2021-11-19-at-17.14.50-1.jpeg","contentUrl":"https:\/\/www.polypoles.com\/wp-content\/uploads\/2021\/12\/WhatsApp-Image-2021-11-19-at-17.14.50-1.jpeg","width":1200,"height":1599,"caption":"systeme t-box"},{"@type":"BreadcrumbList","@id":"https:\/\/www.polypoles.com\/es\/noticias\/nuestros-logros\/calefaccion-electrica-inteligente\/#breadcrumb","itemListElement":[{"@type":"ListItem","position":1,"name":"Home","item":"https:\/\/www.polypoles.com\/es\/"},{"@type":"ListItem","position":2,"name":"Noticias","item":"https:\/\/www.polypoles.com\/es\/noticias\/"},{"@type":"ListItem","position":3,"name":"Nuestros logros","item":"https:\/\/www.polypoles.com\/es\/noticias\/nuestros-logros\/"},{"@type":"ListItem","position":4,"name":"Calefacci\u00f3n el\u00e9ctrica inteligente"}]},{"@type":"WebSite","@id":"https:\/\/www.polypoles.com\/es\/#website","url":"https:\/\/www.polypoles.com\/es\/","name":"Polypoles","description":"Votre partenaire chaud-froid","publisher":{"@id":"https:\/\/www.polypoles.com\/es\/#organization"},"potentialAction":[{"@type":"SearchAction","target":{"@type":"EntryPoint","urlTemplate":"https:\/\/www.polypoles.com\/es\/?s={search_term_string}"},"query-input":{"@type":"PropertyValueSpecification","valueRequired":true,"valueName":"search_term_string"}}],"inLanguage":"es"},{"@type":"Organization","@id":"https:\/\/www.polypoles.com\/es\/#organization","name":"Polypoles","url":"https:\/\/www.polypoles.com\/es\/","logo":{"@type":"ImageObject","inLanguage":"es","@id":"https:\/\/www.polypoles.com\/es\/#\/schema\/logo\/image\/","url":"https:\/\/www.polypoles.com\/wp-content\/uploads\/2024\/06\/base-25-cm-300-DPI-scaled.jpg","contentUrl":"https:\/\/www.polypoles.com\/wp-content\/uploads\/2024\/06\/base-25-cm-300-DPI-scaled.jpg","width":2560,"height":497,"caption":"Polypoles"},"image":{"@id":"https:\/\/www.polypoles.com\/es\/#\/schema\/logo\/image\/"}}]}},"_links":{"self":[{"href":"https:\/\/www.polypoles.com\/es\/wp-json\/wp\/v2\/pages\/24690","targetHints":{"allow":["GET"]}}],"collection":[{"href":"https:\/\/www.polypoles.com\/es\/wp-json\/wp\/v2\/pages"}],"about":[{"href":"https:\/\/www.polypoles.com\/es\/wp-json\/wp\/v2\/types\/page"}],"author":[{"embeddable":true,"href":"https:\/\/www.polypoles.com\/es\/wp-json\/wp\/v2\/users\/3"}],"replies":[{"embeddable":true,"href":"https:\/\/www.polypoles.com\/es\/wp-json\/wp\/v2\/comments?post=24690"}],"version-history":[{"count":1,"href":"https:\/\/www.polypoles.com\/es\/wp-json\/wp\/v2\/pages\/24690\/revisions"}],"predecessor-version":[{"id":24706,"href":"https:\/\/www.polypoles.com\/es\/wp-json\/wp\/v2\/pages\/24690\/revisions\/24706"}],"up":[{"embeddable":true,"href":"https:\/\/www.polypoles.com\/es\/wp-json\/wp\/v2\/pages\/25139"}],"wp:featuredmedia":[{"embeddable":true,"href":"https:\/\/www.polypoles.com\/es\/wp-json\/wp\/v2\/media\/14367"}],"wp:attachment":[{"href":"https:\/\/www.polypoles.com\/es\/wp-json\/wp\/v2\/media?parent=24690"}],"wp:term":[{"taxonomy":"post_tag","embeddable":true,"href":"https:\/\/www.polypoles.com\/es\/wp-json\/wp\/v2\/tags?post=24690"}],"curies":[{"name":"wp","href":"https:\/\/api.w.org\/{rel}","templated":true}]}}