{"id":24670,"date":"2021-12-21T16:59:33","date_gmt":"2021-12-21T15:59:33","guid":{"rendered":"https:\/\/www.polypoles.com\/alquiler-de-calefaccion-radiante\/"},"modified":"2024-11-19T16:53:19","modified_gmt":"2024-11-19T15:53:19","slug":"alquiler-de-calefaccion-radiante","status":"publish","type":"page","link":"https:\/\/www.polypoles.com\/es\/noticias\/nuestros-logros\/alquiler-de-calefaccion-radiante\/","title":{"rendered":"Alquiler de calefacci\u00f3n radiante"},"content":{"rendered":"<div class=\"wpb-content-wrapper\"><p>[vc_row][vc_column][vc_column_text]<\/p>\n<h1 style=\"text-align: center;\">Alquiler de calefacci\u00f3n radiante para eventos<\/h1>\n<p>[\/vc_column_text][\/vc_column][\/vc_row][vc_row][vc_column width=\u00bb2\/3&#8243;][vc_column_text]<\/p>\n<h2>\u00bfCu\u00e1l era el problema?<\/h2>\n<p>[\/vc_column_text][vc_column_text]\u00a1Misi\u00f3n cumplida para Polypoles!<br \/>\nGarantizar la comodidad de los invitados a una boda real en el castillo de Chantilly, en la regi\u00f3n de Oise, utilizando nuestros calefactores el\u00e9ctricos radiantes.<br \/>\nPara saber m\u00e1s: <a href=\"\">informaci\u00f3n sobre el alquiler de calefacci\u00f3n<\/a> de Polypoles[\/vc_column_text][vc_column_text]<\/p>\n<h2>El objetivo de esta operaci\u00f3n<\/h2>\n<p>[\/vc_column_text][vc_column_text]Mantener una temperatura interior de 20\u00b0C para garantizar la comodidad de los invitados en las 5 carpas previstas para el evento. En particular la carpa principal, la destinada al vin d&#8217;honneur, que es semiabierta y de cristal (con paredes de PVC transparente) Pero tambi\u00e9n las otras cuatro carpas destinadas a guardar los trajes, los platos del catering, la direcci\u00f3n esc\u00e9nica y la iluminaci\u00f3n y, por \u00faltimo, la dedicada a las necesidades personales de la novia (cambio de ropa, etc&#8230;).[\/vc_column_text][vc_column_text]<\/p>\n<h2>Soluciones aportadas por los polipolares<\/h2>\n<p>[\/vc_column_text][vc_column_text]- Instalaci\u00f3n de 32 Hot Tops (calefacci\u00f3n el\u00e9ctrica radiante) para mantener una temperatura de 20 \u00b0C en el interior de la carpa Vin d&#8217;Honneur &#8211; Instalaci\u00f3n de 8 ca\u00f1ones de aire caliente alimentados con gas\u00f3leo EC810 y EC480 para las otras 4 carpas, con dep\u00f3sitos, conductos, tapas de conductos, termostatos y tambi\u00e9n gesti\u00f3n del gas\u00f3leo &#8211; Instalaci\u00f3n de ca\u00f1ones de aire caliente alimentados con gas\u00f3leo y otros equipos de calefacci\u00f3n de emergencia en caso de problemas de calefacci\u00f3n.<\/p>\n<p>Polypoles siempre tiene a mano equipos de calefacci\u00f3n adicionales en caso necesario, para que nada pueda afectar al desarrollo de un evento.[\/vc_column_text][\/vc_column][vc_column width=\u00bb1\/3&#8243;][vc_gallery interval=\u00bb3&#8243; images=\u00bb14427&#8243; img_size=\u00bblarge\u00bb][vc_gallery interval=\u00bb3&#8243; images=\u00bb14428&#8243; img_size=\u00bblarge\u00bb][\/vc_column][\/vc_row][vc_row][vc_column width=\u00bb1\/3&#8243;][vc_gallery interval=\u00bb3&#8243; images=\u00bb14429&#8243; img_size=\u00bblarge\u00bb][\/vc_column][vc_column width=\u00bb1\/3&#8243;][vc_gallery interval=\u00bb3&#8243; images=\u00bb14430&#8243; img_size=\u00bblarge\u00bb][\/vc_column][vc_column width=\u00bb1\/3&#8243;][vc_gallery interval=\u00bb3&#8243; images=\u00bb14431&#8243; img_size=\u00bblarge\u00bb][\/vc_column][\/vc_row][vc_row][vc_column][vc_column_text]<\/p>\n<h2>Los productos utilizados para este proyecto<\/h2>\n<p>[\/vc_column_text]<div class=\"woocommerce columns-4 \"><ul class=\"products columns-4\">\n<li class=\"product type-product post-25806 status-publish first instock product_cat-calefaccion product_cat-calefaccion-electrica-por-infrarrojos has-post-thumbnail taxable shipping-taxable product-type-simple\">\n\t<div class=\"product-list\">\n \t<div class=\"single-details\">\n \t\t<div class=\"images-product\">\n\t\t\t<a href=\"https:\/\/www.polypoles.com\/es\/produit\/calefactor-radiante-dark-hot-top-de-1500-a-3200w-3-modelos\/\"><img loading=\"lazy\" decoding=\"async\" width=\"300\" height=\"300\" src=\"https:\/\/www.polypoles.com\/wp-content\/uploads\/2020\/06\/Chauffage-infrarouge-MOEL-HOT-TOP-800-300x300.jpg\" class=\"attachment-shop_catalog size-shop_catalog wp-post-image\" alt=\"\" srcset=\"https:\/\/www.polypoles.com\/wp-content\/uploads\/2020\/06\/Chauffage-infrarouge-MOEL-HOT-TOP-800-300x300.jpg 300w, https:\/\/www.polypoles.com\/wp-content\/uploads\/2020\/06\/Chauffage-infrarouge-MOEL-HOT-TOP-800-150x150.jpg 150w, https:\/\/www.polypoles.com\/wp-content\/uploads\/2020\/06\/Chauffage-infrarouge-MOEL-HOT-TOP-800-768x768.jpg 768w, https:\/\/www.polypoles.com\/wp-content\/uploads\/2020\/06\/Chauffage-infrarouge-MOEL-HOT-TOP-800-600x600.jpg 600w, https:\/\/www.polypoles.com\/wp-content\/uploads\/2020\/06\/Chauffage-infrarouge-MOEL-HOT-TOP-800-100x100.jpg 100w, https:\/\/www.polypoles.com\/wp-content\/uploads\/2020\/06\/Chauffage-infrarouge-MOEL-HOT-TOP-800.jpg 800w\" sizes=\"auto, (max-width: 300px) 100vw, 300px\" \/><\/a>\t\t<\/div>\n\t<\/div>\n<\/div><h2 class=\"woocommerce-loop-product__title\"><a href=\"https:\/\/www.polypoles.com\/es\/produit\/calefactor-radiante-dark-hot-top-de-1500-a-3200w-3-modelos\/\">Calefactor radiante Dark HOT TOP de 1500 a 3200W (3 modelos)<\/a><\/h2>\n<\/li>\n<li class=\"product type-product post-25797 status-publish instock product_cat-calefaccion product_cat-calefaccion-de-gasoleo has-post-thumbnail taxable shipping-taxable product-type-simple\">\n\t<div class=\"product-list\">\n \t<div class=\"single-details\">\n \t\t<div class=\"images-product\">\n\t\t\t<a href=\"https:\/\/www.polypoles.com\/es\/produit\/generador-movil-de-gasoleo-con-intercambiador-de-calor-ec-de-248-kw-a-70-kw\/\"><img loading=\"lazy\" decoding=\"async\" width=\"300\" height=\"300\" src=\"https:\/\/www.polypoles.com\/wp-content\/uploads\/2020\/06\/3diemoEC-300x300.jpg\" class=\"attachment-shop_catalog size-shop_catalog wp-post-image\" alt=\"\" srcset=\"https:\/\/www.polypoles.com\/wp-content\/uploads\/2020\/06\/3diemoEC-300x300.jpg 300w, https:\/\/www.polypoles.com\/wp-content\/uploads\/2020\/06\/3diemoEC-150x150.jpg 150w, https:\/\/www.polypoles.com\/wp-content\/uploads\/2020\/06\/3diemoEC-100x100.jpg 100w, https:\/\/www.polypoles.com\/wp-content\/uploads\/2020\/06\/3diemoEC.jpg 600w\" sizes=\"auto, (max-width: 300px) 100vw, 300px\" \/><\/a>\t\t<\/div>\n\t<\/div>\n<\/div><h2 class=\"woocommerce-loop-product__title\"><a href=\"https:\/\/www.polypoles.com\/es\/produit\/generador-movil-de-gasoleo-con-intercambiador-de-calor-ec-de-248-kw-a-70-kw\/\">Generador m\u00f3vil de gas\u00f3leo con intercambiador de calor EC (de 24,8 a 70 kW)<\/a><\/h2>\n<\/li>\n<\/ul>\n<\/div>[\/vc_column][\/vc_row][vc_row][vc_column][vc_column_text]<\/p>\n<h2>Recurre a los polipastos para tus necesidades de calefacci\u00f3n en acontecimientos importantes<\/h2>\n<p>Polypoles te ofrece soluciones para alquilar o comprar equipos de calefacci\u00f3n. Cuando te proponemos alquilar nuestros equipos, te ofrecemos<strong> distintos periodos de alquiler<\/strong> para adaptarnos a tus necesidades.<\/p>\n<p><b>Cu\u00e9ntanos tus proyectos y nos ocuparemos de ellos. \u00a1Contacta con nosotros para un presupuesto gratuito!   <\/b>[\/vc_column_text][vc_column_text]<\/p>\n<div class=\"wpb_column vc_column_container vc_col-sm-3\">\n<div class=\"vc_column-inner\">\n<div class=\"wpb_wrapper\">\n<div class=\"vc_btn3-container appel wpb_animate_when_almost_visible wpb_fadeIn fadeIn vc_btn3-left wpb_start_animation animated\">\n                  <a class=\"vc_general vc_btn3 vc_btn3-size-lg vc_btn3-shape-rounded vc_btn3-style-modern vc_btn3-icon-left vc_btn3-color-juicy-pink\" title=\"\" href=\"tel:+33810020851\" rel=\"nofollow\">0 810 020 851<\/a>\n                <\/div><\/div><\/div><\/div>\n<div class=\"wpb_column vc_column_container vc_col-sm-3\">\n<div class=\"vc_column-inner\">\n<div class=\"wpb_wrapper\">\n<div class=\"vc_btn3-container devis wpb_animate_when_almost_visible wpb_fadeIn fadeIn vc_btn3-left wpb_start_animation animated\">\n                  <a class=\"vc_general vc_btn3 vc_btn3-size-lg vc_btn3-shape-rounded vc_btn3-style-modern vc_btn3-icon-left vc_btn3-color-primary\" title=\"\" href=\"https:\/\/www.polypoles.com\/es\/solicitud-de-devolucion-de-llamada\/\" rel=\"nofollow\"><i class=\"vc_btn3-icon fa fa-envelope-o\"><\/i>  Cita<\/a>\n                <\/div><\/div><\/div><\/div>\n<p>[\/vc_column_text][\/vc_column][\/vc_row][vc_row][vc_column][vc_empty_space][\/vc_column][\/vc_row][vc_row][vc_column][vc_btn title=\u00bbVer otros proyectos\u00bb align=\u00bbcenter\u00bb i_align=\u00bbright\u00bb i_icon_fontawesome=\u00bbfa fa-angle-double-right\u00bb add_icon=\u00bbtrue\u00bb link=\u00bburl:https%3A%2F%2Fwww.polypoles.com%2Factualites%2Frealisations%2F|title:Nuestros%20logros|\u00bb][\/vc_column][\/vc_row]<\/p>\n<\/div>","protected":false},"excerpt":{"rendered":"<p>Polypoles calienta una boda real con sus calefactores radiantes para eventos<\/p>\n","protected":false},"author":3,"featured_media":14427,"parent":25139,"menu_order":0,"comment_status":"closed","ping_status":"closed","template":"","meta":{"_acf_changed":false,"footnotes":""},"tags":[240],"class_list":["post-24670","page","type-page","status-publish","has-post-thumbnail","hentry","tag-calefaccion"],"acf":[],"yoast_head":"<!-- This site is optimized with the Yoast SEO plugin v24.9 - https:\/\/yoast.com\/wordpress\/plugins\/seo\/ -->\n<title>Alquiler de calefacci\u00f3n radiante para eventos | Presupuesto gratuito<\/title>\n<meta name=\"description\" content=\"Contrata un calefactor el\u00e9ctrico radiante (Hot Top) muy discreto para una boda real. Polypoles proporciona asistencia de emergencia para tus eventos\" \/>\n<meta name=\"robots\" content=\"index, follow, max-snippet:-1, max-image-preview:large, max-video-preview:-1\" \/>\n<link rel=\"canonical\" href=\"https:\/\/www.polypoles.com\/es\/noticias\/nuestros-logros\/alquiler-de-calefaccion-radiante\/\" \/>\n<meta property=\"og:locale\" content=\"es_ES\" \/>\n<meta property=\"og:type\" content=\"article\" \/>\n<meta property=\"og:title\" content=\"Alquiler de calefacci\u00f3n radiante para eventos | Presupuesto gratuito\" \/>\n<meta property=\"og:description\" content=\"Contrata un calefactor el\u00e9ctrico radiante (Hot Top) muy discreto para una boda real. Polypoles proporciona asistencia de emergencia para tus eventos\" \/>\n<meta property=\"og:url\" content=\"https:\/\/www.polypoles.com\/es\/noticias\/nuestros-logros\/alquiler-de-calefaccion-radiante\/\" \/>\n<meta property=\"og:site_name\" content=\"Polypoles\" \/>\n<meta property=\"article:modified_time\" content=\"2024-11-19T15:53:19+00:00\" \/>\n<meta property=\"og:image\" content=\"https:\/\/www.polypoles.com\/wp-content\/uploads\/2021\/12\/20211121_173901.jpg\" \/>\n\t<meta property=\"og:image:width\" content=\"2312\" \/>\n\t<meta property=\"og:image:height\" content=\"1734\" \/>\n\t<meta property=\"og:image:type\" content=\"image\/jpeg\" \/>\n<meta name=\"twitter:card\" content=\"summary_large_image\" \/>\n<meta name=\"twitter:label1\" content=\"Tiempo de lectura\" \/>\n\t<meta name=\"twitter:data1\" content=\"3 minutos\" \/>\n<script type=\"application\/ld+json\" class=\"yoast-schema-graph\">{\"@context\":\"https:\/\/schema.org\",\"@graph\":[{\"@type\":\"WebPage\",\"@id\":\"https:\/\/www.polypoles.com\/es\/noticias\/nuestros-logros\/alquiler-de-calefaccion-radiante\/\",\"url\":\"https:\/\/www.polypoles.com\/es\/noticias\/nuestros-logros\/alquiler-de-calefaccion-radiante\/\",\"name\":\"Alquiler de calefacci\u00f3n radiante para eventos | Presupuesto gratuito\",\"isPartOf\":{\"@id\":\"https:\/\/www.polypoles.com\/es\/#website\"},\"primaryImageOfPage\":{\"@id\":\"https:\/\/www.polypoles.com\/es\/noticias\/nuestros-logros\/alquiler-de-calefaccion-radiante\/#primaryimage\"},\"image\":{\"@id\":\"https:\/\/www.polypoles.com\/es\/noticias\/nuestros-logros\/alquiler-de-calefaccion-radiante\/#primaryimage\"},\"thumbnailUrl\":\"https:\/\/www.polypoles.com\/wp-content\/uploads\/2021\/12\/20211121_173901.jpg\",\"datePublished\":\"2021-12-21T15:59:33+00:00\",\"dateModified\":\"2024-11-19T15:53:19+00:00\",\"description\":\"Contrata un calefactor el\u00e9ctrico radiante (Hot Top) muy discreto para una boda real. Polypoles proporciona asistencia de emergencia para tus eventos\",\"breadcrumb\":{\"@id\":\"https:\/\/www.polypoles.com\/es\/noticias\/nuestros-logros\/alquiler-de-calefaccion-radiante\/#breadcrumb\"},\"inLanguage\":\"es\",\"potentialAction\":[{\"@type\":\"ReadAction\",\"target\":[\"https:\/\/www.polypoles.com\/es\/noticias\/nuestros-logros\/alquiler-de-calefaccion-radiante\/\"]}]},{\"@type\":\"ImageObject\",\"inLanguage\":\"es\",\"@id\":\"https:\/\/www.polypoles.com\/es\/noticias\/nuestros-logros\/alquiler-de-calefaccion-radiante\/#primaryimage\",\"url\":\"https:\/\/www.polypoles.com\/wp-content\/uploads\/2021\/12\/20211121_173901.jpg\",\"contentUrl\":\"https:\/\/www.polypoles.com\/wp-content\/uploads\/2021\/12\/20211121_173901.jpg\",\"width\":2312,\"height\":1734,\"caption\":\"chauffage serre\"},{\"@type\":\"BreadcrumbList\",\"@id\":\"https:\/\/www.polypoles.com\/es\/noticias\/nuestros-logros\/alquiler-de-calefaccion-radiante\/#breadcrumb\",\"itemListElement\":[{\"@type\":\"ListItem\",\"position\":1,\"name\":\"Home\",\"item\":\"https:\/\/www.polypoles.com\/es\/\"},{\"@type\":\"ListItem\",\"position\":2,\"name\":\"Noticias\",\"item\":\"https:\/\/www.polypoles.com\/es\/noticias\/\"},{\"@type\":\"ListItem\",\"position\":3,\"name\":\"Nuestros logros\",\"item\":\"https:\/\/www.polypoles.com\/es\/noticias\/nuestros-logros\/\"},{\"@type\":\"ListItem\",\"position\":4,\"name\":\"Alquiler de calefacci\u00f3n radiante\"}]},{\"@type\":\"WebSite\",\"@id\":\"https:\/\/www.polypoles.com\/es\/#website\",\"url\":\"https:\/\/www.polypoles.com\/es\/\",\"name\":\"Polypoles\",\"description\":\"Votre partenaire chaud-froid\",\"publisher\":{\"@id\":\"https:\/\/www.polypoles.com\/es\/#organization\"},\"potentialAction\":[{\"@type\":\"SearchAction\",\"target\":{\"@type\":\"EntryPoint\",\"urlTemplate\":\"https:\/\/www.polypoles.com\/es\/?s={search_term_string}\"},\"query-input\":{\"@type\":\"PropertyValueSpecification\",\"valueRequired\":true,\"valueName\":\"search_term_string\"}}],\"inLanguage\":\"es\"},{\"@type\":\"Organization\",\"@id\":\"https:\/\/www.polypoles.com\/es\/#organization\",\"name\":\"Polypoles\",\"url\":\"https:\/\/www.polypoles.com\/es\/\",\"logo\":{\"@type\":\"ImageObject\",\"inLanguage\":\"es\",\"@id\":\"https:\/\/www.polypoles.com\/es\/#\/schema\/logo\/image\/\",\"url\":\"https:\/\/www.polypoles.com\/wp-content\/uploads\/2024\/06\/base-25-cm-300-DPI-scaled.jpg\",\"contentUrl\":\"https:\/\/www.polypoles.com\/wp-content\/uploads\/2024\/06\/base-25-cm-300-DPI-scaled.jpg\",\"width\":2560,\"height\":497,\"caption\":\"Polypoles\"},\"image\":{\"@id\":\"https:\/\/www.polypoles.com\/es\/#\/schema\/logo\/image\/\"}}]}<\/script>\n<!-- \/ Yoast SEO plugin. -->","yoast_head_json":{"title":"Alquiler de calefacci\u00f3n radiante para eventos | Presupuesto gratuito","description":"Contrata un calefactor el\u00e9ctrico radiante (Hot Top) muy discreto para una boda real. Polypoles proporciona asistencia de emergencia para tus eventos","robots":{"index":"index","follow":"follow","max-snippet":"max-snippet:-1","max-image-preview":"max-image-preview:large","max-video-preview":"max-video-preview:-1"},"canonical":"https:\/\/www.polypoles.com\/es\/noticias\/nuestros-logros\/alquiler-de-calefaccion-radiante\/","og_locale":"es_ES","og_type":"article","og_title":"Alquiler de calefacci\u00f3n radiante para eventos | Presupuesto gratuito","og_description":"Contrata un calefactor el\u00e9ctrico radiante (Hot Top) muy discreto para una boda real. Polypoles proporciona asistencia de emergencia para tus eventos","og_url":"https:\/\/www.polypoles.com\/es\/noticias\/nuestros-logros\/alquiler-de-calefaccion-radiante\/","og_site_name":"Polypoles","article_modified_time":"2024-11-19T15:53:19+00:00","og_image":[{"width":2312,"height":1734,"url":"https:\/\/www.polypoles.com\/wp-content\/uploads\/2021\/12\/20211121_173901.jpg","type":"image\/jpeg"}],"twitter_card":"summary_large_image","twitter_misc":{"Tiempo de lectura":"3 minutos"},"schema":{"@context":"https:\/\/schema.org","@graph":[{"@type":"WebPage","@id":"https:\/\/www.polypoles.com\/es\/noticias\/nuestros-logros\/alquiler-de-calefaccion-radiante\/","url":"https:\/\/www.polypoles.com\/es\/noticias\/nuestros-logros\/alquiler-de-calefaccion-radiante\/","name":"Alquiler de calefacci\u00f3n radiante para eventos | Presupuesto gratuito","isPartOf":{"@id":"https:\/\/www.polypoles.com\/es\/#website"},"primaryImageOfPage":{"@id":"https:\/\/www.polypoles.com\/es\/noticias\/nuestros-logros\/alquiler-de-calefaccion-radiante\/#primaryimage"},"image":{"@id":"https:\/\/www.polypoles.com\/es\/noticias\/nuestros-logros\/alquiler-de-calefaccion-radiante\/#primaryimage"},"thumbnailUrl":"https:\/\/www.polypoles.com\/wp-content\/uploads\/2021\/12\/20211121_173901.jpg","datePublished":"2021-12-21T15:59:33+00:00","dateModified":"2024-11-19T15:53:19+00:00","description":"Contrata un calefactor el\u00e9ctrico radiante (Hot Top) muy discreto para una boda real. Polypoles proporciona asistencia de emergencia para tus eventos","breadcrumb":{"@id":"https:\/\/www.polypoles.com\/es\/noticias\/nuestros-logros\/alquiler-de-calefaccion-radiante\/#breadcrumb"},"inLanguage":"es","potentialAction":[{"@type":"ReadAction","target":["https:\/\/www.polypoles.com\/es\/noticias\/nuestros-logros\/alquiler-de-calefaccion-radiante\/"]}]},{"@type":"ImageObject","inLanguage":"es","@id":"https:\/\/www.polypoles.com\/es\/noticias\/nuestros-logros\/alquiler-de-calefaccion-radiante\/#primaryimage","url":"https:\/\/www.polypoles.com\/wp-content\/uploads\/2021\/12\/20211121_173901.jpg","contentUrl":"https:\/\/www.polypoles.com\/wp-content\/uploads\/2021\/12\/20211121_173901.jpg","width":2312,"height":1734,"caption":"chauffage serre"},{"@type":"BreadcrumbList","@id":"https:\/\/www.polypoles.com\/es\/noticias\/nuestros-logros\/alquiler-de-calefaccion-radiante\/#breadcrumb","itemListElement":[{"@type":"ListItem","position":1,"name":"Home","item":"https:\/\/www.polypoles.com\/es\/"},{"@type":"ListItem","position":2,"name":"Noticias","item":"https:\/\/www.polypoles.com\/es\/noticias\/"},{"@type":"ListItem","position":3,"name":"Nuestros logros","item":"https:\/\/www.polypoles.com\/es\/noticias\/nuestros-logros\/"},{"@type":"ListItem","position":4,"name":"Alquiler de calefacci\u00f3n radiante"}]},{"@type":"WebSite","@id":"https:\/\/www.polypoles.com\/es\/#website","url":"https:\/\/www.polypoles.com\/es\/","name":"Polypoles","description":"Votre partenaire chaud-froid","publisher":{"@id":"https:\/\/www.polypoles.com\/es\/#organization"},"potentialAction":[{"@type":"SearchAction","target":{"@type":"EntryPoint","urlTemplate":"https:\/\/www.polypoles.com\/es\/?s={search_term_string}"},"query-input":{"@type":"PropertyValueSpecification","valueRequired":true,"valueName":"search_term_string"}}],"inLanguage":"es"},{"@type":"Organization","@id":"https:\/\/www.polypoles.com\/es\/#organization","name":"Polypoles","url":"https:\/\/www.polypoles.com\/es\/","logo":{"@type":"ImageObject","inLanguage":"es","@id":"https:\/\/www.polypoles.com\/es\/#\/schema\/logo\/image\/","url":"https:\/\/www.polypoles.com\/wp-content\/uploads\/2024\/06\/base-25-cm-300-DPI-scaled.jpg","contentUrl":"https:\/\/www.polypoles.com\/wp-content\/uploads\/2024\/06\/base-25-cm-300-DPI-scaled.jpg","width":2560,"height":497,"caption":"Polypoles"},"image":{"@id":"https:\/\/www.polypoles.com\/es\/#\/schema\/logo\/image\/"}}]}},"_links":{"self":[{"href":"https:\/\/www.polypoles.com\/es\/wp-json\/wp\/v2\/pages\/24670","targetHints":{"allow":["GET"]}}],"collection":[{"href":"https:\/\/www.polypoles.com\/es\/wp-json\/wp\/v2\/pages"}],"about":[{"href":"https:\/\/www.polypoles.com\/es\/wp-json\/wp\/v2\/types\/page"}],"author":[{"embeddable":true,"href":"https:\/\/www.polypoles.com\/es\/wp-json\/wp\/v2\/users\/3"}],"replies":[{"embeddable":true,"href":"https:\/\/www.polypoles.com\/es\/wp-json\/wp\/v2\/comments?post=24670"}],"version-history":[{"count":1,"href":"https:\/\/www.polypoles.com\/es\/wp-json\/wp\/v2\/pages\/24670\/revisions"}],"predecessor-version":[{"id":24680,"href":"https:\/\/www.polypoles.com\/es\/wp-json\/wp\/v2\/pages\/24670\/revisions\/24680"}],"up":[{"embeddable":true,"href":"https:\/\/www.polypoles.com\/es\/wp-json\/wp\/v2\/pages\/25139"}],"wp:featuredmedia":[{"embeddable":true,"href":"https:\/\/www.polypoles.com\/es\/wp-json\/wp\/v2\/media\/14427"}],"wp:attachment":[{"href":"https:\/\/www.polypoles.com\/es\/wp-json\/wp\/v2\/media?parent=24670"}],"wp:term":[{"taxonomy":"post_tag","embeddable":true,"href":"https:\/\/www.polypoles.com\/es\/wp-json\/wp\/v2\/tags?post=24670"}],"curies":[{"name":"wp","href":"https:\/\/api.w.org\/{rel}","templated":true}]}}