{"id":24660,"date":"2022-10-20T14:36:09","date_gmt":"2022-10-20T12:36:09","guid":{"rendered":"https:\/\/www.polypoles.com\/alquiler-de-calefaccion\/"},"modified":"2026-01-14T11:17:51","modified_gmt":"2026-01-14T10:17:51","slug":"alquiler-de-calefaccion","status":"publish","type":"page","link":"https:\/\/www.polypoles.com\/es\/alquiler-de-calefaccion\/","title":{"rendered":"Alquiler de calefacci\u00f3n"},"content":{"rendered":"<div class=\"wpb-content-wrapper\"><p>[vc_row][vc_column]<div class=\"rs-header-title header-left  \">         \r\n        \t\t<h1 class=\"title\">Alquiler de calefacci\u00f3n<\/h1><\/div>[vc_column_inner][\/vc_column_inner][\/vc_column][\/vc_row][vc_row][vc_column width=\u00bb2\/3&#8243;][vc_column_text css=\u00bb\u00bb]<\/p>\n<h2>  \u00bfQu\u00e9 tipo de calefacci\u00f3n es la m\u00e1s adecuada para una obra?<\/h2>\n<p>Para los comerciantes y jefes de obra, alquilar equipos de calefacci\u00f3n de obra es la soluci\u00f3n ideal para trabajar en condiciones adecuadas cuando hace fr\u00edo. El alquiler de calefactores de obra permite no retrasar el trabajo y cumplir los plazos. Los <strong>calefactores de obra<\/strong> son equipos que suministran calor mediante combusti\u00f3n <strong>(gas\u00f3leo, gas) <\/strong>o<strong>electricidad<\/strong>. Aunque comprar un calefactor de obra tiene sus ventajas, sigue siendo m\u00e1s adecuado alquilarlo. Estos aparatos pueden calentar, secar y deshumidificar.   <\/p>\n<p>Trabajar como artesano puede ser especialmente dif\u00edcil, sobre todo cuando el tiempo interfiere en el trabajo. Los calefactores de obra dise\u00f1ados por los fabricantes son una de las soluciones disponibles para hacer frente a los factores naturales (el fr\u00edo). Hay muchos tipos diferentes, cada uno con sus caracter\u00edsticas espec\u00edficas.[\/vc_column_text][vc_row_inner][vc_column_inner width=\u00bb1\/2&#8243;][vc_raw_html css=\u00bb\u00bb]PGRpdiBjbGFzcz0idmNfYnRuMy1jb250YWluZXIgYXBwZWwgdmNfYnRuMy1jZW50ZXIgdmNfZG9fYnRuIj48YSBjbGFzcz0idmNfZ2VuZXJhbCB2Y19idG4zIHZjX2J0bjMtc2l6ZS1sZyB2Y19idG4zLXNoYXBlLXJvdW5kZWQgdmNfYnRuMy1zdHlsZS1tb2Rlcm4gdmNfYnRuMy1pY29uLWxlZnQgdmNfYnRuMy1jb2xvci1zdWNjZXNzIiBocmVmPSJ0ZWw6KzMzODEwMDIwODUxIiB0aXRsZT0iTGxhbWEgYSBQb2x5cG9sZXMiIHJlbD0ibm9mb2xsb3ciPjxpIGNsYXNzPSJ2Y19idG4zLWljb24gZmEgZmEtc29saWQgZmEtcGhvbmUiPjwvaT4gPGI+Q29udGFjdGEgY29uIG5vc290cm9zPC9iPjxicj4wIDgxMCAwMjAgODUxPC9hPjwvZGl2Pg==[\/vc_raw_html][\/vc_column_inner][vc_column_inner width=\u00bb1\/2&#8243;][vc_raw_html css=\u00bb\u00bb]PGRpdiBjbGFzcz0idmNfYnRuMy1jb250YWluZXIgZGV2aXMgdmNfYnRuMy1pbmxpbmUgdmNfZG9fYnRuIj48YSBjbGFzcz0idmNfZ2VuZXJhbCB2Y19idG4zIHZjX2J0bjMtc2l6ZS1sZyB2Y19idG4zLXNoYXBlLXJvdW5kZWQgdmNfYnRuMy1zdHlsZS1tb2Rlcm4gdmNfYnRuMy1pY29uLWxlZnQgdmNfYnRuMy1jb2xvci1wcmltYXJ5IiBocmVmPSJodHRwczovL3d3dy5wb2x5cG9sZXMuY29tL2VzL3BvbnRlLWVuLWNvbnRhY3RvLWNvbi8iIHRpdGxlPSJQb250ZSBlbiBjb250YWN0byBjb24gbm9zb3Ryb3MiPjxpIGNsYXNzPSJ2Y19idG4zLWljb24gZmFyIGZhLWVudmVsb3BlIj48L2k+ICBDb25zaWd1ZSB1bjxiPnByZXN1cHVlc3RvIGdyYXR1aXRvIGVuPC9iPjxicj48Yj48L2I+PC9hPjwvZGl2Pg==[\/vc_raw_html][\/vc_column_inner][\/vc_row_inner][\/vc_column][vc_column width=\u00bb1\/3&#8243;][vc_single_image image=\u00bb13590&#8243; img_size=\u00bb500&#215;500&#8243; css=\u00bb\u00bb][\/vc_column][\/vc_row][vc_row][vc_column][vc_row_inner][vc_column_inner width=\u00bb1\/4&#8243;][vc_single_image image=\u00bb33601&#8243; img_size=\u00bb400&#215;550&#8243; css=\u00bb\u00bb][\/vc_column_inner][vc_column_inner width=\u00bb3\/4&#8243;][vc_column_text css=\u00bb\u00bb]<\/p>\n<h2>Diferentes tipos de calefacci\u00f3n de obra<\/h2>\n<h3>El calefactor el\u00e9ctrico<\/h3>\n<p><a href=\"https:\/\/www.polypoles.com\/es\/categorie-produit\/calefaccion\/termoventilador-electrico\/\"><em>Los calefactores<\/em> el\u00e9ctricos<\/a> se han convertido en un equipo esencial en las obras durante los periodos fr\u00edos y h\u00famedos. Potente y robusto, es adecuado para su uso en entornos dif\u00edciles. Este calefactor de obra es muy <strong>f\u00e1cil de manejar<\/strong>. Es r\u00e1pido de instalar y f\u00e1cil de desplazar. <strong>M\u00f3vil<\/strong>, tambi\u00e9n se puede montar en la pared. Ajustable, para que puedas elegir la potencia que necesitas. Un termostato te permite controlar la temperatura.<\/p>\n<p>Este calefactor de obra es adecuado para un uso <strong>polivalente<\/strong>. Puede utilizarse para habitaciones peque\u00f1as o espacios m\u00e1s grandes (obra, taller), y suele necesitar una fuente de alimentaci\u00f3n trif\u00e1sica.[\/vc_column_text][\/vc_column_inner][\/vc_row_inner][vc_row_inner][vc_column_inner width=\u00bb2\/3&#8243;][vc_column_text css=\u00bb\u00bb]<\/p>\n<h3>Calentador de aceite por infrarrojos m\u00f3vil<\/h3>\n<p>A diferencia de equipos como los calefactores unitarios el\u00e9ctricos, <a href=\"https:\/\/www.polypoles.com\/es\/categorie-produit\/calefaccion\/calefaccion-de-gasoleo-por-infrarrojos\/\">la calefacci\u00f3n de gas\u00f3leo por infrarrojos<\/a> proporciona calor sin movimiento de aire. Como resultado, ofrece a los artesanos profesionales que trabajan en condiciones inc\u00f3modas <strong>una<\/strong> <strong>protecci\u00f3n \u00f3ptima<\/strong> contra el fr\u00edo y las corrientes de aire.<\/p>\n<p>Como su nombre indica, este tipo de calefacci\u00f3n funciona por <strong>radiaci\u00f3n<\/strong>. Es \u00fatil para calentar personas u objetos en lugares no calefactables. Es el calefactor m\u00e1s adecuado para descongelar zonas expuestas a la entrada de aire o para secar componentes mec\u00e1nicos.[\/vc_column_text][\/vc_column_inner][vc_column_inner width=\u00bb1\/3&#8243;][vc_single_image image=\u00bb11530&#8243; img_size=\u00bb400&#215;250&#8243; css=\u00bb\u00bb][\/vc_column_inner][\/vc_row_inner][vc_row_inner][vc_column_inner width=\u00bb2\/3&#8243;][vc_column_text css=\u00bb\u00bb]<\/p>\n<h3>El deshumidificador<\/h3>\n<p>Un <a href=\"https:\/\/www.polypoles.com\/es\/categorie-produit\/tratamiento-del-aire\/deshumidificador\/\">deshumidificador<\/a> es un aparato cuya funci\u00f3n es mantener un determinado porcentaje de humedad en una habitaci\u00f3n.<\/p>\n<p>Este aparato se utiliza mucho en la <strong>industria<\/strong> <strong>de la construcci\u00f3n<\/strong>. Tambi\u00e9n ayuda a calentar los almacenes y los ocupados por el personal de obra. Tambi\u00e9n son muy eficaces durante las inundaciones, ya que evitan el moho y los olores a humedad.  <\/p>\n<p>Los deshumidificadores funcionan de forma sencilla. Filtran el aire h\u00famedo de una habitaci\u00f3n y lo transforman inmediatamente en una corriente de aire caliente. A continuaci\u00f3n, la humedad se sintetiza en forma acuosa en un recipiente espec\u00edfico y se expulsa al exterior a trav\u00e9s de un conducto.  <\/p>\n<h3>El deshidratador<\/h3>\n<p>En una obra, el <a href=\"https:\/\/www.polypoles.com\/es\/categorie-produit\/tratamiento-del-aire\/deshidratador\/\">deshidratador<\/a> tambi\u00e9n se incluye en la categor\u00eda de equipos de calefacci\u00f3n. Acelera el periodo de <strong>secado<\/strong> <strong>del trabajo<\/strong>. Este calentador es adecuado para su uso tanto en el sector industrial como en el de la construcci\u00f3n.<\/p>\n<p>El deshumidificador se controla mediante un higrostato. Est\u00e1 dise\u00f1ado para difundir las ondas de calor conservando una peque\u00f1a cantidad de agua en el aire.[\/vc_column_text][\/vc_column_inner][vc_column_inner width=\u00bb1\/3&#8243;][vc_single_image image=\u00bb33276&#8243; img_size=\u00bb400&#215;550&#8243; css=\u00bb\u00bb][\/vc_column_inner][\/vc_row_inner][vc_row_inner][vc_column_inner width=\u00bb1\/4&#8243;][vc_single_image image=\u00bb21160&#8243; img_size=\u00bb400&#215;600&#8243; css=\u00bb\u00bb][\/vc_column_inner][vc_column_inner width=\u00bb3\/4&#8243;][vc_column_text css=\u00bb\u00bb]<\/p>\n<h2>Para tus obras: \u00bfPor qu\u00e9 contratar en lugar de comprar?<\/h2>\n<p>Alquilar calefactores de obra tiene muchas ventajas. Polypoles te da acceso a una m\u00e1quina r\u00e1pidamente y optimiza tu rendimiento laboral. Adem\u00e1s, los clientes de Polypoles tienen acceso a un servicio de <strong>asistencia<\/strong> para <strong>reparaciones<\/strong> en caso de problemas con el equipo.  <\/p>\n<p>La opci\u00f3n de contratar calefacci\u00f3n para tus obras tambi\u00e9n significa que puedes evitar los costes de mantenimiento y almacenamiento.<\/p>\n<p>Si lo deseas, puedes intercambiar aparatos en cualquier momento para probarlos. Esto no ocurre con la opci\u00f3n de compra. <\/p>\n<p>Tambi\u00e9n puedes ponerte en contacto con el <strong>servicio de atenci\u00f3n al cliente<\/strong> de la empresa de alquiler para que te asesoren sobre el uso del equipo. Tambi\u00e9n conviene recordar que el coste del alquiler es mucho menor que el de la compra. <\/p>\n<p>Por eso, en Polypoles, adem\u00e1s de disponer de una amplia gama de productos, te ofrecemos <strong>precios atractivos<\/strong> para m\u00e1quinas de alto rendimiento y bien mantenidas. Podemos elaborar varios presupuestos para ti, en funci\u00f3n de la gama elegida, manteniendo los requisitos necesarios.[\/vc_column_text][\/vc_column_inner][\/vc_row_inner][\/vc_column][\/vc_row][vc_row][vc_column][vc_separator][vc_column_text css=\u00bb\u00bb]<\/p>\n<h2 style=\"text-align: center;\"><span style=\"color: #002b49;\">Consulta nuestro folleto sobre precalentamiento in situ<\/span><\/h2>\n<p>[\/vc_column_text][\/vc_column][\/vc_row][vc_row][vc_column][vc_hoverbox image=\u00bb34141&#8243; primary_title=\u00bb\u00bb hover_title=\u00bb\u00bb el_width=\u00bb50&#8243; hover_btn_title=\u00bbDescarga\u00bb hover_btn_color=\u00bbprimary\u00bb hover_add_button=\u00bbtrue\u00bb hover_btn_link=\u00bburl:https%3A%2F%2Fwww.polypoles.com%2Fwp-content%2Fuploads%2F2026%2F01%2FLivret-Pre-chauffage-Chantier-OK-FINAL.pdf|title:Descarga|\u00bb][\/vc_hoverbox][vc_column_text css=\u00bb\u00bb][\/vc_column_text][vc_column_text css=\u00bb\u00bb][\/vc_column_text][\/vc_column][\/vc_row][vc_row][vc_column][vc_separator][vc_column_text]<\/p>\n<h2>Alquiler de calefacci\u00f3n para obras<\/h2>\n<p>[\/vc_column_text][dhvc_woo_product_page_product_categories columns=\u00bb5&#8243; orderby=\u00bb\u00bb order=\u00bb\u00bb hide_empty=\u00bb1&#8243; el_class=\u00bb\u00bb ids=\u00bb94,99,46,114,51,90&#8243; number=\u00bb\u00bb parent=\u00bb\u00bb][\/vc_column][\/vc_row][vc_row][vc_column][vc_separator][vc_column_text]<\/p>\n<h2>\u00bfQuieres un presupuesto o un consejo?<\/h2>\n<p>Ponte en contacto con nosotros por tel\u00e9fono o rellena el siguiente formulario.[\/vc_column_text][\/vc_column][\/vc_row][vc_row][vc_column width=\u00bb1\/6&#8243;][vc_single_image image=\u00bb27027&#8243; style=\u00bbvc_box_border_circle_2&#8243; css=\u00bb\u00bb][\/vc_column][vc_column width=\u00bb5\/6&#8243;][vc_column_text css=\u00bb\u00bb]<span class=\"TextRun SCXW52318390 BCX8\" lang=\"FR-FR\" data-contrast=\"auto\"><span class=\"NormalTextRun SCXW52318390 BCX8\">Para tus proyectos de calefacci\u00f3n de obra, tus necesidades de emergencia o tus requisitos espec\u00edficos, <\/span><\/span><span class=\"TextRun SCXW52318390 BCX8\" lang=\"FR-FR\" data-contrast=\"auto\"><span class=\"NormalTextRun SCXW52318390 BCX8\">Polypoles es tu socio de confianza<\/span><\/span><span class=\"TextRun SCXW52318390 BCX8\" lang=\"FR-FR\" data-contrast=\"auto\"><span class=\"NormalTextRun SCXW52318390 BCX8\">. <\/span><\/span><span class=\"TextRun SCXW52318390 BCX8\" lang=\"FR-FR\" data-contrast=\"auto\"><span class=\"NormalTextRun SCXW52318390 BCX8\">Ponte en contacto con nosotros<\/span><\/span><span class=\"TextRun SCXW52318390 BCX8\" lang=\"FR-FR\" data-contrast=\"auto\"><span class=\"NormalTextRun SCXW52318390 BCX8\"> hoy mismo para saber m\u00e1s sobre nuestras soluciones de alquiler de calefacci\u00f3n de obra.<\/span><\/span>[\/vc_column_text][vc_raw_html css=\u00bb\u00bb]PGRpdiBjbGFzcz0idmNfYnRuMy1jb250YWluZXIgYXBwZWwgdmNfYnRuMy1jZW50ZXIgdmNfZG9fYnRuIj48YSBjbGFzcz0idmNfZ2VuZXJhbCB2Y19idG4zIHZjX2J0bjMtc2l6ZS1sZyB2Y19idG4zLXNoYXBlLXJvdW5kZWQgdmNfYnRuMy1zdHlsZS1tb2Rlcm4gdmNfYnRuMy1pY29uLWxlZnQgdmNfYnRuMy1jb2xvci1zdWNjZXNzIiBocmVmPSJ0ZWw6KzMzODEwMDIwODUxIiB0aXRsZT0iTGxhbWEgYSBQb2x5cG9sZXMiIHJlbD0ibm9mb2xsb3ciPjxpIGNsYXNzPSJ2Y19idG4zLWljb24gZmEgZmEtc29saWQgZmEtcGhvbmUiPjwvaT4gPGI+Q29udGFjdGEgY29uIG5vc290cm9zPC9iPjxicj4wIDgxMCAwMjAgODUxPC9hPjwvZGl2Pg==[\/vc_raw_html][\/vc_column][\/vc_row][vc_row][vc_column]\n<div class=\"wpcf7 no-js\" id=\"wpcf7-f24308-o1\" lang=\"es-ES\" dir=\"ltr\" data-wpcf7-id=\"24308\">\n<div class=\"screen-reader-response\"><p role=\"status\" aria-live=\"polite\" aria-atomic=\"true\"><\/p> <ul><\/ul><\/div>\n<form action=\"\/es\/wp-json\/wp\/v2\/pages\/24660#wpcf7-f24308-o1\" method=\"post\" class=\"wpcf7-form init\" aria-label=\"Formulario de contacto\" novalidate=\"novalidate\" data-status=\"init\">\n<div style=\"display: none;\">\n<input type=\"hidden\" name=\"_wpcf7\" value=\"24308\" \/>\n<input type=\"hidden\" name=\"_wpcf7_version\" value=\"6.0.6\" \/>\n<input type=\"hidden\" name=\"_wpcf7_locale\" value=\"es_ES\" \/>\n<input type=\"hidden\" name=\"_wpcf7_unit_tag\" value=\"wpcf7-f24308-o1\" \/>\n<input type=\"hidden\" name=\"_wpcf7_container_post\" value=\"0\" \/>\n<input type=\"hidden\" name=\"_wpcf7_posted_data_hash\" value=\"\" \/>\n<input type=\"hidden\" name=\"_wpcf7_recaptcha_response\" value=\"\" \/>\n<\/div>\n<p><i>Todos los campos son obligatorios.<\/i>\n<\/p>\n<div class=\"row\">\n\t<div class=\"col-sm-4\">\n\t\t<p><label> Tu nombre<br \/>\n<span class=\"wpcf7-form-control-wrap\" data-name=\"Votrenom\"><input size=\"40\" maxlength=\"400\" class=\"wpcf7-form-control wpcf7-text wpcf7-validates-as-required\" aria-required=\"true\" aria-invalid=\"false\" value=\"\" type=\"text\" name=\"Votrenom\" \/><\/span><\/label>\n\t\t<\/p>\n\t<\/div>\n\t<div class=\"col-sm-4\">\n\t\t<p><label> Tu empresa<br \/>\n<span class=\"wpcf7-form-control-wrap\" data-name=\"societe\"><input size=\"40\" maxlength=\"400\" class=\"wpcf7-form-control wpcf7-text wpcf7-validates-as-required\" aria-required=\"true\" aria-invalid=\"false\" value=\"\" type=\"text\" name=\"societe\" \/><\/span> <\/label>\n\t\t<\/p>\n\t<\/div>\n\t<div class=\"col-sm-4\">\n\t\t<p><label> Tu e-mail<br \/>\n<span class=\"wpcf7-form-control-wrap\" data-name=\"your-email\"><input size=\"40\" maxlength=\"400\" class=\"wpcf7-form-control wpcf7-email wpcf7-validates-as-required wpcf7-text wpcf7-validates-as-email\" aria-required=\"true\" aria-invalid=\"false\" value=\"\" type=\"email\" name=\"your-email\" \/><\/span> <\/label>\n\t\t<\/p>\n\t<\/div>\n\t<div class=\"col-sm-4\">\n\t\t<p><label> Tu n\u00famero de tel\u00e9fono<br \/>\n<span class=\"wpcf7-form-control-wrap\" data-name=\"phone\"><input size=\"40\" maxlength=\"400\" class=\"wpcf7-form-control wpcf7-tel wpcf7-validates-as-required wpcf7-text wpcf7-validates-as-tel\" aria-required=\"true\" aria-invalid=\"false\" value=\"\" type=\"tel\" name=\"phone\" \/><\/span> <\/label>\n\t\t<\/p>\n\t<\/div>\n\t<div class=\"col-sm-4\">\n\t\t<p><label><br \/>\n<span class=\"wpcf7-form-control-wrap\" data-name=\"typologie\"><select class=\"wpcf7-form-control wpcf7-select wpcf7-validates-as-required\" aria-required=\"true\" aria-invalid=\"false\" name=\"typologie\"><option value=\"Tu solicitud se refiere a la venta en alquiler de otros\">Tu solicitud se refiere a la venta en alquiler de otros<\/option><\/select><\/span> <\/label>\n\t\t<\/p>\n\t<\/div>\n\t<div class=\"col-sm-4\">\n\t\t<p><label> Tu departamento<br \/>\n<span class=\"wpcf7-form-control-wrap\" data-name=\"departement\"><input size=\"40\" maxlength=\"400\" class=\"wpcf7-form-control wpcf7-text wpcf7-validates-as-required\" aria-required=\"true\" aria-invalid=\"false\" value=\"\" type=\"text\" name=\"departement\" \/><\/span> <\/label>\n\t\t<\/p>\n\t<\/div>\n\t<div class=\"col-sm-12\">\n\t\t<p><label> Tu mensaje<br \/>\n<span class=\"wpcf7-form-control-wrap\" data-name=\"your-message\"><textarea cols=\"40\" rows=\"10\" maxlength=\"2000\" class=\"wpcf7-form-control wpcf7-textarea wpcf7-validates-as-required\" aria-required=\"true\" aria-invalid=\"false\" name=\"your-message\"><\/textarea><\/span> <\/label>\n\t\t<\/p>\n\t<\/div>\n\t<p><span class=\"wpcf7-form-control-wrap\" data-name=\"RGPD\"><span class=\"wpcf7-form-control wpcf7-checkbox wpcf7-validates-as-required\"><span class=\"wpcf7-list-item first last\"><label><input type=\"checkbox\" name=\"RGPD[]\" value=\"Acepto que los datos introducidos en este formulario sean utilizados por Polypoles para tramitar mi solicitud.\" \/><span class=\"wpcf7-list-item-label\">Acepto que los datos introducidos en este formulario sean utilizados por Polypoles para tramitar mi solicitud.<\/span><\/label><\/span><\/span><\/span>\n\t<\/p>\n\t<div class=\"form-button col-sm-12\">\n\t\t<div class=\"form-button col-sm-12\">\n\t\t\t<p class=\"submit-btn\"><input class=\"wpcf7-form-control wpcf7-submit has-spinner\" type=\"submit\" value=\"Confirma\" \/><i class=\"fa flaticon-right-arrow\"><\/i>\n\t\t\t<\/p>\n\t\t<\/div>\n\t<\/div>\n<\/div><input type='hidden' class='wpcf7-pum' value='{\"closepopup\":false,\"closedelay\":0,\"openpopup\":false,\"openpopup_id\":0}' \/><div class=\"wpcf7-response-output\" aria-hidden=\"true\"><\/div>\n<\/form>\n<\/div>\n[\/vc_column][\/vc_row][vc_row][vc_column][\/vc_column][\/vc_row]<\/p>\n<\/div>","protected":false},"excerpt":{"rendered":"<p>[vc_row][vc_column][vc_column_inner][\/vc_column_inner][\/vc_column][\/vc_row][vc_row][vc_column width=\u00bb2\/3&#8243;][vc_column_text css=\u00bb\u00bb] \u00bfQu\u00e9 tipo de calefacci\u00f3n es la m\u00e1s adecuada para una obra? Para los comerciantes y jefes de obra, alquilar equipos de calefacci\u00f3n de obra es la soluci\u00f3n ideal para trabajar en condiciones adecuadas cuando hace fr\u00edo. El alquiler de calefactores de obra permite no retrasar el trabajo y cumplir los plazos. Los&#8230;<\/p>\n","protected":false},"author":3,"featured_media":0,"parent":0,"menu_order":0,"comment_status":"closed","ping_status":"closed","template":"","meta":{"_acf_changed":false,"footnotes":""},"tags":[],"class_list":["post-24660","page","type-page","status-publish","hentry"],"acf":[],"yoast_head":"<!-- This site is optimized with the Yoast SEO plugin v24.9 - https:\/\/yoast.com\/wordpress\/plugins\/seo\/ -->\n<title>Alquiler de calefacci\u00f3n in situ - Combustible, El\u00e9ctrica, Gas<\/title>\n<meta name=\"description\" content=\"Alquiler de calefacci\u00f3n de obra: gas\u00f3leo, el\u00e9ctrica, gas Entrega expr\u00e9s - Instalaci\u00f3n - Servicio 24\/24 h - \u00a1Cons\u00faltanos!\" \/>\n<meta name=\"robots\" content=\"index, follow, max-snippet:-1, max-image-preview:large, max-video-preview:-1\" \/>\n<link rel=\"canonical\" href=\"https:\/\/www.polypoles.com\/es\/alquiler-de-calefaccion\/\" \/>\n<meta property=\"og:locale\" content=\"es_ES\" \/>\n<meta property=\"og:type\" content=\"article\" \/>\n<meta property=\"og:title\" content=\"Alquiler de calefacci\u00f3n in situ - Combustible, El\u00e9ctrica, Gas\" \/>\n<meta property=\"og:description\" content=\"Alquiler de calefacci\u00f3n de obra: gas\u00f3leo, el\u00e9ctrica, gas Entrega expr\u00e9s - Instalaci\u00f3n - Servicio 24\/24 h - \u00a1Cons\u00faltanos!\" \/>\n<meta property=\"og:url\" content=\"https:\/\/www.polypoles.com\/es\/alquiler-de-calefaccion\/\" \/>\n<meta property=\"og:site_name\" content=\"Polypoles\" \/>\n<meta property=\"article:modified_time\" content=\"2026-01-14T10:17:51+00:00\" \/>\n<meta name=\"twitter:card\" content=\"summary_large_image\" \/>\n<meta name=\"twitter:label1\" content=\"Tiempo de lectura\" \/>\n\t<meta name=\"twitter:data1\" content=\"7 minutos\" \/>\n<script type=\"application\/ld+json\" class=\"yoast-schema-graph\">{\"@context\":\"https:\/\/schema.org\",\"@graph\":[{\"@type\":\"WebPage\",\"@id\":\"https:\/\/www.polypoles.com\/es\/alquiler-de-calefaccion\/\",\"url\":\"https:\/\/www.polypoles.com\/es\/alquiler-de-calefaccion\/\",\"name\":\"Alquiler de calefacci\u00f3n in situ - Combustible, El\u00e9ctrica, Gas\",\"isPartOf\":{\"@id\":\"https:\/\/www.polypoles.com\/es\/#website\"},\"datePublished\":\"2022-10-20T12:36:09+00:00\",\"dateModified\":\"2026-01-14T10:17:51+00:00\",\"description\":\"Alquiler de calefacci\u00f3n de obra: gas\u00f3leo, el\u00e9ctrica, gas Entrega expr\u00e9s - Instalaci\u00f3n - Servicio 24\/24 h - \u00a1Cons\u00faltanos!\",\"breadcrumb\":{\"@id\":\"https:\/\/www.polypoles.com\/es\/alquiler-de-calefaccion\/#breadcrumb\"},\"inLanguage\":\"es\",\"potentialAction\":[{\"@type\":\"ReadAction\",\"target\":[\"https:\/\/www.polypoles.com\/es\/alquiler-de-calefaccion\/\"]}]},{\"@type\":\"BreadcrumbList\",\"@id\":\"https:\/\/www.polypoles.com\/es\/alquiler-de-calefaccion\/#breadcrumb\",\"itemListElement\":[{\"@type\":\"ListItem\",\"position\":1,\"name\":\"Home\",\"item\":\"https:\/\/www.polypoles.com\/es\/\"},{\"@type\":\"ListItem\",\"position\":2,\"name\":\"Alquiler de calefacci\u00f3n\"}]},{\"@type\":\"WebSite\",\"@id\":\"https:\/\/www.polypoles.com\/es\/#website\",\"url\":\"https:\/\/www.polypoles.com\/es\/\",\"name\":\"Polypoles\",\"description\":\"Votre partenaire chaud-froid\",\"publisher\":{\"@id\":\"https:\/\/www.polypoles.com\/es\/#organization\"},\"potentialAction\":[{\"@type\":\"SearchAction\",\"target\":{\"@type\":\"EntryPoint\",\"urlTemplate\":\"https:\/\/www.polypoles.com\/es\/?s={search_term_string}\"},\"query-input\":{\"@type\":\"PropertyValueSpecification\",\"valueRequired\":true,\"valueName\":\"search_term_string\"}}],\"inLanguage\":\"es\"},{\"@type\":\"Organization\",\"@id\":\"https:\/\/www.polypoles.com\/es\/#organization\",\"name\":\"Polypoles\",\"url\":\"https:\/\/www.polypoles.com\/es\/\",\"logo\":{\"@type\":\"ImageObject\",\"inLanguage\":\"es\",\"@id\":\"https:\/\/www.polypoles.com\/es\/#\/schema\/logo\/image\/\",\"url\":\"https:\/\/www.polypoles.com\/wp-content\/uploads\/2024\/06\/base-25-cm-300-DPI-scaled.jpg\",\"contentUrl\":\"https:\/\/www.polypoles.com\/wp-content\/uploads\/2024\/06\/base-25-cm-300-DPI-scaled.jpg\",\"width\":2560,\"height\":497,\"caption\":\"Polypoles\"},\"image\":{\"@id\":\"https:\/\/www.polypoles.com\/es\/#\/schema\/logo\/image\/\"}}]}<\/script>\n<!-- \/ Yoast SEO plugin. -->","yoast_head_json":{"title":"Alquiler de calefacci\u00f3n in situ - Combustible, El\u00e9ctrica, Gas","description":"Alquiler de calefacci\u00f3n de obra: gas\u00f3leo, el\u00e9ctrica, gas Entrega expr\u00e9s - Instalaci\u00f3n - Servicio 24\/24 h - \u00a1Cons\u00faltanos!","robots":{"index":"index","follow":"follow","max-snippet":"max-snippet:-1","max-image-preview":"max-image-preview:large","max-video-preview":"max-video-preview:-1"},"canonical":"https:\/\/www.polypoles.com\/es\/alquiler-de-calefaccion\/","og_locale":"es_ES","og_type":"article","og_title":"Alquiler de calefacci\u00f3n in situ - Combustible, El\u00e9ctrica, Gas","og_description":"Alquiler de calefacci\u00f3n de obra: gas\u00f3leo, el\u00e9ctrica, gas Entrega expr\u00e9s - Instalaci\u00f3n - Servicio 24\/24 h - \u00a1Cons\u00faltanos!","og_url":"https:\/\/www.polypoles.com\/es\/alquiler-de-calefaccion\/","og_site_name":"Polypoles","article_modified_time":"2026-01-14T10:17:51+00:00","twitter_card":"summary_large_image","twitter_misc":{"Tiempo de lectura":"7 minutos"},"schema":{"@context":"https:\/\/schema.org","@graph":[{"@type":"WebPage","@id":"https:\/\/www.polypoles.com\/es\/alquiler-de-calefaccion\/","url":"https:\/\/www.polypoles.com\/es\/alquiler-de-calefaccion\/","name":"Alquiler de calefacci\u00f3n in situ - Combustible, El\u00e9ctrica, Gas","isPartOf":{"@id":"https:\/\/www.polypoles.com\/es\/#website"},"datePublished":"2022-10-20T12:36:09+00:00","dateModified":"2026-01-14T10:17:51+00:00","description":"Alquiler de calefacci\u00f3n de obra: gas\u00f3leo, el\u00e9ctrica, gas Entrega expr\u00e9s - Instalaci\u00f3n - Servicio 24\/24 h - \u00a1Cons\u00faltanos!","breadcrumb":{"@id":"https:\/\/www.polypoles.com\/es\/alquiler-de-calefaccion\/#breadcrumb"},"inLanguage":"es","potentialAction":[{"@type":"ReadAction","target":["https:\/\/www.polypoles.com\/es\/alquiler-de-calefaccion\/"]}]},{"@type":"BreadcrumbList","@id":"https:\/\/www.polypoles.com\/es\/alquiler-de-calefaccion\/#breadcrumb","itemListElement":[{"@type":"ListItem","position":1,"name":"Home","item":"https:\/\/www.polypoles.com\/es\/"},{"@type":"ListItem","position":2,"name":"Alquiler de calefacci\u00f3n"}]},{"@type":"WebSite","@id":"https:\/\/www.polypoles.com\/es\/#website","url":"https:\/\/www.polypoles.com\/es\/","name":"Polypoles","description":"Votre partenaire chaud-froid","publisher":{"@id":"https:\/\/www.polypoles.com\/es\/#organization"},"potentialAction":[{"@type":"SearchAction","target":{"@type":"EntryPoint","urlTemplate":"https:\/\/www.polypoles.com\/es\/?s={search_term_string}"},"query-input":{"@type":"PropertyValueSpecification","valueRequired":true,"valueName":"search_term_string"}}],"inLanguage":"es"},{"@type":"Organization","@id":"https:\/\/www.polypoles.com\/es\/#organization","name":"Polypoles","url":"https:\/\/www.polypoles.com\/es\/","logo":{"@type":"ImageObject","inLanguage":"es","@id":"https:\/\/www.polypoles.com\/es\/#\/schema\/logo\/image\/","url":"https:\/\/www.polypoles.com\/wp-content\/uploads\/2024\/06\/base-25-cm-300-DPI-scaled.jpg","contentUrl":"https:\/\/www.polypoles.com\/wp-content\/uploads\/2024\/06\/base-25-cm-300-DPI-scaled.jpg","width":2560,"height":497,"caption":"Polypoles"},"image":{"@id":"https:\/\/www.polypoles.com\/es\/#\/schema\/logo\/image\/"}}]}},"_links":{"self":[{"href":"https:\/\/www.polypoles.com\/es\/wp-json\/wp\/v2\/pages\/24660","targetHints":{"allow":["GET"]}}],"collection":[{"href":"https:\/\/www.polypoles.com\/es\/wp-json\/wp\/v2\/pages"}],"about":[{"href":"https:\/\/www.polypoles.com\/es\/wp-json\/wp\/v2\/types\/page"}],"author":[{"embeddable":true,"href":"https:\/\/www.polypoles.com\/es\/wp-json\/wp\/v2\/users\/3"}],"replies":[{"embeddable":true,"href":"https:\/\/www.polypoles.com\/es\/wp-json\/wp\/v2\/comments?post=24660"}],"version-history":[{"count":24,"href":"https:\/\/www.polypoles.com\/es\/wp-json\/wp\/v2\/pages\/24660\/revisions"}],"predecessor-version":[{"id":34168,"href":"https:\/\/www.polypoles.com\/es\/wp-json\/wp\/v2\/pages\/24660\/revisions\/34168"}],"wp:attachment":[{"href":"https:\/\/www.polypoles.com\/es\/wp-json\/wp\/v2\/media?parent=24660"}],"wp:term":[{"taxonomy":"post_tag","embeddable":true,"href":"https:\/\/www.polypoles.com\/es\/wp-json\/wp\/v2\/tags?post=24660"}],"curies":[{"name":"wp","href":"https:\/\/api.w.org\/{rel}","templated":true}]}}