{"id":24519,"date":"2023-07-12T16:08:56","date_gmt":"2023-07-12T14:08:56","guid":{"rendered":"https:\/\/www.polypoles.com\/calefaccion-colectiva-de-biomasa\/"},"modified":"2025-05-12T16:25:17","modified_gmt":"2025-05-12T14:25:17","slug":"calefaccion-colectiva-de-biomasa","status":"publish","type":"page","link":"https:\/\/www.polypoles.com\/es\/noticias\/nuestros-logros\/calefaccion-colectiva-de-biomasa\/","title":{"rendered":"Calefacci\u00f3n colectiva de biomasa"},"content":{"rendered":"<div class=\"wpb-content-wrapper\"><p>[vc_row][vc_column][vc_column_text]<\/p>\n<h1 style=\"text-align: center;\">Calefacci\u00f3n colectiva de biomasa<\/h1>\n<p>[\/vc_column_text][\/vc_column][\/vc_row][vc_row][vc_column width=\u00bb2\/3&#8243;][vc_column_text]Nos enorgullece presentar la instalaci\u00f3n del calentador<strong> de biomasa D&#8217;Alessandro<\/strong> CS80 clase 5 en el Foyer Rural de Levens. Este <a href=\"https:\/\/www.polypoles.com\/produit\/chaudiere-biomasse-industriel\/\">calentador industrial<\/a> de alta calidad, fabricado por el prestigioso fabricante italiano D&#8217;Alessandro, est\u00e1 espec\u00edficamente dise\u00f1ado para garantizar una combusti\u00f3n \u00f3ptima de la biomasa, utilizando combustibles procedentes de <strong>fuentes de energ\u00eda renovables<\/strong>, como pellets, <strong>orujo de aceituna<\/strong> y diversas c\u00e1scaras. <\/p>\n<p>Esta notable instalaci\u00f3n demuestra nuestro firme compromiso con el uso de<strong> energ\u00eda verde y sostenible<\/strong>, al tiempo que satisface<strong> las necesidades energ\u00e9ticas<\/strong> del Foyer Rural de Levens. El <a href=\"https:\/\/www.polypoles.com\/es\/produit\/caldera-industrial-de-biomasa-cs-csa\/\">calentador D&#8217;Alessandro CS80<\/a> suministrar\u00e1 eficazmente la calefacci\u00f3n central y producir\u00e1 el agua caliente sanitaria necesaria para las actividades del Foyer Rural. Adem\u00e1s, nos complace se\u00f1alar que este sistema de calefacci\u00f3n funcionar\u00e1 con huesos de aceituna de un olivar local situado a las afueras del pueblo.  <\/p>\n<p>La instalaci\u00f3n fue todo un reto log\u00edstico, e incluso fue necesario transportar la calefacci\u00f3n en helic\u00f3ptero. Esto demuestra nuestro compromiso inquebrantable de implantar soluciones energ\u00e9ticas respetuosas con el medio ambiente y apoyar activamente la transici\u00f3n a fuentes de energ\u00eda sostenibles. <\/p>\n<p>Gracias a esta nueva instalaci\u00f3n, el Foyer Rural de Levens se beneficiar\u00e1 de<strong>una fuente de calor ecol\u00f3gica y econ\u00f3mica<\/strong>, que contribuir\u00e1 a reducir su huella de carbono y su dependencia de los combustibles f\u00f3siles. Estamos convencidos de que el sistema <a href=\"https:\/\/www.polypoles.com\/es\/produit\/caldera-industrial-de-biomasa-cs-csa\/\">de calefacci\u00f3n por biomasa CS80 de D&#8217;Alessandro<\/a> aportar\u00e1 beneficios considerables en t\u00e9rminos de sostenibilidad y eficiencia energ\u00e9tica, permitiendo al Foyer Rural desempe\u00f1ar un papel ejemplar en la promoci\u00f3n de un estilo de vida respetuoso con el medio ambiente. <\/p>\n<p>Queremos dar las gracias a todos los que han participado en la realizaci\u00f3n de este importante proyecto, que supone un gran paso adelante en nuestro compromiso con un futuro m\u00e1s sostenible. Estamos encantados con nuestra contribuci\u00f3n a la comunidad de Levens y esperamos ver el impacto positivo de esta instalaci\u00f3n en el Foyer Rural. Es un honor poder trabajar con vosotros para apoyar una transici\u00f3n energ\u00e9tica exitosa y construir un mundo mejor.[\/vc_column_text][\/vc_column][vc_column width=\u00bb1\/3&#8243;][vc_gallery interval=\u00bb3&#8243; images=\u00bb18833&#8243; img_size=\u00bblarge\u00bb][vc_single_image image=\u00bb18800&#8243; alignment=\u00bbcenter\u00bb css=\u00bb.vc_custom_1688482145094{border-left-width: 35px !important;}\u00bb][\/vc_column][\/vc_row][vc_row][vc_column width=\u00bb1\/2&#8243;][vc_tabs][vc_tab title=\u00bbV\u00eddeo\u00bb tab_id=\u00bb2c73ab94-bdd5-3&#8243;]<div class=\"rs-video-2 video-item-16 \"><img decoding=\"async\" src=\"https:\/\/www.polypoles.com\/wp-content\/uploads\/2023\/07\/PHOTO-2023-07-04-12-01-45.jpg\" alt=\"\"><a style=\"background-color:#2280fc!important\" data-bg=\"#2280fc\" class=\"popup-videos\" href=\"https:\/\/www.youtube.com\/watch?v=L1nSYl3xNKw\" title=\"\">\r\n\t\t\t\t\t\t<i data-icolor=\"#fff\" class=\"fa fa-play\"><\/i>\r\n\t\t\t\t\t<\/a>\r\n\t\t\t\t    <div class=\"video-desc\" style=\"color:#2280fc!important\"><\/div>\r\n\t\t\t\t    <div class=\"overly-border\" style=\"border-color:#2280fc!important\"><\/div>\r\n\t\t\t<\/div>[\/vc_tab][vc_tab title=\u00bbFotos de la instalaci\u00f3n\u00bb tab_id=\u00bb1688481709109-1-3&#8243;][vc_gallery interval=\u00bb3&#8243; images=\u00bb18816,18792,18791,18790,18779,18781&#8243;][\/vc_tab][\/vc_tabs][\/vc_column][\/vc_row][vc_row][vc_column][vc_column_text]<\/p>\n<h2>Los productos utilizados para este proyecto<\/h2>\n<p>[\/vc_column_text]<div class=\"woocommerce \"><\/div>[\/vc_column][\/vc_row][vc_row][vc_column][vc_column_text]<\/p>\n<h2>Recurre a polipolos para tus necesidades de calefacci\u00f3n para tus proyectos<\/h2>\n<p>Polypoles te ofrece soluciones para comprar o alquilar equipos de calefacci\u00f3n.<\/p>\n<p><b>Cu\u00e9ntanos tus proyectos y nos ocuparemos de ellos. \u00a1Contacta con nosotros para un presupuesto gratuito!   <\/b>[\/vc_column_text][vc_column_text]<\/p>\n<div class=\"wpb_column vc_column_container vc_col-sm-3\">\n<div class=\"vc_column-inner\">\n<div class=\"wpb_wrapper\">\n<div class=\"wpb_raw_code wpb_raw_html wpb_content_element\">\n<div class=\"wpb_wrapper\">\n<div class=\"vc_btn3-container  appel vc_btn3-center vc_do_btn\"><a class=\"vc_general vc_btn3 vc_btn3-size-lg vc_btn3-shape-rounded vc_btn3-style-modern vc_btn3-icon-left vc_btn3-color-success\" href=\"tel:+33810020851\" title=\"Appeler Polypoles\" rel=\"nofollow\"><i class=\"vc_btn3-icon fa fa-solid fa-phone\"><\/i> <b>Contactez-nous<\/b><br \/>\n0 810 020 851<\/a><\/div>\n<\/div>\n<\/div>\n<\/div>\n<\/div>\n<\/div>\n<div class=\"wpb_column vc_column_container vc_col-sm-3\">\n<div class=\"vc_column-inner\">\n<div class=\"wpb_wrapper\">\n<div class=\"vc_btn3-container devis wpb_animate_when_almost_visible wpb_fadeIn fadeIn vc_btn3-left wpb_start_animation animated\"><a class=\"vc_general vc_btn3 vc_btn3-size-lg vc_btn3-shape-rounded vc_btn3-style-modern vc_btn3-icon-left vc_btn3-color-primary\" title=\"\" href=\"https:\/\/www.polypoles.com\/es\/solicitud-de-devolucion-de-llamada\/\" rel=\"nofollow\"><i class=\"vc_btn3-icon fa fa-envelope-o\"><\/i>  Cita<\/a><\/div>\n<\/div>\n<\/div>\n<\/div>\n<p>[\/vc_column_text][vc_empty_space height=\u00bb100px\u00bb][vc_column_text]<\/p>\n<h2>\u00bfPor qu\u00e9 utilizar calefactores de biomasa?<\/h2>\n<p>[\/vc_column_text][vc_column_text]<strong> <a href=\"https:\/\/www.polypoles.com\/es\/produit\/caldera-industrial-de-biomasa-cs-csa\/\">Los sistemas de calefacci\u00f3n por biomasa<\/a><\/strong> ofrecen una soluci\u00f3n <strong>energ\u00e9tica sostenible y respetuosa con el medio ambiente<\/strong>, con una serie de ventajas. En primer lugar, utilizan combustibles renovables como residuos de madera, astillas, pellets o residuos agr\u00edcolas, reduciendo nuestra dependencia de los combustibles f\u00f3siles y contribuyendo a la transici\u00f3n a una econom\u00eda circular. Al utilizar fuentes locales de biomasa, tambi\u00e9n fomentan la autosuficiencia energ\u00e9tica regional y reducen las emisiones de gases de efecto invernadero.  <\/p>\n<p>Los sistemas de calefacci\u00f3n por biomasa tambi\u00e9n son <strong>rentables<\/strong>. Los combustibles utilizados suelen ser m\u00e1s baratos que los f\u00f3siles, lo que supone un ahorro a largo plazo. Adem\u00e1s, pueden beneficiarse de ayudas econ\u00f3micas e incentivos gubernamentales, lo que hace a\u00fan m\u00e1s atractiva su instalaci\u00f3n.  <\/p>\n<p>En t\u00e9rminos de rendimiento, <strong>los sistemas de calefacci\u00f3n por biomasa son cada vez m\u00e1s eficientes<\/strong> y pueden adaptarse a las necesidades espec\u00edficas de los usuarios. Pueden producir calor para calentar edificios, producir agua caliente sanitaria o incluso alimentar procesos industriales. Adem\u00e1s, los sistemas de control avanzados ayudan a optimizar su funcionamiento y a reducir su impacto en el medio ambiente.  <\/p>\n<p>Por \u00faltimo, los sistemas de calefacci\u00f3n por biomasa <strong>contribuyen a reciclar los residuos y a desarrollar las industrias locales<\/strong>. Al utilizar materias primas renovables y promover la gesti\u00f3n sostenible de los recursos forestales y agr\u00edcolas, contribuyen a preservar el medio ambiente y a crear puestos de trabajo locales. <\/p>\n<p>En resumen, la calefacci\u00f3n por biomasa es una soluci\u00f3n <strong>energ\u00e9tica viable, respetuosa con el medio ambiente, econ\u00f3micamente ventajosa y socialmente responsable<\/strong>. Desempe\u00f1a un papel clave en la transici\u00f3n hacia un modelo energ\u00e9tico sostenible y ayuda a combatir el cambio clim\u00e1tico.[\/vc_column_text][vc_column_text]<\/p>\n<h2>Elegir el equipo de calefacci\u00f3n de le\u00f1a adecuado para el taller<\/h2>\n<p>[\/vc_column_text][vc_column_text]Antes incluso de considerar el tipo de equipo, es esencial tener una idea precisa del <strong>volumen de<\/strong> aire que se va a calentar. Tu elecci\u00f3n depender\u00e1 en parte de este aspecto.  Tambi\u00e9n tienes que tener en cuenta la <strong>ubicaci\u00f3n<\/strong> del lugar, su nivel de<strong>aislamiento<\/strong> y su configuraci\u00f3n.[\/vc_column_text][vc_column_text]<\/p>\n<h3>El volumen de aire a calentar<\/h3>\n<p>[\/vc_column_text][vc_column_text]Generalmente, el volumen a calentar es bastante grande. Por tanto, la <strong>potencia<\/strong> calor\u00edfica del aparato ser\u00e1 proporcional al <strong>tama\u00f1o de<\/strong> la habitaci\u00f3n. Expresada en vatios, la potencia se define en funci\u00f3n del volumen en m\u00b3 de la habitaci\u00f3n a calentar. En la pr\u00e1ctica, la f\u00f3rmula est\u00e1ndar para aprovechar las prestaciones del calefactor es la siguiente: 1 m\u00b3 de aire = 40 vatios de potencia <strong>calor\u00edfica<\/strong>. El c\u00e1lculo tiene en cuenta la <strong>altura<\/strong> y la superficie. El resultado es que 1m\u00b2 de superficie a calentar = 100 vatios de potencia. Para un lugar mal aislado, tendr\u00e1s que a\u00f1adir un 15% de esta potencia para obtener un resultado proporcional.<\/p>\n<p>[\/vc_column_text][\/vc_column][\/vc_row][vc_row][vc_column][vc_empty_space][\/vc_column][\/vc_row][vc_row][vc_column][vc_empty_space][\/vc_column][\/vc_row][vc_row][vc_column][vc_btn title=\u00bbVer otros proyectos\u00bb align=\u00bbcenter\u00bb i_align=\u00bbright\u00bb i_icon_fontawesome=\u00bbfa fa-angle-double-right\u00bb add_icon=\u00bbtrue\u00bb link=\u00bburl:https%3A%2F%2Fwww.polypoles.com%2Fes%2Fnoticias%2Fnuestros-logros%2F|title:Nuestros%20logros|\u00bb][\/vc_column][\/vc_row][vc_row][vc_column][vc_column_inner][\/vc_column_inner][\/vc_column][\/vc_row]<\/p>\n<\/div>","protected":false},"excerpt":{"rendered":"<p>Esta notable instalaci\u00f3n demuestra nuestro firme compromiso con el uso de energ\u00eda verde y sostenible, al tiempo que satisface las necesidades energ\u00e9ticas del Foyer Rural de Levens.<\/p>\n","protected":false},"author":3,"featured_media":18791,"parent":25139,"menu_order":0,"comment_status":"closed","ping_status":"closed","template":"","meta":{"_acf_changed":false,"footnotes":""},"tags":[240],"class_list":["post-24519","page","type-page","status-publish","has-post-thumbnail","hentry","tag-calefaccion"],"acf":[],"yoast_head":"<!-- This site is optimized with the Yoast SEO plugin v24.9 - https:\/\/yoast.com\/wordpress\/plugins\/seo\/ -->\n<title>Calefacci\u00f3n colectiva de biomasa | Presupuesto gratuito<\/title>\n<meta name=\"description\" content=\"Instalaci\u00f3n de calefacci\u00f3n de biomasa en una comunidad | Polypoles, el profesional de la calefacci\u00f3n de le\u00f1a o pellets.\" \/>\n<meta name=\"robots\" content=\"index, follow, max-snippet:-1, max-image-preview:large, max-video-preview:-1\" \/>\n<link rel=\"canonical\" href=\"https:\/\/www.polypoles.com\/es\/noticias\/nuestros-logros\/calefaccion-colectiva-de-biomasa\/\" \/>\n<meta property=\"og:locale\" content=\"es_ES\" \/>\n<meta property=\"og:type\" content=\"article\" \/>\n<meta property=\"og:title\" content=\"Calefacci\u00f3n colectiva de biomasa | Presupuesto gratuito\" \/>\n<meta property=\"og:description\" content=\"Instalaci\u00f3n de calefacci\u00f3n de biomasa en una comunidad | Polypoles, el profesional de la calefacci\u00f3n de le\u00f1a o pellets.\" \/>\n<meta property=\"og:url\" content=\"https:\/\/www.polypoles.com\/es\/noticias\/nuestros-logros\/calefaccion-colectiva-de-biomasa\/\" \/>\n<meta property=\"og:site_name\" content=\"Polypoles\" \/>\n<meta property=\"article:modified_time\" content=\"2025-05-12T14:25:17+00:00\" \/>\n<meta property=\"og:image\" content=\"https:\/\/www.polypoles.com\/wp-content\/uploads\/2023\/07\/IMG_20230609_103754-HDR-scaled.jpg\" \/>\n\t<meta property=\"og:image:width\" content=\"1920\" \/>\n\t<meta property=\"og:image:height\" content=\"2560\" \/>\n\t<meta property=\"og:image:type\" content=\"image\/jpeg\" \/>\n<meta name=\"twitter:card\" content=\"summary_large_image\" \/>\n<meta name=\"twitter:label1\" content=\"Tiempo de lectura\" \/>\n\t<meta name=\"twitter:data1\" content=\"6 minutos\" \/>\n<script type=\"application\/ld+json\" class=\"yoast-schema-graph\">{\"@context\":\"https:\/\/schema.org\",\"@graph\":[{\"@type\":\"WebPage\",\"@id\":\"https:\/\/www.polypoles.com\/es\/noticias\/nuestros-logros\/calefaccion-colectiva-de-biomasa\/\",\"url\":\"https:\/\/www.polypoles.com\/es\/noticias\/nuestros-logros\/calefaccion-colectiva-de-biomasa\/\",\"name\":\"Calefacci\u00f3n colectiva de biomasa | Presupuesto gratuito\",\"isPartOf\":{\"@id\":\"https:\/\/www.polypoles.com\/es\/#website\"},\"primaryImageOfPage\":{\"@id\":\"https:\/\/www.polypoles.com\/es\/noticias\/nuestros-logros\/calefaccion-colectiva-de-biomasa\/#primaryimage\"},\"image\":{\"@id\":\"https:\/\/www.polypoles.com\/es\/noticias\/nuestros-logros\/calefaccion-colectiva-de-biomasa\/#primaryimage\"},\"thumbnailUrl\":\"https:\/\/www.polypoles.com\/wp-content\/uploads\/2023\/07\/IMG_20230609_103754-HDR-scaled.jpg\",\"datePublished\":\"2023-07-12T14:08:56+00:00\",\"dateModified\":\"2025-05-12T14:25:17+00:00\",\"description\":\"Instalaci\u00f3n de calefacci\u00f3n de biomasa en una comunidad | Polypoles, el profesional de la calefacci\u00f3n de le\u00f1a o pellets.\",\"breadcrumb\":{\"@id\":\"https:\/\/www.polypoles.com\/es\/noticias\/nuestros-logros\/calefaccion-colectiva-de-biomasa\/#breadcrumb\"},\"inLanguage\":\"es\",\"potentialAction\":[{\"@type\":\"ReadAction\",\"target\":[\"https:\/\/www.polypoles.com\/es\/noticias\/nuestros-logros\/calefaccion-colectiva-de-biomasa\/\"]}]},{\"@type\":\"ImageObject\",\"inLanguage\":\"es\",\"@id\":\"https:\/\/www.polypoles.com\/es\/noticias\/nuestros-logros\/calefaccion-colectiva-de-biomasa\/#primaryimage\",\"url\":\"https:\/\/www.polypoles.com\/wp-content\/uploads\/2023\/07\/IMG_20230609_103754-HDR-scaled.jpg\",\"contentUrl\":\"https:\/\/www.polypoles.com\/wp-content\/uploads\/2023\/07\/IMG_20230609_103754-HDR-scaled.jpg\",\"width\":1920,\"height\":2560},{\"@type\":\"BreadcrumbList\",\"@id\":\"https:\/\/www.polypoles.com\/es\/noticias\/nuestros-logros\/calefaccion-colectiva-de-biomasa\/#breadcrumb\",\"itemListElement\":[{\"@type\":\"ListItem\",\"position\":1,\"name\":\"Home\",\"item\":\"https:\/\/www.polypoles.com\/es\/\"},{\"@type\":\"ListItem\",\"position\":2,\"name\":\"Noticias\",\"item\":\"https:\/\/www.polypoles.com\/es\/noticias\/\"},{\"@type\":\"ListItem\",\"position\":3,\"name\":\"Nuestros logros\",\"item\":\"https:\/\/www.polypoles.com\/es\/noticias\/nuestros-logros\/\"},{\"@type\":\"ListItem\",\"position\":4,\"name\":\"Calefacci\u00f3n colectiva de biomasa\"}]},{\"@type\":\"WebSite\",\"@id\":\"https:\/\/www.polypoles.com\/es\/#website\",\"url\":\"https:\/\/www.polypoles.com\/es\/\",\"name\":\"Polypoles\",\"description\":\"Votre partenaire chaud-froid\",\"publisher\":{\"@id\":\"https:\/\/www.polypoles.com\/es\/#organization\"},\"potentialAction\":[{\"@type\":\"SearchAction\",\"target\":{\"@type\":\"EntryPoint\",\"urlTemplate\":\"https:\/\/www.polypoles.com\/es\/?s={search_term_string}\"},\"query-input\":{\"@type\":\"PropertyValueSpecification\",\"valueRequired\":true,\"valueName\":\"search_term_string\"}}],\"inLanguage\":\"es\"},{\"@type\":\"Organization\",\"@id\":\"https:\/\/www.polypoles.com\/es\/#organization\",\"name\":\"Polypoles\",\"url\":\"https:\/\/www.polypoles.com\/es\/\",\"logo\":{\"@type\":\"ImageObject\",\"inLanguage\":\"es\",\"@id\":\"https:\/\/www.polypoles.com\/es\/#\/schema\/logo\/image\/\",\"url\":\"https:\/\/www.polypoles.com\/wp-content\/uploads\/2024\/06\/base-25-cm-300-DPI-scaled.jpg\",\"contentUrl\":\"https:\/\/www.polypoles.com\/wp-content\/uploads\/2024\/06\/base-25-cm-300-DPI-scaled.jpg\",\"width\":2560,\"height\":497,\"caption\":\"Polypoles\"},\"image\":{\"@id\":\"https:\/\/www.polypoles.com\/es\/#\/schema\/logo\/image\/\"}}]}<\/script>\n<!-- \/ Yoast SEO plugin. -->","yoast_head_json":{"title":"Calefacci\u00f3n colectiva de biomasa | Presupuesto gratuito","description":"Instalaci\u00f3n de calefacci\u00f3n de biomasa en una comunidad | Polypoles, el profesional de la calefacci\u00f3n de le\u00f1a o pellets.","robots":{"index":"index","follow":"follow","max-snippet":"max-snippet:-1","max-image-preview":"max-image-preview:large","max-video-preview":"max-video-preview:-1"},"canonical":"https:\/\/www.polypoles.com\/es\/noticias\/nuestros-logros\/calefaccion-colectiva-de-biomasa\/","og_locale":"es_ES","og_type":"article","og_title":"Calefacci\u00f3n colectiva de biomasa | Presupuesto gratuito","og_description":"Instalaci\u00f3n de calefacci\u00f3n de biomasa en una comunidad | Polypoles, el profesional de la calefacci\u00f3n de le\u00f1a o pellets.","og_url":"https:\/\/www.polypoles.com\/es\/noticias\/nuestros-logros\/calefaccion-colectiva-de-biomasa\/","og_site_name":"Polypoles","article_modified_time":"2025-05-12T14:25:17+00:00","og_image":[{"width":1920,"height":2560,"url":"https:\/\/www.polypoles.com\/wp-content\/uploads\/2023\/07\/IMG_20230609_103754-HDR-scaled.jpg","type":"image\/jpeg"}],"twitter_card":"summary_large_image","twitter_misc":{"Tiempo de lectura":"6 minutos"},"schema":{"@context":"https:\/\/schema.org","@graph":[{"@type":"WebPage","@id":"https:\/\/www.polypoles.com\/es\/noticias\/nuestros-logros\/calefaccion-colectiva-de-biomasa\/","url":"https:\/\/www.polypoles.com\/es\/noticias\/nuestros-logros\/calefaccion-colectiva-de-biomasa\/","name":"Calefacci\u00f3n colectiva de biomasa | Presupuesto gratuito","isPartOf":{"@id":"https:\/\/www.polypoles.com\/es\/#website"},"primaryImageOfPage":{"@id":"https:\/\/www.polypoles.com\/es\/noticias\/nuestros-logros\/calefaccion-colectiva-de-biomasa\/#primaryimage"},"image":{"@id":"https:\/\/www.polypoles.com\/es\/noticias\/nuestros-logros\/calefaccion-colectiva-de-biomasa\/#primaryimage"},"thumbnailUrl":"https:\/\/www.polypoles.com\/wp-content\/uploads\/2023\/07\/IMG_20230609_103754-HDR-scaled.jpg","datePublished":"2023-07-12T14:08:56+00:00","dateModified":"2025-05-12T14:25:17+00:00","description":"Instalaci\u00f3n de calefacci\u00f3n de biomasa en una comunidad | Polypoles, el profesional de la calefacci\u00f3n de le\u00f1a o pellets.","breadcrumb":{"@id":"https:\/\/www.polypoles.com\/es\/noticias\/nuestros-logros\/calefaccion-colectiva-de-biomasa\/#breadcrumb"},"inLanguage":"es","potentialAction":[{"@type":"ReadAction","target":["https:\/\/www.polypoles.com\/es\/noticias\/nuestros-logros\/calefaccion-colectiva-de-biomasa\/"]}]},{"@type":"ImageObject","inLanguage":"es","@id":"https:\/\/www.polypoles.com\/es\/noticias\/nuestros-logros\/calefaccion-colectiva-de-biomasa\/#primaryimage","url":"https:\/\/www.polypoles.com\/wp-content\/uploads\/2023\/07\/IMG_20230609_103754-HDR-scaled.jpg","contentUrl":"https:\/\/www.polypoles.com\/wp-content\/uploads\/2023\/07\/IMG_20230609_103754-HDR-scaled.jpg","width":1920,"height":2560},{"@type":"BreadcrumbList","@id":"https:\/\/www.polypoles.com\/es\/noticias\/nuestros-logros\/calefaccion-colectiva-de-biomasa\/#breadcrumb","itemListElement":[{"@type":"ListItem","position":1,"name":"Home","item":"https:\/\/www.polypoles.com\/es\/"},{"@type":"ListItem","position":2,"name":"Noticias","item":"https:\/\/www.polypoles.com\/es\/noticias\/"},{"@type":"ListItem","position":3,"name":"Nuestros logros","item":"https:\/\/www.polypoles.com\/es\/noticias\/nuestros-logros\/"},{"@type":"ListItem","position":4,"name":"Calefacci\u00f3n colectiva de biomasa"}]},{"@type":"WebSite","@id":"https:\/\/www.polypoles.com\/es\/#website","url":"https:\/\/www.polypoles.com\/es\/","name":"Polypoles","description":"Votre partenaire chaud-froid","publisher":{"@id":"https:\/\/www.polypoles.com\/es\/#organization"},"potentialAction":[{"@type":"SearchAction","target":{"@type":"EntryPoint","urlTemplate":"https:\/\/www.polypoles.com\/es\/?s={search_term_string}"},"query-input":{"@type":"PropertyValueSpecification","valueRequired":true,"valueName":"search_term_string"}}],"inLanguage":"es"},{"@type":"Organization","@id":"https:\/\/www.polypoles.com\/es\/#organization","name":"Polypoles","url":"https:\/\/www.polypoles.com\/es\/","logo":{"@type":"ImageObject","inLanguage":"es","@id":"https:\/\/www.polypoles.com\/es\/#\/schema\/logo\/image\/","url":"https:\/\/www.polypoles.com\/wp-content\/uploads\/2024\/06\/base-25-cm-300-DPI-scaled.jpg","contentUrl":"https:\/\/www.polypoles.com\/wp-content\/uploads\/2024\/06\/base-25-cm-300-DPI-scaled.jpg","width":2560,"height":497,"caption":"Polypoles"},"image":{"@id":"https:\/\/www.polypoles.com\/es\/#\/schema\/logo\/image\/"}}]}},"_links":{"self":[{"href":"https:\/\/www.polypoles.com\/es\/wp-json\/wp\/v2\/pages\/24519","targetHints":{"allow":["GET"]}}],"collection":[{"href":"https:\/\/www.polypoles.com\/es\/wp-json\/wp\/v2\/pages"}],"about":[{"href":"https:\/\/www.polypoles.com\/es\/wp-json\/wp\/v2\/types\/page"}],"author":[{"embeddable":true,"href":"https:\/\/www.polypoles.com\/es\/wp-json\/wp\/v2\/users\/3"}],"replies":[{"embeddable":true,"href":"https:\/\/www.polypoles.com\/es\/wp-json\/wp\/v2\/comments?post=24519"}],"version-history":[{"count":8,"href":"https:\/\/www.polypoles.com\/es\/wp-json\/wp\/v2\/pages\/24519\/revisions"}],"predecessor-version":[{"id":29550,"href":"https:\/\/www.polypoles.com\/es\/wp-json\/wp\/v2\/pages\/24519\/revisions\/29550"}],"up":[{"embeddable":true,"href":"https:\/\/www.polypoles.com\/es\/wp-json\/wp\/v2\/pages\/25139"}],"wp:featuredmedia":[{"embeddable":true,"href":"https:\/\/www.polypoles.com\/es\/wp-json\/wp\/v2\/media\/18791"}],"wp:attachment":[{"href":"https:\/\/www.polypoles.com\/es\/wp-json\/wp\/v2\/media?parent=24519"}],"wp:term":[{"taxonomy":"post_tag","embeddable":true,"href":"https:\/\/www.polypoles.com\/es\/wp-json\/wp\/v2\/tags?post=24519"}],"curies":[{"name":"wp","href":"https:\/\/api.w.org\/{rel}","templated":true}]}}