{"id":24518,"date":"2024-03-07T17:45:00","date_gmt":"2024-03-07T16:45:00","guid":{"rendered":"https:\/\/www.polypoles.com\/alquiler-de-aire-acondicionado-para-eventos\/"},"modified":"2025-03-12T12:22:23","modified_gmt":"2025-03-12T11:22:23","slug":"alquiler-de-aire-acondicionado-para-eventos","status":"publish","type":"page","link":"https:\/\/www.polypoles.com\/es\/alquiler-de-aire-acondicionado-para-eventos\/","title":{"rendered":"Alquiler de aire acondicionado para eventos"},"content":{"rendered":"<div class=\"wpb-content-wrapper\"><p>[vc_row][vc_column][vc_column_text]<\/p>\n<h1 style=\"text-align: center;\">Alquiler de aire acondicionado para eventos<\/h1>\n<p>[\/vc_column_text][\/vc_column][\/vc_row][vc_row][vc_column width=\u00bb2\/3&#8243;][vc_column_text css=\u00bb\u00bb]<\/p>\n<h2>Alquiler de aire acondicionado para eventos<\/h2>\n<p>El aire acondicionado desempe\u00f1a un papel cada vez m\u00e1s importante en el \u00e9xito de los eventos veraniegos, especialmente con el calentamiento global. Alquilar aparatos de aire acondicionado para su instalaci\u00f3n temporal garantiza la comodidad de los participantes. Estos <strong>equipos m\u00f3viles<\/strong> ofrecen una soluci\u00f3n pr\u00e1ctica para controlar la temperatura en distintos espacios (carpas, tiendas de campa\u00f1a, estructuras, hangares, ferias, bodas).  <\/p>\n<h2>Polyoles es pionera en el alquiler de equipos de aire acondicionado y calefacci\u00f3n desde hace 35 a\u00f1os.<\/h2>\n<p>Ya sea para recepciones, promociones de ventas, ferias, bodas, ferias o eventos deportivos, Polypoles se ha convertido en la referencia en alquiler de aire acondicionado y calefacci\u00f3n en toda Francia. Con 7 delegaciones, t\u00e9cnicos cualificados y una amplia gama de equipos de aire acondicionado y calefacci\u00f3n, Polypoles ofrece soluciones a medida a los precios m\u00e1s competitivos del mercado. <\/p>\n<h2>Una flota de alquiler constantemente actualizada con nuevas tecnolog\u00edas<\/h2>\n<p>Polypoles dispone de un parque de m\u00e1s de 5.000 unidades en toda Francia. Desde climatizadores monof\u00e1sicos de 3,5 kW hasta climatizadores monof\u00e1sicos trif\u00e1sicos de 42,5 kW.  Te garantizamos precios muy competitivos y una gama actualizada de climatizadores de \u00faltima generaci\u00f3n, algunos de los cuales responden a criterios est\u00e9ticos.<\/p>\n<p>Ofrecemos estudios y presupuestos gratuitos para todos los proyectos de organizaci\u00f3n de eventos. Como socio de confianza, Polypoles dispone de un equipo t\u00e9cnico con una Oficina de Dise\u00f1o profesional. Las instalaciones a medida garantizan soluciones de climatizaci\u00f3n y aire acondicionado adaptadas a cada necesidad. Ya se trate de aire acondicionado, sistemas de ventilaci\u00f3n u otros equipos, Polypoles se compromete a ofrecer soluciones eficaces para garantizar el confort y el \u00e9xito de tu evento.[\/vc_column_text][vc_row_inner][vc_column_inner width=\u00bb1\/2&#8243;][vc_btn title=\u00bb0 810 020 851&#8243; color=\u00bbjuicy-pink\u00bb size=\u00bblg\u00bb align=\u00bbcenter\u00bb i_icon_fontawesome=\u00bbfa fa-phone\u00bb add_icon=\u00bbtrue\u00bb link=\u00bburl:tel%3A%2B33810020851|title:Llama%20a%20Polypoles|rel:nofollow|\u00bb el_class=\u00bbappel\u00bb][\/vc_column_inner][vc_column_inner width=\u00bb1\/2&#8243;][vc_btn title=\u00bbCita\u00bb color=\u00bbprimary\u00bb size=\u00bblg\u00bb i_icon_fontawesome=\u00bbfa fa-envelope-o\u00bb add_icon=\u00bbtrue\u00bb link=\u00bburl:https%3A%2F%2Fwww.polypoles.com%2Fes%2Fponte-en-contacto-con%2F|title:Ponte%20en%20contacto%20con%20nosotros|\u00bb el_class=\u00bbdevis\u00bb][\/vc_column_inner][\/vc_row_inner][vc_column_text css=\u00bb\u00bb][\/vc_column_text][vc_column_text]<\/p>\n<h2>  Miles de instalaciones temporales de climatizadores m\u00f3viles<\/h2>\n<p>Tenemos amplia experiencia en una gran variedad de sectores y configuraciones. Muy a menudo encontramos la mejor soluci\u00f3n con la tecnolog\u00eda adecuada para satisfacer tus necesidades.<\/p>\n<p>Si quieres climatizar edificios, almacenes, talleres, garajes, locales p\u00fablicos, ERP, servicios de aver\u00edas para instaladores, etc., no dudes en presentarnos tu proyecto y nos pondremos en contacto contigo lo antes posible.<\/p>\n<p>[\/vc_column_text][\/vc_column][vc_column width=\u00bb1\/3&#8243;][vc_gallery type=\u00bbimage_grid\u00bb images=\u00bb20426&#8243; img_size=\u00bb350&#8243; css=\u00bb\u00bb][vc_gallery type=\u00bbimage_grid\u00bb images=\u00bb20440&#8243; img_size=\u00bb350&#8243; css=\u00bb\u00bb][vc_gallery type=\u00bbimage_grid\u00bb images=\u00bb20438&#8243; img_size=\u00bb350&#8243; css=\u00bb\u00bb][\/vc_column][\/vc_row][vc_row][vc_column][vc_column_text]<\/p>\n<h2>Cat\u00e1logo de alquiler de aire acondicionado<\/h2>\n<p>[\/vc_column_text][dhvc_woo_product_page_product_categories columns=\u00bb5&#8243; orderby=\u00bb\u00bb order=\u00bb\u00bb hide_empty=\u00bb1&#8243; el_class=\u00bb\u00bb ids=\u00bb88,30,28,133&#8243; number=\u00bb\u00bb parent=\u00bb\u00bb][\/vc_column][\/vc_row][vc_row][vc_column][vc_separator][vc_column_text]<\/p>\n<h2>\u00bfQuieres contratar un climatizador?<\/h2>\n<p>Ponte en contacto con nosotros por tel\u00e9fono o rellena el siguiente formulario.[\/vc_column_text][\/vc_column][\/vc_row][vc_row][vc_column width=\u00bb1\/6&#8243;][vc_single_image image=\u00bb27027&#8243; style=\u00bbvc_box_border_circle_2&#8243; css=\u00bb\u00bb][\/vc_column][vc_column width=\u00bb5\/6&#8243;][vc_column_text css=\u00bb\u00bb]<span class=\"TextRun SCXW52318390 BCX8\" lang=\"FR-FR\" data-contrast=\"auto\"><span class=\"NormalTextRun SCXW52318390 BCX8\">Para tus proyectos de climatizaci\u00f3n de eventos, tus necesidades de emergencia o tus requisitos espec\u00edficos, <\/span><\/span><span class=\"TextRun SCXW52318390 BCX8\" lang=\"FR-FR\" data-contrast=\"auto\"><span class=\"NormalTextRun SCXW52318390 BCX8\">Polypoles es tu socio de confianza<\/span><\/span><span class=\"TextRun SCXW52318390 BCX8\" lang=\"FR-FR\" data-contrast=\"auto\"><span class=\"NormalTextRun SCXW52318390 BCX8\">. <\/span><\/span><span class=\"TextRun SCXW52318390 BCX8\" lang=\"FR-FR\" data-contrast=\"auto\"><span class=\"NormalTextRun SCXW52318390 BCX8\">Ponte en contacto con nosotros<\/span><\/span><span class=\"TextRun SCXW52318390 BCX8\" lang=\"FR-FR\" data-contrast=\"auto\"><span class=\"NormalTextRun SCXW52318390 BCX8\"> hoy mismo para obtener m\u00e1s informaci\u00f3n sobre nuestras soluciones de alquiler de aire acondicionado para eventos.<\/span><\/span>[\/vc_column_text][vc_btn title=\u00bb0810 020 851&#8243; color=\u00bbjuicy-pink\u00bb size=\u00bblg\u00bb i_icon_fontawesome=\u00bbfa fa-phone\u00bb add_icon=\u00bbtrue\u00bb link=\u00bburl:tel%3A%2B33810020851|target:%20_blank|\u00bb el_class=\u00bbappel\u00bb][\/vc_column][\/vc_row][vc_row][vc_column]\n<div class=\"wpcf7 no-js\" id=\"wpcf7-f24308-o1\" lang=\"es-ES\" dir=\"ltr\" data-wpcf7-id=\"24308\">\n<div class=\"screen-reader-response\"><p role=\"status\" aria-live=\"polite\" aria-atomic=\"true\"><\/p> <ul><\/ul><\/div>\n<form action=\"\/es\/wp-json\/wp\/v2\/pages\/24518#wpcf7-f24308-o1\" method=\"post\" class=\"wpcf7-form init\" aria-label=\"Formulario de contacto\" novalidate=\"novalidate\" data-status=\"init\">\n<div style=\"display: none;\">\n<input type=\"hidden\" name=\"_wpcf7\" value=\"24308\" \/>\n<input type=\"hidden\" name=\"_wpcf7_version\" value=\"6.0.6\" \/>\n<input type=\"hidden\" name=\"_wpcf7_locale\" value=\"es_ES\" \/>\n<input type=\"hidden\" name=\"_wpcf7_unit_tag\" value=\"wpcf7-f24308-o1\" \/>\n<input type=\"hidden\" name=\"_wpcf7_container_post\" value=\"0\" \/>\n<input type=\"hidden\" name=\"_wpcf7_posted_data_hash\" value=\"\" \/>\n<input type=\"hidden\" name=\"_wpcf7_recaptcha_response\" value=\"\" \/>\n<\/div>\n<p><i>Todos los campos son obligatorios.<\/i>\n<\/p>\n<div class=\"row\">\n\t<div class=\"col-sm-4\">\n\t\t<p><label> Tu nombre<br \/>\n<span class=\"wpcf7-form-control-wrap\" data-name=\"Votrenom\"><input size=\"40\" maxlength=\"400\" class=\"wpcf7-form-control wpcf7-text wpcf7-validates-as-required\" aria-required=\"true\" aria-invalid=\"false\" value=\"\" type=\"text\" name=\"Votrenom\" \/><\/span><\/label>\n\t\t<\/p>\n\t<\/div>\n\t<div class=\"col-sm-4\">\n\t\t<p><label> Tu empresa<br \/>\n<span class=\"wpcf7-form-control-wrap\" data-name=\"societe\"><input size=\"40\" maxlength=\"400\" class=\"wpcf7-form-control wpcf7-text wpcf7-validates-as-required\" aria-required=\"true\" aria-invalid=\"false\" value=\"\" type=\"text\" name=\"societe\" \/><\/span> <\/label>\n\t\t<\/p>\n\t<\/div>\n\t<div class=\"col-sm-4\">\n\t\t<p><label> Tu e-mail<br \/>\n<span class=\"wpcf7-form-control-wrap\" data-name=\"your-email\"><input size=\"40\" maxlength=\"400\" class=\"wpcf7-form-control wpcf7-email wpcf7-validates-as-required wpcf7-text wpcf7-validates-as-email\" aria-required=\"true\" aria-invalid=\"false\" value=\"\" type=\"email\" name=\"your-email\" \/><\/span> <\/label>\n\t\t<\/p>\n\t<\/div>\n\t<div class=\"col-sm-4\">\n\t\t<p><label> Tu n\u00famero de tel\u00e9fono<br \/>\n<span class=\"wpcf7-form-control-wrap\" data-name=\"phone\"><input size=\"40\" maxlength=\"400\" class=\"wpcf7-form-control wpcf7-tel wpcf7-validates-as-required wpcf7-text wpcf7-validates-as-tel\" aria-required=\"true\" aria-invalid=\"false\" value=\"\" type=\"tel\" name=\"phone\" \/><\/span> <\/label>\n\t\t<\/p>\n\t<\/div>\n\t<div class=\"col-sm-4\">\n\t\t<p><label><br \/>\n<span class=\"wpcf7-form-control-wrap\" data-name=\"typologie\"><select class=\"wpcf7-form-control wpcf7-select wpcf7-validates-as-required\" aria-required=\"true\" aria-invalid=\"false\" name=\"typologie\"><option value=\"Tu solicitud se refiere a la venta en alquiler de otros\">Tu solicitud se refiere a la venta en alquiler de otros<\/option><\/select><\/span> <\/label>\n\t\t<\/p>\n\t<\/div>\n\t<div class=\"col-sm-4\">\n\t\t<p><label> Tu departamento<br \/>\n<span class=\"wpcf7-form-control-wrap\" data-name=\"departement\"><input size=\"40\" maxlength=\"400\" class=\"wpcf7-form-control wpcf7-text wpcf7-validates-as-required\" aria-required=\"true\" aria-invalid=\"false\" value=\"\" type=\"text\" name=\"departement\" \/><\/span> <\/label>\n\t\t<\/p>\n\t<\/div>\n\t<div class=\"col-sm-12\">\n\t\t<p><label> Tu mensaje<br \/>\n<span class=\"wpcf7-form-control-wrap\" data-name=\"your-message\"><textarea cols=\"40\" rows=\"10\" maxlength=\"2000\" class=\"wpcf7-form-control wpcf7-textarea wpcf7-validates-as-required\" aria-required=\"true\" aria-invalid=\"false\" name=\"your-message\"><\/textarea><\/span> <\/label>\n\t\t<\/p>\n\t<\/div>\n\t<p><span class=\"wpcf7-form-control-wrap\" data-name=\"RGPD\"><span class=\"wpcf7-form-control wpcf7-checkbox wpcf7-validates-as-required\"><span class=\"wpcf7-list-item first last\"><label><input type=\"checkbox\" name=\"RGPD[]\" value=\"Acepto que los datos introducidos en este formulario sean utilizados por Polypoles para tramitar mi solicitud.\" \/><span class=\"wpcf7-list-item-label\">Acepto que los datos introducidos en este formulario sean utilizados por Polypoles para tramitar mi solicitud.<\/span><\/label><\/span><\/span><\/span>\n\t<\/p>\n\t<div class=\"form-button col-sm-12\">\n\t\t<div class=\"form-button col-sm-12\">\n\t\t\t<p class=\"submit-btn\"><input class=\"wpcf7-form-control wpcf7-submit has-spinner\" type=\"submit\" value=\"Confirma\" \/><i class=\"fa flaticon-right-arrow\"><\/i>\n\t\t\t<\/p>\n\t\t<\/div>\n\t<\/div>\n<\/div><input type='hidden' class='wpcf7-pum' value='{\"closepopup\":false,\"closedelay\":0,\"openpopup\":false,\"openpopup_id\":0}' \/><div class=\"wpcf7-response-output\" aria-hidden=\"true\"><\/div>\n<\/form>\n<\/div>\n[\/vc_column][\/vc_row]<\/p>\n<\/div>","protected":false},"excerpt":{"rendered":"<p>[vc_row][vc_column][vc_column_text] Alquiler de aire acondicionado para eventos [\/vc_column_text][\/vc_column][\/vc_row][vc_row][vc_column width=\u00bb2\/3&#8243;][vc_column_text css=\u00bb\u00bb] Alquiler de aire acondicionado para eventos El aire acondicionado desempe\u00f1a un papel cada vez m\u00e1s importante en el \u00e9xito de los eventos veraniegos, especialmente con el calentamiento global. Alquilar aparatos de aire acondicionado para su instalaci\u00f3n temporal garantiza la comodidad de los participantes. Estos equipos&#8230;<\/p>\n","protected":false},"author":3,"featured_media":20446,"parent":0,"menu_order":0,"comment_status":"closed","ping_status":"closed","template":"","meta":{"_acf_changed":false,"footnotes":""},"tags":[],"class_list":["post-24518","page","type-page","status-publish","has-post-thumbnail","hentry"],"acf":[],"yoast_head":"<!-- This site is optimized with the Yoast SEO plugin v24.9 - https:\/\/yoast.com\/wordpress\/plugins\/seo\/ -->\n<title>Alquiler de aparatos de aire acondicionado para eventos | Polypoles tel 0 810 020 851<\/title>\n<meta name=\"description\" content=\"Alquiler de climatizadores para eventos : amplia gama de climatizadores | Entrega - Instalaci\u00f3n y Servicios | Presupuesto gratuito - \u00a1Cont\u00e1ctanos!\" \/>\n<meta name=\"robots\" content=\"index, follow, max-snippet:-1, max-image-preview:large, max-video-preview:-1\" \/>\n<link rel=\"canonical\" href=\"https:\/\/www.polypoles.com\/es\/alquiler-de-aire-acondicionado-para-eventos\/\" \/>\n<meta property=\"og:locale\" content=\"es_ES\" \/>\n<meta property=\"og:type\" content=\"article\" \/>\n<meta property=\"og:title\" content=\"Alquiler de aparatos de aire acondicionado para eventos | Polypoles tel 0 810 020 851\" \/>\n<meta property=\"og:description\" content=\"Alquiler de climatizadores para eventos : amplia gama de climatizadores | Entrega - Instalaci\u00f3n y Servicios | Presupuesto gratuito - \u00a1Cont\u00e1ctanos!\" \/>\n<meta property=\"og:url\" content=\"https:\/\/www.polypoles.com\/es\/alquiler-de-aire-acondicionado-para-eventos\/\" \/>\n<meta property=\"og:site_name\" content=\"Polypoles\" \/>\n<meta property=\"article:modified_time\" content=\"2025-03-12T11:22:23+00:00\" \/>\n<meta property=\"og:image\" content=\"https:\/\/www.polypoles.com\/wp-content\/uploads\/2024\/03\/IMG_20220616_135900-scaled.jpg\" \/>\n\t<meta property=\"og:image:width\" content=\"2560\" \/>\n\t<meta property=\"og:image:height\" content=\"1920\" \/>\n\t<meta property=\"og:image:type\" content=\"image\/jpeg\" \/>\n<meta name=\"twitter:card\" content=\"summary_large_image\" \/>\n<meta name=\"twitter:label1\" content=\"Tiempo de lectura\" \/>\n\t<meta name=\"twitter:data1\" content=\"4 minutos\" \/>\n<script type=\"application\/ld+json\" class=\"yoast-schema-graph\">{\"@context\":\"https:\/\/schema.org\",\"@graph\":[{\"@type\":\"WebPage\",\"@id\":\"https:\/\/www.polypoles.com\/es\/alquiler-de-aire-acondicionado-para-eventos\/\",\"url\":\"https:\/\/www.polypoles.com\/es\/alquiler-de-aire-acondicionado-para-eventos\/\",\"name\":\"Alquiler de aparatos de aire acondicionado para eventos | Polypoles tel 0 810 020 851\",\"isPartOf\":{\"@id\":\"https:\/\/www.polypoles.com\/es\/#website\"},\"primaryImageOfPage\":{\"@id\":\"https:\/\/www.polypoles.com\/es\/alquiler-de-aire-acondicionado-para-eventos\/#primaryimage\"},\"image\":{\"@id\":\"https:\/\/www.polypoles.com\/es\/alquiler-de-aire-acondicionado-para-eventos\/#primaryimage\"},\"thumbnailUrl\":\"https:\/\/www.polypoles.com\/wp-content\/uploads\/2024\/03\/IMG_20220616_135900-scaled.jpg\",\"datePublished\":\"2024-03-07T16:45:00+00:00\",\"dateModified\":\"2025-03-12T11:22:23+00:00\",\"description\":\"Alquiler de climatizadores para eventos : amplia gama de climatizadores | Entrega - Instalaci\u00f3n y Servicios | Presupuesto gratuito - \u00a1Cont\u00e1ctanos!\",\"breadcrumb\":{\"@id\":\"https:\/\/www.polypoles.com\/es\/alquiler-de-aire-acondicionado-para-eventos\/#breadcrumb\"},\"inLanguage\":\"es\",\"potentialAction\":[{\"@type\":\"ReadAction\",\"target\":[\"https:\/\/www.polypoles.com\/es\/alquiler-de-aire-acondicionado-para-eventos\/\"]}]},{\"@type\":\"ImageObject\",\"inLanguage\":\"es\",\"@id\":\"https:\/\/www.polypoles.com\/es\/alquiler-de-aire-acondicionado-para-eventos\/#primaryimage\",\"url\":\"https:\/\/www.polypoles.com\/wp-content\/uploads\/2024\/03\/IMG_20220616_135900-scaled.jpg\",\"contentUrl\":\"https:\/\/www.polypoles.com\/wp-content\/uploads\/2024\/03\/IMG_20220616_135900-scaled.jpg\",\"width\":2560,\"height\":1920,\"caption\":\"location climatiseur \u00e9v\u00e8nementiel\"},{\"@type\":\"BreadcrumbList\",\"@id\":\"https:\/\/www.polypoles.com\/es\/alquiler-de-aire-acondicionado-para-eventos\/#breadcrumb\",\"itemListElement\":[{\"@type\":\"ListItem\",\"position\":1,\"name\":\"Home\",\"item\":\"https:\/\/www.polypoles.com\/es\/\"},{\"@type\":\"ListItem\",\"position\":2,\"name\":\"Alquiler de aire acondicionado para eventos\"}]},{\"@type\":\"WebSite\",\"@id\":\"https:\/\/www.polypoles.com\/es\/#website\",\"url\":\"https:\/\/www.polypoles.com\/es\/\",\"name\":\"Polypoles\",\"description\":\"Votre partenaire chaud-froid\",\"publisher\":{\"@id\":\"https:\/\/www.polypoles.com\/es\/#organization\"},\"potentialAction\":[{\"@type\":\"SearchAction\",\"target\":{\"@type\":\"EntryPoint\",\"urlTemplate\":\"https:\/\/www.polypoles.com\/es\/?s={search_term_string}\"},\"query-input\":{\"@type\":\"PropertyValueSpecification\",\"valueRequired\":true,\"valueName\":\"search_term_string\"}}],\"inLanguage\":\"es\"},{\"@type\":\"Organization\",\"@id\":\"https:\/\/www.polypoles.com\/es\/#organization\",\"name\":\"Polypoles\",\"url\":\"https:\/\/www.polypoles.com\/es\/\",\"logo\":{\"@type\":\"ImageObject\",\"inLanguage\":\"es\",\"@id\":\"https:\/\/www.polypoles.com\/es\/#\/schema\/logo\/image\/\",\"url\":\"https:\/\/www.polypoles.com\/wp-content\/uploads\/2024\/06\/base-25-cm-300-DPI-scaled.jpg\",\"contentUrl\":\"https:\/\/www.polypoles.com\/wp-content\/uploads\/2024\/06\/base-25-cm-300-DPI-scaled.jpg\",\"width\":2560,\"height\":497,\"caption\":\"Polypoles\"},\"image\":{\"@id\":\"https:\/\/www.polypoles.com\/es\/#\/schema\/logo\/image\/\"}}]}<\/script>\n<!-- \/ Yoast SEO plugin. -->","yoast_head_json":{"title":"Alquiler de aparatos de aire acondicionado para eventos | Polypoles tel 0 810 020 851","description":"Alquiler de climatizadores para eventos : amplia gama de climatizadores | Entrega - Instalaci\u00f3n y Servicios | Presupuesto gratuito - \u00a1Cont\u00e1ctanos!","robots":{"index":"index","follow":"follow","max-snippet":"max-snippet:-1","max-image-preview":"max-image-preview:large","max-video-preview":"max-video-preview:-1"},"canonical":"https:\/\/www.polypoles.com\/es\/alquiler-de-aire-acondicionado-para-eventos\/","og_locale":"es_ES","og_type":"article","og_title":"Alquiler de aparatos de aire acondicionado para eventos | Polypoles tel 0 810 020 851","og_description":"Alquiler de climatizadores para eventos : amplia gama de climatizadores | Entrega - Instalaci\u00f3n y Servicios | Presupuesto gratuito - \u00a1Cont\u00e1ctanos!","og_url":"https:\/\/www.polypoles.com\/es\/alquiler-de-aire-acondicionado-para-eventos\/","og_site_name":"Polypoles","article_modified_time":"2025-03-12T11:22:23+00:00","og_image":[{"width":2560,"height":1920,"url":"https:\/\/www.polypoles.com\/wp-content\/uploads\/2024\/03\/IMG_20220616_135900-scaled.jpg","type":"image\/jpeg"}],"twitter_card":"summary_large_image","twitter_misc":{"Tiempo de lectura":"4 minutos"},"schema":{"@context":"https:\/\/schema.org","@graph":[{"@type":"WebPage","@id":"https:\/\/www.polypoles.com\/es\/alquiler-de-aire-acondicionado-para-eventos\/","url":"https:\/\/www.polypoles.com\/es\/alquiler-de-aire-acondicionado-para-eventos\/","name":"Alquiler de aparatos de aire acondicionado para eventos | Polypoles tel 0 810 020 851","isPartOf":{"@id":"https:\/\/www.polypoles.com\/es\/#website"},"primaryImageOfPage":{"@id":"https:\/\/www.polypoles.com\/es\/alquiler-de-aire-acondicionado-para-eventos\/#primaryimage"},"image":{"@id":"https:\/\/www.polypoles.com\/es\/alquiler-de-aire-acondicionado-para-eventos\/#primaryimage"},"thumbnailUrl":"https:\/\/www.polypoles.com\/wp-content\/uploads\/2024\/03\/IMG_20220616_135900-scaled.jpg","datePublished":"2024-03-07T16:45:00+00:00","dateModified":"2025-03-12T11:22:23+00:00","description":"Alquiler de climatizadores para eventos : amplia gama de climatizadores | Entrega - Instalaci\u00f3n y Servicios | Presupuesto gratuito - \u00a1Cont\u00e1ctanos!","breadcrumb":{"@id":"https:\/\/www.polypoles.com\/es\/alquiler-de-aire-acondicionado-para-eventos\/#breadcrumb"},"inLanguage":"es","potentialAction":[{"@type":"ReadAction","target":["https:\/\/www.polypoles.com\/es\/alquiler-de-aire-acondicionado-para-eventos\/"]}]},{"@type":"ImageObject","inLanguage":"es","@id":"https:\/\/www.polypoles.com\/es\/alquiler-de-aire-acondicionado-para-eventos\/#primaryimage","url":"https:\/\/www.polypoles.com\/wp-content\/uploads\/2024\/03\/IMG_20220616_135900-scaled.jpg","contentUrl":"https:\/\/www.polypoles.com\/wp-content\/uploads\/2024\/03\/IMG_20220616_135900-scaled.jpg","width":2560,"height":1920,"caption":"location climatiseur \u00e9v\u00e8nementiel"},{"@type":"BreadcrumbList","@id":"https:\/\/www.polypoles.com\/es\/alquiler-de-aire-acondicionado-para-eventos\/#breadcrumb","itemListElement":[{"@type":"ListItem","position":1,"name":"Home","item":"https:\/\/www.polypoles.com\/es\/"},{"@type":"ListItem","position":2,"name":"Alquiler de aire acondicionado para eventos"}]},{"@type":"WebSite","@id":"https:\/\/www.polypoles.com\/es\/#website","url":"https:\/\/www.polypoles.com\/es\/","name":"Polypoles","description":"Votre partenaire chaud-froid","publisher":{"@id":"https:\/\/www.polypoles.com\/es\/#organization"},"potentialAction":[{"@type":"SearchAction","target":{"@type":"EntryPoint","urlTemplate":"https:\/\/www.polypoles.com\/es\/?s={search_term_string}"},"query-input":{"@type":"PropertyValueSpecification","valueRequired":true,"valueName":"search_term_string"}}],"inLanguage":"es"},{"@type":"Organization","@id":"https:\/\/www.polypoles.com\/es\/#organization","name":"Polypoles","url":"https:\/\/www.polypoles.com\/es\/","logo":{"@type":"ImageObject","inLanguage":"es","@id":"https:\/\/www.polypoles.com\/es\/#\/schema\/logo\/image\/","url":"https:\/\/www.polypoles.com\/wp-content\/uploads\/2024\/06\/base-25-cm-300-DPI-scaled.jpg","contentUrl":"https:\/\/www.polypoles.com\/wp-content\/uploads\/2024\/06\/base-25-cm-300-DPI-scaled.jpg","width":2560,"height":497,"caption":"Polypoles"},"image":{"@id":"https:\/\/www.polypoles.com\/es\/#\/schema\/logo\/image\/"}}]}},"_links":{"self":[{"href":"https:\/\/www.polypoles.com\/es\/wp-json\/wp\/v2\/pages\/24518","targetHints":{"allow":["GET"]}}],"collection":[{"href":"https:\/\/www.polypoles.com\/es\/wp-json\/wp\/v2\/pages"}],"about":[{"href":"https:\/\/www.polypoles.com\/es\/wp-json\/wp\/v2\/types\/page"}],"author":[{"embeddable":true,"href":"https:\/\/www.polypoles.com\/es\/wp-json\/wp\/v2\/users\/3"}],"replies":[{"embeddable":true,"href":"https:\/\/www.polypoles.com\/es\/wp-json\/wp\/v2\/comments?post=24518"}],"version-history":[{"count":9,"href":"https:\/\/www.polypoles.com\/es\/wp-json\/wp\/v2\/pages\/24518\/revisions"}],"predecessor-version":[{"id":28099,"href":"https:\/\/www.polypoles.com\/es\/wp-json\/wp\/v2\/pages\/24518\/revisions\/28099"}],"wp:featuredmedia":[{"embeddable":true,"href":"https:\/\/www.polypoles.com\/es\/wp-json\/wp\/v2\/media\/20446"}],"wp:attachment":[{"href":"https:\/\/www.polypoles.com\/es\/wp-json\/wp\/v2\/media?parent=24518"}],"wp:term":[{"taxonomy":"post_tag","embeddable":true,"href":"https:\/\/www.polypoles.com\/es\/wp-json\/wp\/v2\/tags?post=24518"}],"curies":[{"name":"wp","href":"https:\/\/api.w.org\/{rel}","templated":true}]}}