{"id":24493,"date":"2023-12-13T16:13:54","date_gmt":"2023-12-13T15:13:54","guid":{"rendered":"https:\/\/www.polypoles.com\/caldera-de-lena\/"},"modified":"2025-05-12T16:21:01","modified_gmt":"2025-05-12T14:21:01","slug":"caldera-de-lena","status":"publish","type":"page","link":"https:\/\/www.polypoles.com\/es\/noticias\/nuestros-logros\/caldera-de-lena\/","title":{"rendered":"Caldera de le\u00f1a"},"content":{"rendered":"<div class=\"wpb-content-wrapper\"><p>[vc_row][vc_column][vc_column_text]<\/p>\n<h1 style=\"text-align: center;\">Caldera de le\u00f1a<\/h1>\n<p>[\/vc_column_text][\/vc_column][\/vc_row][vc_row][vc_column width=\u00bb2\/3&#8243;][vc_column_text]Presentamos la instalaci\u00f3n de una <strong>sala de calderas<\/strong> de le\u00f1a <strong>en contenedor<\/strong> para una piscina temporal desmontable. La <strong>sala de cal<\/strong> deras est\u00e1 equipada con una caldera de pellets CS180 kW CLASE 5 y est\u00e1 hecha a medida. Polypoles ofrece <strong>soluciones energ\u00e9ticas sostenibles<\/strong> en contenedores, con instalaciones r\u00e1pidas de <strong>instalar<\/strong> y respetuosas con el medio ambiente, utilizando <strong>la biomasa<\/strong> como fuente de energ\u00eda renovable.  <\/p>\n<p>&nbsp;<\/p>\n<h2><strong>Caldera de le\u00f1a: Alta potencia energ\u00e9tica de hasta 500 kW<\/strong><\/h2>\n<p>La instalaci\u00f3n de <strong>calderas<\/strong> de agua o generadores de aire caliente en <strong>contenedores<\/strong> mar\u00edtimos de 20 pies marca un importante punto de inflexi\u00f3n en el uso de <strong>la biomasa<\/strong> como fuente de energ\u00eda. Estas estructuras flexibles utilizan combustibles <strong>renovables<\/strong> como pellets de madera, huesos de aceituna y astillas forestales, con potencias de hasta 500 kW. La instalaci\u00f3n de un <strong>sistema de calefacci\u00f3n de le\u00f1a<\/strong> la hacen a medida los t\u00e9cnicos de Polypoles. Validada por varios organismos de inspecci\u00f3n.   <\/p>\n<p>&nbsp;<\/p>\n<h2><strong>\u00bfCu\u00e1les son las ventajas de un sistema de calefacci\u00f3n de le\u00f1a?  <\/strong><\/h2>\n<p>Un sistema de calefacci\u00f3n de le\u00f1a en contenedor tiene muchas ventajas:<\/p>\n<ul>\n<li><strong>Disponible para alquiler:<\/strong> Ideal para la industria, autoridades locales, hoteles, etc.<\/li>\n<li><strong>A medida <\/strong><strong>:<\/strong> Recipiente hecho a medida seg\u00fan tus preferencias.<\/li>\n<li><strong>Premontaje en f\u00e1brica:<\/strong> Instalaci\u00f3n r\u00e1pida y eficaz, minimizando las molestias en la obra al renovar o ampliar los sistemas de calefacci\u00f3n por biomasa.<\/li>\n<li><strong>Silo multicombustible:<\/strong> Flexibilidad con el uso de diferentes combustibles renovables para optimizar el consumo de energ\u00eda.<\/li>\n<li><strong>No se necesita permiso de obras:<\/strong> evita los tr\u00e1mites burocr\u00e1ticos que conlleva la construcci\u00f3n de instalaciones de calefacci\u00f3n y calderas respetuosas con el medio ambiente.<\/li>\n<li><strong>Adaptabilidad y movilidad: una<\/strong> soluci\u00f3n flexible que puede ajustarse a las necesidades cambiantes de los clientes.<\/li>\n<li><strong>Chimenea <\/strong><strong>integrada en el contenedor: <\/strong>Totalmente integrada, minimizando el impacto visual.<\/li>\n<li><strong>Ahorro de espacio:<\/strong> optimizaci\u00f3n del espacio, ideal para zonas restringidas al desarrollar sistemas de calefacci\u00f3n por biomasa.<\/li>\n<li><strong>Reducci\u00f3n de las limitaciones t\u00e9cnicas: <\/strong>simplificaci\u00f3n de los procedimientos de instalaci\u00f3n y mantenimiento, para garantizar el buen funcionamiento de las calderas de biomasa.<\/li>\n<li><strong>Reducci\u00f3n de las emisiones de gases: <\/strong>Contribuye a la reducci\u00f3n o incluso a la eliminaci\u00f3n de las emisiones de gases de efecto invernadero, participando as\u00ed activamente en la lucha contra el cambio clim\u00e1tico.<\/li>\n<\/ul>\n<p>Todos los <strong>sistemas de calefacci\u00f3n de le\u00f1a en contenedor<\/strong> se montan completamente en Francia y son instalados por nuestros t\u00e9cnicos. Se proporciona formaci\u00f3n a los usuarios. <\/p>\n<p>&nbsp;<\/p>\n<h2><strong>Satisfacer las necesidades energ\u00e9ticas con sistemas de calefacci\u00f3n de le\u00f1a  <\/strong><\/h2>\n<p>La versatilidad y practicidad de <strong>los sistemas de calefacci\u00f3n de le\u00f1a en contenedores<\/strong> los convierten en la soluci\u00f3n ideal para satisfacer las necesidades energ\u00e9ticas respetando el medio ambiente. Ya sea para la Piscine de Par\u00eds o para otros proyectos similares, esta <strong>innovaci\u00f3n<\/strong> allana el camino hacia un futuro energ\u00e9tico m\u00e1s sostenible y responsable, aprovechando los recursos de <strong>la biomasa<\/strong> para producir calor. <\/p>\n<p>Para saber m\u00e1s sobre estas soluciones innovadoras y c\u00f3mo pueden satisfacer tus necesidades energ\u00e9ticas, consulta nuestra p\u00e1gina sobre <a href=\"https:\/\/www.polypoles.com\/produit\/chaudiere-biomasse-industrielle-cs-et-csa\/\">calderas de biomasa<\/a>.[\/vc_column_text][\/vc_column][vc_column width=\u00bb1\/3&#8243;][vc_gallery interval=\u00bb3&#8243; images=\u00bb19711&#8243; img_size=\u00bb300&#8243;][vc_gallery interval=\u00bb3&#8243; images=\u00bb19712&#8243; img_size=\u00bb300&#8243;][vc_gallery interval=\u00bb3&#8243; images=\u00bb19713&#8243; img_size=\u00bb300&#8243;][\/vc_column][\/vc_row][vc_row][vc_column][vc_column_text]<\/p>\n<h2><strong>Recurre a polipolos para tus necesidades de calefacci\u00f3n para tus proyectos<\/strong><\/h2>\n<p>Polypoles te ofrece soluciones para comprar o alquilar equipos de calefacci\u00f3n.<\/p>\n<p>Cu\u00e9ntanos tus planes y nos aseguraremos de que sean lo mejor para todos. Ponte en contacto con nosotros para solicitar un presupuesto gratuito.[\/vc_column_text][vc_column_text]<\/p>\n<div class=\"wpb_column vc_column_container vc_col-sm-3\">\n<div class=\"vc_column-inner\">\n<div class=\"wpb_wrapper\">\n<div class=\"wpb_raw_code wpb_raw_html wpb_content_element\">\n<div class=\"wpb_wrapper\">\n<div class=\"vc_btn3-container  appel vc_btn3-center vc_do_btn\"><a class=\"vc_general vc_btn3 vc_btn3-size-lg vc_btn3-shape-rounded vc_btn3-style-modern vc_btn3-icon-left vc_btn3-color-success\" href=\"tel:+33810020851\" title=\"Appeler Polypoles\" rel=\"nofollow\"><i class=\"vc_btn3-icon fa fa-solid fa-phone\"><\/i> <b>Contactez-nous<\/b><br \/>\n0 810 020 851<\/a><\/div>\n<\/div>\n<\/div>\n<\/div>\n<\/div>\n<\/div>\n<div class=\"wpb_column vc_column_container vc_col-sm-3\">\n<div class=\"vc_column-inner\">\n<div class=\"wpb_wrapper\">\n<div class=\"vc_btn3-container devis wpb_animate_when_almost_visible wpb_fadeIn fadeIn vc_btn3-left wpb_start_animation animated\"><a class=\"vc_general vc_btn3 vc_btn3-size-lg vc_btn3-shape-rounded vc_btn3-style-modern vc_btn3-icon-left vc_btn3-color-primary\" title=\"\" href=\"https:\/\/www.polypoles.com\/es\/solicitud-de-devolucion-de-llamada\/\" rel=\"nofollow\"><i class=\"vc_btn3-icon fa fa-envelope-o\"><\/i>  Cita<\/a><\/div>\n<\/div>\n<\/div>\n<\/div>\n<p>[\/vc_column_text][vc_empty_space height=\u00bb100px\u00bb][vc_gallery type=\u00bbimage_grid\u00bb images=\u00bb19716,19714,19715,19717&#8243; img_size=\u00bb300&#215;300&#8243;][vc_toggle title=\u00bb\u00bfQu\u00e9 criterios debes tener en cuenta al elegir tu sistema de calefacci\u00f3n?\u00bb]Antes incluso de considerar el tipo de equipo, es esencial tener una idea precisa del <strong>volumen de<\/strong> aire que se va a calentar. Tu elecci\u00f3n depender\u00e1 en parte de este aspecto.  Tambi\u00e9n tienes que tener en cuenta la <strong>ubicaci\u00f3n<\/strong> y el nivel de aislamiento, as\u00ed como su configuraci\u00f3n.[\/vc_toggle][vc_toggle title=\u00bb\u00bfQu\u00e9 es la calefacci\u00f3n por biomasa?\u00bb]<strong>Los sistemas de calefacci\u00f3n por biomasa<\/strong> ofrecen una soluci\u00f3n <strong>energ\u00e9tica sostenible y respetuosa con el medio ambiente<\/strong>, con una serie de ventajas. En primer lugar, utilizan combustibles renovables como residuos de madera, astillas, pellets o residuos agr\u00edcolas, reduciendo nuestra dependencia de los combustibles f\u00f3siles y contribuyendo a la transici\u00f3n <strong>energ\u00e9tica<\/strong> hacia una econom\u00eda circular. Al utilizar fuentes locales <strong>de biomasa<\/strong> <strong>,<\/strong> tambi\u00e9n fomentan la autosuficiencia energ\u00e9tica regional y reducen las emisiones de gases de efecto invernadero.  <\/p>\n<p>Los sistemas de <strong>calefacci\u00f3n por biomasa<\/strong> tambi\u00e9n son <strong>rentables<\/strong>. Los combustibles utilizados <strong>suelen<\/strong> ser m\u00e1s baratos que los f\u00f3siles, lo que supone un ahorro a largo plazo. Adem\u00e1s <strong>,<\/strong> pueden beneficiarse de ayudas econ\u00f3micas e incentivos gubernamentales, lo que hace a\u00fan m\u00e1s atractiva su instalaci\u00f3n.  <\/p>\n<p>En t\u00e9rminos de rendimiento, <strong>los calentadores de biomasa son cada vez m\u00e1s eficientes<\/strong> y pueden adaptarse a las necesidades espec\u00edficas de los usuarios. Pueden producir calor para calentar edificios, producir agua caliente sanitaria o incluso alimentar procesos industriales. Adem\u00e1s, los sistemas de control avanzados permiten optimizar su funcionamiento y reducir su impacto en el medio ambiente.  <\/p>\n<p>Por \u00faltimo, los sistemas de calefacci\u00f3n <strong>por biomasa<\/strong> <strong>ayudan a reciclar los residuos y a desarrollar las industrias locales<\/strong>. Al utilizar materias primas renovables y fomentar la gesti\u00f3n sostenible de los recursos forestales y agr\u00edcolas, contribuyen a proteger el medio ambiente y a crear puestos de trabajo locales. <\/p>\n<p>En resumen, la calefacci\u00f3n por biomasa es una soluci\u00f3n <strong>energ\u00e9tica viable, respetuosa con el medio ambiente, econ\u00f3micamente ventajosa y socialmente responsable<\/strong>. Desempe\u00f1a un papel clave en la transici\u00f3n hacia un modelo energ\u00e9tico sostenible y ayuda a combatir el cambio clim\u00e1tico.<\/p>\n<p>[\/vc_toggle][vc_column_text]<\/p>\n<h3><strong>Aqu\u00ed tienes un art\u00edculo que detalla nuestros sistemas de calefacci\u00f3n colectiva por biomasa:<\/strong><\/h3>\n<p>[\/vc_column_text][vc_btn title=\u00bbCalefacci\u00f3n colectiva de biomasa\u00bb color=\u00bbprimary\u00bb size=\u00bblg\u00bb i_icon_fontawesome=\u00bbfa fa-link\u00bb add_icon=\u00bbtrue\u00bb link=\u00bburl:https%3A%2F%2Fwww.polypoles.com%2Fes%2Fnoticias%2Fnuestros-logros%2Fcalefaccion-colectiva-de-biomasa%2F|title:Calefacci%C3%B3n%20colectiva%20de%20biomasa|\u00bb][vc_column_text][\/vc_column_text][\/vc_column][\/vc_row][vc_row][vc_column][vc_empty_space][\/vc_column][\/vc_row][vc_row][vc_column][vc_empty_space][\/vc_column][\/vc_row][vc_row][vc_column][vc_btn title=\u00bbVer otros proyectos\u00bb align=\u00bbcenter\u00bb i_align=\u00bbright\u00bb i_icon_fontawesome=\u00bbfa fa-angle-double-right\u00bb add_icon=\u00bbtrue\u00bb link=\u00bburl:https%3A%2F%2Fwww.polypoles.com%2Fes%2Fnoticias%2Fnuestros-logros%2F|title:Nuestros%20logros|\u00bb][\/vc_column][\/vc_row][vc_row][vc_column][vc_column_inner][\/vc_column_inner][\/vc_column][\/vc_row][vc_row][vc_column][\/vc_column][\/vc_row][vc_row][vc_column][\/vc_column][\/vc_row]<\/p>\n<\/div>","protected":false},"excerpt":{"rendered":"<p>Estamos orgullosos de presentar la instalaci\u00f3n de un sistema de calefacci\u00f3n de le\u00f1a en contenedor para una piscina temporal desmontable.<\/p>\n","protected":false},"author":3,"featured_media":19646,"parent":25139,"menu_order":0,"comment_status":"closed","ping_status":"closed","template":"","meta":{"_acf_changed":false,"footnotes":""},"tags":[240],"class_list":["post-24493","page","type-page","status-publish","has-post-thumbnail","hentry","tag-calefaccion"],"acf":[],"yoast_head":"<!-- This site is optimized with the Yoast SEO plugin v24.9 - https:\/\/yoast.com\/wordpress\/plugins\/seo\/ -->\n<title>Caldera de le\u00f1a | Funcionamiento - Principio - Ventajas | Presupuesto gratuito<\/title>\n<meta name=\"description\" content=\"Instalaci\u00f3n de un sistema de calefacci\u00f3n de le\u00f1a en un ayuntamiento. Polypoles, el profesional de la calefacci\u00f3n de le\u00f1a o pellets.\" \/>\n<meta name=\"robots\" content=\"index, follow, max-snippet:-1, max-image-preview:large, max-video-preview:-1\" \/>\n<link rel=\"canonical\" href=\"https:\/\/www.polypoles.com\/es\/noticias\/nuestros-logros\/caldera-de-lena\/\" \/>\n<meta property=\"og:locale\" content=\"es_ES\" \/>\n<meta property=\"og:type\" content=\"article\" \/>\n<meta property=\"og:title\" content=\"Caldera de le\u00f1a | Funcionamiento - Principio - Ventajas | Presupuesto gratuito\" \/>\n<meta property=\"og:description\" content=\"Instalaci\u00f3n de un sistema de calefacci\u00f3n de le\u00f1a en un ayuntamiento. Polypoles, el profesional de la calefacci\u00f3n de le\u00f1a o pellets.\" \/>\n<meta property=\"og:url\" content=\"https:\/\/www.polypoles.com\/es\/noticias\/nuestros-logros\/caldera-de-lena\/\" \/>\n<meta property=\"og:site_name\" content=\"Polypoles\" \/>\n<meta property=\"article:modified_time\" content=\"2025-05-12T14:21:01+00:00\" \/>\n<meta property=\"og:image\" content=\"https:\/\/www.polypoles.com\/wp-content\/uploads\/2023\/12\/PHOTO-2023-11-14-13-14-07.jpg\" \/>\n\t<meta property=\"og:image:width\" content=\"640\" \/>\n\t<meta property=\"og:image:height\" content=\"480\" \/>\n\t<meta property=\"og:image:type\" content=\"image\/jpeg\" \/>\n<meta name=\"twitter:card\" content=\"summary_large_image\" \/>\n<meta name=\"twitter:label1\" content=\"Tiempo de lectura\" \/>\n\t<meta name=\"twitter:data1\" content=\"6 minutos\" \/>\n<script type=\"application\/ld+json\" class=\"yoast-schema-graph\">{\"@context\":\"https:\/\/schema.org\",\"@graph\":[{\"@type\":\"WebPage\",\"@id\":\"https:\/\/www.polypoles.com\/es\/noticias\/nuestros-logros\/caldera-de-lena\/\",\"url\":\"https:\/\/www.polypoles.com\/es\/noticias\/nuestros-logros\/caldera-de-lena\/\",\"name\":\"Caldera de le\u00f1a | Funcionamiento - Principio - Ventajas | Presupuesto gratuito\",\"isPartOf\":{\"@id\":\"https:\/\/www.polypoles.com\/es\/#website\"},\"primaryImageOfPage\":{\"@id\":\"https:\/\/www.polypoles.com\/es\/noticias\/nuestros-logros\/caldera-de-lena\/#primaryimage\"},\"image\":{\"@id\":\"https:\/\/www.polypoles.com\/es\/noticias\/nuestros-logros\/caldera-de-lena\/#primaryimage\"},\"thumbnailUrl\":\"https:\/\/www.polypoles.com\/wp-content\/uploads\/2023\/12\/PHOTO-2023-11-14-13-14-07.jpg\",\"datePublished\":\"2023-12-13T15:13:54+00:00\",\"dateModified\":\"2025-05-12T14:21:01+00:00\",\"description\":\"Instalaci\u00f3n de un sistema de calefacci\u00f3n de le\u00f1a en un ayuntamiento. Polypoles, el profesional de la calefacci\u00f3n de le\u00f1a o pellets.\",\"breadcrumb\":{\"@id\":\"https:\/\/www.polypoles.com\/es\/noticias\/nuestros-logros\/caldera-de-lena\/#breadcrumb\"},\"inLanguage\":\"es\",\"potentialAction\":[{\"@type\":\"ReadAction\",\"target\":[\"https:\/\/www.polypoles.com\/es\/noticias\/nuestros-logros\/caldera-de-lena\/\"]}]},{\"@type\":\"ImageObject\",\"inLanguage\":\"es\",\"@id\":\"https:\/\/www.polypoles.com\/es\/noticias\/nuestros-logros\/caldera-de-lena\/#primaryimage\",\"url\":\"https:\/\/www.polypoles.com\/wp-content\/uploads\/2023\/12\/PHOTO-2023-11-14-13-14-07.jpg\",\"contentUrl\":\"https:\/\/www.polypoles.com\/wp-content\/uploads\/2023\/12\/PHOTO-2023-11-14-13-14-07.jpg\",\"width\":640,\"height\":480},{\"@type\":\"BreadcrumbList\",\"@id\":\"https:\/\/www.polypoles.com\/es\/noticias\/nuestros-logros\/caldera-de-lena\/#breadcrumb\",\"itemListElement\":[{\"@type\":\"ListItem\",\"position\":1,\"name\":\"Home\",\"item\":\"https:\/\/www.polypoles.com\/es\/\"},{\"@type\":\"ListItem\",\"position\":2,\"name\":\"Noticias\",\"item\":\"https:\/\/www.polypoles.com\/es\/noticias\/\"},{\"@type\":\"ListItem\",\"position\":3,\"name\":\"Nuestros logros\",\"item\":\"https:\/\/www.polypoles.com\/es\/noticias\/nuestros-logros\/\"},{\"@type\":\"ListItem\",\"position\":4,\"name\":\"Caldera de le\u00f1a\"}]},{\"@type\":\"WebSite\",\"@id\":\"https:\/\/www.polypoles.com\/es\/#website\",\"url\":\"https:\/\/www.polypoles.com\/es\/\",\"name\":\"Polypoles\",\"description\":\"Votre partenaire chaud-froid\",\"publisher\":{\"@id\":\"https:\/\/www.polypoles.com\/es\/#organization\"},\"potentialAction\":[{\"@type\":\"SearchAction\",\"target\":{\"@type\":\"EntryPoint\",\"urlTemplate\":\"https:\/\/www.polypoles.com\/es\/?s={search_term_string}\"},\"query-input\":{\"@type\":\"PropertyValueSpecification\",\"valueRequired\":true,\"valueName\":\"search_term_string\"}}],\"inLanguage\":\"es\"},{\"@type\":\"Organization\",\"@id\":\"https:\/\/www.polypoles.com\/es\/#organization\",\"name\":\"Polypoles\",\"url\":\"https:\/\/www.polypoles.com\/es\/\",\"logo\":{\"@type\":\"ImageObject\",\"inLanguage\":\"es\",\"@id\":\"https:\/\/www.polypoles.com\/es\/#\/schema\/logo\/image\/\",\"url\":\"https:\/\/www.polypoles.com\/wp-content\/uploads\/2024\/06\/base-25-cm-300-DPI-scaled.jpg\",\"contentUrl\":\"https:\/\/www.polypoles.com\/wp-content\/uploads\/2024\/06\/base-25-cm-300-DPI-scaled.jpg\",\"width\":2560,\"height\":497,\"caption\":\"Polypoles\"},\"image\":{\"@id\":\"https:\/\/www.polypoles.com\/es\/#\/schema\/logo\/image\/\"}}]}<\/script>\n<!-- \/ Yoast SEO plugin. -->","yoast_head_json":{"title":"Caldera de le\u00f1a | Funcionamiento - Principio - Ventajas | Presupuesto gratuito","description":"Instalaci\u00f3n de un sistema de calefacci\u00f3n de le\u00f1a en un ayuntamiento. Polypoles, el profesional de la calefacci\u00f3n de le\u00f1a o pellets.","robots":{"index":"index","follow":"follow","max-snippet":"max-snippet:-1","max-image-preview":"max-image-preview:large","max-video-preview":"max-video-preview:-1"},"canonical":"https:\/\/www.polypoles.com\/es\/noticias\/nuestros-logros\/caldera-de-lena\/","og_locale":"es_ES","og_type":"article","og_title":"Caldera de le\u00f1a | Funcionamiento - Principio - Ventajas | Presupuesto gratuito","og_description":"Instalaci\u00f3n de un sistema de calefacci\u00f3n de le\u00f1a en un ayuntamiento. Polypoles, el profesional de la calefacci\u00f3n de le\u00f1a o pellets.","og_url":"https:\/\/www.polypoles.com\/es\/noticias\/nuestros-logros\/caldera-de-lena\/","og_site_name":"Polypoles","article_modified_time":"2025-05-12T14:21:01+00:00","og_image":[{"width":640,"height":480,"url":"https:\/\/www.polypoles.com\/wp-content\/uploads\/2023\/12\/PHOTO-2023-11-14-13-14-07.jpg","type":"image\/jpeg"}],"twitter_card":"summary_large_image","twitter_misc":{"Tiempo de lectura":"6 minutos"},"schema":{"@context":"https:\/\/schema.org","@graph":[{"@type":"WebPage","@id":"https:\/\/www.polypoles.com\/es\/noticias\/nuestros-logros\/caldera-de-lena\/","url":"https:\/\/www.polypoles.com\/es\/noticias\/nuestros-logros\/caldera-de-lena\/","name":"Caldera de le\u00f1a | Funcionamiento - Principio - Ventajas | Presupuesto gratuito","isPartOf":{"@id":"https:\/\/www.polypoles.com\/es\/#website"},"primaryImageOfPage":{"@id":"https:\/\/www.polypoles.com\/es\/noticias\/nuestros-logros\/caldera-de-lena\/#primaryimage"},"image":{"@id":"https:\/\/www.polypoles.com\/es\/noticias\/nuestros-logros\/caldera-de-lena\/#primaryimage"},"thumbnailUrl":"https:\/\/www.polypoles.com\/wp-content\/uploads\/2023\/12\/PHOTO-2023-11-14-13-14-07.jpg","datePublished":"2023-12-13T15:13:54+00:00","dateModified":"2025-05-12T14:21:01+00:00","description":"Instalaci\u00f3n de un sistema de calefacci\u00f3n de le\u00f1a en un ayuntamiento. Polypoles, el profesional de la calefacci\u00f3n de le\u00f1a o pellets.","breadcrumb":{"@id":"https:\/\/www.polypoles.com\/es\/noticias\/nuestros-logros\/caldera-de-lena\/#breadcrumb"},"inLanguage":"es","potentialAction":[{"@type":"ReadAction","target":["https:\/\/www.polypoles.com\/es\/noticias\/nuestros-logros\/caldera-de-lena\/"]}]},{"@type":"ImageObject","inLanguage":"es","@id":"https:\/\/www.polypoles.com\/es\/noticias\/nuestros-logros\/caldera-de-lena\/#primaryimage","url":"https:\/\/www.polypoles.com\/wp-content\/uploads\/2023\/12\/PHOTO-2023-11-14-13-14-07.jpg","contentUrl":"https:\/\/www.polypoles.com\/wp-content\/uploads\/2023\/12\/PHOTO-2023-11-14-13-14-07.jpg","width":640,"height":480},{"@type":"BreadcrumbList","@id":"https:\/\/www.polypoles.com\/es\/noticias\/nuestros-logros\/caldera-de-lena\/#breadcrumb","itemListElement":[{"@type":"ListItem","position":1,"name":"Home","item":"https:\/\/www.polypoles.com\/es\/"},{"@type":"ListItem","position":2,"name":"Noticias","item":"https:\/\/www.polypoles.com\/es\/noticias\/"},{"@type":"ListItem","position":3,"name":"Nuestros logros","item":"https:\/\/www.polypoles.com\/es\/noticias\/nuestros-logros\/"},{"@type":"ListItem","position":4,"name":"Caldera de le\u00f1a"}]},{"@type":"WebSite","@id":"https:\/\/www.polypoles.com\/es\/#website","url":"https:\/\/www.polypoles.com\/es\/","name":"Polypoles","description":"Votre partenaire chaud-froid","publisher":{"@id":"https:\/\/www.polypoles.com\/es\/#organization"},"potentialAction":[{"@type":"SearchAction","target":{"@type":"EntryPoint","urlTemplate":"https:\/\/www.polypoles.com\/es\/?s={search_term_string}"},"query-input":{"@type":"PropertyValueSpecification","valueRequired":true,"valueName":"search_term_string"}}],"inLanguage":"es"},{"@type":"Organization","@id":"https:\/\/www.polypoles.com\/es\/#organization","name":"Polypoles","url":"https:\/\/www.polypoles.com\/es\/","logo":{"@type":"ImageObject","inLanguage":"es","@id":"https:\/\/www.polypoles.com\/es\/#\/schema\/logo\/image\/","url":"https:\/\/www.polypoles.com\/wp-content\/uploads\/2024\/06\/base-25-cm-300-DPI-scaled.jpg","contentUrl":"https:\/\/www.polypoles.com\/wp-content\/uploads\/2024\/06\/base-25-cm-300-DPI-scaled.jpg","width":2560,"height":497,"caption":"Polypoles"},"image":{"@id":"https:\/\/www.polypoles.com\/es\/#\/schema\/logo\/image\/"}}]}},"_links":{"self":[{"href":"https:\/\/www.polypoles.com\/es\/wp-json\/wp\/v2\/pages\/24493","targetHints":{"allow":["GET"]}}],"collection":[{"href":"https:\/\/www.polypoles.com\/es\/wp-json\/wp\/v2\/pages"}],"about":[{"href":"https:\/\/www.polypoles.com\/es\/wp-json\/wp\/v2\/types\/page"}],"author":[{"embeddable":true,"href":"https:\/\/www.polypoles.com\/es\/wp-json\/wp\/v2\/users\/3"}],"replies":[{"embeddable":true,"href":"https:\/\/www.polypoles.com\/es\/wp-json\/wp\/v2\/comments?post=24493"}],"version-history":[{"count":7,"href":"https:\/\/www.polypoles.com\/es\/wp-json\/wp\/v2\/pages\/24493\/revisions"}],"predecessor-version":[{"id":29541,"href":"https:\/\/www.polypoles.com\/es\/wp-json\/wp\/v2\/pages\/24493\/revisions\/29541"}],"up":[{"embeddable":true,"href":"https:\/\/www.polypoles.com\/es\/wp-json\/wp\/v2\/pages\/25139"}],"wp:featuredmedia":[{"embeddable":true,"href":"https:\/\/www.polypoles.com\/es\/wp-json\/wp\/v2\/media\/19646"}],"wp:attachment":[{"href":"https:\/\/www.polypoles.com\/es\/wp-json\/wp\/v2\/media?parent=24493"}],"wp:term":[{"taxonomy":"post_tag","embeddable":true,"href":"https:\/\/www.polypoles.com\/es\/wp-json\/wp\/v2\/tags?post=24493"}],"curies":[{"name":"wp","href":"https:\/\/api.w.org\/{rel}","templated":true}]}}